{"id":18311,"date":"2026-02-19T13:49:25","date_gmt":"2026-02-19T13:49:25","guid":{"rendered":"https:\/\/saiga.es\/producte\/masque-rond-pour-apiculteur\/"},"modified":"2026-02-19T13:56:59","modified_gmt":"2026-02-19T13:56:59","slug":"masque-rond-pour-apiculteur","status":"publish","type":"product","link":"https:\/\/saiga.es\/fr\/produit\/masque-rond-pour-apiculteur\/","title":{"rendered":"Masque rond pour apiculteur"},"content":{"rendered":"<p>Le masque d&rsquo;apiculteur rond est un \u00e9l\u00e9ment essentiel de votre \u00e9quipement de protection apicole. Con\u00e7u pour offrir s\u00e9curit\u00e9, visibilit\u00e9 et confort lors de l&rsquo;inspection de vos ruches, il est fabriqu\u00e9 \u00e0 partir de mat\u00e9riaux r\u00e9sistants et l\u00e9gers. Ce masque constitue une barri\u00e8re fiable contre les abeilles et autres insectes, vous permettant de travailler en toute s\u00e9r\u00e9nit\u00e9. Sa forme ronde avec manchon translucide garantit une vision large et confortable des cadres, facilitant tous vos mouvements sans obstruer votre champ de vision. De plus, il est facile \u00e0 ajuster et s&rsquo;adapte \u00e0 diff\u00e9rentes tailles de t\u00eate, ce qui en fait un accessoire polyvalent pour les apiculteurs de tous niveaux. Ce masque s&rsquo;int\u00e8gre parfaitement au reste de l&rsquo;\u00e9quipement apicole, comme les combinaisons et les gants, pour vous assurer une protection compl\u00e8te lors de vos inspections et manipulations de ruches. Id\u00e9al pour les apiculteurs amateurs et professionnels.     <\/p>\n","protected":false},"excerpt":{"rendered":"<p>Le masque rond d&rsquo;apiculteur est un \u00e9l\u00e9ment essentiel de votre \u00e9quipement de protection apicole, con\u00e7u pour offrir s\u00e9curit\u00e9, visibilit\u00e9 et confort lors des inspections de vos ruches.<\/p>\n","protected":false},"featured_media":18308,"comment_status":"closed","ping_status":"closed","template":"","meta":[],"product_brand":[],"product_cat":[2368],"product_tag":[],"class_list":{"0":"post-18311","1":"product","2":"type-product","3":"status-publish","4":"has-post-thumbnail","6":"product_cat-abeilles","8":"first","9":"instock","10":"taxable","11":"shipping-taxable","12":"purchasable","13":"product-type-simple"},"yoast_head":"<!-- This site is optimized with the Yoast SEO plugin v27.4 - https:\/\/yoast.com\/product\/yoast-seo-wordpress\/ -->\n<title>Masque rond pour apiculteur | SAIGA<\/title>\n<meta name=\"description\" content=\"Masque d&#039;apiculteur rond offrant un large champ de vision et une protection efficace. Mat\u00e9riau l\u00e9ger et r\u00e9sistant pour travailler en toute s\u00e9curit\u00e9 \u00e0 l&#039;int\u00e9rieur de la ruche.\" \/>\n<meta name=\"robots\" content=\"index, follow, max-snippet:-1, max-image-preview:large, max-video-preview:-1\" \/>\n<link rel=\"canonical\" href=\"https:\/\/saiga.es\/fr\/produit\/masque-rond-pour-apiculteur\/\" \/>\n<meta property=\"og:locale\" content=\"fr_FR\" \/>\n<meta property=\"og:type\" content=\"article\" \/>\n<meta property=\"og:title\" content=\"Masque rond pour apiculteur | SAIGA\" \/>\n<meta property=\"og:description\" content=\"Masque d&#039;apiculteur rond offrant un large champ de vision et une protection efficace. Mat\u00e9riau l\u00e9ger et r\u00e9sistant pour travailler en toute s\u00e9curit\u00e9 \u00e0 l&#039;int\u00e9rieur de la ruche.\" \/>\n<meta property=\"og:url\" content=\"https:\/\/saiga.es\/fr\/produit\/masque-rond-pour-apiculteur\/\" \/>\n<meta property=\"og:site_name\" content=\"SAIGA\" \/>\n<meta property=\"article:modified_time\" content=\"2026-02-19T13:56:59+00:00\" \/>\n<meta property=\"og:image\" content=\"https:\/\/saiga.es\/wp-content\/uploads\/2026\/02\/Careta-rodona-apicultura.jpg\" \/>\n\t<meta property=\"og:image:width\" content=\"1080\" \/>\n\t<meta property=\"og:image:height\" content=\"1080\" \/>\n\t<meta property=\"og:image:type\" content=\"image\/jpeg\" \/>\n<meta name=\"twitter:card\" content=\"summary_large_image\" \/>\n<meta name=\"twitter:site\" content=\"@saiga_agro\" \/>\n<meta name=\"twitter:label1\" content=\"Dur\u00e9e de lecture estim\u00e9e\" \/>\n\t<meta name=\"twitter:data1\" content=\"1 minute\" \/>\n<script type=\"application\/ld+json\" class=\"yoast-schema-graph\">{\"@context\":\"https:\\\/\\\/schema.org\",\"@graph\":[{\"@type\":\"WebPage\",\"@id\":\"https:\\\/\\\/saiga.es\\\/fr\\\/produit\\\/masque-rond-pour-apiculteur\\\/\",\"url\":\"https:\\\/\\\/saiga.es\\\/fr\\\/produit\\\/masque-rond-pour-apiculteur\\\/\",\"name\":\"Masque rond pour apiculteur | SAIGA\",\"isPartOf\":{\"@id\":\"https:\\\/\\\/saiga.es\\\/fr\\\/#website\"},\"primaryImageOfPage\":{\"@id\":\"https:\\\/\\\/saiga.es\\\/fr\\\/produit\\\/masque-rond-pour-apiculteur\\\/#primaryimage\"},\"image\":{\"@id\":\"https:\\\/\\\/saiga.es\\\/fr\\\/produit\\\/masque-rond-pour-apiculteur\\\/#primaryimage\"},\"thumbnailUrl\":\"https:\\\/\\\/saiga.es\\\/wp-content\\\/uploads\\\/2026\\\/02\\\/Careta-rodona-apicultura.jpg\",\"datePublished\":\"2026-02-19T13:49:25+00:00\",\"dateModified\":\"2026-02-19T13:56:59+00:00\",\"description\":\"Masque d'apiculteur rond offrant un large champ de vision et une protection efficace. Mat\u00e9riau l\u00e9ger et r\u00e9sistant pour travailler en toute s\u00e9curit\u00e9 \u00e0 l'int\u00e9rieur de la ruche.\",\"breadcrumb\":{\"@id\":\"https:\\\/\\\/saiga.es\\\/fr\\\/produit\\\/masque-rond-pour-apiculteur\\\/#breadcrumb\"},\"inLanguage\":\"fr-FR\",\"potentialAction\":[{\"@type\":\"ReadAction\",\"target\":[\"https:\\\/\\\/saiga.es\\\/fr\\\/produit\\\/masque-rond-pour-apiculteur\\\/\"]}]},{\"@type\":\"ImageObject\",\"inLanguage\":\"fr-FR\",\"@id\":\"https:\\\/\\\/saiga.es\\\/fr\\\/produit\\\/masque-rond-pour-apiculteur\\\/#primaryimage\",\"url\":\"https:\\\/\\\/saiga.es\\\/wp-content\\\/uploads\\\/2026\\\/02\\\/Careta-rodona-apicultura.jpg\",\"contentUrl\":\"https:\\\/\\\/saiga.es\\\/wp-content\\\/uploads\\\/2026\\\/02\\\/Careta-rodona-apicultura.jpg\",\"width\":1080,\"height\":1080,\"caption\":\"Masque rond pour apiculteur\"},{\"@type\":\"BreadcrumbList\",\"@id\":\"https:\\\/\\\/saiga.es\\\/fr\\\/produit\\\/masque-rond-pour-apiculteur\\\/#breadcrumb\",\"itemListElement\":[{\"@type\":\"ListItem\",\"position\":1,\"name\":\"Inici\",\"item\":\"https:\\\/\\\/saiga.es\\\/fr\\\/\"},{\"@type\":\"ListItem\",\"position\":2,\"name\":\"boutique\",\"item\":\"https:\\\/\\\/saiga.es\\\/fr\\\/boutique\\\/\"},{\"@type\":\"ListItem\",\"position\":3,\"name\":\"Masque rond pour apiculteur\"}]},{\"@type\":\"WebSite\",\"@id\":\"https:\\\/\\\/saiga.es\\\/fr\\\/#website\",\"url\":\"https:\\\/\\\/saiga.es\\\/fr\\\/\",\"name\":\"SAIGA\",\"description\":\"M\u00e9s de 50 anys al servei de la terra i treballant per a un \u00fas eficient de l\u2019aigua!\",\"publisher\":{\"@id\":\"https:\\\/\\\/saiga.es\\\/fr\\\/#organization\"},\"potentialAction\":[{\"@type\":\"SearchAction\",\"target\":{\"@type\":\"EntryPoint\",\"urlTemplate\":\"https:\\\/\\\/saiga.es\\\/fr\\\/?s={search_term_string}\"},\"query-input\":{\"@type\":\"PropertyValueSpecification\",\"valueRequired\":true,\"valueName\":\"search_term_string\"}}],\"inLanguage\":\"fr-FR\"},{\"@type\":\"Organization\",\"@id\":\"https:\\\/\\\/saiga.es\\\/fr\\\/#organization\",\"name\":\"SAIGA\",\"url\":\"https:\\\/\\\/saiga.es\\\/fr\\\/\",\"logo\":{\"@type\":\"ImageObject\",\"inLanguage\":\"fr-FR\",\"@id\":\"https:\\\/\\\/saiga.es\\\/fr\\\/#\\\/schema\\\/logo\\\/image\\\/\",\"url\":\"https:\\\/\\\/saiga.es\\\/wp-content\\\/uploads\\\/2025\\\/07\\\/logo_saiga_baseline_optimitzat.svg\",\"contentUrl\":\"https:\\\/\\\/saiga.es\\\/wp-content\\\/uploads\\\/2025\\\/07\\\/logo_saiga_baseline_optimitzat.svg\",\"caption\":\"SAIGA\"},\"image\":{\"@id\":\"https:\\\/\\\/saiga.es\\\/fr\\\/#\\\/schema\\\/logo\\\/image\\\/\"},\"sameAs\":[\"https:\\\/\\\/x.com\\\/saiga_agro\",\"https:\\\/\\\/www.instagram.com\\\/saiga_agro\\\/\"]}]}<\/script>\n<!-- \/ Yoast SEO plugin. -->","yoast_head_json":{"title":"Masque rond pour apiculteur | SAIGA","description":"Masque d'apiculteur rond offrant un large champ de vision et une protection efficace. Mat\u00e9riau l\u00e9ger et r\u00e9sistant pour travailler en toute s\u00e9curit\u00e9 \u00e0 l'int\u00e9rieur de la ruche.","robots":{"index":"index","follow":"follow","max-snippet":"max-snippet:-1","max-image-preview":"max-image-preview:large","max-video-preview":"max-video-preview:-1"},"canonical":"https:\/\/saiga.es\/fr\/produit\/masque-rond-pour-apiculteur\/","og_locale":"fr_FR","og_type":"article","og_title":"Masque rond pour apiculteur | SAIGA","og_description":"Masque d'apiculteur rond offrant un large champ de vision et une protection efficace. Mat\u00e9riau l\u00e9ger et r\u00e9sistant pour travailler en toute s\u00e9curit\u00e9 \u00e0 l'int\u00e9rieur de la ruche.","og_url":"https:\/\/saiga.es\/fr\/produit\/masque-rond-pour-apiculteur\/","og_site_name":"SAIGA","article_modified_time":"2026-02-19T13:56:59+00:00","og_image":[{"width":1080,"height":1080,"url":"https:\/\/saiga.es\/wp-content\/uploads\/2026\/02\/Careta-rodona-apicultura.jpg","type":"image\/jpeg"}],"twitter_card":"summary_large_image","twitter_site":"@saiga_agro","twitter_misc":{"Dur\u00e9e de lecture estim\u00e9e":"1 minute"},"schema":{"@context":"https:\/\/schema.org","@graph":[{"@type":"WebPage","@id":"https:\/\/saiga.es\/fr\/produit\/masque-rond-pour-apiculteur\/","url":"https:\/\/saiga.es\/fr\/produit\/masque-rond-pour-apiculteur\/","name":"Masque rond pour apiculteur | SAIGA","isPartOf":{"@id":"https:\/\/saiga.es\/fr\/#website"},"primaryImageOfPage":{"@id":"https:\/\/saiga.es\/fr\/produit\/masque-rond-pour-apiculteur\/#primaryimage"},"image":{"@id":"https:\/\/saiga.es\/fr\/produit\/masque-rond-pour-apiculteur\/#primaryimage"},"thumbnailUrl":"https:\/\/saiga.es\/wp-content\/uploads\/2026\/02\/Careta-rodona-apicultura.jpg","datePublished":"2026-02-19T13:49:25+00:00","dateModified":"2026-02-19T13:56:59+00:00","description":"Masque d'apiculteur rond offrant un large champ de vision et une protection efficace. Mat\u00e9riau l\u00e9ger et r\u00e9sistant pour travailler en toute s\u00e9curit\u00e9 \u00e0 l'int\u00e9rieur de la ruche.","breadcrumb":{"@id":"https:\/\/saiga.es\/fr\/produit\/masque-rond-pour-apiculteur\/#breadcrumb"},"inLanguage":"fr-FR","potentialAction":[{"@type":"ReadAction","target":["https:\/\/saiga.es\/fr\/produit\/masque-rond-pour-apiculteur\/"]}]},{"@type":"ImageObject","inLanguage":"fr-FR","@id":"https:\/\/saiga.es\/fr\/produit\/masque-rond-pour-apiculteur\/#primaryimage","url":"https:\/\/saiga.es\/wp-content\/uploads\/2026\/02\/Careta-rodona-apicultura.jpg","contentUrl":"https:\/\/saiga.es\/wp-content\/uploads\/2026\/02\/Careta-rodona-apicultura.jpg","width":1080,"height":1080,"caption":"Masque rond pour apiculteur"},{"@type":"BreadcrumbList","@id":"https:\/\/saiga.es\/fr\/produit\/masque-rond-pour-apiculteur\/#breadcrumb","itemListElement":[{"@type":"ListItem","position":1,"name":"Inici","item":"https:\/\/saiga.es\/fr\/"},{"@type":"ListItem","position":2,"name":"boutique","item":"https:\/\/saiga.es\/fr\/boutique\/"},{"@type":"ListItem","position":3,"name":"Masque rond pour apiculteur"}]},{"@type":"WebSite","@id":"https:\/\/saiga.es\/fr\/#website","url":"https:\/\/saiga.es\/fr\/","name":"SAIGA","description":"M\u00e9s de 50 anys al servei de la terra i treballant per a un \u00fas eficient de l\u2019aigua!","publisher":{"@id":"https:\/\/saiga.es\/fr\/#organization"},"potentialAction":[{"@type":"SearchAction","target":{"@type":"EntryPoint","urlTemplate":"https:\/\/saiga.es\/fr\/?s={search_term_string}"},"query-input":{"@type":"PropertyValueSpecification","valueRequired":true,"valueName":"search_term_string"}}],"inLanguage":"fr-FR"},{"@type":"Organization","@id":"https:\/\/saiga.es\/fr\/#organization","name":"SAIGA","url":"https:\/\/saiga.es\/fr\/","logo":{"@type":"ImageObject","inLanguage":"fr-FR","@id":"https:\/\/saiga.es\/fr\/#\/schema\/logo\/image\/","url":"https:\/\/saiga.es\/wp-content\/uploads\/2025\/07\/logo_saiga_baseline_optimitzat.svg","contentUrl":"https:\/\/saiga.es\/wp-content\/uploads\/2025\/07\/logo_saiga_baseline_optimitzat.svg","caption":"SAIGA"},"image":{"@id":"https:\/\/saiga.es\/fr\/#\/schema\/logo\/image\/"},"sameAs":["https:\/\/x.com\/saiga_agro","https:\/\/www.instagram.com\/saiga_agro\/"]}]}},"_links":{"self":[{"href":"https:\/\/saiga.es\/fr\/wp-json\/wp\/v2\/product\/18311","targetHints":{"allow":["GET"]}}],"collection":[{"href":"https:\/\/saiga.es\/fr\/wp-json\/wp\/v2\/product"}],"about":[{"href":"https:\/\/saiga.es\/fr\/wp-json\/wp\/v2\/types\/product"}],"replies":[{"embeddable":true,"href":"https:\/\/saiga.es\/fr\/wp-json\/wp\/v2\/comments?post=18311"}],"wp:featuredmedia":[{"embeddable":true,"href":"https:\/\/saiga.es\/fr\/wp-json\/wp\/v2\/media\/18308"}],"wp:attachment":[{"href":"https:\/\/saiga.es\/fr\/wp-json\/wp\/v2\/media?parent=18311"}],"wp:term":[{"taxonomy":"product_brand","embeddable":true,"href":"https:\/\/saiga.es\/fr\/wp-json\/wp\/v2\/product_brand?post=18311"},{"taxonomy":"product_cat","embeddable":true,"href":"https:\/\/saiga.es\/fr\/wp-json\/wp\/v2\/product_cat?post=18311"},{"taxonomy":"product_tag","embeddable":true,"href":"https:\/\/saiga.es\/fr\/wp-json\/wp\/v2\/product_tag?post=18311"}],"curies":[{"name":"wp","href":"https:\/\/api.w.org\/{rel}","templated":true}]}}