{"id":18330,"date":"2026-03-05T09:32:58","date_gmt":"2026-03-05T09:32:58","guid":{"rendered":"https:\/\/saiga.es\/producte\/asir-fruit-mycorhizes-trichoderma-et-bacteries-pour-arbres-fruitiers\/"},"modified":"2026-03-05T09:32:58","modified_gmt":"2026-03-05T09:32:58","slug":"asir-fruit-mycorhizes-trichoderma-et-bacteries-pour-arbres-fruitiers","status":"publish","type":"product","link":"https:\/\/saiga.es\/fr\/produit\/asir-fruit-mycorhizes-trichoderma-et-bacteries-pour-arbres-fruitiers\/","title":{"rendered":"Asir Fruit \u2013 Mycorhizes, Trichoderma et bact\u00e9ries pour arbres fruitiers"},"content":{"rendered":"<p data-start=\"302\" data-end=\"710\">Asir Fruit est un biofertilisant en comprim\u00e9s contenant des micro-organismes b\u00e9n\u00e9fiques, sp\u00e9cialement con\u00e7u pour la plantation et la transplantation d&rsquo;arbres fruitiers. Sa formule associe des mycorhizes arbusculaires, du trichoderma et des bact\u00e9ries de la rhizosph\u00e8re, qui am\u00e9liorent l&rsquo;enracinement, la nutrition et la r\u00e9sistance des plants d\u00e8s leur germination. <\/p>\n<p data-start=\"712\" data-end=\"909\">Ce produit s&rsquo;applique directement dans le trou de plantation, facilitant une colonisation racinaire rapide et optimisant l&rsquo;absorption des nutriments et de l&rsquo;eau.<\/p>\n<h2 data-start=\"916\" data-end=\"941\">Bienfaits du fruit Asir<\/h2>\n<p data-start=\"943\" data-end=\"1016\">L&rsquo;application d&rsquo;Asir Fruit offre de multiples avantages pour les cultures fruiti\u00e8res :<\/p>\n<p>&#8211; Am\u00e9liore le d\u00e9veloppement racinaire et l&rsquo;implantation des plantes<\/p>\n<p data-start=\"1096\" data-end=\"1155\">&#8211; Augmente la production et la rentabilit\u00e9 des cultures<\/p>\n<p data-start=\"1158\" data-end=\"1233\">&#8211; Am\u00e9liore la qualit\u00e9 des fruits (antioxydants et vitamines)<\/p>\n<p data-start=\"1236\" data-end=\"1313\">&#8211; Optimise l&rsquo;utilisation de l&rsquo;eau et augmente la tol\u00e9rance au stress hydrique<\/p>\n<p data-start=\"1316\" data-end=\"1406\">&#8211; R\u00e9duit le besoin en engrais gr\u00e2ce \u00e0 une meilleure absorption des nutriments<\/p>\n<p data-start=\"1409\" data-end=\"1480\">&#8211; Augmente la r\u00e9sistance aux pathog\u00e8nes du sol et au stress environnemental<\/p>\n<p data-start=\"1483\" data-end=\"1586\">&#8211; Am\u00e9liore la fertilit\u00e9 du sol et l&rsquo;activit\u00e9 microbiologique<\/p>\n<h2 data-start=\"2040\" data-end=\"2059\">Mode d&rsquo;application<\/h2>\n<ul data-start=\"2061\" data-end=\"2244\">\n<li data-start=\"2061\" data-end=\"2107\">\n<p data-start=\"2063\" data-end=\"2107\">Dose recommand\u00e9e : 1 comprim\u00e9 par plante<\/p>\n<\/li>\n<li data-start=\"2108\" data-end=\"2244\">\n<p data-start=\"2110\" data-end=\"2244\">Application : placer directement dans le trou de transplantation, au contact des racines.<\/p>\n<\/li>\n<\/ul>\n<h2 data-start=\"2251\" data-end=\"2284\">Pour quelles cultures est-il recommand\u00e9 ?<\/h2>\n<p data-start=\"2286\" data-end=\"2329\">Le fruit Asir est particuli\u00e8rement indiqu\u00e9 pour :<\/p>\n<ul data-start=\"2331\" data-end=\"2410\">\n<li data-start=\"2331\" data-end=\"2348\">\n<p data-start=\"2333\" data-end=\"2348\">arbres fruitiers<\/p>\n<\/li>\n<li data-start=\"2349\" data-end=\"2356\">\n<p data-start=\"2351\" data-end=\"2356\">vigne<\/p>\n<\/li>\n<li data-start=\"2357\" data-end=\"2380\">\n<p data-start=\"2359\" data-end=\"2380\">plantations ligneuses<\/p>\n<\/li>\n<li data-start=\"2381\" data-end=\"2410\">\n<p data-start=\"2383\" data-end=\"2410\">nouvelles plantations agricoles<\/p>\n<\/li>\n<\/ul>\n<p data-start=\"2412\" data-end=\"2499\">C&rsquo;est une solution id\u00e9ale pour am\u00e9liorer l&rsquo;enracinement et r\u00e9duire le stress li\u00e9 \u00e0 la transplantation.<\/p>\n","protected":false},"excerpt":{"rendered":"<p>Asir Fruit est un biofertilisant en comprim\u00e9s contenant des micro-organismes b\u00e9n\u00e9fiques sp\u00e9cialement con\u00e7us pour la plantation et la transplantation d&rsquo;arbres fruitiers.<\/p>\n","protected":false},"featured_media":18328,"comment_status":"closed","ping_status":"closed","template":"","meta":[],"product_brand":[],"product_cat":[1878],"product_tag":[],"class_list":{"0":"post-18330","1":"product","2":"type-product","3":"status-publish","4":"has-post-thumbnail","6":"product_cat-engrais-et-engrais","8":"first","9":"instock","10":"taxable","11":"shipping-taxable","12":"purchasable","13":"product-type-simple"},"yoast_head":"<!-- This site is optimized with the Yoast SEO plugin v27.4 - https:\/\/yoast.com\/product\/yoast-seo-wordpress\/ -->\n<title>Asir Fruit \u2013 Mycorhizes, Trichoderma et bact\u00e9ries pour arbres fruitiers | SAIGA<\/title>\n<meta name=\"description\" content=\"Biofertilisant \u00e0 base de mycorhizes, de Trichoderma et de bact\u00e9ries pour arbres fruitiers. Am\u00e9liore l&#039;enracinement, augmente la production et optimise l&#039;absorption d&#039;eau et de nutriments.\" \/>\n<meta name=\"robots\" content=\"index, follow, max-snippet:-1, max-image-preview:large, max-video-preview:-1\" \/>\n<link rel=\"canonical\" href=\"https:\/\/saiga.es\/fr\/produit\/asir-fruit-mycorhizes-trichoderma-et-bacteries-pour-arbres-fruitiers\/\" \/>\n<meta property=\"og:locale\" content=\"fr_FR\" \/>\n<meta property=\"og:type\" content=\"article\" \/>\n<meta property=\"og:title\" content=\"Asir Fruit \u2013 Mycorhizes, Trichoderma et bact\u00e9ries pour arbres fruitiers | SAIGA\" \/>\n<meta property=\"og:description\" content=\"Biofertilisant \u00e0 base de mycorhizes, de Trichoderma et de bact\u00e9ries pour arbres fruitiers. Am\u00e9liore l&#039;enracinement, augmente la production et optimise l&#039;absorption d&#039;eau et de nutriments.\" \/>\n<meta property=\"og:url\" content=\"https:\/\/saiga.es\/fr\/produit\/asir-fruit-mycorhizes-trichoderma-et-bacteries-pour-arbres-fruitiers\/\" \/>\n<meta property=\"og:site_name\" content=\"SAIGA\" \/>\n<meta property=\"og:image\" content=\"https:\/\/saiga.es\/wp-content\/uploads\/2026\/03\/Asir-fruit.jpg\" \/>\n\t<meta property=\"og:image:width\" content=\"1080\" \/>\n\t<meta property=\"og:image:height\" content=\"1080\" \/>\n\t<meta property=\"og:image:type\" content=\"image\/jpeg\" \/>\n<meta name=\"twitter:card\" content=\"summary_large_image\" \/>\n<meta name=\"twitter:site\" content=\"@saiga_agro\" \/>\n<meta name=\"twitter:label1\" content=\"Dur\u00e9e de lecture estim\u00e9e\" \/>\n\t<meta name=\"twitter:data1\" content=\"1 minute\" \/>\n<script type=\"application\/ld+json\" class=\"yoast-schema-graph\">{\"@context\":\"https:\\\/\\\/schema.org\",\"@graph\":[{\"@type\":\"WebPage\",\"@id\":\"https:\\\/\\\/saiga.es\\\/fr\\\/produit\\\/asir-fruit-mycorhizes-trichoderma-et-bacteries-pour-arbres-fruitiers\\\/\",\"url\":\"https:\\\/\\\/saiga.es\\\/fr\\\/produit\\\/asir-fruit-mycorhizes-trichoderma-et-bacteries-pour-arbres-fruitiers\\\/\",\"name\":\"Asir Fruit \u2013 Mycorhizes, Trichoderma et bact\u00e9ries pour arbres fruitiers | SAIGA\",\"isPartOf\":{\"@id\":\"https:\\\/\\\/saiga.es\\\/fr\\\/#website\"},\"primaryImageOfPage\":{\"@id\":\"https:\\\/\\\/saiga.es\\\/fr\\\/produit\\\/asir-fruit-mycorhizes-trichoderma-et-bacteries-pour-arbres-fruitiers\\\/#primaryimage\"},\"image\":{\"@id\":\"https:\\\/\\\/saiga.es\\\/fr\\\/produit\\\/asir-fruit-mycorhizes-trichoderma-et-bacteries-pour-arbres-fruitiers\\\/#primaryimage\"},\"thumbnailUrl\":\"https:\\\/\\\/saiga.es\\\/wp-content\\\/uploads\\\/2026\\\/03\\\/Asir-fruit.jpg\",\"datePublished\":\"2026-03-05T09:32:58+00:00\",\"description\":\"Biofertilisant \u00e0 base de mycorhizes, de Trichoderma et de bact\u00e9ries pour arbres fruitiers. Am\u00e9liore l'enracinement, augmente la production et optimise l'absorption d'eau et de nutriments.\",\"breadcrumb\":{\"@id\":\"https:\\\/\\\/saiga.es\\\/fr\\\/produit\\\/asir-fruit-mycorhizes-trichoderma-et-bacteries-pour-arbres-fruitiers\\\/#breadcrumb\"},\"inLanguage\":\"fr-FR\",\"potentialAction\":[{\"@type\":\"ReadAction\",\"target\":[\"https:\\\/\\\/saiga.es\\\/fr\\\/produit\\\/asir-fruit-mycorhizes-trichoderma-et-bacteries-pour-arbres-fruitiers\\\/\"]}]},{\"@type\":\"ImageObject\",\"inLanguage\":\"fr-FR\",\"@id\":\"https:\\\/\\\/saiga.es\\\/fr\\\/produit\\\/asir-fruit-mycorhizes-trichoderma-et-bacteries-pour-arbres-fruitiers\\\/#primaryimage\",\"url\":\"https:\\\/\\\/saiga.es\\\/wp-content\\\/uploads\\\/2026\\\/03\\\/Asir-fruit.jpg\",\"contentUrl\":\"https:\\\/\\\/saiga.es\\\/wp-content\\\/uploads\\\/2026\\\/03\\\/Asir-fruit.jpg\",\"width\":1080,\"height\":1080,\"caption\":\"Asir fruit\"},{\"@type\":\"BreadcrumbList\",\"@id\":\"https:\\\/\\\/saiga.es\\\/fr\\\/produit\\\/asir-fruit-mycorhizes-trichoderma-et-bacteries-pour-arbres-fruitiers\\\/#breadcrumb\",\"itemListElement\":[{\"@type\":\"ListItem\",\"position\":1,\"name\":\"Inici\",\"item\":\"https:\\\/\\\/saiga.es\\\/fr\\\/\"},{\"@type\":\"ListItem\",\"position\":2,\"name\":\"boutique\",\"item\":\"https:\\\/\\\/saiga.es\\\/fr\\\/boutique\\\/\"},{\"@type\":\"ListItem\",\"position\":3,\"name\":\"Asir Fruit \u2013 Mycorhizes, Trichoderma et bact\u00e9ries pour arbres fruitiers\"}]},{\"@type\":\"WebSite\",\"@id\":\"https:\\\/\\\/saiga.es\\\/fr\\\/#website\",\"url\":\"https:\\\/\\\/saiga.es\\\/fr\\\/\",\"name\":\"SAIGA\",\"description\":\"M\u00e9s de 50 anys al servei de la terra i treballant per a un \u00fas eficient de l\u2019aigua!\",\"publisher\":{\"@id\":\"https:\\\/\\\/saiga.es\\\/fr\\\/#organization\"},\"potentialAction\":[{\"@type\":\"SearchAction\",\"target\":{\"@type\":\"EntryPoint\",\"urlTemplate\":\"https:\\\/\\\/saiga.es\\\/fr\\\/?s={search_term_string}\"},\"query-input\":{\"@type\":\"PropertyValueSpecification\",\"valueRequired\":true,\"valueName\":\"search_term_string\"}}],\"inLanguage\":\"fr-FR\"},{\"@type\":\"Organization\",\"@id\":\"https:\\\/\\\/saiga.es\\\/fr\\\/#organization\",\"name\":\"SAIGA\",\"url\":\"https:\\\/\\\/saiga.es\\\/fr\\\/\",\"logo\":{\"@type\":\"ImageObject\",\"inLanguage\":\"fr-FR\",\"@id\":\"https:\\\/\\\/saiga.es\\\/fr\\\/#\\\/schema\\\/logo\\\/image\\\/\",\"url\":\"https:\\\/\\\/saiga.es\\\/wp-content\\\/uploads\\\/2025\\\/07\\\/logo_saiga_baseline_optimitzat.svg\",\"contentUrl\":\"https:\\\/\\\/saiga.es\\\/wp-content\\\/uploads\\\/2025\\\/07\\\/logo_saiga_baseline_optimitzat.svg\",\"caption\":\"SAIGA\"},\"image\":{\"@id\":\"https:\\\/\\\/saiga.es\\\/fr\\\/#\\\/schema\\\/logo\\\/image\\\/\"},\"sameAs\":[\"https:\\\/\\\/x.com\\\/saiga_agro\",\"https:\\\/\\\/www.instagram.com\\\/saiga_agro\\\/\"]}]}<\/script>\n<!-- \/ Yoast SEO plugin. -->","yoast_head_json":{"title":"Asir Fruit \u2013 Mycorhizes, Trichoderma et bact\u00e9ries pour arbres fruitiers | SAIGA","description":"Biofertilisant \u00e0 base de mycorhizes, de Trichoderma et de bact\u00e9ries pour arbres fruitiers. Am\u00e9liore l'enracinement, augmente la production et optimise l'absorption d'eau et de nutriments.","robots":{"index":"index","follow":"follow","max-snippet":"max-snippet:-1","max-image-preview":"max-image-preview:large","max-video-preview":"max-video-preview:-1"},"canonical":"https:\/\/saiga.es\/fr\/produit\/asir-fruit-mycorhizes-trichoderma-et-bacteries-pour-arbres-fruitiers\/","og_locale":"fr_FR","og_type":"article","og_title":"Asir Fruit \u2013 Mycorhizes, Trichoderma et bact\u00e9ries pour arbres fruitiers | SAIGA","og_description":"Biofertilisant \u00e0 base de mycorhizes, de Trichoderma et de bact\u00e9ries pour arbres fruitiers. Am\u00e9liore l'enracinement, augmente la production et optimise l'absorption d'eau et de nutriments.","og_url":"https:\/\/saiga.es\/fr\/produit\/asir-fruit-mycorhizes-trichoderma-et-bacteries-pour-arbres-fruitiers\/","og_site_name":"SAIGA","og_image":[{"width":1080,"height":1080,"url":"https:\/\/saiga.es\/wp-content\/uploads\/2026\/03\/Asir-fruit.jpg","type":"image\/jpeg"}],"twitter_card":"summary_large_image","twitter_site":"@saiga_agro","twitter_misc":{"Dur\u00e9e de lecture estim\u00e9e":"1 minute"},"schema":{"@context":"https:\/\/schema.org","@graph":[{"@type":"WebPage","@id":"https:\/\/saiga.es\/fr\/produit\/asir-fruit-mycorhizes-trichoderma-et-bacteries-pour-arbres-fruitiers\/","url":"https:\/\/saiga.es\/fr\/produit\/asir-fruit-mycorhizes-trichoderma-et-bacteries-pour-arbres-fruitiers\/","name":"Asir Fruit \u2013 Mycorhizes, Trichoderma et bact\u00e9ries pour arbres fruitiers | SAIGA","isPartOf":{"@id":"https:\/\/saiga.es\/fr\/#website"},"primaryImageOfPage":{"@id":"https:\/\/saiga.es\/fr\/produit\/asir-fruit-mycorhizes-trichoderma-et-bacteries-pour-arbres-fruitiers\/#primaryimage"},"image":{"@id":"https:\/\/saiga.es\/fr\/produit\/asir-fruit-mycorhizes-trichoderma-et-bacteries-pour-arbres-fruitiers\/#primaryimage"},"thumbnailUrl":"https:\/\/saiga.es\/wp-content\/uploads\/2026\/03\/Asir-fruit.jpg","datePublished":"2026-03-05T09:32:58+00:00","description":"Biofertilisant \u00e0 base de mycorhizes, de Trichoderma et de bact\u00e9ries pour arbres fruitiers. Am\u00e9liore l'enracinement, augmente la production et optimise l'absorption d'eau et de nutriments.","breadcrumb":{"@id":"https:\/\/saiga.es\/fr\/produit\/asir-fruit-mycorhizes-trichoderma-et-bacteries-pour-arbres-fruitiers\/#breadcrumb"},"inLanguage":"fr-FR","potentialAction":[{"@type":"ReadAction","target":["https:\/\/saiga.es\/fr\/produit\/asir-fruit-mycorhizes-trichoderma-et-bacteries-pour-arbres-fruitiers\/"]}]},{"@type":"ImageObject","inLanguage":"fr-FR","@id":"https:\/\/saiga.es\/fr\/produit\/asir-fruit-mycorhizes-trichoderma-et-bacteries-pour-arbres-fruitiers\/#primaryimage","url":"https:\/\/saiga.es\/wp-content\/uploads\/2026\/03\/Asir-fruit.jpg","contentUrl":"https:\/\/saiga.es\/wp-content\/uploads\/2026\/03\/Asir-fruit.jpg","width":1080,"height":1080,"caption":"Asir fruit"},{"@type":"BreadcrumbList","@id":"https:\/\/saiga.es\/fr\/produit\/asir-fruit-mycorhizes-trichoderma-et-bacteries-pour-arbres-fruitiers\/#breadcrumb","itemListElement":[{"@type":"ListItem","position":1,"name":"Inici","item":"https:\/\/saiga.es\/fr\/"},{"@type":"ListItem","position":2,"name":"boutique","item":"https:\/\/saiga.es\/fr\/boutique\/"},{"@type":"ListItem","position":3,"name":"Asir Fruit \u2013 Mycorhizes, Trichoderma et bact\u00e9ries pour arbres fruitiers"}]},{"@type":"WebSite","@id":"https:\/\/saiga.es\/fr\/#website","url":"https:\/\/saiga.es\/fr\/","name":"SAIGA","description":"M\u00e9s de 50 anys al servei de la terra i treballant per a un \u00fas eficient de l\u2019aigua!","publisher":{"@id":"https:\/\/saiga.es\/fr\/#organization"},"potentialAction":[{"@type":"SearchAction","target":{"@type":"EntryPoint","urlTemplate":"https:\/\/saiga.es\/fr\/?s={search_term_string}"},"query-input":{"@type":"PropertyValueSpecification","valueRequired":true,"valueName":"search_term_string"}}],"inLanguage":"fr-FR"},{"@type":"Organization","@id":"https:\/\/saiga.es\/fr\/#organization","name":"SAIGA","url":"https:\/\/saiga.es\/fr\/","logo":{"@type":"ImageObject","inLanguage":"fr-FR","@id":"https:\/\/saiga.es\/fr\/#\/schema\/logo\/image\/","url":"https:\/\/saiga.es\/wp-content\/uploads\/2025\/07\/logo_saiga_baseline_optimitzat.svg","contentUrl":"https:\/\/saiga.es\/wp-content\/uploads\/2025\/07\/logo_saiga_baseline_optimitzat.svg","caption":"SAIGA"},"image":{"@id":"https:\/\/saiga.es\/fr\/#\/schema\/logo\/image\/"},"sameAs":["https:\/\/x.com\/saiga_agro","https:\/\/www.instagram.com\/saiga_agro\/"]}]}},"_links":{"self":[{"href":"https:\/\/saiga.es\/fr\/wp-json\/wp\/v2\/product\/18330","targetHints":{"allow":["GET"]}}],"collection":[{"href":"https:\/\/saiga.es\/fr\/wp-json\/wp\/v2\/product"}],"about":[{"href":"https:\/\/saiga.es\/fr\/wp-json\/wp\/v2\/types\/product"}],"replies":[{"embeddable":true,"href":"https:\/\/saiga.es\/fr\/wp-json\/wp\/v2\/comments?post=18330"}],"wp:featuredmedia":[{"embeddable":true,"href":"https:\/\/saiga.es\/fr\/wp-json\/wp\/v2\/media\/18328"}],"wp:attachment":[{"href":"https:\/\/saiga.es\/fr\/wp-json\/wp\/v2\/media?parent=18330"}],"wp:term":[{"taxonomy":"product_brand","embeddable":true,"href":"https:\/\/saiga.es\/fr\/wp-json\/wp\/v2\/product_brand?post=18330"},{"taxonomy":"product_cat","embeddable":true,"href":"https:\/\/saiga.es\/fr\/wp-json\/wp\/v2\/product_cat?post=18330"},{"taxonomy":"product_tag","embeddable":true,"href":"https:\/\/saiga.es\/fr\/wp-json\/wp\/v2\/product_tag?post=18330"}],"curies":[{"name":"wp","href":"https:\/\/api.w.org\/{rel}","templated":true}]}}