{"id":18339,"date":"2026-03-05T12:31:51","date_gmt":"2026-03-05T12:31:51","guid":{"rendered":"https:\/\/saiga.es\/producte\/kit-de-demarrage-pour-irrigation-goutte-a-goutte-rain-bird\/"},"modified":"2026-03-05T12:31:51","modified_gmt":"2026-03-05T12:31:51","slug":"kit-de-demarrage-pour-irrigation-goutte-a-goutte-rain-bird","status":"publish","type":"product","link":"https:\/\/saiga.es\/fr\/produit\/kit-de-demarrage-pour-irrigation-goutte-a-goutte-rain-bird\/","title":{"rendered":"Kit de d\u00e9marrage pour irrigation goutte \u00e0 goutte Rain Bird"},"content":{"rendered":"<p data-start=\"337\" data-end=\"682\">Le kit de d\u00e9marrage pour irrigation goutte \u00e0 goutte Rain Bird est la solution id\u00e9ale pour installer facilement et efficacement un syst\u00e8me d&rsquo;irrigation goutte \u00e0 goutte dans votre potager ou votre jardin. Ce kit complet vous permet d&rsquo;arroser jusqu&rsquo;\u00e0 10 plantes gr\u00e2ce \u00e0 un syst\u00e8me qui optimise la consommation d&rsquo;eau et assure un apport constant et uniforme. <\/p>\n<p data-start=\"684\" data-end=\"857\">Il est con\u00e7u pour se raccorder directement \u00e0 un robinet d&rsquo;arrosage, ce qui en fait une option id\u00e9ale pour les jardins urbains, les jardins priv\u00e9s, les parterres de fleurs ou les plantes en pot.<\/p>\n<p data-start=\"859\" data-end=\"1030\">Le syst\u00e8me d&rsquo;irrigation goutte \u00e0 goutte Rain Bird contribue \u00e0 maintenir les plantes en bonne sant\u00e9 en apportant l&rsquo;eau directement aux racines, r\u00e9duisant ainsi l&rsquo;\u00e9vaporation et le gaspillage d&rsquo;eau.<\/p>\n<h2 data-start=\"1037\" data-end=\"1067\">Principales caract\u00e9ristiques<\/h2>\n<p data-start=\"1071\" data-end=\"1116\">Syst\u00e8me d&rsquo;irrigation goutte \u00e0 goutte efficace<\/p>\n<p data-start=\"1119\" data-end=\"1158\">Permet d&rsquo;arroser jusqu&rsquo;\u00e0 10 plantes<\/p>\n<p data-start=\"1161\" data-end=\"1200\">Comprend 30 m\u00e8tres de tuyau d&rsquo;irrigation<\/p>\n<p data-start=\"1203\" data-end=\"1247\">Raccordement direct au robinet d&rsquo;arrosage<\/p>\n<p data-start=\"1250\" data-end=\"1305\">Goutteurs avec un d\u00e9bit de 3,8 litres par heure (LPH)<\/p>\n<p data-start=\"1308\" data-end=\"1361\">Installation facile, id\u00e9ale pour les d\u00e9butants<\/p>\n<h2 data-start=\"1368\" data-end=\"1401\">Avantages de l&rsquo;irrigation goutte \u00e0 goutte<\/h2>\n<p data-start=\"1403\" data-end=\"1479\">L&rsquo;irrigation goutte \u00e0 goutte offre de multiples avantages par rapport \u00e0 l&rsquo;irrigation traditionnelle :<\/p>\n<ul data-start=\"1481\" data-end=\"1693\">\n<li data-start=\"1481\" data-end=\"1517\">\n<p data-start=\"1483\" data-end=\"1517\">Permet d&rsquo;\u00e9conomiser jusqu&rsquo;\u00e0 50 % d&rsquo;eau<\/p>\n<\/li>\n<li data-start=\"1518\" data-end=\"1559\">\n<p data-start=\"1520\" data-end=\"1559\">R\u00e9duit l&rsquo;\u00e9vaporation et le gaspillage<\/p>\n<\/li>\n<li data-start=\"1560\" data-end=\"1602\">\n<p data-start=\"1562\" data-end=\"1602\">Am\u00e9liore la croissance des plantes<\/p>\n<\/li>\n<li data-start=\"1603\" data-end=\"1646\">\n<p data-start=\"1605\" data-end=\"1646\">Mant\u00e9 el s\u00f2l amb una humitat constant<\/p>\n<\/li>\n<li data-start=\"1647\" data-end=\"1693\">\n<p data-start=\"1649\" data-end=\"1693\">\u00c9vitez l&rsquo;exc\u00e8s d&rsquo;eau et les maladies qui y sont associ\u00e9es.<\/p>\n<\/li>\n<\/ul>\n<h2 data-start=\"1700\" data-end=\"1714\">Id\u00e9al pour<\/h2>\n<p data-start=\"1716\" data-end=\"1779\">Ce kit d&rsquo;irrigation goutte \u00e0 goutte Rain Bird est id\u00e9al pour :<\/p>\n<ul data-start=\"1781\" data-end=\"1901\">\n<li data-start=\"1781\" data-end=\"1797\">\n<p data-start=\"1783\" data-end=\"1797\">jardins urbains<\/p>\n<\/li>\n<li data-start=\"1798\" data-end=\"1816\">\n<p data-start=\"1800\" data-end=\"1816\">petits jardins<\/p>\n<\/li>\n<li data-start=\"1817\" data-end=\"1843\">\n<p data-start=\"1819\" data-end=\"1843\">parterres de fleurs et jardini\u00e8res<\/p>\n<\/li>\n<li data-start=\"1844\" data-end=\"1864\">\n<p data-start=\"1846\" data-end=\"1864\">grandir en pot<\/p>\n<\/li>\n<li data-start=\"1865\" data-end=\"1901\">\n<p data-start=\"1867\" data-end=\"1901\">plantes ornementales ou horticoles<\/p>\n<\/li>\n<\/ul>\n<p data-start=\"1903\" data-end=\"2008\">C&rsquo;est une option pratique pour d\u00e9buter avec l&rsquo;irrigation goutte \u00e0 goutte automatique de mani\u00e8re simple et \u00e9conomique.<\/p>\n","protected":false},"excerpt":{"rendered":"<p>Le kit de d\u00e9marrage pour irrigation goutte \u00e0 goutte Rain Bird est la solution id\u00e9ale pour installer un syst\u00e8me d&rsquo;irrigation goutte \u00e0 goutte efficace et facile \u00e0 installer dans votre verger ou votre jardin.<\/p>\n","protected":false},"featured_media":18334,"comment_status":"closed","ping_status":"closed","template":"","meta":[],"product_brand":[],"product_cat":[2252,2153,2000],"product_tag":[],"class_list":{"0":"post-18339","1":"product","2":"type-product","3":"status-publish","4":"has-post-thumbnail","6":"product_cat-compte-gouttes","7":"product_cat-divers","8":"product_cat-tuyaux-dirrigation","10":"first","11":"instock","12":"taxable","13":"shipping-taxable","14":"purchasable","15":"product-type-simple"},"yoast_head":"<!-- This site is optimized with the Yoast SEO plugin v27.4 - https:\/\/yoast.com\/product\/yoast-seo-wordpress\/ -->\n<title>Kit de d\u00e9marrage pour irrigation goutte \u00e0 goutte Rain Bird | SAIGA<\/title>\n<meta name=\"description\" content=\"Kit de d\u00e9marrage pour syst\u00e8me d&#039;irrigation goutte \u00e0 goutte Rain Bird avec 30 m de tuyau et des goutteurs de 3,8 l\/h. Id\u00e9al pour arroser jusqu&#039;\u00e0 10 plantes dans un potager ou un jardin, tout en \u00e9conomisant l&#039;eau.\" \/>\n<meta name=\"robots\" content=\"index, follow, max-snippet:-1, max-image-preview:large, max-video-preview:-1\" \/>\n<link rel=\"canonical\" href=\"https:\/\/saiga.es\/fr\/produit\/kit-de-demarrage-pour-irrigation-goutte-a-goutte-rain-bird\/\" \/>\n<meta property=\"og:locale\" content=\"fr_FR\" \/>\n<meta property=\"og:type\" content=\"article\" \/>\n<meta property=\"og:title\" content=\"Kit de d\u00e9marrage pour irrigation goutte \u00e0 goutte Rain Bird | SAIGA\" \/>\n<meta property=\"og:description\" content=\"Kit de d\u00e9marrage pour syst\u00e8me d&#039;irrigation goutte \u00e0 goutte Rain Bird avec 30 m de tuyau et des goutteurs de 3,8 l\/h. Id\u00e9al pour arroser jusqu&#039;\u00e0 10 plantes dans un potager ou un jardin, tout en \u00e9conomisant l&#039;eau.\" \/>\n<meta property=\"og:url\" content=\"https:\/\/saiga.es\/fr\/produit\/kit-de-demarrage-pour-irrigation-goutte-a-goutte-rain-bird\/\" \/>\n<meta property=\"og:site_name\" content=\"SAIGA\" \/>\n<meta property=\"og:image\" content=\"https:\/\/saiga.es\/wp-content\/uploads\/2026\/03\/Kit-de-incio-riego-.jpg\" \/>\n\t<meta property=\"og:image:width\" content=\"1080\" \/>\n\t<meta property=\"og:image:height\" content=\"1080\" \/>\n\t<meta property=\"og:image:type\" content=\"image\/jpeg\" \/>\n<meta name=\"twitter:card\" content=\"summary_large_image\" \/>\n<meta name=\"twitter:site\" content=\"@saiga_agro\" \/>\n<meta name=\"twitter:label1\" content=\"Dur\u00e9e de lecture estim\u00e9e\" \/>\n\t<meta name=\"twitter:data1\" content=\"1 minute\" \/>\n<script type=\"application\/ld+json\" class=\"yoast-schema-graph\">{\"@context\":\"https:\\\/\\\/schema.org\",\"@graph\":[{\"@type\":\"WebPage\",\"@id\":\"https:\\\/\\\/saiga.es\\\/fr\\\/produit\\\/kit-de-demarrage-pour-irrigation-goutte-a-goutte-rain-bird\\\/\",\"url\":\"https:\\\/\\\/saiga.es\\\/fr\\\/produit\\\/kit-de-demarrage-pour-irrigation-goutte-a-goutte-rain-bird\\\/\",\"name\":\"Kit de d\u00e9marrage pour irrigation goutte \u00e0 goutte Rain Bird | SAIGA\",\"isPartOf\":{\"@id\":\"https:\\\/\\\/saiga.es\\\/fr\\\/#website\"},\"primaryImageOfPage\":{\"@id\":\"https:\\\/\\\/saiga.es\\\/fr\\\/produit\\\/kit-de-demarrage-pour-irrigation-goutte-a-goutte-rain-bird\\\/#primaryimage\"},\"image\":{\"@id\":\"https:\\\/\\\/saiga.es\\\/fr\\\/produit\\\/kit-de-demarrage-pour-irrigation-goutte-a-goutte-rain-bird\\\/#primaryimage\"},\"thumbnailUrl\":\"https:\\\/\\\/saiga.es\\\/wp-content\\\/uploads\\\/2026\\\/03\\\/Kit-de-incio-riego-.jpg\",\"datePublished\":\"2026-03-05T12:31:51+00:00\",\"description\":\"Kit de d\u00e9marrage pour syst\u00e8me d'irrigation goutte \u00e0 goutte Rain Bird avec 30 m de tuyau et des goutteurs de 3,8 l\\\/h. Id\u00e9al pour arroser jusqu'\u00e0 10 plantes dans un potager ou un jardin, tout en \u00e9conomisant l'eau.\",\"breadcrumb\":{\"@id\":\"https:\\\/\\\/saiga.es\\\/fr\\\/produit\\\/kit-de-demarrage-pour-irrigation-goutte-a-goutte-rain-bird\\\/#breadcrumb\"},\"inLanguage\":\"fr-FR\",\"potentialAction\":[{\"@type\":\"ReadAction\",\"target\":[\"https:\\\/\\\/saiga.es\\\/fr\\\/produit\\\/kit-de-demarrage-pour-irrigation-goutte-a-goutte-rain-bird\\\/\"]}]},{\"@type\":\"ImageObject\",\"inLanguage\":\"fr-FR\",\"@id\":\"https:\\\/\\\/saiga.es\\\/fr\\\/produit\\\/kit-de-demarrage-pour-irrigation-goutte-a-goutte-rain-bird\\\/#primaryimage\",\"url\":\"https:\\\/\\\/saiga.es\\\/wp-content\\\/uploads\\\/2026\\\/03\\\/Kit-de-incio-riego-.jpg\",\"contentUrl\":\"https:\\\/\\\/saiga.es\\\/wp-content\\\/uploads\\\/2026\\\/03\\\/Kit-de-incio-riego-.jpg\",\"width\":1080,\"height\":1080,\"caption\":\"Kit de d\u00e9marrage pour irrigation goutte \u00e0 goutte Rain Bird\"},{\"@type\":\"BreadcrumbList\",\"@id\":\"https:\\\/\\\/saiga.es\\\/fr\\\/produit\\\/kit-de-demarrage-pour-irrigation-goutte-a-goutte-rain-bird\\\/#breadcrumb\",\"itemListElement\":[{\"@type\":\"ListItem\",\"position\":1,\"name\":\"Inici\",\"item\":\"https:\\\/\\\/saiga.es\\\/fr\\\/\"},{\"@type\":\"ListItem\",\"position\":2,\"name\":\"boutique\",\"item\":\"https:\\\/\\\/saiga.es\\\/fr\\\/boutique\\\/\"},{\"@type\":\"ListItem\",\"position\":3,\"name\":\"Kit de d\u00e9marrage pour irrigation goutte \u00e0 goutte Rain Bird\"}]},{\"@type\":\"WebSite\",\"@id\":\"https:\\\/\\\/saiga.es\\\/fr\\\/#website\",\"url\":\"https:\\\/\\\/saiga.es\\\/fr\\\/\",\"name\":\"SAIGA\",\"description\":\"M\u00e9s de 50 anys al servei de la terra i treballant per a un \u00fas eficient de l\u2019aigua!\",\"publisher\":{\"@id\":\"https:\\\/\\\/saiga.es\\\/fr\\\/#organization\"},\"potentialAction\":[{\"@type\":\"SearchAction\",\"target\":{\"@type\":\"EntryPoint\",\"urlTemplate\":\"https:\\\/\\\/saiga.es\\\/fr\\\/?s={search_term_string}\"},\"query-input\":{\"@type\":\"PropertyValueSpecification\",\"valueRequired\":true,\"valueName\":\"search_term_string\"}}],\"inLanguage\":\"fr-FR\"},{\"@type\":\"Organization\",\"@id\":\"https:\\\/\\\/saiga.es\\\/fr\\\/#organization\",\"name\":\"SAIGA\",\"url\":\"https:\\\/\\\/saiga.es\\\/fr\\\/\",\"logo\":{\"@type\":\"ImageObject\",\"inLanguage\":\"fr-FR\",\"@id\":\"https:\\\/\\\/saiga.es\\\/fr\\\/#\\\/schema\\\/logo\\\/image\\\/\",\"url\":\"https:\\\/\\\/saiga.es\\\/wp-content\\\/uploads\\\/2025\\\/07\\\/logo_saiga_baseline_optimitzat.svg\",\"contentUrl\":\"https:\\\/\\\/saiga.es\\\/wp-content\\\/uploads\\\/2025\\\/07\\\/logo_saiga_baseline_optimitzat.svg\",\"caption\":\"SAIGA\"},\"image\":{\"@id\":\"https:\\\/\\\/saiga.es\\\/fr\\\/#\\\/schema\\\/logo\\\/image\\\/\"},\"sameAs\":[\"https:\\\/\\\/x.com\\\/saiga_agro\",\"https:\\\/\\\/www.instagram.com\\\/saiga_agro\\\/\"]}]}<\/script>\n<!-- \/ Yoast SEO plugin. -->","yoast_head_json":{"title":"Kit de d\u00e9marrage pour irrigation goutte \u00e0 goutte Rain Bird | SAIGA","description":"Kit de d\u00e9marrage pour syst\u00e8me d'irrigation goutte \u00e0 goutte Rain Bird avec 30 m de tuyau et des goutteurs de 3,8 l\/h. Id\u00e9al pour arroser jusqu'\u00e0 10 plantes dans un potager ou un jardin, tout en \u00e9conomisant l'eau.","robots":{"index":"index","follow":"follow","max-snippet":"max-snippet:-1","max-image-preview":"max-image-preview:large","max-video-preview":"max-video-preview:-1"},"canonical":"https:\/\/saiga.es\/fr\/produit\/kit-de-demarrage-pour-irrigation-goutte-a-goutte-rain-bird\/","og_locale":"fr_FR","og_type":"article","og_title":"Kit de d\u00e9marrage pour irrigation goutte \u00e0 goutte Rain Bird | SAIGA","og_description":"Kit de d\u00e9marrage pour syst\u00e8me d'irrigation goutte \u00e0 goutte Rain Bird avec 30 m de tuyau et des goutteurs de 3,8 l\/h. Id\u00e9al pour arroser jusqu'\u00e0 10 plantes dans un potager ou un jardin, tout en \u00e9conomisant l'eau.","og_url":"https:\/\/saiga.es\/fr\/produit\/kit-de-demarrage-pour-irrigation-goutte-a-goutte-rain-bird\/","og_site_name":"SAIGA","og_image":[{"width":1080,"height":1080,"url":"https:\/\/saiga.es\/wp-content\/uploads\/2026\/03\/Kit-de-incio-riego-.jpg","type":"image\/jpeg"}],"twitter_card":"summary_large_image","twitter_site":"@saiga_agro","twitter_misc":{"Dur\u00e9e de lecture estim\u00e9e":"1 minute"},"schema":{"@context":"https:\/\/schema.org","@graph":[{"@type":"WebPage","@id":"https:\/\/saiga.es\/fr\/produit\/kit-de-demarrage-pour-irrigation-goutte-a-goutte-rain-bird\/","url":"https:\/\/saiga.es\/fr\/produit\/kit-de-demarrage-pour-irrigation-goutte-a-goutte-rain-bird\/","name":"Kit de d\u00e9marrage pour irrigation goutte \u00e0 goutte Rain Bird | SAIGA","isPartOf":{"@id":"https:\/\/saiga.es\/fr\/#website"},"primaryImageOfPage":{"@id":"https:\/\/saiga.es\/fr\/produit\/kit-de-demarrage-pour-irrigation-goutte-a-goutte-rain-bird\/#primaryimage"},"image":{"@id":"https:\/\/saiga.es\/fr\/produit\/kit-de-demarrage-pour-irrigation-goutte-a-goutte-rain-bird\/#primaryimage"},"thumbnailUrl":"https:\/\/saiga.es\/wp-content\/uploads\/2026\/03\/Kit-de-incio-riego-.jpg","datePublished":"2026-03-05T12:31:51+00:00","description":"Kit de d\u00e9marrage pour syst\u00e8me d'irrigation goutte \u00e0 goutte Rain Bird avec 30 m de tuyau et des goutteurs de 3,8 l\/h. Id\u00e9al pour arroser jusqu'\u00e0 10 plantes dans un potager ou un jardin, tout en \u00e9conomisant l'eau.","breadcrumb":{"@id":"https:\/\/saiga.es\/fr\/produit\/kit-de-demarrage-pour-irrigation-goutte-a-goutte-rain-bird\/#breadcrumb"},"inLanguage":"fr-FR","potentialAction":[{"@type":"ReadAction","target":["https:\/\/saiga.es\/fr\/produit\/kit-de-demarrage-pour-irrigation-goutte-a-goutte-rain-bird\/"]}]},{"@type":"ImageObject","inLanguage":"fr-FR","@id":"https:\/\/saiga.es\/fr\/produit\/kit-de-demarrage-pour-irrigation-goutte-a-goutte-rain-bird\/#primaryimage","url":"https:\/\/saiga.es\/wp-content\/uploads\/2026\/03\/Kit-de-incio-riego-.jpg","contentUrl":"https:\/\/saiga.es\/wp-content\/uploads\/2026\/03\/Kit-de-incio-riego-.jpg","width":1080,"height":1080,"caption":"Kit de d\u00e9marrage pour irrigation goutte \u00e0 goutte Rain Bird"},{"@type":"BreadcrumbList","@id":"https:\/\/saiga.es\/fr\/produit\/kit-de-demarrage-pour-irrigation-goutte-a-goutte-rain-bird\/#breadcrumb","itemListElement":[{"@type":"ListItem","position":1,"name":"Inici","item":"https:\/\/saiga.es\/fr\/"},{"@type":"ListItem","position":2,"name":"boutique","item":"https:\/\/saiga.es\/fr\/boutique\/"},{"@type":"ListItem","position":3,"name":"Kit de d\u00e9marrage pour irrigation goutte \u00e0 goutte Rain Bird"}]},{"@type":"WebSite","@id":"https:\/\/saiga.es\/fr\/#website","url":"https:\/\/saiga.es\/fr\/","name":"SAIGA","description":"M\u00e9s de 50 anys al servei de la terra i treballant per a un \u00fas eficient de l\u2019aigua!","publisher":{"@id":"https:\/\/saiga.es\/fr\/#organization"},"potentialAction":[{"@type":"SearchAction","target":{"@type":"EntryPoint","urlTemplate":"https:\/\/saiga.es\/fr\/?s={search_term_string}"},"query-input":{"@type":"PropertyValueSpecification","valueRequired":true,"valueName":"search_term_string"}}],"inLanguage":"fr-FR"},{"@type":"Organization","@id":"https:\/\/saiga.es\/fr\/#organization","name":"SAIGA","url":"https:\/\/saiga.es\/fr\/","logo":{"@type":"ImageObject","inLanguage":"fr-FR","@id":"https:\/\/saiga.es\/fr\/#\/schema\/logo\/image\/","url":"https:\/\/saiga.es\/wp-content\/uploads\/2025\/07\/logo_saiga_baseline_optimitzat.svg","contentUrl":"https:\/\/saiga.es\/wp-content\/uploads\/2025\/07\/logo_saiga_baseline_optimitzat.svg","caption":"SAIGA"},"image":{"@id":"https:\/\/saiga.es\/fr\/#\/schema\/logo\/image\/"},"sameAs":["https:\/\/x.com\/saiga_agro","https:\/\/www.instagram.com\/saiga_agro\/"]}]}},"_links":{"self":[{"href":"https:\/\/saiga.es\/fr\/wp-json\/wp\/v2\/product\/18339","targetHints":{"allow":["GET"]}}],"collection":[{"href":"https:\/\/saiga.es\/fr\/wp-json\/wp\/v2\/product"}],"about":[{"href":"https:\/\/saiga.es\/fr\/wp-json\/wp\/v2\/types\/product"}],"replies":[{"embeddable":true,"href":"https:\/\/saiga.es\/fr\/wp-json\/wp\/v2\/comments?post=18339"}],"wp:featuredmedia":[{"embeddable":true,"href":"https:\/\/saiga.es\/fr\/wp-json\/wp\/v2\/media\/18334"}],"wp:attachment":[{"href":"https:\/\/saiga.es\/fr\/wp-json\/wp\/v2\/media?parent=18339"}],"wp:term":[{"taxonomy":"product_brand","embeddable":true,"href":"https:\/\/saiga.es\/fr\/wp-json\/wp\/v2\/product_brand?post=18339"},{"taxonomy":"product_cat","embeddable":true,"href":"https:\/\/saiga.es\/fr\/wp-json\/wp\/v2\/product_cat?post=18339"},{"taxonomy":"product_tag","embeddable":true,"href":"https:\/\/saiga.es\/fr\/wp-json\/wp\/v2\/product_tag?post=18339"}],"curies":[{"name":"wp","href":"https:\/\/api.w.org\/{rel}","templated":true}]}}