{"id":18345,"date":"2026-03-05T13:53:10","date_gmt":"2026-03-05T13:53:10","guid":{"rendered":"https:\/\/saiga.es\/producte\/kit-de-demarrage-pour-systeme-dirrigation-goutte-a-goutte-rain-bird-pour-balcon\/"},"modified":"2026-03-05T13:53:10","modified_gmt":"2026-03-05T13:53:10","slug":"kit-de-demarrage-pour-systeme-dirrigation-goutte-a-goutte-rain-bird-pour-balcon","status":"publish","type":"product","link":"https:\/\/saiga.es\/fr\/produit\/kit-de-demarrage-pour-systeme-dirrigation-goutte-a-goutte-rain-bird-pour-balcon\/","title":{"rendered":"kit de d\u00e9marrage pour syst\u00e8me d&rsquo;irrigation goutte \u00e0 goutte Rain Bird pour balcon"},"content":{"rendered":"<p data-start=\"185\" data-end=\"536\">Le kit de d\u00e9marrage pour syst\u00e8me d&rsquo;irrigation goutte \u00e0 goutte Rain Bird pour balcon est la solution id\u00e9ale pour arroser vos plantes de balcon efficacement et sans complications. Ce syst\u00e8me d&rsquo;irrigation goutte \u00e0 goutte pour pots et jardini\u00e8res permet d&rsquo;apporter l&rsquo;eau directement aux racines, r\u00e9duisant ainsi la consommation d&rsquo;eau et favorisant la sant\u00e9 des plantes. <\/p>\n<p data-start=\"538\" data-end=\"792\">Ce kit est sp\u00e9cialement con\u00e7u pour les balcons, les terrasses et les petits espaces, et se raccorde facilement \u00e0 un robinet d&rsquo;arrosage. Il contient tout le n\u00e9cessaire pour installer un syst\u00e8me d&rsquo;irrigation goutte \u00e0 goutte capable d&rsquo;arroser uniform\u00e9ment jusqu&rsquo;\u00e0 10 plantes. <\/p>\n<p data-start=\"794\" data-end=\"938\">Gr\u00e2ce au syst\u00e8me d&rsquo;irrigation goutte \u00e0 goutte \u00e0 d\u00e9bit contr\u00f4l\u00e9, les plantes re\u00e7oivent la quantit\u00e9 d&rsquo;eau appropri\u00e9e, \u00e9vitant les exc\u00e8s et favorisant leur croissance.<\/p>\n<h2 data-start=\"945\" data-end=\"975\">Principales caract\u00e9ristiques<\/h2>\n<ul data-start=\"977\" data-end=\"1257\">\n<li data-start=\"977\" data-end=\"1039\">\n<p data-start=\"979\" data-end=\"1039\">Syst\u00e8me d&rsquo;irrigation goutte \u00e0 goutte pour balcons et terrasses<\/p>\n<\/li>\n<li data-start=\"1040\" data-end=\"1079\">\n<p data-start=\"1042\" data-end=\"1079\">Permet d&rsquo;arroser jusqu&rsquo;\u00e0 10 plantes<\/p>\n<\/li>\n<li data-start=\"1080\" data-end=\"1119\">\n<p data-start=\"1082\" data-end=\"1119\">Comprend 30 m\u00e8tres de tuyau d&rsquo;irrigation<\/p>\n<\/li>\n<li data-start=\"1120\" data-end=\"1175\">\n<p data-start=\"1122\" data-end=\"1175\">Goutteurs avec un d\u00e9bit de 1,9 litres par heure (LPH)<\/p>\n<\/li>\n<li data-start=\"1176\" data-end=\"1220\">\n<p data-start=\"1178\" data-end=\"1220\">Raccordement direct au robinet d&rsquo;arrosage<\/p>\n<\/li>\n<li data-start=\"1221\" data-end=\"1257\">\n<p data-start=\"1223\" data-end=\"1257\">Installation facile et rapide<\/p>\n<\/li>\n<\/ul>\n<h2 data-start=\"1264\" data-end=\"1309\">Avantages de l&rsquo;irrigation goutte \u00e0 goutte sur les balcons<\/h2>\n<p data-start=\"1311\" data-end=\"1390\">L&rsquo;installation d&rsquo;un syst\u00e8me d&rsquo;irrigation goutte \u00e0 goutte sur les balcons pr\u00e9sente de nombreux avantages :<\/p>\n<ul data-start=\"1392\" data-end=\"1578\">\n<li data-start=\"1392\" data-end=\"1430\">\n<p data-start=\"1394\" data-end=\"1430\">\u00c9conomies d&rsquo;eau et irrigation plus efficace<\/p>\n<\/li>\n<li data-start=\"1431\" data-end=\"1463\">\n<p data-start=\"1433\" data-end=\"1463\">Humidit\u00e9 constante dans le substrat<\/p>\n<\/li>\n<li data-start=\"1464\" data-end=\"1505\">\n<p data-start=\"1466\" data-end=\"1505\">Meilleur d\u00e9veloppement des plantes<\/p>\n<\/li>\n<li data-start=\"1506\" data-end=\"1541\">\n<p data-start=\"1508\" data-end=\"1541\">\u00c9vitez d&rsquo;arroser manuellement tous les jours.<\/p>\n<\/li>\n<li data-start=\"1542\" data-end=\"1578\">\n<p data-start=\"1544\" data-end=\"1578\">Id\u00e9al pour les absences ou les vacances<\/p>\n<\/li>\n<\/ul>\n<h2 data-start=\"1585\" data-end=\"1599\">Id\u00e9al pour<\/h2>\n<p data-start=\"1601\" data-end=\"1664\">Ce kit d&rsquo;irrigation goutte \u00e0 goutte Rain Bird est id\u00e9al pour :<\/p>\n<ul data-start=\"1666\" data-end=\"1769\">\n<li data-start=\"1666\" data-end=\"1685\">\n<p data-start=\"1668\" data-end=\"1685\">plantes en pot<\/p>\n<\/li>\n<li data-start=\"1686\" data-end=\"1709\">\n<p data-start=\"1688\" data-end=\"1709\">jardini\u00e8res de balcon<\/p>\n<\/li>\n<li data-start=\"1710\" data-end=\"1733\">\n<p data-start=\"1712\" data-end=\"1733\">plantes ornementales<\/p>\n<\/li>\n<li data-start=\"1734\" data-end=\"1769\">\n<p data-start=\"1736\" data-end=\"1769\">petits jardins urbains en terrasse<\/p>\n<\/li>\n<\/ul>\n<p data-start=\"1771\" data-end=\"1868\">Une m\u00e9thode simple et pratique pour maintenir les plantes de balcon bien hydrat\u00e9es tout au long de l&rsquo;ann\u00e9e.<\/p>\n","protected":false},"excerpt":{"rendered":"<p>Le kit de d\u00e9marrage pour syst\u00e8me d&rsquo;irrigation goutte \u00e0 goutte Rain Bird pour balcon est la solution id\u00e9ale pour arroser vos plantes de balcon efficacement et sans complications.<\/p>\n","protected":false},"featured_media":18343,"comment_status":"closed","ping_status":"closed","template":"","meta":[],"product_brand":[],"product_cat":[2252,2153],"product_tag":[],"class_list":{"0":"post-18345","1":"product","2":"type-product","3":"status-publish","4":"has-post-thumbnail","6":"product_cat-compte-gouttes","7":"product_cat-divers","9":"first","10":"instock","11":"taxable","12":"shipping-taxable","13":"purchasable","14":"product-type-simple"},"yoast_head":"<!-- This site is optimized with the Yoast SEO plugin v27.4 - https:\/\/yoast.com\/product\/yoast-seo-wordpress\/ -->\n<title>kit de d\u00e9marrage pour syst\u00e8me d&#039;irrigation goutte \u00e0 goutte Rain Bird pour balcon | SAIGA<\/title>\n<meta name=\"description\" content=\"Kit de d\u00e9marrage pour syst\u00e8me d&#039;irrigation goutte \u00e0 goutte Rain Bird pour balcons, comprenant 30 m de tuyau et des goutteurs de 1,9 l\/h. Id\u00e9al pour arroser jusqu&#039;\u00e0 10 plantes en pots ou jardini\u00e8res.\" \/>\n<meta name=\"robots\" content=\"index, follow, max-snippet:-1, max-image-preview:large, max-video-preview:-1\" \/>\n<link rel=\"canonical\" href=\"https:\/\/saiga.es\/fr\/produit\/kit-de-demarrage-pour-systeme-dirrigation-goutte-a-goutte-rain-bird-pour-balcon\/\" \/>\n<meta property=\"og:locale\" content=\"fr_FR\" \/>\n<meta property=\"og:type\" content=\"article\" \/>\n<meta property=\"og:title\" content=\"kit de d\u00e9marrage pour syst\u00e8me d&#039;irrigation goutte \u00e0 goutte Rain Bird pour balcon | SAIGA\" \/>\n<meta property=\"og:description\" content=\"Kit de d\u00e9marrage pour syst\u00e8me d&#039;irrigation goutte \u00e0 goutte Rain Bird pour balcons, comprenant 30 m de tuyau et des goutteurs de 1,9 l\/h. Id\u00e9al pour arroser jusqu&#039;\u00e0 10 plantes en pots ou jardini\u00e8res.\" \/>\n<meta property=\"og:url\" content=\"https:\/\/saiga.es\/fr\/produit\/kit-de-demarrage-pour-systeme-dirrigation-goutte-a-goutte-rain-bird-pour-balcon\/\" \/>\n<meta property=\"og:site_name\" content=\"SAIGA\" \/>\n<meta property=\"og:image\" content=\"https:\/\/saiga.es\/wp-content\/uploads\/2026\/03\/Rain-bird-kit-inici-balco.jpg\" \/>\n\t<meta property=\"og:image:width\" content=\"1080\" \/>\n\t<meta property=\"og:image:height\" content=\"1080\" \/>\n\t<meta property=\"og:image:type\" content=\"image\/jpeg\" \/>\n<meta name=\"twitter:card\" content=\"summary_large_image\" \/>\n<meta name=\"twitter:site\" content=\"@saiga_agro\" \/>\n<meta name=\"twitter:label1\" content=\"Dur\u00e9e de lecture estim\u00e9e\" \/>\n\t<meta name=\"twitter:data1\" content=\"1 minute\" \/>\n<script type=\"application\/ld+json\" class=\"yoast-schema-graph\">{\"@context\":\"https:\\\/\\\/schema.org\",\"@graph\":[{\"@type\":\"WebPage\",\"@id\":\"https:\\\/\\\/saiga.es\\\/fr\\\/produit\\\/kit-de-demarrage-pour-systeme-dirrigation-goutte-a-goutte-rain-bird-pour-balcon\\\/\",\"url\":\"https:\\\/\\\/saiga.es\\\/fr\\\/produit\\\/kit-de-demarrage-pour-systeme-dirrigation-goutte-a-goutte-rain-bird-pour-balcon\\\/\",\"name\":\"kit de d\u00e9marrage pour syst\u00e8me d'irrigation goutte \u00e0 goutte Rain Bird pour balcon | SAIGA\",\"isPartOf\":{\"@id\":\"https:\\\/\\\/saiga.es\\\/fr\\\/#website\"},\"primaryImageOfPage\":{\"@id\":\"https:\\\/\\\/saiga.es\\\/fr\\\/produit\\\/kit-de-demarrage-pour-systeme-dirrigation-goutte-a-goutte-rain-bird-pour-balcon\\\/#primaryimage\"},\"image\":{\"@id\":\"https:\\\/\\\/saiga.es\\\/fr\\\/produit\\\/kit-de-demarrage-pour-systeme-dirrigation-goutte-a-goutte-rain-bird-pour-balcon\\\/#primaryimage\"},\"thumbnailUrl\":\"https:\\\/\\\/saiga.es\\\/wp-content\\\/uploads\\\/2026\\\/03\\\/Rain-bird-kit-inici-balco.jpg\",\"datePublished\":\"2026-03-05T13:53:10+00:00\",\"description\":\"Kit de d\u00e9marrage pour syst\u00e8me d'irrigation goutte \u00e0 goutte Rain Bird pour balcons, comprenant 30 m de tuyau et des goutteurs de 1,9 l\\\/h. Id\u00e9al pour arroser jusqu'\u00e0 10 plantes en pots ou jardini\u00e8res.\",\"breadcrumb\":{\"@id\":\"https:\\\/\\\/saiga.es\\\/fr\\\/produit\\\/kit-de-demarrage-pour-systeme-dirrigation-goutte-a-goutte-rain-bird-pour-balcon\\\/#breadcrumb\"},\"inLanguage\":\"fr-FR\",\"potentialAction\":[{\"@type\":\"ReadAction\",\"target\":[\"https:\\\/\\\/saiga.es\\\/fr\\\/produit\\\/kit-de-demarrage-pour-systeme-dirrigation-goutte-a-goutte-rain-bird-pour-balcon\\\/\"]}]},{\"@type\":\"ImageObject\",\"inLanguage\":\"fr-FR\",\"@id\":\"https:\\\/\\\/saiga.es\\\/fr\\\/produit\\\/kit-de-demarrage-pour-systeme-dirrigation-goutte-a-goutte-rain-bird-pour-balcon\\\/#primaryimage\",\"url\":\"https:\\\/\\\/saiga.es\\\/wp-content\\\/uploads\\\/2026\\\/03\\\/Rain-bird-kit-inici-balco.jpg\",\"contentUrl\":\"https:\\\/\\\/saiga.es\\\/wp-content\\\/uploads\\\/2026\\\/03\\\/Rain-bird-kit-inici-balco.jpg\",\"width\":1080,\"height\":1080,\"caption\":\"El kit d\u2019inici de reg per degoteig per a balcons Rain Bird\"},{\"@type\":\"BreadcrumbList\",\"@id\":\"https:\\\/\\\/saiga.es\\\/fr\\\/produit\\\/kit-de-demarrage-pour-systeme-dirrigation-goutte-a-goutte-rain-bird-pour-balcon\\\/#breadcrumb\",\"itemListElement\":[{\"@type\":\"ListItem\",\"position\":1,\"name\":\"Inici\",\"item\":\"https:\\\/\\\/saiga.es\\\/fr\\\/\"},{\"@type\":\"ListItem\",\"position\":2,\"name\":\"boutique\",\"item\":\"https:\\\/\\\/saiga.es\\\/fr\\\/boutique\\\/\"},{\"@type\":\"ListItem\",\"position\":3,\"name\":\"kit de d\u00e9marrage pour syst\u00e8me d&rsquo;irrigation goutte \u00e0 goutte Rain Bird pour balcon\"}]},{\"@type\":\"WebSite\",\"@id\":\"https:\\\/\\\/saiga.es\\\/fr\\\/#website\",\"url\":\"https:\\\/\\\/saiga.es\\\/fr\\\/\",\"name\":\"SAIGA\",\"description\":\"M\u00e9s de 50 anys al servei de la terra i treballant per a un \u00fas eficient de l\u2019aigua!\",\"publisher\":{\"@id\":\"https:\\\/\\\/saiga.es\\\/fr\\\/#organization\"},\"potentialAction\":[{\"@type\":\"SearchAction\",\"target\":{\"@type\":\"EntryPoint\",\"urlTemplate\":\"https:\\\/\\\/saiga.es\\\/fr\\\/?s={search_term_string}\"},\"query-input\":{\"@type\":\"PropertyValueSpecification\",\"valueRequired\":true,\"valueName\":\"search_term_string\"}}],\"inLanguage\":\"fr-FR\"},{\"@type\":\"Organization\",\"@id\":\"https:\\\/\\\/saiga.es\\\/fr\\\/#organization\",\"name\":\"SAIGA\",\"url\":\"https:\\\/\\\/saiga.es\\\/fr\\\/\",\"logo\":{\"@type\":\"ImageObject\",\"inLanguage\":\"fr-FR\",\"@id\":\"https:\\\/\\\/saiga.es\\\/fr\\\/#\\\/schema\\\/logo\\\/image\\\/\",\"url\":\"https:\\\/\\\/saiga.es\\\/wp-content\\\/uploads\\\/2025\\\/07\\\/logo_saiga_baseline_optimitzat.svg\",\"contentUrl\":\"https:\\\/\\\/saiga.es\\\/wp-content\\\/uploads\\\/2025\\\/07\\\/logo_saiga_baseline_optimitzat.svg\",\"caption\":\"SAIGA\"},\"image\":{\"@id\":\"https:\\\/\\\/saiga.es\\\/fr\\\/#\\\/schema\\\/logo\\\/image\\\/\"},\"sameAs\":[\"https:\\\/\\\/x.com\\\/saiga_agro\",\"https:\\\/\\\/www.instagram.com\\\/saiga_agro\\\/\"]}]}<\/script>\n<!-- \/ Yoast SEO plugin. -->","yoast_head_json":{"title":"kit de d\u00e9marrage pour syst\u00e8me d'irrigation goutte \u00e0 goutte Rain Bird pour balcon | SAIGA","description":"Kit de d\u00e9marrage pour syst\u00e8me d'irrigation goutte \u00e0 goutte Rain Bird pour balcons, comprenant 30 m de tuyau et des goutteurs de 1,9 l\/h. Id\u00e9al pour arroser jusqu'\u00e0 10 plantes en pots ou jardini\u00e8res.","robots":{"index":"index","follow":"follow","max-snippet":"max-snippet:-1","max-image-preview":"max-image-preview:large","max-video-preview":"max-video-preview:-1"},"canonical":"https:\/\/saiga.es\/fr\/produit\/kit-de-demarrage-pour-systeme-dirrigation-goutte-a-goutte-rain-bird-pour-balcon\/","og_locale":"fr_FR","og_type":"article","og_title":"kit de d\u00e9marrage pour syst\u00e8me d'irrigation goutte \u00e0 goutte Rain Bird pour balcon | SAIGA","og_description":"Kit de d\u00e9marrage pour syst\u00e8me d'irrigation goutte \u00e0 goutte Rain Bird pour balcons, comprenant 30 m de tuyau et des goutteurs de 1,9 l\/h. Id\u00e9al pour arroser jusqu'\u00e0 10 plantes en pots ou jardini\u00e8res.","og_url":"https:\/\/saiga.es\/fr\/produit\/kit-de-demarrage-pour-systeme-dirrigation-goutte-a-goutte-rain-bird-pour-balcon\/","og_site_name":"SAIGA","og_image":[{"width":1080,"height":1080,"url":"https:\/\/saiga.es\/wp-content\/uploads\/2026\/03\/Rain-bird-kit-inici-balco.jpg","type":"image\/jpeg"}],"twitter_card":"summary_large_image","twitter_site":"@saiga_agro","twitter_misc":{"Dur\u00e9e de lecture estim\u00e9e":"1 minute"},"schema":{"@context":"https:\/\/schema.org","@graph":[{"@type":"WebPage","@id":"https:\/\/saiga.es\/fr\/produit\/kit-de-demarrage-pour-systeme-dirrigation-goutte-a-goutte-rain-bird-pour-balcon\/","url":"https:\/\/saiga.es\/fr\/produit\/kit-de-demarrage-pour-systeme-dirrigation-goutte-a-goutte-rain-bird-pour-balcon\/","name":"kit de d\u00e9marrage pour syst\u00e8me d'irrigation goutte \u00e0 goutte Rain Bird pour balcon | SAIGA","isPartOf":{"@id":"https:\/\/saiga.es\/fr\/#website"},"primaryImageOfPage":{"@id":"https:\/\/saiga.es\/fr\/produit\/kit-de-demarrage-pour-systeme-dirrigation-goutte-a-goutte-rain-bird-pour-balcon\/#primaryimage"},"image":{"@id":"https:\/\/saiga.es\/fr\/produit\/kit-de-demarrage-pour-systeme-dirrigation-goutte-a-goutte-rain-bird-pour-balcon\/#primaryimage"},"thumbnailUrl":"https:\/\/saiga.es\/wp-content\/uploads\/2026\/03\/Rain-bird-kit-inici-balco.jpg","datePublished":"2026-03-05T13:53:10+00:00","description":"Kit de d\u00e9marrage pour syst\u00e8me d'irrigation goutte \u00e0 goutte Rain Bird pour balcons, comprenant 30 m de tuyau et des goutteurs de 1,9 l\/h. Id\u00e9al pour arroser jusqu'\u00e0 10 plantes en pots ou jardini\u00e8res.","breadcrumb":{"@id":"https:\/\/saiga.es\/fr\/produit\/kit-de-demarrage-pour-systeme-dirrigation-goutte-a-goutte-rain-bird-pour-balcon\/#breadcrumb"},"inLanguage":"fr-FR","potentialAction":[{"@type":"ReadAction","target":["https:\/\/saiga.es\/fr\/produit\/kit-de-demarrage-pour-systeme-dirrigation-goutte-a-goutte-rain-bird-pour-balcon\/"]}]},{"@type":"ImageObject","inLanguage":"fr-FR","@id":"https:\/\/saiga.es\/fr\/produit\/kit-de-demarrage-pour-systeme-dirrigation-goutte-a-goutte-rain-bird-pour-balcon\/#primaryimage","url":"https:\/\/saiga.es\/wp-content\/uploads\/2026\/03\/Rain-bird-kit-inici-balco.jpg","contentUrl":"https:\/\/saiga.es\/wp-content\/uploads\/2026\/03\/Rain-bird-kit-inici-balco.jpg","width":1080,"height":1080,"caption":"El kit d\u2019inici de reg per degoteig per a balcons Rain Bird"},{"@type":"BreadcrumbList","@id":"https:\/\/saiga.es\/fr\/produit\/kit-de-demarrage-pour-systeme-dirrigation-goutte-a-goutte-rain-bird-pour-balcon\/#breadcrumb","itemListElement":[{"@type":"ListItem","position":1,"name":"Inici","item":"https:\/\/saiga.es\/fr\/"},{"@type":"ListItem","position":2,"name":"boutique","item":"https:\/\/saiga.es\/fr\/boutique\/"},{"@type":"ListItem","position":3,"name":"kit de d\u00e9marrage pour syst\u00e8me d&rsquo;irrigation goutte \u00e0 goutte Rain Bird pour balcon"}]},{"@type":"WebSite","@id":"https:\/\/saiga.es\/fr\/#website","url":"https:\/\/saiga.es\/fr\/","name":"SAIGA","description":"M\u00e9s de 50 anys al servei de la terra i treballant per a un \u00fas eficient de l\u2019aigua!","publisher":{"@id":"https:\/\/saiga.es\/fr\/#organization"},"potentialAction":[{"@type":"SearchAction","target":{"@type":"EntryPoint","urlTemplate":"https:\/\/saiga.es\/fr\/?s={search_term_string}"},"query-input":{"@type":"PropertyValueSpecification","valueRequired":true,"valueName":"search_term_string"}}],"inLanguage":"fr-FR"},{"@type":"Organization","@id":"https:\/\/saiga.es\/fr\/#organization","name":"SAIGA","url":"https:\/\/saiga.es\/fr\/","logo":{"@type":"ImageObject","inLanguage":"fr-FR","@id":"https:\/\/saiga.es\/fr\/#\/schema\/logo\/image\/","url":"https:\/\/saiga.es\/wp-content\/uploads\/2025\/07\/logo_saiga_baseline_optimitzat.svg","contentUrl":"https:\/\/saiga.es\/wp-content\/uploads\/2025\/07\/logo_saiga_baseline_optimitzat.svg","caption":"SAIGA"},"image":{"@id":"https:\/\/saiga.es\/fr\/#\/schema\/logo\/image\/"},"sameAs":["https:\/\/x.com\/saiga_agro","https:\/\/www.instagram.com\/saiga_agro\/"]}]}},"_links":{"self":[{"href":"https:\/\/saiga.es\/fr\/wp-json\/wp\/v2\/product\/18345","targetHints":{"allow":["GET"]}}],"collection":[{"href":"https:\/\/saiga.es\/fr\/wp-json\/wp\/v2\/product"}],"about":[{"href":"https:\/\/saiga.es\/fr\/wp-json\/wp\/v2\/types\/product"}],"replies":[{"embeddable":true,"href":"https:\/\/saiga.es\/fr\/wp-json\/wp\/v2\/comments?post=18345"}],"wp:featuredmedia":[{"embeddable":true,"href":"https:\/\/saiga.es\/fr\/wp-json\/wp\/v2\/media\/18343"}],"wp:attachment":[{"href":"https:\/\/saiga.es\/fr\/wp-json\/wp\/v2\/media?parent=18345"}],"wp:term":[{"taxonomy":"product_brand","embeddable":true,"href":"https:\/\/saiga.es\/fr\/wp-json\/wp\/v2\/product_brand?post=18345"},{"taxonomy":"product_cat","embeddable":true,"href":"https:\/\/saiga.es\/fr\/wp-json\/wp\/v2\/product_cat?post=18345"},{"taxonomy":"product_tag","embeddable":true,"href":"https:\/\/saiga.es\/fr\/wp-json\/wp\/v2\/product_tag?post=18345"}],"curies":[{"name":"wp","href":"https:\/\/api.w.org\/{rel}","templated":true}]}}