{"id":18353,"date":"2026-03-06T10:08:26","date_gmt":"2026-03-06T10:08:26","guid":{"rendered":"https:\/\/saiga.es\/producte\/kit-dirrigation-goutte-a-goutte-pour-arbustes-rain-bird\/"},"modified":"2026-03-06T10:08:26","modified_gmt":"2026-03-06T10:08:26","slug":"kit-dirrigation-goutte-a-goutte-pour-arbustes-rain-bird","status":"publish","type":"product","link":"https:\/\/saiga.es\/fr\/produit\/kit-dirrigation-goutte-a-goutte-pour-arbustes-rain-bird\/","title":{"rendered":"kit d&rsquo;irrigation goutte \u00e0 goutte pour arbustes Rain Bird"},"content":{"rendered":"<p data-start=\"140\" data-end=\"482\">Le kit d&rsquo;irrigation goutte \u00e0 goutte Rain Bird est une solution pratique et efficace pour arroser arbustes, haies et massifs de fleurs gr\u00e2ce \u00e0 un syst\u00e8me d&rsquo;irrigation uniforme et \u00e9conome en eau. Ce kit comprend des tuyaux d&rsquo;irrigation goutte \u00e0 goutte avec goutteurs int\u00e9gr\u00e9s, qui r\u00e9partissent l&rsquo;eau de mani\u00e8re constante sur toute la longueur du tuyau. <\/p>\n<p data-start=\"484\" data-end=\"752\">Gr\u00e2ce au syst\u00e8me d&rsquo;irrigation goutte \u00e0 goutte, l&rsquo;eau est apport\u00e9e directement au sol et aux racines des plantes, ce qui r\u00e9duit l&rsquo;\u00e9vaporation et optimise la consommation d&rsquo;eau. Il est id\u00e9al pour maintenir une hydratation optimale des zones plant\u00e9es d&rsquo;arbustes d&rsquo;ornement ou de haies potag\u00e8res. <\/p>\n<p data-start=\"754\" data-end=\"946\">Le kit comprend 30 m\u00e8tres de tuyau d&rsquo;irrigation goutte \u00e0 goutte avec des goutteurs espac\u00e9s de 0,5 m\u00e8tre, assurant une irrigation uniforme et facile \u00e0 installer en le connectant directement \u00e0 un robinet de tuyau d&rsquo;arrosage.<\/p>\n<h2 data-start=\"953\" data-end=\"983\">Principales caract\u00e9ristiques<\/h2>\n<p data-start=\"987\" data-end=\"1057\">Syst\u00e8me d&rsquo;irrigation goutte \u00e0 goutte pour arbustes et haies<\/p>\n<p data-start=\"1060\" data-end=\"1095\">30 m\u00e8tres de tuyau d&rsquo;irrigation goutte \u00e0 goutte<\/p>\n<p data-start=\"1098\" data-end=\"1141\">Goutteurs int\u00e9gr\u00e9s tous les 0,5 m\u00e8tres<\/p>\n<p data-start=\"1144\" data-end=\"1198\">D\u00e9bit de 3,4 litres par heure (L\/h) par goutteur<\/p>\n<p data-start=\"1201\" data-end=\"1245\">Raccordement direct au robinet<\/p>\n<p data-start=\"1248\" data-end=\"1285\">Installation rapide et facile<\/p>\n<h2 data-start=\"1292\" data-end=\"1338\">Avantages de l&rsquo;irrigation goutte \u00e0 goutte pour les arbustes<\/h2>\n<p data-start=\"1340\" data-end=\"1414\">Le syst\u00e8me d&rsquo;irrigation goutte \u00e0 goutte pour le jardin offre de multiples avantages :<\/p>\n<ul data-start=\"1416\" data-end=\"1600\">\n<li data-start=\"1416\" data-end=\"1445\">\n<p data-start=\"1418\" data-end=\"1445\">\u00c9conomies d&rsquo;eau importantes<\/p>\n<\/li>\n<li data-start=\"1446\" data-end=\"1492\">\n<p data-start=\"1448\" data-end=\"1492\">Irrigation uniforme sur l&rsquo;ensemble de la plantation<\/p>\n<\/li>\n<li data-start=\"1493\" data-end=\"1533\">\n<p data-start=\"1495\" data-end=\"1533\">Meilleur d\u00e9veloppement des racines<\/p>\n<\/li>\n<li data-start=\"1534\" data-end=\"1562\">\n<p data-start=\"1536\" data-end=\"1562\">R\u00e9duction de l&rsquo;\u00e9vaporation<\/p>\n<\/li>\n<li data-start=\"1563\" data-end=\"1600\">\n<p data-start=\"1565\" data-end=\"1600\">Moins d&rsquo;entretien que l&rsquo;irrigation manuelle<\/p>\n<\/li>\n<\/ul>\n<h2 data-start=\"1607\" data-end=\"1621\">Id\u00e9al pour<\/h2>\n<p data-start=\"1623\" data-end=\"1683\">Ce kit d&rsquo;irrigation goutte \u00e0 goutte Rain Bird est id\u00e9al pour :<\/p>\n<ul data-start=\"1685\" data-end=\"1799\">\n<li data-start=\"1685\" data-end=\"1709\">\n<p data-start=\"1687\" data-end=\"1709\">arbustes ornementaux<\/p>\n<\/li>\n<li data-start=\"1710\" data-end=\"1730\">\n<p data-start=\"1712\" data-end=\"1730\">haies v\u00e9g\u00e9tales<\/p>\n<\/li>\n<li data-start=\"1731\" data-end=\"1753\">\n<p data-start=\"1733\" data-end=\"1753\">lits de jardin<\/p>\n<\/li>\n<li data-start=\"1754\" data-end=\"1799\">\n<p data-start=\"1756\" data-end=\"1799\">espaces am\u00e9nag\u00e9s avec des plantations lin\u00e9aires<\/p>\n<\/li>\n<\/ul>\n<p data-start=\"1801\" data-end=\"1902\">Une solution efficace pour garder votre jardin vert et sain gr\u00e2ce \u00e0 un syst\u00e8me d&rsquo;irrigation performant et automatisable.<\/p>\n","protected":false},"excerpt":{"rendered":"<p>Le kit d&rsquo;irrigation goutte \u00e0 goutte pour arbustes Rain Bird est une solution pratique et efficace pour arroser les arbustes, les haies et les zones de jardin gr\u00e2ce \u00e0 un syst\u00e8me d&rsquo;irrigation uniforme et \u00e9conome en eau.<\/p>\n","protected":false},"featured_media":18349,"comment_status":"closed","ping_status":"closed","template":"","meta":[],"product_brand":[],"product_cat":[2252,2000,461,474],"product_tag":[],"class_list":{"0":"post-18353","1":"product","2":"type-product","3":"status-publish","4":"has-post-thumbnail","6":"product_cat-compte-gouttes","7":"product_cat-tuyaux-dirrigation","8":"product_cat-tuyaux-et-accessoires","9":"product_cat-tuyaux-et-accessoires-fr","11":"first","12":"instock","13":"taxable","14":"shipping-taxable","15":"purchasable","16":"product-type-simple"},"yoast_head":"<!-- This site is optimized with the Yoast SEO plugin v27.4 - https:\/\/yoast.com\/product\/yoast-seo-wordpress\/ -->\n<title>kit d&#039;irrigation goutte \u00e0 goutte pour arbustes Rain Bird | SAIGA<\/title>\n<meta name=\"description\" content=\"Kit d&#039;irrigation goutte \u00e0 goutte Rain Bird pour arbustes, avec 30 m de tuyau et des goutteurs tous les 0,5 m. Irrigation uniforme et \u00e9conomie d&#039;eau pour les jardins et les haies potag\u00e8res.\" \/>\n<meta name=\"robots\" content=\"index, follow, max-snippet:-1, max-image-preview:large, max-video-preview:-1\" \/>\n<link rel=\"canonical\" href=\"https:\/\/saiga.es\/fr\/produit\/kit-dirrigation-goutte-a-goutte-pour-arbustes-rain-bird\/\" \/>\n<meta property=\"og:locale\" content=\"fr_FR\" \/>\n<meta property=\"og:type\" content=\"article\" \/>\n<meta property=\"og:title\" content=\"kit d&#039;irrigation goutte \u00e0 goutte pour arbustes Rain Bird | SAIGA\" \/>\n<meta property=\"og:description\" content=\"Kit d&#039;irrigation goutte \u00e0 goutte Rain Bird pour arbustes, avec 30 m de tuyau et des goutteurs tous les 0,5 m. Irrigation uniforme et \u00e9conomie d&#039;eau pour les jardins et les haies potag\u00e8res.\" \/>\n<meta property=\"og:url\" content=\"https:\/\/saiga.es\/fr\/produit\/kit-dirrigation-goutte-a-goutte-pour-arbustes-rain-bird\/\" \/>\n<meta property=\"og:site_name\" content=\"SAIGA\" \/>\n<meta property=\"og:image\" content=\"https:\/\/saiga.es\/wp-content\/uploads\/2026\/03\/Kit-de-reg-arbustives.jpg\" \/>\n\t<meta property=\"og:image:width\" content=\"1080\" \/>\n\t<meta property=\"og:image:height\" content=\"1080\" \/>\n\t<meta property=\"og:image:type\" content=\"image\/jpeg\" \/>\n<meta name=\"twitter:card\" content=\"summary_large_image\" \/>\n<meta name=\"twitter:site\" content=\"@saiga_agro\" \/>\n<meta name=\"twitter:label1\" content=\"Dur\u00e9e de lecture estim\u00e9e\" \/>\n\t<meta name=\"twitter:data1\" content=\"1 minute\" \/>\n<script type=\"application\/ld+json\" class=\"yoast-schema-graph\">{\"@context\":\"https:\\\/\\\/schema.org\",\"@graph\":[{\"@type\":\"WebPage\",\"@id\":\"https:\\\/\\\/saiga.es\\\/fr\\\/produit\\\/kit-dirrigation-goutte-a-goutte-pour-arbustes-rain-bird\\\/\",\"url\":\"https:\\\/\\\/saiga.es\\\/fr\\\/produit\\\/kit-dirrigation-goutte-a-goutte-pour-arbustes-rain-bird\\\/\",\"name\":\"kit d'irrigation goutte \u00e0 goutte pour arbustes Rain Bird | SAIGA\",\"isPartOf\":{\"@id\":\"https:\\\/\\\/saiga.es\\\/fr\\\/#website\"},\"primaryImageOfPage\":{\"@id\":\"https:\\\/\\\/saiga.es\\\/fr\\\/produit\\\/kit-dirrigation-goutte-a-goutte-pour-arbustes-rain-bird\\\/#primaryimage\"},\"image\":{\"@id\":\"https:\\\/\\\/saiga.es\\\/fr\\\/produit\\\/kit-dirrigation-goutte-a-goutte-pour-arbustes-rain-bird\\\/#primaryimage\"},\"thumbnailUrl\":\"https:\\\/\\\/saiga.es\\\/wp-content\\\/uploads\\\/2026\\\/03\\\/Kit-de-reg-arbustives.jpg\",\"datePublished\":\"2026-03-06T10:08:26+00:00\",\"description\":\"Kit d'irrigation goutte \u00e0 goutte Rain Bird pour arbustes, avec 30 m de tuyau et des goutteurs tous les 0,5 m. Irrigation uniforme et \u00e9conomie d'eau pour les jardins et les haies potag\u00e8res.\",\"breadcrumb\":{\"@id\":\"https:\\\/\\\/saiga.es\\\/fr\\\/produit\\\/kit-dirrigation-goutte-a-goutte-pour-arbustes-rain-bird\\\/#breadcrumb\"},\"inLanguage\":\"fr-FR\",\"potentialAction\":[{\"@type\":\"ReadAction\",\"target\":[\"https:\\\/\\\/saiga.es\\\/fr\\\/produit\\\/kit-dirrigation-goutte-a-goutte-pour-arbustes-rain-bird\\\/\"]}]},{\"@type\":\"ImageObject\",\"inLanguage\":\"fr-FR\",\"@id\":\"https:\\\/\\\/saiga.es\\\/fr\\\/produit\\\/kit-dirrigation-goutte-a-goutte-pour-arbustes-rain-bird\\\/#primaryimage\",\"url\":\"https:\\\/\\\/saiga.es\\\/wp-content\\\/uploads\\\/2026\\\/03\\\/Kit-de-reg-arbustives.jpg\",\"contentUrl\":\"https:\\\/\\\/saiga.es\\\/wp-content\\\/uploads\\\/2026\\\/03\\\/Kit-de-reg-arbustives.jpg\",\"width\":1080,\"height\":1080,\"caption\":\"kit d'arrosage pour arbustes\"},{\"@type\":\"BreadcrumbList\",\"@id\":\"https:\\\/\\\/saiga.es\\\/fr\\\/produit\\\/kit-dirrigation-goutte-a-goutte-pour-arbustes-rain-bird\\\/#breadcrumb\",\"itemListElement\":[{\"@type\":\"ListItem\",\"position\":1,\"name\":\"Inici\",\"item\":\"https:\\\/\\\/saiga.es\\\/fr\\\/\"},{\"@type\":\"ListItem\",\"position\":2,\"name\":\"boutique\",\"item\":\"https:\\\/\\\/saiga.es\\\/fr\\\/boutique\\\/\"},{\"@type\":\"ListItem\",\"position\":3,\"name\":\"kit d&rsquo;irrigation goutte \u00e0 goutte pour arbustes Rain Bird\"}]},{\"@type\":\"WebSite\",\"@id\":\"https:\\\/\\\/saiga.es\\\/fr\\\/#website\",\"url\":\"https:\\\/\\\/saiga.es\\\/fr\\\/\",\"name\":\"SAIGA\",\"description\":\"M\u00e9s de 50 anys al servei de la terra i treballant per a un \u00fas eficient de l\u2019aigua!\",\"publisher\":{\"@id\":\"https:\\\/\\\/saiga.es\\\/fr\\\/#organization\"},\"potentialAction\":[{\"@type\":\"SearchAction\",\"target\":{\"@type\":\"EntryPoint\",\"urlTemplate\":\"https:\\\/\\\/saiga.es\\\/fr\\\/?s={search_term_string}\"},\"query-input\":{\"@type\":\"PropertyValueSpecification\",\"valueRequired\":true,\"valueName\":\"search_term_string\"}}],\"inLanguage\":\"fr-FR\"},{\"@type\":\"Organization\",\"@id\":\"https:\\\/\\\/saiga.es\\\/fr\\\/#organization\",\"name\":\"SAIGA\",\"url\":\"https:\\\/\\\/saiga.es\\\/fr\\\/\",\"logo\":{\"@type\":\"ImageObject\",\"inLanguage\":\"fr-FR\",\"@id\":\"https:\\\/\\\/saiga.es\\\/fr\\\/#\\\/schema\\\/logo\\\/image\\\/\",\"url\":\"https:\\\/\\\/saiga.es\\\/wp-content\\\/uploads\\\/2025\\\/07\\\/logo_saiga_baseline_optimitzat.svg\",\"contentUrl\":\"https:\\\/\\\/saiga.es\\\/wp-content\\\/uploads\\\/2025\\\/07\\\/logo_saiga_baseline_optimitzat.svg\",\"caption\":\"SAIGA\"},\"image\":{\"@id\":\"https:\\\/\\\/saiga.es\\\/fr\\\/#\\\/schema\\\/logo\\\/image\\\/\"},\"sameAs\":[\"https:\\\/\\\/x.com\\\/saiga_agro\",\"https:\\\/\\\/www.instagram.com\\\/saiga_agro\\\/\"]}]}<\/script>\n<!-- \/ Yoast SEO plugin. -->","yoast_head_json":{"title":"kit d'irrigation goutte \u00e0 goutte pour arbustes Rain Bird | SAIGA","description":"Kit d'irrigation goutte \u00e0 goutte Rain Bird pour arbustes, avec 30 m de tuyau et des goutteurs tous les 0,5 m. Irrigation uniforme et \u00e9conomie d'eau pour les jardins et les haies potag\u00e8res.","robots":{"index":"index","follow":"follow","max-snippet":"max-snippet:-1","max-image-preview":"max-image-preview:large","max-video-preview":"max-video-preview:-1"},"canonical":"https:\/\/saiga.es\/fr\/produit\/kit-dirrigation-goutte-a-goutte-pour-arbustes-rain-bird\/","og_locale":"fr_FR","og_type":"article","og_title":"kit d'irrigation goutte \u00e0 goutte pour arbustes Rain Bird | SAIGA","og_description":"Kit d'irrigation goutte \u00e0 goutte Rain Bird pour arbustes, avec 30 m de tuyau et des goutteurs tous les 0,5 m. Irrigation uniforme et \u00e9conomie d'eau pour les jardins et les haies potag\u00e8res.","og_url":"https:\/\/saiga.es\/fr\/produit\/kit-dirrigation-goutte-a-goutte-pour-arbustes-rain-bird\/","og_site_name":"SAIGA","og_image":[{"width":1080,"height":1080,"url":"https:\/\/saiga.es\/wp-content\/uploads\/2026\/03\/Kit-de-reg-arbustives.jpg","type":"image\/jpeg"}],"twitter_card":"summary_large_image","twitter_site":"@saiga_agro","twitter_misc":{"Dur\u00e9e de lecture estim\u00e9e":"1 minute"},"schema":{"@context":"https:\/\/schema.org","@graph":[{"@type":"WebPage","@id":"https:\/\/saiga.es\/fr\/produit\/kit-dirrigation-goutte-a-goutte-pour-arbustes-rain-bird\/","url":"https:\/\/saiga.es\/fr\/produit\/kit-dirrigation-goutte-a-goutte-pour-arbustes-rain-bird\/","name":"kit d'irrigation goutte \u00e0 goutte pour arbustes Rain Bird | SAIGA","isPartOf":{"@id":"https:\/\/saiga.es\/fr\/#website"},"primaryImageOfPage":{"@id":"https:\/\/saiga.es\/fr\/produit\/kit-dirrigation-goutte-a-goutte-pour-arbustes-rain-bird\/#primaryimage"},"image":{"@id":"https:\/\/saiga.es\/fr\/produit\/kit-dirrigation-goutte-a-goutte-pour-arbustes-rain-bird\/#primaryimage"},"thumbnailUrl":"https:\/\/saiga.es\/wp-content\/uploads\/2026\/03\/Kit-de-reg-arbustives.jpg","datePublished":"2026-03-06T10:08:26+00:00","description":"Kit d'irrigation goutte \u00e0 goutte Rain Bird pour arbustes, avec 30 m de tuyau et des goutteurs tous les 0,5 m. Irrigation uniforme et \u00e9conomie d'eau pour les jardins et les haies potag\u00e8res.","breadcrumb":{"@id":"https:\/\/saiga.es\/fr\/produit\/kit-dirrigation-goutte-a-goutte-pour-arbustes-rain-bird\/#breadcrumb"},"inLanguage":"fr-FR","potentialAction":[{"@type":"ReadAction","target":["https:\/\/saiga.es\/fr\/produit\/kit-dirrigation-goutte-a-goutte-pour-arbustes-rain-bird\/"]}]},{"@type":"ImageObject","inLanguage":"fr-FR","@id":"https:\/\/saiga.es\/fr\/produit\/kit-dirrigation-goutte-a-goutte-pour-arbustes-rain-bird\/#primaryimage","url":"https:\/\/saiga.es\/wp-content\/uploads\/2026\/03\/Kit-de-reg-arbustives.jpg","contentUrl":"https:\/\/saiga.es\/wp-content\/uploads\/2026\/03\/Kit-de-reg-arbustives.jpg","width":1080,"height":1080,"caption":"kit d'arrosage pour arbustes"},{"@type":"BreadcrumbList","@id":"https:\/\/saiga.es\/fr\/produit\/kit-dirrigation-goutte-a-goutte-pour-arbustes-rain-bird\/#breadcrumb","itemListElement":[{"@type":"ListItem","position":1,"name":"Inici","item":"https:\/\/saiga.es\/fr\/"},{"@type":"ListItem","position":2,"name":"boutique","item":"https:\/\/saiga.es\/fr\/boutique\/"},{"@type":"ListItem","position":3,"name":"kit d&rsquo;irrigation goutte \u00e0 goutte pour arbustes Rain Bird"}]},{"@type":"WebSite","@id":"https:\/\/saiga.es\/fr\/#website","url":"https:\/\/saiga.es\/fr\/","name":"SAIGA","description":"M\u00e9s de 50 anys al servei de la terra i treballant per a un \u00fas eficient de l\u2019aigua!","publisher":{"@id":"https:\/\/saiga.es\/fr\/#organization"},"potentialAction":[{"@type":"SearchAction","target":{"@type":"EntryPoint","urlTemplate":"https:\/\/saiga.es\/fr\/?s={search_term_string}"},"query-input":{"@type":"PropertyValueSpecification","valueRequired":true,"valueName":"search_term_string"}}],"inLanguage":"fr-FR"},{"@type":"Organization","@id":"https:\/\/saiga.es\/fr\/#organization","name":"SAIGA","url":"https:\/\/saiga.es\/fr\/","logo":{"@type":"ImageObject","inLanguage":"fr-FR","@id":"https:\/\/saiga.es\/fr\/#\/schema\/logo\/image\/","url":"https:\/\/saiga.es\/wp-content\/uploads\/2025\/07\/logo_saiga_baseline_optimitzat.svg","contentUrl":"https:\/\/saiga.es\/wp-content\/uploads\/2025\/07\/logo_saiga_baseline_optimitzat.svg","caption":"SAIGA"},"image":{"@id":"https:\/\/saiga.es\/fr\/#\/schema\/logo\/image\/"},"sameAs":["https:\/\/x.com\/saiga_agro","https:\/\/www.instagram.com\/saiga_agro\/"]}]}},"_links":{"self":[{"href":"https:\/\/saiga.es\/fr\/wp-json\/wp\/v2\/product\/18353","targetHints":{"allow":["GET"]}}],"collection":[{"href":"https:\/\/saiga.es\/fr\/wp-json\/wp\/v2\/product"}],"about":[{"href":"https:\/\/saiga.es\/fr\/wp-json\/wp\/v2\/types\/product"}],"replies":[{"embeddable":true,"href":"https:\/\/saiga.es\/fr\/wp-json\/wp\/v2\/comments?post=18353"}],"wp:featuredmedia":[{"embeddable":true,"href":"https:\/\/saiga.es\/fr\/wp-json\/wp\/v2\/media\/18349"}],"wp:attachment":[{"href":"https:\/\/saiga.es\/fr\/wp-json\/wp\/v2\/media?parent=18353"}],"wp:term":[{"taxonomy":"product_brand","embeddable":true,"href":"https:\/\/saiga.es\/fr\/wp-json\/wp\/v2\/product_brand?post=18353"},{"taxonomy":"product_cat","embeddable":true,"href":"https:\/\/saiga.es\/fr\/wp-json\/wp\/v2\/product_cat?post=18353"},{"taxonomy":"product_tag","embeddable":true,"href":"https:\/\/saiga.es\/fr\/wp-json\/wp\/v2\/product_tag?post=18353"}],"curies":[{"name":"wp","href":"https:\/\/api.w.org\/{rel}","templated":true}]}}