{"id":18403,"date":"2026-03-19T09:27:19","date_gmt":"2026-03-19T09:27:19","guid":{"rendered":"https:\/\/saiga.es\/producte\/herbicide-selectif-pour-pelouse-lainco-fluroxypyr-contre-les-mauvaises-herbes\/"},"modified":"2026-03-19T11:11:12","modified_gmt":"2026-03-19T11:11:12","slug":"herbicide-selectif-pour-pelouse-lainco-fluroxypyr-contre-les-mauvaises-herbes","status":"publish","type":"product","link":"https:\/\/saiga.es\/fr\/produit\/herbicide-selectif-pour-pelouse-lainco-fluroxypyr-contre-les-mauvaises-herbes\/","title":{"rendered":"Herbicide s\u00e9lectif pour pelouse Lainco (fluroxypyr) contre les mauvaises herbes"},"content":{"rendered":"<p data-start=\"373\" data-end=\"504\">L&rsquo;herbicide s\u00e9lectif pour pelouse de Lainco est la solution efficace pour \u00e9liminer les mauvaises herbes \u00e0 feuilles larges sans endommager la pelouse.<\/p>\n<p data-start=\"506\" data-end=\"682\">Formul\u00e9 \u00e0 base de fluroxypyr, il agit de mani\u00e8re syst\u00e9mique en p\u00e9n\u00e9trant dans les feuilles et en \u00e9liminant la mauvaise herbe \u00e0 la racine, emp\u00eachant ainsi sa repousse et assurant une pelouse propre et uniforme.<\/p>\n<p data-start=\"684\" data-end=\"784\"> Id\u00e9al pour \u00e9liminer rapidement et efficacement les mauvaises herbes telles que le tr\u00e8fle, le pissenlit ou le liseron.<\/p>\n<p data-start=\"786\" data-end=\"876\">\u2714 R\u00e9sultats visibles en quelques jours<br data-start=\"819\" data-end=\"822\">\u2714 N&rsquo;ab\u00eeme pas la pelouse (utilisation s\u00e9lective)<br data-start=\"855\" data-end=\"858\">\u2714 Action longue dur\u00e9e<\/p>\n<p data-section-id=\"eh5auy\" data-start=\"883\" data-end=\"897\">AVANTAGES<\/p>\n<ul data-start=\"899\" data-end=\"1059\">\n<li data-section-id=\"7hw0m4\" data-start=\"899\" data-end=\"938\">\n<p data-start=\"901\" data-end=\"938\">\u00c9limine les mauvaises herbes \u00e0 feuilles larges<\/p>\n<\/li>\n<li data-section-id=\"talr65\" data-start=\"939\" data-end=\"981\">\n<p data-start=\"941\" data-end=\"981\">Action syst\u00e9mique (agit jusqu&rsquo;\u00e0 la racine)<\/p>\n<\/li>\n<li data-section-id=\"a9ryh4\" data-start=\"982\" data-end=\"999\">\n<p data-start=\"984\" data-end=\"999\">Emp\u00eache la repousse<\/p>\n<\/li>\n<li data-section-id=\"1foqv4y\" data-start=\"1000\" data-end=\"1021\">\n<p data-start=\"1002\" data-end=\"1021\">Respectez la pelouse<\/p>\n<\/li>\n<li data-section-id=\"17fjlev\" data-start=\"1022\" data-end=\"1059\">\n<p data-start=\"1024\" data-end=\"1059\">Application facile par pulv\u00e9risation<\/p>\n<\/li>\n<\/ul>\n<p data-section-id=\"1rw2g6b\" data-start=\"1066\" data-end=\"1116\">QUAND POSTULER<\/p>\n<ul data-start=\"1118\" data-end=\"1237\">\n<li data-section-id=\"eyddd4\" data-start=\"1118\" data-end=\"1157\">\n<p data-start=\"1120\" data-end=\"1157\">Appliquer d\u00e8s l&rsquo;apparition des mauvaises herbes<\/p>\n<\/li>\n<li data-section-id=\"1q597ts\" data-start=\"1158\" data-end=\"1189\">\n<p data-start=\"1160\" data-end=\"1189\">Id\u00e9al au printemps et en automne<\/p>\n<\/li>\n<li data-section-id=\"n85fpw\" data-start=\"1190\" data-end=\"1237\">\n<p data-start=\"1192\" data-end=\"1237\">R\u00e9p\u00e9tez le traitement si les sympt\u00f4mes r\u00e9apparaissent.<\/p>\n<\/li>\n<\/ul>\n<p data-section-id=\"1to46nm\" data-start=\"1297\" data-end=\"1314\">DOSAGE<\/p>\n<ul data-start=\"1316\" data-end=\"1455\">\n<li data-section-id=\"1w2dmyt\" data-start=\"1316\" data-end=\"1365\">\n<p data-start=\"1318\" data-end=\"1365\">Environ 2,5 \u00e0 5 ml par litre d&rsquo;eau<\/p>\n<\/li>\n<li data-section-id=\"azpv2q\" data-start=\"1366\" data-end=\"1407\">\n<p data-start=\"1368\" data-end=\"1407\">Application directe sur les mauvaises herbes<\/p>\n<\/li>\n<li data-section-id=\"1b9z3ff\" data-start=\"1408\" data-end=\"1455\">\n<p data-start=\"1410\" data-end=\"1455\">Couverture variable selon la surface et la dose<\/p>\n<\/li>\n<\/ul>\n<p data-start=\"1457\" data-end=\"1499\">Important : appliquer uniform\u00e9ment<\/p>\n<p data-section-id=\"4c8po8\" data-start=\"1506\" data-end=\"1523\">DEMANDES<\/p>\n<ul data-start=\"1525\" data-end=\"1613\">\n<li data-section-id=\"uqeit\" data-start=\"1525\" data-end=\"1545\">\n<p data-start=\"1527\" data-end=\"1545\">Pelouse ornementale<\/p>\n<\/li>\n<li data-section-id=\"1y7pe6d\" data-start=\"1546\" data-end=\"1569\">\n<p data-start=\"1548\" data-end=\"1569\">Jardins priv\u00e9s<\/p>\n<\/li>\n<li data-section-id=\"5q7zva\" data-start=\"1570\" data-end=\"1586\">\n<p data-start=\"1572\" data-end=\"1586\">espaces verts<\/p>\n<\/li>\n<li data-section-id=\"1kg6nja\" data-start=\"1587\" data-end=\"1613\">\n<p data-start=\"1589\" data-end=\"1613\">Entretien du jardin<\/p>\n<\/li>\n<\/ul>\n<p data-section-id=\"1l6lqs9\" data-start=\"1620\" data-end=\"1646\">FAQ<\/p>\n<p data-start=\"1648\" data-end=\"1743\">Est-ce que \u00e7a enl\u00e8ve toutes les mauvaises herbes ?<br data-start=\"1683\" data-end=\"1686\">Elle \u00e9limine notamment les plantes \u00e0 feuilles larges (dicotyl\u00e9dones).<\/p>\n<p data-start=\"1745\" data-end=\"1806\">Est-ce que cela ab\u00eeme la pelouse ?<br data-start=\"1767\" data-end=\"1770\">Non, il est s\u00e9lectif et respecte la pelouse.<\/p>\n<p data-start=\"1808\" data-end=\"1884\">Combien de temps faut-il pour que cela fasse effet ?<br data-start=\"1837\" data-end=\"1840\">Les premiers r\u00e9sultats seront visibles dans quelques jours.<\/p>\n<p data-start=\"1886\" data-end=\"1955\">Est-il n\u00e9cessaire de r\u00e9p\u00e9ter le traitement ?<br data-start=\"1916\" data-end=\"1919\">Oui, si de nouvelles mauvaises herbes apparaissent.<\/p>\n","protected":false},"excerpt":{"rendered":"<p>L&rsquo;herbicide s\u00e9lectif pour pelouse de Lainco est la solution efficace pour \u00e9liminer les mauvaises herbes \u00e0 feuilles larges sans endommager la pelouse.<\/p>\n","protected":false},"featured_media":18399,"comment_status":"closed","ping_status":"closed","template":"","meta":[],"product_brand":[],"product_cat":[1843],"product_tag":[],"class_list":{"0":"post-18403","1":"product","2":"type-product","3":"status-publish","4":"has-post-thumbnail","6":"product_cat-herbicides-fr","8":"first","9":"instock","10":"taxable","11":"shipping-taxable","12":"purchasable","13":"product-type-simple"},"yoast_head":"<!-- This site is optimized with the Yoast SEO plugin v27.3 - https:\/\/yoast.com\/product\/yoast-seo-wordpress\/ -->\n<title>Herbicide s\u00e9lectif pour gazon \u00e0 feuilles larges<\/title>\n<meta name=\"description\" content=\"Achetez l&#039;herbicide s\u00e9lectif pour pelouse Lainco \u00e0 base de fluroxypyr. \u00c9limine les mauvaises herbes \u00e0 feuilles larges sans ab\u00eemer votre pelouse. Livraison rapide.\" \/>\n<meta name=\"robots\" content=\"index, follow, max-snippet:-1, max-image-preview:large, max-video-preview:-1\" \/>\n<link rel=\"canonical\" href=\"https:\/\/saiga.es\/fr\/produit\/herbicide-selectif-pour-pelouse-lainco-fluroxypyr-contre-les-mauvaises-herbes\/\" \/>\n<meta property=\"og:locale\" content=\"fr_FR\" \/>\n<meta property=\"og:type\" content=\"article\" \/>\n<meta property=\"og:title\" content=\"Herbicide s\u00e9lectif pour gazon \u00e0 feuilles larges\" \/>\n<meta property=\"og:description\" content=\"Achetez l&#039;herbicide s\u00e9lectif pour pelouse Lainco \u00e0 base de fluroxypyr. \u00c9limine les mauvaises herbes \u00e0 feuilles larges sans ab\u00eemer votre pelouse. Livraison rapide.\" \/>\n<meta property=\"og:url\" content=\"https:\/\/saiga.es\/fr\/produit\/herbicide-selectif-pour-pelouse-lainco-fluroxypyr-contre-les-mauvaises-herbes\/\" \/>\n<meta property=\"og:site_name\" content=\"SAIGA\" \/>\n<meta property=\"article:modified_time\" content=\"2026-03-19T11:11:12+00:00\" \/>\n<meta property=\"og:image\" content=\"https:\/\/saiga.es\/wp-content\/uploads\/2026\/03\/herbicida-para-cesped.jpg\" \/>\n\t<meta property=\"og:image:width\" content=\"1080\" \/>\n\t<meta property=\"og:image:height\" content=\"1080\" \/>\n\t<meta property=\"og:image:type\" content=\"image\/jpeg\" \/>\n<meta name=\"twitter:card\" content=\"summary_large_image\" \/>\n<meta name=\"twitter:site\" content=\"@saiga_agro\" \/>\n<meta name=\"twitter:label1\" content=\"Dur\u00e9e de lecture estim\u00e9e\" \/>\n\t<meta name=\"twitter:data1\" content=\"1 minute\" \/>\n<script type=\"application\/ld+json\" class=\"yoast-schema-graph\">{\"@context\":\"https:\\\/\\\/schema.org\",\"@graph\":[{\"@type\":\"WebPage\",\"@id\":\"https:\\\/\\\/saiga.es\\\/fr\\\/produit\\\/herbicide-selectif-pour-pelouse-lainco-fluroxypyr-contre-les-mauvaises-herbes\\\/\",\"url\":\"https:\\\/\\\/saiga.es\\\/fr\\\/produit\\\/herbicide-selectif-pour-pelouse-lainco-fluroxypyr-contre-les-mauvaises-herbes\\\/\",\"name\":\"Herbicide s\u00e9lectif pour gazon \u00e0 feuilles larges\",\"isPartOf\":{\"@id\":\"https:\\\/\\\/saiga.es\\\/fr\\\/#website\"},\"primaryImageOfPage\":{\"@id\":\"https:\\\/\\\/saiga.es\\\/fr\\\/produit\\\/herbicide-selectif-pour-pelouse-lainco-fluroxypyr-contre-les-mauvaises-herbes\\\/#primaryimage\"},\"image\":{\"@id\":\"https:\\\/\\\/saiga.es\\\/fr\\\/produit\\\/herbicide-selectif-pour-pelouse-lainco-fluroxypyr-contre-les-mauvaises-herbes\\\/#primaryimage\"},\"thumbnailUrl\":\"https:\\\/\\\/saiga.es\\\/wp-content\\\/uploads\\\/2026\\\/03\\\/herbicida-para-cesped.jpg\",\"datePublished\":\"2026-03-19T09:27:19+00:00\",\"dateModified\":\"2026-03-19T11:11:12+00:00\",\"description\":\"Achetez l'herbicide s\u00e9lectif pour pelouse Lainco \u00e0 base de fluroxypyr. \u00c9limine les mauvaises herbes \u00e0 feuilles larges sans ab\u00eemer votre pelouse. Livraison rapide.\",\"breadcrumb\":{\"@id\":\"https:\\\/\\\/saiga.es\\\/fr\\\/produit\\\/herbicide-selectif-pour-pelouse-lainco-fluroxypyr-contre-les-mauvaises-herbes\\\/#breadcrumb\"},\"inLanguage\":\"fr-FR\",\"potentialAction\":[{\"@type\":\"ReadAction\",\"target\":[\"https:\\\/\\\/saiga.es\\\/fr\\\/produit\\\/herbicide-selectif-pour-pelouse-lainco-fluroxypyr-contre-les-mauvaises-herbes\\\/\"]}]},{\"@type\":\"ImageObject\",\"inLanguage\":\"fr-FR\",\"@id\":\"https:\\\/\\\/saiga.es\\\/fr\\\/produit\\\/herbicide-selectif-pour-pelouse-lainco-fluroxypyr-contre-les-mauvaises-herbes\\\/#primaryimage\",\"url\":\"https:\\\/\\\/saiga.es\\\/wp-content\\\/uploads\\\/2026\\\/03\\\/herbicida-para-cesped.jpg\",\"contentUrl\":\"https:\\\/\\\/saiga.es\\\/wp-content\\\/uploads\\\/2026\\\/03\\\/herbicida-para-cesped.jpg\",\"width\":1080,\"height\":1080,\"caption\":\"Herbicide s\u00e9lectif pour gazon \u00e0 feuilles larges\"},{\"@type\":\"BreadcrumbList\",\"@id\":\"https:\\\/\\\/saiga.es\\\/fr\\\/produit\\\/herbicide-selectif-pour-pelouse-lainco-fluroxypyr-contre-les-mauvaises-herbes\\\/#breadcrumb\",\"itemListElement\":[{\"@type\":\"ListItem\",\"position\":1,\"name\":\"Inici\",\"item\":\"https:\\\/\\\/saiga.es\\\/fr\\\/\"},{\"@type\":\"ListItem\",\"position\":2,\"name\":\"boutique\",\"item\":\"https:\\\/\\\/saiga.es\\\/fr\\\/boutique\\\/\"},{\"@type\":\"ListItem\",\"position\":3,\"name\":\"Herbicide s\u00e9lectif pour pelouse Lainco (fluroxypyr) contre les mauvaises herbes\"}]},{\"@type\":\"WebSite\",\"@id\":\"https:\\\/\\\/saiga.es\\\/fr\\\/#website\",\"url\":\"https:\\\/\\\/saiga.es\\\/fr\\\/\",\"name\":\"SAIGA\",\"description\":\"M\u00e9s de 50 anys al servei de la terra i treballant per a un \u00fas eficient de l\u2019aigua!\",\"publisher\":{\"@id\":\"https:\\\/\\\/saiga.es\\\/fr\\\/#organization\"},\"potentialAction\":[{\"@type\":\"SearchAction\",\"target\":{\"@type\":\"EntryPoint\",\"urlTemplate\":\"https:\\\/\\\/saiga.es\\\/fr\\\/?s={search_term_string}\"},\"query-input\":{\"@type\":\"PropertyValueSpecification\",\"valueRequired\":true,\"valueName\":\"search_term_string\"}}],\"inLanguage\":\"fr-FR\"},{\"@type\":\"Organization\",\"@id\":\"https:\\\/\\\/saiga.es\\\/fr\\\/#organization\",\"name\":\"SAIGA\",\"url\":\"https:\\\/\\\/saiga.es\\\/fr\\\/\",\"logo\":{\"@type\":\"ImageObject\",\"inLanguage\":\"fr-FR\",\"@id\":\"https:\\\/\\\/saiga.es\\\/fr\\\/#\\\/schema\\\/logo\\\/image\\\/\",\"url\":\"https:\\\/\\\/saiga.es\\\/wp-content\\\/uploads\\\/2025\\\/07\\\/logo_saiga_baseline_optimitzat.svg\",\"contentUrl\":\"https:\\\/\\\/saiga.es\\\/wp-content\\\/uploads\\\/2025\\\/07\\\/logo_saiga_baseline_optimitzat.svg\",\"caption\":\"SAIGA\"},\"image\":{\"@id\":\"https:\\\/\\\/saiga.es\\\/fr\\\/#\\\/schema\\\/logo\\\/image\\\/\"},\"sameAs\":[\"https:\\\/\\\/x.com\\\/saiga_agro\",\"https:\\\/\\\/www.instagram.com\\\/saiga_agro\\\/\"]}]}<\/script>\n<!-- \/ Yoast SEO plugin. -->","yoast_head_json":{"title":"Herbicide s\u00e9lectif pour gazon \u00e0 feuilles larges","description":"Achetez l'herbicide s\u00e9lectif pour pelouse Lainco \u00e0 base de fluroxypyr. \u00c9limine les mauvaises herbes \u00e0 feuilles larges sans ab\u00eemer votre pelouse. Livraison rapide.","robots":{"index":"index","follow":"follow","max-snippet":"max-snippet:-1","max-image-preview":"max-image-preview:large","max-video-preview":"max-video-preview:-1"},"canonical":"https:\/\/saiga.es\/fr\/produit\/herbicide-selectif-pour-pelouse-lainco-fluroxypyr-contre-les-mauvaises-herbes\/","og_locale":"fr_FR","og_type":"article","og_title":"Herbicide s\u00e9lectif pour gazon \u00e0 feuilles larges","og_description":"Achetez l'herbicide s\u00e9lectif pour pelouse Lainco \u00e0 base de fluroxypyr. \u00c9limine les mauvaises herbes \u00e0 feuilles larges sans ab\u00eemer votre pelouse. Livraison rapide.","og_url":"https:\/\/saiga.es\/fr\/produit\/herbicide-selectif-pour-pelouse-lainco-fluroxypyr-contre-les-mauvaises-herbes\/","og_site_name":"SAIGA","article_modified_time":"2026-03-19T11:11:12+00:00","og_image":[{"width":1080,"height":1080,"url":"https:\/\/saiga.es\/wp-content\/uploads\/2026\/03\/herbicida-para-cesped.jpg","type":"image\/jpeg"}],"twitter_card":"summary_large_image","twitter_site":"@saiga_agro","twitter_misc":{"Dur\u00e9e de lecture estim\u00e9e":"1 minute"},"schema":{"@context":"https:\/\/schema.org","@graph":[{"@type":"WebPage","@id":"https:\/\/saiga.es\/fr\/produit\/herbicide-selectif-pour-pelouse-lainco-fluroxypyr-contre-les-mauvaises-herbes\/","url":"https:\/\/saiga.es\/fr\/produit\/herbicide-selectif-pour-pelouse-lainco-fluroxypyr-contre-les-mauvaises-herbes\/","name":"Herbicide s\u00e9lectif pour gazon \u00e0 feuilles larges","isPartOf":{"@id":"https:\/\/saiga.es\/fr\/#website"},"primaryImageOfPage":{"@id":"https:\/\/saiga.es\/fr\/produit\/herbicide-selectif-pour-pelouse-lainco-fluroxypyr-contre-les-mauvaises-herbes\/#primaryimage"},"image":{"@id":"https:\/\/saiga.es\/fr\/produit\/herbicide-selectif-pour-pelouse-lainco-fluroxypyr-contre-les-mauvaises-herbes\/#primaryimage"},"thumbnailUrl":"https:\/\/saiga.es\/wp-content\/uploads\/2026\/03\/herbicida-para-cesped.jpg","datePublished":"2026-03-19T09:27:19+00:00","dateModified":"2026-03-19T11:11:12+00:00","description":"Achetez l'herbicide s\u00e9lectif pour pelouse Lainco \u00e0 base de fluroxypyr. \u00c9limine les mauvaises herbes \u00e0 feuilles larges sans ab\u00eemer votre pelouse. Livraison rapide.","breadcrumb":{"@id":"https:\/\/saiga.es\/fr\/produit\/herbicide-selectif-pour-pelouse-lainco-fluroxypyr-contre-les-mauvaises-herbes\/#breadcrumb"},"inLanguage":"fr-FR","potentialAction":[{"@type":"ReadAction","target":["https:\/\/saiga.es\/fr\/produit\/herbicide-selectif-pour-pelouse-lainco-fluroxypyr-contre-les-mauvaises-herbes\/"]}]},{"@type":"ImageObject","inLanguage":"fr-FR","@id":"https:\/\/saiga.es\/fr\/produit\/herbicide-selectif-pour-pelouse-lainco-fluroxypyr-contre-les-mauvaises-herbes\/#primaryimage","url":"https:\/\/saiga.es\/wp-content\/uploads\/2026\/03\/herbicida-para-cesped.jpg","contentUrl":"https:\/\/saiga.es\/wp-content\/uploads\/2026\/03\/herbicida-para-cesped.jpg","width":1080,"height":1080,"caption":"Herbicide s\u00e9lectif pour gazon \u00e0 feuilles larges"},{"@type":"BreadcrumbList","@id":"https:\/\/saiga.es\/fr\/produit\/herbicide-selectif-pour-pelouse-lainco-fluroxypyr-contre-les-mauvaises-herbes\/#breadcrumb","itemListElement":[{"@type":"ListItem","position":1,"name":"Inici","item":"https:\/\/saiga.es\/fr\/"},{"@type":"ListItem","position":2,"name":"boutique","item":"https:\/\/saiga.es\/fr\/boutique\/"},{"@type":"ListItem","position":3,"name":"Herbicide s\u00e9lectif pour pelouse Lainco (fluroxypyr) contre les mauvaises herbes"}]},{"@type":"WebSite","@id":"https:\/\/saiga.es\/fr\/#website","url":"https:\/\/saiga.es\/fr\/","name":"SAIGA","description":"M\u00e9s de 50 anys al servei de la terra i treballant per a un \u00fas eficient de l\u2019aigua!","publisher":{"@id":"https:\/\/saiga.es\/fr\/#organization"},"potentialAction":[{"@type":"SearchAction","target":{"@type":"EntryPoint","urlTemplate":"https:\/\/saiga.es\/fr\/?s={search_term_string}"},"query-input":{"@type":"PropertyValueSpecification","valueRequired":true,"valueName":"search_term_string"}}],"inLanguage":"fr-FR"},{"@type":"Organization","@id":"https:\/\/saiga.es\/fr\/#organization","name":"SAIGA","url":"https:\/\/saiga.es\/fr\/","logo":{"@type":"ImageObject","inLanguage":"fr-FR","@id":"https:\/\/saiga.es\/fr\/#\/schema\/logo\/image\/","url":"https:\/\/saiga.es\/wp-content\/uploads\/2025\/07\/logo_saiga_baseline_optimitzat.svg","contentUrl":"https:\/\/saiga.es\/wp-content\/uploads\/2025\/07\/logo_saiga_baseline_optimitzat.svg","caption":"SAIGA"},"image":{"@id":"https:\/\/saiga.es\/fr\/#\/schema\/logo\/image\/"},"sameAs":["https:\/\/x.com\/saiga_agro","https:\/\/www.instagram.com\/saiga_agro\/"]}]}},"_links":{"self":[{"href":"https:\/\/saiga.es\/fr\/wp-json\/wp\/v2\/product\/18403","targetHints":{"allow":["GET"]}}],"collection":[{"href":"https:\/\/saiga.es\/fr\/wp-json\/wp\/v2\/product"}],"about":[{"href":"https:\/\/saiga.es\/fr\/wp-json\/wp\/v2\/types\/product"}],"replies":[{"embeddable":true,"href":"https:\/\/saiga.es\/fr\/wp-json\/wp\/v2\/comments?post=18403"}],"wp:featuredmedia":[{"embeddable":true,"href":"https:\/\/saiga.es\/fr\/wp-json\/wp\/v2\/media\/18399"}],"wp:attachment":[{"href":"https:\/\/saiga.es\/fr\/wp-json\/wp\/v2\/media?parent=18403"}],"wp:term":[{"taxonomy":"product_brand","embeddable":true,"href":"https:\/\/saiga.es\/fr\/wp-json\/wp\/v2\/product_brand?post=18403"},{"taxonomy":"product_cat","embeddable":true,"href":"https:\/\/saiga.es\/fr\/wp-json\/wp\/v2\/product_cat?post=18403"},{"taxonomy":"product_tag","embeddable":true,"href":"https:\/\/saiga.es\/fr\/wp-json\/wp\/v2\/product_tag?post=18403"}],"curies":[{"name":"wp","href":"https:\/\/api.w.org\/{rel}","templated":true}]}}