{"id":18415,"date":"2026-03-23T11:38:50","date_gmt":"2026-03-23T11:38:50","guid":{"rendered":"https:\/\/saiga.es\/producte\/serre-de-jardin-cerea-nortene-3x3x2-m-protegez-et-cultivez-toute-lannee\/"},"modified":"2026-03-23T11:38:50","modified_gmt":"2026-03-23T11:38:50","slug":"serre-de-jardin-cerea-nortene-3x3x2-m-protegez-et-cultivez-toute-lannee","status":"publish","type":"product","link":"https:\/\/saiga.es\/fr\/produit\/serre-de-jardin-cerea-nortene-3x3x2-m-protegez-et-cultivez-toute-lannee\/","title":{"rendered":"Serre de jardin Cerea Nortene 3x3x2 m \u2013 Prot\u00e9gez et cultivez toute l&rsquo;ann\u00e9e"},"content":{"rendered":"<p data-start=\"235\" data-end=\"502\">La serre de jardin Cerea Nortene 3x3x2 est la solution id\u00e9ale pour prot\u00e9ger vos plantes et optimiser vos r\u00e9coltes tout au long de l&rsquo;ann\u00e9e. Con\u00e7ue pour les terrasses et les jardins, elle offre un espace g\u00e9n\u00e9reux et fonctionnel permettant de cultiver l\u00e9gumes, fleurs et plantes en toute s\u00e9r\u00e9nit\u00e9. <\/p>\n<p data-start=\"504\" data-end=\"828\">Gr\u00e2ce \u00e0 sa structure robuste en acier galvanis\u00e9, elle garantit stabilit\u00e9 et grande durabilit\u00e9 quelles que soient les conditions climatiques. Sa b\u00e2che en poly\u00e9thyl\u00e8ne de 120 microns trait\u00e9e anti-UV assure une transmission optimale de la lumi\u00e8re, cr\u00e9ant ainsi un microclimat id\u00e9al pour favoriser la croissance des plantes. <\/p>\n<p data-start=\"830\" data-end=\"1064\">Avec des dimensions d&rsquo;environ 3 x 3 x 2 m\u00e8tres, cette serre offre un espace suffisant pour travailler confortablement \u00e0 l&rsquo;int\u00e9rieur et optimiser la culture. Elle est \u00e9galement \u00e9quip\u00e9e d&rsquo;une large porte facilitant l&rsquo;acc\u00e8s et la ventilation. <\/p>\n<p data-start=\"1066\" data-end=\"1260\">Cette serre est id\u00e9ale aussi bien pour les amateurs que pour les experts qui souhaitent avancer leurs r\u00e9coltes, prot\u00e9ger leurs cultures du froid, de la pluie ou du vent et maintenir un environnement contr\u00f4l\u00e9 tout au long de l&rsquo;ann\u00e9e.<\/p>\n<p data-start=\"1262\" data-end=\"1366\">Achetez d\u00e8s maintenant la serre Cerea Nortene et transformez votre jardin en un espace productif et prot\u00e9g\u00e9.<\/p>\n","protected":false},"excerpt":{"rendered":"<p>La serre de jardin Cerea Nortene 3x3x2 est la solution id\u00e9ale pour prot\u00e9ger vos plantes et am\u00e9liorer vos cultures tout au long de l&rsquo;ann\u00e9e.<\/p>\n","protected":false},"featured_media":18413,"comment_status":"closed","ping_status":"closed","template":"","meta":[],"product_brand":[],"product_cat":[2372],"product_tag":[],"class_list":{"0":"post-18415","1":"product","2":"type-product","3":"status-publish","4":"has-post-thumbnail","6":"product_cat-serres","8":"first","9":"instock","10":"taxable","11":"shipping-taxable","12":"purchasable","13":"product-type-simple"},"yoast_head":"<!-- This site is optimized with the Yoast SEO plugin v27.3 - https:\/\/yoast.com\/product\/yoast-seo-wordpress\/ -->\n<title>Serre de jardin 3x3<\/title>\n<meta name=\"description\" content=\"Prot\u00e9gez vos plantes toute l&#039;ann\u00e9e gr\u00e2ce \u00e0 la scie de jardin 3x3 qui vous permet de cultiver des l\u00e9gumes, des fleurs et des plantes dans votre jardin.\" \/>\n<meta name=\"robots\" content=\"index, follow, max-snippet:-1, max-image-preview:large, max-video-preview:-1\" \/>\n<link rel=\"canonical\" href=\"https:\/\/saiga.es\/fr\/produit\/serre-de-jardin-cerea-nortene-3x3x2-m-protegez-et-cultivez-toute-lannee\/\" \/>\n<meta property=\"og:locale\" content=\"fr_FR\" \/>\n<meta property=\"og:type\" content=\"article\" \/>\n<meta property=\"og:title\" content=\"Serre de jardin 3x3\" \/>\n<meta property=\"og:description\" content=\"Prot\u00e9gez vos plantes toute l&#039;ann\u00e9e gr\u00e2ce \u00e0 la scie de jardin 3x3 qui vous permet de cultiver des l\u00e9gumes, des fleurs et des plantes dans votre jardin.\" \/>\n<meta property=\"og:url\" content=\"https:\/\/saiga.es\/fr\/produit\/serre-de-jardin-cerea-nortene-3x3x2-m-protegez-et-cultivez-toute-lannee\/\" \/>\n<meta property=\"og:site_name\" content=\"SAIGA\" \/>\n<meta property=\"og:image\" content=\"https:\/\/saiga.es\/wp-content\/uploads\/2026\/03\/biotrituradora-honda-bio510-de-lloguer-3.jpg\" \/>\n\t<meta property=\"og:image:width\" content=\"1080\" \/>\n\t<meta property=\"og:image:height\" content=\"1080\" \/>\n\t<meta property=\"og:image:type\" content=\"image\/jpeg\" \/>\n<meta name=\"twitter:card\" content=\"summary_large_image\" \/>\n<meta name=\"twitter:site\" content=\"@saiga_agro\" \/>\n<meta name=\"twitter:label1\" content=\"Dur\u00e9e de lecture estim\u00e9e\" \/>\n\t<meta name=\"twitter:data1\" content=\"1 minute\" \/>\n<script type=\"application\/ld+json\" class=\"yoast-schema-graph\">{\"@context\":\"https:\\\/\\\/schema.org\",\"@graph\":[{\"@type\":\"WebPage\",\"@id\":\"https:\\\/\\\/saiga.es\\\/fr\\\/produit\\\/serre-de-jardin-cerea-nortene-3x3x2-m-protegez-et-cultivez-toute-lannee\\\/\",\"url\":\"https:\\\/\\\/saiga.es\\\/fr\\\/produit\\\/serre-de-jardin-cerea-nortene-3x3x2-m-protegez-et-cultivez-toute-lannee\\\/\",\"name\":\"Serre de jardin 3x3\",\"isPartOf\":{\"@id\":\"https:\\\/\\\/saiga.es\\\/fr\\\/#website\"},\"primaryImageOfPage\":{\"@id\":\"https:\\\/\\\/saiga.es\\\/fr\\\/produit\\\/serre-de-jardin-cerea-nortene-3x3x2-m-protegez-et-cultivez-toute-lannee\\\/#primaryimage\"},\"image\":{\"@id\":\"https:\\\/\\\/saiga.es\\\/fr\\\/produit\\\/serre-de-jardin-cerea-nortene-3x3x2-m-protegez-et-cultivez-toute-lannee\\\/#primaryimage\"},\"thumbnailUrl\":\"https:\\\/\\\/saiga.es\\\/wp-content\\\/uploads\\\/2026\\\/03\\\/biotrituradora-honda-bio510-de-lloguer-3.jpg\",\"datePublished\":\"2026-03-23T11:38:50+00:00\",\"description\":\"Prot\u00e9gez vos plantes toute l'ann\u00e9e gr\u00e2ce \u00e0 la scie de jardin 3x3 qui vous permet de cultiver des l\u00e9gumes, des fleurs et des plantes dans votre jardin.\",\"breadcrumb\":{\"@id\":\"https:\\\/\\\/saiga.es\\\/fr\\\/produit\\\/serre-de-jardin-cerea-nortene-3x3x2-m-protegez-et-cultivez-toute-lannee\\\/#breadcrumb\"},\"inLanguage\":\"fr-FR\",\"potentialAction\":[{\"@type\":\"ReadAction\",\"target\":[\"https:\\\/\\\/saiga.es\\\/fr\\\/produit\\\/serre-de-jardin-cerea-nortene-3x3x2-m-protegez-et-cultivez-toute-lannee\\\/\"]}]},{\"@type\":\"ImageObject\",\"inLanguage\":\"fr-FR\",\"@id\":\"https:\\\/\\\/saiga.es\\\/fr\\\/produit\\\/serre-de-jardin-cerea-nortene-3x3x2-m-protegez-et-cultivez-toute-lannee\\\/#primaryimage\",\"url\":\"https:\\\/\\\/saiga.es\\\/wp-content\\\/uploads\\\/2026\\\/03\\\/biotrituradora-honda-bio510-de-lloguer-3.jpg\",\"contentUrl\":\"https:\\\/\\\/saiga.es\\\/wp-content\\\/uploads\\\/2026\\\/03\\\/biotrituradora-honda-bio510-de-lloguer-3.jpg\",\"width\":1080,\"height\":1080,\"caption\":\"Serre de jardin 3x3\"},{\"@type\":\"BreadcrumbList\",\"@id\":\"https:\\\/\\\/saiga.es\\\/fr\\\/produit\\\/serre-de-jardin-cerea-nortene-3x3x2-m-protegez-et-cultivez-toute-lannee\\\/#breadcrumb\",\"itemListElement\":[{\"@type\":\"ListItem\",\"position\":1,\"name\":\"Inici\",\"item\":\"https:\\\/\\\/saiga.es\\\/fr\\\/\"},{\"@type\":\"ListItem\",\"position\":2,\"name\":\"boutique\",\"item\":\"https:\\\/\\\/saiga.es\\\/fr\\\/boutique\\\/\"},{\"@type\":\"ListItem\",\"position\":3,\"name\":\"Serre de jardin Cerea Nortene 3x3x2 m \u2013 Prot\u00e9gez et cultivez toute l&rsquo;ann\u00e9e\"}]},{\"@type\":\"WebSite\",\"@id\":\"https:\\\/\\\/saiga.es\\\/fr\\\/#website\",\"url\":\"https:\\\/\\\/saiga.es\\\/fr\\\/\",\"name\":\"SAIGA\",\"description\":\"M\u00e9s de 50 anys al servei de la terra i treballant per a un \u00fas eficient de l\u2019aigua!\",\"publisher\":{\"@id\":\"https:\\\/\\\/saiga.es\\\/fr\\\/#organization\"},\"potentialAction\":[{\"@type\":\"SearchAction\",\"target\":{\"@type\":\"EntryPoint\",\"urlTemplate\":\"https:\\\/\\\/saiga.es\\\/fr\\\/?s={search_term_string}\"},\"query-input\":{\"@type\":\"PropertyValueSpecification\",\"valueRequired\":true,\"valueName\":\"search_term_string\"}}],\"inLanguage\":\"fr-FR\"},{\"@type\":\"Organization\",\"@id\":\"https:\\\/\\\/saiga.es\\\/fr\\\/#organization\",\"name\":\"SAIGA\",\"url\":\"https:\\\/\\\/saiga.es\\\/fr\\\/\",\"logo\":{\"@type\":\"ImageObject\",\"inLanguage\":\"fr-FR\",\"@id\":\"https:\\\/\\\/saiga.es\\\/fr\\\/#\\\/schema\\\/logo\\\/image\\\/\",\"url\":\"https:\\\/\\\/saiga.es\\\/wp-content\\\/uploads\\\/2025\\\/07\\\/logo_saiga_baseline_optimitzat.svg\",\"contentUrl\":\"https:\\\/\\\/saiga.es\\\/wp-content\\\/uploads\\\/2025\\\/07\\\/logo_saiga_baseline_optimitzat.svg\",\"caption\":\"SAIGA\"},\"image\":{\"@id\":\"https:\\\/\\\/saiga.es\\\/fr\\\/#\\\/schema\\\/logo\\\/image\\\/\"},\"sameAs\":[\"https:\\\/\\\/x.com\\\/saiga_agro\",\"https:\\\/\\\/www.instagram.com\\\/saiga_agro\\\/\"]}]}<\/script>\n<!-- \/ Yoast SEO plugin. -->","yoast_head_json":{"title":"Serre de jardin 3x3","description":"Prot\u00e9gez vos plantes toute l'ann\u00e9e gr\u00e2ce \u00e0 la scie de jardin 3x3 qui vous permet de cultiver des l\u00e9gumes, des fleurs et des plantes dans votre jardin.","robots":{"index":"index","follow":"follow","max-snippet":"max-snippet:-1","max-image-preview":"max-image-preview:large","max-video-preview":"max-video-preview:-1"},"canonical":"https:\/\/saiga.es\/fr\/produit\/serre-de-jardin-cerea-nortene-3x3x2-m-protegez-et-cultivez-toute-lannee\/","og_locale":"fr_FR","og_type":"article","og_title":"Serre de jardin 3x3","og_description":"Prot\u00e9gez vos plantes toute l'ann\u00e9e gr\u00e2ce \u00e0 la scie de jardin 3x3 qui vous permet de cultiver des l\u00e9gumes, des fleurs et des plantes dans votre jardin.","og_url":"https:\/\/saiga.es\/fr\/produit\/serre-de-jardin-cerea-nortene-3x3x2-m-protegez-et-cultivez-toute-lannee\/","og_site_name":"SAIGA","og_image":[{"width":1080,"height":1080,"url":"https:\/\/saiga.es\/wp-content\/uploads\/2026\/03\/biotrituradora-honda-bio510-de-lloguer-3.jpg","type":"image\/jpeg"}],"twitter_card":"summary_large_image","twitter_site":"@saiga_agro","twitter_misc":{"Dur\u00e9e de lecture estim\u00e9e":"1 minute"},"schema":{"@context":"https:\/\/schema.org","@graph":[{"@type":"WebPage","@id":"https:\/\/saiga.es\/fr\/produit\/serre-de-jardin-cerea-nortene-3x3x2-m-protegez-et-cultivez-toute-lannee\/","url":"https:\/\/saiga.es\/fr\/produit\/serre-de-jardin-cerea-nortene-3x3x2-m-protegez-et-cultivez-toute-lannee\/","name":"Serre de jardin 3x3","isPartOf":{"@id":"https:\/\/saiga.es\/fr\/#website"},"primaryImageOfPage":{"@id":"https:\/\/saiga.es\/fr\/produit\/serre-de-jardin-cerea-nortene-3x3x2-m-protegez-et-cultivez-toute-lannee\/#primaryimage"},"image":{"@id":"https:\/\/saiga.es\/fr\/produit\/serre-de-jardin-cerea-nortene-3x3x2-m-protegez-et-cultivez-toute-lannee\/#primaryimage"},"thumbnailUrl":"https:\/\/saiga.es\/wp-content\/uploads\/2026\/03\/biotrituradora-honda-bio510-de-lloguer-3.jpg","datePublished":"2026-03-23T11:38:50+00:00","description":"Prot\u00e9gez vos plantes toute l'ann\u00e9e gr\u00e2ce \u00e0 la scie de jardin 3x3 qui vous permet de cultiver des l\u00e9gumes, des fleurs et des plantes dans votre jardin.","breadcrumb":{"@id":"https:\/\/saiga.es\/fr\/produit\/serre-de-jardin-cerea-nortene-3x3x2-m-protegez-et-cultivez-toute-lannee\/#breadcrumb"},"inLanguage":"fr-FR","potentialAction":[{"@type":"ReadAction","target":["https:\/\/saiga.es\/fr\/produit\/serre-de-jardin-cerea-nortene-3x3x2-m-protegez-et-cultivez-toute-lannee\/"]}]},{"@type":"ImageObject","inLanguage":"fr-FR","@id":"https:\/\/saiga.es\/fr\/produit\/serre-de-jardin-cerea-nortene-3x3x2-m-protegez-et-cultivez-toute-lannee\/#primaryimage","url":"https:\/\/saiga.es\/wp-content\/uploads\/2026\/03\/biotrituradora-honda-bio510-de-lloguer-3.jpg","contentUrl":"https:\/\/saiga.es\/wp-content\/uploads\/2026\/03\/biotrituradora-honda-bio510-de-lloguer-3.jpg","width":1080,"height":1080,"caption":"Serre de jardin 3x3"},{"@type":"BreadcrumbList","@id":"https:\/\/saiga.es\/fr\/produit\/serre-de-jardin-cerea-nortene-3x3x2-m-protegez-et-cultivez-toute-lannee\/#breadcrumb","itemListElement":[{"@type":"ListItem","position":1,"name":"Inici","item":"https:\/\/saiga.es\/fr\/"},{"@type":"ListItem","position":2,"name":"boutique","item":"https:\/\/saiga.es\/fr\/boutique\/"},{"@type":"ListItem","position":3,"name":"Serre de jardin Cerea Nortene 3x3x2 m \u2013 Prot\u00e9gez et cultivez toute l&rsquo;ann\u00e9e"}]},{"@type":"WebSite","@id":"https:\/\/saiga.es\/fr\/#website","url":"https:\/\/saiga.es\/fr\/","name":"SAIGA","description":"M\u00e9s de 50 anys al servei de la terra i treballant per a un \u00fas eficient de l\u2019aigua!","publisher":{"@id":"https:\/\/saiga.es\/fr\/#organization"},"potentialAction":[{"@type":"SearchAction","target":{"@type":"EntryPoint","urlTemplate":"https:\/\/saiga.es\/fr\/?s={search_term_string}"},"query-input":{"@type":"PropertyValueSpecification","valueRequired":true,"valueName":"search_term_string"}}],"inLanguage":"fr-FR"},{"@type":"Organization","@id":"https:\/\/saiga.es\/fr\/#organization","name":"SAIGA","url":"https:\/\/saiga.es\/fr\/","logo":{"@type":"ImageObject","inLanguage":"fr-FR","@id":"https:\/\/saiga.es\/fr\/#\/schema\/logo\/image\/","url":"https:\/\/saiga.es\/wp-content\/uploads\/2025\/07\/logo_saiga_baseline_optimitzat.svg","contentUrl":"https:\/\/saiga.es\/wp-content\/uploads\/2025\/07\/logo_saiga_baseline_optimitzat.svg","caption":"SAIGA"},"image":{"@id":"https:\/\/saiga.es\/fr\/#\/schema\/logo\/image\/"},"sameAs":["https:\/\/x.com\/saiga_agro","https:\/\/www.instagram.com\/saiga_agro\/"]}]}},"_links":{"self":[{"href":"https:\/\/saiga.es\/fr\/wp-json\/wp\/v2\/product\/18415","targetHints":{"allow":["GET"]}}],"collection":[{"href":"https:\/\/saiga.es\/fr\/wp-json\/wp\/v2\/product"}],"about":[{"href":"https:\/\/saiga.es\/fr\/wp-json\/wp\/v2\/types\/product"}],"replies":[{"embeddable":true,"href":"https:\/\/saiga.es\/fr\/wp-json\/wp\/v2\/comments?post=18415"}],"wp:featuredmedia":[{"embeddable":true,"href":"https:\/\/saiga.es\/fr\/wp-json\/wp\/v2\/media\/18413"}],"wp:attachment":[{"href":"https:\/\/saiga.es\/fr\/wp-json\/wp\/v2\/media?parent=18415"}],"wp:term":[{"taxonomy":"product_brand","embeddable":true,"href":"https:\/\/saiga.es\/fr\/wp-json\/wp\/v2\/product_brand?post=18415"},{"taxonomy":"product_cat","embeddable":true,"href":"https:\/\/saiga.es\/fr\/wp-json\/wp\/v2\/product_cat?post=18415"},{"taxonomy":"product_tag","embeddable":true,"href":"https:\/\/saiga.es\/fr\/wp-json\/wp\/v2\/product_tag?post=18415"}],"curies":[{"name":"wp","href":"https:\/\/api.w.org\/{rel}","templated":true}]}}