{"id":18436,"date":"2026-03-23T14:58:25","date_gmt":"2026-03-23T14:58:25","guid":{"rendered":"https:\/\/saiga.es\/producte\/fruitsac-nortene-protecteurs-de-fruits-protection-naturelle-contre-les-insectes-et-les-oiseaux\/"},"modified":"2026-03-23T14:58:25","modified_gmt":"2026-03-23T14:58:25","slug":"fruitsac-nortene-protecteurs-de-fruits-protection-naturelle-contre-les-insectes-et-les-oiseaux","status":"publish","type":"product","link":"https:\/\/saiga.es\/fr\/produit\/fruitsac-nortene-protecteurs-de-fruits-protection-naturelle-contre-les-insectes-et-les-oiseaux\/","title":{"rendered":"Fruitsac Nortene, protecteurs de fruits \u2013 Protection naturelle contre les insectes et les oiseaux"},"content":{"rendered":"<p>Les protections pour fruits Fruitsac Nortene sont la solution id\u00e9ale pour prot\u00e9ger individuellement chaque fruit durant sa croissance. Fabriqu\u00e9es en papier micro-perfor\u00e9 respirant, elles permettent une ventilation optimale tout en assurant une protection efficace. <\/p>\n<p>Ce syst\u00e8me est id\u00e9al pour les arbres fruitiers tels que les poiriers et les vignes, car il pr\u00e9vient les dommages caus\u00e9s par les insectes et les oiseaux, r\u00e9duisant ainsi les pertes de r\u00e9colte et am\u00e9liorant la qualit\u00e9 des fruits.<\/p>\n<p>Son installation est tr\u00e8s simple : il suffit de placer le sac autour de chaque fruit d\u00e8s le printemps, cr\u00e9ant ainsi une barri\u00e8re physique s\u00fbre qui respecte le d\u00e9veloppement naturel de la plante.<\/p>\n<p>Gr\u00e2ce \u00e0 leur conception l\u00e9g\u00e8re et \u00e9cologique, les Fruitsacs permettent une protection efficace sans avoir recours \u00e0 des produits chimiques, ce qui en fait une option durable pour le verger et le jardin.<\/p>\n<p>Prot\u00e9gez votre r\u00e9colte facilement, naturellement et efficacement avec les protecteurs de fruits Fruitsac Nortene.<\/p>\n","protected":false},"excerpt":{"rendered":"<p>Les protecteurs de fruits Fruitsac Nortene sont la solution id\u00e9ale pour prot\u00e9ger individuellement chaque fruit pendant sa croissance.<\/p>\n","protected":false},"featured_media":18420,"comment_status":"closed","ping_status":"closed","template":"","meta":[],"product_brand":[],"product_cat":[439,1551],"product_tag":[],"class_list":{"0":"post-18436","1":"product","2":"type-product","3":"status-publish","4":"has-post-thumbnail","6":"product_cat-biocides-fr","7":"product_cat-produits-naturels","9":"first","10":"instock","11":"taxable","12":"shipping-taxable","13":"purchasable","14":"product-type-variable"},"yoast_head":"<!-- This site is optimized with the Yoast SEO plugin v27.3 - https:\/\/yoast.com\/product\/yoast-seo-wordpress\/ -->\n<title>Protecteurs de fruits Fruitsac Nortene<\/title>\n<meta name=\"description\" content=\"Les prot\u00e8ge-fruits Fruitsac Nortene prot\u00e8gent chaque fruit des insectes et des oiseaux gr\u00e2ce \u00e0 un papier micro-perfor\u00e9 respirant. Id\u00e9aux pour les arbres fruitiers.\" \/>\n<meta name=\"robots\" content=\"index, follow, max-snippet:-1, max-image-preview:large, max-video-preview:-1\" \/>\n<link rel=\"canonical\" href=\"https:\/\/saiga.es\/fr\/produit\/fruitsac-nortene-protecteurs-de-fruits-protection-naturelle-contre-les-insectes-et-les-oiseaux\/\" \/>\n<meta property=\"og:locale\" content=\"fr_FR\" \/>\n<meta property=\"og:type\" content=\"article\" \/>\n<meta property=\"og:title\" content=\"Protecteurs de fruits Fruitsac Nortene\" \/>\n<meta property=\"og:description\" content=\"Les prot\u00e8ge-fruits Fruitsac Nortene prot\u00e8gent chaque fruit des insectes et des oiseaux gr\u00e2ce \u00e0 un papier micro-perfor\u00e9 respirant. Id\u00e9aux pour les arbres fruitiers.\" \/>\n<meta property=\"og:url\" content=\"https:\/\/saiga.es\/fr\/produit\/fruitsac-nortene-protecteurs-de-fruits-protection-naturelle-contre-les-insectes-et-les-oiseaux\/\" \/>\n<meta property=\"og:site_name\" content=\"SAIGA\" \/>\n<meta property=\"og:image\" content=\"https:\/\/saiga.es\/wp-content\/uploads\/2026\/03\/Fruitsac-proteccio-fruita.jpg\" \/>\n\t<meta property=\"og:image:width\" content=\"1080\" \/>\n\t<meta property=\"og:image:height\" content=\"1080\" \/>\n\t<meta property=\"og:image:type\" content=\"image\/jpeg\" \/>\n<meta name=\"twitter:card\" content=\"summary_large_image\" \/>\n<meta name=\"twitter:site\" content=\"@saiga_agro\" \/>\n<meta name=\"twitter:label1\" content=\"Dur\u00e9e de lecture estim\u00e9e\" \/>\n\t<meta name=\"twitter:data1\" content=\"1 minute\" \/>\n<script type=\"application\/ld+json\" class=\"yoast-schema-graph\">{\"@context\":\"https:\\\/\\\/schema.org\",\"@graph\":[{\"@type\":\"WebPage\",\"@id\":\"https:\\\/\\\/saiga.es\\\/fr\\\/produit\\\/fruitsac-nortene-protecteurs-de-fruits-protection-naturelle-contre-les-insectes-et-les-oiseaux\\\/\",\"url\":\"https:\\\/\\\/saiga.es\\\/fr\\\/produit\\\/fruitsac-nortene-protecteurs-de-fruits-protection-naturelle-contre-les-insectes-et-les-oiseaux\\\/\",\"name\":\"Protecteurs de fruits Fruitsac Nortene\",\"isPartOf\":{\"@id\":\"https:\\\/\\\/saiga.es\\\/fr\\\/#website\"},\"primaryImageOfPage\":{\"@id\":\"https:\\\/\\\/saiga.es\\\/fr\\\/produit\\\/fruitsac-nortene-protecteurs-de-fruits-protection-naturelle-contre-les-insectes-et-les-oiseaux\\\/#primaryimage\"},\"image\":{\"@id\":\"https:\\\/\\\/saiga.es\\\/fr\\\/produit\\\/fruitsac-nortene-protecteurs-de-fruits-protection-naturelle-contre-les-insectes-et-les-oiseaux\\\/#primaryimage\"},\"thumbnailUrl\":\"https:\\\/\\\/saiga.es\\\/wp-content\\\/uploads\\\/2026\\\/03\\\/Fruitsac-proteccio-fruita.jpg\",\"datePublished\":\"2026-03-23T14:58:25+00:00\",\"description\":\"Les prot\u00e8ge-fruits Fruitsac Nortene prot\u00e8gent chaque fruit des insectes et des oiseaux gr\u00e2ce \u00e0 un papier micro-perfor\u00e9 respirant. Id\u00e9aux pour les arbres fruitiers.\",\"breadcrumb\":{\"@id\":\"https:\\\/\\\/saiga.es\\\/fr\\\/produit\\\/fruitsac-nortene-protecteurs-de-fruits-protection-naturelle-contre-les-insectes-et-les-oiseaux\\\/#breadcrumb\"},\"inLanguage\":\"fr-FR\",\"potentialAction\":[{\"@type\":\"ReadAction\",\"target\":[\"https:\\\/\\\/saiga.es\\\/fr\\\/produit\\\/fruitsac-nortene-protecteurs-de-fruits-protection-naturelle-contre-les-insectes-et-les-oiseaux\\\/\"]}]},{\"@type\":\"ImageObject\",\"inLanguage\":\"fr-FR\",\"@id\":\"https:\\\/\\\/saiga.es\\\/fr\\\/produit\\\/fruitsac-nortene-protecteurs-de-fruits-protection-naturelle-contre-les-insectes-et-les-oiseaux\\\/#primaryimage\",\"url\":\"https:\\\/\\\/saiga.es\\\/wp-content\\\/uploads\\\/2026\\\/03\\\/Fruitsac-proteccio-fruita.jpg\",\"contentUrl\":\"https:\\\/\\\/saiga.es\\\/wp-content\\\/uploads\\\/2026\\\/03\\\/Fruitsac-proteccio-fruita.jpg\",\"width\":1080,\"height\":1080,\"caption\":\"Protection des fruits Fruitsac\"},{\"@type\":\"BreadcrumbList\",\"@id\":\"https:\\\/\\\/saiga.es\\\/fr\\\/produit\\\/fruitsac-nortene-protecteurs-de-fruits-protection-naturelle-contre-les-insectes-et-les-oiseaux\\\/#breadcrumb\",\"itemListElement\":[{\"@type\":\"ListItem\",\"position\":1,\"name\":\"Inici\",\"item\":\"https:\\\/\\\/saiga.es\\\/fr\\\/\"},{\"@type\":\"ListItem\",\"position\":2,\"name\":\"boutique\",\"item\":\"https:\\\/\\\/saiga.es\\\/fr\\\/boutique\\\/\"},{\"@type\":\"ListItem\",\"position\":3,\"name\":\"Fruitsac Nortene, protecteurs de fruits \u2013 Protection naturelle contre les insectes et les oiseaux\"}]},{\"@type\":\"WebSite\",\"@id\":\"https:\\\/\\\/saiga.es\\\/fr\\\/#website\",\"url\":\"https:\\\/\\\/saiga.es\\\/fr\\\/\",\"name\":\"SAIGA\",\"description\":\"M\u00e9s de 50 anys al servei de la terra i treballant per a un \u00fas eficient de l\u2019aigua!\",\"publisher\":{\"@id\":\"https:\\\/\\\/saiga.es\\\/fr\\\/#organization\"},\"potentialAction\":[{\"@type\":\"SearchAction\",\"target\":{\"@type\":\"EntryPoint\",\"urlTemplate\":\"https:\\\/\\\/saiga.es\\\/fr\\\/?s={search_term_string}\"},\"query-input\":{\"@type\":\"PropertyValueSpecification\",\"valueRequired\":true,\"valueName\":\"search_term_string\"}}],\"inLanguage\":\"fr-FR\"},{\"@type\":\"Organization\",\"@id\":\"https:\\\/\\\/saiga.es\\\/fr\\\/#organization\",\"name\":\"SAIGA\",\"url\":\"https:\\\/\\\/saiga.es\\\/fr\\\/\",\"logo\":{\"@type\":\"ImageObject\",\"inLanguage\":\"fr-FR\",\"@id\":\"https:\\\/\\\/saiga.es\\\/fr\\\/#\\\/schema\\\/logo\\\/image\\\/\",\"url\":\"https:\\\/\\\/saiga.es\\\/wp-content\\\/uploads\\\/2025\\\/07\\\/logo_saiga_baseline_optimitzat.svg\",\"contentUrl\":\"https:\\\/\\\/saiga.es\\\/wp-content\\\/uploads\\\/2025\\\/07\\\/logo_saiga_baseline_optimitzat.svg\",\"caption\":\"SAIGA\"},\"image\":{\"@id\":\"https:\\\/\\\/saiga.es\\\/fr\\\/#\\\/schema\\\/logo\\\/image\\\/\"},\"sameAs\":[\"https:\\\/\\\/x.com\\\/saiga_agro\",\"https:\\\/\\\/www.instagram.com\\\/saiga_agro\\\/\"]}]}<\/script>\n<!-- \/ Yoast SEO plugin. -->","yoast_head_json":{"title":"Protecteurs de fruits Fruitsac Nortene","description":"Les prot\u00e8ge-fruits Fruitsac Nortene prot\u00e8gent chaque fruit des insectes et des oiseaux gr\u00e2ce \u00e0 un papier micro-perfor\u00e9 respirant. Id\u00e9aux pour les arbres fruitiers.","robots":{"index":"index","follow":"follow","max-snippet":"max-snippet:-1","max-image-preview":"max-image-preview:large","max-video-preview":"max-video-preview:-1"},"canonical":"https:\/\/saiga.es\/fr\/produit\/fruitsac-nortene-protecteurs-de-fruits-protection-naturelle-contre-les-insectes-et-les-oiseaux\/","og_locale":"fr_FR","og_type":"article","og_title":"Protecteurs de fruits Fruitsac Nortene","og_description":"Les prot\u00e8ge-fruits Fruitsac Nortene prot\u00e8gent chaque fruit des insectes et des oiseaux gr\u00e2ce \u00e0 un papier micro-perfor\u00e9 respirant. Id\u00e9aux pour les arbres fruitiers.","og_url":"https:\/\/saiga.es\/fr\/produit\/fruitsac-nortene-protecteurs-de-fruits-protection-naturelle-contre-les-insectes-et-les-oiseaux\/","og_site_name":"SAIGA","og_image":[{"width":1080,"height":1080,"url":"https:\/\/saiga.es\/wp-content\/uploads\/2026\/03\/Fruitsac-proteccio-fruita.jpg","type":"image\/jpeg"}],"twitter_card":"summary_large_image","twitter_site":"@saiga_agro","twitter_misc":{"Dur\u00e9e de lecture estim\u00e9e":"1 minute"},"schema":{"@context":"https:\/\/schema.org","@graph":[{"@type":"WebPage","@id":"https:\/\/saiga.es\/fr\/produit\/fruitsac-nortene-protecteurs-de-fruits-protection-naturelle-contre-les-insectes-et-les-oiseaux\/","url":"https:\/\/saiga.es\/fr\/produit\/fruitsac-nortene-protecteurs-de-fruits-protection-naturelle-contre-les-insectes-et-les-oiseaux\/","name":"Protecteurs de fruits Fruitsac Nortene","isPartOf":{"@id":"https:\/\/saiga.es\/fr\/#website"},"primaryImageOfPage":{"@id":"https:\/\/saiga.es\/fr\/produit\/fruitsac-nortene-protecteurs-de-fruits-protection-naturelle-contre-les-insectes-et-les-oiseaux\/#primaryimage"},"image":{"@id":"https:\/\/saiga.es\/fr\/produit\/fruitsac-nortene-protecteurs-de-fruits-protection-naturelle-contre-les-insectes-et-les-oiseaux\/#primaryimage"},"thumbnailUrl":"https:\/\/saiga.es\/wp-content\/uploads\/2026\/03\/Fruitsac-proteccio-fruita.jpg","datePublished":"2026-03-23T14:58:25+00:00","description":"Les prot\u00e8ge-fruits Fruitsac Nortene prot\u00e8gent chaque fruit des insectes et des oiseaux gr\u00e2ce \u00e0 un papier micro-perfor\u00e9 respirant. Id\u00e9aux pour les arbres fruitiers.","breadcrumb":{"@id":"https:\/\/saiga.es\/fr\/produit\/fruitsac-nortene-protecteurs-de-fruits-protection-naturelle-contre-les-insectes-et-les-oiseaux\/#breadcrumb"},"inLanguage":"fr-FR","potentialAction":[{"@type":"ReadAction","target":["https:\/\/saiga.es\/fr\/produit\/fruitsac-nortene-protecteurs-de-fruits-protection-naturelle-contre-les-insectes-et-les-oiseaux\/"]}]},{"@type":"ImageObject","inLanguage":"fr-FR","@id":"https:\/\/saiga.es\/fr\/produit\/fruitsac-nortene-protecteurs-de-fruits-protection-naturelle-contre-les-insectes-et-les-oiseaux\/#primaryimage","url":"https:\/\/saiga.es\/wp-content\/uploads\/2026\/03\/Fruitsac-proteccio-fruita.jpg","contentUrl":"https:\/\/saiga.es\/wp-content\/uploads\/2026\/03\/Fruitsac-proteccio-fruita.jpg","width":1080,"height":1080,"caption":"Protection des fruits Fruitsac"},{"@type":"BreadcrumbList","@id":"https:\/\/saiga.es\/fr\/produit\/fruitsac-nortene-protecteurs-de-fruits-protection-naturelle-contre-les-insectes-et-les-oiseaux\/#breadcrumb","itemListElement":[{"@type":"ListItem","position":1,"name":"Inici","item":"https:\/\/saiga.es\/fr\/"},{"@type":"ListItem","position":2,"name":"boutique","item":"https:\/\/saiga.es\/fr\/boutique\/"},{"@type":"ListItem","position":3,"name":"Fruitsac Nortene, protecteurs de fruits \u2013 Protection naturelle contre les insectes et les oiseaux"}]},{"@type":"WebSite","@id":"https:\/\/saiga.es\/fr\/#website","url":"https:\/\/saiga.es\/fr\/","name":"SAIGA","description":"M\u00e9s de 50 anys al servei de la terra i treballant per a un \u00fas eficient de l\u2019aigua!","publisher":{"@id":"https:\/\/saiga.es\/fr\/#organization"},"potentialAction":[{"@type":"SearchAction","target":{"@type":"EntryPoint","urlTemplate":"https:\/\/saiga.es\/fr\/?s={search_term_string}"},"query-input":{"@type":"PropertyValueSpecification","valueRequired":true,"valueName":"search_term_string"}}],"inLanguage":"fr-FR"},{"@type":"Organization","@id":"https:\/\/saiga.es\/fr\/#organization","name":"SAIGA","url":"https:\/\/saiga.es\/fr\/","logo":{"@type":"ImageObject","inLanguage":"fr-FR","@id":"https:\/\/saiga.es\/fr\/#\/schema\/logo\/image\/","url":"https:\/\/saiga.es\/wp-content\/uploads\/2025\/07\/logo_saiga_baseline_optimitzat.svg","contentUrl":"https:\/\/saiga.es\/wp-content\/uploads\/2025\/07\/logo_saiga_baseline_optimitzat.svg","caption":"SAIGA"},"image":{"@id":"https:\/\/saiga.es\/fr\/#\/schema\/logo\/image\/"},"sameAs":["https:\/\/x.com\/saiga_agro","https:\/\/www.instagram.com\/saiga_agro\/"]}]}},"_links":{"self":[{"href":"https:\/\/saiga.es\/fr\/wp-json\/wp\/v2\/product\/18436","targetHints":{"allow":["GET"]}}],"collection":[{"href":"https:\/\/saiga.es\/fr\/wp-json\/wp\/v2\/product"}],"about":[{"href":"https:\/\/saiga.es\/fr\/wp-json\/wp\/v2\/types\/product"}],"replies":[{"embeddable":true,"href":"https:\/\/saiga.es\/fr\/wp-json\/wp\/v2\/comments?post=18436"}],"wp:featuredmedia":[{"embeddable":true,"href":"https:\/\/saiga.es\/fr\/wp-json\/wp\/v2\/media\/18420"}],"wp:attachment":[{"href":"https:\/\/saiga.es\/fr\/wp-json\/wp\/v2\/media?parent=18436"}],"wp:term":[{"taxonomy":"product_brand","embeddable":true,"href":"https:\/\/saiga.es\/fr\/wp-json\/wp\/v2\/product_brand?post=18436"},{"taxonomy":"product_cat","embeddable":true,"href":"https:\/\/saiga.es\/fr\/wp-json\/wp\/v2\/product_cat?post=18436"},{"taxonomy":"product_tag","embeddable":true,"href":"https:\/\/saiga.es\/fr\/wp-json\/wp\/v2\/product_tag?post=18436"}],"curies":[{"name":"wp","href":"https:\/\/api.w.org\/{rel}","templated":true}]}}