{"id":6600,"date":"2024-01-11T14:08:06","date_gmt":"2024-01-11T14:08:06","guid":{"rendered":"https:\/\/botiga.saiga.es\/?post_type=product&#038;p=6600"},"modified":"2025-10-24T10:10:41","modified_gmt":"2025-10-24T10:10:41","slug":"forca-de-5-pues-amb-manec-de-fusta-i-anella-de-metall","status":"publish","type":"product","link":"https:\/\/saiga.es\/fr\/produit\/forca-de-5-pues-amb-manec-de-fusta-i-anella-de-metall\/","title":{"rendered":"Forca de 5 pues amb m\u00e0nec de fusta i anella de metall"},"content":{"rendered":"<p>Amb la nostra forca de 5 p\u00faes, la tasca al jard\u00ed es converteix en una experi\u00e8ncia eficient i f\u00e0cil. Aquesta robusta eina de jardineria est\u00e0 dissenyada amb precisi\u00f3 per a oferir rendiment i durabilitat. El m\u00e0nec de fusta proporciona un agafament c\u00f2mode i natural, mentre que l&rsquo;anella de metall a la part superior garanteix una connexi\u00f3 segura i estable amb les p\u00faes.<\/p>\n<p>Les 5 p\u00faes d&rsquo;aquesta forca estan fabricades amb materials d&rsquo;alta qualitat, proporcionant una resist\u00e8ncia excepcional per a treballs pesats de llaurar i voltejar la terra. Amb un disseny ergon\u00f2mic, aquesta forca ofereix un maneig \u00f2ptim i facilitat d&rsquo;\u00fas, adaptant-se perfectament a les necessitats dels jardiners professionals i aficionats.<\/p>\n","protected":false},"excerpt":{"rendered":"<p>Amb la nostra forca de 5 p\u00faes, la tasca al jard\u00ed es converteix en una experi\u00e8ncia eficient i f\u00e0cil. Aquesta robusta eina de jardineria est\u00e0 dissenyada amb precisi\u00f3 per a oferir rendiment i durabilitat.<\/p>\n","protected":false},"featured_media":11802,"comment_status":"open","ping_status":"closed","template":"","meta":[],"product_brand":[],"product_cat":[353],"product_tag":[],"class_list":{"0":"post-6600","1":"product","2":"type-product","3":"status-publish","4":"has-post-thumbnail","6":"product_cat-pales","8":"first","9":"instock","10":"sale","11":"taxable","12":"shipping-taxable","13":"purchasable","14":"product-type-simple"},"yoast_head":"<!-- This site is optimized with the Yoast SEO plugin v27.4 - https:\/\/yoast.com\/product\/yoast-seo-wordpress\/ -->\n<title>Forca de 5 pues amb m\u00e0nec de fusta i anella de metall | SAIGA<\/title>\n<meta name=\"description\" content=\"Forca de 5 pues amb m\u00e0nec de fusta i anella de metall\" \/>\n<meta name=\"robots\" content=\"index, follow, max-snippet:-1, max-image-preview:large, max-video-preview:-1\" \/>\n<link rel=\"canonical\" href=\"https:\/\/saiga.es\/fr\/produit\/forca-de-5-pues-amb-manec-de-fusta-i-anella-de-metall\/\" \/>\n<meta property=\"og:locale\" content=\"fr_FR\" \/>\n<meta property=\"og:type\" content=\"article\" \/>\n<meta property=\"og:title\" content=\"Forca de 5 pues amb m\u00e0nec de fusta i anella de metall | SAIGA\" \/>\n<meta property=\"og:description\" content=\"Forca de 5 pues amb m\u00e0nec de fusta i anella de metall\" \/>\n<meta property=\"og:url\" content=\"https:\/\/saiga.es\/fr\/produit\/forca-de-5-pues-amb-manec-de-fusta-i-anella-de-metall\/\" \/>\n<meta property=\"og:site_name\" content=\"SAIGA\" \/>\n<meta property=\"article:modified_time\" content=\"2025-10-24T10:10:41+00:00\" \/>\n<meta property=\"og:image\" content=\"https:\/\/saiga.es\/wp-content\/uploads\/2024\/01\/Forca-de-5-pues.jpg\" \/>\n\t<meta property=\"og:image:width\" content=\"1080\" \/>\n\t<meta property=\"og:image:height\" content=\"1080\" \/>\n\t<meta property=\"og:image:type\" content=\"image\/jpeg\" \/>\n<meta name=\"twitter:card\" content=\"summary_large_image\" \/>\n<meta name=\"twitter:site\" content=\"@saiga_agro\" \/>\n<meta name=\"twitter:label1\" content=\"Dur\u00e9e de lecture estim\u00e9e\" \/>\n\t<meta name=\"twitter:data1\" content=\"1 minute\" \/>\n<script type=\"application\/ld+json\" class=\"yoast-schema-graph\">{\"@context\":\"https:\\\/\\\/schema.org\",\"@graph\":[{\"@type\":\"WebPage\",\"@id\":\"https:\\\/\\\/saiga.es\\\/fr\\\/produit\\\/forca-de-5-pues-amb-manec-de-fusta-i-anella-de-metall\\\/\",\"url\":\"https:\\\/\\\/saiga.es\\\/fr\\\/produit\\\/forca-de-5-pues-amb-manec-de-fusta-i-anella-de-metall\\\/\",\"name\":\"Forca de 5 pues amb m\u00e0nec de fusta i anella de metall | SAIGA\",\"isPartOf\":{\"@id\":\"https:\\\/\\\/saiga.es\\\/fr\\\/#website\"},\"primaryImageOfPage\":{\"@id\":\"https:\\\/\\\/saiga.es\\\/fr\\\/produit\\\/forca-de-5-pues-amb-manec-de-fusta-i-anella-de-metall\\\/#primaryimage\"},\"image\":{\"@id\":\"https:\\\/\\\/saiga.es\\\/fr\\\/produit\\\/forca-de-5-pues-amb-manec-de-fusta-i-anella-de-metall\\\/#primaryimage\"},\"thumbnailUrl\":\"https:\\\/\\\/saiga.es\\\/wp-content\\\/uploads\\\/2024\\\/01\\\/Forca-de-5-pues.jpg\",\"datePublished\":\"2024-01-11T14:08:06+00:00\",\"dateModified\":\"2025-10-24T10:10:41+00:00\",\"description\":\"Forca de 5 pues amb m\u00e0nec de fusta i anella de metall\",\"breadcrumb\":{\"@id\":\"https:\\\/\\\/saiga.es\\\/fr\\\/produit\\\/forca-de-5-pues-amb-manec-de-fusta-i-anella-de-metall\\\/#breadcrumb\"},\"inLanguage\":\"fr-FR\",\"potentialAction\":[{\"@type\":\"ReadAction\",\"target\":[\"https:\\\/\\\/saiga.es\\\/fr\\\/produit\\\/forca-de-5-pues-amb-manec-de-fusta-i-anella-de-metall\\\/\"]}]},{\"@type\":\"ImageObject\",\"inLanguage\":\"fr-FR\",\"@id\":\"https:\\\/\\\/saiga.es\\\/fr\\\/produit\\\/forca-de-5-pues-amb-manec-de-fusta-i-anella-de-metall\\\/#primaryimage\",\"url\":\"https:\\\/\\\/saiga.es\\\/wp-content\\\/uploads\\\/2024\\\/01\\\/Forca-de-5-pues.jpg\",\"contentUrl\":\"https:\\\/\\\/saiga.es\\\/wp-content\\\/uploads\\\/2024\\\/01\\\/Forca-de-5-pues.jpg\",\"width\":1080,\"height\":1080,\"caption\":\"Forca de cinc p\u00faes\"},{\"@type\":\"BreadcrumbList\",\"@id\":\"https:\\\/\\\/saiga.es\\\/fr\\\/produit\\\/forca-de-5-pues-amb-manec-de-fusta-i-anella-de-metall\\\/#breadcrumb\",\"itemListElement\":[{\"@type\":\"ListItem\",\"position\":1,\"name\":\"Inici\",\"item\":\"https:\\\/\\\/saiga.es\\\/fr\\\/\"},{\"@type\":\"ListItem\",\"position\":2,\"name\":\"boutique\",\"item\":\"https:\\\/\\\/saiga.es\\\/fr\\\/boutique\\\/\"},{\"@type\":\"ListItem\",\"position\":3,\"name\":\"Forca de 5 pues amb m\u00e0nec de fusta i anella de metall\"}]},{\"@type\":\"WebSite\",\"@id\":\"https:\\\/\\\/saiga.es\\\/fr\\\/#website\",\"url\":\"https:\\\/\\\/saiga.es\\\/fr\\\/\",\"name\":\"SAIGA\",\"description\":\"M\u00e9s de 50 anys al servei de la terra i treballant per a un \u00fas eficient de l\u2019aigua!\",\"publisher\":{\"@id\":\"https:\\\/\\\/saiga.es\\\/fr\\\/#organization\"},\"potentialAction\":[{\"@type\":\"SearchAction\",\"target\":{\"@type\":\"EntryPoint\",\"urlTemplate\":\"https:\\\/\\\/saiga.es\\\/fr\\\/?s={search_term_string}\"},\"query-input\":{\"@type\":\"PropertyValueSpecification\",\"valueRequired\":true,\"valueName\":\"search_term_string\"}}],\"inLanguage\":\"fr-FR\"},{\"@type\":\"Organization\",\"@id\":\"https:\\\/\\\/saiga.es\\\/fr\\\/#organization\",\"name\":\"SAIGA\",\"url\":\"https:\\\/\\\/saiga.es\\\/fr\\\/\",\"logo\":{\"@type\":\"ImageObject\",\"inLanguage\":\"fr-FR\",\"@id\":\"https:\\\/\\\/saiga.es\\\/fr\\\/#\\\/schema\\\/logo\\\/image\\\/\",\"url\":\"https:\\\/\\\/saiga.es\\\/wp-content\\\/uploads\\\/2025\\\/07\\\/logo_saiga_baseline_optimitzat.svg\",\"contentUrl\":\"https:\\\/\\\/saiga.es\\\/wp-content\\\/uploads\\\/2025\\\/07\\\/logo_saiga_baseline_optimitzat.svg\",\"caption\":\"SAIGA\"},\"image\":{\"@id\":\"https:\\\/\\\/saiga.es\\\/fr\\\/#\\\/schema\\\/logo\\\/image\\\/\"},\"sameAs\":[\"https:\\\/\\\/x.com\\\/saiga_agro\",\"https:\\\/\\\/www.instagram.com\\\/saiga_agro\\\/\"]}]}<\/script>\n<!-- \/ Yoast SEO plugin. -->","yoast_head_json":{"title":"Forca de 5 pues amb m\u00e0nec de fusta i anella de metall | SAIGA","description":"Forca de 5 pues amb m\u00e0nec de fusta i anella de metall","robots":{"index":"index","follow":"follow","max-snippet":"max-snippet:-1","max-image-preview":"max-image-preview:large","max-video-preview":"max-video-preview:-1"},"canonical":"https:\/\/saiga.es\/fr\/produit\/forca-de-5-pues-amb-manec-de-fusta-i-anella-de-metall\/","og_locale":"fr_FR","og_type":"article","og_title":"Forca de 5 pues amb m\u00e0nec de fusta i anella de metall | SAIGA","og_description":"Forca de 5 pues amb m\u00e0nec de fusta i anella de metall","og_url":"https:\/\/saiga.es\/fr\/produit\/forca-de-5-pues-amb-manec-de-fusta-i-anella-de-metall\/","og_site_name":"SAIGA","article_modified_time":"2025-10-24T10:10:41+00:00","og_image":[{"width":1080,"height":1080,"url":"https:\/\/saiga.es\/wp-content\/uploads\/2024\/01\/Forca-de-5-pues.jpg","type":"image\/jpeg"}],"twitter_card":"summary_large_image","twitter_site":"@saiga_agro","twitter_misc":{"Dur\u00e9e de lecture estim\u00e9e":"1 minute"},"schema":{"@context":"https:\/\/schema.org","@graph":[{"@type":"WebPage","@id":"https:\/\/saiga.es\/fr\/produit\/forca-de-5-pues-amb-manec-de-fusta-i-anella-de-metall\/","url":"https:\/\/saiga.es\/fr\/produit\/forca-de-5-pues-amb-manec-de-fusta-i-anella-de-metall\/","name":"Forca de 5 pues amb m\u00e0nec de fusta i anella de metall | SAIGA","isPartOf":{"@id":"https:\/\/saiga.es\/fr\/#website"},"primaryImageOfPage":{"@id":"https:\/\/saiga.es\/fr\/produit\/forca-de-5-pues-amb-manec-de-fusta-i-anella-de-metall\/#primaryimage"},"image":{"@id":"https:\/\/saiga.es\/fr\/produit\/forca-de-5-pues-amb-manec-de-fusta-i-anella-de-metall\/#primaryimage"},"thumbnailUrl":"https:\/\/saiga.es\/wp-content\/uploads\/2024\/01\/Forca-de-5-pues.jpg","datePublished":"2024-01-11T14:08:06+00:00","dateModified":"2025-10-24T10:10:41+00:00","description":"Forca de 5 pues amb m\u00e0nec de fusta i anella de metall","breadcrumb":{"@id":"https:\/\/saiga.es\/fr\/produit\/forca-de-5-pues-amb-manec-de-fusta-i-anella-de-metall\/#breadcrumb"},"inLanguage":"fr-FR","potentialAction":[{"@type":"ReadAction","target":["https:\/\/saiga.es\/fr\/produit\/forca-de-5-pues-amb-manec-de-fusta-i-anella-de-metall\/"]}]},{"@type":"ImageObject","inLanguage":"fr-FR","@id":"https:\/\/saiga.es\/fr\/produit\/forca-de-5-pues-amb-manec-de-fusta-i-anella-de-metall\/#primaryimage","url":"https:\/\/saiga.es\/wp-content\/uploads\/2024\/01\/Forca-de-5-pues.jpg","contentUrl":"https:\/\/saiga.es\/wp-content\/uploads\/2024\/01\/Forca-de-5-pues.jpg","width":1080,"height":1080,"caption":"Forca de cinc p\u00faes"},{"@type":"BreadcrumbList","@id":"https:\/\/saiga.es\/fr\/produit\/forca-de-5-pues-amb-manec-de-fusta-i-anella-de-metall\/#breadcrumb","itemListElement":[{"@type":"ListItem","position":1,"name":"Inici","item":"https:\/\/saiga.es\/fr\/"},{"@type":"ListItem","position":2,"name":"boutique","item":"https:\/\/saiga.es\/fr\/boutique\/"},{"@type":"ListItem","position":3,"name":"Forca de 5 pues amb m\u00e0nec de fusta i anella de metall"}]},{"@type":"WebSite","@id":"https:\/\/saiga.es\/fr\/#website","url":"https:\/\/saiga.es\/fr\/","name":"SAIGA","description":"M\u00e9s de 50 anys al servei de la terra i treballant per a un \u00fas eficient de l\u2019aigua!","publisher":{"@id":"https:\/\/saiga.es\/fr\/#organization"},"potentialAction":[{"@type":"SearchAction","target":{"@type":"EntryPoint","urlTemplate":"https:\/\/saiga.es\/fr\/?s={search_term_string}"},"query-input":{"@type":"PropertyValueSpecification","valueRequired":true,"valueName":"search_term_string"}}],"inLanguage":"fr-FR"},{"@type":"Organization","@id":"https:\/\/saiga.es\/fr\/#organization","name":"SAIGA","url":"https:\/\/saiga.es\/fr\/","logo":{"@type":"ImageObject","inLanguage":"fr-FR","@id":"https:\/\/saiga.es\/fr\/#\/schema\/logo\/image\/","url":"https:\/\/saiga.es\/wp-content\/uploads\/2025\/07\/logo_saiga_baseline_optimitzat.svg","contentUrl":"https:\/\/saiga.es\/wp-content\/uploads\/2025\/07\/logo_saiga_baseline_optimitzat.svg","caption":"SAIGA"},"image":{"@id":"https:\/\/saiga.es\/fr\/#\/schema\/logo\/image\/"},"sameAs":["https:\/\/x.com\/saiga_agro","https:\/\/www.instagram.com\/saiga_agro\/"]}]}},"_links":{"self":[{"href":"https:\/\/saiga.es\/fr\/wp-json\/wp\/v2\/product\/6600","targetHints":{"allow":["GET"]}}],"collection":[{"href":"https:\/\/saiga.es\/fr\/wp-json\/wp\/v2\/product"}],"about":[{"href":"https:\/\/saiga.es\/fr\/wp-json\/wp\/v2\/types\/product"}],"replies":[{"embeddable":true,"href":"https:\/\/saiga.es\/fr\/wp-json\/wp\/v2\/comments?post=6600"}],"wp:featuredmedia":[{"embeddable":true,"href":"https:\/\/saiga.es\/fr\/wp-json\/wp\/v2\/media\/11802"}],"wp:attachment":[{"href":"https:\/\/saiga.es\/fr\/wp-json\/wp\/v2\/media?parent=6600"}],"wp:term":[{"taxonomy":"product_brand","embeddable":true,"href":"https:\/\/saiga.es\/fr\/wp-json\/wp\/v2\/product_brand?post=6600"},{"taxonomy":"product_cat","embeddable":true,"href":"https:\/\/saiga.es\/fr\/wp-json\/wp\/v2\/product_cat?post=6600"},{"taxonomy":"product_tag","embeddable":true,"href":"https:\/\/saiga.es\/fr\/wp-json\/wp\/v2\/product_tag?post=6600"}],"curies":[{"name":"wp","href":"https:\/\/api.w.org\/{rel}","templated":true}]}}