{"id":6611,"date":"2024-01-09T16:42:36","date_gmt":"2024-01-09T16:42:36","guid":{"rendered":"https:\/\/botiga.saiga.es\/producte\/manche-de-rateau-de-jardin\/"},"modified":"2024-01-12T12:01:33","modified_gmt":"2024-01-12T12:01:33","slug":"manche-de-rateau-de-jardin","status":"publish","type":"product","link":"https:\/\/saiga.es\/fr\/produit\/manche-de-rateau-de-jardin\/","title":{"rendered":"Manche de r\u00e2teau de jardin"},"content":{"rendered":"<p>Notre manche de r\u00e2teau de jardin est le compagnon id\u00e9al de tout jardinier ou amateur de jardinage. Fabriqu\u00e9e \u00e0 partir de mat\u00e9riaux de qualit\u00e9 sup\u00e9rieure, cette poign\u00e9e offre durabilit\u00e9 et r\u00e9sistance pour les t\u00e2ches les plus exigeantes du jardin.<\/p>\n","protected":false},"excerpt":{"rendered":"<p>Notre manche de r\u00e2teau de jardin est le compagnon id\u00e9al de tout jardinier ou amateur de jardinage. Fabriqu\u00e9e \u00e0 partir de mat\u00e9riaux de qualit\u00e9 sup\u00e9rieure, cette poign\u00e9e offre durabilit\u00e9 et r\u00e9sistance pour les t\u00e2ches les plus exigeantes du jardin.<\/p>\n","protected":false},"featured_media":6612,"comment_status":"open","ping_status":"closed","template":"","meta":[],"product_brand":[],"product_cat":[434,432],"product_tag":[],"class_list":{"0":"post-6611","1":"product","2":"type-product","3":"status-publish","4":"has-post-thumbnail","6":"product_cat-des-pieces-de-rechange","7":"product_cat-pelles-et-grattoirs-a-herbe","9":"first","10":"instock","11":"taxable","12":"shipping-taxable","13":"purchasable","14":"product-type-variable"},"yoast_head":"<!-- This site is optimized with the Yoast SEO plugin v27.4 - https:\/\/yoast.com\/product\/yoast-seo-wordpress\/ -->\n<title>Manche de r\u00e2teau de jardin | SAIGA<\/title>\n<meta name=\"description\" content=\"Notre manche de r\u00e2teau de jardin est le compagnon id\u00e9al de tout jardinier ou amateur de jardinage.\" \/>\n<meta name=\"robots\" content=\"index, follow, max-snippet:-1, max-image-preview:large, max-video-preview:-1\" \/>\n<link rel=\"canonical\" href=\"https:\/\/saiga.es\/fr\/produit\/manche-de-rateau-de-jardin\/\" \/>\n<meta property=\"og:locale\" content=\"fr_FR\" \/>\n<meta property=\"og:type\" content=\"article\" \/>\n<meta property=\"og:title\" content=\"Manche de r\u00e2teau de jardin | SAIGA\" \/>\n<meta property=\"og:description\" content=\"Notre manche de r\u00e2teau de jardin est le compagnon id\u00e9al de tout jardinier ou amateur de jardinage.\" \/>\n<meta property=\"og:url\" content=\"https:\/\/saiga.es\/fr\/produit\/manche-de-rateau-de-jardin\/\" \/>\n<meta property=\"og:site_name\" content=\"SAIGA\" \/>\n<meta property=\"article:modified_time\" content=\"2024-01-12T12:01:33+00:00\" \/>\n<meta property=\"og:image\" content=\"https:\/\/saiga.es\/wp-content\/uploads\/2024\/01\/11qFs6eN8ML.jpg\" \/>\n\t<meta property=\"og:image:width\" content=\"500\" \/>\n\t<meta property=\"og:image:height\" content=\"187\" \/>\n\t<meta property=\"og:image:type\" content=\"image\/jpeg\" \/>\n<meta name=\"twitter:card\" content=\"summary_large_image\" \/>\n<meta name=\"twitter:site\" content=\"@saiga_agro\" \/>\n<meta name=\"twitter:label1\" content=\"Dur\u00e9e de lecture estim\u00e9e\" \/>\n\t<meta name=\"twitter:data1\" content=\"1 minute\" \/>\n<script type=\"application\/ld+json\" class=\"yoast-schema-graph\">{\"@context\":\"https:\\\/\\\/schema.org\",\"@graph\":[{\"@type\":\"WebPage\",\"@id\":\"https:\\\/\\\/saiga.es\\\/fr\\\/produit\\\/manche-de-rateau-de-jardin\\\/\",\"url\":\"https:\\\/\\\/saiga.es\\\/fr\\\/produit\\\/manche-de-rateau-de-jardin\\\/\",\"name\":\"Manche de r\u00e2teau de jardin | SAIGA\",\"isPartOf\":{\"@id\":\"https:\\\/\\\/saiga.es\\\/fr\\\/#website\"},\"primaryImageOfPage\":{\"@id\":\"https:\\\/\\\/saiga.es\\\/fr\\\/produit\\\/manche-de-rateau-de-jardin\\\/#primaryimage\"},\"image\":{\"@id\":\"https:\\\/\\\/saiga.es\\\/fr\\\/produit\\\/manche-de-rateau-de-jardin\\\/#primaryimage\"},\"thumbnailUrl\":\"https:\\\/\\\/saiga.es\\\/wp-content\\\/uploads\\\/2024\\\/01\\\/11qFs6eN8ML.jpg\",\"datePublished\":\"2024-01-09T16:42:36+00:00\",\"dateModified\":\"2024-01-12T12:01:33+00:00\",\"description\":\"Notre manche de r\u00e2teau de jardin est le compagnon id\u00e9al de tout jardinier ou amateur de jardinage.\",\"breadcrumb\":{\"@id\":\"https:\\\/\\\/saiga.es\\\/fr\\\/produit\\\/manche-de-rateau-de-jardin\\\/#breadcrumb\"},\"inLanguage\":\"fr-FR\",\"potentialAction\":[{\"@type\":\"ReadAction\",\"target\":[\"https:\\\/\\\/saiga.es\\\/fr\\\/produit\\\/manche-de-rateau-de-jardin\\\/\"]}]},{\"@type\":\"ImageObject\",\"inLanguage\":\"fr-FR\",\"@id\":\"https:\\\/\\\/saiga.es\\\/fr\\\/produit\\\/manche-de-rateau-de-jardin\\\/#primaryimage\",\"url\":\"https:\\\/\\\/saiga.es\\\/wp-content\\\/uploads\\\/2024\\\/01\\\/11qFs6eN8ML.jpg\",\"contentUrl\":\"https:\\\/\\\/saiga.es\\\/wp-content\\\/uploads\\\/2024\\\/01\\\/11qFs6eN8ML.jpg\",\"width\":500,\"height\":187},{\"@type\":\"BreadcrumbList\",\"@id\":\"https:\\\/\\\/saiga.es\\\/fr\\\/produit\\\/manche-de-rateau-de-jardin\\\/#breadcrumb\",\"itemListElement\":[{\"@type\":\"ListItem\",\"position\":1,\"name\":\"Inici\",\"item\":\"https:\\\/\\\/saiga.es\\\/fr\\\/\"},{\"@type\":\"ListItem\",\"position\":2,\"name\":\"boutique\",\"item\":\"https:\\\/\\\/saiga.es\\\/fr\\\/boutique\\\/\"},{\"@type\":\"ListItem\",\"position\":3,\"name\":\"Manche de r\u00e2teau de jardin\"}]},{\"@type\":\"WebSite\",\"@id\":\"https:\\\/\\\/saiga.es\\\/fr\\\/#website\",\"url\":\"https:\\\/\\\/saiga.es\\\/fr\\\/\",\"name\":\"SAIGA\",\"description\":\"M\u00e9s de 50 anys al servei de la terra i treballant per a un \u00fas eficient de l\u2019aigua!\",\"publisher\":{\"@id\":\"https:\\\/\\\/saiga.es\\\/fr\\\/#organization\"},\"potentialAction\":[{\"@type\":\"SearchAction\",\"target\":{\"@type\":\"EntryPoint\",\"urlTemplate\":\"https:\\\/\\\/saiga.es\\\/fr\\\/?s={search_term_string}\"},\"query-input\":{\"@type\":\"PropertyValueSpecification\",\"valueRequired\":true,\"valueName\":\"search_term_string\"}}],\"inLanguage\":\"fr-FR\"},{\"@type\":\"Organization\",\"@id\":\"https:\\\/\\\/saiga.es\\\/fr\\\/#organization\",\"name\":\"SAIGA\",\"url\":\"https:\\\/\\\/saiga.es\\\/fr\\\/\",\"logo\":{\"@type\":\"ImageObject\",\"inLanguage\":\"fr-FR\",\"@id\":\"https:\\\/\\\/saiga.es\\\/fr\\\/#\\\/schema\\\/logo\\\/image\\\/\",\"url\":\"https:\\\/\\\/saiga.es\\\/wp-content\\\/uploads\\\/2025\\\/07\\\/logo_saiga_baseline_optimitzat.svg\",\"contentUrl\":\"https:\\\/\\\/saiga.es\\\/wp-content\\\/uploads\\\/2025\\\/07\\\/logo_saiga_baseline_optimitzat.svg\",\"caption\":\"SAIGA\"},\"image\":{\"@id\":\"https:\\\/\\\/saiga.es\\\/fr\\\/#\\\/schema\\\/logo\\\/image\\\/\"},\"sameAs\":[\"https:\\\/\\\/x.com\\\/saiga_agro\",\"https:\\\/\\\/www.instagram.com\\\/saiga_agro\\\/\"]}]}<\/script>\n<!-- \/ Yoast SEO plugin. -->","yoast_head_json":{"title":"Manche de r\u00e2teau de jardin | SAIGA","description":"Notre manche de r\u00e2teau de jardin est le compagnon id\u00e9al de tout jardinier ou amateur de jardinage.","robots":{"index":"index","follow":"follow","max-snippet":"max-snippet:-1","max-image-preview":"max-image-preview:large","max-video-preview":"max-video-preview:-1"},"canonical":"https:\/\/saiga.es\/fr\/produit\/manche-de-rateau-de-jardin\/","og_locale":"fr_FR","og_type":"article","og_title":"Manche de r\u00e2teau de jardin | SAIGA","og_description":"Notre manche de r\u00e2teau de jardin est le compagnon id\u00e9al de tout jardinier ou amateur de jardinage.","og_url":"https:\/\/saiga.es\/fr\/produit\/manche-de-rateau-de-jardin\/","og_site_name":"SAIGA","article_modified_time":"2024-01-12T12:01:33+00:00","og_image":[{"width":500,"height":187,"url":"https:\/\/saiga.es\/wp-content\/uploads\/2024\/01\/11qFs6eN8ML.jpg","type":"image\/jpeg"}],"twitter_card":"summary_large_image","twitter_site":"@saiga_agro","twitter_misc":{"Dur\u00e9e de lecture estim\u00e9e":"1 minute"},"schema":{"@context":"https:\/\/schema.org","@graph":[{"@type":"WebPage","@id":"https:\/\/saiga.es\/fr\/produit\/manche-de-rateau-de-jardin\/","url":"https:\/\/saiga.es\/fr\/produit\/manche-de-rateau-de-jardin\/","name":"Manche de r\u00e2teau de jardin | SAIGA","isPartOf":{"@id":"https:\/\/saiga.es\/fr\/#website"},"primaryImageOfPage":{"@id":"https:\/\/saiga.es\/fr\/produit\/manche-de-rateau-de-jardin\/#primaryimage"},"image":{"@id":"https:\/\/saiga.es\/fr\/produit\/manche-de-rateau-de-jardin\/#primaryimage"},"thumbnailUrl":"https:\/\/saiga.es\/wp-content\/uploads\/2024\/01\/11qFs6eN8ML.jpg","datePublished":"2024-01-09T16:42:36+00:00","dateModified":"2024-01-12T12:01:33+00:00","description":"Notre manche de r\u00e2teau de jardin est le compagnon id\u00e9al de tout jardinier ou amateur de jardinage.","breadcrumb":{"@id":"https:\/\/saiga.es\/fr\/produit\/manche-de-rateau-de-jardin\/#breadcrumb"},"inLanguage":"fr-FR","potentialAction":[{"@type":"ReadAction","target":["https:\/\/saiga.es\/fr\/produit\/manche-de-rateau-de-jardin\/"]}]},{"@type":"ImageObject","inLanguage":"fr-FR","@id":"https:\/\/saiga.es\/fr\/produit\/manche-de-rateau-de-jardin\/#primaryimage","url":"https:\/\/saiga.es\/wp-content\/uploads\/2024\/01\/11qFs6eN8ML.jpg","contentUrl":"https:\/\/saiga.es\/wp-content\/uploads\/2024\/01\/11qFs6eN8ML.jpg","width":500,"height":187},{"@type":"BreadcrumbList","@id":"https:\/\/saiga.es\/fr\/produit\/manche-de-rateau-de-jardin\/#breadcrumb","itemListElement":[{"@type":"ListItem","position":1,"name":"Inici","item":"https:\/\/saiga.es\/fr\/"},{"@type":"ListItem","position":2,"name":"boutique","item":"https:\/\/saiga.es\/fr\/boutique\/"},{"@type":"ListItem","position":3,"name":"Manche de r\u00e2teau de jardin"}]},{"@type":"WebSite","@id":"https:\/\/saiga.es\/fr\/#website","url":"https:\/\/saiga.es\/fr\/","name":"SAIGA","description":"M\u00e9s de 50 anys al servei de la terra i treballant per a un \u00fas eficient de l\u2019aigua!","publisher":{"@id":"https:\/\/saiga.es\/fr\/#organization"},"potentialAction":[{"@type":"SearchAction","target":{"@type":"EntryPoint","urlTemplate":"https:\/\/saiga.es\/fr\/?s={search_term_string}"},"query-input":{"@type":"PropertyValueSpecification","valueRequired":true,"valueName":"search_term_string"}}],"inLanguage":"fr-FR"},{"@type":"Organization","@id":"https:\/\/saiga.es\/fr\/#organization","name":"SAIGA","url":"https:\/\/saiga.es\/fr\/","logo":{"@type":"ImageObject","inLanguage":"fr-FR","@id":"https:\/\/saiga.es\/fr\/#\/schema\/logo\/image\/","url":"https:\/\/saiga.es\/wp-content\/uploads\/2025\/07\/logo_saiga_baseline_optimitzat.svg","contentUrl":"https:\/\/saiga.es\/wp-content\/uploads\/2025\/07\/logo_saiga_baseline_optimitzat.svg","caption":"SAIGA"},"image":{"@id":"https:\/\/saiga.es\/fr\/#\/schema\/logo\/image\/"},"sameAs":["https:\/\/x.com\/saiga_agro","https:\/\/www.instagram.com\/saiga_agro\/"]}]}},"_links":{"self":[{"href":"https:\/\/saiga.es\/fr\/wp-json\/wp\/v2\/product\/6611","targetHints":{"allow":["GET"]}}],"collection":[{"href":"https:\/\/saiga.es\/fr\/wp-json\/wp\/v2\/product"}],"about":[{"href":"https:\/\/saiga.es\/fr\/wp-json\/wp\/v2\/types\/product"}],"replies":[{"embeddable":true,"href":"https:\/\/saiga.es\/fr\/wp-json\/wp\/v2\/comments?post=6611"}],"wp:featuredmedia":[{"embeddable":true,"href":"https:\/\/saiga.es\/fr\/wp-json\/wp\/v2\/media\/6612"}],"wp:attachment":[{"href":"https:\/\/saiga.es\/fr\/wp-json\/wp\/v2\/media?parent=6611"}],"wp:term":[{"taxonomy":"product_brand","embeddable":true,"href":"https:\/\/saiga.es\/fr\/wp-json\/wp\/v2\/product_brand?post=6611"},{"taxonomy":"product_cat","embeddable":true,"href":"https:\/\/saiga.es\/fr\/wp-json\/wp\/v2\/product_cat?post=6611"},{"taxonomy":"product_tag","embeddable":true,"href":"https:\/\/saiga.es\/fr\/wp-json\/wp\/v2\/product_tag?post=6611"}],"curies":[{"name":"wp","href":"https:\/\/api.w.org\/{rel}","templated":true}]}}