{"id":6614,"date":"2023-07-25T09:07:20","date_gmt":"2023-07-25T09:07:20","guid":{"rendered":"https:\/\/botiga.saiga.es\/producte\/asir-horto-500-comprimes\/"},"modified":"2025-10-27T07:57:09","modified_gmt":"2025-10-27T07:57:09","slug":"asir-horto-500-comprimes","status":"publish","type":"product","link":"https:\/\/saiga.es\/fr\/produit\/asir-horto-500-comprimes\/","title":{"rendered":"Asir horto 500 comprim\u00e9s"},"content":{"rendered":"<p>Asir Horto est appliqu\u00e9 au moment de la transplantation. Il fournit des micro-organismes b\u00e9n\u00e9fiques qui stimulent la croissance, solubilisent le phosphore et stimulent les d\u00e9fenses des cultures contre les agents pathog\u00e8nes. Asir Horto, en plus de nourrir les cultures, fournit une grande quantit\u00e9 de mati\u00e8re organique qui am\u00e9liore la structure de la terre et augmente les r\u00e9serves d&rsquo;eau. Avec certificat \u00e9cologique.   <\/p>\n<p>Il contient des bact\u00e9ries mycorhiziennes arbusculaires, Trichoderma et rhizosph\u00e8res avec un effet biofertilisant et biostimulant.<br \/>\nAsir Horto Bio est un produit \u00e0 base de mycorhizes, Trichoderma et bact\u00e9ries avec engrais sous forme de comprim\u00e9s et application directe sur le trou de transplantation pour esp\u00e8ces horticoles.<\/p>\n<p><strong>Composition<br \/>\n<\/strong>Mycorhizes reproduites in vivo :<br \/>\nRhizoglomus irr\u00e9gulier BEG72 25 spores\/g<br \/>\nFunneliformis mosseae BEG234 25 spores\/g<br \/>\nTrichoderma reproduit en bior\u00e9acteur solide :<br \/>\nTrichoderma koningii TK7 1 x 10^6 UFC\/g<br \/>\nBact\u00e9ries de la rhizosph\u00e8re :<br \/>\nBacillus megaterium MHBM06 1 x 10^6 UFC\/g<br \/>\nBacillus megaterium MHBM77 1 x 10^6 UFC\/g<br \/>\nAcides amin\u00e9s libres : 2%<br \/>\nAzote total (N) : 3 %<br \/>\nAzote organique (N) : 3 %<br \/>\nPentoxyde de phosphore (P2O5) soluble dans l&rsquo;eau : 2%<br \/>\nOxyde de potassium (K2O) soluble dans l&rsquo;eau : 4%<\/p>\n<p><strong>Beneficis<br \/>\n<\/strong>Incrementa la producci\u00f3 (kg\/ha) i augmenta la rendibilitat del cultiu (+Calibre, +Homogene\u00eftat, +Precocitat, +Avan\u00e7ament en la maduraci\u00f3 del fruit, +Vida \u00fatil postcollita).<br \/>\nMillora la qualitat nutrac\u00e8utica, nutricional i organol\u00e8ptica dels cultius: + Brix, + Prote\u00efnes, + Antioxidants, + Vitamines.<br \/>\nRedueix l&rsquo;\u00fas de fertilitzants millorant l&rsquo;acc\u00e9s i l&rsquo;absorci\u00f3 dels nutrients del terra.<br \/>\nEstalvia aigua i incrementa la productivitat (producci\u00f3 per aigua consumida), millorant-ne l&rsquo;absorci\u00f3 i la toler\u00e0ncia a situacions d&rsquo;estr\u00e8s h\u00eddric.<br \/>\nResposta \u00f2ptima a condicions d&rsquo;estr\u00e8s abi\u00f2tic (salinitat, sequera, temperatures extremes o metalls pesants).<br \/>\nPromou una microbiota \u00fatil que augmenta la resist\u00e8ncia a pat\u00f2gens.<br \/>\nMillora la fertilitat del terra. Augmente la tol\u00e9rance aux situations de stress racinaire.<\/p>\n<p><strong>Dose d&rsquo;application recommand\u00e9e<br \/>\n<\/strong>Asir Horto Bio s&rsquo;applique directement sur le trou de transplantation. La dose recommand\u00e9e est de 1 comprim\u00e9 par plante au moment de la transplantation.<\/p>\n","protected":false},"excerpt":{"rendered":"<p>Asir Horto est appliqu\u00e9 au moment de la transplantation. Il fournit des micro-organismes b\u00e9n\u00e9fiques qui stimulent la croissance, solubilisent le phosphore et stimulent les d\u00e9fenses des cultures contre les agents pathog\u00e8nes. Asir Horto, en plus de nourrir les cultures, fournit une grande quantit\u00e9 de mati\u00e8re organique qui am\u00e9liore la structure de la terre et augmente les r\u00e9serves d&rsquo;eau. Avec certificat \u00e9cologique.   <\/p>\n","protected":false},"featured_media":6615,"comment_status":"closed","ping_status":"closed","template":"","meta":[],"product_brand":[],"product_cat":[425],"product_tag":[510,512,513,511,509,507,508],"class_list":{"0":"post-6614","1":"product","2":"type-product","3":"status-publish","4":"has-post-thumbnail","6":"product_cat-potager","7":"product_tag-attendez","8":"product_tag-attention","9":"product_tag-horticulture","10":"product_tag-jardin-dasir","11":"product_tag-mycorhizien","12":"product_tag-potager","13":"product_tag-rooteur","15":"first","16":"outofstock","17":"taxable","18":"shipping-taxable","19":"purchasable","20":"product-type-simple"},"yoast_head":"<!-- This site is optimized with the Yoast SEO plugin v27.4 - https:\/\/yoast.com\/product\/yoast-seo-wordpress\/ -->\n<title>Asir horto 500 comprim\u00e9s | SAIGA<\/title>\n<meta name=\"description\" content=\"Asir Horto est appliqu\u00e9 au moment de la transplantation. Il apporte des micro-organismes b\u00e9n\u00e9fiques qui stimulent la croissance et les d\u00e9fenses des cultures.\" \/>\n<meta name=\"robots\" content=\"index, follow, max-snippet:-1, max-image-preview:large, max-video-preview:-1\" \/>\n<link rel=\"canonical\" href=\"https:\/\/saiga.es\/fr\/produit\/asir-horto-500-comprimes\/\" \/>\n<meta property=\"og:locale\" content=\"fr_FR\" \/>\n<meta property=\"og:type\" content=\"article\" \/>\n<meta property=\"og:title\" content=\"Asir horto 500 comprim\u00e9s | SAIGA\" \/>\n<meta property=\"og:description\" content=\"Asir Horto est appliqu\u00e9 au moment de la transplantation. Il apporte des micro-organismes b\u00e9n\u00e9fiques qui stimulent la croissance et les d\u00e9fenses des cultures.\" \/>\n<meta property=\"og:url\" content=\"https:\/\/saiga.es\/fr\/produit\/asir-horto-500-comprimes\/\" \/>\n<meta property=\"og:site_name\" content=\"SAIGA\" \/>\n<meta property=\"article:modified_time\" content=\"2025-10-27T07:57:09+00:00\" \/>\n<meta property=\"og:image\" content=\"https:\/\/saiga.es\/wp-content\/uploads\/2023\/07\/asir-horto-bio-500-pastillas.jpg\" \/>\n\t<meta property=\"og:image:width\" content=\"1100\" \/>\n\t<meta property=\"og:image:height\" content=\"1422\" \/>\n\t<meta property=\"og:image:type\" content=\"image\/jpeg\" \/>\n<meta name=\"twitter:card\" content=\"summary_large_image\" \/>\n<meta name=\"twitter:site\" content=\"@saiga_agro\" \/>\n<meta name=\"twitter:label1\" content=\"Dur\u00e9e de lecture estim\u00e9e\" \/>\n\t<meta name=\"twitter:data1\" content=\"2 minutes\" \/>\n<script type=\"application\/ld+json\" class=\"yoast-schema-graph\">{\"@context\":\"https:\\\/\\\/schema.org\",\"@graph\":[{\"@type\":\"WebPage\",\"@id\":\"https:\\\/\\\/saiga.es\\\/fr\\\/produit\\\/asir-horto-500-comprimes\\\/\",\"url\":\"https:\\\/\\\/saiga.es\\\/fr\\\/produit\\\/asir-horto-500-comprimes\\\/\",\"name\":\"Asir horto 500 comprim\u00e9s | SAIGA\",\"isPartOf\":{\"@id\":\"https:\\\/\\\/saiga.es\\\/fr\\\/#website\"},\"primaryImageOfPage\":{\"@id\":\"https:\\\/\\\/saiga.es\\\/fr\\\/produit\\\/asir-horto-500-comprimes\\\/#primaryimage\"},\"image\":{\"@id\":\"https:\\\/\\\/saiga.es\\\/fr\\\/produit\\\/asir-horto-500-comprimes\\\/#primaryimage\"},\"thumbnailUrl\":\"https:\\\/\\\/saiga.es\\\/wp-content\\\/uploads\\\/2023\\\/07\\\/asir-horto-bio-500-pastillas.jpg\",\"datePublished\":\"2023-07-25T09:07:20+00:00\",\"dateModified\":\"2025-10-27T07:57:09+00:00\",\"description\":\"Asir Horto est appliqu\u00e9 au moment de la transplantation. Il apporte des micro-organismes b\u00e9n\u00e9fiques qui stimulent la croissance et les d\u00e9fenses des cultures.\",\"breadcrumb\":{\"@id\":\"https:\\\/\\\/saiga.es\\\/fr\\\/produit\\\/asir-horto-500-comprimes\\\/#breadcrumb\"},\"inLanguage\":\"fr-FR\",\"potentialAction\":[{\"@type\":\"ReadAction\",\"target\":[\"https:\\\/\\\/saiga.es\\\/fr\\\/produit\\\/asir-horto-500-comprimes\\\/\"]}]},{\"@type\":\"ImageObject\",\"inLanguage\":\"fr-FR\",\"@id\":\"https:\\\/\\\/saiga.es\\\/fr\\\/produit\\\/asir-horto-500-comprimes\\\/#primaryimage\",\"url\":\"https:\\\/\\\/saiga.es\\\/wp-content\\\/uploads\\\/2023\\\/07\\\/asir-horto-bio-500-pastillas.jpg\",\"contentUrl\":\"https:\\\/\\\/saiga.es\\\/wp-content\\\/uploads\\\/2023\\\/07\\\/asir-horto-bio-500-pastillas.jpg\",\"width\":1100,\"height\":1422,\"caption\":\"Asir Horto\"},{\"@type\":\"BreadcrumbList\",\"@id\":\"https:\\\/\\\/saiga.es\\\/fr\\\/produit\\\/asir-horto-500-comprimes\\\/#breadcrumb\",\"itemListElement\":[{\"@type\":\"ListItem\",\"position\":1,\"name\":\"Inici\",\"item\":\"https:\\\/\\\/saiga.es\\\/fr\\\/\"},{\"@type\":\"ListItem\",\"position\":2,\"name\":\"boutique\",\"item\":\"https:\\\/\\\/saiga.es\\\/fr\\\/boutique\\\/\"},{\"@type\":\"ListItem\",\"position\":3,\"name\":\"Asir horto 500 comprim\u00e9s\"}]},{\"@type\":\"WebSite\",\"@id\":\"https:\\\/\\\/saiga.es\\\/fr\\\/#website\",\"url\":\"https:\\\/\\\/saiga.es\\\/fr\\\/\",\"name\":\"SAIGA\",\"description\":\"M\u00e9s de 50 anys al servei de la terra i treballant per a un \u00fas eficient de l\u2019aigua!\",\"publisher\":{\"@id\":\"https:\\\/\\\/saiga.es\\\/fr\\\/#organization\"},\"potentialAction\":[{\"@type\":\"SearchAction\",\"target\":{\"@type\":\"EntryPoint\",\"urlTemplate\":\"https:\\\/\\\/saiga.es\\\/fr\\\/?s={search_term_string}\"},\"query-input\":{\"@type\":\"PropertyValueSpecification\",\"valueRequired\":true,\"valueName\":\"search_term_string\"}}],\"inLanguage\":\"fr-FR\"},{\"@type\":\"Organization\",\"@id\":\"https:\\\/\\\/saiga.es\\\/fr\\\/#organization\",\"name\":\"SAIGA\",\"url\":\"https:\\\/\\\/saiga.es\\\/fr\\\/\",\"logo\":{\"@type\":\"ImageObject\",\"inLanguage\":\"fr-FR\",\"@id\":\"https:\\\/\\\/saiga.es\\\/fr\\\/#\\\/schema\\\/logo\\\/image\\\/\",\"url\":\"https:\\\/\\\/saiga.es\\\/wp-content\\\/uploads\\\/2025\\\/07\\\/logo_saiga_baseline_optimitzat.svg\",\"contentUrl\":\"https:\\\/\\\/saiga.es\\\/wp-content\\\/uploads\\\/2025\\\/07\\\/logo_saiga_baseline_optimitzat.svg\",\"caption\":\"SAIGA\"},\"image\":{\"@id\":\"https:\\\/\\\/saiga.es\\\/fr\\\/#\\\/schema\\\/logo\\\/image\\\/\"},\"sameAs\":[\"https:\\\/\\\/x.com\\\/saiga_agro\",\"https:\\\/\\\/www.instagram.com\\\/saiga_agro\\\/\"]}]}<\/script>\n<!-- \/ Yoast SEO plugin. -->","yoast_head_json":{"title":"Asir horto 500 comprim\u00e9s | SAIGA","description":"Asir Horto est appliqu\u00e9 au moment de la transplantation. Il apporte des micro-organismes b\u00e9n\u00e9fiques qui stimulent la croissance et les d\u00e9fenses des cultures.","robots":{"index":"index","follow":"follow","max-snippet":"max-snippet:-1","max-image-preview":"max-image-preview:large","max-video-preview":"max-video-preview:-1"},"canonical":"https:\/\/saiga.es\/fr\/produit\/asir-horto-500-comprimes\/","og_locale":"fr_FR","og_type":"article","og_title":"Asir horto 500 comprim\u00e9s | SAIGA","og_description":"Asir Horto est appliqu\u00e9 au moment de la transplantation. Il apporte des micro-organismes b\u00e9n\u00e9fiques qui stimulent la croissance et les d\u00e9fenses des cultures.","og_url":"https:\/\/saiga.es\/fr\/produit\/asir-horto-500-comprimes\/","og_site_name":"SAIGA","article_modified_time":"2025-10-27T07:57:09+00:00","og_image":[{"width":1100,"height":1422,"url":"https:\/\/saiga.es\/wp-content\/uploads\/2023\/07\/asir-horto-bio-500-pastillas.jpg","type":"image\/jpeg"}],"twitter_card":"summary_large_image","twitter_site":"@saiga_agro","twitter_misc":{"Dur\u00e9e de lecture estim\u00e9e":"2 minutes"},"schema":{"@context":"https:\/\/schema.org","@graph":[{"@type":"WebPage","@id":"https:\/\/saiga.es\/fr\/produit\/asir-horto-500-comprimes\/","url":"https:\/\/saiga.es\/fr\/produit\/asir-horto-500-comprimes\/","name":"Asir horto 500 comprim\u00e9s | SAIGA","isPartOf":{"@id":"https:\/\/saiga.es\/fr\/#website"},"primaryImageOfPage":{"@id":"https:\/\/saiga.es\/fr\/produit\/asir-horto-500-comprimes\/#primaryimage"},"image":{"@id":"https:\/\/saiga.es\/fr\/produit\/asir-horto-500-comprimes\/#primaryimage"},"thumbnailUrl":"https:\/\/saiga.es\/wp-content\/uploads\/2023\/07\/asir-horto-bio-500-pastillas.jpg","datePublished":"2023-07-25T09:07:20+00:00","dateModified":"2025-10-27T07:57:09+00:00","description":"Asir Horto est appliqu\u00e9 au moment de la transplantation. Il apporte des micro-organismes b\u00e9n\u00e9fiques qui stimulent la croissance et les d\u00e9fenses des cultures.","breadcrumb":{"@id":"https:\/\/saiga.es\/fr\/produit\/asir-horto-500-comprimes\/#breadcrumb"},"inLanguage":"fr-FR","potentialAction":[{"@type":"ReadAction","target":["https:\/\/saiga.es\/fr\/produit\/asir-horto-500-comprimes\/"]}]},{"@type":"ImageObject","inLanguage":"fr-FR","@id":"https:\/\/saiga.es\/fr\/produit\/asir-horto-500-comprimes\/#primaryimage","url":"https:\/\/saiga.es\/wp-content\/uploads\/2023\/07\/asir-horto-bio-500-pastillas.jpg","contentUrl":"https:\/\/saiga.es\/wp-content\/uploads\/2023\/07\/asir-horto-bio-500-pastillas.jpg","width":1100,"height":1422,"caption":"Asir Horto"},{"@type":"BreadcrumbList","@id":"https:\/\/saiga.es\/fr\/produit\/asir-horto-500-comprimes\/#breadcrumb","itemListElement":[{"@type":"ListItem","position":1,"name":"Inici","item":"https:\/\/saiga.es\/fr\/"},{"@type":"ListItem","position":2,"name":"boutique","item":"https:\/\/saiga.es\/fr\/boutique\/"},{"@type":"ListItem","position":3,"name":"Asir horto 500 comprim\u00e9s"}]},{"@type":"WebSite","@id":"https:\/\/saiga.es\/fr\/#website","url":"https:\/\/saiga.es\/fr\/","name":"SAIGA","description":"M\u00e9s de 50 anys al servei de la terra i treballant per a un \u00fas eficient de l\u2019aigua!","publisher":{"@id":"https:\/\/saiga.es\/fr\/#organization"},"potentialAction":[{"@type":"SearchAction","target":{"@type":"EntryPoint","urlTemplate":"https:\/\/saiga.es\/fr\/?s={search_term_string}"},"query-input":{"@type":"PropertyValueSpecification","valueRequired":true,"valueName":"search_term_string"}}],"inLanguage":"fr-FR"},{"@type":"Organization","@id":"https:\/\/saiga.es\/fr\/#organization","name":"SAIGA","url":"https:\/\/saiga.es\/fr\/","logo":{"@type":"ImageObject","inLanguage":"fr-FR","@id":"https:\/\/saiga.es\/fr\/#\/schema\/logo\/image\/","url":"https:\/\/saiga.es\/wp-content\/uploads\/2025\/07\/logo_saiga_baseline_optimitzat.svg","contentUrl":"https:\/\/saiga.es\/wp-content\/uploads\/2025\/07\/logo_saiga_baseline_optimitzat.svg","caption":"SAIGA"},"image":{"@id":"https:\/\/saiga.es\/fr\/#\/schema\/logo\/image\/"},"sameAs":["https:\/\/x.com\/saiga_agro","https:\/\/www.instagram.com\/saiga_agro\/"]}]}},"_links":{"self":[{"href":"https:\/\/saiga.es\/fr\/wp-json\/wp\/v2\/product\/6614","targetHints":{"allow":["GET"]}}],"collection":[{"href":"https:\/\/saiga.es\/fr\/wp-json\/wp\/v2\/product"}],"about":[{"href":"https:\/\/saiga.es\/fr\/wp-json\/wp\/v2\/types\/product"}],"replies":[{"embeddable":true,"href":"https:\/\/saiga.es\/fr\/wp-json\/wp\/v2\/comments?post=6614"}],"wp:featuredmedia":[{"embeddable":true,"href":"https:\/\/saiga.es\/fr\/wp-json\/wp\/v2\/media\/6615"}],"wp:attachment":[{"href":"https:\/\/saiga.es\/fr\/wp-json\/wp\/v2\/media?parent=6614"}],"wp:term":[{"taxonomy":"product_brand","embeddable":true,"href":"https:\/\/saiga.es\/fr\/wp-json\/wp\/v2\/product_brand?post=6614"},{"taxonomy":"product_cat","embeddable":true,"href":"https:\/\/saiga.es\/fr\/wp-json\/wp\/v2\/product_cat?post=6614"},{"taxonomy":"product_tag","embeddable":true,"href":"https:\/\/saiga.es\/fr\/wp-json\/wp\/v2\/product_tag?post=6614"}],"curies":[{"name":"wp","href":"https:\/\/api.w.org\/{rel}","templated":true}]}}