{"id":6625,"date":"2023-07-25T09:02:41","date_gmt":"2023-07-25T09:02:41","guid":{"rendered":"https:\/\/botiga.saiga.es\/producte\/engrais-vithal-bleu-nitrosip-5-kg\/"},"modified":"2026-03-27T14:39:20","modified_gmt":"2026-03-27T14:39:20","slug":"engrais-vithal-bleu-nitrosip-5-kg","status":"publish","type":"product","link":"https:\/\/saiga.es\/fr\/produit\/engrais-vithal-bleu-nitrosip-5-kg\/","title":{"rendered":"Engrais granul\u00e9 bleu Nitrosip"},"content":{"rendered":"<p data-start=\"361\" data-end=\"874\">Nitrosip est un engrais granulaire bleu de haute qualit\u00e9, \u00e0 la composition \u00e9quilibr\u00e9e (azote, phosphore et potassium), con\u00e7u pour favoriser la croissance, le d\u00e9veloppement et la floraison des plantes. Enrichi en soufre et en potasse de premi\u00e8re qualit\u00e9, cet engrais bleu sp\u00e9cial s&rsquo;utilise aussi bien en engrais de fond qu&rsquo;en couverture, assurant une nutrition efficace des plantes ornementales, des pelouses, des haies, des l\u00e9gumes et des arbres fruitiers. <\/p>\n<p data-start=\"876\" data-end=\"1295\">Sa haute solubilit\u00e9 rend les nutriments accessibles et assimilables, am\u00e9liorant ainsi la vitalit\u00e9 du sol et favorisant la croissance des fruits en cultures horticoles et fruiti\u00e8res. Nitrosip est id\u00e9al pour le jardinage amateur et professionnel, avec des doses recommand\u00e9es adapt\u00e9es \u00e0 chaque type de culture : de 30 \u00e0 70 g\/m\u00b2 pour les plantes ornementales et de 60 \u00e0 120 g\/m\u00b2 pour les arbres fruitiers. <\/p>\n","protected":false},"excerpt":{"rendered":"<p>Nitrosip est un engrais granulaire bleu de haute qualit\u00e9, \u00e0 la composition \u00e9quilibr\u00e9e (azote, phosphore et potassium), con\u00e7u pour favoriser la croissance, le d\u00e9veloppement et la floraison des plantes. Enrichi en soufre et en potasse de premi\u00e8re qualit\u00e9, cet engrais bleu sp\u00e9cial s&rsquo;utilise aussi bien en engrais de fond qu&rsquo;en engrais de couverture, assurant une nutrition efficace des plantes ornementales, des pelouses, des haies, des l\u00e9gumes et des arbres fruitiers. <\/p>\n","protected":false},"featured_media":18170,"comment_status":"closed","ping_status":"closed","template":"","meta":[],"product_brand":[],"product_cat":[425],"product_tag":[],"class_list":{"0":"post-6625","1":"product","2":"type-product","3":"status-publish","4":"has-post-thumbnail","6":"product_cat-potager","8":"first","9":"instock","10":"taxable","11":"shipping-taxable","12":"purchasable","13":"product-type-simple"},"yoast_head":"<!-- This site is optimized with the Yoast SEO plugin v27.4 - https:\/\/yoast.com\/product\/yoast-seo-wordpress\/ -->\n<title>Engrais granul\u00e9 bleu Nitrosip | SAIGA<\/title>\n<meta name=\"description\" content=\"Engrais granulaire bleu Nitrosip de Sipcam Jard\u00edn avec un N-P-K \u00e9quilibr\u00e9 pour la croissance, la floraison et le grossissement des fruits des l\u00e9gumes, des arbres fruitiers et des plantes ornementales.\" \/>\n<meta name=\"robots\" content=\"index, follow, max-snippet:-1, max-image-preview:large, max-video-preview:-1\" \/>\n<link rel=\"canonical\" href=\"https:\/\/saiga.es\/fr\/produit\/engrais-vithal-bleu-nitrosip-5-kg\/\" \/>\n<meta property=\"og:locale\" content=\"fr_FR\" \/>\n<meta property=\"og:type\" content=\"article\" \/>\n<meta property=\"og:title\" content=\"Engrais granul\u00e9 bleu Nitrosip | SAIGA\" \/>\n<meta property=\"og:description\" content=\"Engrais granulaire bleu Nitrosip de Sipcam Jard\u00edn avec un N-P-K \u00e9quilibr\u00e9 pour la croissance, la floraison et le grossissement des fruits des l\u00e9gumes, des arbres fruitiers et des plantes ornementales.\" \/>\n<meta property=\"og:url\" content=\"https:\/\/saiga.es\/fr\/produit\/engrais-vithal-bleu-nitrosip-5-kg\/\" \/>\n<meta property=\"og:site_name\" content=\"SAIGA\" \/>\n<meta property=\"article:modified_time\" content=\"2026-03-27T14:39:20+00:00\" \/>\n<meta property=\"og:image\" content=\"https:\/\/saiga.es\/wp-content\/uploads\/2023\/07\/Nitrosip-adob-blau.jpg\" \/>\n\t<meta property=\"og:image:width\" content=\"1080\" \/>\n\t<meta property=\"og:image:height\" content=\"1080\" \/>\n\t<meta property=\"og:image:type\" content=\"image\/jpeg\" \/>\n<meta name=\"twitter:card\" content=\"summary_large_image\" \/>\n<meta name=\"twitter:site\" content=\"@saiga_agro\" \/>\n<meta name=\"twitter:label1\" content=\"Dur\u00e9e de lecture estim\u00e9e\" \/>\n\t<meta name=\"twitter:data1\" content=\"1 minute\" \/>\n<script type=\"application\/ld+json\" class=\"yoast-schema-graph\">{\"@context\":\"https:\\\/\\\/schema.org\",\"@graph\":[{\"@type\":\"WebPage\",\"@id\":\"https:\\\/\\\/saiga.es\\\/fr\\\/produit\\\/engrais-vithal-bleu-nitrosip-5-kg\\\/\",\"url\":\"https:\\\/\\\/saiga.es\\\/fr\\\/produit\\\/engrais-vithal-bleu-nitrosip-5-kg\\\/\",\"name\":\"Engrais granul\u00e9 bleu Nitrosip | SAIGA\",\"isPartOf\":{\"@id\":\"https:\\\/\\\/saiga.es\\\/fr\\\/#website\"},\"primaryImageOfPage\":{\"@id\":\"https:\\\/\\\/saiga.es\\\/fr\\\/produit\\\/engrais-vithal-bleu-nitrosip-5-kg\\\/#primaryimage\"},\"image\":{\"@id\":\"https:\\\/\\\/saiga.es\\\/fr\\\/produit\\\/engrais-vithal-bleu-nitrosip-5-kg\\\/#primaryimage\"},\"thumbnailUrl\":\"https:\\\/\\\/saiga.es\\\/wp-content\\\/uploads\\\/2023\\\/07\\\/Nitrosip-adob-blau.jpg\",\"datePublished\":\"2023-07-25T09:02:41+00:00\",\"dateModified\":\"2026-03-27T14:39:20+00:00\",\"description\":\"Engrais granulaire bleu Nitrosip de Sipcam Jard\u00edn avec un N-P-K \u00e9quilibr\u00e9 pour la croissance, la floraison et le grossissement des fruits des l\u00e9gumes, des arbres fruitiers et des plantes ornementales.\",\"breadcrumb\":{\"@id\":\"https:\\\/\\\/saiga.es\\\/fr\\\/produit\\\/engrais-vithal-bleu-nitrosip-5-kg\\\/#breadcrumb\"},\"inLanguage\":\"fr-FR\",\"potentialAction\":[{\"@type\":\"ReadAction\",\"target\":[\"https:\\\/\\\/saiga.es\\\/fr\\\/produit\\\/engrais-vithal-bleu-nitrosip-5-kg\\\/\"]}]},{\"@type\":\"ImageObject\",\"inLanguage\":\"fr-FR\",\"@id\":\"https:\\\/\\\/saiga.es\\\/fr\\\/produit\\\/engrais-vithal-bleu-nitrosip-5-kg\\\/#primaryimage\",\"url\":\"https:\\\/\\\/saiga.es\\\/wp-content\\\/uploads\\\/2023\\\/07\\\/Nitrosip-adob-blau.jpg\",\"contentUrl\":\"https:\\\/\\\/saiga.es\\\/wp-content\\\/uploads\\\/2023\\\/07\\\/Nitrosip-adob-blau.jpg\",\"width\":1080,\"height\":1080,\"caption\":\"Engrais bleu granul\u00e9 Nitrosip\"},{\"@type\":\"BreadcrumbList\",\"@id\":\"https:\\\/\\\/saiga.es\\\/fr\\\/produit\\\/engrais-vithal-bleu-nitrosip-5-kg\\\/#breadcrumb\",\"itemListElement\":[{\"@type\":\"ListItem\",\"position\":1,\"name\":\"Inici\",\"item\":\"https:\\\/\\\/saiga.es\\\/fr\\\/\"},{\"@type\":\"ListItem\",\"position\":2,\"name\":\"boutique\",\"item\":\"https:\\\/\\\/saiga.es\\\/fr\\\/boutique\\\/\"},{\"@type\":\"ListItem\",\"position\":3,\"name\":\"Engrais granul\u00e9 bleu Nitrosip\"}]},{\"@type\":\"WebSite\",\"@id\":\"https:\\\/\\\/saiga.es\\\/fr\\\/#website\",\"url\":\"https:\\\/\\\/saiga.es\\\/fr\\\/\",\"name\":\"SAIGA\",\"description\":\"M\u00e9s de 50 anys al servei de la terra i treballant per a un \u00fas eficient de l\u2019aigua!\",\"publisher\":{\"@id\":\"https:\\\/\\\/saiga.es\\\/fr\\\/#organization\"},\"potentialAction\":[{\"@type\":\"SearchAction\",\"target\":{\"@type\":\"EntryPoint\",\"urlTemplate\":\"https:\\\/\\\/saiga.es\\\/fr\\\/?s={search_term_string}\"},\"query-input\":{\"@type\":\"PropertyValueSpecification\",\"valueRequired\":true,\"valueName\":\"search_term_string\"}}],\"inLanguage\":\"fr-FR\"},{\"@type\":\"Organization\",\"@id\":\"https:\\\/\\\/saiga.es\\\/fr\\\/#organization\",\"name\":\"SAIGA\",\"url\":\"https:\\\/\\\/saiga.es\\\/fr\\\/\",\"logo\":{\"@type\":\"ImageObject\",\"inLanguage\":\"fr-FR\",\"@id\":\"https:\\\/\\\/saiga.es\\\/fr\\\/#\\\/schema\\\/logo\\\/image\\\/\",\"url\":\"https:\\\/\\\/saiga.es\\\/wp-content\\\/uploads\\\/2025\\\/07\\\/logo_saiga_baseline_optimitzat.svg\",\"contentUrl\":\"https:\\\/\\\/saiga.es\\\/wp-content\\\/uploads\\\/2025\\\/07\\\/logo_saiga_baseline_optimitzat.svg\",\"caption\":\"SAIGA\"},\"image\":{\"@id\":\"https:\\\/\\\/saiga.es\\\/fr\\\/#\\\/schema\\\/logo\\\/image\\\/\"},\"sameAs\":[\"https:\\\/\\\/x.com\\\/saiga_agro\",\"https:\\\/\\\/www.instagram.com\\\/saiga_agro\\\/\"]}]}<\/script>\n<!-- \/ Yoast SEO plugin. -->","yoast_head_json":{"title":"Engrais granul\u00e9 bleu Nitrosip | SAIGA","description":"Engrais granulaire bleu Nitrosip de Sipcam Jard\u00edn avec un N-P-K \u00e9quilibr\u00e9 pour la croissance, la floraison et le grossissement des fruits des l\u00e9gumes, des arbres fruitiers et des plantes ornementales.","robots":{"index":"index","follow":"follow","max-snippet":"max-snippet:-1","max-image-preview":"max-image-preview:large","max-video-preview":"max-video-preview:-1"},"canonical":"https:\/\/saiga.es\/fr\/produit\/engrais-vithal-bleu-nitrosip-5-kg\/","og_locale":"fr_FR","og_type":"article","og_title":"Engrais granul\u00e9 bleu Nitrosip | SAIGA","og_description":"Engrais granulaire bleu Nitrosip de Sipcam Jard\u00edn avec un N-P-K \u00e9quilibr\u00e9 pour la croissance, la floraison et le grossissement des fruits des l\u00e9gumes, des arbres fruitiers et des plantes ornementales.","og_url":"https:\/\/saiga.es\/fr\/produit\/engrais-vithal-bleu-nitrosip-5-kg\/","og_site_name":"SAIGA","article_modified_time":"2026-03-27T14:39:20+00:00","og_image":[{"width":1080,"height":1080,"url":"https:\/\/saiga.es\/wp-content\/uploads\/2023\/07\/Nitrosip-adob-blau.jpg","type":"image\/jpeg"}],"twitter_card":"summary_large_image","twitter_site":"@saiga_agro","twitter_misc":{"Dur\u00e9e de lecture estim\u00e9e":"1 minute"},"schema":{"@context":"https:\/\/schema.org","@graph":[{"@type":"WebPage","@id":"https:\/\/saiga.es\/fr\/produit\/engrais-vithal-bleu-nitrosip-5-kg\/","url":"https:\/\/saiga.es\/fr\/produit\/engrais-vithal-bleu-nitrosip-5-kg\/","name":"Engrais granul\u00e9 bleu Nitrosip | SAIGA","isPartOf":{"@id":"https:\/\/saiga.es\/fr\/#website"},"primaryImageOfPage":{"@id":"https:\/\/saiga.es\/fr\/produit\/engrais-vithal-bleu-nitrosip-5-kg\/#primaryimage"},"image":{"@id":"https:\/\/saiga.es\/fr\/produit\/engrais-vithal-bleu-nitrosip-5-kg\/#primaryimage"},"thumbnailUrl":"https:\/\/saiga.es\/wp-content\/uploads\/2023\/07\/Nitrosip-adob-blau.jpg","datePublished":"2023-07-25T09:02:41+00:00","dateModified":"2026-03-27T14:39:20+00:00","description":"Engrais granulaire bleu Nitrosip de Sipcam Jard\u00edn avec un N-P-K \u00e9quilibr\u00e9 pour la croissance, la floraison et le grossissement des fruits des l\u00e9gumes, des arbres fruitiers et des plantes ornementales.","breadcrumb":{"@id":"https:\/\/saiga.es\/fr\/produit\/engrais-vithal-bleu-nitrosip-5-kg\/#breadcrumb"},"inLanguage":"fr-FR","potentialAction":[{"@type":"ReadAction","target":["https:\/\/saiga.es\/fr\/produit\/engrais-vithal-bleu-nitrosip-5-kg\/"]}]},{"@type":"ImageObject","inLanguage":"fr-FR","@id":"https:\/\/saiga.es\/fr\/produit\/engrais-vithal-bleu-nitrosip-5-kg\/#primaryimage","url":"https:\/\/saiga.es\/wp-content\/uploads\/2023\/07\/Nitrosip-adob-blau.jpg","contentUrl":"https:\/\/saiga.es\/wp-content\/uploads\/2023\/07\/Nitrosip-adob-blau.jpg","width":1080,"height":1080,"caption":"Engrais bleu granul\u00e9 Nitrosip"},{"@type":"BreadcrumbList","@id":"https:\/\/saiga.es\/fr\/produit\/engrais-vithal-bleu-nitrosip-5-kg\/#breadcrumb","itemListElement":[{"@type":"ListItem","position":1,"name":"Inici","item":"https:\/\/saiga.es\/fr\/"},{"@type":"ListItem","position":2,"name":"boutique","item":"https:\/\/saiga.es\/fr\/boutique\/"},{"@type":"ListItem","position":3,"name":"Engrais granul\u00e9 bleu Nitrosip"}]},{"@type":"WebSite","@id":"https:\/\/saiga.es\/fr\/#website","url":"https:\/\/saiga.es\/fr\/","name":"SAIGA","description":"M\u00e9s de 50 anys al servei de la terra i treballant per a un \u00fas eficient de l\u2019aigua!","publisher":{"@id":"https:\/\/saiga.es\/fr\/#organization"},"potentialAction":[{"@type":"SearchAction","target":{"@type":"EntryPoint","urlTemplate":"https:\/\/saiga.es\/fr\/?s={search_term_string}"},"query-input":{"@type":"PropertyValueSpecification","valueRequired":true,"valueName":"search_term_string"}}],"inLanguage":"fr-FR"},{"@type":"Organization","@id":"https:\/\/saiga.es\/fr\/#organization","name":"SAIGA","url":"https:\/\/saiga.es\/fr\/","logo":{"@type":"ImageObject","inLanguage":"fr-FR","@id":"https:\/\/saiga.es\/fr\/#\/schema\/logo\/image\/","url":"https:\/\/saiga.es\/wp-content\/uploads\/2025\/07\/logo_saiga_baseline_optimitzat.svg","contentUrl":"https:\/\/saiga.es\/wp-content\/uploads\/2025\/07\/logo_saiga_baseline_optimitzat.svg","caption":"SAIGA"},"image":{"@id":"https:\/\/saiga.es\/fr\/#\/schema\/logo\/image\/"},"sameAs":["https:\/\/x.com\/saiga_agro","https:\/\/www.instagram.com\/saiga_agro\/"]}]}},"_links":{"self":[{"href":"https:\/\/saiga.es\/fr\/wp-json\/wp\/v2\/product\/6625","targetHints":{"allow":["GET"]}}],"collection":[{"href":"https:\/\/saiga.es\/fr\/wp-json\/wp\/v2\/product"}],"about":[{"href":"https:\/\/saiga.es\/fr\/wp-json\/wp\/v2\/types\/product"}],"replies":[{"embeddable":true,"href":"https:\/\/saiga.es\/fr\/wp-json\/wp\/v2\/comments?post=6625"}],"wp:featuredmedia":[{"embeddable":true,"href":"https:\/\/saiga.es\/fr\/wp-json\/wp\/v2\/media\/18170"}],"wp:attachment":[{"href":"https:\/\/saiga.es\/fr\/wp-json\/wp\/v2\/media?parent=6625"}],"wp:term":[{"taxonomy":"product_brand","embeddable":true,"href":"https:\/\/saiga.es\/fr\/wp-json\/wp\/v2\/product_brand?post=6625"},{"taxonomy":"product_cat","embeddable":true,"href":"https:\/\/saiga.es\/fr\/wp-json\/wp\/v2\/product_cat?post=6625"},{"taxonomy":"product_tag","embeddable":true,"href":"https:\/\/saiga.es\/fr\/wp-json\/wp\/v2\/product_tag?post=6625"}],"curies":[{"name":"wp","href":"https:\/\/api.w.org\/{rel}","templated":true}]}}