{"id":6644,"date":"2023-11-02T09:49:50","date_gmt":"2023-11-02T09:49:50","guid":{"rendered":"https:\/\/botiga.saiga.es\/producte\/arroseur-rain-bird-5000-pc-sectoriel\/"},"modified":"2025-08-27T13:26:03","modified_gmt":"2025-08-27T13:26:03","slug":"arroseur-rain-bird-5000-pc-sectoriel","status":"publish","type":"product","link":"https:\/\/saiga.es\/fr\/produit\/arroseur-rain-bird-5000-pc-sectoriel\/","title":{"rendered":"Arroseur Rain Bird 5000 PC Sectoriel"},"content":{"rendered":"<p data-start=\"4122\" data-end=\"4667\">Le Rain Bird 5000 PC Sectorial est un arroseur \u00e0 turbine hautes performances con\u00e7u pour les environnements r\u00e9sidentiels et commerciaux. Avec une hauteur de refoulement r\u00e9glable (10, 15 et 30 cm), il s&rsquo;adapte parfaitement \u00e0 tout type de jardin ou d&rsquo;espace vert. Sa technologie avanc\u00e9e, comme le joint racleur \u00e0 triple lame et les buses Rain Curtain\u2122, garantit une distribution d&rsquo;eau uniforme et sans pertes. De plus, il b\u00e9n\u00e9ficie d&rsquo;une garantie commerciale de 5 ans, gage de sa robustesse et de sa fiabilit\u00e9 \u00e9prouv\u00e9es.   <\/p>\n<p data-start=\"4669\" data-end=\"4712\">Sp\u00e9cifications techniques exceptionnelles :<\/p>\n<ul data-start=\"4713\" data-end=\"4926\">\n<li data-start=\"4713\" data-end=\"4761\">\n<p data-start=\"4715\" data-end=\"4761\">Couverture : 7,6 m \u2013 15,2 m (25 \u2013 50 pi)<\/p>\n<\/li>\n<li data-start=\"4762\" data-end=\"4812\">\n<p data-start=\"4764\" data-end=\"4812\">D\u00e9bit : 3,0 \u2013 36,6 l\/min (0,76 \u2013 9,63 gpm)<\/p>\n<\/li>\n<li data-start=\"4813\" data-end=\"4867\">\n<p data-start=\"4815\" data-end=\"4867\">Pression de service : 1,7 \u2013 4,5 bar (25 \u2013 65 psi)<\/p>\n<\/li>\n<li data-start=\"4868\" data-end=\"4926\">\n<p data-start=\"4870\" data-end=\"4926\">Arc r\u00e9glable : jusqu&rsquo;\u00e0 360\u00b0 (cycle complet ou partiel)<\/p>\n<\/li>\n<\/ul>\n<p data-start=\"4928\" data-end=\"4958\">Les avantages que nous vous offrons :<\/p>\n<ul data-start=\"4959\" data-end=\"5246\">\n<li data-start=\"4959\" data-end=\"5050\">\n<p data-start=\"4961\" data-end=\"5050\">Efficacit\u00e9 de l&rsquo;eau : combine une technologie de pointe pour une irrigation uniforme et durable.<\/p>\n<\/li>\n<li data-start=\"5051\" data-end=\"5161\">\n<p data-start=\"5053\" data-end=\"5161\">Installation flexible : diff\u00e9rentes hauteurs et arches configurables, id\u00e9ales pour les pelouses, les champs et les espaces verts.<\/p>\n<\/li>\n<li data-start=\"5162\" data-end=\"5246\">\n<p data-start=\"5164\" data-end=\"5246\">Durabilit\u00e9 assur\u00e9e : composants de qualit\u00e9 et support de garantie de 5 ans.<\/p>\n<\/li>\n<\/ul>\n","protected":false},"excerpt":{"rendered":"<p>Arroseur \u00e0 turbine haute performance pour les applications d&rsquo;irrigation r\u00e9sidentielle et commerciale des espaces verts. Disponible en plusieurs mod\u00e8les pour s&rsquo;adapter \u00e0 tous les besoins d&rsquo;irrigation, avec diff\u00e9rentes hauteurs d&rsquo;urgence (10, 15 et 30 cm) et options de configuration. R\u00e9glage du secteur d&rsquo;irrigation par le haut de l&rsquo;arroseur. Tout ce dont vous avez besoin est un tournevis \u00e0 t\u00eate plate. Vis de r\u00e9glage de la buse, qui permet de r\u00e9duire la port\u00e9e de 25% sans avoir \u00e0 changer la buse. Port\u00e9e accrue avec moins de d\u00e9bit par buse. Extraction simple de la buse qui facilite l&rsquo;entretien de l&rsquo;arroseur.<\/p>\n","protected":false},"featured_media":11648,"comment_status":"closed","ping_status":"closed","template":"","meta":[],"product_brand":[],"product_cat":[470],"product_tag":[],"class_list":{"0":"post-6644","1":"product","2":"type-product","3":"status-publish","4":"has-post-thumbnail","6":"product_cat-arroseurs-et-diffuseurs","8":"first","9":"instock","10":"taxable","11":"shipping-taxable","12":"purchasable","13":"product-type-simple"},"yoast_head":"<!-- This site is optimized with the Yoast SEO plugin v27.3 - https:\/\/yoast.com\/product\/yoast-seo-wordpress\/ -->\n<title>Arroseur Rain Bird 5000 PC Sectoriel | SAIGA<\/title>\n<meta name=\"description\" content=\"Descobreix l\u2019aspersor de turbina Rain Bird 5000 PC Sectorial: m\u00e0xima fiabilitat i cobertura uniforme per a reg residencial i comercial.\" \/>\n<meta name=\"robots\" content=\"index, follow, max-snippet:-1, max-image-preview:large, max-video-preview:-1\" \/>\n<link rel=\"canonical\" href=\"https:\/\/saiga.es\/fr\/produit\/arroseur-rain-bird-5000-pc-sectoriel\/\" \/>\n<meta property=\"og:locale\" content=\"fr_FR\" \/>\n<meta property=\"og:type\" content=\"article\" \/>\n<meta property=\"og:title\" content=\"Arroseur Rain Bird 5000 PC Sectoriel | SAIGA\" \/>\n<meta property=\"og:description\" content=\"Descobreix l\u2019aspersor de turbina Rain Bird 5000 PC Sectorial: m\u00e0xima fiabilitat i cobertura uniforme per a reg residencial i comercial.\" \/>\n<meta property=\"og:url\" content=\"https:\/\/saiga.es\/fr\/produit\/arroseur-rain-bird-5000-pc-sectoriel\/\" \/>\n<meta property=\"og:site_name\" content=\"SAIGA\" \/>\n<meta property=\"article:modified_time\" content=\"2025-08-27T13:26:03+00:00\" \/>\n<meta property=\"og:image\" content=\"https:\/\/saiga.es\/wp-content\/uploads\/2023\/11\/Aspersor-Rain-Bird-serie-5000-1.jpg\" \/>\n\t<meta property=\"og:image:width\" content=\"1080\" \/>\n\t<meta property=\"og:image:height\" content=\"1080\" \/>\n\t<meta property=\"og:image:type\" content=\"image\/jpeg\" \/>\n<meta name=\"twitter:card\" content=\"summary_large_image\" \/>\n<meta name=\"twitter:site\" content=\"@saiga_agro\" \/>\n<meta name=\"twitter:label1\" content=\"Dur\u00e9e de lecture estim\u00e9e\" \/>\n\t<meta name=\"twitter:data1\" content=\"1 minute\" \/>\n<script type=\"application\/ld+json\" class=\"yoast-schema-graph\">{\"@context\":\"https:\\\/\\\/schema.org\",\"@graph\":[{\"@type\":\"WebPage\",\"@id\":\"https:\\\/\\\/saiga.es\\\/fr\\\/produit\\\/arroseur-rain-bird-5000-pc-sectoriel\\\/\",\"url\":\"https:\\\/\\\/saiga.es\\\/fr\\\/produit\\\/arroseur-rain-bird-5000-pc-sectoriel\\\/\",\"name\":\"Arroseur Rain Bird 5000 PC Sectoriel | SAIGA\",\"isPartOf\":{\"@id\":\"https:\\\/\\\/saiga.es\\\/fr\\\/#website\"},\"primaryImageOfPage\":{\"@id\":\"https:\\\/\\\/saiga.es\\\/fr\\\/produit\\\/arroseur-rain-bird-5000-pc-sectoriel\\\/#primaryimage\"},\"image\":{\"@id\":\"https:\\\/\\\/saiga.es\\\/fr\\\/produit\\\/arroseur-rain-bird-5000-pc-sectoriel\\\/#primaryimage\"},\"thumbnailUrl\":\"https:\\\/\\\/saiga.es\\\/wp-content\\\/uploads\\\/2023\\\/11\\\/Aspersor-Rain-Bird-serie-5000-1.jpg\",\"datePublished\":\"2023-11-02T09:49:50+00:00\",\"dateModified\":\"2025-08-27T13:26:03+00:00\",\"description\":\"Descobreix l\u2019aspersor de turbina Rain Bird 5000 PC Sectorial: m\u00e0xima fiabilitat i cobertura uniforme per a reg residencial i comercial.\",\"breadcrumb\":{\"@id\":\"https:\\\/\\\/saiga.es\\\/fr\\\/produit\\\/arroseur-rain-bird-5000-pc-sectoriel\\\/#breadcrumb\"},\"inLanguage\":\"fr-FR\",\"potentialAction\":[{\"@type\":\"ReadAction\",\"target\":[\"https:\\\/\\\/saiga.es\\\/fr\\\/produit\\\/arroseur-rain-bird-5000-pc-sectoriel\\\/\"]}]},{\"@type\":\"ImageObject\",\"inLanguage\":\"fr-FR\",\"@id\":\"https:\\\/\\\/saiga.es\\\/fr\\\/produit\\\/arroseur-rain-bird-5000-pc-sectoriel\\\/#primaryimage\",\"url\":\"https:\\\/\\\/saiga.es\\\/wp-content\\\/uploads\\\/2023\\\/11\\\/Aspersor-Rain-Bird-serie-5000-1.jpg\",\"contentUrl\":\"https:\\\/\\\/saiga.es\\\/wp-content\\\/uploads\\\/2023\\\/11\\\/Aspersor-Rain-Bird-serie-5000-1.jpg\",\"width\":1080,\"height\":1080,\"caption\":\"Arroseur Rain Bird S\u00e9rie 5000\"},{\"@type\":\"BreadcrumbList\",\"@id\":\"https:\\\/\\\/saiga.es\\\/fr\\\/produit\\\/arroseur-rain-bird-5000-pc-sectoriel\\\/#breadcrumb\",\"itemListElement\":[{\"@type\":\"ListItem\",\"position\":1,\"name\":\"Inici\",\"item\":\"https:\\\/\\\/saiga.es\\\/fr\\\/\"},{\"@type\":\"ListItem\",\"position\":2,\"name\":\"boutique\",\"item\":\"https:\\\/\\\/saiga.es\\\/fr\\\/boutique\\\/\"},{\"@type\":\"ListItem\",\"position\":3,\"name\":\"Arroseur Rain Bird 5000 PC Sectoriel\"}]},{\"@type\":\"WebSite\",\"@id\":\"https:\\\/\\\/saiga.es\\\/fr\\\/#website\",\"url\":\"https:\\\/\\\/saiga.es\\\/fr\\\/\",\"name\":\"SAIGA\",\"description\":\"M\u00e9s de 50 anys al servei de la terra i treballant per a un \u00fas eficient de l\u2019aigua!\",\"publisher\":{\"@id\":\"https:\\\/\\\/saiga.es\\\/fr\\\/#organization\"},\"potentialAction\":[{\"@type\":\"SearchAction\",\"target\":{\"@type\":\"EntryPoint\",\"urlTemplate\":\"https:\\\/\\\/saiga.es\\\/fr\\\/?s={search_term_string}\"},\"query-input\":{\"@type\":\"PropertyValueSpecification\",\"valueRequired\":true,\"valueName\":\"search_term_string\"}}],\"inLanguage\":\"fr-FR\"},{\"@type\":\"Organization\",\"@id\":\"https:\\\/\\\/saiga.es\\\/fr\\\/#organization\",\"name\":\"SAIGA\",\"url\":\"https:\\\/\\\/saiga.es\\\/fr\\\/\",\"logo\":{\"@type\":\"ImageObject\",\"inLanguage\":\"fr-FR\",\"@id\":\"https:\\\/\\\/saiga.es\\\/fr\\\/#\\\/schema\\\/logo\\\/image\\\/\",\"url\":\"https:\\\/\\\/saiga.es\\\/wp-content\\\/uploads\\\/2025\\\/07\\\/logo_saiga_baseline_optimitzat.svg\",\"contentUrl\":\"https:\\\/\\\/saiga.es\\\/wp-content\\\/uploads\\\/2025\\\/07\\\/logo_saiga_baseline_optimitzat.svg\",\"caption\":\"SAIGA\"},\"image\":{\"@id\":\"https:\\\/\\\/saiga.es\\\/fr\\\/#\\\/schema\\\/logo\\\/image\\\/\"},\"sameAs\":[\"https:\\\/\\\/x.com\\\/saiga_agro\",\"https:\\\/\\\/www.instagram.com\\\/saiga_agro\\\/\"]}]}<\/script>\n<!-- \/ Yoast SEO plugin. -->","yoast_head_json":{"title":"Arroseur Rain Bird 5000 PC Sectoriel | SAIGA","description":"Descobreix l\u2019aspersor de turbina Rain Bird 5000 PC Sectorial: m\u00e0xima fiabilitat i cobertura uniforme per a reg residencial i comercial.","robots":{"index":"index","follow":"follow","max-snippet":"max-snippet:-1","max-image-preview":"max-image-preview:large","max-video-preview":"max-video-preview:-1"},"canonical":"https:\/\/saiga.es\/fr\/produit\/arroseur-rain-bird-5000-pc-sectoriel\/","og_locale":"fr_FR","og_type":"article","og_title":"Arroseur Rain Bird 5000 PC Sectoriel | SAIGA","og_description":"Descobreix l\u2019aspersor de turbina Rain Bird 5000 PC Sectorial: m\u00e0xima fiabilitat i cobertura uniforme per a reg residencial i comercial.","og_url":"https:\/\/saiga.es\/fr\/produit\/arroseur-rain-bird-5000-pc-sectoriel\/","og_site_name":"SAIGA","article_modified_time":"2025-08-27T13:26:03+00:00","og_image":[{"width":1080,"height":1080,"url":"https:\/\/saiga.es\/wp-content\/uploads\/2023\/11\/Aspersor-Rain-Bird-serie-5000-1.jpg","type":"image\/jpeg"}],"twitter_card":"summary_large_image","twitter_site":"@saiga_agro","twitter_misc":{"Dur\u00e9e de lecture estim\u00e9e":"1 minute"},"schema":{"@context":"https:\/\/schema.org","@graph":[{"@type":"WebPage","@id":"https:\/\/saiga.es\/fr\/produit\/arroseur-rain-bird-5000-pc-sectoriel\/","url":"https:\/\/saiga.es\/fr\/produit\/arroseur-rain-bird-5000-pc-sectoriel\/","name":"Arroseur Rain Bird 5000 PC Sectoriel | SAIGA","isPartOf":{"@id":"https:\/\/saiga.es\/fr\/#website"},"primaryImageOfPage":{"@id":"https:\/\/saiga.es\/fr\/produit\/arroseur-rain-bird-5000-pc-sectoriel\/#primaryimage"},"image":{"@id":"https:\/\/saiga.es\/fr\/produit\/arroseur-rain-bird-5000-pc-sectoriel\/#primaryimage"},"thumbnailUrl":"https:\/\/saiga.es\/wp-content\/uploads\/2023\/11\/Aspersor-Rain-Bird-serie-5000-1.jpg","datePublished":"2023-11-02T09:49:50+00:00","dateModified":"2025-08-27T13:26:03+00:00","description":"Descobreix l\u2019aspersor de turbina Rain Bird 5000 PC Sectorial: m\u00e0xima fiabilitat i cobertura uniforme per a reg residencial i comercial.","breadcrumb":{"@id":"https:\/\/saiga.es\/fr\/produit\/arroseur-rain-bird-5000-pc-sectoriel\/#breadcrumb"},"inLanguage":"fr-FR","potentialAction":[{"@type":"ReadAction","target":["https:\/\/saiga.es\/fr\/produit\/arroseur-rain-bird-5000-pc-sectoriel\/"]}]},{"@type":"ImageObject","inLanguage":"fr-FR","@id":"https:\/\/saiga.es\/fr\/produit\/arroseur-rain-bird-5000-pc-sectoriel\/#primaryimage","url":"https:\/\/saiga.es\/wp-content\/uploads\/2023\/11\/Aspersor-Rain-Bird-serie-5000-1.jpg","contentUrl":"https:\/\/saiga.es\/wp-content\/uploads\/2023\/11\/Aspersor-Rain-Bird-serie-5000-1.jpg","width":1080,"height":1080,"caption":"Arroseur Rain Bird S\u00e9rie 5000"},{"@type":"BreadcrumbList","@id":"https:\/\/saiga.es\/fr\/produit\/arroseur-rain-bird-5000-pc-sectoriel\/#breadcrumb","itemListElement":[{"@type":"ListItem","position":1,"name":"Inici","item":"https:\/\/saiga.es\/fr\/"},{"@type":"ListItem","position":2,"name":"boutique","item":"https:\/\/saiga.es\/fr\/boutique\/"},{"@type":"ListItem","position":3,"name":"Arroseur Rain Bird 5000 PC Sectoriel"}]},{"@type":"WebSite","@id":"https:\/\/saiga.es\/fr\/#website","url":"https:\/\/saiga.es\/fr\/","name":"SAIGA","description":"M\u00e9s de 50 anys al servei de la terra i treballant per a un \u00fas eficient de l\u2019aigua!","publisher":{"@id":"https:\/\/saiga.es\/fr\/#organization"},"potentialAction":[{"@type":"SearchAction","target":{"@type":"EntryPoint","urlTemplate":"https:\/\/saiga.es\/fr\/?s={search_term_string}"},"query-input":{"@type":"PropertyValueSpecification","valueRequired":true,"valueName":"search_term_string"}}],"inLanguage":"fr-FR"},{"@type":"Organization","@id":"https:\/\/saiga.es\/fr\/#organization","name":"SAIGA","url":"https:\/\/saiga.es\/fr\/","logo":{"@type":"ImageObject","inLanguage":"fr-FR","@id":"https:\/\/saiga.es\/fr\/#\/schema\/logo\/image\/","url":"https:\/\/saiga.es\/wp-content\/uploads\/2025\/07\/logo_saiga_baseline_optimitzat.svg","contentUrl":"https:\/\/saiga.es\/wp-content\/uploads\/2025\/07\/logo_saiga_baseline_optimitzat.svg","caption":"SAIGA"},"image":{"@id":"https:\/\/saiga.es\/fr\/#\/schema\/logo\/image\/"},"sameAs":["https:\/\/x.com\/saiga_agro","https:\/\/www.instagram.com\/saiga_agro\/"]}]}},"_links":{"self":[{"href":"https:\/\/saiga.es\/fr\/wp-json\/wp\/v2\/product\/6644","targetHints":{"allow":["GET"]}}],"collection":[{"href":"https:\/\/saiga.es\/fr\/wp-json\/wp\/v2\/product"}],"about":[{"href":"https:\/\/saiga.es\/fr\/wp-json\/wp\/v2\/types\/product"}],"replies":[{"embeddable":true,"href":"https:\/\/saiga.es\/fr\/wp-json\/wp\/v2\/comments?post=6644"}],"wp:featuredmedia":[{"embeddable":true,"href":"https:\/\/saiga.es\/fr\/wp-json\/wp\/v2\/media\/11648"}],"wp:attachment":[{"href":"https:\/\/saiga.es\/fr\/wp-json\/wp\/v2\/media?parent=6644"}],"wp:term":[{"taxonomy":"product_brand","embeddable":true,"href":"https:\/\/saiga.es\/fr\/wp-json\/wp\/v2\/product_brand?post=6644"},{"taxonomy":"product_cat","embeddable":true,"href":"https:\/\/saiga.es\/fr\/wp-json\/wp\/v2\/product_cat?post=6644"},{"taxonomy":"product_tag","embeddable":true,"href":"https:\/\/saiga.es\/fr\/wp-json\/wp\/v2\/product_tag?post=6644"}],"curies":[{"name":"wp","href":"https:\/\/api.w.org\/{rel}","templated":true}]}}