{"id":6646,"date":"2023-11-03T11:11:23","date_gmt":"2023-11-03T11:11:23","guid":{"rendered":"https:\/\/botiga.saiga.es\/producte\/diffuseur-toro-570z-2p\/"},"modified":"2023-11-03T11:11:23","modified_gmt":"2023-11-03T11:11:23","slug":"diffuseur-toro-570z-2p","status":"publish","type":"product","link":"https:\/\/saiga.es\/fr\/produit\/diffuseur-toro-570z-2p\/","title":{"rendered":"Diffuseur Toro 570Z 2P"},"content":{"rendered":"<p>Les mod\u00e8les 570Z disposent d&rsquo;un joint d&rsquo;\u00e9tanch\u00e9it\u00e9 basse pression qui nettoie la chape simplement en se r\u00e9tractant et sont id\u00e9aux pour les espaces verts relativement petits. Corps avec sept hauteurs de secours diff\u00e9rentes et plusieurs filtres interchangeables qui offrent une grande flexibilit\u00e9 et une combinaison illimit\u00e9e de designs.<\/p>\n<p>&nbsp;<\/p>\n","protected":false},"excerpt":{"rendered":"<p>Les mod\u00e8les 570Z disposent d&rsquo;un joint d&rsquo;\u00e9tanch\u00e9it\u00e9 basse pression qui nettoie la chape simplement en se r\u00e9tractant et sont id\u00e9aux pour les espaces verts relativement petits. Corps avec sept hauteurs de secours diff\u00e9rentes et plusieurs filtres interchangeables qui offrent une grande flexibilit\u00e9 et une combinaison illimit\u00e9e de designs. &nbsp;<\/p>\n","protected":false},"featured_media":11651,"comment_status":"closed","ping_status":"closed","template":"","meta":[],"product_brand":[],"product_cat":[470],"product_tag":[],"class_list":{"0":"post-6646","1":"product","2":"type-product","3":"status-publish","4":"has-post-thumbnail","6":"product_cat-arroseurs-et-diffuseurs","8":"first","9":"instock","10":"taxable","11":"shipping-taxable","12":"purchasable","13":"product-type-simple"},"yoast_head":"<!-- This site is optimized with the Yoast SEO plugin v27.4 - https:\/\/yoast.com\/product\/yoast-seo-wordpress\/ -->\n<title>Diffuseur Toro 570Z 2P | SAIGA<\/title>\n<meta name=\"robots\" content=\"index, follow, max-snippet:-1, max-image-preview:large, max-video-preview:-1\" \/>\n<link rel=\"canonical\" href=\"https:\/\/saiga.es\/fr\/produit\/diffuseur-toro-570z-2p\/\" \/>\n<meta property=\"og:locale\" content=\"fr_FR\" \/>\n<meta property=\"og:type\" content=\"article\" \/>\n<meta property=\"og:title\" content=\"Diffuseur Toro 570Z 2P | SAIGA\" \/>\n<meta property=\"og:description\" content=\"Les mod\u00e8les 570Z disposent d&rsquo;un joint d&rsquo;\u00e9tanch\u00e9it\u00e9 basse pression qui nettoie la chape simplement en se r\u00e9tractant et sont id\u00e9aux pour les espaces verts relativement petits. Corps avec sept hauteurs de secours diff\u00e9rentes et plusieurs filtres interchangeables qui offrent une grande flexibilit\u00e9 et une combinaison illimit\u00e9e de designs. &nbsp;\" \/>\n<meta property=\"og:url\" content=\"https:\/\/saiga.es\/fr\/produit\/diffuseur-toro-570z-2p\/\" \/>\n<meta property=\"og:site_name\" content=\"SAIGA\" \/>\n<meta property=\"og:image\" content=\"https:\/\/saiga.es\/wp-content\/uploads\/2023\/11\/Difusor-Toro.jpg\" \/>\n\t<meta property=\"og:image:width\" content=\"1080\" \/>\n\t<meta property=\"og:image:height\" content=\"1080\" \/>\n\t<meta property=\"og:image:type\" content=\"image\/jpeg\" \/>\n<meta name=\"twitter:card\" content=\"summary_large_image\" \/>\n<meta name=\"twitter:site\" content=\"@saiga_agro\" \/>\n<script type=\"application\/ld+json\" class=\"yoast-schema-graph\">{\"@context\":\"https:\\\/\\\/schema.org\",\"@graph\":[{\"@type\":\"WebPage\",\"@id\":\"https:\\\/\\\/saiga.es\\\/fr\\\/produit\\\/diffuseur-toro-570z-2p\\\/\",\"url\":\"https:\\\/\\\/saiga.es\\\/fr\\\/produit\\\/diffuseur-toro-570z-2p\\\/\",\"name\":\"Diffuseur Toro 570Z 2P | SAIGA\",\"isPartOf\":{\"@id\":\"https:\\\/\\\/saiga.es\\\/fr\\\/#website\"},\"primaryImageOfPage\":{\"@id\":\"https:\\\/\\\/saiga.es\\\/fr\\\/produit\\\/diffuseur-toro-570z-2p\\\/#primaryimage\"},\"image\":{\"@id\":\"https:\\\/\\\/saiga.es\\\/fr\\\/produit\\\/diffuseur-toro-570z-2p\\\/#primaryimage\"},\"thumbnailUrl\":\"https:\\\/\\\/saiga.es\\\/wp-content\\\/uploads\\\/2023\\\/11\\\/Difusor-Toro.jpg\",\"datePublished\":\"2023-11-03T11:11:23+00:00\",\"breadcrumb\":{\"@id\":\"https:\\\/\\\/saiga.es\\\/fr\\\/produit\\\/diffuseur-toro-570z-2p\\\/#breadcrumb\"},\"inLanguage\":\"fr-FR\",\"potentialAction\":[{\"@type\":\"ReadAction\",\"target\":[\"https:\\\/\\\/saiga.es\\\/fr\\\/produit\\\/diffuseur-toro-570z-2p\\\/\"]}]},{\"@type\":\"ImageObject\",\"inLanguage\":\"fr-FR\",\"@id\":\"https:\\\/\\\/saiga.es\\\/fr\\\/produit\\\/diffuseur-toro-570z-2p\\\/#primaryimage\",\"url\":\"https:\\\/\\\/saiga.es\\\/wp-content\\\/uploads\\\/2023\\\/11\\\/Difusor-Toro.jpg\",\"contentUrl\":\"https:\\\/\\\/saiga.es\\\/wp-content\\\/uploads\\\/2023\\\/11\\\/Difusor-Toro.jpg\",\"width\":1080,\"height\":1080,\"caption\":\"Difusor Toro\"},{\"@type\":\"BreadcrumbList\",\"@id\":\"https:\\\/\\\/saiga.es\\\/fr\\\/produit\\\/diffuseur-toro-570z-2p\\\/#breadcrumb\",\"itemListElement\":[{\"@type\":\"ListItem\",\"position\":1,\"name\":\"Inici\",\"item\":\"https:\\\/\\\/saiga.es\\\/fr\\\/\"},{\"@type\":\"ListItem\",\"position\":2,\"name\":\"boutique\",\"item\":\"https:\\\/\\\/saiga.es\\\/fr\\\/boutique\\\/\"},{\"@type\":\"ListItem\",\"position\":3,\"name\":\"Diffuseur Toro 570Z 2P\"}]},{\"@type\":\"WebSite\",\"@id\":\"https:\\\/\\\/saiga.es\\\/fr\\\/#website\",\"url\":\"https:\\\/\\\/saiga.es\\\/fr\\\/\",\"name\":\"SAIGA\",\"description\":\"M\u00e9s de 50 anys al servei de la terra i treballant per a un \u00fas eficient de l\u2019aigua!\",\"publisher\":{\"@id\":\"https:\\\/\\\/saiga.es\\\/fr\\\/#organization\"},\"potentialAction\":[{\"@type\":\"SearchAction\",\"target\":{\"@type\":\"EntryPoint\",\"urlTemplate\":\"https:\\\/\\\/saiga.es\\\/fr\\\/?s={search_term_string}\"},\"query-input\":{\"@type\":\"PropertyValueSpecification\",\"valueRequired\":true,\"valueName\":\"search_term_string\"}}],\"inLanguage\":\"fr-FR\"},{\"@type\":\"Organization\",\"@id\":\"https:\\\/\\\/saiga.es\\\/fr\\\/#organization\",\"name\":\"SAIGA\",\"url\":\"https:\\\/\\\/saiga.es\\\/fr\\\/\",\"logo\":{\"@type\":\"ImageObject\",\"inLanguage\":\"fr-FR\",\"@id\":\"https:\\\/\\\/saiga.es\\\/fr\\\/#\\\/schema\\\/logo\\\/image\\\/\",\"url\":\"https:\\\/\\\/saiga.es\\\/wp-content\\\/uploads\\\/2025\\\/07\\\/logo_saiga_baseline_optimitzat.svg\",\"contentUrl\":\"https:\\\/\\\/saiga.es\\\/wp-content\\\/uploads\\\/2025\\\/07\\\/logo_saiga_baseline_optimitzat.svg\",\"caption\":\"SAIGA\"},\"image\":{\"@id\":\"https:\\\/\\\/saiga.es\\\/fr\\\/#\\\/schema\\\/logo\\\/image\\\/\"},\"sameAs\":[\"https:\\\/\\\/x.com\\\/saiga_agro\",\"https:\\\/\\\/www.instagram.com\\\/saiga_agro\\\/\"]}]}<\/script>\n<!-- \/ Yoast SEO plugin. -->","yoast_head_json":{"title":"Diffuseur Toro 570Z 2P | SAIGA","robots":{"index":"index","follow":"follow","max-snippet":"max-snippet:-1","max-image-preview":"max-image-preview:large","max-video-preview":"max-video-preview:-1"},"canonical":"https:\/\/saiga.es\/fr\/produit\/diffuseur-toro-570z-2p\/","og_locale":"fr_FR","og_type":"article","og_title":"Diffuseur Toro 570Z 2P | SAIGA","og_description":"Les mod\u00e8les 570Z disposent d&rsquo;un joint d&rsquo;\u00e9tanch\u00e9it\u00e9 basse pression qui nettoie la chape simplement en se r\u00e9tractant et sont id\u00e9aux pour les espaces verts relativement petits. Corps avec sept hauteurs de secours diff\u00e9rentes et plusieurs filtres interchangeables qui offrent une grande flexibilit\u00e9 et une combinaison illimit\u00e9e de designs. &nbsp;","og_url":"https:\/\/saiga.es\/fr\/produit\/diffuseur-toro-570z-2p\/","og_site_name":"SAIGA","og_image":[{"width":1080,"height":1080,"url":"https:\/\/saiga.es\/wp-content\/uploads\/2023\/11\/Difusor-Toro.jpg","type":"image\/jpeg"}],"twitter_card":"summary_large_image","twitter_site":"@saiga_agro","schema":{"@context":"https:\/\/schema.org","@graph":[{"@type":"WebPage","@id":"https:\/\/saiga.es\/fr\/produit\/diffuseur-toro-570z-2p\/","url":"https:\/\/saiga.es\/fr\/produit\/diffuseur-toro-570z-2p\/","name":"Diffuseur Toro 570Z 2P | SAIGA","isPartOf":{"@id":"https:\/\/saiga.es\/fr\/#website"},"primaryImageOfPage":{"@id":"https:\/\/saiga.es\/fr\/produit\/diffuseur-toro-570z-2p\/#primaryimage"},"image":{"@id":"https:\/\/saiga.es\/fr\/produit\/diffuseur-toro-570z-2p\/#primaryimage"},"thumbnailUrl":"https:\/\/saiga.es\/wp-content\/uploads\/2023\/11\/Difusor-Toro.jpg","datePublished":"2023-11-03T11:11:23+00:00","breadcrumb":{"@id":"https:\/\/saiga.es\/fr\/produit\/diffuseur-toro-570z-2p\/#breadcrumb"},"inLanguage":"fr-FR","potentialAction":[{"@type":"ReadAction","target":["https:\/\/saiga.es\/fr\/produit\/diffuseur-toro-570z-2p\/"]}]},{"@type":"ImageObject","inLanguage":"fr-FR","@id":"https:\/\/saiga.es\/fr\/produit\/diffuseur-toro-570z-2p\/#primaryimage","url":"https:\/\/saiga.es\/wp-content\/uploads\/2023\/11\/Difusor-Toro.jpg","contentUrl":"https:\/\/saiga.es\/wp-content\/uploads\/2023\/11\/Difusor-Toro.jpg","width":1080,"height":1080,"caption":"Difusor Toro"},{"@type":"BreadcrumbList","@id":"https:\/\/saiga.es\/fr\/produit\/diffuseur-toro-570z-2p\/#breadcrumb","itemListElement":[{"@type":"ListItem","position":1,"name":"Inici","item":"https:\/\/saiga.es\/fr\/"},{"@type":"ListItem","position":2,"name":"boutique","item":"https:\/\/saiga.es\/fr\/boutique\/"},{"@type":"ListItem","position":3,"name":"Diffuseur Toro 570Z 2P"}]},{"@type":"WebSite","@id":"https:\/\/saiga.es\/fr\/#website","url":"https:\/\/saiga.es\/fr\/","name":"SAIGA","description":"M\u00e9s de 50 anys al servei de la terra i treballant per a un \u00fas eficient de l\u2019aigua!","publisher":{"@id":"https:\/\/saiga.es\/fr\/#organization"},"potentialAction":[{"@type":"SearchAction","target":{"@type":"EntryPoint","urlTemplate":"https:\/\/saiga.es\/fr\/?s={search_term_string}"},"query-input":{"@type":"PropertyValueSpecification","valueRequired":true,"valueName":"search_term_string"}}],"inLanguage":"fr-FR"},{"@type":"Organization","@id":"https:\/\/saiga.es\/fr\/#organization","name":"SAIGA","url":"https:\/\/saiga.es\/fr\/","logo":{"@type":"ImageObject","inLanguage":"fr-FR","@id":"https:\/\/saiga.es\/fr\/#\/schema\/logo\/image\/","url":"https:\/\/saiga.es\/wp-content\/uploads\/2025\/07\/logo_saiga_baseline_optimitzat.svg","contentUrl":"https:\/\/saiga.es\/wp-content\/uploads\/2025\/07\/logo_saiga_baseline_optimitzat.svg","caption":"SAIGA"},"image":{"@id":"https:\/\/saiga.es\/fr\/#\/schema\/logo\/image\/"},"sameAs":["https:\/\/x.com\/saiga_agro","https:\/\/www.instagram.com\/saiga_agro\/"]}]}},"_links":{"self":[{"href":"https:\/\/saiga.es\/fr\/wp-json\/wp\/v2\/product\/6646","targetHints":{"allow":["GET"]}}],"collection":[{"href":"https:\/\/saiga.es\/fr\/wp-json\/wp\/v2\/product"}],"about":[{"href":"https:\/\/saiga.es\/fr\/wp-json\/wp\/v2\/types\/product"}],"replies":[{"embeddable":true,"href":"https:\/\/saiga.es\/fr\/wp-json\/wp\/v2\/comments?post=6646"}],"wp:featuredmedia":[{"embeddable":true,"href":"https:\/\/saiga.es\/fr\/wp-json\/wp\/v2\/media\/11651"}],"wp:attachment":[{"href":"https:\/\/saiga.es\/fr\/wp-json\/wp\/v2\/media?parent=6646"}],"wp:term":[{"taxonomy":"product_brand","embeddable":true,"href":"https:\/\/saiga.es\/fr\/wp-json\/wp\/v2\/product_brand?post=6646"},{"taxonomy":"product_cat","embeddable":true,"href":"https:\/\/saiga.es\/fr\/wp-json\/wp\/v2\/product_cat?post=6646"},{"taxonomy":"product_tag","embeddable":true,"href":"https:\/\/saiga.es\/fr\/wp-json\/wp\/v2\/product_tag?post=6646"}],"curies":[{"name":"wp","href":"https:\/\/api.w.org\/{rel}","templated":true}]}}