{"id":6648,"date":"2024-01-09T13:55:27","date_gmt":"2024-01-09T13:55:27","guid":{"rendered":"https:\/\/botiga.saiga.es\/producte\/grattoir-a-gazon-circulaire\/"},"modified":"2025-10-27T07:53:34","modified_gmt":"2025-10-27T07:53:34","slug":"grattoir-a-gazon-circulaire","status":"publish","type":"product","link":"https:\/\/saiga.es\/fr\/produit\/grattoir-a-gazon-circulaire\/","title":{"rendered":"Grattoir \u00e0 gazon circulaire"},"content":{"rendered":"<p>Le grattoir \u00e0 gazon circulaire est un outil utile pour les jardiniers et ceux qui souhaitent garder leurs espaces ext\u00e9rieurs propres et exempts de mauvaises herbes sans recourir \u00e0 des produits chimiques.<\/p>\n","protected":false},"excerpt":{"rendered":"<p>Le grattoir \u00e0 gazon circulaire est un outil utile pour les jardiniers et ceux qui souhaitent garder leurs espaces ext\u00e9rieurs propres et exempts de mauvaises herbes sans recourir \u00e0 des produits chimiques.<\/p>\n","protected":false},"featured_media":6649,"comment_status":"closed","ping_status":"closed","template":"","meta":[],"product_brand":[],"product_cat":[432],"product_tag":[514,516,515],"class_list":{"0":"post-6648","1":"product","2":"type-product","3":"status-publish","4":"has-post-thumbnail","6":"product_cat-pelles-et-grattoirs-a-herbe","7":"product_tag-desherbage","8":"product_tag-desherbeur","9":"product_tag-grattoir-a-herbe","11":"first","12":"instock","13":"taxable","14":"shipping-taxable","15":"purchasable","16":"product-type-simple"},"yoast_head":"<!-- This site is optimized with the Yoast SEO plugin v27.4 - https:\/\/yoast.com\/product\/yoast-seo-wordpress\/ -->\n<title>Grattoir \u00e0 gazon circulaire | SAIGA<\/title>\n<meta name=\"description\" content=\"Le grattoir \u00e0 gazon circulaire est un outil utile pour les jardiniers et ceux qui souhaitent garder leurs espaces ext\u00e9rieurs propres et exempts de mauvaises herbes.\" \/>\n<meta name=\"robots\" content=\"index, follow, max-snippet:-1, max-image-preview:large, max-video-preview:-1\" \/>\n<link rel=\"canonical\" href=\"https:\/\/saiga.es\/fr\/produit\/grattoir-a-gazon-circulaire\/\" \/>\n<meta property=\"og:locale\" content=\"fr_FR\" \/>\n<meta property=\"og:type\" content=\"article\" \/>\n<meta property=\"og:title\" content=\"Grattoir \u00e0 gazon circulaire | SAIGA\" \/>\n<meta property=\"og:description\" content=\"Le grattoir \u00e0 gazon circulaire est un outil utile pour les jardiniers et ceux qui souhaitent garder leurs espaces ext\u00e9rieurs propres et exempts de mauvaises herbes.\" \/>\n<meta property=\"og:url\" content=\"https:\/\/saiga.es\/fr\/produit\/grattoir-a-gazon-circulaire\/\" \/>\n<meta property=\"og:site_name\" content=\"SAIGA\" \/>\n<meta property=\"article:modified_time\" content=\"2025-10-27T07:53:34+00:00\" \/>\n<meta property=\"og:image\" content=\"https:\/\/saiga.es\/wp-content\/uploads\/2024\/01\/Rascador-circular.jpg\" \/>\n\t<meta property=\"og:image:width\" content=\"400\" \/>\n\t<meta property=\"og:image:height\" content=\"400\" \/>\n\t<meta property=\"og:image:type\" content=\"image\/jpeg\" \/>\n<meta name=\"twitter:card\" content=\"summary_large_image\" \/>\n<meta name=\"twitter:site\" content=\"@saiga_agro\" \/>\n<script type=\"application\/ld+json\" class=\"yoast-schema-graph\">{\"@context\":\"https:\\\/\\\/schema.org\",\"@graph\":[{\"@type\":\"WebPage\",\"@id\":\"https:\\\/\\\/saiga.es\\\/fr\\\/produit\\\/grattoir-a-gazon-circulaire\\\/\",\"url\":\"https:\\\/\\\/saiga.es\\\/fr\\\/produit\\\/grattoir-a-gazon-circulaire\\\/\",\"name\":\"Grattoir \u00e0 gazon circulaire | SAIGA\",\"isPartOf\":{\"@id\":\"https:\\\/\\\/saiga.es\\\/fr\\\/#website\"},\"primaryImageOfPage\":{\"@id\":\"https:\\\/\\\/saiga.es\\\/fr\\\/produit\\\/grattoir-a-gazon-circulaire\\\/#primaryimage\"},\"image\":{\"@id\":\"https:\\\/\\\/saiga.es\\\/fr\\\/produit\\\/grattoir-a-gazon-circulaire\\\/#primaryimage\"},\"thumbnailUrl\":\"https:\\\/\\\/saiga.es\\\/wp-content\\\/uploads\\\/2024\\\/01\\\/Rascador-circular.jpg\",\"datePublished\":\"2024-01-09T13:55:27+00:00\",\"dateModified\":\"2025-10-27T07:53:34+00:00\",\"description\":\"Le grattoir \u00e0 gazon circulaire est un outil utile pour les jardiniers et ceux qui souhaitent garder leurs espaces ext\u00e9rieurs propres et exempts de mauvaises herbes.\",\"breadcrumb\":{\"@id\":\"https:\\\/\\\/saiga.es\\\/fr\\\/produit\\\/grattoir-a-gazon-circulaire\\\/#breadcrumb\"},\"inLanguage\":\"fr-FR\",\"potentialAction\":[{\"@type\":\"ReadAction\",\"target\":[\"https:\\\/\\\/saiga.es\\\/fr\\\/produit\\\/grattoir-a-gazon-circulaire\\\/\"]}]},{\"@type\":\"ImageObject\",\"inLanguage\":\"fr-FR\",\"@id\":\"https:\\\/\\\/saiga.es\\\/fr\\\/produit\\\/grattoir-a-gazon-circulaire\\\/#primaryimage\",\"url\":\"https:\\\/\\\/saiga.es\\\/wp-content\\\/uploads\\\/2024\\\/01\\\/Rascador-circular.jpg\",\"contentUrl\":\"https:\\\/\\\/saiga.es\\\/wp-content\\\/uploads\\\/2024\\\/01\\\/Rascador-circular.jpg\",\"width\":400,\"height\":400},{\"@type\":\"BreadcrumbList\",\"@id\":\"https:\\\/\\\/saiga.es\\\/fr\\\/produit\\\/grattoir-a-gazon-circulaire\\\/#breadcrumb\",\"itemListElement\":[{\"@type\":\"ListItem\",\"position\":1,\"name\":\"Inici\",\"item\":\"https:\\\/\\\/saiga.es\\\/fr\\\/\"},{\"@type\":\"ListItem\",\"position\":2,\"name\":\"boutique\",\"item\":\"https:\\\/\\\/saiga.es\\\/fr\\\/boutique\\\/\"},{\"@type\":\"ListItem\",\"position\":3,\"name\":\"Grattoir \u00e0 gazon circulaire\"}]},{\"@type\":\"WebSite\",\"@id\":\"https:\\\/\\\/saiga.es\\\/fr\\\/#website\",\"url\":\"https:\\\/\\\/saiga.es\\\/fr\\\/\",\"name\":\"SAIGA\",\"description\":\"M\u00e9s de 50 anys al servei de la terra i treballant per a un \u00fas eficient de l\u2019aigua!\",\"publisher\":{\"@id\":\"https:\\\/\\\/saiga.es\\\/fr\\\/#organization\"},\"potentialAction\":[{\"@type\":\"SearchAction\",\"target\":{\"@type\":\"EntryPoint\",\"urlTemplate\":\"https:\\\/\\\/saiga.es\\\/fr\\\/?s={search_term_string}\"},\"query-input\":{\"@type\":\"PropertyValueSpecification\",\"valueRequired\":true,\"valueName\":\"search_term_string\"}}],\"inLanguage\":\"fr-FR\"},{\"@type\":\"Organization\",\"@id\":\"https:\\\/\\\/saiga.es\\\/fr\\\/#organization\",\"name\":\"SAIGA\",\"url\":\"https:\\\/\\\/saiga.es\\\/fr\\\/\",\"logo\":{\"@type\":\"ImageObject\",\"inLanguage\":\"fr-FR\",\"@id\":\"https:\\\/\\\/saiga.es\\\/fr\\\/#\\\/schema\\\/logo\\\/image\\\/\",\"url\":\"https:\\\/\\\/saiga.es\\\/wp-content\\\/uploads\\\/2025\\\/07\\\/logo_saiga_baseline_optimitzat.svg\",\"contentUrl\":\"https:\\\/\\\/saiga.es\\\/wp-content\\\/uploads\\\/2025\\\/07\\\/logo_saiga_baseline_optimitzat.svg\",\"caption\":\"SAIGA\"},\"image\":{\"@id\":\"https:\\\/\\\/saiga.es\\\/fr\\\/#\\\/schema\\\/logo\\\/image\\\/\"},\"sameAs\":[\"https:\\\/\\\/x.com\\\/saiga_agro\",\"https:\\\/\\\/www.instagram.com\\\/saiga_agro\\\/\"]}]}<\/script>\n<!-- \/ Yoast SEO plugin. -->","yoast_head_json":{"title":"Grattoir \u00e0 gazon circulaire | SAIGA","description":"Le grattoir \u00e0 gazon circulaire est un outil utile pour les jardiniers et ceux qui souhaitent garder leurs espaces ext\u00e9rieurs propres et exempts de mauvaises herbes.","robots":{"index":"index","follow":"follow","max-snippet":"max-snippet:-1","max-image-preview":"max-image-preview:large","max-video-preview":"max-video-preview:-1"},"canonical":"https:\/\/saiga.es\/fr\/produit\/grattoir-a-gazon-circulaire\/","og_locale":"fr_FR","og_type":"article","og_title":"Grattoir \u00e0 gazon circulaire | SAIGA","og_description":"Le grattoir \u00e0 gazon circulaire est un outil utile pour les jardiniers et ceux qui souhaitent garder leurs espaces ext\u00e9rieurs propres et exempts de mauvaises herbes.","og_url":"https:\/\/saiga.es\/fr\/produit\/grattoir-a-gazon-circulaire\/","og_site_name":"SAIGA","article_modified_time":"2025-10-27T07:53:34+00:00","og_image":[{"width":400,"height":400,"url":"https:\/\/saiga.es\/wp-content\/uploads\/2024\/01\/Rascador-circular.jpg","type":"image\/jpeg"}],"twitter_card":"summary_large_image","twitter_site":"@saiga_agro","schema":{"@context":"https:\/\/schema.org","@graph":[{"@type":"WebPage","@id":"https:\/\/saiga.es\/fr\/produit\/grattoir-a-gazon-circulaire\/","url":"https:\/\/saiga.es\/fr\/produit\/grattoir-a-gazon-circulaire\/","name":"Grattoir \u00e0 gazon circulaire | SAIGA","isPartOf":{"@id":"https:\/\/saiga.es\/fr\/#website"},"primaryImageOfPage":{"@id":"https:\/\/saiga.es\/fr\/produit\/grattoir-a-gazon-circulaire\/#primaryimage"},"image":{"@id":"https:\/\/saiga.es\/fr\/produit\/grattoir-a-gazon-circulaire\/#primaryimage"},"thumbnailUrl":"https:\/\/saiga.es\/wp-content\/uploads\/2024\/01\/Rascador-circular.jpg","datePublished":"2024-01-09T13:55:27+00:00","dateModified":"2025-10-27T07:53:34+00:00","description":"Le grattoir \u00e0 gazon circulaire est un outil utile pour les jardiniers et ceux qui souhaitent garder leurs espaces ext\u00e9rieurs propres et exempts de mauvaises herbes.","breadcrumb":{"@id":"https:\/\/saiga.es\/fr\/produit\/grattoir-a-gazon-circulaire\/#breadcrumb"},"inLanguage":"fr-FR","potentialAction":[{"@type":"ReadAction","target":["https:\/\/saiga.es\/fr\/produit\/grattoir-a-gazon-circulaire\/"]}]},{"@type":"ImageObject","inLanguage":"fr-FR","@id":"https:\/\/saiga.es\/fr\/produit\/grattoir-a-gazon-circulaire\/#primaryimage","url":"https:\/\/saiga.es\/wp-content\/uploads\/2024\/01\/Rascador-circular.jpg","contentUrl":"https:\/\/saiga.es\/wp-content\/uploads\/2024\/01\/Rascador-circular.jpg","width":400,"height":400},{"@type":"BreadcrumbList","@id":"https:\/\/saiga.es\/fr\/produit\/grattoir-a-gazon-circulaire\/#breadcrumb","itemListElement":[{"@type":"ListItem","position":1,"name":"Inici","item":"https:\/\/saiga.es\/fr\/"},{"@type":"ListItem","position":2,"name":"boutique","item":"https:\/\/saiga.es\/fr\/boutique\/"},{"@type":"ListItem","position":3,"name":"Grattoir \u00e0 gazon circulaire"}]},{"@type":"WebSite","@id":"https:\/\/saiga.es\/fr\/#website","url":"https:\/\/saiga.es\/fr\/","name":"SAIGA","description":"M\u00e9s de 50 anys al servei de la terra i treballant per a un \u00fas eficient de l\u2019aigua!","publisher":{"@id":"https:\/\/saiga.es\/fr\/#organization"},"potentialAction":[{"@type":"SearchAction","target":{"@type":"EntryPoint","urlTemplate":"https:\/\/saiga.es\/fr\/?s={search_term_string}"},"query-input":{"@type":"PropertyValueSpecification","valueRequired":true,"valueName":"search_term_string"}}],"inLanguage":"fr-FR"},{"@type":"Organization","@id":"https:\/\/saiga.es\/fr\/#organization","name":"SAIGA","url":"https:\/\/saiga.es\/fr\/","logo":{"@type":"ImageObject","inLanguage":"fr-FR","@id":"https:\/\/saiga.es\/fr\/#\/schema\/logo\/image\/","url":"https:\/\/saiga.es\/wp-content\/uploads\/2025\/07\/logo_saiga_baseline_optimitzat.svg","contentUrl":"https:\/\/saiga.es\/wp-content\/uploads\/2025\/07\/logo_saiga_baseline_optimitzat.svg","caption":"SAIGA"},"image":{"@id":"https:\/\/saiga.es\/fr\/#\/schema\/logo\/image\/"},"sameAs":["https:\/\/x.com\/saiga_agro","https:\/\/www.instagram.com\/saiga_agro\/"]}]}},"_links":{"self":[{"href":"https:\/\/saiga.es\/fr\/wp-json\/wp\/v2\/product\/6648","targetHints":{"allow":["GET"]}}],"collection":[{"href":"https:\/\/saiga.es\/fr\/wp-json\/wp\/v2\/product"}],"about":[{"href":"https:\/\/saiga.es\/fr\/wp-json\/wp\/v2\/types\/product"}],"replies":[{"embeddable":true,"href":"https:\/\/saiga.es\/fr\/wp-json\/wp\/v2\/comments?post=6648"}],"wp:featuredmedia":[{"embeddable":true,"href":"https:\/\/saiga.es\/fr\/wp-json\/wp\/v2\/media\/6649"}],"wp:attachment":[{"href":"https:\/\/saiga.es\/fr\/wp-json\/wp\/v2\/media?parent=6648"}],"wp:term":[{"taxonomy":"product_brand","embeddable":true,"href":"https:\/\/saiga.es\/fr\/wp-json\/wp\/v2\/product_brand?post=6648"},{"taxonomy":"product_cat","embeddable":true,"href":"https:\/\/saiga.es\/fr\/wp-json\/wp\/v2\/product_cat?post=6648"},{"taxonomy":"product_tag","embeddable":true,"href":"https:\/\/saiga.es\/fr\/wp-json\/wp\/v2\/product_tag?post=6648"}],"curies":[{"name":"wp","href":"https:\/\/api.w.org\/{rel}","templated":true}]}}