{"id":6654,"date":"2024-01-09T11:03:01","date_gmt":"2024-01-09T11:03:01","guid":{"rendered":"https:\/\/botiga.saiga.es\/producte\/grattoir-a-herbe-180-x-65\/"},"modified":"2025-10-27T07:53:33","modified_gmt":"2025-10-27T07:53:33","slug":"grattoir-a-herbe-180-x-65","status":"publish","type":"product","link":"https:\/\/saiga.es\/fr\/produit\/grattoir-a-herbe-180-x-65\/","title":{"rendered":"Grattoir \u00e0 herbe 180 X 65"},"content":{"rendered":"<p>Grattoir \u00e0 herbe 180 X 65.<\/p>\n<p>Notre grattoir \u00e0 gazon est l&rsquo;outil parfait pour prendre soin de votre jardin et contr\u00f4ler les mauvaises herbes efficacement et facilement. Fabriqu\u00e9 \u00e0 partir de mat\u00e9riaux durables et r\u00e9sistants aux intemp\u00e9ries, ce grattoir offre une construction robuste qui garantit une longue dur\u00e9e de vie.<br \/>\nQue ce soit pour les jardiniers amateurs ou professionnels, ce grattoir \u00e0 gazon est l&rsquo;outil parfait pour garder votre jardin propre et bien rang\u00e9 sans aucun probl\u00e8me.<\/p>\n","protected":false},"excerpt":{"rendered":"<p>Grattoir \u00e0 herbe 180 X 65.<\/p>\n<p>Notre grattoir \u00e0 gazon est l&rsquo;outil parfait pour prendre soin de votre jardin et contr\u00f4ler les mauvaises herbes efficacement et facilement.<\/p>\n","protected":false},"featured_media":11817,"comment_status":"closed","ping_status":"closed","template":"","meta":[],"product_brand":[],"product_cat":[432],"product_tag":[],"class_list":{"0":"post-6654","1":"product","2":"type-product","3":"status-publish","4":"has-post-thumbnail","6":"product_cat-pelles-et-grattoirs-a-herbe","8":"first","9":"instock","10":"taxable","11":"shipping-taxable","12":"purchasable","13":"product-type-simple"},"yoast_head":"<!-- This site is optimized with the Yoast SEO plugin v27.4 - https:\/\/yoast.com\/product\/yoast-seo-wordpress\/ -->\n<title>Grattoir \u00e0 herbe 180 X 65 | SAIGA<\/title>\n<meta name=\"description\" content=\"Le grattoir \u00e0 gazon 150x60 est un outil utile pour les jardiniers et ceux qui souhaitent garder leurs espaces ext\u00e9rieurs propres et exempts de mauvaises herbes.\" \/>\n<meta name=\"robots\" content=\"index, follow, max-snippet:-1, max-image-preview:large, max-video-preview:-1\" \/>\n<link rel=\"canonical\" href=\"https:\/\/saiga.es\/fr\/produit\/grattoir-a-herbe-180-x-65\/\" \/>\n<meta property=\"og:locale\" content=\"fr_FR\" \/>\n<meta property=\"og:type\" content=\"article\" \/>\n<meta property=\"og:title\" content=\"Grattoir \u00e0 herbe 180 X 65 | SAIGA\" \/>\n<meta property=\"og:description\" content=\"Le grattoir \u00e0 gazon 150x60 est un outil utile pour les jardiniers et ceux qui souhaitent garder leurs espaces ext\u00e9rieurs propres et exempts de mauvaises herbes.\" \/>\n<meta property=\"og:url\" content=\"https:\/\/saiga.es\/fr\/produit\/grattoir-a-herbe-180-x-65\/\" \/>\n<meta property=\"og:site_name\" content=\"SAIGA\" \/>\n<meta property=\"article:modified_time\" content=\"2025-10-27T07:53:33+00:00\" \/>\n<meta property=\"og:image\" content=\"https:\/\/saiga.es\/wp-content\/uploads\/2024\/01\/Rascador-dherba.jpg\" \/>\n\t<meta property=\"og:image:width\" content=\"1080\" \/>\n\t<meta property=\"og:image:height\" content=\"1080\" \/>\n\t<meta property=\"og:image:type\" content=\"image\/jpeg\" \/>\n<meta name=\"twitter:card\" content=\"summary_large_image\" \/>\n<meta name=\"twitter:site\" content=\"@saiga_agro\" \/>\n<script type=\"application\/ld+json\" class=\"yoast-schema-graph\">{\"@context\":\"https:\\\/\\\/schema.org\",\"@graph\":[{\"@type\":\"WebPage\",\"@id\":\"https:\\\/\\\/saiga.es\\\/fr\\\/produit\\\/grattoir-a-herbe-180-x-65\\\/\",\"url\":\"https:\\\/\\\/saiga.es\\\/fr\\\/produit\\\/grattoir-a-herbe-180-x-65\\\/\",\"name\":\"Grattoir \u00e0 herbe 180 X 65 | SAIGA\",\"isPartOf\":{\"@id\":\"https:\\\/\\\/saiga.es\\\/fr\\\/#website\"},\"primaryImageOfPage\":{\"@id\":\"https:\\\/\\\/saiga.es\\\/fr\\\/produit\\\/grattoir-a-herbe-180-x-65\\\/#primaryimage\"},\"image\":{\"@id\":\"https:\\\/\\\/saiga.es\\\/fr\\\/produit\\\/grattoir-a-herbe-180-x-65\\\/#primaryimage\"},\"thumbnailUrl\":\"https:\\\/\\\/saiga.es\\\/wp-content\\\/uploads\\\/2024\\\/01\\\/Rascador-dherba.jpg\",\"datePublished\":\"2024-01-09T11:03:01+00:00\",\"dateModified\":\"2025-10-27T07:53:33+00:00\",\"description\":\"Le grattoir \u00e0 gazon 150x60 est un outil utile pour les jardiniers et ceux qui souhaitent garder leurs espaces ext\u00e9rieurs propres et exempts de mauvaises herbes.\",\"breadcrumb\":{\"@id\":\"https:\\\/\\\/saiga.es\\\/fr\\\/produit\\\/grattoir-a-herbe-180-x-65\\\/#breadcrumb\"},\"inLanguage\":\"fr-FR\",\"potentialAction\":[{\"@type\":\"ReadAction\",\"target\":[\"https:\\\/\\\/saiga.es\\\/fr\\\/produit\\\/grattoir-a-herbe-180-x-65\\\/\"]}]},{\"@type\":\"ImageObject\",\"inLanguage\":\"fr-FR\",\"@id\":\"https:\\\/\\\/saiga.es\\\/fr\\\/produit\\\/grattoir-a-herbe-180-x-65\\\/#primaryimage\",\"url\":\"https:\\\/\\\/saiga.es\\\/wp-content\\\/uploads\\\/2024\\\/01\\\/Rascador-dherba.jpg\",\"contentUrl\":\"https:\\\/\\\/saiga.es\\\/wp-content\\\/uploads\\\/2024\\\/01\\\/Rascador-dherba.jpg\",\"width\":1080,\"height\":1080,\"caption\":\"Grattoir \u00e0 herbe\"},{\"@type\":\"BreadcrumbList\",\"@id\":\"https:\\\/\\\/saiga.es\\\/fr\\\/produit\\\/grattoir-a-herbe-180-x-65\\\/#breadcrumb\",\"itemListElement\":[{\"@type\":\"ListItem\",\"position\":1,\"name\":\"Inici\",\"item\":\"https:\\\/\\\/saiga.es\\\/fr\\\/\"},{\"@type\":\"ListItem\",\"position\":2,\"name\":\"boutique\",\"item\":\"https:\\\/\\\/saiga.es\\\/fr\\\/boutique\\\/\"},{\"@type\":\"ListItem\",\"position\":3,\"name\":\"Grattoir \u00e0 herbe 180 X 65\"}]},{\"@type\":\"WebSite\",\"@id\":\"https:\\\/\\\/saiga.es\\\/fr\\\/#website\",\"url\":\"https:\\\/\\\/saiga.es\\\/fr\\\/\",\"name\":\"SAIGA\",\"description\":\"M\u00e9s de 50 anys al servei de la terra i treballant per a un \u00fas eficient de l\u2019aigua!\",\"publisher\":{\"@id\":\"https:\\\/\\\/saiga.es\\\/fr\\\/#organization\"},\"potentialAction\":[{\"@type\":\"SearchAction\",\"target\":{\"@type\":\"EntryPoint\",\"urlTemplate\":\"https:\\\/\\\/saiga.es\\\/fr\\\/?s={search_term_string}\"},\"query-input\":{\"@type\":\"PropertyValueSpecification\",\"valueRequired\":true,\"valueName\":\"search_term_string\"}}],\"inLanguage\":\"fr-FR\"},{\"@type\":\"Organization\",\"@id\":\"https:\\\/\\\/saiga.es\\\/fr\\\/#organization\",\"name\":\"SAIGA\",\"url\":\"https:\\\/\\\/saiga.es\\\/fr\\\/\",\"logo\":{\"@type\":\"ImageObject\",\"inLanguage\":\"fr-FR\",\"@id\":\"https:\\\/\\\/saiga.es\\\/fr\\\/#\\\/schema\\\/logo\\\/image\\\/\",\"url\":\"https:\\\/\\\/saiga.es\\\/wp-content\\\/uploads\\\/2025\\\/07\\\/logo_saiga_baseline_optimitzat.svg\",\"contentUrl\":\"https:\\\/\\\/saiga.es\\\/wp-content\\\/uploads\\\/2025\\\/07\\\/logo_saiga_baseline_optimitzat.svg\",\"caption\":\"SAIGA\"},\"image\":{\"@id\":\"https:\\\/\\\/saiga.es\\\/fr\\\/#\\\/schema\\\/logo\\\/image\\\/\"},\"sameAs\":[\"https:\\\/\\\/x.com\\\/saiga_agro\",\"https:\\\/\\\/www.instagram.com\\\/saiga_agro\\\/\"]}]}<\/script>\n<!-- \/ Yoast SEO plugin. -->","yoast_head_json":{"title":"Grattoir \u00e0 herbe 180 X 65 | SAIGA","description":"Le grattoir \u00e0 gazon 150x60 est un outil utile pour les jardiniers et ceux qui souhaitent garder leurs espaces ext\u00e9rieurs propres et exempts de mauvaises herbes.","robots":{"index":"index","follow":"follow","max-snippet":"max-snippet:-1","max-image-preview":"max-image-preview:large","max-video-preview":"max-video-preview:-1"},"canonical":"https:\/\/saiga.es\/fr\/produit\/grattoir-a-herbe-180-x-65\/","og_locale":"fr_FR","og_type":"article","og_title":"Grattoir \u00e0 herbe 180 X 65 | SAIGA","og_description":"Le grattoir \u00e0 gazon 150x60 est un outil utile pour les jardiniers et ceux qui souhaitent garder leurs espaces ext\u00e9rieurs propres et exempts de mauvaises herbes.","og_url":"https:\/\/saiga.es\/fr\/produit\/grattoir-a-herbe-180-x-65\/","og_site_name":"SAIGA","article_modified_time":"2025-10-27T07:53:33+00:00","og_image":[{"width":1080,"height":1080,"url":"https:\/\/saiga.es\/wp-content\/uploads\/2024\/01\/Rascador-dherba.jpg","type":"image\/jpeg"}],"twitter_card":"summary_large_image","twitter_site":"@saiga_agro","schema":{"@context":"https:\/\/schema.org","@graph":[{"@type":"WebPage","@id":"https:\/\/saiga.es\/fr\/produit\/grattoir-a-herbe-180-x-65\/","url":"https:\/\/saiga.es\/fr\/produit\/grattoir-a-herbe-180-x-65\/","name":"Grattoir \u00e0 herbe 180 X 65 | SAIGA","isPartOf":{"@id":"https:\/\/saiga.es\/fr\/#website"},"primaryImageOfPage":{"@id":"https:\/\/saiga.es\/fr\/produit\/grattoir-a-herbe-180-x-65\/#primaryimage"},"image":{"@id":"https:\/\/saiga.es\/fr\/produit\/grattoir-a-herbe-180-x-65\/#primaryimage"},"thumbnailUrl":"https:\/\/saiga.es\/wp-content\/uploads\/2024\/01\/Rascador-dherba.jpg","datePublished":"2024-01-09T11:03:01+00:00","dateModified":"2025-10-27T07:53:33+00:00","description":"Le grattoir \u00e0 gazon 150x60 est un outil utile pour les jardiniers et ceux qui souhaitent garder leurs espaces ext\u00e9rieurs propres et exempts de mauvaises herbes.","breadcrumb":{"@id":"https:\/\/saiga.es\/fr\/produit\/grattoir-a-herbe-180-x-65\/#breadcrumb"},"inLanguage":"fr-FR","potentialAction":[{"@type":"ReadAction","target":["https:\/\/saiga.es\/fr\/produit\/grattoir-a-herbe-180-x-65\/"]}]},{"@type":"ImageObject","inLanguage":"fr-FR","@id":"https:\/\/saiga.es\/fr\/produit\/grattoir-a-herbe-180-x-65\/#primaryimage","url":"https:\/\/saiga.es\/wp-content\/uploads\/2024\/01\/Rascador-dherba.jpg","contentUrl":"https:\/\/saiga.es\/wp-content\/uploads\/2024\/01\/Rascador-dherba.jpg","width":1080,"height":1080,"caption":"Grattoir \u00e0 herbe"},{"@type":"BreadcrumbList","@id":"https:\/\/saiga.es\/fr\/produit\/grattoir-a-herbe-180-x-65\/#breadcrumb","itemListElement":[{"@type":"ListItem","position":1,"name":"Inici","item":"https:\/\/saiga.es\/fr\/"},{"@type":"ListItem","position":2,"name":"boutique","item":"https:\/\/saiga.es\/fr\/boutique\/"},{"@type":"ListItem","position":3,"name":"Grattoir \u00e0 herbe 180 X 65"}]},{"@type":"WebSite","@id":"https:\/\/saiga.es\/fr\/#website","url":"https:\/\/saiga.es\/fr\/","name":"SAIGA","description":"M\u00e9s de 50 anys al servei de la terra i treballant per a un \u00fas eficient de l\u2019aigua!","publisher":{"@id":"https:\/\/saiga.es\/fr\/#organization"},"potentialAction":[{"@type":"SearchAction","target":{"@type":"EntryPoint","urlTemplate":"https:\/\/saiga.es\/fr\/?s={search_term_string}"},"query-input":{"@type":"PropertyValueSpecification","valueRequired":true,"valueName":"search_term_string"}}],"inLanguage":"fr-FR"},{"@type":"Organization","@id":"https:\/\/saiga.es\/fr\/#organization","name":"SAIGA","url":"https:\/\/saiga.es\/fr\/","logo":{"@type":"ImageObject","inLanguage":"fr-FR","@id":"https:\/\/saiga.es\/fr\/#\/schema\/logo\/image\/","url":"https:\/\/saiga.es\/wp-content\/uploads\/2025\/07\/logo_saiga_baseline_optimitzat.svg","contentUrl":"https:\/\/saiga.es\/wp-content\/uploads\/2025\/07\/logo_saiga_baseline_optimitzat.svg","caption":"SAIGA"},"image":{"@id":"https:\/\/saiga.es\/fr\/#\/schema\/logo\/image\/"},"sameAs":["https:\/\/x.com\/saiga_agro","https:\/\/www.instagram.com\/saiga_agro\/"]}]}},"_links":{"self":[{"href":"https:\/\/saiga.es\/fr\/wp-json\/wp\/v2\/product\/6654","targetHints":{"allow":["GET"]}}],"collection":[{"href":"https:\/\/saiga.es\/fr\/wp-json\/wp\/v2\/product"}],"about":[{"href":"https:\/\/saiga.es\/fr\/wp-json\/wp\/v2\/types\/product"}],"replies":[{"embeddable":true,"href":"https:\/\/saiga.es\/fr\/wp-json\/wp\/v2\/comments?post=6654"}],"wp:featuredmedia":[{"embeddable":true,"href":"https:\/\/saiga.es\/fr\/wp-json\/wp\/v2\/media\/11817"}],"wp:attachment":[{"href":"https:\/\/saiga.es\/fr\/wp-json\/wp\/v2\/media?parent=6654"}],"wp:term":[{"taxonomy":"product_brand","embeddable":true,"href":"https:\/\/saiga.es\/fr\/wp-json\/wp\/v2\/product_brand?post=6654"},{"taxonomy":"product_cat","embeddable":true,"href":"https:\/\/saiga.es\/fr\/wp-json\/wp\/v2\/product_cat?post=6654"},{"taxonomy":"product_tag","embeddable":true,"href":"https:\/\/saiga.es\/fr\/wp-json\/wp\/v2\/product_tag?post=6654"}],"curies":[{"name":"wp","href":"https:\/\/api.w.org\/{rel}","templated":true}]}}