{"id":6657,"date":"2024-01-09T09:10:58","date_gmt":"2024-01-09T09:10:58","guid":{"rendered":"https:\/\/botiga.saiga.es\/producte\/pelle-carree-en-aluminium\/"},"modified":"2024-01-09T09:10:58","modified_gmt":"2024-01-09T09:10:58","slug":"pelle-carree-en-aluminium","status":"publish","type":"product","link":"https:\/\/saiga.es\/fr\/produit\/pelle-carree-en-aluminium\/","title":{"rendered":"Pelle carr\u00e9e en aluminium"},"content":{"rendered":"<p>La b\u00eache carr\u00e9e en aluminium est un outil de jardinage ou de construction qui allie la forme carr\u00e9e de la t\u00f4le au mat\u00e9riau l\u00e9ger et durable qu&rsquo;est l&rsquo;aluminium. Cette combinaison offre des avantages sp\u00e9cifiques dans certaines situations. La l\u00e9g\u00e8ret\u00e9 de l&rsquo;aluminium le rend facile et confortable \u00e0 utiliser, particuli\u00e8rement utile dans les t\u00e2ches o\u00f9 la portabilit\u00e9 est importante. De plus, l\u2019aluminium est \u00e9galement un mat\u00e9riau r\u00e9sistant \u00e0 la corrosion, aux intemp\u00e9ries et aux autres m\u00e9taux.<\/p>\n<p>La forme carr\u00e9e de la feuille permet une manipulation plus pr\u00e9cise du sol, notamment dans les travaux de jardinage o\u00f9 une r\u00e9partition sp\u00e9cifique de celui-ci est n\u00e9cessaire. Ce type de b\u00eache convient \u00e0 diverses t\u00e2ches de jardinage, comme la plantation de petites plantes ou d&rsquo;arbustes, la cr\u00e9ation de zones de plantation rectangulaires ou la r\u00e9partition pr\u00e9cise de mat\u00e9riaux dans un jardin. La pelle carr\u00e9e en aluminium peut \u00e9galement \u00eatre utile dans la construction de chemins ou de trottoirs, car elle permet de manipuler et de placer les mat\u00e9riaux avec plus de pr\u00e9cision.<\/p>\n<p>Enfin, l\u2019aluminium est un mat\u00e9riau facile \u00e0 nettoyer et ne n\u00e9cessitant pas d\u2019entretien intensif.<\/p>\n<p>Il ne faut pas oublier que la pelle carr\u00e9e en aluminium est sp\u00e9cifique \u00e0 certaines t\u00e2ches et pr\u00e9f\u00e9rences, et son choix d\u00e9pendra des besoins particuliers de l&rsquo;utilisateur et du travail qu&rsquo;il souhaite effectuer.<\/p>\n","protected":false},"excerpt":{"rendered":"<p>Cette combinaison offre des avantages sp\u00e9cifiques dans certaines situations. La l\u00e9g\u00e8ret\u00e9 de l&rsquo;aluminium le rend facile et confortable \u00e0 utiliser, particuli\u00e8rement utile dans les t\u00e2ches o\u00f9 la portabilit\u00e9 est importante.<\/p>\n","protected":false},"featured_media":11806,"comment_status":"closed","ping_status":"closed","template":"","meta":[],"product_brand":[],"product_cat":[432],"product_tag":[521,520,522],"class_list":{"0":"post-6657","1":"product","2":"type-product","3":"status-publish","4":"has-post-thumbnail","6":"product_cat-pelles-et-grattoirs-a-herbe","7":"product_tag-aluminium","8":"product_tag-evident","9":"product_tag-pelle","11":"first","12":"instock","13":"taxable","14":"shipping-taxable","15":"purchasable","16":"product-type-simple"},"yoast_head":"<!-- This site is optimized with the Yoast SEO plugin v27.4 - https:\/\/yoast.com\/product\/yoast-seo-wordpress\/ -->\n<title>Pelle carr\u00e9e en aluminium | SAIGA<\/title>\n<meta name=\"description\" content=\"La pelle carr\u00e9e en aluminium est un outil de jardinage ou de construction qui allie la forme carr\u00e9e de la t\u00f4le avec le mat\u00e9riau l\u00e9ger qu&#039;est l&#039;aluminium.\" \/>\n<meta name=\"robots\" content=\"index, follow, max-snippet:-1, max-image-preview:large, max-video-preview:-1\" \/>\n<link rel=\"canonical\" href=\"https:\/\/saiga.es\/fr\/produit\/pelle-carree-en-aluminium\/\" \/>\n<meta property=\"og:locale\" content=\"fr_FR\" \/>\n<meta property=\"og:type\" content=\"article\" \/>\n<meta property=\"og:title\" content=\"Pelle carr\u00e9e en aluminium | SAIGA\" \/>\n<meta property=\"og:description\" content=\"La pelle carr\u00e9e en aluminium est un outil de jardinage ou de construction qui allie la forme carr\u00e9e de la t\u00f4le avec le mat\u00e9riau l\u00e9ger qu&#039;est l&#039;aluminium.\" \/>\n<meta property=\"og:url\" content=\"https:\/\/saiga.es\/fr\/produit\/pelle-carree-en-aluminium\/\" \/>\n<meta property=\"og:site_name\" content=\"SAIGA\" \/>\n<meta property=\"og:image\" content=\"https:\/\/saiga.es\/wp-content\/uploads\/2024\/01\/Pala-quadrada-alumini.jpg\" \/>\n\t<meta property=\"og:image:width\" content=\"1080\" \/>\n\t<meta property=\"og:image:height\" content=\"1080\" \/>\n\t<meta property=\"og:image:type\" content=\"image\/jpeg\" \/>\n<meta name=\"twitter:card\" content=\"summary_large_image\" \/>\n<meta name=\"twitter:site\" content=\"@saiga_agro\" \/>\n<meta name=\"twitter:label1\" content=\"Dur\u00e9e de lecture estim\u00e9e\" \/>\n\t<meta name=\"twitter:data1\" content=\"1 minute\" \/>\n<script type=\"application\/ld+json\" class=\"yoast-schema-graph\">{\"@context\":\"https:\\\/\\\/schema.org\",\"@graph\":[{\"@type\":\"WebPage\",\"@id\":\"https:\\\/\\\/saiga.es\\\/fr\\\/produit\\\/pelle-carree-en-aluminium\\\/\",\"url\":\"https:\\\/\\\/saiga.es\\\/fr\\\/produit\\\/pelle-carree-en-aluminium\\\/\",\"name\":\"Pelle carr\u00e9e en aluminium | SAIGA\",\"isPartOf\":{\"@id\":\"https:\\\/\\\/saiga.es\\\/fr\\\/#website\"},\"primaryImageOfPage\":{\"@id\":\"https:\\\/\\\/saiga.es\\\/fr\\\/produit\\\/pelle-carree-en-aluminium\\\/#primaryimage\"},\"image\":{\"@id\":\"https:\\\/\\\/saiga.es\\\/fr\\\/produit\\\/pelle-carree-en-aluminium\\\/#primaryimage\"},\"thumbnailUrl\":\"https:\\\/\\\/saiga.es\\\/wp-content\\\/uploads\\\/2024\\\/01\\\/Pala-quadrada-alumini.jpg\",\"datePublished\":\"2024-01-09T09:10:58+00:00\",\"description\":\"La pelle carr\u00e9e en aluminium est un outil de jardinage ou de construction qui allie la forme carr\u00e9e de la t\u00f4le avec le mat\u00e9riau l\u00e9ger qu'est l'aluminium.\",\"breadcrumb\":{\"@id\":\"https:\\\/\\\/saiga.es\\\/fr\\\/produit\\\/pelle-carree-en-aluminium\\\/#breadcrumb\"},\"inLanguage\":\"fr-FR\",\"potentialAction\":[{\"@type\":\"ReadAction\",\"target\":[\"https:\\\/\\\/saiga.es\\\/fr\\\/produit\\\/pelle-carree-en-aluminium\\\/\"]}]},{\"@type\":\"ImageObject\",\"inLanguage\":\"fr-FR\",\"@id\":\"https:\\\/\\\/saiga.es\\\/fr\\\/produit\\\/pelle-carree-en-aluminium\\\/#primaryimage\",\"url\":\"https:\\\/\\\/saiga.es\\\/wp-content\\\/uploads\\\/2024\\\/01\\\/Pala-quadrada-alumini.jpg\",\"contentUrl\":\"https:\\\/\\\/saiga.es\\\/wp-content\\\/uploads\\\/2024\\\/01\\\/Pala-quadrada-alumini.jpg\",\"width\":1080,\"height\":1080,\"caption\":\"Pala quadrada alumini\"},{\"@type\":\"BreadcrumbList\",\"@id\":\"https:\\\/\\\/saiga.es\\\/fr\\\/produit\\\/pelle-carree-en-aluminium\\\/#breadcrumb\",\"itemListElement\":[{\"@type\":\"ListItem\",\"position\":1,\"name\":\"Inici\",\"item\":\"https:\\\/\\\/saiga.es\\\/fr\\\/\"},{\"@type\":\"ListItem\",\"position\":2,\"name\":\"boutique\",\"item\":\"https:\\\/\\\/saiga.es\\\/fr\\\/boutique\\\/\"},{\"@type\":\"ListItem\",\"position\":3,\"name\":\"Pelle carr\u00e9e en aluminium\"}]},{\"@type\":\"WebSite\",\"@id\":\"https:\\\/\\\/saiga.es\\\/fr\\\/#website\",\"url\":\"https:\\\/\\\/saiga.es\\\/fr\\\/\",\"name\":\"SAIGA\",\"description\":\"M\u00e9s de 50 anys al servei de la terra i treballant per a un \u00fas eficient de l\u2019aigua!\",\"publisher\":{\"@id\":\"https:\\\/\\\/saiga.es\\\/fr\\\/#organization\"},\"potentialAction\":[{\"@type\":\"SearchAction\",\"target\":{\"@type\":\"EntryPoint\",\"urlTemplate\":\"https:\\\/\\\/saiga.es\\\/fr\\\/?s={search_term_string}\"},\"query-input\":{\"@type\":\"PropertyValueSpecification\",\"valueRequired\":true,\"valueName\":\"search_term_string\"}}],\"inLanguage\":\"fr-FR\"},{\"@type\":\"Organization\",\"@id\":\"https:\\\/\\\/saiga.es\\\/fr\\\/#organization\",\"name\":\"SAIGA\",\"url\":\"https:\\\/\\\/saiga.es\\\/fr\\\/\",\"logo\":{\"@type\":\"ImageObject\",\"inLanguage\":\"fr-FR\",\"@id\":\"https:\\\/\\\/saiga.es\\\/fr\\\/#\\\/schema\\\/logo\\\/image\\\/\",\"url\":\"https:\\\/\\\/saiga.es\\\/wp-content\\\/uploads\\\/2025\\\/07\\\/logo_saiga_baseline_optimitzat.svg\",\"contentUrl\":\"https:\\\/\\\/saiga.es\\\/wp-content\\\/uploads\\\/2025\\\/07\\\/logo_saiga_baseline_optimitzat.svg\",\"caption\":\"SAIGA\"},\"image\":{\"@id\":\"https:\\\/\\\/saiga.es\\\/fr\\\/#\\\/schema\\\/logo\\\/image\\\/\"},\"sameAs\":[\"https:\\\/\\\/x.com\\\/saiga_agro\",\"https:\\\/\\\/www.instagram.com\\\/saiga_agro\\\/\"]}]}<\/script>\n<!-- \/ Yoast SEO plugin. -->","yoast_head_json":{"title":"Pelle carr\u00e9e en aluminium | SAIGA","description":"La pelle carr\u00e9e en aluminium est un outil de jardinage ou de construction qui allie la forme carr\u00e9e de la t\u00f4le avec le mat\u00e9riau l\u00e9ger qu'est l'aluminium.","robots":{"index":"index","follow":"follow","max-snippet":"max-snippet:-1","max-image-preview":"max-image-preview:large","max-video-preview":"max-video-preview:-1"},"canonical":"https:\/\/saiga.es\/fr\/produit\/pelle-carree-en-aluminium\/","og_locale":"fr_FR","og_type":"article","og_title":"Pelle carr\u00e9e en aluminium | SAIGA","og_description":"La pelle carr\u00e9e en aluminium est un outil de jardinage ou de construction qui allie la forme carr\u00e9e de la t\u00f4le avec le mat\u00e9riau l\u00e9ger qu'est l'aluminium.","og_url":"https:\/\/saiga.es\/fr\/produit\/pelle-carree-en-aluminium\/","og_site_name":"SAIGA","og_image":[{"width":1080,"height":1080,"url":"https:\/\/saiga.es\/wp-content\/uploads\/2024\/01\/Pala-quadrada-alumini.jpg","type":"image\/jpeg"}],"twitter_card":"summary_large_image","twitter_site":"@saiga_agro","twitter_misc":{"Dur\u00e9e de lecture estim\u00e9e":"1 minute"},"schema":{"@context":"https:\/\/schema.org","@graph":[{"@type":"WebPage","@id":"https:\/\/saiga.es\/fr\/produit\/pelle-carree-en-aluminium\/","url":"https:\/\/saiga.es\/fr\/produit\/pelle-carree-en-aluminium\/","name":"Pelle carr\u00e9e en aluminium | SAIGA","isPartOf":{"@id":"https:\/\/saiga.es\/fr\/#website"},"primaryImageOfPage":{"@id":"https:\/\/saiga.es\/fr\/produit\/pelle-carree-en-aluminium\/#primaryimage"},"image":{"@id":"https:\/\/saiga.es\/fr\/produit\/pelle-carree-en-aluminium\/#primaryimage"},"thumbnailUrl":"https:\/\/saiga.es\/wp-content\/uploads\/2024\/01\/Pala-quadrada-alumini.jpg","datePublished":"2024-01-09T09:10:58+00:00","description":"La pelle carr\u00e9e en aluminium est un outil de jardinage ou de construction qui allie la forme carr\u00e9e de la t\u00f4le avec le mat\u00e9riau l\u00e9ger qu'est l'aluminium.","breadcrumb":{"@id":"https:\/\/saiga.es\/fr\/produit\/pelle-carree-en-aluminium\/#breadcrumb"},"inLanguage":"fr-FR","potentialAction":[{"@type":"ReadAction","target":["https:\/\/saiga.es\/fr\/produit\/pelle-carree-en-aluminium\/"]}]},{"@type":"ImageObject","inLanguage":"fr-FR","@id":"https:\/\/saiga.es\/fr\/produit\/pelle-carree-en-aluminium\/#primaryimage","url":"https:\/\/saiga.es\/wp-content\/uploads\/2024\/01\/Pala-quadrada-alumini.jpg","contentUrl":"https:\/\/saiga.es\/wp-content\/uploads\/2024\/01\/Pala-quadrada-alumini.jpg","width":1080,"height":1080,"caption":"Pala quadrada alumini"},{"@type":"BreadcrumbList","@id":"https:\/\/saiga.es\/fr\/produit\/pelle-carree-en-aluminium\/#breadcrumb","itemListElement":[{"@type":"ListItem","position":1,"name":"Inici","item":"https:\/\/saiga.es\/fr\/"},{"@type":"ListItem","position":2,"name":"boutique","item":"https:\/\/saiga.es\/fr\/boutique\/"},{"@type":"ListItem","position":3,"name":"Pelle carr\u00e9e en aluminium"}]},{"@type":"WebSite","@id":"https:\/\/saiga.es\/fr\/#website","url":"https:\/\/saiga.es\/fr\/","name":"SAIGA","description":"M\u00e9s de 50 anys al servei de la terra i treballant per a un \u00fas eficient de l\u2019aigua!","publisher":{"@id":"https:\/\/saiga.es\/fr\/#organization"},"potentialAction":[{"@type":"SearchAction","target":{"@type":"EntryPoint","urlTemplate":"https:\/\/saiga.es\/fr\/?s={search_term_string}"},"query-input":{"@type":"PropertyValueSpecification","valueRequired":true,"valueName":"search_term_string"}}],"inLanguage":"fr-FR"},{"@type":"Organization","@id":"https:\/\/saiga.es\/fr\/#organization","name":"SAIGA","url":"https:\/\/saiga.es\/fr\/","logo":{"@type":"ImageObject","inLanguage":"fr-FR","@id":"https:\/\/saiga.es\/fr\/#\/schema\/logo\/image\/","url":"https:\/\/saiga.es\/wp-content\/uploads\/2025\/07\/logo_saiga_baseline_optimitzat.svg","contentUrl":"https:\/\/saiga.es\/wp-content\/uploads\/2025\/07\/logo_saiga_baseline_optimitzat.svg","caption":"SAIGA"},"image":{"@id":"https:\/\/saiga.es\/fr\/#\/schema\/logo\/image\/"},"sameAs":["https:\/\/x.com\/saiga_agro","https:\/\/www.instagram.com\/saiga_agro\/"]}]}},"_links":{"self":[{"href":"https:\/\/saiga.es\/fr\/wp-json\/wp\/v2\/product\/6657","targetHints":{"allow":["GET"]}}],"collection":[{"href":"https:\/\/saiga.es\/fr\/wp-json\/wp\/v2\/product"}],"about":[{"href":"https:\/\/saiga.es\/fr\/wp-json\/wp\/v2\/types\/product"}],"replies":[{"embeddable":true,"href":"https:\/\/saiga.es\/fr\/wp-json\/wp\/v2\/comments?post=6657"}],"wp:featuredmedia":[{"embeddable":true,"href":"https:\/\/saiga.es\/fr\/wp-json\/wp\/v2\/media\/11806"}],"wp:attachment":[{"href":"https:\/\/saiga.es\/fr\/wp-json\/wp\/v2\/media?parent=6657"}],"wp:term":[{"taxonomy":"product_brand","embeddable":true,"href":"https:\/\/saiga.es\/fr\/wp-json\/wp\/v2\/product_brand?post=6657"},{"taxonomy":"product_cat","embeddable":true,"href":"https:\/\/saiga.es\/fr\/wp-json\/wp\/v2\/product_cat?post=6657"},{"taxonomy":"product_tag","embeddable":true,"href":"https:\/\/saiga.es\/fr\/wp-json\/wp\/v2\/product_tag?post=6657"}],"curies":[{"name":"wp","href":"https:\/\/api.w.org\/{rel}","templated":true}]}}