{"id":6660,"date":"2024-01-09T08:52:53","date_gmt":"2024-01-09T08:52:53","guid":{"rendered":"https:\/\/botiga.saiga.es\/producte\/manche-en-anneau-de-pelle-carree\/"},"modified":"2025-10-27T07:53:32","modified_gmt":"2025-10-27T07:53:32","slug":"manche-en-anneau-de-pelle-carree","status":"publish","type":"product","link":"https:\/\/saiga.es\/fr\/produit\/manche-en-anneau-de-pelle-carree\/","title":{"rendered":"Manche en anneau de pelle carr\u00e9e"},"content":{"rendered":"<p>La pelle carr\u00e9e \u00e0 manche annulaire est diff\u00e9rente de la pelle \u00e0 pointe arrondie plus courante. La poign\u00e9e en anneau offre un meilleur contr\u00f4le et facilite la manipulation de la pelle car l&rsquo;utilisateur peut maintenir une prise ferme et diriger les op\u00e9rations de travail avec plus de pr\u00e9cision. Bref, cette pelle est un outil polyvalent et utile pour diverses applications qui n\u00e9cessitent un contr\u00f4le pr\u00e9cis et une manipulation sp\u00e9cifique du sol ou d&rsquo;autres mat\u00e9riaux.<\/p>\n<p>La pelle carr\u00e9e a plusieurs utilisations, notamment :<\/p>\n<p><strong>&#8211; Travaux de construction et d&rsquo;excavation :<\/strong><br \/>\n Cette pelle est fr\u00e9quemment utilis\u00e9e dans les travaux de construction et d&rsquo;excavation pour d\u00e9placer et enlever de la terre ou d&rsquo;autres mat\u00e9riaux de mani\u00e8re plus pr\u00e9cise. La pointe carr\u00e9e permet de creuser dans de petits espaces et de cr\u00e9er des trous carr\u00e9s ou rectangulaires.<\/p>\n<p><strong>-Pose de palettes ou de pierres :<\/strong><br \/>\n La forme carr\u00e9e de la pelle facilite le placement pr\u00e9cis des palettes, pierres ou autres mat\u00e9riaux de construction. La g\u00e9om\u00e9trie carr\u00e9e peut aider \u00e0 mieux adapter les mat\u00e9riaux \u00e0 un motif sp\u00e9cifique.<\/p>\n<p><strong>-Travaux agricoles :<\/strong><br \/>\n En agriculture, ce type de pelle peut \u00eatre utilis\u00e9 pour cr\u00e9er des plates-bandes sur\u00e9lev\u00e9es, pr\u00e9parer le terrain ou creuser des tranch\u00e9es de forme rectangulaire.<\/p>\n<p><strong>-Travaux de jardin :<\/strong><br \/>\n Dans les jardins, cette pelle peut \u00eatre utile pour des t\u00e2ches qui n\u00e9cessitent de la pr\u00e9cision, comme cr\u00e9er des bordures carr\u00e9es, installer des pav\u00e9s ou creuser de petits espaces pour des plantations sp\u00e9cifiques.<\/p>\n<p><strong>-Travaux d&rsquo;arch\u00e9ologie :<\/strong><br \/>\n En arch\u00e9ologie, les pelles carr\u00e9es peuvent \u00eatre utilis\u00e9es pour creuser et entretenir avec pr\u00e9cision des couches de sol sur des sites d&rsquo;int\u00e9r\u00eat arch\u00e9ologique.<\/p>\n<p><strong>-Manipulation du terrain en jardinage :<\/strong><br \/>\n En jardinage, cette b\u00eache peut \u00eatre utilis\u00e9e pour d\u00e9placer et r\u00e9partir la terre sur des zones plus petites ou pour cr\u00e9er des creux carr\u00e9s pour planter certaines esp\u00e8ces.<\/p>\n","protected":false},"excerpt":{"rendered":"<p>La pelle carr\u00e9e \u00e0 manche annulaire est diff\u00e9rente de la pelle \u00e0 pointe arrondie plus courante. La poign\u00e9e en anneau offre un meilleur contr\u00f4le et facilite la manipulation de la pelle car l&rsquo;utilisateur peut maintenir une prise ferme et diriger les op\u00e9rations de travail avec plus de pr\u00e9cision. Bref, cette pelle est un outil polyvalent et utile pour diverses applications qui n\u00e9cessitent un contr\u00f4le pr\u00e9cis et une manipulation sp\u00e9cifique du sol ou d&rsquo;autres mat\u00e9riaux.<\/p>\n","protected":false},"featured_media":11813,"comment_status":"open","ping_status":"closed","template":"","meta":[],"product_brand":[],"product_cat":[432],"product_tag":[],"class_list":{"0":"post-6660","1":"product","2":"type-product","3":"status-publish","4":"has-post-thumbnail","6":"product_cat-pelles-et-grattoirs-a-herbe","8":"first","9":"instock","10":"taxable","11":"shipping-taxable","12":"purchasable","13":"product-type-simple"},"yoast_head":"<!-- This site is optimized with the Yoast SEO plugin v27.4 - https:\/\/yoast.com\/product\/yoast-seo-wordpress\/ -->\n<title>Manche en anneau de pelle carr\u00e9e | SAIGA<\/title>\n<meta name=\"description\" content=\"La pelle carr\u00e9e avec manche en anneau offre un meilleur contr\u00f4le et facilite la manipulation de la pelle, car l&#039;utilisateur peut maintenir une prise ferme.\" \/>\n<meta name=\"robots\" content=\"index, follow, max-snippet:-1, max-image-preview:large, max-video-preview:-1\" \/>\n<link rel=\"canonical\" href=\"https:\/\/saiga.es\/fr\/produit\/manche-en-anneau-de-pelle-carree\/\" \/>\n<meta property=\"og:locale\" content=\"fr_FR\" \/>\n<meta property=\"og:type\" content=\"article\" \/>\n<meta property=\"og:title\" content=\"Manche en anneau de pelle carr\u00e9e | SAIGA\" \/>\n<meta property=\"og:description\" content=\"La pelle carr\u00e9e avec manche en anneau offre un meilleur contr\u00f4le et facilite la manipulation de la pelle, car l&#039;utilisateur peut maintenir une prise ferme.\" \/>\n<meta property=\"og:url\" content=\"https:\/\/saiga.es\/fr\/produit\/manche-en-anneau-de-pelle-carree\/\" \/>\n<meta property=\"og:site_name\" content=\"SAIGA\" \/>\n<meta property=\"article:modified_time\" content=\"2025-10-27T07:53:32+00:00\" \/>\n<meta property=\"og:image\" content=\"https:\/\/saiga.es\/wp-content\/uploads\/2024\/01\/Pala-quadrada-manec-anella-1.jpg\" \/>\n\t<meta property=\"og:image:width\" content=\"1080\" \/>\n\t<meta property=\"og:image:height\" content=\"1080\" \/>\n\t<meta property=\"og:image:type\" content=\"image\/jpeg\" \/>\n<meta name=\"twitter:card\" content=\"summary_large_image\" \/>\n<meta name=\"twitter:site\" content=\"@saiga_agro\" \/>\n<meta name=\"twitter:label1\" content=\"Dur\u00e9e de lecture estim\u00e9e\" \/>\n\t<meta name=\"twitter:data1\" content=\"2 minutes\" \/>\n<script type=\"application\/ld+json\" class=\"yoast-schema-graph\">{\"@context\":\"https:\\\/\\\/schema.org\",\"@graph\":[{\"@type\":\"WebPage\",\"@id\":\"https:\\\/\\\/saiga.es\\\/fr\\\/produit\\\/manche-en-anneau-de-pelle-carree\\\/\",\"url\":\"https:\\\/\\\/saiga.es\\\/fr\\\/produit\\\/manche-en-anneau-de-pelle-carree\\\/\",\"name\":\"Manche en anneau de pelle carr\u00e9e | SAIGA\",\"isPartOf\":{\"@id\":\"https:\\\/\\\/saiga.es\\\/fr\\\/#website\"},\"primaryImageOfPage\":{\"@id\":\"https:\\\/\\\/saiga.es\\\/fr\\\/produit\\\/manche-en-anneau-de-pelle-carree\\\/#primaryimage\"},\"image\":{\"@id\":\"https:\\\/\\\/saiga.es\\\/fr\\\/produit\\\/manche-en-anneau-de-pelle-carree\\\/#primaryimage\"},\"thumbnailUrl\":\"https:\\\/\\\/saiga.es\\\/wp-content\\\/uploads\\\/2024\\\/01\\\/Pala-quadrada-manec-anella-1.jpg\",\"datePublished\":\"2024-01-09T08:52:53+00:00\",\"dateModified\":\"2025-10-27T07:53:32+00:00\",\"description\":\"La pelle carr\u00e9e avec manche en anneau offre un meilleur contr\u00f4le et facilite la manipulation de la pelle, car l'utilisateur peut maintenir une prise ferme.\",\"breadcrumb\":{\"@id\":\"https:\\\/\\\/saiga.es\\\/fr\\\/produit\\\/manche-en-anneau-de-pelle-carree\\\/#breadcrumb\"},\"inLanguage\":\"fr-FR\",\"potentialAction\":[{\"@type\":\"ReadAction\",\"target\":[\"https:\\\/\\\/saiga.es\\\/fr\\\/produit\\\/manche-en-anneau-de-pelle-carree\\\/\"]}]},{\"@type\":\"ImageObject\",\"inLanguage\":\"fr-FR\",\"@id\":\"https:\\\/\\\/saiga.es\\\/fr\\\/produit\\\/manche-en-anneau-de-pelle-carree\\\/#primaryimage\",\"url\":\"https:\\\/\\\/saiga.es\\\/wp-content\\\/uploads\\\/2024\\\/01\\\/Pala-quadrada-manec-anella-1.jpg\",\"contentUrl\":\"https:\\\/\\\/saiga.es\\\/wp-content\\\/uploads\\\/2024\\\/01\\\/Pala-quadrada-manec-anella-1.jpg\",\"width\":1080,\"height\":1080,\"caption\":\"Pala quadrada m\u00e0nec anella\"},{\"@type\":\"BreadcrumbList\",\"@id\":\"https:\\\/\\\/saiga.es\\\/fr\\\/produit\\\/manche-en-anneau-de-pelle-carree\\\/#breadcrumb\",\"itemListElement\":[{\"@type\":\"ListItem\",\"position\":1,\"name\":\"Inici\",\"item\":\"https:\\\/\\\/saiga.es\\\/fr\\\/\"},{\"@type\":\"ListItem\",\"position\":2,\"name\":\"boutique\",\"item\":\"https:\\\/\\\/saiga.es\\\/fr\\\/boutique\\\/\"},{\"@type\":\"ListItem\",\"position\":3,\"name\":\"Manche en anneau de pelle carr\u00e9e\"}]},{\"@type\":\"WebSite\",\"@id\":\"https:\\\/\\\/saiga.es\\\/fr\\\/#website\",\"url\":\"https:\\\/\\\/saiga.es\\\/fr\\\/\",\"name\":\"SAIGA\",\"description\":\"M\u00e9s de 50 anys al servei de la terra i treballant per a un \u00fas eficient de l\u2019aigua!\",\"publisher\":{\"@id\":\"https:\\\/\\\/saiga.es\\\/fr\\\/#organization\"},\"potentialAction\":[{\"@type\":\"SearchAction\",\"target\":{\"@type\":\"EntryPoint\",\"urlTemplate\":\"https:\\\/\\\/saiga.es\\\/fr\\\/?s={search_term_string}\"},\"query-input\":{\"@type\":\"PropertyValueSpecification\",\"valueRequired\":true,\"valueName\":\"search_term_string\"}}],\"inLanguage\":\"fr-FR\"},{\"@type\":\"Organization\",\"@id\":\"https:\\\/\\\/saiga.es\\\/fr\\\/#organization\",\"name\":\"SAIGA\",\"url\":\"https:\\\/\\\/saiga.es\\\/fr\\\/\",\"logo\":{\"@type\":\"ImageObject\",\"inLanguage\":\"fr-FR\",\"@id\":\"https:\\\/\\\/saiga.es\\\/fr\\\/#\\\/schema\\\/logo\\\/image\\\/\",\"url\":\"https:\\\/\\\/saiga.es\\\/wp-content\\\/uploads\\\/2025\\\/07\\\/logo_saiga_baseline_optimitzat.svg\",\"contentUrl\":\"https:\\\/\\\/saiga.es\\\/wp-content\\\/uploads\\\/2025\\\/07\\\/logo_saiga_baseline_optimitzat.svg\",\"caption\":\"SAIGA\"},\"image\":{\"@id\":\"https:\\\/\\\/saiga.es\\\/fr\\\/#\\\/schema\\\/logo\\\/image\\\/\"},\"sameAs\":[\"https:\\\/\\\/x.com\\\/saiga_agro\",\"https:\\\/\\\/www.instagram.com\\\/saiga_agro\\\/\"]}]}<\/script>\n<!-- \/ Yoast SEO plugin. -->","yoast_head_json":{"title":"Manche en anneau de pelle carr\u00e9e | SAIGA","description":"La pelle carr\u00e9e avec manche en anneau offre un meilleur contr\u00f4le et facilite la manipulation de la pelle, car l'utilisateur peut maintenir une prise ferme.","robots":{"index":"index","follow":"follow","max-snippet":"max-snippet:-1","max-image-preview":"max-image-preview:large","max-video-preview":"max-video-preview:-1"},"canonical":"https:\/\/saiga.es\/fr\/produit\/manche-en-anneau-de-pelle-carree\/","og_locale":"fr_FR","og_type":"article","og_title":"Manche en anneau de pelle carr\u00e9e | SAIGA","og_description":"La pelle carr\u00e9e avec manche en anneau offre un meilleur contr\u00f4le et facilite la manipulation de la pelle, car l'utilisateur peut maintenir une prise ferme.","og_url":"https:\/\/saiga.es\/fr\/produit\/manche-en-anneau-de-pelle-carree\/","og_site_name":"SAIGA","article_modified_time":"2025-10-27T07:53:32+00:00","og_image":[{"width":1080,"height":1080,"url":"https:\/\/saiga.es\/wp-content\/uploads\/2024\/01\/Pala-quadrada-manec-anella-1.jpg","type":"image\/jpeg"}],"twitter_card":"summary_large_image","twitter_site":"@saiga_agro","twitter_misc":{"Dur\u00e9e de lecture estim\u00e9e":"2 minutes"},"schema":{"@context":"https:\/\/schema.org","@graph":[{"@type":"WebPage","@id":"https:\/\/saiga.es\/fr\/produit\/manche-en-anneau-de-pelle-carree\/","url":"https:\/\/saiga.es\/fr\/produit\/manche-en-anneau-de-pelle-carree\/","name":"Manche en anneau de pelle carr\u00e9e | SAIGA","isPartOf":{"@id":"https:\/\/saiga.es\/fr\/#website"},"primaryImageOfPage":{"@id":"https:\/\/saiga.es\/fr\/produit\/manche-en-anneau-de-pelle-carree\/#primaryimage"},"image":{"@id":"https:\/\/saiga.es\/fr\/produit\/manche-en-anneau-de-pelle-carree\/#primaryimage"},"thumbnailUrl":"https:\/\/saiga.es\/wp-content\/uploads\/2024\/01\/Pala-quadrada-manec-anella-1.jpg","datePublished":"2024-01-09T08:52:53+00:00","dateModified":"2025-10-27T07:53:32+00:00","description":"La pelle carr\u00e9e avec manche en anneau offre un meilleur contr\u00f4le et facilite la manipulation de la pelle, car l'utilisateur peut maintenir une prise ferme.","breadcrumb":{"@id":"https:\/\/saiga.es\/fr\/produit\/manche-en-anneau-de-pelle-carree\/#breadcrumb"},"inLanguage":"fr-FR","potentialAction":[{"@type":"ReadAction","target":["https:\/\/saiga.es\/fr\/produit\/manche-en-anneau-de-pelle-carree\/"]}]},{"@type":"ImageObject","inLanguage":"fr-FR","@id":"https:\/\/saiga.es\/fr\/produit\/manche-en-anneau-de-pelle-carree\/#primaryimage","url":"https:\/\/saiga.es\/wp-content\/uploads\/2024\/01\/Pala-quadrada-manec-anella-1.jpg","contentUrl":"https:\/\/saiga.es\/wp-content\/uploads\/2024\/01\/Pala-quadrada-manec-anella-1.jpg","width":1080,"height":1080,"caption":"Pala quadrada m\u00e0nec anella"},{"@type":"BreadcrumbList","@id":"https:\/\/saiga.es\/fr\/produit\/manche-en-anneau-de-pelle-carree\/#breadcrumb","itemListElement":[{"@type":"ListItem","position":1,"name":"Inici","item":"https:\/\/saiga.es\/fr\/"},{"@type":"ListItem","position":2,"name":"boutique","item":"https:\/\/saiga.es\/fr\/boutique\/"},{"@type":"ListItem","position":3,"name":"Manche en anneau de pelle carr\u00e9e"}]},{"@type":"WebSite","@id":"https:\/\/saiga.es\/fr\/#website","url":"https:\/\/saiga.es\/fr\/","name":"SAIGA","description":"M\u00e9s de 50 anys al servei de la terra i treballant per a un \u00fas eficient de l\u2019aigua!","publisher":{"@id":"https:\/\/saiga.es\/fr\/#organization"},"potentialAction":[{"@type":"SearchAction","target":{"@type":"EntryPoint","urlTemplate":"https:\/\/saiga.es\/fr\/?s={search_term_string}"},"query-input":{"@type":"PropertyValueSpecification","valueRequired":true,"valueName":"search_term_string"}}],"inLanguage":"fr-FR"},{"@type":"Organization","@id":"https:\/\/saiga.es\/fr\/#organization","name":"SAIGA","url":"https:\/\/saiga.es\/fr\/","logo":{"@type":"ImageObject","inLanguage":"fr-FR","@id":"https:\/\/saiga.es\/fr\/#\/schema\/logo\/image\/","url":"https:\/\/saiga.es\/wp-content\/uploads\/2025\/07\/logo_saiga_baseline_optimitzat.svg","contentUrl":"https:\/\/saiga.es\/wp-content\/uploads\/2025\/07\/logo_saiga_baseline_optimitzat.svg","caption":"SAIGA"},"image":{"@id":"https:\/\/saiga.es\/fr\/#\/schema\/logo\/image\/"},"sameAs":["https:\/\/x.com\/saiga_agro","https:\/\/www.instagram.com\/saiga_agro\/"]}]}},"_links":{"self":[{"href":"https:\/\/saiga.es\/fr\/wp-json\/wp\/v2\/product\/6660","targetHints":{"allow":["GET"]}}],"collection":[{"href":"https:\/\/saiga.es\/fr\/wp-json\/wp\/v2\/product"}],"about":[{"href":"https:\/\/saiga.es\/fr\/wp-json\/wp\/v2\/types\/product"}],"replies":[{"embeddable":true,"href":"https:\/\/saiga.es\/fr\/wp-json\/wp\/v2\/comments?post=6660"}],"wp:featuredmedia":[{"embeddable":true,"href":"https:\/\/saiga.es\/fr\/wp-json\/wp\/v2\/media\/11813"}],"wp:attachment":[{"href":"https:\/\/saiga.es\/fr\/wp-json\/wp\/v2\/media?parent=6660"}],"wp:term":[{"taxonomy":"product_brand","embeddable":true,"href":"https:\/\/saiga.es\/fr\/wp-json\/wp\/v2\/product_brand?post=6660"},{"taxonomy":"product_cat","embeddable":true,"href":"https:\/\/saiga.es\/fr\/wp-json\/wp\/v2\/product_cat?post=6660"},{"taxonomy":"product_tag","embeddable":true,"href":"https:\/\/saiga.es\/fr\/wp-json\/wp\/v2\/product_tag?post=6660"}],"curies":[{"name":"wp","href":"https:\/\/api.w.org\/{rel}","templated":true}]}}