{"id":6677,"date":"2024-01-08T13:54:30","date_gmt":"2024-01-08T13:54:30","guid":{"rendered":"https:\/\/botiga.saiga.es\/producte\/collecteur-avec-poignee-en-metal\/"},"modified":"2025-10-27T07:53:30","modified_gmt":"2025-10-27T07:53:30","slug":"collecteur-avec-poignee-en-metal","status":"publish","type":"product","link":"https:\/\/saiga.es\/fr\/produit\/collecteur-avec-poignee-en-metal\/","title":{"rendered":"Collecteur avec poign\u00e9e en m\u00e9tal"},"content":{"rendered":"<p>Collecteur avec poign\u00e9e en m\u00e9tal, id\u00e9al pour collecter la poussi\u00e8re et les peluches.<br \/>\nLame : T\u00f4le de fer galvanis\u00e9e.<br \/>\nPoign\u00e9e : Tube E-220x Z-225 MAC en fer galvanis\u00e9 avec deux rivets en aluminium.<\/p>\n","protected":false},"excerpt":{"rendered":"<p>Collecteur avec poign\u00e9e en m\u00e9tal, id\u00e9al pour collecter la poussi\u00e8re et les peluches.<\/p>\n","protected":false},"featured_media":11825,"comment_status":"closed","ping_status":"closed","template":"","meta":[],"product_brand":[],"product_cat":[430],"product_tag":[529],"class_list":{"0":"post-6677","1":"product","2":"type-product","3":"status-publish","4":"has-post-thumbnail","6":"product_cat-nettoyer","7":"product_tag-collectionneur","9":"first","10":"instock","11":"taxable","12":"shipping-taxable","13":"purchasable","14":"product-type-simple"},"yoast_head":"<!-- This site is optimized with the Yoast SEO plugin v27.5 - https:\/\/yoast.com\/product\/yoast-seo-wordpress\/ -->\n<title>Collecteur avec poign\u00e9e en m\u00e9tal | SAIGA<\/title>\n<meta name=\"description\" content=\"Collecteur avec poign\u00e9e en m\u00e9tal, id\u00e9al pour collecter la poussi\u00e8re et les peluches.\" \/>\n<meta name=\"robots\" content=\"index, follow, max-snippet:-1, max-image-preview:large, max-video-preview:-1\" \/>\n<link rel=\"canonical\" href=\"https:\/\/saiga.es\/fr\/produit\/collecteur-avec-poignee-en-metal\/\" \/>\n<meta property=\"og:locale\" content=\"fr_FR\" \/>\n<meta property=\"og:type\" content=\"article\" \/>\n<meta property=\"og:title\" content=\"Collecteur avec poign\u00e9e en m\u00e9tal | SAIGA\" \/>\n<meta property=\"og:description\" content=\"Collecteur avec poign\u00e9e en m\u00e9tal, id\u00e9al pour collecter la poussi\u00e8re et les peluches.\" \/>\n<meta property=\"og:url\" content=\"https:\/\/saiga.es\/fr\/produit\/collecteur-avec-poignee-en-metal\/\" \/>\n<meta property=\"og:site_name\" content=\"SAIGA\" \/>\n<meta property=\"article:modified_time\" content=\"2025-10-27T07:53:30+00:00\" \/>\n<meta property=\"og:image\" content=\"https:\/\/saiga.es\/wp-content\/uploads\/2024\/01\/pala-recollidor-metallic.jpg\" \/>\n\t<meta property=\"og:image:width\" content=\"1080\" \/>\n\t<meta property=\"og:image:height\" content=\"1080\" \/>\n\t<meta property=\"og:image:type\" content=\"image\/jpeg\" \/>\n<meta name=\"twitter:card\" content=\"summary_large_image\" \/>\n<meta name=\"twitter:site\" content=\"@saiga_agro\" \/>\n<script type=\"application\/ld+json\" class=\"yoast-schema-graph\">{\"@context\":\"https:\\\/\\\/schema.org\",\"@graph\":[{\"@type\":\"WebPage\",\"@id\":\"https:\\\/\\\/saiga.es\\\/fr\\\/produit\\\/collecteur-avec-poignee-en-metal\\\/\",\"url\":\"https:\\\/\\\/saiga.es\\\/fr\\\/produit\\\/collecteur-avec-poignee-en-metal\\\/\",\"name\":\"Collecteur avec poign\u00e9e en m\u00e9tal | SAIGA\",\"isPartOf\":{\"@id\":\"https:\\\/\\\/saiga.es\\\/fr\\\/#website\"},\"primaryImageOfPage\":{\"@id\":\"https:\\\/\\\/saiga.es\\\/fr\\\/produit\\\/collecteur-avec-poignee-en-metal\\\/#primaryimage\"},\"image\":{\"@id\":\"https:\\\/\\\/saiga.es\\\/fr\\\/produit\\\/collecteur-avec-poignee-en-metal\\\/#primaryimage\"},\"thumbnailUrl\":\"https:\\\/\\\/saiga.es\\\/wp-content\\\/uploads\\\/2024\\\/01\\\/pala-recollidor-metallic.jpg\",\"datePublished\":\"2024-01-08T13:54:30+00:00\",\"dateModified\":\"2025-10-27T07:53:30+00:00\",\"description\":\"Collecteur avec poign\u00e9e en m\u00e9tal, id\u00e9al pour collecter la poussi\u00e8re et les peluches.\",\"breadcrumb\":{\"@id\":\"https:\\\/\\\/saiga.es\\\/fr\\\/produit\\\/collecteur-avec-poignee-en-metal\\\/#breadcrumb\"},\"inLanguage\":\"fr-FR\",\"potentialAction\":[{\"@type\":\"ReadAction\",\"target\":[\"https:\\\/\\\/saiga.es\\\/fr\\\/produit\\\/collecteur-avec-poignee-en-metal\\\/\"]}]},{\"@type\":\"ImageObject\",\"inLanguage\":\"fr-FR\",\"@id\":\"https:\\\/\\\/saiga.es\\\/fr\\\/produit\\\/collecteur-avec-poignee-en-metal\\\/#primaryimage\",\"url\":\"https:\\\/\\\/saiga.es\\\/wp-content\\\/uploads\\\/2024\\\/01\\\/pala-recollidor-metallic.jpg\",\"contentUrl\":\"https:\\\/\\\/saiga.es\\\/wp-content\\\/uploads\\\/2024\\\/01\\\/pala-recollidor-metallic.jpg\",\"width\":1080,\"height\":1080,\"caption\":\"Recollidor met\u00e0l\u00b7lic\"},{\"@type\":\"BreadcrumbList\",\"@id\":\"https:\\\/\\\/saiga.es\\\/fr\\\/produit\\\/collecteur-avec-poignee-en-metal\\\/#breadcrumb\",\"itemListElement\":[{\"@type\":\"ListItem\",\"position\":1,\"name\":\"Inici\",\"item\":\"https:\\\/\\\/saiga.es\\\/fr\\\/\"},{\"@type\":\"ListItem\",\"position\":2,\"name\":\"boutique\",\"item\":\"https:\\\/\\\/saiga.es\\\/fr\\\/boutique\\\/\"},{\"@type\":\"ListItem\",\"position\":3,\"name\":\"Collecteur avec poign\u00e9e en m\u00e9tal\"}]},{\"@type\":\"WebSite\",\"@id\":\"https:\\\/\\\/saiga.es\\\/fr\\\/#website\",\"url\":\"https:\\\/\\\/saiga.es\\\/fr\\\/\",\"name\":\"SAIGA\",\"description\":\"M\u00e9s de 50 anys al servei de la terra i treballant per a un \u00fas eficient de l\u2019aigua!\",\"publisher\":{\"@id\":\"https:\\\/\\\/saiga.es\\\/fr\\\/#organization\"},\"potentialAction\":[{\"@type\":\"SearchAction\",\"target\":{\"@type\":\"EntryPoint\",\"urlTemplate\":\"https:\\\/\\\/saiga.es\\\/fr\\\/?s={search_term_string}\"},\"query-input\":{\"@type\":\"PropertyValueSpecification\",\"valueRequired\":true,\"valueName\":\"search_term_string\"}}],\"inLanguage\":\"fr-FR\"},{\"@type\":\"Organization\",\"@id\":\"https:\\\/\\\/saiga.es\\\/fr\\\/#organization\",\"name\":\"SAIGA\",\"url\":\"https:\\\/\\\/saiga.es\\\/fr\\\/\",\"logo\":{\"@type\":\"ImageObject\",\"inLanguage\":\"fr-FR\",\"@id\":\"https:\\\/\\\/saiga.es\\\/fr\\\/#\\\/schema\\\/logo\\\/image\\\/\",\"url\":\"https:\\\/\\\/saiga.es\\\/wp-content\\\/uploads\\\/2025\\\/07\\\/logo_saiga_baseline_optimitzat.svg\",\"contentUrl\":\"https:\\\/\\\/saiga.es\\\/wp-content\\\/uploads\\\/2025\\\/07\\\/logo_saiga_baseline_optimitzat.svg\",\"caption\":\"SAIGA\"},\"image\":{\"@id\":\"https:\\\/\\\/saiga.es\\\/fr\\\/#\\\/schema\\\/logo\\\/image\\\/\"},\"sameAs\":[\"https:\\\/\\\/x.com\\\/saiga_agro\",\"https:\\\/\\\/www.instagram.com\\\/saiga_agro\\\/\"]}]}<\/script>\n<!-- \/ Yoast SEO plugin. -->","yoast_head_json":{"title":"Collecteur avec poign\u00e9e en m\u00e9tal | SAIGA","description":"Collecteur avec poign\u00e9e en m\u00e9tal, id\u00e9al pour collecter la poussi\u00e8re et les peluches.","robots":{"index":"index","follow":"follow","max-snippet":"max-snippet:-1","max-image-preview":"max-image-preview:large","max-video-preview":"max-video-preview:-1"},"canonical":"https:\/\/saiga.es\/fr\/produit\/collecteur-avec-poignee-en-metal\/","og_locale":"fr_FR","og_type":"article","og_title":"Collecteur avec poign\u00e9e en m\u00e9tal | SAIGA","og_description":"Collecteur avec poign\u00e9e en m\u00e9tal, id\u00e9al pour collecter la poussi\u00e8re et les peluches.","og_url":"https:\/\/saiga.es\/fr\/produit\/collecteur-avec-poignee-en-metal\/","og_site_name":"SAIGA","article_modified_time":"2025-10-27T07:53:30+00:00","og_image":[{"width":1080,"height":1080,"url":"https:\/\/saiga.es\/wp-content\/uploads\/2024\/01\/pala-recollidor-metallic.jpg","type":"image\/jpeg"}],"twitter_card":"summary_large_image","twitter_site":"@saiga_agro","schema":{"@context":"https:\/\/schema.org","@graph":[{"@type":"WebPage","@id":"https:\/\/saiga.es\/fr\/produit\/collecteur-avec-poignee-en-metal\/","url":"https:\/\/saiga.es\/fr\/produit\/collecteur-avec-poignee-en-metal\/","name":"Collecteur avec poign\u00e9e en m\u00e9tal | SAIGA","isPartOf":{"@id":"https:\/\/saiga.es\/fr\/#website"},"primaryImageOfPage":{"@id":"https:\/\/saiga.es\/fr\/produit\/collecteur-avec-poignee-en-metal\/#primaryimage"},"image":{"@id":"https:\/\/saiga.es\/fr\/produit\/collecteur-avec-poignee-en-metal\/#primaryimage"},"thumbnailUrl":"https:\/\/saiga.es\/wp-content\/uploads\/2024\/01\/pala-recollidor-metallic.jpg","datePublished":"2024-01-08T13:54:30+00:00","dateModified":"2025-10-27T07:53:30+00:00","description":"Collecteur avec poign\u00e9e en m\u00e9tal, id\u00e9al pour collecter la poussi\u00e8re et les peluches.","breadcrumb":{"@id":"https:\/\/saiga.es\/fr\/produit\/collecteur-avec-poignee-en-metal\/#breadcrumb"},"inLanguage":"fr-FR","potentialAction":[{"@type":"ReadAction","target":["https:\/\/saiga.es\/fr\/produit\/collecteur-avec-poignee-en-metal\/"]}]},{"@type":"ImageObject","inLanguage":"fr-FR","@id":"https:\/\/saiga.es\/fr\/produit\/collecteur-avec-poignee-en-metal\/#primaryimage","url":"https:\/\/saiga.es\/wp-content\/uploads\/2024\/01\/pala-recollidor-metallic.jpg","contentUrl":"https:\/\/saiga.es\/wp-content\/uploads\/2024\/01\/pala-recollidor-metallic.jpg","width":1080,"height":1080,"caption":"Recollidor met\u00e0l\u00b7lic"},{"@type":"BreadcrumbList","@id":"https:\/\/saiga.es\/fr\/produit\/collecteur-avec-poignee-en-metal\/#breadcrumb","itemListElement":[{"@type":"ListItem","position":1,"name":"Inici","item":"https:\/\/saiga.es\/fr\/"},{"@type":"ListItem","position":2,"name":"boutique","item":"https:\/\/saiga.es\/fr\/boutique\/"},{"@type":"ListItem","position":3,"name":"Collecteur avec poign\u00e9e en m\u00e9tal"}]},{"@type":"WebSite","@id":"https:\/\/saiga.es\/fr\/#website","url":"https:\/\/saiga.es\/fr\/","name":"SAIGA","description":"M\u00e9s de 50 anys al servei de la terra i treballant per a un \u00fas eficient de l\u2019aigua!","publisher":{"@id":"https:\/\/saiga.es\/fr\/#organization"},"potentialAction":[{"@type":"SearchAction","target":{"@type":"EntryPoint","urlTemplate":"https:\/\/saiga.es\/fr\/?s={search_term_string}"},"query-input":{"@type":"PropertyValueSpecification","valueRequired":true,"valueName":"search_term_string"}}],"inLanguage":"fr-FR"},{"@type":"Organization","@id":"https:\/\/saiga.es\/fr\/#organization","name":"SAIGA","url":"https:\/\/saiga.es\/fr\/","logo":{"@type":"ImageObject","inLanguage":"fr-FR","@id":"https:\/\/saiga.es\/fr\/#\/schema\/logo\/image\/","url":"https:\/\/saiga.es\/wp-content\/uploads\/2025\/07\/logo_saiga_baseline_optimitzat.svg","contentUrl":"https:\/\/saiga.es\/wp-content\/uploads\/2025\/07\/logo_saiga_baseline_optimitzat.svg","caption":"SAIGA"},"image":{"@id":"https:\/\/saiga.es\/fr\/#\/schema\/logo\/image\/"},"sameAs":["https:\/\/x.com\/saiga_agro","https:\/\/www.instagram.com\/saiga_agro\/"]}]}},"_links":{"self":[{"href":"https:\/\/saiga.es\/fr\/wp-json\/wp\/v2\/product\/6677","targetHints":{"allow":["GET"]}}],"collection":[{"href":"https:\/\/saiga.es\/fr\/wp-json\/wp\/v2\/product"}],"about":[{"href":"https:\/\/saiga.es\/fr\/wp-json\/wp\/v2\/types\/product"}],"replies":[{"embeddable":true,"href":"https:\/\/saiga.es\/fr\/wp-json\/wp\/v2\/comments?post=6677"}],"wp:featuredmedia":[{"embeddable":true,"href":"https:\/\/saiga.es\/fr\/wp-json\/wp\/v2\/media\/11825"}],"wp:attachment":[{"href":"https:\/\/saiga.es\/fr\/wp-json\/wp\/v2\/media?parent=6677"}],"wp:term":[{"taxonomy":"product_brand","embeddable":true,"href":"https:\/\/saiga.es\/fr\/wp-json\/wp\/v2\/product_brand?post=6677"},{"taxonomy":"product_cat","embeddable":true,"href":"https:\/\/saiga.es\/fr\/wp-json\/wp\/v2\/product_cat?post=6677"},{"taxonomy":"product_tag","embeddable":true,"href":"https:\/\/saiga.es\/fr\/wp-json\/wp\/v2\/product_tag?post=6677"}],"curies":[{"name":"wp","href":"https:\/\/api.w.org\/{rel}","templated":true}]}}