{"id":6680,"date":"2024-01-08T13:18:13","date_gmt":"2024-01-08T13:18:13","guid":{"rendered":"https:\/\/botiga.saiga.es\/producte\/manche-a-balai-en-bois\/"},"modified":"2025-10-27T07:53:30","modified_gmt":"2025-10-27T07:53:30","slug":"manche-a-balai-en-bois","status":"publish","type":"product","link":"https:\/\/saiga.es\/fr\/produit\/manche-a-balai-en-bois\/","title":{"rendered":"Manche \u00e0 balai en bois"},"content":{"rendered":"<p>Manche \u00e0 balai en bois haute densit\u00e9 avec une haute r\u00e9sistance \u00e0 la fracture et \u00e0 la torsion, ce qui rend nos manches professionnels adapt\u00e9s aux travaux lourds.<br \/>\nPolyvalent et adaptable. Ils s\u2019adaptent \u00e0 de nombreux secteurs et environnements diff\u00e9rents. Ils peuvent \u00eatre utilis\u00e9s dans n\u2019importe quel environnement industriel, commercial et domestique. Id\u00e9al pour les balais, les brosses de balayage, les outils de jardinage, etc.<br \/>\nMat\u00e9riau : Bois de Galice poli sans n\u0153uds et frais\u00e9.<\/p>\n<p>Filetage : \u00d8 0,28 mm.<\/p>\n","protected":false},"excerpt":{"rendered":"<p>Manche \u00e0 balai en bois haute densit\u00e9 avec une haute r\u00e9sistance \u00e0 la fracture et \u00e0 la torsion, ce qui rend nos manches professionnels adapt\u00e9s aux travaux lourds.<br \/>\nPolyvalent et adaptable. Ils s\u2019adaptent \u00e0 de nombreux secteurs et environnements diff\u00e9rents. Ils peuvent \u00eatre utilis\u00e9s dans n\u2019importe quel environnement industriel, commercial et domestique. Id\u00e9al pour les balais, les brosses de balayage, les outils de jardinage, etc.<\/p>\n","protected":false},"featured_media":11828,"comment_status":"closed","ping_status":"closed","template":"","meta":[],"product_brand":[],"product_cat":[430],"product_tag":[531,532],"class_list":{"0":"post-6680","1":"product","2":"type-product","3":"status-publish","4":"has-post-thumbnail","6":"product_cat-nettoyer","7":"product_tag-balai","8":"product_tag-poignee","10":"first","11":"instock","12":"taxable","13":"shipping-taxable","14":"purchasable","15":"product-type-simple"},"yoast_head":"<!-- This site is optimized with the Yoast SEO plugin v27.4 - https:\/\/yoast.com\/product\/yoast-seo-wordpress\/ -->\n<title>Manche \u00e0 balai en bois | SAIGA<\/title>\n<meta name=\"description\" content=\"Manche \u00e0 balai en bois qui s&#039;adapte \u00e0 de nombreux secteurs et environnements diff\u00e9rents : industriel, commercial et domestique. Id\u00e9al pour les balais et autres.\" \/>\n<meta name=\"robots\" content=\"index, follow, max-snippet:-1, max-image-preview:large, max-video-preview:-1\" \/>\n<link rel=\"canonical\" href=\"https:\/\/saiga.es\/fr\/produit\/manche-a-balai-en-bois\/\" \/>\n<meta property=\"og:locale\" content=\"fr_FR\" \/>\n<meta property=\"og:type\" content=\"article\" \/>\n<meta property=\"og:title\" content=\"Manche \u00e0 balai en bois | SAIGA\" \/>\n<meta property=\"og:description\" content=\"Manche \u00e0 balai en bois qui s&#039;adapte \u00e0 de nombreux secteurs et environnements diff\u00e9rents : industriel, commercial et domestique. Id\u00e9al pour les balais et autres.\" \/>\n<meta property=\"og:url\" content=\"https:\/\/saiga.es\/fr\/produit\/manche-a-balai-en-bois\/\" \/>\n<meta property=\"og:site_name\" content=\"SAIGA\" \/>\n<meta property=\"article:modified_time\" content=\"2025-10-27T07:53:30+00:00\" \/>\n<meta property=\"og:image\" content=\"https:\/\/saiga.es\/wp-content\/uploads\/2024\/01\/Manec-descombra.jpg\" \/>\n\t<meta property=\"og:image:width\" content=\"1080\" \/>\n\t<meta property=\"og:image:height\" content=\"1080\" \/>\n\t<meta property=\"og:image:type\" content=\"image\/jpeg\" \/>\n<meta name=\"twitter:card\" content=\"summary_large_image\" \/>\n<meta name=\"twitter:site\" content=\"@saiga_agro\" \/>\n<script type=\"application\/ld+json\" class=\"yoast-schema-graph\">{\"@context\":\"https:\\\/\\\/schema.org\",\"@graph\":[{\"@type\":\"WebPage\",\"@id\":\"https:\\\/\\\/saiga.es\\\/fr\\\/produit\\\/manche-a-balai-en-bois\\\/\",\"url\":\"https:\\\/\\\/saiga.es\\\/fr\\\/produit\\\/manche-a-balai-en-bois\\\/\",\"name\":\"Manche \u00e0 balai en bois | SAIGA\",\"isPartOf\":{\"@id\":\"https:\\\/\\\/saiga.es\\\/fr\\\/#website\"},\"primaryImageOfPage\":{\"@id\":\"https:\\\/\\\/saiga.es\\\/fr\\\/produit\\\/manche-a-balai-en-bois\\\/#primaryimage\"},\"image\":{\"@id\":\"https:\\\/\\\/saiga.es\\\/fr\\\/produit\\\/manche-a-balai-en-bois\\\/#primaryimage\"},\"thumbnailUrl\":\"https:\\\/\\\/saiga.es\\\/wp-content\\\/uploads\\\/2024\\\/01\\\/Manec-descombra.jpg\",\"datePublished\":\"2024-01-08T13:18:13+00:00\",\"dateModified\":\"2025-10-27T07:53:30+00:00\",\"description\":\"Manche \u00e0 balai en bois qui s'adapte \u00e0 de nombreux secteurs et environnements diff\u00e9rents : industriel, commercial et domestique. Id\u00e9al pour les balais et autres.\",\"breadcrumb\":{\"@id\":\"https:\\\/\\\/saiga.es\\\/fr\\\/produit\\\/manche-a-balai-en-bois\\\/#breadcrumb\"},\"inLanguage\":\"fr-FR\",\"potentialAction\":[{\"@type\":\"ReadAction\",\"target\":[\"https:\\\/\\\/saiga.es\\\/fr\\\/produit\\\/manche-a-balai-en-bois\\\/\"]}]},{\"@type\":\"ImageObject\",\"inLanguage\":\"fr-FR\",\"@id\":\"https:\\\/\\\/saiga.es\\\/fr\\\/produit\\\/manche-a-balai-en-bois\\\/#primaryimage\",\"url\":\"https:\\\/\\\/saiga.es\\\/wp-content\\\/uploads\\\/2024\\\/01\\\/Manec-descombra.jpg\",\"contentUrl\":\"https:\\\/\\\/saiga.es\\\/wp-content\\\/uploads\\\/2024\\\/01\\\/Manec-descombra.jpg\",\"width\":1080,\"height\":1080,\"caption\":\"M\u00e0nec d'escombra\"},{\"@type\":\"BreadcrumbList\",\"@id\":\"https:\\\/\\\/saiga.es\\\/fr\\\/produit\\\/manche-a-balai-en-bois\\\/#breadcrumb\",\"itemListElement\":[{\"@type\":\"ListItem\",\"position\":1,\"name\":\"Inici\",\"item\":\"https:\\\/\\\/saiga.es\\\/fr\\\/\"},{\"@type\":\"ListItem\",\"position\":2,\"name\":\"boutique\",\"item\":\"https:\\\/\\\/saiga.es\\\/fr\\\/boutique\\\/\"},{\"@type\":\"ListItem\",\"position\":3,\"name\":\"Manche \u00e0 balai en bois\"}]},{\"@type\":\"WebSite\",\"@id\":\"https:\\\/\\\/saiga.es\\\/fr\\\/#website\",\"url\":\"https:\\\/\\\/saiga.es\\\/fr\\\/\",\"name\":\"SAIGA\",\"description\":\"M\u00e9s de 50 anys al servei de la terra i treballant per a un \u00fas eficient de l\u2019aigua!\",\"publisher\":{\"@id\":\"https:\\\/\\\/saiga.es\\\/fr\\\/#organization\"},\"potentialAction\":[{\"@type\":\"SearchAction\",\"target\":{\"@type\":\"EntryPoint\",\"urlTemplate\":\"https:\\\/\\\/saiga.es\\\/fr\\\/?s={search_term_string}\"},\"query-input\":{\"@type\":\"PropertyValueSpecification\",\"valueRequired\":true,\"valueName\":\"search_term_string\"}}],\"inLanguage\":\"fr-FR\"},{\"@type\":\"Organization\",\"@id\":\"https:\\\/\\\/saiga.es\\\/fr\\\/#organization\",\"name\":\"SAIGA\",\"url\":\"https:\\\/\\\/saiga.es\\\/fr\\\/\",\"logo\":{\"@type\":\"ImageObject\",\"inLanguage\":\"fr-FR\",\"@id\":\"https:\\\/\\\/saiga.es\\\/fr\\\/#\\\/schema\\\/logo\\\/image\\\/\",\"url\":\"https:\\\/\\\/saiga.es\\\/wp-content\\\/uploads\\\/2025\\\/07\\\/logo_saiga_baseline_optimitzat.svg\",\"contentUrl\":\"https:\\\/\\\/saiga.es\\\/wp-content\\\/uploads\\\/2025\\\/07\\\/logo_saiga_baseline_optimitzat.svg\",\"caption\":\"SAIGA\"},\"image\":{\"@id\":\"https:\\\/\\\/saiga.es\\\/fr\\\/#\\\/schema\\\/logo\\\/image\\\/\"},\"sameAs\":[\"https:\\\/\\\/x.com\\\/saiga_agro\",\"https:\\\/\\\/www.instagram.com\\\/saiga_agro\\\/\"]}]}<\/script>\n<!-- \/ Yoast SEO plugin. -->","yoast_head_json":{"title":"Manche \u00e0 balai en bois | SAIGA","description":"Manche \u00e0 balai en bois qui s'adapte \u00e0 de nombreux secteurs et environnements diff\u00e9rents : industriel, commercial et domestique. Id\u00e9al pour les balais et autres.","robots":{"index":"index","follow":"follow","max-snippet":"max-snippet:-1","max-image-preview":"max-image-preview:large","max-video-preview":"max-video-preview:-1"},"canonical":"https:\/\/saiga.es\/fr\/produit\/manche-a-balai-en-bois\/","og_locale":"fr_FR","og_type":"article","og_title":"Manche \u00e0 balai en bois | SAIGA","og_description":"Manche \u00e0 balai en bois qui s'adapte \u00e0 de nombreux secteurs et environnements diff\u00e9rents : industriel, commercial et domestique. Id\u00e9al pour les balais et autres.","og_url":"https:\/\/saiga.es\/fr\/produit\/manche-a-balai-en-bois\/","og_site_name":"SAIGA","article_modified_time":"2025-10-27T07:53:30+00:00","og_image":[{"width":1080,"height":1080,"url":"https:\/\/saiga.es\/wp-content\/uploads\/2024\/01\/Manec-descombra.jpg","type":"image\/jpeg"}],"twitter_card":"summary_large_image","twitter_site":"@saiga_agro","schema":{"@context":"https:\/\/schema.org","@graph":[{"@type":"WebPage","@id":"https:\/\/saiga.es\/fr\/produit\/manche-a-balai-en-bois\/","url":"https:\/\/saiga.es\/fr\/produit\/manche-a-balai-en-bois\/","name":"Manche \u00e0 balai en bois | SAIGA","isPartOf":{"@id":"https:\/\/saiga.es\/fr\/#website"},"primaryImageOfPage":{"@id":"https:\/\/saiga.es\/fr\/produit\/manche-a-balai-en-bois\/#primaryimage"},"image":{"@id":"https:\/\/saiga.es\/fr\/produit\/manche-a-balai-en-bois\/#primaryimage"},"thumbnailUrl":"https:\/\/saiga.es\/wp-content\/uploads\/2024\/01\/Manec-descombra.jpg","datePublished":"2024-01-08T13:18:13+00:00","dateModified":"2025-10-27T07:53:30+00:00","description":"Manche \u00e0 balai en bois qui s'adapte \u00e0 de nombreux secteurs et environnements diff\u00e9rents : industriel, commercial et domestique. Id\u00e9al pour les balais et autres.","breadcrumb":{"@id":"https:\/\/saiga.es\/fr\/produit\/manche-a-balai-en-bois\/#breadcrumb"},"inLanguage":"fr-FR","potentialAction":[{"@type":"ReadAction","target":["https:\/\/saiga.es\/fr\/produit\/manche-a-balai-en-bois\/"]}]},{"@type":"ImageObject","inLanguage":"fr-FR","@id":"https:\/\/saiga.es\/fr\/produit\/manche-a-balai-en-bois\/#primaryimage","url":"https:\/\/saiga.es\/wp-content\/uploads\/2024\/01\/Manec-descombra.jpg","contentUrl":"https:\/\/saiga.es\/wp-content\/uploads\/2024\/01\/Manec-descombra.jpg","width":1080,"height":1080,"caption":"M\u00e0nec d'escombra"},{"@type":"BreadcrumbList","@id":"https:\/\/saiga.es\/fr\/produit\/manche-a-balai-en-bois\/#breadcrumb","itemListElement":[{"@type":"ListItem","position":1,"name":"Inici","item":"https:\/\/saiga.es\/fr\/"},{"@type":"ListItem","position":2,"name":"boutique","item":"https:\/\/saiga.es\/fr\/boutique\/"},{"@type":"ListItem","position":3,"name":"Manche \u00e0 balai en bois"}]},{"@type":"WebSite","@id":"https:\/\/saiga.es\/fr\/#website","url":"https:\/\/saiga.es\/fr\/","name":"SAIGA","description":"M\u00e9s de 50 anys al servei de la terra i treballant per a un \u00fas eficient de l\u2019aigua!","publisher":{"@id":"https:\/\/saiga.es\/fr\/#organization"},"potentialAction":[{"@type":"SearchAction","target":{"@type":"EntryPoint","urlTemplate":"https:\/\/saiga.es\/fr\/?s={search_term_string}"},"query-input":{"@type":"PropertyValueSpecification","valueRequired":true,"valueName":"search_term_string"}}],"inLanguage":"fr-FR"},{"@type":"Organization","@id":"https:\/\/saiga.es\/fr\/#organization","name":"SAIGA","url":"https:\/\/saiga.es\/fr\/","logo":{"@type":"ImageObject","inLanguage":"fr-FR","@id":"https:\/\/saiga.es\/fr\/#\/schema\/logo\/image\/","url":"https:\/\/saiga.es\/wp-content\/uploads\/2025\/07\/logo_saiga_baseline_optimitzat.svg","contentUrl":"https:\/\/saiga.es\/wp-content\/uploads\/2025\/07\/logo_saiga_baseline_optimitzat.svg","caption":"SAIGA"},"image":{"@id":"https:\/\/saiga.es\/fr\/#\/schema\/logo\/image\/"},"sameAs":["https:\/\/x.com\/saiga_agro","https:\/\/www.instagram.com\/saiga_agro\/"]}]}},"_links":{"self":[{"href":"https:\/\/saiga.es\/fr\/wp-json\/wp\/v2\/product\/6680","targetHints":{"allow":["GET"]}}],"collection":[{"href":"https:\/\/saiga.es\/fr\/wp-json\/wp\/v2\/product"}],"about":[{"href":"https:\/\/saiga.es\/fr\/wp-json\/wp\/v2\/types\/product"}],"replies":[{"embeddable":true,"href":"https:\/\/saiga.es\/fr\/wp-json\/wp\/v2\/comments?post=6680"}],"wp:featuredmedia":[{"embeddable":true,"href":"https:\/\/saiga.es\/fr\/wp-json\/wp\/v2\/media\/11828"}],"wp:attachment":[{"href":"https:\/\/saiga.es\/fr\/wp-json\/wp\/v2\/media?parent=6680"}],"wp:term":[{"taxonomy":"product_brand","embeddable":true,"href":"https:\/\/saiga.es\/fr\/wp-json\/wp\/v2\/product_brand?post=6680"},{"taxonomy":"product_cat","embeddable":true,"href":"https:\/\/saiga.es\/fr\/wp-json\/wp\/v2\/product_cat?post=6680"},{"taxonomy":"product_tag","embeddable":true,"href":"https:\/\/saiga.es\/fr\/wp-json\/wp\/v2\/product_tag?post=6680"}],"curies":[{"name":"wp","href":"https:\/\/api.w.org\/{rel}","templated":true}]}}