{"id":6683,"date":"2024-01-08T13:01:41","date_gmt":"2024-01-08T13:01:41","guid":{"rendered":"https:\/\/botiga.saiga.es\/producte\/brosse-a-balai-60-cm\/"},"modified":"2025-10-27T07:53:30","modified_gmt":"2025-10-27T07:53:30","slug":"brosse-a-balai-60-cm","status":"publish","type":"product","link":"https:\/\/saiga.es\/fr\/produit\/brosse-a-balai-60-cm\/","title":{"rendered":"Brosse \u00e0 balai 60 cm"},"content":{"rendered":"<p>Balai brosse 60 cm en fibre synth\u00e9tique solide, rigide et durable pour le balayage ext\u00e9rieur des sols rugueux ou lisses en ciment, pierre, asphalte, etc.<br \/>\nRecommand\u00e9 pour le balayage ext\u00e9rieur avec de petites particules de poussi\u00e8re ou pour les grands espaces tels que garages, patios, rues, pav\u00e9s, etc. Capable d&rsquo;entra\u00eener une grande quantit\u00e9 de salet\u00e9s, comme des feuilles, de la terre, des graviers&#8230;<br \/>\nId\u00e9al pour les balayages forts dans le b\u00e2timent, les travaux publics, les b\u00e2timents industriels, les ateliers, les parkings, les usines, les entrep\u00f4ts, les peintures, les navires, etc. vous permettant de garder votre espace de travail propre.<br \/>\nSupport : Polypropyl\u00e8ne recycl\u00e9. Pour poign\u00e9es avec filetage \u00d8 28 mm.<\/p>\n<p>Fibre : PET NOIR \u00d8 1,20 mm 5 rangs<\/p>\n<p>Cousu : Fil galvanis\u00e9.<\/p>\n","protected":false},"excerpt":{"rendered":"<p>La brosse 60 cm en fibre synth\u00e9tique solide, rigide et durable pour le balayage ext\u00e9rieur des sols rugueux ou lisses en ciment, pierre, asphalte, etc.<\/p>\n","protected":false},"featured_media":6684,"comment_status":"closed","ping_status":"closed","template":"","meta":[],"product_brand":[],"product_cat":[430],"product_tag":[531,535],"class_list":{"0":"post-6683","1":"product","2":"type-product","3":"status-publish","4":"has-post-thumbnail","6":"product_cat-nettoyer","7":"product_tag-balai","8":"product_tag-brosse","10":"first","11":"instock","12":"taxable","13":"shipping-taxable","14":"purchasable","15":"product-type-simple"},"yoast_head":"<!-- This site is optimized with the Yoast SEO plugin v27.3 - https:\/\/yoast.com\/product\/yoast-seo-wordpress\/ -->\n<title>Brosse \u00e0 balai 60 cm | SAIGA<\/title>\n<meta name=\"description\" content=\"La brosse 60 cm en fibre synth\u00e9tique solide, rigide et durable pour le balayage ext\u00e9rieur des sols rugueux ou lisses en ciment, pierre, asphalte, etc.\" \/>\n<meta name=\"robots\" content=\"index, follow, max-snippet:-1, max-image-preview:large, max-video-preview:-1\" \/>\n<link rel=\"canonical\" href=\"https:\/\/saiga.es\/fr\/produit\/brosse-a-balai-60-cm\/\" \/>\n<meta property=\"og:locale\" content=\"fr_FR\" \/>\n<meta property=\"og:type\" content=\"article\" \/>\n<meta property=\"og:title\" content=\"Brosse \u00e0 balai 60 cm | SAIGA\" \/>\n<meta property=\"og:description\" content=\"La brosse 60 cm en fibre synth\u00e9tique solide, rigide et durable pour le balayage ext\u00e9rieur des sols rugueux ou lisses en ciment, pierre, asphalte, etc.\" \/>\n<meta property=\"og:url\" content=\"https:\/\/saiga.es\/fr\/produit\/brosse-a-balai-60-cm\/\" \/>\n<meta property=\"og:site_name\" content=\"SAIGA\" \/>\n<meta property=\"article:modified_time\" content=\"2025-10-27T07:53:30+00:00\" \/>\n<meta property=\"og:image\" content=\"https:\/\/saiga.es\/wp-content\/uploads\/2024\/01\/Raspall.jpg\" \/>\n\t<meta property=\"og:image:width\" content=\"1000\" \/>\n\t<meta property=\"og:image:height\" content=\"1000\" \/>\n\t<meta property=\"og:image:type\" content=\"image\/jpeg\" \/>\n<meta name=\"twitter:card\" content=\"summary_large_image\" \/>\n<meta name=\"twitter:site\" content=\"@saiga_agro\" \/>\n<meta name=\"twitter:label1\" content=\"Dur\u00e9e de lecture estim\u00e9e\" \/>\n\t<meta name=\"twitter:data1\" content=\"1 minute\" \/>\n<script type=\"application\/ld+json\" class=\"yoast-schema-graph\">{\"@context\":\"https:\\\/\\\/schema.org\",\"@graph\":[{\"@type\":\"WebPage\",\"@id\":\"https:\\\/\\\/saiga.es\\\/fr\\\/produit\\\/brosse-a-balai-60-cm\\\/\",\"url\":\"https:\\\/\\\/saiga.es\\\/fr\\\/produit\\\/brosse-a-balai-60-cm\\\/\",\"name\":\"Brosse \u00e0 balai 60 cm | SAIGA\",\"isPartOf\":{\"@id\":\"https:\\\/\\\/saiga.es\\\/fr\\\/#website\"},\"primaryImageOfPage\":{\"@id\":\"https:\\\/\\\/saiga.es\\\/fr\\\/produit\\\/brosse-a-balai-60-cm\\\/#primaryimage\"},\"image\":{\"@id\":\"https:\\\/\\\/saiga.es\\\/fr\\\/produit\\\/brosse-a-balai-60-cm\\\/#primaryimage\"},\"thumbnailUrl\":\"https:\\\/\\\/saiga.es\\\/wp-content\\\/uploads\\\/2024\\\/01\\\/Raspall.jpg\",\"datePublished\":\"2024-01-08T13:01:41+00:00\",\"dateModified\":\"2025-10-27T07:53:30+00:00\",\"description\":\"La brosse 60 cm en fibre synth\u00e9tique solide, rigide et durable pour le balayage ext\u00e9rieur des sols rugueux ou lisses en ciment, pierre, asphalte, etc.\",\"breadcrumb\":{\"@id\":\"https:\\\/\\\/saiga.es\\\/fr\\\/produit\\\/brosse-a-balai-60-cm\\\/#breadcrumb\"},\"inLanguage\":\"fr-FR\",\"potentialAction\":[{\"@type\":\"ReadAction\",\"target\":[\"https:\\\/\\\/saiga.es\\\/fr\\\/produit\\\/brosse-a-balai-60-cm\\\/\"]}]},{\"@type\":\"ImageObject\",\"inLanguage\":\"fr-FR\",\"@id\":\"https:\\\/\\\/saiga.es\\\/fr\\\/produit\\\/brosse-a-balai-60-cm\\\/#primaryimage\",\"url\":\"https:\\\/\\\/saiga.es\\\/wp-content\\\/uploads\\\/2024\\\/01\\\/Raspall.jpg\",\"contentUrl\":\"https:\\\/\\\/saiga.es\\\/wp-content\\\/uploads\\\/2024\\\/01\\\/Raspall.jpg\",\"width\":1000,\"height\":1000,\"caption\":\"brosse\"},{\"@type\":\"BreadcrumbList\",\"@id\":\"https:\\\/\\\/saiga.es\\\/fr\\\/produit\\\/brosse-a-balai-60-cm\\\/#breadcrumb\",\"itemListElement\":[{\"@type\":\"ListItem\",\"position\":1,\"name\":\"Inici\",\"item\":\"https:\\\/\\\/saiga.es\\\/fr\\\/\"},{\"@type\":\"ListItem\",\"position\":2,\"name\":\"boutique\",\"item\":\"https:\\\/\\\/saiga.es\\\/fr\\\/boutique\\\/\"},{\"@type\":\"ListItem\",\"position\":3,\"name\":\"Brosse \u00e0 balai 60 cm\"}]},{\"@type\":\"WebSite\",\"@id\":\"https:\\\/\\\/saiga.es\\\/fr\\\/#website\",\"url\":\"https:\\\/\\\/saiga.es\\\/fr\\\/\",\"name\":\"SAIGA\",\"description\":\"M\u00e9s de 50 anys al servei de la terra i treballant per a un \u00fas eficient de l\u2019aigua!\",\"publisher\":{\"@id\":\"https:\\\/\\\/saiga.es\\\/fr\\\/#organization\"},\"potentialAction\":[{\"@type\":\"SearchAction\",\"target\":{\"@type\":\"EntryPoint\",\"urlTemplate\":\"https:\\\/\\\/saiga.es\\\/fr\\\/?s={search_term_string}\"},\"query-input\":{\"@type\":\"PropertyValueSpecification\",\"valueRequired\":true,\"valueName\":\"search_term_string\"}}],\"inLanguage\":\"fr-FR\"},{\"@type\":\"Organization\",\"@id\":\"https:\\\/\\\/saiga.es\\\/fr\\\/#organization\",\"name\":\"SAIGA\",\"url\":\"https:\\\/\\\/saiga.es\\\/fr\\\/\",\"logo\":{\"@type\":\"ImageObject\",\"inLanguage\":\"fr-FR\",\"@id\":\"https:\\\/\\\/saiga.es\\\/fr\\\/#\\\/schema\\\/logo\\\/image\\\/\",\"url\":\"https:\\\/\\\/saiga.es\\\/wp-content\\\/uploads\\\/2025\\\/07\\\/logo_saiga_baseline_optimitzat.svg\",\"contentUrl\":\"https:\\\/\\\/saiga.es\\\/wp-content\\\/uploads\\\/2025\\\/07\\\/logo_saiga_baseline_optimitzat.svg\",\"caption\":\"SAIGA\"},\"image\":{\"@id\":\"https:\\\/\\\/saiga.es\\\/fr\\\/#\\\/schema\\\/logo\\\/image\\\/\"},\"sameAs\":[\"https:\\\/\\\/x.com\\\/saiga_agro\",\"https:\\\/\\\/www.instagram.com\\\/saiga_agro\\\/\"]}]}<\/script>\n<!-- \/ Yoast SEO plugin. -->","yoast_head_json":{"title":"Brosse \u00e0 balai 60 cm | SAIGA","description":"La brosse 60 cm en fibre synth\u00e9tique solide, rigide et durable pour le balayage ext\u00e9rieur des sols rugueux ou lisses en ciment, pierre, asphalte, etc.","robots":{"index":"index","follow":"follow","max-snippet":"max-snippet:-1","max-image-preview":"max-image-preview:large","max-video-preview":"max-video-preview:-1"},"canonical":"https:\/\/saiga.es\/fr\/produit\/brosse-a-balai-60-cm\/","og_locale":"fr_FR","og_type":"article","og_title":"Brosse \u00e0 balai 60 cm | SAIGA","og_description":"La brosse 60 cm en fibre synth\u00e9tique solide, rigide et durable pour le balayage ext\u00e9rieur des sols rugueux ou lisses en ciment, pierre, asphalte, etc.","og_url":"https:\/\/saiga.es\/fr\/produit\/brosse-a-balai-60-cm\/","og_site_name":"SAIGA","article_modified_time":"2025-10-27T07:53:30+00:00","og_image":[{"width":1000,"height":1000,"url":"https:\/\/saiga.es\/wp-content\/uploads\/2024\/01\/Raspall.jpg","type":"image\/jpeg"}],"twitter_card":"summary_large_image","twitter_site":"@saiga_agro","twitter_misc":{"Dur\u00e9e de lecture estim\u00e9e":"1 minute"},"schema":{"@context":"https:\/\/schema.org","@graph":[{"@type":"WebPage","@id":"https:\/\/saiga.es\/fr\/produit\/brosse-a-balai-60-cm\/","url":"https:\/\/saiga.es\/fr\/produit\/brosse-a-balai-60-cm\/","name":"Brosse \u00e0 balai 60 cm | SAIGA","isPartOf":{"@id":"https:\/\/saiga.es\/fr\/#website"},"primaryImageOfPage":{"@id":"https:\/\/saiga.es\/fr\/produit\/brosse-a-balai-60-cm\/#primaryimage"},"image":{"@id":"https:\/\/saiga.es\/fr\/produit\/brosse-a-balai-60-cm\/#primaryimage"},"thumbnailUrl":"https:\/\/saiga.es\/wp-content\/uploads\/2024\/01\/Raspall.jpg","datePublished":"2024-01-08T13:01:41+00:00","dateModified":"2025-10-27T07:53:30+00:00","description":"La brosse 60 cm en fibre synth\u00e9tique solide, rigide et durable pour le balayage ext\u00e9rieur des sols rugueux ou lisses en ciment, pierre, asphalte, etc.","breadcrumb":{"@id":"https:\/\/saiga.es\/fr\/produit\/brosse-a-balai-60-cm\/#breadcrumb"},"inLanguage":"fr-FR","potentialAction":[{"@type":"ReadAction","target":["https:\/\/saiga.es\/fr\/produit\/brosse-a-balai-60-cm\/"]}]},{"@type":"ImageObject","inLanguage":"fr-FR","@id":"https:\/\/saiga.es\/fr\/produit\/brosse-a-balai-60-cm\/#primaryimage","url":"https:\/\/saiga.es\/wp-content\/uploads\/2024\/01\/Raspall.jpg","contentUrl":"https:\/\/saiga.es\/wp-content\/uploads\/2024\/01\/Raspall.jpg","width":1000,"height":1000,"caption":"brosse"},{"@type":"BreadcrumbList","@id":"https:\/\/saiga.es\/fr\/produit\/brosse-a-balai-60-cm\/#breadcrumb","itemListElement":[{"@type":"ListItem","position":1,"name":"Inici","item":"https:\/\/saiga.es\/fr\/"},{"@type":"ListItem","position":2,"name":"boutique","item":"https:\/\/saiga.es\/fr\/boutique\/"},{"@type":"ListItem","position":3,"name":"Brosse \u00e0 balai 60 cm"}]},{"@type":"WebSite","@id":"https:\/\/saiga.es\/fr\/#website","url":"https:\/\/saiga.es\/fr\/","name":"SAIGA","description":"M\u00e9s de 50 anys al servei de la terra i treballant per a un \u00fas eficient de l\u2019aigua!","publisher":{"@id":"https:\/\/saiga.es\/fr\/#organization"},"potentialAction":[{"@type":"SearchAction","target":{"@type":"EntryPoint","urlTemplate":"https:\/\/saiga.es\/fr\/?s={search_term_string}"},"query-input":{"@type":"PropertyValueSpecification","valueRequired":true,"valueName":"search_term_string"}}],"inLanguage":"fr-FR"},{"@type":"Organization","@id":"https:\/\/saiga.es\/fr\/#organization","name":"SAIGA","url":"https:\/\/saiga.es\/fr\/","logo":{"@type":"ImageObject","inLanguage":"fr-FR","@id":"https:\/\/saiga.es\/fr\/#\/schema\/logo\/image\/","url":"https:\/\/saiga.es\/wp-content\/uploads\/2025\/07\/logo_saiga_baseline_optimitzat.svg","contentUrl":"https:\/\/saiga.es\/wp-content\/uploads\/2025\/07\/logo_saiga_baseline_optimitzat.svg","caption":"SAIGA"},"image":{"@id":"https:\/\/saiga.es\/fr\/#\/schema\/logo\/image\/"},"sameAs":["https:\/\/x.com\/saiga_agro","https:\/\/www.instagram.com\/saiga_agro\/"]}]}},"_links":{"self":[{"href":"https:\/\/saiga.es\/fr\/wp-json\/wp\/v2\/product\/6683","targetHints":{"allow":["GET"]}}],"collection":[{"href":"https:\/\/saiga.es\/fr\/wp-json\/wp\/v2\/product"}],"about":[{"href":"https:\/\/saiga.es\/fr\/wp-json\/wp\/v2\/types\/product"}],"replies":[{"embeddable":true,"href":"https:\/\/saiga.es\/fr\/wp-json\/wp\/v2\/comments?post=6683"}],"wp:featuredmedia":[{"embeddable":true,"href":"https:\/\/saiga.es\/fr\/wp-json\/wp\/v2\/media\/6684"}],"wp:attachment":[{"href":"https:\/\/saiga.es\/fr\/wp-json\/wp\/v2\/media?parent=6683"}],"wp:term":[{"taxonomy":"product_brand","embeddable":true,"href":"https:\/\/saiga.es\/fr\/wp-json\/wp\/v2\/product_brand?post=6683"},{"taxonomy":"product_cat","embeddable":true,"href":"https:\/\/saiga.es\/fr\/wp-json\/wp\/v2\/product_cat?post=6683"},{"taxonomy":"product_tag","embeddable":true,"href":"https:\/\/saiga.es\/fr\/wp-json\/wp\/v2\/product_tag?post=6683"}],"curies":[{"name":"wp","href":"https:\/\/api.w.org\/{rel}","templated":true}]}}