{"id":6689,"date":"2024-01-08T12:35:56","date_gmt":"2024-01-08T12:35:56","guid":{"rendered":"https:\/\/botiga.saiga.es\/producte\/balai-de-moulin-en-plastique\/"},"modified":"2026-02-10T11:10:10","modified_gmt":"2026-02-10T11:10:10","slug":"balai-de-moulin-en-plastique","status":"publish","type":"product","link":"https:\/\/saiga.es\/fr\/produit\/balai-de-moulin-en-plastique\/","title":{"rendered":"Balai de moulin en plastique"},"content":{"rendered":"<p>Le balai \u00e0 millet en plastique est id\u00e9al pour les terrains industriels et rustiques. L\u00e9ger, r\u00e9sistant et tr\u00e8s durable. Il est en polypropyl\u00e8ne ou en poly\u00e9thyl\u00e8ne.<\/p>\n<p>Mesures approximatives :<br \/>\nHauteur : 17 cm<br \/>\nLargeur : 30 cm.<\/p>\n","protected":false},"excerpt":{"rendered":"<p>Le balai \u00e0 millet en plastique est id\u00e9al pour les terrains industriels et rustiques. L\u00e9ger, r\u00e9sistant et tr\u00e8s durable. Il est en polypropyl\u00e8ne ou en poly\u00e9thyl\u00e8ne.<\/p>\n","protected":false},"featured_media":6690,"comment_status":"closed","ping_status":"closed","template":"","meta":[],"product_brand":[],"product_cat":[430],"product_tag":[531,538],"class_list":{"0":"post-6689","1":"product","2":"type-product","3":"status-publish","4":"has-post-thumbnail","6":"product_cat-nettoyer","7":"product_tag-balai","8":"product_tag-balai-de-mil","10":"first","11":"instock","12":"taxable","13":"shipping-taxable","14":"purchasable","15":"product-type-simple"},"yoast_head":"<!-- This site is optimized with the Yoast SEO plugin v27.3 - https:\/\/yoast.com\/product\/yoast-seo-wordpress\/ -->\n<title>Balai de moulin en plastique | SAIGA<\/title>\n<meta name=\"description\" content=\"Le balai \u00e0 millet en plastique est id\u00e9al pour les terrains industriels et rustiques. L\u00e9ger, r\u00e9sistant et tr\u00e8s durable. Il est en polypropyl\u00e8ne ou en poly\u00e9thyl\u00e8ne.\" \/>\n<meta name=\"robots\" content=\"index, follow, max-snippet:-1, max-image-preview:large, max-video-preview:-1\" \/>\n<link rel=\"canonical\" href=\"https:\/\/saiga.es\/fr\/produit\/balai-de-moulin-en-plastique\/\" \/>\n<meta property=\"og:locale\" content=\"fr_FR\" \/>\n<meta property=\"og:type\" content=\"article\" \/>\n<meta property=\"og:title\" content=\"Balai de moulin en plastique | SAIGA\" \/>\n<meta property=\"og:description\" content=\"Le balai \u00e0 millet en plastique est id\u00e9al pour les terrains industriels et rustiques. L\u00e9ger, r\u00e9sistant et tr\u00e8s durable. Il est en polypropyl\u00e8ne ou en poly\u00e9thyl\u00e8ne.\" \/>\n<meta property=\"og:url\" content=\"https:\/\/saiga.es\/fr\/produit\/balai-de-moulin-en-plastique\/\" \/>\n<meta property=\"og:site_name\" content=\"SAIGA\" \/>\n<meta property=\"article:modified_time\" content=\"2026-02-10T11:10:10+00:00\" \/>\n<meta property=\"og:image\" content=\"https:\/\/saiga.es\/wp-content\/uploads\/2024\/01\/Escombra-mill-plastic.jpg\" \/>\n\t<meta property=\"og:image:width\" content=\"768\" \/>\n\t<meta property=\"og:image:height\" content=\"910\" \/>\n\t<meta property=\"og:image:type\" content=\"image\/jpeg\" \/>\n<meta name=\"twitter:card\" content=\"summary_large_image\" \/>\n<meta name=\"twitter:site\" content=\"@saiga_agro\" \/>\n<script type=\"application\/ld+json\" class=\"yoast-schema-graph\">{\"@context\":\"https:\\\/\\\/schema.org\",\"@graph\":[{\"@type\":\"WebPage\",\"@id\":\"https:\\\/\\\/saiga.es\\\/fr\\\/produit\\\/balai-de-moulin-en-plastique\\\/\",\"url\":\"https:\\\/\\\/saiga.es\\\/fr\\\/produit\\\/balai-de-moulin-en-plastique\\\/\",\"name\":\"Balai de moulin en plastique | SAIGA\",\"isPartOf\":{\"@id\":\"https:\\\/\\\/saiga.es\\\/fr\\\/#website\"},\"primaryImageOfPage\":{\"@id\":\"https:\\\/\\\/saiga.es\\\/fr\\\/produit\\\/balai-de-moulin-en-plastique\\\/#primaryimage\"},\"image\":{\"@id\":\"https:\\\/\\\/saiga.es\\\/fr\\\/produit\\\/balai-de-moulin-en-plastique\\\/#primaryimage\"},\"thumbnailUrl\":\"https:\\\/\\\/saiga.es\\\/wp-content\\\/uploads\\\/2024\\\/01\\\/Escombra-mill-plastic.jpg\",\"datePublished\":\"2024-01-08T12:35:56+00:00\",\"dateModified\":\"2026-02-10T11:10:10+00:00\",\"description\":\"Le balai \u00e0 millet en plastique est id\u00e9al pour les terrains industriels et rustiques. L\u00e9ger, r\u00e9sistant et tr\u00e8s durable. Il est en polypropyl\u00e8ne ou en poly\u00e9thyl\u00e8ne.\",\"breadcrumb\":{\"@id\":\"https:\\\/\\\/saiga.es\\\/fr\\\/produit\\\/balai-de-moulin-en-plastique\\\/#breadcrumb\"},\"inLanguage\":\"fr-FR\",\"potentialAction\":[{\"@type\":\"ReadAction\",\"target\":[\"https:\\\/\\\/saiga.es\\\/fr\\\/produit\\\/balai-de-moulin-en-plastique\\\/\"]}]},{\"@type\":\"ImageObject\",\"inLanguage\":\"fr-FR\",\"@id\":\"https:\\\/\\\/saiga.es\\\/fr\\\/produit\\\/balai-de-moulin-en-plastique\\\/#primaryimage\",\"url\":\"https:\\\/\\\/saiga.es\\\/wp-content\\\/uploads\\\/2024\\\/01\\\/Escombra-mill-plastic.jpg\",\"contentUrl\":\"https:\\\/\\\/saiga.es\\\/wp-content\\\/uploads\\\/2024\\\/01\\\/Escombra-mill-plastic.jpg\",\"width\":768,\"height\":910,\"caption\":\"Balai de moulin en plastique\"},{\"@type\":\"BreadcrumbList\",\"@id\":\"https:\\\/\\\/saiga.es\\\/fr\\\/produit\\\/balai-de-moulin-en-plastique\\\/#breadcrumb\",\"itemListElement\":[{\"@type\":\"ListItem\",\"position\":1,\"name\":\"Inici\",\"item\":\"https:\\\/\\\/saiga.es\\\/fr\\\/\"},{\"@type\":\"ListItem\",\"position\":2,\"name\":\"boutique\",\"item\":\"https:\\\/\\\/saiga.es\\\/fr\\\/boutique\\\/\"},{\"@type\":\"ListItem\",\"position\":3,\"name\":\"Balai de moulin en plastique\"}]},{\"@type\":\"WebSite\",\"@id\":\"https:\\\/\\\/saiga.es\\\/fr\\\/#website\",\"url\":\"https:\\\/\\\/saiga.es\\\/fr\\\/\",\"name\":\"SAIGA\",\"description\":\"M\u00e9s de 50 anys al servei de la terra i treballant per a un \u00fas eficient de l\u2019aigua!\",\"publisher\":{\"@id\":\"https:\\\/\\\/saiga.es\\\/fr\\\/#organization\"},\"potentialAction\":[{\"@type\":\"SearchAction\",\"target\":{\"@type\":\"EntryPoint\",\"urlTemplate\":\"https:\\\/\\\/saiga.es\\\/fr\\\/?s={search_term_string}\"},\"query-input\":{\"@type\":\"PropertyValueSpecification\",\"valueRequired\":true,\"valueName\":\"search_term_string\"}}],\"inLanguage\":\"fr-FR\"},{\"@type\":\"Organization\",\"@id\":\"https:\\\/\\\/saiga.es\\\/fr\\\/#organization\",\"name\":\"SAIGA\",\"url\":\"https:\\\/\\\/saiga.es\\\/fr\\\/\",\"logo\":{\"@type\":\"ImageObject\",\"inLanguage\":\"fr-FR\",\"@id\":\"https:\\\/\\\/saiga.es\\\/fr\\\/#\\\/schema\\\/logo\\\/image\\\/\",\"url\":\"https:\\\/\\\/saiga.es\\\/wp-content\\\/uploads\\\/2025\\\/07\\\/logo_saiga_baseline_optimitzat.svg\",\"contentUrl\":\"https:\\\/\\\/saiga.es\\\/wp-content\\\/uploads\\\/2025\\\/07\\\/logo_saiga_baseline_optimitzat.svg\",\"caption\":\"SAIGA\"},\"image\":{\"@id\":\"https:\\\/\\\/saiga.es\\\/fr\\\/#\\\/schema\\\/logo\\\/image\\\/\"},\"sameAs\":[\"https:\\\/\\\/x.com\\\/saiga_agro\",\"https:\\\/\\\/www.instagram.com\\\/saiga_agro\\\/\"]}]}<\/script>\n<!-- \/ Yoast SEO plugin. -->","yoast_head_json":{"title":"Balai de moulin en plastique | SAIGA","description":"Le balai \u00e0 millet en plastique est id\u00e9al pour les terrains industriels et rustiques. L\u00e9ger, r\u00e9sistant et tr\u00e8s durable. Il est en polypropyl\u00e8ne ou en poly\u00e9thyl\u00e8ne.","robots":{"index":"index","follow":"follow","max-snippet":"max-snippet:-1","max-image-preview":"max-image-preview:large","max-video-preview":"max-video-preview:-1"},"canonical":"https:\/\/saiga.es\/fr\/produit\/balai-de-moulin-en-plastique\/","og_locale":"fr_FR","og_type":"article","og_title":"Balai de moulin en plastique | SAIGA","og_description":"Le balai \u00e0 millet en plastique est id\u00e9al pour les terrains industriels et rustiques. L\u00e9ger, r\u00e9sistant et tr\u00e8s durable. Il est en polypropyl\u00e8ne ou en poly\u00e9thyl\u00e8ne.","og_url":"https:\/\/saiga.es\/fr\/produit\/balai-de-moulin-en-plastique\/","og_site_name":"SAIGA","article_modified_time":"2026-02-10T11:10:10+00:00","og_image":[{"width":768,"height":910,"url":"https:\/\/saiga.es\/wp-content\/uploads\/2024\/01\/Escombra-mill-plastic.jpg","type":"image\/jpeg"}],"twitter_card":"summary_large_image","twitter_site":"@saiga_agro","schema":{"@context":"https:\/\/schema.org","@graph":[{"@type":"WebPage","@id":"https:\/\/saiga.es\/fr\/produit\/balai-de-moulin-en-plastique\/","url":"https:\/\/saiga.es\/fr\/produit\/balai-de-moulin-en-plastique\/","name":"Balai de moulin en plastique | SAIGA","isPartOf":{"@id":"https:\/\/saiga.es\/fr\/#website"},"primaryImageOfPage":{"@id":"https:\/\/saiga.es\/fr\/produit\/balai-de-moulin-en-plastique\/#primaryimage"},"image":{"@id":"https:\/\/saiga.es\/fr\/produit\/balai-de-moulin-en-plastique\/#primaryimage"},"thumbnailUrl":"https:\/\/saiga.es\/wp-content\/uploads\/2024\/01\/Escombra-mill-plastic.jpg","datePublished":"2024-01-08T12:35:56+00:00","dateModified":"2026-02-10T11:10:10+00:00","description":"Le balai \u00e0 millet en plastique est id\u00e9al pour les terrains industriels et rustiques. L\u00e9ger, r\u00e9sistant et tr\u00e8s durable. Il est en polypropyl\u00e8ne ou en poly\u00e9thyl\u00e8ne.","breadcrumb":{"@id":"https:\/\/saiga.es\/fr\/produit\/balai-de-moulin-en-plastique\/#breadcrumb"},"inLanguage":"fr-FR","potentialAction":[{"@type":"ReadAction","target":["https:\/\/saiga.es\/fr\/produit\/balai-de-moulin-en-plastique\/"]}]},{"@type":"ImageObject","inLanguage":"fr-FR","@id":"https:\/\/saiga.es\/fr\/produit\/balai-de-moulin-en-plastique\/#primaryimage","url":"https:\/\/saiga.es\/wp-content\/uploads\/2024\/01\/Escombra-mill-plastic.jpg","contentUrl":"https:\/\/saiga.es\/wp-content\/uploads\/2024\/01\/Escombra-mill-plastic.jpg","width":768,"height":910,"caption":"Balai de moulin en plastique"},{"@type":"BreadcrumbList","@id":"https:\/\/saiga.es\/fr\/produit\/balai-de-moulin-en-plastique\/#breadcrumb","itemListElement":[{"@type":"ListItem","position":1,"name":"Inici","item":"https:\/\/saiga.es\/fr\/"},{"@type":"ListItem","position":2,"name":"boutique","item":"https:\/\/saiga.es\/fr\/boutique\/"},{"@type":"ListItem","position":3,"name":"Balai de moulin en plastique"}]},{"@type":"WebSite","@id":"https:\/\/saiga.es\/fr\/#website","url":"https:\/\/saiga.es\/fr\/","name":"SAIGA","description":"M\u00e9s de 50 anys al servei de la terra i treballant per a un \u00fas eficient de l\u2019aigua!","publisher":{"@id":"https:\/\/saiga.es\/fr\/#organization"},"potentialAction":[{"@type":"SearchAction","target":{"@type":"EntryPoint","urlTemplate":"https:\/\/saiga.es\/fr\/?s={search_term_string}"},"query-input":{"@type":"PropertyValueSpecification","valueRequired":true,"valueName":"search_term_string"}}],"inLanguage":"fr-FR"},{"@type":"Organization","@id":"https:\/\/saiga.es\/fr\/#organization","name":"SAIGA","url":"https:\/\/saiga.es\/fr\/","logo":{"@type":"ImageObject","inLanguage":"fr-FR","@id":"https:\/\/saiga.es\/fr\/#\/schema\/logo\/image\/","url":"https:\/\/saiga.es\/wp-content\/uploads\/2025\/07\/logo_saiga_baseline_optimitzat.svg","contentUrl":"https:\/\/saiga.es\/wp-content\/uploads\/2025\/07\/logo_saiga_baseline_optimitzat.svg","caption":"SAIGA"},"image":{"@id":"https:\/\/saiga.es\/fr\/#\/schema\/logo\/image\/"},"sameAs":["https:\/\/x.com\/saiga_agro","https:\/\/www.instagram.com\/saiga_agro\/"]}]}},"_links":{"self":[{"href":"https:\/\/saiga.es\/fr\/wp-json\/wp\/v2\/product\/6689","targetHints":{"allow":["GET"]}}],"collection":[{"href":"https:\/\/saiga.es\/fr\/wp-json\/wp\/v2\/product"}],"about":[{"href":"https:\/\/saiga.es\/fr\/wp-json\/wp\/v2\/types\/product"}],"replies":[{"embeddable":true,"href":"https:\/\/saiga.es\/fr\/wp-json\/wp\/v2\/comments?post=6689"}],"wp:featuredmedia":[{"embeddable":true,"href":"https:\/\/saiga.es\/fr\/wp-json\/wp\/v2\/media\/6690"}],"wp:attachment":[{"href":"https:\/\/saiga.es\/fr\/wp-json\/wp\/v2\/media?parent=6689"}],"wp:term":[{"taxonomy":"product_brand","embeddable":true,"href":"https:\/\/saiga.es\/fr\/wp-json\/wp\/v2\/product_brand?post=6689"},{"taxonomy":"product_cat","embeddable":true,"href":"https:\/\/saiga.es\/fr\/wp-json\/wp\/v2\/product_cat?post=6689"},{"taxonomy":"product_tag","embeddable":true,"href":"https:\/\/saiga.es\/fr\/wp-json\/wp\/v2\/product_tag?post=6689"}],"curies":[{"name":"wp","href":"https:\/\/api.w.org\/{rel}","templated":true}]}}