{"id":6700,"date":"2023-12-11T11:58:47","date_gmt":"2023-12-11T11:58:47","guid":{"rendered":"https:\/\/botiga.saiga.es\/producte\/ciseaux-electriques-arvipo-ps32-evo-2\/"},"modified":"2025-09-29T09:16:10","modified_gmt":"2025-09-29T09:16:10","slug":"ciseaux-electriques-arvipo-ps32-evo-2","status":"publish","type":"product","link":"https:\/\/saiga.es\/fr\/produit\/ciseaux-electriques-arvipo-ps32-evo-2\/","title":{"rendered":"Ciseaux \u00e9lectriques Arvipo PS32 EVO-2"},"content":{"rendered":"<p data-start=\"250\" data-end=\"626\"><span data-start=\"253\" data-end=\"290\">Les s\u00e9cateurs \u00e9lectriques <\/span>ARVIPO PS32 EVO-2 combinent puissance, l\u00e9g\u00e8ret\u00e9 et technologie de pr\u00e9cision pour des usages professionnels intensifs. Ils disposent d&rsquo;un moteur <em data-start=\"398\" data-end=\"409\">sans balais<\/em>, d&rsquo;une coupe progressive avec double ouverture de lame, et d&rsquo;une \u00e9lectronique de derni\u00e8re g\u00e9n\u00e9ration avec r\u00e9gulation par logiciel du croisement des lames ferm\u00e9es pour assurer des coupes nettes et maintenir au maximum le rendement de la lame. <\/p>\n<p data-start=\"628\" data-end=\"1112\">Gr\u00e2ce \u00e0 sa batterie de 16,8 V amovible ou incorpor\u00e9e, il offre une autonomie de 2 \u00e0 4 heures selon l&rsquo;\u00e9paisseur de la coupe, avec un diam\u00e8tre maximal de coupe de 35 mm. Le poids est tr\u00e8s comp\u00e9titif : 0,72 kg sans batterie et 0,91 kg avec batterie, ce qui le rend id\u00e9al pour les longues journ\u00e9es dans les oliveraies, les vignes, les arbres fruitiers et les travaux de jardinage. Il ajoute des syst\u00e8mes de s\u00e9curit\u00e9 comme Cut Prevent et Smart Blade, et une compatibilit\u00e9 avec la gamme d&rsquo;outils 32 LINE pour optimiser les investissements.  <\/p>\n","protected":false},"excerpt":{"rendered":"<p>Les s\u00e9cateurs \u00e9lectriques Arvipo PS32 EVO2 int\u00e8grent une \u00e9lectronique de derni\u00e8re g\u00e9n\u00e9ration qui leur conf\u00e8re une vitesse exceptionnelle et un toucher exquis dans la fonction de mouvement progressif. Il en r\u00e9sulte un outil de manipulation de haut niveau qui atteint des limites de plus en plus insurmontables. Il convient de souligner la nouveaut\u00e9 de la r\u00e9gulation logicielle de la jonction des vantaux en position ferm\u00e9e. Cela vous permet d&rsquo;ajuster \u00e0 la fois la qualit\u00e9 de la coupe et l&rsquo;utilisation de la lame.<\/p>\n","protected":false},"featured_media":6701,"comment_status":"open","ping_status":"closed","template":"","meta":[],"product_brand":[],"product_cat":[1692,436,468],"product_tag":[544,547,543,545,548,546],"class_list":{"0":"post-6700","1":"product","2":"type-product","3":"status-publish","4":"has-post-thumbnail","6":"product_cat-ciseaux-electriques-arvipo","7":"product_cat-secateur","8":"product_cat-taille","9":"product_tag-ciseaux","10":"product_tag-outils-delagage","11":"product_tag-secateur","12":"product_tag-secateur-electrique","13":"product_tag-taille-fr","14":"product_tag-taille","16":"first","17":"instock","18":"taxable","19":"shipping-taxable","20":"purchasable","21":"product-type-variable"},"yoast_head":"<!-- This site is optimized with the Yoast SEO plugin v27.3 - https:\/\/yoast.com\/product\/yoast-seo-wordpress\/ -->\n<title>Ciseaux \u00e9lectriques Arvipo PS32 EVO-2 | SAIGA<\/title>\n<meta name=\"description\" content=\"S\u00e9cateurs \u00e9lectriques ARVIPO PS32 EVO-2 : moteur sans balais, coupe progressive jusqu&#039;\u00e0 35 mm, autonomie 2-4 h, poids l\u00e9ger et s\u00e9curit\u00e9 maximale.\" \/>\n<meta name=\"robots\" content=\"index, follow, max-snippet:-1, max-image-preview:large, max-video-preview:-1\" \/>\n<link rel=\"canonical\" href=\"https:\/\/saiga.es\/fr\/produit\/ciseaux-electriques-arvipo-ps32-evo-2\/\" \/>\n<meta property=\"og:locale\" content=\"fr_FR\" \/>\n<meta property=\"og:type\" content=\"article\" \/>\n<meta property=\"og:title\" content=\"Ciseaux \u00e9lectriques Arvipo PS32 EVO-2 | SAIGA\" \/>\n<meta property=\"og:description\" content=\"S\u00e9cateurs \u00e9lectriques ARVIPO PS32 EVO-2 : moteur sans balais, coupe progressive jusqu&#039;\u00e0 35 mm, autonomie 2-4 h, poids l\u00e9ger et s\u00e9curit\u00e9 maximale.\" \/>\n<meta property=\"og:url\" content=\"https:\/\/saiga.es\/fr\/produit\/ciseaux-electriques-arvipo-ps32-evo-2\/\" \/>\n<meta property=\"og:site_name\" content=\"SAIGA\" \/>\n<meta property=\"article:modified_time\" content=\"2025-09-29T09:16:10+00:00\" \/>\n<meta property=\"og:image\" content=\"https:\/\/saiga.es\/wp-content\/uploads\/2023\/12\/Diseno-sin-titulo-29-1.jpg\" \/>\n\t<meta property=\"og:image:width\" content=\"400\" \/>\n\t<meta property=\"og:image:height\" content=\"400\" \/>\n\t<meta property=\"og:image:type\" content=\"image\/jpeg\" \/>\n<meta name=\"twitter:card\" content=\"summary_large_image\" \/>\n<meta name=\"twitter:site\" content=\"@saiga_agro\" \/>\n<meta name=\"twitter:label1\" content=\"Dur\u00e9e de lecture estim\u00e9e\" \/>\n\t<meta name=\"twitter:data1\" content=\"1 minute\" \/>\n<script type=\"application\/ld+json\" class=\"yoast-schema-graph\">{\"@context\":\"https:\\\/\\\/schema.org\",\"@graph\":[{\"@type\":\"WebPage\",\"@id\":\"https:\\\/\\\/saiga.es\\\/fr\\\/produit\\\/ciseaux-electriques-arvipo-ps32-evo-2\\\/\",\"url\":\"https:\\\/\\\/saiga.es\\\/fr\\\/produit\\\/ciseaux-electriques-arvipo-ps32-evo-2\\\/\",\"name\":\"Ciseaux \u00e9lectriques Arvipo PS32 EVO-2 | SAIGA\",\"isPartOf\":{\"@id\":\"https:\\\/\\\/saiga.es\\\/fr\\\/#website\"},\"primaryImageOfPage\":{\"@id\":\"https:\\\/\\\/saiga.es\\\/fr\\\/produit\\\/ciseaux-electriques-arvipo-ps32-evo-2\\\/#primaryimage\"},\"image\":{\"@id\":\"https:\\\/\\\/saiga.es\\\/fr\\\/produit\\\/ciseaux-electriques-arvipo-ps32-evo-2\\\/#primaryimage\"},\"thumbnailUrl\":\"https:\\\/\\\/saiga.es\\\/wp-content\\\/uploads\\\/2023\\\/12\\\/Diseno-sin-titulo-29-1.jpg\",\"datePublished\":\"2023-12-11T11:58:47+00:00\",\"dateModified\":\"2025-09-29T09:16:10+00:00\",\"description\":\"S\u00e9cateurs \u00e9lectriques ARVIPO PS32 EVO-2 : moteur sans balais, coupe progressive jusqu'\u00e0 35 mm, autonomie 2-4 h, poids l\u00e9ger et s\u00e9curit\u00e9 maximale.\",\"breadcrumb\":{\"@id\":\"https:\\\/\\\/saiga.es\\\/fr\\\/produit\\\/ciseaux-electriques-arvipo-ps32-evo-2\\\/#breadcrumb\"},\"inLanguage\":\"fr-FR\",\"potentialAction\":[{\"@type\":\"ReadAction\",\"target\":[\"https:\\\/\\\/saiga.es\\\/fr\\\/produit\\\/ciseaux-electriques-arvipo-ps32-evo-2\\\/\"]}]},{\"@type\":\"ImageObject\",\"inLanguage\":\"fr-FR\",\"@id\":\"https:\\\/\\\/saiga.es\\\/fr\\\/produit\\\/ciseaux-electriques-arvipo-ps32-evo-2\\\/#primaryimage\",\"url\":\"https:\\\/\\\/saiga.es\\\/wp-content\\\/uploads\\\/2023\\\/12\\\/Diseno-sin-titulo-29-1.jpg\",\"contentUrl\":\"https:\\\/\\\/saiga.es\\\/wp-content\\\/uploads\\\/2023\\\/12\\\/Diseno-sin-titulo-29-1.jpg\",\"width\":400,\"height\":400,\"caption\":\"Arvipo PS32 EVo-2\"},{\"@type\":\"BreadcrumbList\",\"@id\":\"https:\\\/\\\/saiga.es\\\/fr\\\/produit\\\/ciseaux-electriques-arvipo-ps32-evo-2\\\/#breadcrumb\",\"itemListElement\":[{\"@type\":\"ListItem\",\"position\":1,\"name\":\"Inici\",\"item\":\"https:\\\/\\\/saiga.es\\\/fr\\\/\"},{\"@type\":\"ListItem\",\"position\":2,\"name\":\"boutique\",\"item\":\"https:\\\/\\\/saiga.es\\\/fr\\\/boutique\\\/\"},{\"@type\":\"ListItem\",\"position\":3,\"name\":\"Ciseaux \u00e9lectriques Arvipo PS32 EVO-2\"}]},{\"@type\":\"WebSite\",\"@id\":\"https:\\\/\\\/saiga.es\\\/fr\\\/#website\",\"url\":\"https:\\\/\\\/saiga.es\\\/fr\\\/\",\"name\":\"SAIGA\",\"description\":\"M\u00e9s de 50 anys al servei de la terra i treballant per a un \u00fas eficient de l\u2019aigua!\",\"publisher\":{\"@id\":\"https:\\\/\\\/saiga.es\\\/fr\\\/#organization\"},\"potentialAction\":[{\"@type\":\"SearchAction\",\"target\":{\"@type\":\"EntryPoint\",\"urlTemplate\":\"https:\\\/\\\/saiga.es\\\/fr\\\/?s={search_term_string}\"},\"query-input\":{\"@type\":\"PropertyValueSpecification\",\"valueRequired\":true,\"valueName\":\"search_term_string\"}}],\"inLanguage\":\"fr-FR\"},{\"@type\":\"Organization\",\"@id\":\"https:\\\/\\\/saiga.es\\\/fr\\\/#organization\",\"name\":\"SAIGA\",\"url\":\"https:\\\/\\\/saiga.es\\\/fr\\\/\",\"logo\":{\"@type\":\"ImageObject\",\"inLanguage\":\"fr-FR\",\"@id\":\"https:\\\/\\\/saiga.es\\\/fr\\\/#\\\/schema\\\/logo\\\/image\\\/\",\"url\":\"https:\\\/\\\/saiga.es\\\/wp-content\\\/uploads\\\/2025\\\/07\\\/logo_saiga_baseline_optimitzat.svg\",\"contentUrl\":\"https:\\\/\\\/saiga.es\\\/wp-content\\\/uploads\\\/2025\\\/07\\\/logo_saiga_baseline_optimitzat.svg\",\"caption\":\"SAIGA\"},\"image\":{\"@id\":\"https:\\\/\\\/saiga.es\\\/fr\\\/#\\\/schema\\\/logo\\\/image\\\/\"},\"sameAs\":[\"https:\\\/\\\/x.com\\\/saiga_agro\",\"https:\\\/\\\/www.instagram.com\\\/saiga_agro\\\/\"]}]}<\/script>\n<!-- \/ Yoast SEO plugin. -->","yoast_head_json":{"title":"Ciseaux \u00e9lectriques Arvipo PS32 EVO-2 | SAIGA","description":"S\u00e9cateurs \u00e9lectriques ARVIPO PS32 EVO-2 : moteur sans balais, coupe progressive jusqu'\u00e0 35 mm, autonomie 2-4 h, poids l\u00e9ger et s\u00e9curit\u00e9 maximale.","robots":{"index":"index","follow":"follow","max-snippet":"max-snippet:-1","max-image-preview":"max-image-preview:large","max-video-preview":"max-video-preview:-1"},"canonical":"https:\/\/saiga.es\/fr\/produit\/ciseaux-electriques-arvipo-ps32-evo-2\/","og_locale":"fr_FR","og_type":"article","og_title":"Ciseaux \u00e9lectriques Arvipo PS32 EVO-2 | SAIGA","og_description":"S\u00e9cateurs \u00e9lectriques ARVIPO PS32 EVO-2 : moteur sans balais, coupe progressive jusqu'\u00e0 35 mm, autonomie 2-4 h, poids l\u00e9ger et s\u00e9curit\u00e9 maximale.","og_url":"https:\/\/saiga.es\/fr\/produit\/ciseaux-electriques-arvipo-ps32-evo-2\/","og_site_name":"SAIGA","article_modified_time":"2025-09-29T09:16:10+00:00","og_image":[{"width":400,"height":400,"url":"https:\/\/saiga.es\/wp-content\/uploads\/2023\/12\/Diseno-sin-titulo-29-1.jpg","type":"image\/jpeg"}],"twitter_card":"summary_large_image","twitter_site":"@saiga_agro","twitter_misc":{"Dur\u00e9e de lecture estim\u00e9e":"1 minute"},"schema":{"@context":"https:\/\/schema.org","@graph":[{"@type":"WebPage","@id":"https:\/\/saiga.es\/fr\/produit\/ciseaux-electriques-arvipo-ps32-evo-2\/","url":"https:\/\/saiga.es\/fr\/produit\/ciseaux-electriques-arvipo-ps32-evo-2\/","name":"Ciseaux \u00e9lectriques Arvipo PS32 EVO-2 | SAIGA","isPartOf":{"@id":"https:\/\/saiga.es\/fr\/#website"},"primaryImageOfPage":{"@id":"https:\/\/saiga.es\/fr\/produit\/ciseaux-electriques-arvipo-ps32-evo-2\/#primaryimage"},"image":{"@id":"https:\/\/saiga.es\/fr\/produit\/ciseaux-electriques-arvipo-ps32-evo-2\/#primaryimage"},"thumbnailUrl":"https:\/\/saiga.es\/wp-content\/uploads\/2023\/12\/Diseno-sin-titulo-29-1.jpg","datePublished":"2023-12-11T11:58:47+00:00","dateModified":"2025-09-29T09:16:10+00:00","description":"S\u00e9cateurs \u00e9lectriques ARVIPO PS32 EVO-2 : moteur sans balais, coupe progressive jusqu'\u00e0 35 mm, autonomie 2-4 h, poids l\u00e9ger et s\u00e9curit\u00e9 maximale.","breadcrumb":{"@id":"https:\/\/saiga.es\/fr\/produit\/ciseaux-electriques-arvipo-ps32-evo-2\/#breadcrumb"},"inLanguage":"fr-FR","potentialAction":[{"@type":"ReadAction","target":["https:\/\/saiga.es\/fr\/produit\/ciseaux-electriques-arvipo-ps32-evo-2\/"]}]},{"@type":"ImageObject","inLanguage":"fr-FR","@id":"https:\/\/saiga.es\/fr\/produit\/ciseaux-electriques-arvipo-ps32-evo-2\/#primaryimage","url":"https:\/\/saiga.es\/wp-content\/uploads\/2023\/12\/Diseno-sin-titulo-29-1.jpg","contentUrl":"https:\/\/saiga.es\/wp-content\/uploads\/2023\/12\/Diseno-sin-titulo-29-1.jpg","width":400,"height":400,"caption":"Arvipo PS32 EVo-2"},{"@type":"BreadcrumbList","@id":"https:\/\/saiga.es\/fr\/produit\/ciseaux-electriques-arvipo-ps32-evo-2\/#breadcrumb","itemListElement":[{"@type":"ListItem","position":1,"name":"Inici","item":"https:\/\/saiga.es\/fr\/"},{"@type":"ListItem","position":2,"name":"boutique","item":"https:\/\/saiga.es\/fr\/boutique\/"},{"@type":"ListItem","position":3,"name":"Ciseaux \u00e9lectriques Arvipo PS32 EVO-2"}]},{"@type":"WebSite","@id":"https:\/\/saiga.es\/fr\/#website","url":"https:\/\/saiga.es\/fr\/","name":"SAIGA","description":"M\u00e9s de 50 anys al servei de la terra i treballant per a un \u00fas eficient de l\u2019aigua!","publisher":{"@id":"https:\/\/saiga.es\/fr\/#organization"},"potentialAction":[{"@type":"SearchAction","target":{"@type":"EntryPoint","urlTemplate":"https:\/\/saiga.es\/fr\/?s={search_term_string}"},"query-input":{"@type":"PropertyValueSpecification","valueRequired":true,"valueName":"search_term_string"}}],"inLanguage":"fr-FR"},{"@type":"Organization","@id":"https:\/\/saiga.es\/fr\/#organization","name":"SAIGA","url":"https:\/\/saiga.es\/fr\/","logo":{"@type":"ImageObject","inLanguage":"fr-FR","@id":"https:\/\/saiga.es\/fr\/#\/schema\/logo\/image\/","url":"https:\/\/saiga.es\/wp-content\/uploads\/2025\/07\/logo_saiga_baseline_optimitzat.svg","contentUrl":"https:\/\/saiga.es\/wp-content\/uploads\/2025\/07\/logo_saiga_baseline_optimitzat.svg","caption":"SAIGA"},"image":{"@id":"https:\/\/saiga.es\/fr\/#\/schema\/logo\/image\/"},"sameAs":["https:\/\/x.com\/saiga_agro","https:\/\/www.instagram.com\/saiga_agro\/"]}]}},"_links":{"self":[{"href":"https:\/\/saiga.es\/fr\/wp-json\/wp\/v2\/product\/6700","targetHints":{"allow":["GET"]}}],"collection":[{"href":"https:\/\/saiga.es\/fr\/wp-json\/wp\/v2\/product"}],"about":[{"href":"https:\/\/saiga.es\/fr\/wp-json\/wp\/v2\/types\/product"}],"replies":[{"embeddable":true,"href":"https:\/\/saiga.es\/fr\/wp-json\/wp\/v2\/comments?post=6700"}],"wp:featuredmedia":[{"embeddable":true,"href":"https:\/\/saiga.es\/fr\/wp-json\/wp\/v2\/media\/6701"}],"wp:attachment":[{"href":"https:\/\/saiga.es\/fr\/wp-json\/wp\/v2\/media?parent=6700"}],"wp:term":[{"taxonomy":"product_brand","embeddable":true,"href":"https:\/\/saiga.es\/fr\/wp-json\/wp\/v2\/product_brand?post=6700"},{"taxonomy":"product_cat","embeddable":true,"href":"https:\/\/saiga.es\/fr\/wp-json\/wp\/v2\/product_cat?post=6700"},{"taxonomy":"product_tag","embeddable":true,"href":"https:\/\/saiga.es\/fr\/wp-json\/wp\/v2\/product_tag?post=6700"}],"curies":[{"name":"wp","href":"https:\/\/api.w.org\/{rel}","templated":true}]}}