{"id":6733,"date":"2023-11-06T12:01:11","date_gmt":"2023-11-06T12:01:11","guid":{"rendered":"https:\/\/botiga.saiga.es\/producte\/programmateur-electronique-rain-bird-rzx-6i\/"},"modified":"2023-11-06T12:01:11","modified_gmt":"2023-11-06T12:01:11","slug":"programmateur-electronique-rain-bird-rzx-6i","status":"publish","type":"product","link":"https:\/\/saiga.es\/fr\/produit\/programmateur-electronique-rain-bird-rzx-6i\/","title":{"rendered":"Programmateur \u00e9lectronique Rain Bird RZX-6I"},"content":{"rendered":"<p>Le programmateur \u00e9lectronique Rain Bird RZX-6I est bas\u00e9 sur 6 zones auxquelles vous pouvez attribuer des programmes d&rsquo;arrosage ind\u00e9pendants. Des dur\u00e9es de fonctionnement, des heures de d\u00e9but et des jours d&rsquo;arrosage sp\u00e9cifiques peuvent \u00eatre attribu\u00e9s \u00e0 chaque zone. 4 options de jours d&rsquo;irrigation par zone : jours sp\u00e9cifiques de la semaine, jours calendaires impairs ou pairs, programme cyclique (tous les 1 \u00e0 14 jours). Arrosage manuel de toutes les zones ou d&rsquo;une zone individuelle.<\/p>\n<p><strong>applications<\/strong><br \/>\nProgrammateur int\u00e9rieur de 6 stations sur r\u00e9seau 220V avec communication WIFI (utilisant l&rsquo;adaptateur Wifi LNK vendu s\u00e9par\u00e9ment). Id\u00e9al pour une grande vari\u00e9t\u00e9 d&rsquo;applications, y compris les syst\u00e8mes d&rsquo;irrigation r\u00e9sidentiels et les espaces verts de taille moyenne.<\/p>\n<p><strong>Caract\u00e9ristiques<\/strong><br \/>\nFacile \u00e0 expliquer et \u00e0 utiliser sur un grand \u00e9cran LCD et une navigation simple<br \/>\nEntr\u00e9e de capteur m\u00e9t\u00e9o avec remplacement logiciel<br \/>\nCircuit de d\u00e9marrage de la vanne principale\/de la pompe<br \/>\nM\u00e9moire de programme non volatile (100 ans)<br \/>\nIl peut \u00eatre programm\u00e9 avec l&rsquo;alimentation de la batterie<\/p>\n<p><strong>Fonctionnalit\u00e9s de programmation<\/strong><br \/>\n Programmation par zone, qui permet d&rsquo;attribuer des programmes ind\u00e9pendants \u00e0 chaque zone.<br \/>\n(Des dur\u00e9es de fonctionnement, des heures de d\u00e9but et des jours d&rsquo;arrosage sp\u00e9cifiques peuvent \u00eatre attribu\u00e9s pour chaque zone)<br \/>\nContractor Rapid Programming\u2122 copie automatiquement les heures de d\u00e9but et les<br \/>\njours d&rsquo;arrosage de la zone 1 aux autres zones lors de la configuration initiale de mani\u00e8re rapide<br \/>\n6 heures de d\u00e9marrage ind\u00e9pendantes par zone<br \/>\n4 options de jours d&rsquo;arrosage par zone : jours sp\u00e9cifiques, jours pairs\/impairs\/programme cyclique (1-14 jours)<br \/>\nIrrigation manuelle de TOUTES les zones ou d&rsquo;une zone INDIVIDUELLE<\/p>\n<p><strong>Fonctionnalit\u00e9s avanc\u00e9es<\/strong><br \/>\nCommutateur de diagnostic \u00e9lectronique<br \/>\nStockage\/restauration \u00e0 l\u2019aide de Contractor Default\u2122<br \/>\nAnnulation du capteur m\u00e9t\u00e9o<br \/>\nRemplacement du capteur m\u00e9t\u00e9o par zones<br \/>\nCommunication WIFI via l&rsquo;adaptateur Wifi LNK (non inclus)<\/p>\n","protected":false},"excerpt":{"rendered":"<p>Le programmateur \u00e9lectronique Rain Bird RZX-6I est bas\u00e9 sur 6 zones auxquelles vous pouvez attribuer des programmes d&rsquo;arrosage ind\u00e9pendants. Des dur\u00e9es de fonctionnement, des heures de d\u00e9but et des jours d&rsquo;arrosage sp\u00e9cifiques peuvent \u00eatre attribu\u00e9s \u00e0 chaque zone.<\/p>\n","protected":false},"featured_media":6734,"comment_status":"closed","ping_status":"closed","template":"","meta":[],"product_brand":[],"product_cat":[475],"product_tag":[1148,824],"class_list":{"0":"post-6733","1":"product","2":"type-product","3":"status-publish","4":"has-post-thumbnail","6":"product_cat-programmeurs","7":"product_tag-arrosageautomatique","8":"product_tag-reg-fr","10":"first","11":"outofstock","12":"taxable","13":"shipping-taxable","14":"purchasable","15":"product-type-simple"},"yoast_head":"<!-- This site is optimized with the Yoast SEO plugin v27.4 - https:\/\/yoast.com\/product\/yoast-seo-wordpress\/ -->\n<title>Programmateur \u00e9lectronique Rain Bird RZX-6I | SAIGA<\/title>\n<meta name=\"description\" content=\"Le programmateur \u00e9lectronique Rain Bird RZX-6I est bas\u00e9 sur 6 zones auxquelles vous pouvez attribuer des programmes d&#039;arrosage ind\u00e9pendants.\" \/>\n<meta name=\"robots\" content=\"index, follow, max-snippet:-1, max-image-preview:large, max-video-preview:-1\" \/>\n<link rel=\"canonical\" href=\"https:\/\/saiga.es\/fr\/produit\/programmateur-electronique-rain-bird-rzx-6i\/\" \/>\n<meta property=\"og:locale\" content=\"fr_FR\" \/>\n<meta property=\"og:type\" content=\"article\" \/>\n<meta property=\"og:title\" content=\"Programmateur \u00e9lectronique Rain Bird RZX-6I | SAIGA\" \/>\n<meta property=\"og:description\" content=\"Le programmateur \u00e9lectronique Rain Bird RZX-6I est bas\u00e9 sur 6 zones auxquelles vous pouvez attribuer des programmes d&#039;arrosage ind\u00e9pendants.\" \/>\n<meta property=\"og:url\" content=\"https:\/\/saiga.es\/fr\/produit\/programmateur-electronique-rain-bird-rzx-6i\/\" \/>\n<meta property=\"og:site_name\" content=\"SAIGA\" \/>\n<meta property=\"og:image\" content=\"https:\/\/saiga.es\/wp-content\/uploads\/2023\/11\/programador-riego-esp-rzxe-6-estaciones-interior-rain-bird.jpg\" \/>\n\t<meta property=\"og:image:width\" content=\"800\" \/>\n\t<meta property=\"og:image:height\" content=\"800\" \/>\n\t<meta property=\"og:image:type\" content=\"image\/jpeg\" \/>\n<meta name=\"twitter:card\" content=\"summary_large_image\" \/>\n<meta name=\"twitter:site\" content=\"@saiga_agro\" \/>\n<meta name=\"twitter:label1\" content=\"Dur\u00e9e de lecture estim\u00e9e\" \/>\n\t<meta name=\"twitter:data1\" content=\"2 minutes\" \/>\n<script type=\"application\/ld+json\" class=\"yoast-schema-graph\">{\"@context\":\"https:\\\/\\\/schema.org\",\"@graph\":[{\"@type\":\"WebPage\",\"@id\":\"https:\\\/\\\/saiga.es\\\/fr\\\/produit\\\/programmateur-electronique-rain-bird-rzx-6i\\\/\",\"url\":\"https:\\\/\\\/saiga.es\\\/fr\\\/produit\\\/programmateur-electronique-rain-bird-rzx-6i\\\/\",\"name\":\"Programmateur \u00e9lectronique Rain Bird RZX-6I | SAIGA\",\"isPartOf\":{\"@id\":\"https:\\\/\\\/saiga.es\\\/fr\\\/#website\"},\"primaryImageOfPage\":{\"@id\":\"https:\\\/\\\/saiga.es\\\/fr\\\/produit\\\/programmateur-electronique-rain-bird-rzx-6i\\\/#primaryimage\"},\"image\":{\"@id\":\"https:\\\/\\\/saiga.es\\\/fr\\\/produit\\\/programmateur-electronique-rain-bird-rzx-6i\\\/#primaryimage\"},\"thumbnailUrl\":\"https:\\\/\\\/saiga.es\\\/wp-content\\\/uploads\\\/2023\\\/11\\\/programador-riego-esp-rzxe-6-estaciones-interior-rain-bird.jpg\",\"datePublished\":\"2023-11-06T12:01:11+00:00\",\"description\":\"Le programmateur \u00e9lectronique Rain Bird RZX-6I est bas\u00e9 sur 6 zones auxquelles vous pouvez attribuer des programmes d'arrosage ind\u00e9pendants.\",\"breadcrumb\":{\"@id\":\"https:\\\/\\\/saiga.es\\\/fr\\\/produit\\\/programmateur-electronique-rain-bird-rzx-6i\\\/#breadcrumb\"},\"inLanguage\":\"fr-FR\",\"potentialAction\":[{\"@type\":\"ReadAction\",\"target\":[\"https:\\\/\\\/saiga.es\\\/fr\\\/produit\\\/programmateur-electronique-rain-bird-rzx-6i\\\/\"]}]},{\"@type\":\"ImageObject\",\"inLanguage\":\"fr-FR\",\"@id\":\"https:\\\/\\\/saiga.es\\\/fr\\\/produit\\\/programmateur-electronique-rain-bird-rzx-6i\\\/#primaryimage\",\"url\":\"https:\\\/\\\/saiga.es\\\/wp-content\\\/uploads\\\/2023\\\/11\\\/programador-riego-esp-rzxe-6-estaciones-interior-rain-bird.jpg\",\"contentUrl\":\"https:\\\/\\\/saiga.es\\\/wp-content\\\/uploads\\\/2023\\\/11\\\/programador-riego-esp-rzxe-6-estaciones-interior-rain-bird.jpg\",\"width\":800,\"height\":800,\"caption\":\"Programador\"},{\"@type\":\"BreadcrumbList\",\"@id\":\"https:\\\/\\\/saiga.es\\\/fr\\\/produit\\\/programmateur-electronique-rain-bird-rzx-6i\\\/#breadcrumb\",\"itemListElement\":[{\"@type\":\"ListItem\",\"position\":1,\"name\":\"Inici\",\"item\":\"https:\\\/\\\/saiga.es\\\/fr\\\/\"},{\"@type\":\"ListItem\",\"position\":2,\"name\":\"boutique\",\"item\":\"https:\\\/\\\/saiga.es\\\/fr\\\/boutique\\\/\"},{\"@type\":\"ListItem\",\"position\":3,\"name\":\"Programmateur \u00e9lectronique Rain Bird RZX-6I\"}]},{\"@type\":\"WebSite\",\"@id\":\"https:\\\/\\\/saiga.es\\\/fr\\\/#website\",\"url\":\"https:\\\/\\\/saiga.es\\\/fr\\\/\",\"name\":\"SAIGA\",\"description\":\"M\u00e9s de 50 anys al servei de la terra i treballant per a un \u00fas eficient de l\u2019aigua!\",\"publisher\":{\"@id\":\"https:\\\/\\\/saiga.es\\\/fr\\\/#organization\"},\"potentialAction\":[{\"@type\":\"SearchAction\",\"target\":{\"@type\":\"EntryPoint\",\"urlTemplate\":\"https:\\\/\\\/saiga.es\\\/fr\\\/?s={search_term_string}\"},\"query-input\":{\"@type\":\"PropertyValueSpecification\",\"valueRequired\":true,\"valueName\":\"search_term_string\"}}],\"inLanguage\":\"fr-FR\"},{\"@type\":\"Organization\",\"@id\":\"https:\\\/\\\/saiga.es\\\/fr\\\/#organization\",\"name\":\"SAIGA\",\"url\":\"https:\\\/\\\/saiga.es\\\/fr\\\/\",\"logo\":{\"@type\":\"ImageObject\",\"inLanguage\":\"fr-FR\",\"@id\":\"https:\\\/\\\/saiga.es\\\/fr\\\/#\\\/schema\\\/logo\\\/image\\\/\",\"url\":\"https:\\\/\\\/saiga.es\\\/wp-content\\\/uploads\\\/2025\\\/07\\\/logo_saiga_baseline_optimitzat.svg\",\"contentUrl\":\"https:\\\/\\\/saiga.es\\\/wp-content\\\/uploads\\\/2025\\\/07\\\/logo_saiga_baseline_optimitzat.svg\",\"caption\":\"SAIGA\"},\"image\":{\"@id\":\"https:\\\/\\\/saiga.es\\\/fr\\\/#\\\/schema\\\/logo\\\/image\\\/\"},\"sameAs\":[\"https:\\\/\\\/x.com\\\/saiga_agro\",\"https:\\\/\\\/www.instagram.com\\\/saiga_agro\\\/\"]}]}<\/script>\n<!-- \/ Yoast SEO plugin. -->","yoast_head_json":{"title":"Programmateur \u00e9lectronique Rain Bird RZX-6I | SAIGA","description":"Le programmateur \u00e9lectronique Rain Bird RZX-6I est bas\u00e9 sur 6 zones auxquelles vous pouvez attribuer des programmes d'arrosage ind\u00e9pendants.","robots":{"index":"index","follow":"follow","max-snippet":"max-snippet:-1","max-image-preview":"max-image-preview:large","max-video-preview":"max-video-preview:-1"},"canonical":"https:\/\/saiga.es\/fr\/produit\/programmateur-electronique-rain-bird-rzx-6i\/","og_locale":"fr_FR","og_type":"article","og_title":"Programmateur \u00e9lectronique Rain Bird RZX-6I | SAIGA","og_description":"Le programmateur \u00e9lectronique Rain Bird RZX-6I est bas\u00e9 sur 6 zones auxquelles vous pouvez attribuer des programmes d'arrosage ind\u00e9pendants.","og_url":"https:\/\/saiga.es\/fr\/produit\/programmateur-electronique-rain-bird-rzx-6i\/","og_site_name":"SAIGA","og_image":[{"width":800,"height":800,"url":"https:\/\/saiga.es\/wp-content\/uploads\/2023\/11\/programador-riego-esp-rzxe-6-estaciones-interior-rain-bird.jpg","type":"image\/jpeg"}],"twitter_card":"summary_large_image","twitter_site":"@saiga_agro","twitter_misc":{"Dur\u00e9e de lecture estim\u00e9e":"2 minutes"},"schema":{"@context":"https:\/\/schema.org","@graph":[{"@type":"WebPage","@id":"https:\/\/saiga.es\/fr\/produit\/programmateur-electronique-rain-bird-rzx-6i\/","url":"https:\/\/saiga.es\/fr\/produit\/programmateur-electronique-rain-bird-rzx-6i\/","name":"Programmateur \u00e9lectronique Rain Bird RZX-6I | SAIGA","isPartOf":{"@id":"https:\/\/saiga.es\/fr\/#website"},"primaryImageOfPage":{"@id":"https:\/\/saiga.es\/fr\/produit\/programmateur-electronique-rain-bird-rzx-6i\/#primaryimage"},"image":{"@id":"https:\/\/saiga.es\/fr\/produit\/programmateur-electronique-rain-bird-rzx-6i\/#primaryimage"},"thumbnailUrl":"https:\/\/saiga.es\/wp-content\/uploads\/2023\/11\/programador-riego-esp-rzxe-6-estaciones-interior-rain-bird.jpg","datePublished":"2023-11-06T12:01:11+00:00","description":"Le programmateur \u00e9lectronique Rain Bird RZX-6I est bas\u00e9 sur 6 zones auxquelles vous pouvez attribuer des programmes d'arrosage ind\u00e9pendants.","breadcrumb":{"@id":"https:\/\/saiga.es\/fr\/produit\/programmateur-electronique-rain-bird-rzx-6i\/#breadcrumb"},"inLanguage":"fr-FR","potentialAction":[{"@type":"ReadAction","target":["https:\/\/saiga.es\/fr\/produit\/programmateur-electronique-rain-bird-rzx-6i\/"]}]},{"@type":"ImageObject","inLanguage":"fr-FR","@id":"https:\/\/saiga.es\/fr\/produit\/programmateur-electronique-rain-bird-rzx-6i\/#primaryimage","url":"https:\/\/saiga.es\/wp-content\/uploads\/2023\/11\/programador-riego-esp-rzxe-6-estaciones-interior-rain-bird.jpg","contentUrl":"https:\/\/saiga.es\/wp-content\/uploads\/2023\/11\/programador-riego-esp-rzxe-6-estaciones-interior-rain-bird.jpg","width":800,"height":800,"caption":"Programador"},{"@type":"BreadcrumbList","@id":"https:\/\/saiga.es\/fr\/produit\/programmateur-electronique-rain-bird-rzx-6i\/#breadcrumb","itemListElement":[{"@type":"ListItem","position":1,"name":"Inici","item":"https:\/\/saiga.es\/fr\/"},{"@type":"ListItem","position":2,"name":"boutique","item":"https:\/\/saiga.es\/fr\/boutique\/"},{"@type":"ListItem","position":3,"name":"Programmateur \u00e9lectronique Rain Bird RZX-6I"}]},{"@type":"WebSite","@id":"https:\/\/saiga.es\/fr\/#website","url":"https:\/\/saiga.es\/fr\/","name":"SAIGA","description":"M\u00e9s de 50 anys al servei de la terra i treballant per a un \u00fas eficient de l\u2019aigua!","publisher":{"@id":"https:\/\/saiga.es\/fr\/#organization"},"potentialAction":[{"@type":"SearchAction","target":{"@type":"EntryPoint","urlTemplate":"https:\/\/saiga.es\/fr\/?s={search_term_string}"},"query-input":{"@type":"PropertyValueSpecification","valueRequired":true,"valueName":"search_term_string"}}],"inLanguage":"fr-FR"},{"@type":"Organization","@id":"https:\/\/saiga.es\/fr\/#organization","name":"SAIGA","url":"https:\/\/saiga.es\/fr\/","logo":{"@type":"ImageObject","inLanguage":"fr-FR","@id":"https:\/\/saiga.es\/fr\/#\/schema\/logo\/image\/","url":"https:\/\/saiga.es\/wp-content\/uploads\/2025\/07\/logo_saiga_baseline_optimitzat.svg","contentUrl":"https:\/\/saiga.es\/wp-content\/uploads\/2025\/07\/logo_saiga_baseline_optimitzat.svg","caption":"SAIGA"},"image":{"@id":"https:\/\/saiga.es\/fr\/#\/schema\/logo\/image\/"},"sameAs":["https:\/\/x.com\/saiga_agro","https:\/\/www.instagram.com\/saiga_agro\/"]}]}},"_links":{"self":[{"href":"https:\/\/saiga.es\/fr\/wp-json\/wp\/v2\/product\/6733","targetHints":{"allow":["GET"]}}],"collection":[{"href":"https:\/\/saiga.es\/fr\/wp-json\/wp\/v2\/product"}],"about":[{"href":"https:\/\/saiga.es\/fr\/wp-json\/wp\/v2\/types\/product"}],"replies":[{"embeddable":true,"href":"https:\/\/saiga.es\/fr\/wp-json\/wp\/v2\/comments?post=6733"}],"wp:featuredmedia":[{"embeddable":true,"href":"https:\/\/saiga.es\/fr\/wp-json\/wp\/v2\/media\/6734"}],"wp:attachment":[{"href":"https:\/\/saiga.es\/fr\/wp-json\/wp\/v2\/media?parent=6733"}],"wp:term":[{"taxonomy":"product_brand","embeddable":true,"href":"https:\/\/saiga.es\/fr\/wp-json\/wp\/v2\/product_brand?post=6733"},{"taxonomy":"product_cat","embeddable":true,"href":"https:\/\/saiga.es\/fr\/wp-json\/wp\/v2\/product_cat?post=6733"},{"taxonomy":"product_tag","embeddable":true,"href":"https:\/\/saiga.es\/fr\/wp-json\/wp\/v2\/product_tag?post=6733"}],"curies":[{"name":"wp","href":"https:\/\/api.w.org\/{rel}","templated":true}]}}