{"id":6735,"date":"2023-11-06T11:47:45","date_gmt":"2023-11-06T11:47:45","guid":{"rendered":"https:\/\/botiga.saiga.es\/producte\/programmateur-electronique-rain-bird-rzx-8i\/"},"modified":"2023-11-06T11:47:45","modified_gmt":"2023-11-06T11:47:45","slug":"programmateur-electronique-rain-bird-rzx-8i","status":"publish","type":"product","link":"https:\/\/saiga.es\/fr\/produit\/programmateur-electronique-rain-bird-rzx-8i\/","title":{"rendered":"Programmateur \u00e9lectronique Rain Bird RZX-8I"},"content":{"rendered":"<p>Le programmateur \u00e9lectronique Rain Bird RZX-8I pour usage r\u00e9sidentiel et espaces verts de taille moyenne. Ses dimensions sont : largeur 16,9 cm x hauteur 15 cm x profondeur 3,9 cm. La programmation bas\u00e9e sur les zones permet \u00e0 chaque vanne d&rsquo;\u00eatre programm\u00e9e s\u00e9par\u00e9ment, en attribuant des programmes ind\u00e9pendants \u00e0 chaque zone (des dur\u00e9es de fonctionnement, des heures de d\u00e9marrage et des jours d&rsquo;arrosage sp\u00e9cifiques \u00e0 la zone peuvent \u00eatre attribu\u00e9es).<\/p>\n<p><strong>applications<\/strong><br \/>\nProgrammateur int\u00e9rieur de 8 stations en r\u00e9seau 220V avec communication WIFI (utilisant l&rsquo;adaptateur Wifi LNK vendu s\u00e9par\u00e9ment). Id\u00e9al pour une grande vari\u00e9t\u00e9 d&rsquo;applications, y compris les syst\u00e8mes d&rsquo;irrigation r\u00e9sidentiels et les espaces verts de taille moyenne.<\/p>\n<p><strong>Caract\u00e9ristiques<\/strong><br \/>\nFacile \u00e0 expliquer et \u00e0 utiliser, le tout sur un grand \u00e9cran LCD et une navigation simple. Entr\u00e9e du capteur m\u00e9t\u00e9o avec remplacement logiciel. Circuit de d\u00e9marrage de la vanne principale\/pompe. M\u00e9moire de programme non volatile (100 ans). Il peut \u00eatre programm\u00e9 avec l&rsquo;alimentation de la batterie<\/p>\n<p><strong>Fonctionnalit\u00e9s de programmation<\/strong><br \/>\n Programmation par zone, qui permet d&rsquo;attribuer des programmes ind\u00e9pendants \u00e0 chaque zone.<br \/>\n(Des dur\u00e9es de fonctionnement, des heures de d\u00e9but et des jours d&rsquo;arrosage sp\u00e9cifiques peuvent \u00eatre attribu\u00e9s pour chaque zone)<br \/>\nContractor Rapid Programming\u2122 copie automatiquement les heures de d\u00e9but et les<br \/>\njours d&rsquo;arrosage de la zone 1 aux autres zones lors de la configuration initiale de mani\u00e8re rapide<br \/>\n6 heures de d\u00e9marrage ind\u00e9pendantes par zone<br \/>\n4 options de jours d&rsquo;arrosage par zone : jours sp\u00e9cifiques, jours pairs\/impairs\/programme cyclique (1-14 jours)<br \/>\nIrrigation manuelle de TOUTES les zones ou d&rsquo;une zone INDIVIDUELLE<br \/>\nFonctionnalit\u00e9s avanc\u00e9es<\/p>\n<p><strong>Commutateur de diagnostic \u00e9lectronique<\/strong><br \/>\nStockage\/restauration \u00e0 l\u2019aide de Contractor Default\u2122<br \/>\nAnnulation du capteur m\u00e9t\u00e9o<br \/>\nRemplacement du capteur m\u00e9t\u00e9o par zones<br \/>\nCommunication WIFI via l&rsquo;adaptateur Wifi LNK (non inclus)<\/p>\n","protected":false},"excerpt":{"rendered":"<p>Le programmateur \u00e9lectronique Rain Bird RZX-8I pour usage r\u00e9sidentiel et espaces verts de taille moyenne. Ses dimensions sont : largeur 16,9 cm x hauteur 15 cm x profondeur 3,9 cm. La programmation bas\u00e9e sur les zones permet \u00e0 chaque vanne d&rsquo;\u00eatre programm\u00e9e s\u00e9par\u00e9ment, en attribuant des programmes ind\u00e9pendants \u00e0 chaque zone (des dur\u00e9es de fonctionnement,&#8230;<\/p>\n","protected":false},"featured_media":14818,"comment_status":"open","ping_status":"closed","template":"","meta":[],"product_brand":[],"product_cat":[475],"product_tag":[1148,2148,824],"class_list":{"0":"post-6735","1":"product","2":"type-product","3":"status-publish","4":"has-post-thumbnail","6":"product_cat-programmeurs","7":"product_tag-arrosageautomatique","8":"product_tag-programmeur","9":"product_tag-reg-fr","11":"first","12":"outofstock","13":"taxable","14":"shipping-taxable","15":"purchasable","16":"product-type-simple"},"yoast_head":"<!-- This site is optimized with the Yoast SEO plugin v27.4 - https:\/\/yoast.com\/product\/yoast-seo-wordpress\/ -->\n<title>Programmateur \u00e9lectronique Rain Bird RZX-8I | SAIGA<\/title>\n<meta name=\"description\" content=\"Le programmateur \u00e9lectronique Rain Bird RZX-8I vous permet de programmer chaque vanne s\u00e9par\u00e9ment, en attribuant des programmes ind\u00e9pendants \u00e0 chaque zone.\" \/>\n<meta name=\"robots\" content=\"index, follow, max-snippet:-1, max-image-preview:large, max-video-preview:-1\" \/>\n<link rel=\"canonical\" href=\"https:\/\/saiga.es\/fr\/produit\/programmateur-electronique-rain-bird-rzx-8i\/\" \/>\n<meta property=\"og:locale\" content=\"fr_FR\" \/>\n<meta property=\"og:type\" content=\"article\" \/>\n<meta property=\"og:title\" content=\"Programmateur \u00e9lectronique Rain Bird RZX-8I | SAIGA\" \/>\n<meta property=\"og:description\" content=\"Le programmateur \u00e9lectronique Rain Bird RZX-8I vous permet de programmer chaque vanne s\u00e9par\u00e9ment, en attribuant des programmes ind\u00e9pendants \u00e0 chaque zone.\" \/>\n<meta property=\"og:url\" content=\"https:\/\/saiga.es\/fr\/produit\/programmateur-electronique-rain-bird-rzx-8i\/\" \/>\n<meta property=\"og:site_name\" content=\"SAIGA\" \/>\n<meta property=\"og:image\" content=\"https:\/\/saiga.es\/wp-content\/uploads\/2023\/11\/Programador-RZX-8I.jpg\" \/>\n\t<meta property=\"og:image:width\" content=\"1080\" \/>\n\t<meta property=\"og:image:height\" content=\"1080\" \/>\n\t<meta property=\"og:image:type\" content=\"image\/jpeg\" \/>\n<meta name=\"twitter:card\" content=\"summary_large_image\" \/>\n<meta name=\"twitter:site\" content=\"@saiga_agro\" \/>\n<meta name=\"twitter:label1\" content=\"Dur\u00e9e de lecture estim\u00e9e\" \/>\n\t<meta name=\"twitter:data1\" content=\"2 minutes\" \/>\n<script type=\"application\/ld+json\" class=\"yoast-schema-graph\">{\"@context\":\"https:\\\/\\\/schema.org\",\"@graph\":[{\"@type\":\"WebPage\",\"@id\":\"https:\\\/\\\/saiga.es\\\/fr\\\/produit\\\/programmateur-electronique-rain-bird-rzx-8i\\\/\",\"url\":\"https:\\\/\\\/saiga.es\\\/fr\\\/produit\\\/programmateur-electronique-rain-bird-rzx-8i\\\/\",\"name\":\"Programmateur \u00e9lectronique Rain Bird RZX-8I | SAIGA\",\"isPartOf\":{\"@id\":\"https:\\\/\\\/saiga.es\\\/fr\\\/#website\"},\"primaryImageOfPage\":{\"@id\":\"https:\\\/\\\/saiga.es\\\/fr\\\/produit\\\/programmateur-electronique-rain-bird-rzx-8i\\\/#primaryimage\"},\"image\":{\"@id\":\"https:\\\/\\\/saiga.es\\\/fr\\\/produit\\\/programmateur-electronique-rain-bird-rzx-8i\\\/#primaryimage\"},\"thumbnailUrl\":\"https:\\\/\\\/saiga.es\\\/wp-content\\\/uploads\\\/2023\\\/11\\\/Programador-RZX-8I.jpg\",\"datePublished\":\"2023-11-06T11:47:45+00:00\",\"description\":\"Le programmateur \u00e9lectronique Rain Bird RZX-8I vous permet de programmer chaque vanne s\u00e9par\u00e9ment, en attribuant des programmes ind\u00e9pendants \u00e0 chaque zone.\",\"breadcrumb\":{\"@id\":\"https:\\\/\\\/saiga.es\\\/fr\\\/produit\\\/programmateur-electronique-rain-bird-rzx-8i\\\/#breadcrumb\"},\"inLanguage\":\"fr-FR\",\"potentialAction\":[{\"@type\":\"ReadAction\",\"target\":[\"https:\\\/\\\/saiga.es\\\/fr\\\/produit\\\/programmateur-electronique-rain-bird-rzx-8i\\\/\"]}]},{\"@type\":\"ImageObject\",\"inLanguage\":\"fr-FR\",\"@id\":\"https:\\\/\\\/saiga.es\\\/fr\\\/produit\\\/programmateur-electronique-rain-bird-rzx-8i\\\/#primaryimage\",\"url\":\"https:\\\/\\\/saiga.es\\\/wp-content\\\/uploads\\\/2023\\\/11\\\/Programador-RZX-8I.jpg\",\"contentUrl\":\"https:\\\/\\\/saiga.es\\\/wp-content\\\/uploads\\\/2023\\\/11\\\/Programador-RZX-8I.jpg\",\"width\":1080,\"height\":1080,\"caption\":\"Programador RZX 8I\"},{\"@type\":\"BreadcrumbList\",\"@id\":\"https:\\\/\\\/saiga.es\\\/fr\\\/produit\\\/programmateur-electronique-rain-bird-rzx-8i\\\/#breadcrumb\",\"itemListElement\":[{\"@type\":\"ListItem\",\"position\":1,\"name\":\"Inici\",\"item\":\"https:\\\/\\\/saiga.es\\\/fr\\\/\"},{\"@type\":\"ListItem\",\"position\":2,\"name\":\"boutique\",\"item\":\"https:\\\/\\\/saiga.es\\\/fr\\\/boutique\\\/\"},{\"@type\":\"ListItem\",\"position\":3,\"name\":\"Programmateur \u00e9lectronique Rain Bird RZX-8I\"}]},{\"@type\":\"WebSite\",\"@id\":\"https:\\\/\\\/saiga.es\\\/fr\\\/#website\",\"url\":\"https:\\\/\\\/saiga.es\\\/fr\\\/\",\"name\":\"SAIGA\",\"description\":\"M\u00e9s de 50 anys al servei de la terra i treballant per a un \u00fas eficient de l\u2019aigua!\",\"publisher\":{\"@id\":\"https:\\\/\\\/saiga.es\\\/fr\\\/#organization\"},\"potentialAction\":[{\"@type\":\"SearchAction\",\"target\":{\"@type\":\"EntryPoint\",\"urlTemplate\":\"https:\\\/\\\/saiga.es\\\/fr\\\/?s={search_term_string}\"},\"query-input\":{\"@type\":\"PropertyValueSpecification\",\"valueRequired\":true,\"valueName\":\"search_term_string\"}}],\"inLanguage\":\"fr-FR\"},{\"@type\":\"Organization\",\"@id\":\"https:\\\/\\\/saiga.es\\\/fr\\\/#organization\",\"name\":\"SAIGA\",\"url\":\"https:\\\/\\\/saiga.es\\\/fr\\\/\",\"logo\":{\"@type\":\"ImageObject\",\"inLanguage\":\"fr-FR\",\"@id\":\"https:\\\/\\\/saiga.es\\\/fr\\\/#\\\/schema\\\/logo\\\/image\\\/\",\"url\":\"https:\\\/\\\/saiga.es\\\/wp-content\\\/uploads\\\/2025\\\/07\\\/logo_saiga_baseline_optimitzat.svg\",\"contentUrl\":\"https:\\\/\\\/saiga.es\\\/wp-content\\\/uploads\\\/2025\\\/07\\\/logo_saiga_baseline_optimitzat.svg\",\"caption\":\"SAIGA\"},\"image\":{\"@id\":\"https:\\\/\\\/saiga.es\\\/fr\\\/#\\\/schema\\\/logo\\\/image\\\/\"},\"sameAs\":[\"https:\\\/\\\/x.com\\\/saiga_agro\",\"https:\\\/\\\/www.instagram.com\\\/saiga_agro\\\/\"]}]}<\/script>\n<!-- \/ Yoast SEO plugin. -->","yoast_head_json":{"title":"Programmateur \u00e9lectronique Rain Bird RZX-8I | SAIGA","description":"Le programmateur \u00e9lectronique Rain Bird RZX-8I vous permet de programmer chaque vanne s\u00e9par\u00e9ment, en attribuant des programmes ind\u00e9pendants \u00e0 chaque zone.","robots":{"index":"index","follow":"follow","max-snippet":"max-snippet:-1","max-image-preview":"max-image-preview:large","max-video-preview":"max-video-preview:-1"},"canonical":"https:\/\/saiga.es\/fr\/produit\/programmateur-electronique-rain-bird-rzx-8i\/","og_locale":"fr_FR","og_type":"article","og_title":"Programmateur \u00e9lectronique Rain Bird RZX-8I | SAIGA","og_description":"Le programmateur \u00e9lectronique Rain Bird RZX-8I vous permet de programmer chaque vanne s\u00e9par\u00e9ment, en attribuant des programmes ind\u00e9pendants \u00e0 chaque zone.","og_url":"https:\/\/saiga.es\/fr\/produit\/programmateur-electronique-rain-bird-rzx-8i\/","og_site_name":"SAIGA","og_image":[{"width":1080,"height":1080,"url":"https:\/\/saiga.es\/wp-content\/uploads\/2023\/11\/Programador-RZX-8I.jpg","type":"image\/jpeg"}],"twitter_card":"summary_large_image","twitter_site":"@saiga_agro","twitter_misc":{"Dur\u00e9e de lecture estim\u00e9e":"2 minutes"},"schema":{"@context":"https:\/\/schema.org","@graph":[{"@type":"WebPage","@id":"https:\/\/saiga.es\/fr\/produit\/programmateur-electronique-rain-bird-rzx-8i\/","url":"https:\/\/saiga.es\/fr\/produit\/programmateur-electronique-rain-bird-rzx-8i\/","name":"Programmateur \u00e9lectronique Rain Bird RZX-8I | SAIGA","isPartOf":{"@id":"https:\/\/saiga.es\/fr\/#website"},"primaryImageOfPage":{"@id":"https:\/\/saiga.es\/fr\/produit\/programmateur-electronique-rain-bird-rzx-8i\/#primaryimage"},"image":{"@id":"https:\/\/saiga.es\/fr\/produit\/programmateur-electronique-rain-bird-rzx-8i\/#primaryimage"},"thumbnailUrl":"https:\/\/saiga.es\/wp-content\/uploads\/2023\/11\/Programador-RZX-8I.jpg","datePublished":"2023-11-06T11:47:45+00:00","description":"Le programmateur \u00e9lectronique Rain Bird RZX-8I vous permet de programmer chaque vanne s\u00e9par\u00e9ment, en attribuant des programmes ind\u00e9pendants \u00e0 chaque zone.","breadcrumb":{"@id":"https:\/\/saiga.es\/fr\/produit\/programmateur-electronique-rain-bird-rzx-8i\/#breadcrumb"},"inLanguage":"fr-FR","potentialAction":[{"@type":"ReadAction","target":["https:\/\/saiga.es\/fr\/produit\/programmateur-electronique-rain-bird-rzx-8i\/"]}]},{"@type":"ImageObject","inLanguage":"fr-FR","@id":"https:\/\/saiga.es\/fr\/produit\/programmateur-electronique-rain-bird-rzx-8i\/#primaryimage","url":"https:\/\/saiga.es\/wp-content\/uploads\/2023\/11\/Programador-RZX-8I.jpg","contentUrl":"https:\/\/saiga.es\/wp-content\/uploads\/2023\/11\/Programador-RZX-8I.jpg","width":1080,"height":1080,"caption":"Programador RZX 8I"},{"@type":"BreadcrumbList","@id":"https:\/\/saiga.es\/fr\/produit\/programmateur-electronique-rain-bird-rzx-8i\/#breadcrumb","itemListElement":[{"@type":"ListItem","position":1,"name":"Inici","item":"https:\/\/saiga.es\/fr\/"},{"@type":"ListItem","position":2,"name":"boutique","item":"https:\/\/saiga.es\/fr\/boutique\/"},{"@type":"ListItem","position":3,"name":"Programmateur \u00e9lectronique Rain Bird RZX-8I"}]},{"@type":"WebSite","@id":"https:\/\/saiga.es\/fr\/#website","url":"https:\/\/saiga.es\/fr\/","name":"SAIGA","description":"M\u00e9s de 50 anys al servei de la terra i treballant per a un \u00fas eficient de l\u2019aigua!","publisher":{"@id":"https:\/\/saiga.es\/fr\/#organization"},"potentialAction":[{"@type":"SearchAction","target":{"@type":"EntryPoint","urlTemplate":"https:\/\/saiga.es\/fr\/?s={search_term_string}"},"query-input":{"@type":"PropertyValueSpecification","valueRequired":true,"valueName":"search_term_string"}}],"inLanguage":"fr-FR"},{"@type":"Organization","@id":"https:\/\/saiga.es\/fr\/#organization","name":"SAIGA","url":"https:\/\/saiga.es\/fr\/","logo":{"@type":"ImageObject","inLanguage":"fr-FR","@id":"https:\/\/saiga.es\/fr\/#\/schema\/logo\/image\/","url":"https:\/\/saiga.es\/wp-content\/uploads\/2025\/07\/logo_saiga_baseline_optimitzat.svg","contentUrl":"https:\/\/saiga.es\/wp-content\/uploads\/2025\/07\/logo_saiga_baseline_optimitzat.svg","caption":"SAIGA"},"image":{"@id":"https:\/\/saiga.es\/fr\/#\/schema\/logo\/image\/"},"sameAs":["https:\/\/x.com\/saiga_agro","https:\/\/www.instagram.com\/saiga_agro\/"]}]}},"_links":{"self":[{"href":"https:\/\/saiga.es\/fr\/wp-json\/wp\/v2\/product\/6735","targetHints":{"allow":["GET"]}}],"collection":[{"href":"https:\/\/saiga.es\/fr\/wp-json\/wp\/v2\/product"}],"about":[{"href":"https:\/\/saiga.es\/fr\/wp-json\/wp\/v2\/types\/product"}],"replies":[{"embeddable":true,"href":"https:\/\/saiga.es\/fr\/wp-json\/wp\/v2\/comments?post=6735"}],"wp:featuredmedia":[{"embeddable":true,"href":"https:\/\/saiga.es\/fr\/wp-json\/wp\/v2\/media\/14818"}],"wp:attachment":[{"href":"https:\/\/saiga.es\/fr\/wp-json\/wp\/v2\/media?parent=6735"}],"wp:term":[{"taxonomy":"product_brand","embeddable":true,"href":"https:\/\/saiga.es\/fr\/wp-json\/wp\/v2\/product_brand?post=6735"},{"taxonomy":"product_cat","embeddable":true,"href":"https:\/\/saiga.es\/fr\/wp-json\/wp\/v2\/product_cat?post=6735"},{"taxonomy":"product_tag","embeddable":true,"href":"https:\/\/saiga.es\/fr\/wp-json\/wp\/v2\/product_tag?post=6735"}],"curies":[{"name":"wp","href":"https:\/\/api.w.org\/{rel}","templated":true}]}}