{"id":6737,"date":"2023-11-03T11:39:49","date_gmt":"2023-11-03T11:39:49","guid":{"rendered":"https:\/\/botiga.saiga.es\/producte\/programmeur-4-stations-alimente-par-batterie-hunter-svc-400\/"},"modified":"2023-11-03T11:39:49","modified_gmt":"2023-11-03T11:39:49","slug":"programmeur-4-stations-alimente-par-batterie-hunter-svc-400","status":"publish","type":"product","link":"https:\/\/saiga.es\/fr\/produit\/programmeur-4-stations-alimente-par-batterie-hunter-svc-400\/","title":{"rendered":"Programmeur 4 stations aliment\u00e9 par batterie Hunter SVC-400"},"content":{"rendered":"<p>Le programmateur de vanne intelligent Hunter Brand SVC-400 est le choix id\u00e9al pour un fonctionnement fiable en l&rsquo;absence d&rsquo;alimentation \u00e9lectrique standard. Si vous n&rsquo;arrosez pas une zone simplement parce que vous n&rsquo;avez pas d&rsquo;\u00e9lectricit\u00e9, les contr\u00f4leurs fonctionnant sur batterie SVC de Hunter sont le meilleur choix. Le contr\u00f4leur de vanne intelligent se monte directement sur une vanne rapidement et facilement, sans vis, perceuses ou fils.<\/p>\n<p>Le programmateur de batterie autonome se monte directement sur une \u00e9lectrovanne rapidement et facilement : pas de vis, pas de<br \/>\nbesoin de perceuse ou de c\u00e2bles. Sa duret\u00e9 de conception et sa construction solide assurent une fonctionnalit\u00e9 dans la poitrine et<br \/>\nconditions difficiles Il est submersible et r\u00e9siste \u00e0 l\u2019intrusion de l\u2019humidit\u00e9, de l\u2019argile et de la salet\u00e9 jusqu\u2019\u00e0 3 m\u00e8tres de profondeur.<br \/>\nIl fonctionne avec une seule pile de 9 volts dont l\u2019alimentation est garantie pendant au moins un an. Il est \u00e9galement tr\u00e8s facile de<br \/>\nprogramme, avec un \u00e9cran de type LCD facile \u00e0 lire et \u00e0 comprendre, et fonctionnant avec un clavier \u00e0 pression.<\/p>\n<p><strong>Caract\u00e9ristiques du programmateur SVC-400<\/strong><\/p>\n<p>Programmation simple avec un bouton poussoir<br \/>\nActive jusqu&rsquo;\u00e0 quatre \u00e9lectrovannes<br \/>\nGrand \u00e9cran \u00e0 cristaux liquides (LCD) avec symboles faciles \u00e0 comprendre<br \/>\nFonctionne avec une pile alcaline standard de 9 volts<br \/>\nProgramme d&rsquo;arrosage \u00ab Jours de la semaine \u00bb<br \/>\nJusqu&rsquo;\u00e0 neuf heures de d\u00e9marrage par jour<br \/>\n(d\u00e9parts quotidiens).<br \/>\nTemps d&rsquo;irrigation de 1 minute \u00e0 4 heures<br \/>\nArrosage manuel<br \/>\nL&rsquo;\u00e9tat de la batterie faible indique la dur\u00e9e de vie de la batterie<br \/>\nCompatible capteur de pluie (ou autre capteur \u00e0 micro-interrupteur)<br \/>\nPlusieurs options de montage<\/p>\n","protected":false},"excerpt":{"rendered":"<p>Le programmateur de vanne intelligent Hunter Brand SVC-400 est le choix id\u00e9al pour un fonctionnement fiable en l&rsquo;absence d&rsquo;alimentation \u00e9lectrique standard. Si vous n&rsquo;arrosez pas une zone simplement parce que vous n&rsquo;avez pas d&rsquo;\u00e9lectricit\u00e9, les contr\u00f4leurs fonctionnant sur batterie SVC de Hunter sont le meilleur choix.<\/p>\n","protected":false},"featured_media":6738,"comment_status":"closed","ping_status":"closed","template":"","meta":[],"product_brand":[],"product_cat":[463,475],"product_tag":[],"class_list":{"0":"post-6737","1":"product","2":"type-product","3":"status-publish","4":"has-post-thumbnail","6":"product_cat-outlet-fr","7":"product_cat-programmeurs","9":"first","10":"instock","11":"sale","12":"taxable","13":"shipping-taxable","14":"purchasable","15":"product-type-simple"},"yoast_head":"<!-- This site is optimized with the Yoast SEO plugin v27.3 - https:\/\/yoast.com\/product\/yoast-seo-wordpress\/ -->\n<title>Programmeur 4 stations aliment\u00e9 par batterie Hunter SVC-400 | SAIGA<\/title>\n<meta name=\"description\" content=\"Le contr\u00f4leur d&#039;irrigation Hunter Brand SVC-400 est le choix id\u00e9al pour un fonctionnement fiable en l&#039;absence d&#039;alimentation \u00e9lectrique standard.\" \/>\n<meta name=\"robots\" content=\"index, follow, max-snippet:-1, max-image-preview:large, max-video-preview:-1\" \/>\n<link rel=\"canonical\" href=\"https:\/\/saiga.es\/fr\/produit\/programmeur-4-stations-alimente-par-batterie-hunter-svc-400\/\" \/>\n<meta property=\"og:locale\" content=\"fr_FR\" \/>\n<meta property=\"og:type\" content=\"article\" \/>\n<meta property=\"og:title\" content=\"Programmeur 4 stations aliment\u00e9 par batterie Hunter SVC-400 | SAIGA\" \/>\n<meta property=\"og:description\" content=\"Le contr\u00f4leur d&#039;irrigation Hunter Brand SVC-400 est le choix id\u00e9al pour un fonctionnement fiable en l&#039;absence d&#039;alimentation \u00e9lectrique standard.\" \/>\n<meta property=\"og:url\" content=\"https:\/\/saiga.es\/fr\/produit\/programmeur-4-stations-alimente-par-batterie-hunter-svc-400\/\" \/>\n<meta property=\"og:site_name\" content=\"SAIGA\" \/>\n<meta property=\"og:image\" content=\"https:\/\/saiga.es\/wp-content\/uploads\/2023\/11\/programator-hunter-svc-400-4-zone-9v.jpg\" \/>\n\t<meta property=\"og:image:width\" content=\"492\" \/>\n\t<meta property=\"og:image:height\" content=\"492\" \/>\n\t<meta property=\"og:image:type\" content=\"image\/jpeg\" \/>\n<meta name=\"twitter:card\" content=\"summary_large_image\" \/>\n<meta name=\"twitter:site\" content=\"@saiga_agro\" \/>\n<meta name=\"twitter:label1\" content=\"Dur\u00e9e de lecture estim\u00e9e\" \/>\n\t<meta name=\"twitter:data1\" content=\"1 minute\" \/>\n<script type=\"application\/ld+json\" class=\"yoast-schema-graph\">{\"@context\":\"https:\\\/\\\/schema.org\",\"@graph\":[{\"@type\":\"WebPage\",\"@id\":\"https:\\\/\\\/saiga.es\\\/fr\\\/produit\\\/programmeur-4-stations-alimente-par-batterie-hunter-svc-400\\\/\",\"url\":\"https:\\\/\\\/saiga.es\\\/fr\\\/produit\\\/programmeur-4-stations-alimente-par-batterie-hunter-svc-400\\\/\",\"name\":\"Programmeur 4 stations aliment\u00e9 par batterie Hunter SVC-400 | SAIGA\",\"isPartOf\":{\"@id\":\"https:\\\/\\\/saiga.es\\\/fr\\\/#website\"},\"primaryImageOfPage\":{\"@id\":\"https:\\\/\\\/saiga.es\\\/fr\\\/produit\\\/programmeur-4-stations-alimente-par-batterie-hunter-svc-400\\\/#primaryimage\"},\"image\":{\"@id\":\"https:\\\/\\\/saiga.es\\\/fr\\\/produit\\\/programmeur-4-stations-alimente-par-batterie-hunter-svc-400\\\/#primaryimage\"},\"thumbnailUrl\":\"https:\\\/\\\/saiga.es\\\/wp-content\\\/uploads\\\/2023\\\/11\\\/programator-hunter-svc-400-4-zone-9v.jpg\",\"datePublished\":\"2023-11-03T11:39:49+00:00\",\"description\":\"Le contr\u00f4leur d'irrigation Hunter Brand SVC-400 est le choix id\u00e9al pour un fonctionnement fiable en l'absence d'alimentation \u00e9lectrique standard.\",\"breadcrumb\":{\"@id\":\"https:\\\/\\\/saiga.es\\\/fr\\\/produit\\\/programmeur-4-stations-alimente-par-batterie-hunter-svc-400\\\/#breadcrumb\"},\"inLanguage\":\"fr-FR\",\"potentialAction\":[{\"@type\":\"ReadAction\",\"target\":[\"https:\\\/\\\/saiga.es\\\/fr\\\/produit\\\/programmeur-4-stations-alimente-par-batterie-hunter-svc-400\\\/\"]}]},{\"@type\":\"ImageObject\",\"inLanguage\":\"fr-FR\",\"@id\":\"https:\\\/\\\/saiga.es\\\/fr\\\/produit\\\/programmeur-4-stations-alimente-par-batterie-hunter-svc-400\\\/#primaryimage\",\"url\":\"https:\\\/\\\/saiga.es\\\/wp-content\\\/uploads\\\/2023\\\/11\\\/programator-hunter-svc-400-4-zone-9v.jpg\",\"contentUrl\":\"https:\\\/\\\/saiga.es\\\/wp-content\\\/uploads\\\/2023\\\/11\\\/programator-hunter-svc-400-4-zone-9v.jpg\",\"width\":492,\"height\":492},{\"@type\":\"BreadcrumbList\",\"@id\":\"https:\\\/\\\/saiga.es\\\/fr\\\/produit\\\/programmeur-4-stations-alimente-par-batterie-hunter-svc-400\\\/#breadcrumb\",\"itemListElement\":[{\"@type\":\"ListItem\",\"position\":1,\"name\":\"Inici\",\"item\":\"https:\\\/\\\/saiga.es\\\/fr\\\/\"},{\"@type\":\"ListItem\",\"position\":2,\"name\":\"boutique\",\"item\":\"https:\\\/\\\/saiga.es\\\/fr\\\/boutique\\\/\"},{\"@type\":\"ListItem\",\"position\":3,\"name\":\"Programmeur 4 stations aliment\u00e9 par batterie Hunter SVC-400\"}]},{\"@type\":\"WebSite\",\"@id\":\"https:\\\/\\\/saiga.es\\\/fr\\\/#website\",\"url\":\"https:\\\/\\\/saiga.es\\\/fr\\\/\",\"name\":\"SAIGA\",\"description\":\"M\u00e9s de 50 anys al servei de la terra i treballant per a un \u00fas eficient de l\u2019aigua!\",\"publisher\":{\"@id\":\"https:\\\/\\\/saiga.es\\\/fr\\\/#organization\"},\"potentialAction\":[{\"@type\":\"SearchAction\",\"target\":{\"@type\":\"EntryPoint\",\"urlTemplate\":\"https:\\\/\\\/saiga.es\\\/fr\\\/?s={search_term_string}\"},\"query-input\":{\"@type\":\"PropertyValueSpecification\",\"valueRequired\":true,\"valueName\":\"search_term_string\"}}],\"inLanguage\":\"fr-FR\"},{\"@type\":\"Organization\",\"@id\":\"https:\\\/\\\/saiga.es\\\/fr\\\/#organization\",\"name\":\"SAIGA\",\"url\":\"https:\\\/\\\/saiga.es\\\/fr\\\/\",\"logo\":{\"@type\":\"ImageObject\",\"inLanguage\":\"fr-FR\",\"@id\":\"https:\\\/\\\/saiga.es\\\/fr\\\/#\\\/schema\\\/logo\\\/image\\\/\",\"url\":\"https:\\\/\\\/saiga.es\\\/wp-content\\\/uploads\\\/2025\\\/07\\\/logo_saiga_baseline_optimitzat.svg\",\"contentUrl\":\"https:\\\/\\\/saiga.es\\\/wp-content\\\/uploads\\\/2025\\\/07\\\/logo_saiga_baseline_optimitzat.svg\",\"caption\":\"SAIGA\"},\"image\":{\"@id\":\"https:\\\/\\\/saiga.es\\\/fr\\\/#\\\/schema\\\/logo\\\/image\\\/\"},\"sameAs\":[\"https:\\\/\\\/x.com\\\/saiga_agro\",\"https:\\\/\\\/www.instagram.com\\\/saiga_agro\\\/\"]}]}<\/script>\n<!-- \/ Yoast SEO plugin. -->","yoast_head_json":{"title":"Programmeur 4 stations aliment\u00e9 par batterie Hunter SVC-400 | SAIGA","description":"Le contr\u00f4leur d'irrigation Hunter Brand SVC-400 est le choix id\u00e9al pour un fonctionnement fiable en l'absence d'alimentation \u00e9lectrique standard.","robots":{"index":"index","follow":"follow","max-snippet":"max-snippet:-1","max-image-preview":"max-image-preview:large","max-video-preview":"max-video-preview:-1"},"canonical":"https:\/\/saiga.es\/fr\/produit\/programmeur-4-stations-alimente-par-batterie-hunter-svc-400\/","og_locale":"fr_FR","og_type":"article","og_title":"Programmeur 4 stations aliment\u00e9 par batterie Hunter SVC-400 | SAIGA","og_description":"Le contr\u00f4leur d'irrigation Hunter Brand SVC-400 est le choix id\u00e9al pour un fonctionnement fiable en l'absence d'alimentation \u00e9lectrique standard.","og_url":"https:\/\/saiga.es\/fr\/produit\/programmeur-4-stations-alimente-par-batterie-hunter-svc-400\/","og_site_name":"SAIGA","og_image":[{"width":492,"height":492,"url":"https:\/\/saiga.es\/wp-content\/uploads\/2023\/11\/programator-hunter-svc-400-4-zone-9v.jpg","type":"image\/jpeg"}],"twitter_card":"summary_large_image","twitter_site":"@saiga_agro","twitter_misc":{"Dur\u00e9e de lecture estim\u00e9e":"1 minute"},"schema":{"@context":"https:\/\/schema.org","@graph":[{"@type":"WebPage","@id":"https:\/\/saiga.es\/fr\/produit\/programmeur-4-stations-alimente-par-batterie-hunter-svc-400\/","url":"https:\/\/saiga.es\/fr\/produit\/programmeur-4-stations-alimente-par-batterie-hunter-svc-400\/","name":"Programmeur 4 stations aliment\u00e9 par batterie Hunter SVC-400 | SAIGA","isPartOf":{"@id":"https:\/\/saiga.es\/fr\/#website"},"primaryImageOfPage":{"@id":"https:\/\/saiga.es\/fr\/produit\/programmeur-4-stations-alimente-par-batterie-hunter-svc-400\/#primaryimage"},"image":{"@id":"https:\/\/saiga.es\/fr\/produit\/programmeur-4-stations-alimente-par-batterie-hunter-svc-400\/#primaryimage"},"thumbnailUrl":"https:\/\/saiga.es\/wp-content\/uploads\/2023\/11\/programator-hunter-svc-400-4-zone-9v.jpg","datePublished":"2023-11-03T11:39:49+00:00","description":"Le contr\u00f4leur d'irrigation Hunter Brand SVC-400 est le choix id\u00e9al pour un fonctionnement fiable en l'absence d'alimentation \u00e9lectrique standard.","breadcrumb":{"@id":"https:\/\/saiga.es\/fr\/produit\/programmeur-4-stations-alimente-par-batterie-hunter-svc-400\/#breadcrumb"},"inLanguage":"fr-FR","potentialAction":[{"@type":"ReadAction","target":["https:\/\/saiga.es\/fr\/produit\/programmeur-4-stations-alimente-par-batterie-hunter-svc-400\/"]}]},{"@type":"ImageObject","inLanguage":"fr-FR","@id":"https:\/\/saiga.es\/fr\/produit\/programmeur-4-stations-alimente-par-batterie-hunter-svc-400\/#primaryimage","url":"https:\/\/saiga.es\/wp-content\/uploads\/2023\/11\/programator-hunter-svc-400-4-zone-9v.jpg","contentUrl":"https:\/\/saiga.es\/wp-content\/uploads\/2023\/11\/programator-hunter-svc-400-4-zone-9v.jpg","width":492,"height":492},{"@type":"BreadcrumbList","@id":"https:\/\/saiga.es\/fr\/produit\/programmeur-4-stations-alimente-par-batterie-hunter-svc-400\/#breadcrumb","itemListElement":[{"@type":"ListItem","position":1,"name":"Inici","item":"https:\/\/saiga.es\/fr\/"},{"@type":"ListItem","position":2,"name":"boutique","item":"https:\/\/saiga.es\/fr\/boutique\/"},{"@type":"ListItem","position":3,"name":"Programmeur 4 stations aliment\u00e9 par batterie Hunter SVC-400"}]},{"@type":"WebSite","@id":"https:\/\/saiga.es\/fr\/#website","url":"https:\/\/saiga.es\/fr\/","name":"SAIGA","description":"M\u00e9s de 50 anys al servei de la terra i treballant per a un \u00fas eficient de l\u2019aigua!","publisher":{"@id":"https:\/\/saiga.es\/fr\/#organization"},"potentialAction":[{"@type":"SearchAction","target":{"@type":"EntryPoint","urlTemplate":"https:\/\/saiga.es\/fr\/?s={search_term_string}"},"query-input":{"@type":"PropertyValueSpecification","valueRequired":true,"valueName":"search_term_string"}}],"inLanguage":"fr-FR"},{"@type":"Organization","@id":"https:\/\/saiga.es\/fr\/#organization","name":"SAIGA","url":"https:\/\/saiga.es\/fr\/","logo":{"@type":"ImageObject","inLanguage":"fr-FR","@id":"https:\/\/saiga.es\/fr\/#\/schema\/logo\/image\/","url":"https:\/\/saiga.es\/wp-content\/uploads\/2025\/07\/logo_saiga_baseline_optimitzat.svg","contentUrl":"https:\/\/saiga.es\/wp-content\/uploads\/2025\/07\/logo_saiga_baseline_optimitzat.svg","caption":"SAIGA"},"image":{"@id":"https:\/\/saiga.es\/fr\/#\/schema\/logo\/image\/"},"sameAs":["https:\/\/x.com\/saiga_agro","https:\/\/www.instagram.com\/saiga_agro\/"]}]}},"_links":{"self":[{"href":"https:\/\/saiga.es\/fr\/wp-json\/wp\/v2\/product\/6737","targetHints":{"allow":["GET"]}}],"collection":[{"href":"https:\/\/saiga.es\/fr\/wp-json\/wp\/v2\/product"}],"about":[{"href":"https:\/\/saiga.es\/fr\/wp-json\/wp\/v2\/types\/product"}],"replies":[{"embeddable":true,"href":"https:\/\/saiga.es\/fr\/wp-json\/wp\/v2\/comments?post=6737"}],"wp:featuredmedia":[{"embeddable":true,"href":"https:\/\/saiga.es\/fr\/wp-json\/wp\/v2\/media\/6738"}],"wp:attachment":[{"href":"https:\/\/saiga.es\/fr\/wp-json\/wp\/v2\/media?parent=6737"}],"wp:term":[{"taxonomy":"product_brand","embeddable":true,"href":"https:\/\/saiga.es\/fr\/wp-json\/wp\/v2\/product_brand?post=6737"},{"taxonomy":"product_cat","embeddable":true,"href":"https:\/\/saiga.es\/fr\/wp-json\/wp\/v2\/product_cat?post=6737"},{"taxonomy":"product_tag","embeddable":true,"href":"https:\/\/saiga.es\/fr\/wp-json\/wp\/v2\/product_tag?post=6737"}],"curies":[{"name":"wp","href":"https:\/\/api.w.org\/{rel}","templated":true}]}}