{"id":6749,"date":"2023-08-21T13:54:52","date_gmt":"2023-08-21T13:54:52","guid":{"rendered":"https:\/\/botiga.saiga.es\/producte\/maille-anti-herbe-100-gr\/"},"modified":"2023-08-21T13:54:52","modified_gmt":"2023-08-21T13:54:52","slug":"maille-anti-herbe-100-gr","status":"publish","type":"product","link":"https:\/\/saiga.es\/fr\/produit\/maille-anti-herbe-100-gr\/","title":{"rendered":"Maille anti-herbe 100 gr."},"content":{"rendered":"<p>Le filet anti-mauvaises herbes est con\u00e7u pour emp\u00eacher les mauvaises herbes de p\u00e9n\u00e9trer dans la surface o\u00f9 il est plac\u00e9, ce qui contribue \u00e0 r\u00e9duire la concurrence des mauvaises herbes pour les nutriments, l&rsquo;eau et la lumi\u00e8re du soleil, ce qui profite \u00e0 son tour aux plantes d\u00e9sirables.<\/p>\n","protected":false},"excerpt":{"rendered":"<p>Le filet anti-mauvaises herbes est con\u00e7u pour emp\u00eacher les mauvaises herbes de p\u00e9n\u00e9trer dans la surface o\u00f9 il est plac\u00e9, ce qui contribue \u00e0 r\u00e9duire la concurrence des mauvaises herbes pour les nutriments, l&rsquo;eau et la lumi\u00e8re du soleil, ce qui profite \u00e0 son tour aux plantes d\u00e9sirables.<\/p>\n","protected":false},"featured_media":6545,"comment_status":"open","ping_status":"closed","template":"","meta":[],"product_brand":[],"product_cat":[487],"product_tag":[915],"class_list":{"0":"post-6749","1":"product","2":"type-product","3":"status-publish","4":"has-post-thumbnail","6":"product_cat-semelle-interieure-en-maille","7":"product_tag-maille","9":"first","10":"outofstock","11":"taxable","12":"shipping-taxable","13":"product-type-simple"},"yoast_head":"<!-- This site is optimized with the Yoast SEO plugin v27.3 - https:\/\/yoast.com\/product\/yoast-seo-wordpress\/ -->\n<title>Maille anti-herbe 100 gr. | SAIGA<\/title>\n<meta name=\"robots\" content=\"index, follow, max-snippet:-1, max-image-preview:large, max-video-preview:-1\" \/>\n<link rel=\"canonical\" href=\"https:\/\/saiga.es\/fr\/produit\/maille-anti-herbe-100-gr\/\" \/>\n<meta property=\"og:locale\" content=\"fr_FR\" \/>\n<meta property=\"og:type\" content=\"article\" \/>\n<meta property=\"og:title\" content=\"Maille anti-herbe 100 gr. | SAIGA\" \/>\n<meta property=\"og:description\" content=\"Le filet anti-mauvaises herbes est con\u00e7u pour emp\u00eacher les mauvaises herbes de p\u00e9n\u00e9trer dans la surface o\u00f9 il est plac\u00e9, ce qui contribue \u00e0 r\u00e9duire la concurrence des mauvaises herbes pour les nutriments, l&rsquo;eau et la lumi\u00e8re du soleil, ce qui profite \u00e0 son tour aux plantes d\u00e9sirables.\" \/>\n<meta property=\"og:url\" content=\"https:\/\/saiga.es\/fr\/produit\/maille-anti-herbe-100-gr\/\" \/>\n<meta property=\"og:site_name\" content=\"SAIGA\" \/>\n<meta property=\"og:image\" content=\"https:\/\/saiga.es\/wp-content\/uploads\/2023\/08\/Malla-antiherbes.jpg\" \/>\n\t<meta property=\"og:image:width\" content=\"1748\" \/>\n\t<meta property=\"og:image:height\" content=\"1240\" \/>\n\t<meta property=\"og:image:type\" content=\"image\/jpeg\" \/>\n<meta name=\"twitter:card\" content=\"summary_large_image\" \/>\n<meta name=\"twitter:site\" content=\"@saiga_agro\" \/>\n<script type=\"application\/ld+json\" class=\"yoast-schema-graph\">{\"@context\":\"https:\\\/\\\/schema.org\",\"@graph\":[{\"@type\":\"WebPage\",\"@id\":\"https:\\\/\\\/saiga.es\\\/fr\\\/produit\\\/maille-anti-herbe-100-gr\\\/\",\"url\":\"https:\\\/\\\/saiga.es\\\/fr\\\/produit\\\/maille-anti-herbe-100-gr\\\/\",\"name\":\"Maille anti-herbe 100 gr. | SAIGA\",\"isPartOf\":{\"@id\":\"https:\\\/\\\/saiga.es\\\/fr\\\/#website\"},\"primaryImageOfPage\":{\"@id\":\"https:\\\/\\\/saiga.es\\\/fr\\\/produit\\\/maille-anti-herbe-100-gr\\\/#primaryimage\"},\"image\":{\"@id\":\"https:\\\/\\\/saiga.es\\\/fr\\\/produit\\\/maille-anti-herbe-100-gr\\\/#primaryimage\"},\"thumbnailUrl\":\"https:\\\/\\\/saiga.es\\\/wp-content\\\/uploads\\\/2023\\\/08\\\/Malla-antiherbes.jpg\",\"datePublished\":\"2023-08-21T13:54:52+00:00\",\"breadcrumb\":{\"@id\":\"https:\\\/\\\/saiga.es\\\/fr\\\/produit\\\/maille-anti-herbe-100-gr\\\/#breadcrumb\"},\"inLanguage\":\"fr-FR\",\"potentialAction\":[{\"@type\":\"ReadAction\",\"target\":[\"https:\\\/\\\/saiga.es\\\/fr\\\/produit\\\/maille-anti-herbe-100-gr\\\/\"]}]},{\"@type\":\"ImageObject\",\"inLanguage\":\"fr-FR\",\"@id\":\"https:\\\/\\\/saiga.es\\\/fr\\\/produit\\\/maille-anti-herbe-100-gr\\\/#primaryimage\",\"url\":\"https:\\\/\\\/saiga.es\\\/wp-content\\\/uploads\\\/2023\\\/08\\\/Malla-antiherbes.jpg\",\"contentUrl\":\"https:\\\/\\\/saiga.es\\\/wp-content\\\/uploads\\\/2023\\\/08\\\/Malla-antiherbes.jpg\",\"width\":1748,\"height\":1240,\"caption\":\"Malla antiherba\"},{\"@type\":\"BreadcrumbList\",\"@id\":\"https:\\\/\\\/saiga.es\\\/fr\\\/produit\\\/maille-anti-herbe-100-gr\\\/#breadcrumb\",\"itemListElement\":[{\"@type\":\"ListItem\",\"position\":1,\"name\":\"Inici\",\"item\":\"https:\\\/\\\/saiga.es\\\/fr\\\/\"},{\"@type\":\"ListItem\",\"position\":2,\"name\":\"boutique\",\"item\":\"https:\\\/\\\/saiga.es\\\/fr\\\/boutique\\\/\"},{\"@type\":\"ListItem\",\"position\":3,\"name\":\"Maille anti-herbe 100 gr.\"}]},{\"@type\":\"WebSite\",\"@id\":\"https:\\\/\\\/saiga.es\\\/fr\\\/#website\",\"url\":\"https:\\\/\\\/saiga.es\\\/fr\\\/\",\"name\":\"SAIGA\",\"description\":\"M\u00e9s de 50 anys al servei de la terra i treballant per a un \u00fas eficient de l\u2019aigua!\",\"publisher\":{\"@id\":\"https:\\\/\\\/saiga.es\\\/fr\\\/#organization\"},\"potentialAction\":[{\"@type\":\"SearchAction\",\"target\":{\"@type\":\"EntryPoint\",\"urlTemplate\":\"https:\\\/\\\/saiga.es\\\/fr\\\/?s={search_term_string}\"},\"query-input\":{\"@type\":\"PropertyValueSpecification\",\"valueRequired\":true,\"valueName\":\"search_term_string\"}}],\"inLanguage\":\"fr-FR\"},{\"@type\":\"Organization\",\"@id\":\"https:\\\/\\\/saiga.es\\\/fr\\\/#organization\",\"name\":\"SAIGA\",\"url\":\"https:\\\/\\\/saiga.es\\\/fr\\\/\",\"logo\":{\"@type\":\"ImageObject\",\"inLanguage\":\"fr-FR\",\"@id\":\"https:\\\/\\\/saiga.es\\\/fr\\\/#\\\/schema\\\/logo\\\/image\\\/\",\"url\":\"https:\\\/\\\/saiga.es\\\/wp-content\\\/uploads\\\/2025\\\/07\\\/logo_saiga_baseline_optimitzat.svg\",\"contentUrl\":\"https:\\\/\\\/saiga.es\\\/wp-content\\\/uploads\\\/2025\\\/07\\\/logo_saiga_baseline_optimitzat.svg\",\"caption\":\"SAIGA\"},\"image\":{\"@id\":\"https:\\\/\\\/saiga.es\\\/fr\\\/#\\\/schema\\\/logo\\\/image\\\/\"},\"sameAs\":[\"https:\\\/\\\/x.com\\\/saiga_agro\",\"https:\\\/\\\/www.instagram.com\\\/saiga_agro\\\/\"]}]}<\/script>\n<!-- \/ Yoast SEO plugin. -->","yoast_head_json":{"title":"Maille anti-herbe 100 gr. | SAIGA","robots":{"index":"index","follow":"follow","max-snippet":"max-snippet:-1","max-image-preview":"max-image-preview:large","max-video-preview":"max-video-preview:-1"},"canonical":"https:\/\/saiga.es\/fr\/produit\/maille-anti-herbe-100-gr\/","og_locale":"fr_FR","og_type":"article","og_title":"Maille anti-herbe 100 gr. | SAIGA","og_description":"Le filet anti-mauvaises herbes est con\u00e7u pour emp\u00eacher les mauvaises herbes de p\u00e9n\u00e9trer dans la surface o\u00f9 il est plac\u00e9, ce qui contribue \u00e0 r\u00e9duire la concurrence des mauvaises herbes pour les nutriments, l&rsquo;eau et la lumi\u00e8re du soleil, ce qui profite \u00e0 son tour aux plantes d\u00e9sirables.","og_url":"https:\/\/saiga.es\/fr\/produit\/maille-anti-herbe-100-gr\/","og_site_name":"SAIGA","og_image":[{"width":1748,"height":1240,"url":"https:\/\/saiga.es\/wp-content\/uploads\/2023\/08\/Malla-antiherbes.jpg","type":"image\/jpeg"}],"twitter_card":"summary_large_image","twitter_site":"@saiga_agro","schema":{"@context":"https:\/\/schema.org","@graph":[{"@type":"WebPage","@id":"https:\/\/saiga.es\/fr\/produit\/maille-anti-herbe-100-gr\/","url":"https:\/\/saiga.es\/fr\/produit\/maille-anti-herbe-100-gr\/","name":"Maille anti-herbe 100 gr. | SAIGA","isPartOf":{"@id":"https:\/\/saiga.es\/fr\/#website"},"primaryImageOfPage":{"@id":"https:\/\/saiga.es\/fr\/produit\/maille-anti-herbe-100-gr\/#primaryimage"},"image":{"@id":"https:\/\/saiga.es\/fr\/produit\/maille-anti-herbe-100-gr\/#primaryimage"},"thumbnailUrl":"https:\/\/saiga.es\/wp-content\/uploads\/2023\/08\/Malla-antiherbes.jpg","datePublished":"2023-08-21T13:54:52+00:00","breadcrumb":{"@id":"https:\/\/saiga.es\/fr\/produit\/maille-anti-herbe-100-gr\/#breadcrumb"},"inLanguage":"fr-FR","potentialAction":[{"@type":"ReadAction","target":["https:\/\/saiga.es\/fr\/produit\/maille-anti-herbe-100-gr\/"]}]},{"@type":"ImageObject","inLanguage":"fr-FR","@id":"https:\/\/saiga.es\/fr\/produit\/maille-anti-herbe-100-gr\/#primaryimage","url":"https:\/\/saiga.es\/wp-content\/uploads\/2023\/08\/Malla-antiherbes.jpg","contentUrl":"https:\/\/saiga.es\/wp-content\/uploads\/2023\/08\/Malla-antiherbes.jpg","width":1748,"height":1240,"caption":"Malla antiherba"},{"@type":"BreadcrumbList","@id":"https:\/\/saiga.es\/fr\/produit\/maille-anti-herbe-100-gr\/#breadcrumb","itemListElement":[{"@type":"ListItem","position":1,"name":"Inici","item":"https:\/\/saiga.es\/fr\/"},{"@type":"ListItem","position":2,"name":"boutique","item":"https:\/\/saiga.es\/fr\/boutique\/"},{"@type":"ListItem","position":3,"name":"Maille anti-herbe 100 gr."}]},{"@type":"WebSite","@id":"https:\/\/saiga.es\/fr\/#website","url":"https:\/\/saiga.es\/fr\/","name":"SAIGA","description":"M\u00e9s de 50 anys al servei de la terra i treballant per a un \u00fas eficient de l\u2019aigua!","publisher":{"@id":"https:\/\/saiga.es\/fr\/#organization"},"potentialAction":[{"@type":"SearchAction","target":{"@type":"EntryPoint","urlTemplate":"https:\/\/saiga.es\/fr\/?s={search_term_string}"},"query-input":{"@type":"PropertyValueSpecification","valueRequired":true,"valueName":"search_term_string"}}],"inLanguage":"fr-FR"},{"@type":"Organization","@id":"https:\/\/saiga.es\/fr\/#organization","name":"SAIGA","url":"https:\/\/saiga.es\/fr\/","logo":{"@type":"ImageObject","inLanguage":"fr-FR","@id":"https:\/\/saiga.es\/fr\/#\/schema\/logo\/image\/","url":"https:\/\/saiga.es\/wp-content\/uploads\/2025\/07\/logo_saiga_baseline_optimitzat.svg","contentUrl":"https:\/\/saiga.es\/wp-content\/uploads\/2025\/07\/logo_saiga_baseline_optimitzat.svg","caption":"SAIGA"},"image":{"@id":"https:\/\/saiga.es\/fr\/#\/schema\/logo\/image\/"},"sameAs":["https:\/\/x.com\/saiga_agro","https:\/\/www.instagram.com\/saiga_agro\/"]}]}},"_links":{"self":[{"href":"https:\/\/saiga.es\/fr\/wp-json\/wp\/v2\/product\/6749","targetHints":{"allow":["GET"]}}],"collection":[{"href":"https:\/\/saiga.es\/fr\/wp-json\/wp\/v2\/product"}],"about":[{"href":"https:\/\/saiga.es\/fr\/wp-json\/wp\/v2\/types\/product"}],"replies":[{"embeddable":true,"href":"https:\/\/saiga.es\/fr\/wp-json\/wp\/v2\/comments?post=6749"}],"wp:featuredmedia":[{"embeddable":true,"href":"https:\/\/saiga.es\/fr\/wp-json\/wp\/v2\/media\/6545"}],"wp:attachment":[{"href":"https:\/\/saiga.es\/fr\/wp-json\/wp\/v2\/media?parent=6749"}],"wp:term":[{"taxonomy":"product_brand","embeddable":true,"href":"https:\/\/saiga.es\/fr\/wp-json\/wp\/v2\/product_brand?post=6749"},{"taxonomy":"product_cat","embeddable":true,"href":"https:\/\/saiga.es\/fr\/wp-json\/wp\/v2\/product_cat?post=6749"},{"taxonomy":"product_tag","embeddable":true,"href":"https:\/\/saiga.es\/fr\/wp-json\/wp\/v2\/product_tag?post=6749"}],"curies":[{"name":"wp","href":"https:\/\/api.w.org\/{rel}","templated":true}]}}