{"id":6780,"date":"2023-08-22T10:41:13","date_gmt":"2023-08-22T10:41:13","guid":{"rendered":"https:\/\/botiga.saiga.es\/producte\/rouleau-de-500-m-de-treillis-de-doublure\/"},"modified":"2023-08-22T10:41:13","modified_gmt":"2023-08-22T10:41:13","slug":"rouleau-de-500-m-de-treillis-de-doublure","status":"publish","type":"product","link":"https:\/\/saiga.es\/fr\/produit\/rouleau-de-500-m-de-treillis-de-doublure\/","title":{"rendered":"Rouleau de 500 m de treillis de doublure"},"content":{"rendered":"<p>Le maille, \u00e9galement connu sous le nom de filet ou filet de support, est un mat\u00e9riau utilis\u00e9 en horticulture et en jardinage pour aider \u00e0 soutenir et guider la croissance des plantes verticalement. Ce type de treillis est particuli\u00e8rement utile pour les plantes qui ont tendance \u00e0 s&#8217;emm\u00ealer ou qui ont besoin d&rsquo;un soutien suppl\u00e9mentaire pour rester debout pendant leur d\u00e9veloppement.<\/p>\n","protected":false},"excerpt":{"rendered":"<p>Le maille, \u00e9galement connu sous le nom de filet ou filet de support, est un mat\u00e9riau utilis\u00e9 en horticulture et en jardinage pour aider \u00e0 soutenir et guider la croissance des plantes verticalement. Ce type de treillis est particuli\u00e8rement utile pour les plantes qui ont tendance \u00e0 s&#8217;emm\u00ealer ou qui ont besoin d&rsquo;un soutien suppl\u00e9mentaire&#8230;<\/p>\n","protected":false},"featured_media":6546,"comment_status":"open","ping_status":"closed","template":"","meta":[],"product_brand":[],"product_cat":[487],"product_tag":[],"class_list":{"0":"post-6780","1":"product","2":"type-product","3":"status-publish","4":"has-post-thumbnail","6":"product_cat-semelle-interieure-en-maille","8":"first","9":"instock","10":"taxable","11":"shipping-taxable","12":"purchasable","13":"product-type-simple"},"yoast_head":"<!-- This site is optimized with the Yoast SEO plugin v27.3 - https:\/\/yoast.com\/product\/yoast-seo-wordpress\/ -->\n<title>Rouleau de 500 m de treillis de doublure | SAIGA<\/title>\n<meta name=\"robots\" content=\"index, follow, max-snippet:-1, max-image-preview:large, max-video-preview:-1\" \/>\n<link rel=\"canonical\" href=\"https:\/\/saiga.es\/fr\/produit\/rouleau-de-500-m-de-treillis-de-doublure\/\" \/>\n<meta property=\"og:locale\" content=\"fr_FR\" \/>\n<meta property=\"og:type\" content=\"article\" \/>\n<meta property=\"og:title\" content=\"Rouleau de 500 m de treillis de doublure | SAIGA\" \/>\n<meta property=\"og:description\" content=\"Le maille, \u00e9galement connu sous le nom de filet ou filet de support, est un mat\u00e9riau utilis\u00e9 en horticulture et en jardinage pour aider \u00e0 soutenir et guider la croissance des plantes verticalement. Ce type de treillis est particuli\u00e8rement utile pour les plantes qui ont tendance \u00e0 s&#8217;emm\u00ealer ou qui ont besoin d&rsquo;un soutien suppl\u00e9mentaire...\" \/>\n<meta property=\"og:url\" content=\"https:\/\/saiga.es\/fr\/produit\/rouleau-de-500-m-de-treillis-de-doublure\/\" \/>\n<meta property=\"og:site_name\" content=\"SAIGA\" \/>\n<meta property=\"og:image\" content=\"https:\/\/saiga.es\/wp-content\/uploads\/2023\/08\/Malla-entutorar-verda-500m.jpg\" \/>\n\t<meta property=\"og:image:width\" content=\"874\" \/>\n\t<meta property=\"og:image:height\" content=\"620\" \/>\n\t<meta property=\"og:image:type\" content=\"image\/jpeg\" \/>\n<meta name=\"twitter:card\" content=\"summary_large_image\" \/>\n<meta name=\"twitter:site\" content=\"@saiga_agro\" \/>\n<script type=\"application\/ld+json\" class=\"yoast-schema-graph\">{\"@context\":\"https:\\\/\\\/schema.org\",\"@graph\":[{\"@type\":\"WebPage\",\"@id\":\"https:\\\/\\\/saiga.es\\\/fr\\\/produit\\\/rouleau-de-500-m-de-treillis-de-doublure\\\/\",\"url\":\"https:\\\/\\\/saiga.es\\\/fr\\\/produit\\\/rouleau-de-500-m-de-treillis-de-doublure\\\/\",\"name\":\"Rouleau de 500 m de treillis de doublure | SAIGA\",\"isPartOf\":{\"@id\":\"https:\\\/\\\/saiga.es\\\/fr\\\/#website\"},\"primaryImageOfPage\":{\"@id\":\"https:\\\/\\\/saiga.es\\\/fr\\\/produit\\\/rouleau-de-500-m-de-treillis-de-doublure\\\/#primaryimage\"},\"image\":{\"@id\":\"https:\\\/\\\/saiga.es\\\/fr\\\/produit\\\/rouleau-de-500-m-de-treillis-de-doublure\\\/#primaryimage\"},\"thumbnailUrl\":\"https:\\\/\\\/saiga.es\\\/wp-content\\\/uploads\\\/2023\\\/08\\\/Malla-entutorar-verda-500m.jpg\",\"datePublished\":\"2023-08-22T10:41:13+00:00\",\"breadcrumb\":{\"@id\":\"https:\\\/\\\/saiga.es\\\/fr\\\/produit\\\/rouleau-de-500-m-de-treillis-de-doublure\\\/#breadcrumb\"},\"inLanguage\":\"fr-FR\",\"potentialAction\":[{\"@type\":\"ReadAction\",\"target\":[\"https:\\\/\\\/saiga.es\\\/fr\\\/produit\\\/rouleau-de-500-m-de-treillis-de-doublure\\\/\"]}]},{\"@type\":\"ImageObject\",\"inLanguage\":\"fr-FR\",\"@id\":\"https:\\\/\\\/saiga.es\\\/fr\\\/produit\\\/rouleau-de-500-m-de-treillis-de-doublure\\\/#primaryimage\",\"url\":\"https:\\\/\\\/saiga.es\\\/wp-content\\\/uploads\\\/2023\\\/08\\\/Malla-entutorar-verda-500m.jpg\",\"contentUrl\":\"https:\\\/\\\/saiga.es\\\/wp-content\\\/uploads\\\/2023\\\/08\\\/Malla-entutorar-verda-500m.jpg\",\"width\":874,\"height\":620,\"caption\":\"Malla d'entutorar\"},{\"@type\":\"BreadcrumbList\",\"@id\":\"https:\\\/\\\/saiga.es\\\/fr\\\/produit\\\/rouleau-de-500-m-de-treillis-de-doublure\\\/#breadcrumb\",\"itemListElement\":[{\"@type\":\"ListItem\",\"position\":1,\"name\":\"Inici\",\"item\":\"https:\\\/\\\/saiga.es\\\/fr\\\/\"},{\"@type\":\"ListItem\",\"position\":2,\"name\":\"boutique\",\"item\":\"https:\\\/\\\/saiga.es\\\/fr\\\/boutique\\\/\"},{\"@type\":\"ListItem\",\"position\":3,\"name\":\"Rouleau de 500 m de treillis de doublure\"}]},{\"@type\":\"WebSite\",\"@id\":\"https:\\\/\\\/saiga.es\\\/fr\\\/#website\",\"url\":\"https:\\\/\\\/saiga.es\\\/fr\\\/\",\"name\":\"SAIGA\",\"description\":\"M\u00e9s de 50 anys al servei de la terra i treballant per a un \u00fas eficient de l\u2019aigua!\",\"publisher\":{\"@id\":\"https:\\\/\\\/saiga.es\\\/fr\\\/#organization\"},\"potentialAction\":[{\"@type\":\"SearchAction\",\"target\":{\"@type\":\"EntryPoint\",\"urlTemplate\":\"https:\\\/\\\/saiga.es\\\/fr\\\/?s={search_term_string}\"},\"query-input\":{\"@type\":\"PropertyValueSpecification\",\"valueRequired\":true,\"valueName\":\"search_term_string\"}}],\"inLanguage\":\"fr-FR\"},{\"@type\":\"Organization\",\"@id\":\"https:\\\/\\\/saiga.es\\\/fr\\\/#organization\",\"name\":\"SAIGA\",\"url\":\"https:\\\/\\\/saiga.es\\\/fr\\\/\",\"logo\":{\"@type\":\"ImageObject\",\"inLanguage\":\"fr-FR\",\"@id\":\"https:\\\/\\\/saiga.es\\\/fr\\\/#\\\/schema\\\/logo\\\/image\\\/\",\"url\":\"https:\\\/\\\/saiga.es\\\/wp-content\\\/uploads\\\/2025\\\/07\\\/logo_saiga_baseline_optimitzat.svg\",\"contentUrl\":\"https:\\\/\\\/saiga.es\\\/wp-content\\\/uploads\\\/2025\\\/07\\\/logo_saiga_baseline_optimitzat.svg\",\"caption\":\"SAIGA\"},\"image\":{\"@id\":\"https:\\\/\\\/saiga.es\\\/fr\\\/#\\\/schema\\\/logo\\\/image\\\/\"},\"sameAs\":[\"https:\\\/\\\/x.com\\\/saiga_agro\",\"https:\\\/\\\/www.instagram.com\\\/saiga_agro\\\/\"]}]}<\/script>\n<!-- \/ Yoast SEO plugin. -->","yoast_head_json":{"title":"Rouleau de 500 m de treillis de doublure | SAIGA","robots":{"index":"index","follow":"follow","max-snippet":"max-snippet:-1","max-image-preview":"max-image-preview:large","max-video-preview":"max-video-preview:-1"},"canonical":"https:\/\/saiga.es\/fr\/produit\/rouleau-de-500-m-de-treillis-de-doublure\/","og_locale":"fr_FR","og_type":"article","og_title":"Rouleau de 500 m de treillis de doublure | SAIGA","og_description":"Le maille, \u00e9galement connu sous le nom de filet ou filet de support, est un mat\u00e9riau utilis\u00e9 en horticulture et en jardinage pour aider \u00e0 soutenir et guider la croissance des plantes verticalement. Ce type de treillis est particuli\u00e8rement utile pour les plantes qui ont tendance \u00e0 s&#8217;emm\u00ealer ou qui ont besoin d&rsquo;un soutien suppl\u00e9mentaire...","og_url":"https:\/\/saiga.es\/fr\/produit\/rouleau-de-500-m-de-treillis-de-doublure\/","og_site_name":"SAIGA","og_image":[{"width":874,"height":620,"url":"https:\/\/saiga.es\/wp-content\/uploads\/2023\/08\/Malla-entutorar-verda-500m.jpg","type":"image\/jpeg"}],"twitter_card":"summary_large_image","twitter_site":"@saiga_agro","schema":{"@context":"https:\/\/schema.org","@graph":[{"@type":"WebPage","@id":"https:\/\/saiga.es\/fr\/produit\/rouleau-de-500-m-de-treillis-de-doublure\/","url":"https:\/\/saiga.es\/fr\/produit\/rouleau-de-500-m-de-treillis-de-doublure\/","name":"Rouleau de 500 m de treillis de doublure | SAIGA","isPartOf":{"@id":"https:\/\/saiga.es\/fr\/#website"},"primaryImageOfPage":{"@id":"https:\/\/saiga.es\/fr\/produit\/rouleau-de-500-m-de-treillis-de-doublure\/#primaryimage"},"image":{"@id":"https:\/\/saiga.es\/fr\/produit\/rouleau-de-500-m-de-treillis-de-doublure\/#primaryimage"},"thumbnailUrl":"https:\/\/saiga.es\/wp-content\/uploads\/2023\/08\/Malla-entutorar-verda-500m.jpg","datePublished":"2023-08-22T10:41:13+00:00","breadcrumb":{"@id":"https:\/\/saiga.es\/fr\/produit\/rouleau-de-500-m-de-treillis-de-doublure\/#breadcrumb"},"inLanguage":"fr-FR","potentialAction":[{"@type":"ReadAction","target":["https:\/\/saiga.es\/fr\/produit\/rouleau-de-500-m-de-treillis-de-doublure\/"]}]},{"@type":"ImageObject","inLanguage":"fr-FR","@id":"https:\/\/saiga.es\/fr\/produit\/rouleau-de-500-m-de-treillis-de-doublure\/#primaryimage","url":"https:\/\/saiga.es\/wp-content\/uploads\/2023\/08\/Malla-entutorar-verda-500m.jpg","contentUrl":"https:\/\/saiga.es\/wp-content\/uploads\/2023\/08\/Malla-entutorar-verda-500m.jpg","width":874,"height":620,"caption":"Malla d'entutorar"},{"@type":"BreadcrumbList","@id":"https:\/\/saiga.es\/fr\/produit\/rouleau-de-500-m-de-treillis-de-doublure\/#breadcrumb","itemListElement":[{"@type":"ListItem","position":1,"name":"Inici","item":"https:\/\/saiga.es\/fr\/"},{"@type":"ListItem","position":2,"name":"boutique","item":"https:\/\/saiga.es\/fr\/boutique\/"},{"@type":"ListItem","position":3,"name":"Rouleau de 500 m de treillis de doublure"}]},{"@type":"WebSite","@id":"https:\/\/saiga.es\/fr\/#website","url":"https:\/\/saiga.es\/fr\/","name":"SAIGA","description":"M\u00e9s de 50 anys al servei de la terra i treballant per a un \u00fas eficient de l\u2019aigua!","publisher":{"@id":"https:\/\/saiga.es\/fr\/#organization"},"potentialAction":[{"@type":"SearchAction","target":{"@type":"EntryPoint","urlTemplate":"https:\/\/saiga.es\/fr\/?s={search_term_string}"},"query-input":{"@type":"PropertyValueSpecification","valueRequired":true,"valueName":"search_term_string"}}],"inLanguage":"fr-FR"},{"@type":"Organization","@id":"https:\/\/saiga.es\/fr\/#organization","name":"SAIGA","url":"https:\/\/saiga.es\/fr\/","logo":{"@type":"ImageObject","inLanguage":"fr-FR","@id":"https:\/\/saiga.es\/fr\/#\/schema\/logo\/image\/","url":"https:\/\/saiga.es\/wp-content\/uploads\/2025\/07\/logo_saiga_baseline_optimitzat.svg","contentUrl":"https:\/\/saiga.es\/wp-content\/uploads\/2025\/07\/logo_saiga_baseline_optimitzat.svg","caption":"SAIGA"},"image":{"@id":"https:\/\/saiga.es\/fr\/#\/schema\/logo\/image\/"},"sameAs":["https:\/\/x.com\/saiga_agro","https:\/\/www.instagram.com\/saiga_agro\/"]}]}},"_links":{"self":[{"href":"https:\/\/saiga.es\/fr\/wp-json\/wp\/v2\/product\/6780","targetHints":{"allow":["GET"]}}],"collection":[{"href":"https:\/\/saiga.es\/fr\/wp-json\/wp\/v2\/product"}],"about":[{"href":"https:\/\/saiga.es\/fr\/wp-json\/wp\/v2\/types\/product"}],"replies":[{"embeddable":true,"href":"https:\/\/saiga.es\/fr\/wp-json\/wp\/v2\/comments?post=6780"}],"wp:featuredmedia":[{"embeddable":true,"href":"https:\/\/saiga.es\/fr\/wp-json\/wp\/v2\/media\/6546"}],"wp:attachment":[{"href":"https:\/\/saiga.es\/fr\/wp-json\/wp\/v2\/media?parent=6780"}],"wp:term":[{"taxonomy":"product_brand","embeddable":true,"href":"https:\/\/saiga.es\/fr\/wp-json\/wp\/v2\/product_brand?post=6780"},{"taxonomy":"product_cat","embeddable":true,"href":"https:\/\/saiga.es\/fr\/wp-json\/wp\/v2\/product_cat?post=6780"},{"taxonomy":"product_tag","embeddable":true,"href":"https:\/\/saiga.es\/fr\/wp-json\/wp\/v2\/product_tag?post=6780"}],"curies":[{"name":"wp","href":"https:\/\/api.w.org\/{rel}","templated":true}]}}