{"id":6784,"date":"2024-01-05T13:56:03","date_gmt":"2024-01-05T13:56:03","guid":{"rendered":"https:\/\/botiga.saiga.es\/producte\/berger-electrique-zerko-red-2j\/"},"modified":"2025-04-01T08:03:30","modified_gmt":"2025-04-01T08:03:30","slug":"berger-electrique-zerko-red-2j","status":"publish","type":"product","link":"https:\/\/saiga.es\/fr\/produit\/berger-electrique-zerko-red-2j\/","title":{"rendered":"Berger \u00e9lectrique Zerko Red-2J"},"content":{"rendered":"<p>Le berger \u00e9lectrique Red-2J fonctionne avec une alimentation 220-230 Volts. Convient aux m\u00e9dias ferm\u00e9s. Il a une \u00e9nergie de 2 J et une consommation de 6 W. L&rsquo;utilisation d&rsquo;un berger \u00e9lectrique est une pratique courante pour la gestion du b\u00e9tail car il offre un moyen efficace et s\u00fbr de limiter les mouvements des animaux sans causer de dommages importants. Il est important de l\u2019utiliser de mani\u00e8re responsable et de s\u2019assurer que les animaux soient bien inform\u00e9s de la pr\u00e9sence de la barri\u00e8re pour \u00e9viter les mauvaises surprises.<\/p>\n","protected":false},"excerpt":{"rendered":"<p>Le berger \u00e9lectrique Red-2J fonctionne avec une alimentation 220-230 Volts. Convient aux m\u00e9dias ferm\u00e9s. Il a une \u00e9nergie de 2 J et une consommation de 6 W.<\/p>\n","protected":false},"featured_media":11579,"comment_status":"closed","ping_status":"closed","template":"","meta":[],"product_brand":[],"product_cat":[2004],"product_tag":[615,1113],"class_list":{"0":"post-6784","1":"product","2":"type-product","3":"status-publish","4":"has-post-thumbnail","6":"product_cat-bergers-electriques-fr","7":"product_tag-ferme","8":"product_tag-fil-electrique","10":"first","11":"instock","12":"sale","13":"taxable","14":"shipping-taxable","15":"purchasable","16":"product-type-simple"},"yoast_head":"<!-- This site is optimized with the Yoast SEO plugin v27.4 - https:\/\/yoast.com\/product\/yoast-seo-wordpress\/ -->\n<title>Berger \u00e9lectrique Zerko Red-2J | SAIGA<\/title>\n<meta name=\"description\" content=\"Le berger \u00e9lectrique Red-2J fonctionne avec une alimentation 220-230 Volts. Convient aux m\u00e9dias ferm\u00e9s. Il a une \u00e9nergie de 2 J et une consommation de 6 W.\" \/>\n<meta name=\"robots\" content=\"index, follow, max-snippet:-1, max-image-preview:large, max-video-preview:-1\" \/>\n<link rel=\"canonical\" href=\"https:\/\/saiga.es\/fr\/produit\/berger-electrique-zerko-red-2j\/\" \/>\n<meta property=\"og:locale\" content=\"fr_FR\" \/>\n<meta property=\"og:type\" content=\"article\" \/>\n<meta property=\"og:title\" content=\"Berger \u00e9lectrique Zerko Red-2J | SAIGA\" \/>\n<meta property=\"og:description\" content=\"Le berger \u00e9lectrique Red-2J fonctionne avec une alimentation 220-230 Volts. Convient aux m\u00e9dias ferm\u00e9s. Il a une \u00e9nergie de 2 J et une consommation de 6 W.\" \/>\n<meta property=\"og:url\" content=\"https:\/\/saiga.es\/fr\/produit\/berger-electrique-zerko-red-2j\/\" \/>\n<meta property=\"og:site_name\" content=\"SAIGA\" \/>\n<meta property=\"article:modified_time\" content=\"2025-04-01T08:03:30+00:00\" \/>\n<meta property=\"og:image\" content=\"https:\/\/saiga.es\/wp-content\/uploads\/2024\/01\/Pastor-electric-2J-1.jpg\" \/>\n\t<meta property=\"og:image:width\" content=\"1080\" \/>\n\t<meta property=\"og:image:height\" content=\"1080\" \/>\n\t<meta property=\"og:image:type\" content=\"image\/jpeg\" \/>\n<meta name=\"twitter:card\" content=\"summary_large_image\" \/>\n<meta name=\"twitter:site\" content=\"@saiga_agro\" \/>\n<meta name=\"twitter:label1\" content=\"Dur\u00e9e de lecture estim\u00e9e\" \/>\n\t<meta name=\"twitter:data1\" content=\"1 minute\" \/>\n<script type=\"application\/ld+json\" class=\"yoast-schema-graph\">{\"@context\":\"https:\\\/\\\/schema.org\",\"@graph\":[{\"@type\":\"WebPage\",\"@id\":\"https:\\\/\\\/saiga.es\\\/fr\\\/produit\\\/berger-electrique-zerko-red-2j\\\/\",\"url\":\"https:\\\/\\\/saiga.es\\\/fr\\\/produit\\\/berger-electrique-zerko-red-2j\\\/\",\"name\":\"Berger \u00e9lectrique Zerko Red-2J | SAIGA\",\"isPartOf\":{\"@id\":\"https:\\\/\\\/saiga.es\\\/fr\\\/#website\"},\"primaryImageOfPage\":{\"@id\":\"https:\\\/\\\/saiga.es\\\/fr\\\/produit\\\/berger-electrique-zerko-red-2j\\\/#primaryimage\"},\"image\":{\"@id\":\"https:\\\/\\\/saiga.es\\\/fr\\\/produit\\\/berger-electrique-zerko-red-2j\\\/#primaryimage\"},\"thumbnailUrl\":\"https:\\\/\\\/saiga.es\\\/wp-content\\\/uploads\\\/2024\\\/01\\\/Pastor-electric-2J-1.jpg\",\"datePublished\":\"2024-01-05T13:56:03+00:00\",\"dateModified\":\"2025-04-01T08:03:30+00:00\",\"description\":\"Le berger \u00e9lectrique Red-2J fonctionne avec une alimentation 220-230 Volts. Convient aux m\u00e9dias ferm\u00e9s. Il a une \u00e9nergie de 2 J et une consommation de 6 W.\",\"breadcrumb\":{\"@id\":\"https:\\\/\\\/saiga.es\\\/fr\\\/produit\\\/berger-electrique-zerko-red-2j\\\/#breadcrumb\"},\"inLanguage\":\"fr-FR\",\"potentialAction\":[{\"@type\":\"ReadAction\",\"target\":[\"https:\\\/\\\/saiga.es\\\/fr\\\/produit\\\/berger-electrique-zerko-red-2j\\\/\"]}]},{\"@type\":\"ImageObject\",\"inLanguage\":\"fr-FR\",\"@id\":\"https:\\\/\\\/saiga.es\\\/fr\\\/produit\\\/berger-electrique-zerko-red-2j\\\/#primaryimage\",\"url\":\"https:\\\/\\\/saiga.es\\\/wp-content\\\/uploads\\\/2024\\\/01\\\/Pastor-electric-2J-1.jpg\",\"contentUrl\":\"https:\\\/\\\/saiga.es\\\/wp-content\\\/uploads\\\/2024\\\/01\\\/Pastor-electric-2J-1.jpg\",\"width\":1080,\"height\":1080,\"caption\":\"Pastor el\u00e8ctric 2J\"},{\"@type\":\"BreadcrumbList\",\"@id\":\"https:\\\/\\\/saiga.es\\\/fr\\\/produit\\\/berger-electrique-zerko-red-2j\\\/#breadcrumb\",\"itemListElement\":[{\"@type\":\"ListItem\",\"position\":1,\"name\":\"Inici\",\"item\":\"https:\\\/\\\/saiga.es\\\/fr\\\/\"},{\"@type\":\"ListItem\",\"position\":2,\"name\":\"boutique\",\"item\":\"https:\\\/\\\/saiga.es\\\/fr\\\/boutique\\\/\"},{\"@type\":\"ListItem\",\"position\":3,\"name\":\"Berger \u00e9lectrique Zerko Red-2J\"}]},{\"@type\":\"WebSite\",\"@id\":\"https:\\\/\\\/saiga.es\\\/fr\\\/#website\",\"url\":\"https:\\\/\\\/saiga.es\\\/fr\\\/\",\"name\":\"SAIGA\",\"description\":\"M\u00e9s de 50 anys al servei de la terra i treballant per a un \u00fas eficient de l\u2019aigua!\",\"publisher\":{\"@id\":\"https:\\\/\\\/saiga.es\\\/fr\\\/#organization\"},\"potentialAction\":[{\"@type\":\"SearchAction\",\"target\":{\"@type\":\"EntryPoint\",\"urlTemplate\":\"https:\\\/\\\/saiga.es\\\/fr\\\/?s={search_term_string}\"},\"query-input\":{\"@type\":\"PropertyValueSpecification\",\"valueRequired\":true,\"valueName\":\"search_term_string\"}}],\"inLanguage\":\"fr-FR\"},{\"@type\":\"Organization\",\"@id\":\"https:\\\/\\\/saiga.es\\\/fr\\\/#organization\",\"name\":\"SAIGA\",\"url\":\"https:\\\/\\\/saiga.es\\\/fr\\\/\",\"logo\":{\"@type\":\"ImageObject\",\"inLanguage\":\"fr-FR\",\"@id\":\"https:\\\/\\\/saiga.es\\\/fr\\\/#\\\/schema\\\/logo\\\/image\\\/\",\"url\":\"https:\\\/\\\/saiga.es\\\/wp-content\\\/uploads\\\/2025\\\/07\\\/logo_saiga_baseline_optimitzat.svg\",\"contentUrl\":\"https:\\\/\\\/saiga.es\\\/wp-content\\\/uploads\\\/2025\\\/07\\\/logo_saiga_baseline_optimitzat.svg\",\"caption\":\"SAIGA\"},\"image\":{\"@id\":\"https:\\\/\\\/saiga.es\\\/fr\\\/#\\\/schema\\\/logo\\\/image\\\/\"},\"sameAs\":[\"https:\\\/\\\/x.com\\\/saiga_agro\",\"https:\\\/\\\/www.instagram.com\\\/saiga_agro\\\/\"]}]}<\/script>\n<!-- \/ Yoast SEO plugin. -->","yoast_head_json":{"title":"Berger \u00e9lectrique Zerko Red-2J | SAIGA","description":"Le berger \u00e9lectrique Red-2J fonctionne avec une alimentation 220-230 Volts. Convient aux m\u00e9dias ferm\u00e9s. Il a une \u00e9nergie de 2 J et une consommation de 6 W.","robots":{"index":"index","follow":"follow","max-snippet":"max-snippet:-1","max-image-preview":"max-image-preview:large","max-video-preview":"max-video-preview:-1"},"canonical":"https:\/\/saiga.es\/fr\/produit\/berger-electrique-zerko-red-2j\/","og_locale":"fr_FR","og_type":"article","og_title":"Berger \u00e9lectrique Zerko Red-2J | SAIGA","og_description":"Le berger \u00e9lectrique Red-2J fonctionne avec une alimentation 220-230 Volts. Convient aux m\u00e9dias ferm\u00e9s. Il a une \u00e9nergie de 2 J et une consommation de 6 W.","og_url":"https:\/\/saiga.es\/fr\/produit\/berger-electrique-zerko-red-2j\/","og_site_name":"SAIGA","article_modified_time":"2025-04-01T08:03:30+00:00","og_image":[{"width":1080,"height":1080,"url":"https:\/\/saiga.es\/wp-content\/uploads\/2024\/01\/Pastor-electric-2J-1.jpg","type":"image\/jpeg"}],"twitter_card":"summary_large_image","twitter_site":"@saiga_agro","twitter_misc":{"Dur\u00e9e de lecture estim\u00e9e":"1 minute"},"schema":{"@context":"https:\/\/schema.org","@graph":[{"@type":"WebPage","@id":"https:\/\/saiga.es\/fr\/produit\/berger-electrique-zerko-red-2j\/","url":"https:\/\/saiga.es\/fr\/produit\/berger-electrique-zerko-red-2j\/","name":"Berger \u00e9lectrique Zerko Red-2J | SAIGA","isPartOf":{"@id":"https:\/\/saiga.es\/fr\/#website"},"primaryImageOfPage":{"@id":"https:\/\/saiga.es\/fr\/produit\/berger-electrique-zerko-red-2j\/#primaryimage"},"image":{"@id":"https:\/\/saiga.es\/fr\/produit\/berger-electrique-zerko-red-2j\/#primaryimage"},"thumbnailUrl":"https:\/\/saiga.es\/wp-content\/uploads\/2024\/01\/Pastor-electric-2J-1.jpg","datePublished":"2024-01-05T13:56:03+00:00","dateModified":"2025-04-01T08:03:30+00:00","description":"Le berger \u00e9lectrique Red-2J fonctionne avec une alimentation 220-230 Volts. Convient aux m\u00e9dias ferm\u00e9s. Il a une \u00e9nergie de 2 J et une consommation de 6 W.","breadcrumb":{"@id":"https:\/\/saiga.es\/fr\/produit\/berger-electrique-zerko-red-2j\/#breadcrumb"},"inLanguage":"fr-FR","potentialAction":[{"@type":"ReadAction","target":["https:\/\/saiga.es\/fr\/produit\/berger-electrique-zerko-red-2j\/"]}]},{"@type":"ImageObject","inLanguage":"fr-FR","@id":"https:\/\/saiga.es\/fr\/produit\/berger-electrique-zerko-red-2j\/#primaryimage","url":"https:\/\/saiga.es\/wp-content\/uploads\/2024\/01\/Pastor-electric-2J-1.jpg","contentUrl":"https:\/\/saiga.es\/wp-content\/uploads\/2024\/01\/Pastor-electric-2J-1.jpg","width":1080,"height":1080,"caption":"Pastor el\u00e8ctric 2J"},{"@type":"BreadcrumbList","@id":"https:\/\/saiga.es\/fr\/produit\/berger-electrique-zerko-red-2j\/#breadcrumb","itemListElement":[{"@type":"ListItem","position":1,"name":"Inici","item":"https:\/\/saiga.es\/fr\/"},{"@type":"ListItem","position":2,"name":"boutique","item":"https:\/\/saiga.es\/fr\/boutique\/"},{"@type":"ListItem","position":3,"name":"Berger \u00e9lectrique Zerko Red-2J"}]},{"@type":"WebSite","@id":"https:\/\/saiga.es\/fr\/#website","url":"https:\/\/saiga.es\/fr\/","name":"SAIGA","description":"M\u00e9s de 50 anys al servei de la terra i treballant per a un \u00fas eficient de l\u2019aigua!","publisher":{"@id":"https:\/\/saiga.es\/fr\/#organization"},"potentialAction":[{"@type":"SearchAction","target":{"@type":"EntryPoint","urlTemplate":"https:\/\/saiga.es\/fr\/?s={search_term_string}"},"query-input":{"@type":"PropertyValueSpecification","valueRequired":true,"valueName":"search_term_string"}}],"inLanguage":"fr-FR"},{"@type":"Organization","@id":"https:\/\/saiga.es\/fr\/#organization","name":"SAIGA","url":"https:\/\/saiga.es\/fr\/","logo":{"@type":"ImageObject","inLanguage":"fr-FR","@id":"https:\/\/saiga.es\/fr\/#\/schema\/logo\/image\/","url":"https:\/\/saiga.es\/wp-content\/uploads\/2025\/07\/logo_saiga_baseline_optimitzat.svg","contentUrl":"https:\/\/saiga.es\/wp-content\/uploads\/2025\/07\/logo_saiga_baseline_optimitzat.svg","caption":"SAIGA"},"image":{"@id":"https:\/\/saiga.es\/fr\/#\/schema\/logo\/image\/"},"sameAs":["https:\/\/x.com\/saiga_agro","https:\/\/www.instagram.com\/saiga_agro\/"]}]}},"_links":{"self":[{"href":"https:\/\/saiga.es\/fr\/wp-json\/wp\/v2\/product\/6784","targetHints":{"allow":["GET"]}}],"collection":[{"href":"https:\/\/saiga.es\/fr\/wp-json\/wp\/v2\/product"}],"about":[{"href":"https:\/\/saiga.es\/fr\/wp-json\/wp\/v2\/types\/product"}],"replies":[{"embeddable":true,"href":"https:\/\/saiga.es\/fr\/wp-json\/wp\/v2\/comments?post=6784"}],"wp:featuredmedia":[{"embeddable":true,"href":"https:\/\/saiga.es\/fr\/wp-json\/wp\/v2\/media\/11579"}],"wp:attachment":[{"href":"https:\/\/saiga.es\/fr\/wp-json\/wp\/v2\/media?parent=6784"}],"wp:term":[{"taxonomy":"product_brand","embeddable":true,"href":"https:\/\/saiga.es\/fr\/wp-json\/wp\/v2\/product_brand?post=6784"},{"taxonomy":"product_cat","embeddable":true,"href":"https:\/\/saiga.es\/fr\/wp-json\/wp\/v2\/product_cat?post=6784"},{"taxonomy":"product_tag","embeddable":true,"href":"https:\/\/saiga.es\/fr\/wp-json\/wp\/v2\/product_tag?post=6784"}],"curies":[{"name":"wp","href":"https:\/\/api.w.org\/{rel}","templated":true}]}}