{"id":6787,"date":"2024-01-05T14:26:49","date_gmt":"2024-01-05T14:26:49","guid":{"rendered":"https:\/\/botiga.saiga.es\/producte\/berger-zerko-zar-4j-rouge\/"},"modified":"2024-01-05T14:26:49","modified_gmt":"2024-01-05T14:26:49","slug":"berger-zerko-zar-4j-rouge","status":"publish","type":"product","link":"https:\/\/saiga.es\/fr\/produit\/berger-zerko-zar-4j-rouge\/","title":{"rendered":"Berger zerko zar 4J Rouge"},"content":{"rendered":"<p>Le Pastor zerko zar 4J Rouge est un \u00e9lectrificateur 4 J, il fonctionne avec du courant \u00e9lectrique 220 volts. Son utilisation est indiqu\u00e9e pour les cl\u00f4tures \u00e9lectriques de grande longueur \u00e0 condition qu&rsquo;elles soient inf\u00e9rieures \u00e0 15 kilom\u00e8tres.<\/p>\n<p>L&rsquo;alimentation actuelle garantit que l&rsquo;intensit\u00e9 du berger \u00e9lectrique est continue et gr\u00e2ce \u00e0 ses 4J de puissance, ce berger sera id\u00e9al pour les gros animaux comme les veaux, les vaches ou les chevaux, bien qu&rsquo;il servira \u00e9galement pour les porcs, les moutons, les ch\u00e8vres. .<\/p>\n<p>Cl\u00f4ture \u00e9lectrique zerko zar 4J Red n\u00e9cessite une installation tr\u00e8s simple, il vous suffit de brancher le Shepherd sur une prise de courant domestique ordinaire \u00e0 l&rsquo;ext\u00e9rieur du b\u00e2timent, \u00e0 l&rsquo;abri de l&rsquo;eau et des mat\u00e9riaux combustibles. Le fil \u00e9lectrique \u00e0 deux sorties, de la borne noire il sera connect\u00e9 \u00e0 l&rsquo;\u00e9vier du sol au sol et de la borne rouge la ligne conductrice sera retir\u00e9e pour faire le p\u00e9rim\u00e8tre de la cl\u00f4ture.<\/p>\n","protected":false},"excerpt":{"rendered":"<p>Le cl\u00f4ture \u00e9lectrique zerko zar 4J Red c&rsquo;est un \u00e9lectrificateur du 4 juillet, il fonctionne avec de l&rsquo;\u00e9lectricit\u00e9 de 220 volts. Son utilisation est indiqu\u00e9e pour les cl\u00f4tures \u00e9lectriques de grande longueur \u00e0 condition qu&rsquo;elles soient inf\u00e9rieures \u00e0 15 kilom\u00e8tres.<\/p>\n","protected":false},"featured_media":11570,"comment_status":"closed","ping_status":"closed","template":"","meta":[],"product_brand":[],"product_cat":[2004],"product_tag":[1121,1113],"class_list":{"0":"post-6787","1":"product","2":"type-product","3":"status-publish","4":"has-post-thumbnail","6":"product_cat-bergers-electriques-fr","7":"product_tag-cloture-electrique","8":"product_tag-fil-electrique","10":"first","11":"instock","12":"sale","13":"taxable","14":"shipping-taxable","15":"purchasable","16":"product-type-simple"},"yoast_head":"<!-- This site is optimized with the Yoast SEO plugin v27.4 - https:\/\/yoast.com\/product\/yoast-seo-wordpress\/ -->\n<title>Berger zerko zar 4J Rouge | SAIGA<\/title>\n<meta name=\"description\" content=\"Le Pastor zerko zar 4J Rouge du 4 juillet, fonctionne avec de l&#039;\u00e9lectricit\u00e9 220 volts. Indiqu\u00e9 pour les cl\u00f4tures \u00e9lectriques de moins de 15 kilom\u00e8tres.\" \/>\n<meta name=\"robots\" content=\"index, follow, max-snippet:-1, max-image-preview:large, max-video-preview:-1\" \/>\n<link rel=\"canonical\" href=\"https:\/\/saiga.es\/fr\/produit\/berger-zerko-zar-4j-rouge\/\" \/>\n<meta property=\"og:locale\" content=\"fr_FR\" \/>\n<meta property=\"og:type\" content=\"article\" \/>\n<meta property=\"og:title\" content=\"Berger zerko zar 4J Rouge | SAIGA\" \/>\n<meta property=\"og:description\" content=\"Le Pastor zerko zar 4J Rouge du 4 juillet, fonctionne avec de l&#039;\u00e9lectricit\u00e9 220 volts. Indiqu\u00e9 pour les cl\u00f4tures \u00e9lectriques de moins de 15 kilom\u00e8tres.\" \/>\n<meta property=\"og:url\" content=\"https:\/\/saiga.es\/fr\/produit\/berger-zerko-zar-4j-rouge\/\" \/>\n<meta property=\"og:site_name\" content=\"SAIGA\" \/>\n<meta property=\"og:image\" content=\"https:\/\/saiga.es\/wp-content\/uploads\/2024\/01\/Pastor-electrico-4-J.jpg\" \/>\n\t<meta property=\"og:image:width\" content=\"1080\" \/>\n\t<meta property=\"og:image:height\" content=\"1080\" \/>\n\t<meta property=\"og:image:type\" content=\"image\/jpeg\" \/>\n<meta name=\"twitter:card\" content=\"summary_large_image\" \/>\n<meta name=\"twitter:site\" content=\"@saiga_agro\" \/>\n<meta name=\"twitter:label1\" content=\"Dur\u00e9e de lecture estim\u00e9e\" \/>\n\t<meta name=\"twitter:data1\" content=\"1 minute\" \/>\n<script type=\"application\/ld+json\" class=\"yoast-schema-graph\">{\"@context\":\"https:\\\/\\\/schema.org\",\"@graph\":[{\"@type\":\"WebPage\",\"@id\":\"https:\\\/\\\/saiga.es\\\/fr\\\/produit\\\/berger-zerko-zar-4j-rouge\\\/\",\"url\":\"https:\\\/\\\/saiga.es\\\/fr\\\/produit\\\/berger-zerko-zar-4j-rouge\\\/\",\"name\":\"Berger zerko zar 4J Rouge | SAIGA\",\"isPartOf\":{\"@id\":\"https:\\\/\\\/saiga.es\\\/fr\\\/#website\"},\"primaryImageOfPage\":{\"@id\":\"https:\\\/\\\/saiga.es\\\/fr\\\/produit\\\/berger-zerko-zar-4j-rouge\\\/#primaryimage\"},\"image\":{\"@id\":\"https:\\\/\\\/saiga.es\\\/fr\\\/produit\\\/berger-zerko-zar-4j-rouge\\\/#primaryimage\"},\"thumbnailUrl\":\"https:\\\/\\\/saiga.es\\\/wp-content\\\/uploads\\\/2024\\\/01\\\/Pastor-electrico-4-J.jpg\",\"datePublished\":\"2024-01-05T14:26:49+00:00\",\"description\":\"Le Pastor zerko zar 4J Rouge du 4 juillet, fonctionne avec de l'\u00e9lectricit\u00e9 220 volts. Indiqu\u00e9 pour les cl\u00f4tures \u00e9lectriques de moins de 15 kilom\u00e8tres.\",\"breadcrumb\":{\"@id\":\"https:\\\/\\\/saiga.es\\\/fr\\\/produit\\\/berger-zerko-zar-4j-rouge\\\/#breadcrumb\"},\"inLanguage\":\"fr-FR\",\"potentialAction\":[{\"@type\":\"ReadAction\",\"target\":[\"https:\\\/\\\/saiga.es\\\/fr\\\/produit\\\/berger-zerko-zar-4j-rouge\\\/\"]}]},{\"@type\":\"ImageObject\",\"inLanguage\":\"fr-FR\",\"@id\":\"https:\\\/\\\/saiga.es\\\/fr\\\/produit\\\/berger-zerko-zar-4j-rouge\\\/#primaryimage\",\"url\":\"https:\\\/\\\/saiga.es\\\/wp-content\\\/uploads\\\/2024\\\/01\\\/Pastor-electrico-4-J.jpg\",\"contentUrl\":\"https:\\\/\\\/saiga.es\\\/wp-content\\\/uploads\\\/2024\\\/01\\\/Pastor-electrico-4-J.jpg\",\"width\":1080,\"height\":1080,\"caption\":\"Pastor el\u00e9ctrico 4J\"},{\"@type\":\"BreadcrumbList\",\"@id\":\"https:\\\/\\\/saiga.es\\\/fr\\\/produit\\\/berger-zerko-zar-4j-rouge\\\/#breadcrumb\",\"itemListElement\":[{\"@type\":\"ListItem\",\"position\":1,\"name\":\"Inici\",\"item\":\"https:\\\/\\\/saiga.es\\\/fr\\\/\"},{\"@type\":\"ListItem\",\"position\":2,\"name\":\"boutique\",\"item\":\"https:\\\/\\\/saiga.es\\\/fr\\\/boutique\\\/\"},{\"@type\":\"ListItem\",\"position\":3,\"name\":\"Berger zerko zar 4J Rouge\"}]},{\"@type\":\"WebSite\",\"@id\":\"https:\\\/\\\/saiga.es\\\/fr\\\/#website\",\"url\":\"https:\\\/\\\/saiga.es\\\/fr\\\/\",\"name\":\"SAIGA\",\"description\":\"M\u00e9s de 50 anys al servei de la terra i treballant per a un \u00fas eficient de l\u2019aigua!\",\"publisher\":{\"@id\":\"https:\\\/\\\/saiga.es\\\/fr\\\/#organization\"},\"potentialAction\":[{\"@type\":\"SearchAction\",\"target\":{\"@type\":\"EntryPoint\",\"urlTemplate\":\"https:\\\/\\\/saiga.es\\\/fr\\\/?s={search_term_string}\"},\"query-input\":{\"@type\":\"PropertyValueSpecification\",\"valueRequired\":true,\"valueName\":\"search_term_string\"}}],\"inLanguage\":\"fr-FR\"},{\"@type\":\"Organization\",\"@id\":\"https:\\\/\\\/saiga.es\\\/fr\\\/#organization\",\"name\":\"SAIGA\",\"url\":\"https:\\\/\\\/saiga.es\\\/fr\\\/\",\"logo\":{\"@type\":\"ImageObject\",\"inLanguage\":\"fr-FR\",\"@id\":\"https:\\\/\\\/saiga.es\\\/fr\\\/#\\\/schema\\\/logo\\\/image\\\/\",\"url\":\"https:\\\/\\\/saiga.es\\\/wp-content\\\/uploads\\\/2025\\\/07\\\/logo_saiga_baseline_optimitzat.svg\",\"contentUrl\":\"https:\\\/\\\/saiga.es\\\/wp-content\\\/uploads\\\/2025\\\/07\\\/logo_saiga_baseline_optimitzat.svg\",\"caption\":\"SAIGA\"},\"image\":{\"@id\":\"https:\\\/\\\/saiga.es\\\/fr\\\/#\\\/schema\\\/logo\\\/image\\\/\"},\"sameAs\":[\"https:\\\/\\\/x.com\\\/saiga_agro\",\"https:\\\/\\\/www.instagram.com\\\/saiga_agro\\\/\"]}]}<\/script>\n<!-- \/ Yoast SEO plugin. -->","yoast_head_json":{"title":"Berger zerko zar 4J Rouge | SAIGA","description":"Le Pastor zerko zar 4J Rouge du 4 juillet, fonctionne avec de l'\u00e9lectricit\u00e9 220 volts. Indiqu\u00e9 pour les cl\u00f4tures \u00e9lectriques de moins de 15 kilom\u00e8tres.","robots":{"index":"index","follow":"follow","max-snippet":"max-snippet:-1","max-image-preview":"max-image-preview:large","max-video-preview":"max-video-preview:-1"},"canonical":"https:\/\/saiga.es\/fr\/produit\/berger-zerko-zar-4j-rouge\/","og_locale":"fr_FR","og_type":"article","og_title":"Berger zerko zar 4J Rouge | SAIGA","og_description":"Le Pastor zerko zar 4J Rouge du 4 juillet, fonctionne avec de l'\u00e9lectricit\u00e9 220 volts. Indiqu\u00e9 pour les cl\u00f4tures \u00e9lectriques de moins de 15 kilom\u00e8tres.","og_url":"https:\/\/saiga.es\/fr\/produit\/berger-zerko-zar-4j-rouge\/","og_site_name":"SAIGA","og_image":[{"width":1080,"height":1080,"url":"https:\/\/saiga.es\/wp-content\/uploads\/2024\/01\/Pastor-electrico-4-J.jpg","type":"image\/jpeg"}],"twitter_card":"summary_large_image","twitter_site":"@saiga_agro","twitter_misc":{"Dur\u00e9e de lecture estim\u00e9e":"1 minute"},"schema":{"@context":"https:\/\/schema.org","@graph":[{"@type":"WebPage","@id":"https:\/\/saiga.es\/fr\/produit\/berger-zerko-zar-4j-rouge\/","url":"https:\/\/saiga.es\/fr\/produit\/berger-zerko-zar-4j-rouge\/","name":"Berger zerko zar 4J Rouge | SAIGA","isPartOf":{"@id":"https:\/\/saiga.es\/fr\/#website"},"primaryImageOfPage":{"@id":"https:\/\/saiga.es\/fr\/produit\/berger-zerko-zar-4j-rouge\/#primaryimage"},"image":{"@id":"https:\/\/saiga.es\/fr\/produit\/berger-zerko-zar-4j-rouge\/#primaryimage"},"thumbnailUrl":"https:\/\/saiga.es\/wp-content\/uploads\/2024\/01\/Pastor-electrico-4-J.jpg","datePublished":"2024-01-05T14:26:49+00:00","description":"Le Pastor zerko zar 4J Rouge du 4 juillet, fonctionne avec de l'\u00e9lectricit\u00e9 220 volts. Indiqu\u00e9 pour les cl\u00f4tures \u00e9lectriques de moins de 15 kilom\u00e8tres.","breadcrumb":{"@id":"https:\/\/saiga.es\/fr\/produit\/berger-zerko-zar-4j-rouge\/#breadcrumb"},"inLanguage":"fr-FR","potentialAction":[{"@type":"ReadAction","target":["https:\/\/saiga.es\/fr\/produit\/berger-zerko-zar-4j-rouge\/"]}]},{"@type":"ImageObject","inLanguage":"fr-FR","@id":"https:\/\/saiga.es\/fr\/produit\/berger-zerko-zar-4j-rouge\/#primaryimage","url":"https:\/\/saiga.es\/wp-content\/uploads\/2024\/01\/Pastor-electrico-4-J.jpg","contentUrl":"https:\/\/saiga.es\/wp-content\/uploads\/2024\/01\/Pastor-electrico-4-J.jpg","width":1080,"height":1080,"caption":"Pastor el\u00e9ctrico 4J"},{"@type":"BreadcrumbList","@id":"https:\/\/saiga.es\/fr\/produit\/berger-zerko-zar-4j-rouge\/#breadcrumb","itemListElement":[{"@type":"ListItem","position":1,"name":"Inici","item":"https:\/\/saiga.es\/fr\/"},{"@type":"ListItem","position":2,"name":"boutique","item":"https:\/\/saiga.es\/fr\/boutique\/"},{"@type":"ListItem","position":3,"name":"Berger zerko zar 4J Rouge"}]},{"@type":"WebSite","@id":"https:\/\/saiga.es\/fr\/#website","url":"https:\/\/saiga.es\/fr\/","name":"SAIGA","description":"M\u00e9s de 50 anys al servei de la terra i treballant per a un \u00fas eficient de l\u2019aigua!","publisher":{"@id":"https:\/\/saiga.es\/fr\/#organization"},"potentialAction":[{"@type":"SearchAction","target":{"@type":"EntryPoint","urlTemplate":"https:\/\/saiga.es\/fr\/?s={search_term_string}"},"query-input":{"@type":"PropertyValueSpecification","valueRequired":true,"valueName":"search_term_string"}}],"inLanguage":"fr-FR"},{"@type":"Organization","@id":"https:\/\/saiga.es\/fr\/#organization","name":"SAIGA","url":"https:\/\/saiga.es\/fr\/","logo":{"@type":"ImageObject","inLanguage":"fr-FR","@id":"https:\/\/saiga.es\/fr\/#\/schema\/logo\/image\/","url":"https:\/\/saiga.es\/wp-content\/uploads\/2025\/07\/logo_saiga_baseline_optimitzat.svg","contentUrl":"https:\/\/saiga.es\/wp-content\/uploads\/2025\/07\/logo_saiga_baseline_optimitzat.svg","caption":"SAIGA"},"image":{"@id":"https:\/\/saiga.es\/fr\/#\/schema\/logo\/image\/"},"sameAs":["https:\/\/x.com\/saiga_agro","https:\/\/www.instagram.com\/saiga_agro\/"]}]}},"_links":{"self":[{"href":"https:\/\/saiga.es\/fr\/wp-json\/wp\/v2\/product\/6787","targetHints":{"allow":["GET"]}}],"collection":[{"href":"https:\/\/saiga.es\/fr\/wp-json\/wp\/v2\/product"}],"about":[{"href":"https:\/\/saiga.es\/fr\/wp-json\/wp\/v2\/types\/product"}],"replies":[{"embeddable":true,"href":"https:\/\/saiga.es\/fr\/wp-json\/wp\/v2\/comments?post=6787"}],"wp:featuredmedia":[{"embeddable":true,"href":"https:\/\/saiga.es\/fr\/wp-json\/wp\/v2\/media\/11570"}],"wp:attachment":[{"href":"https:\/\/saiga.es\/fr\/wp-json\/wp\/v2\/media?parent=6787"}],"wp:term":[{"taxonomy":"product_brand","embeddable":true,"href":"https:\/\/saiga.es\/fr\/wp-json\/wp\/v2\/product_brand?post=6787"},{"taxonomy":"product_cat","embeddable":true,"href":"https:\/\/saiga.es\/fr\/wp-json\/wp\/v2\/product_cat?post=6787"},{"taxonomy":"product_tag","embeddable":true,"href":"https:\/\/saiga.es\/fr\/wp-json\/wp\/v2\/product_tag?post=6787"}],"curies":[{"name":"wp","href":"https:\/\/api.w.org\/{rel}","templated":true}]}}