{"id":6796,"date":"2024-01-16T10:08:36","date_gmt":"2024-01-16T10:08:36","guid":{"rendered":"https:\/\/botiga.saiga.es\/producte\/secateur-a-une-main-km1l-kamikaze\/"},"modified":"2025-10-27T07:53:36","modified_gmt":"2025-10-27T07:53:36","slug":"secateur-a-une-main-km1l-kamikaze","status":"publish","type":"product","link":"https:\/\/saiga.es\/fr\/produit\/secateur-a-une-main-km1l-kamikaze\/","title":{"rendered":"S\u00e9cateur \u00e0 une main km1l kamikaze"},"content":{"rendered":"<p>Notre s\u00e9cateur \u00e0 une main est un outil indispensable pour une taille pr\u00e9cise et efficace. Avec un design compact et l\u00e9ger, cette tondeuse offre un contr\u00f4le optimal pour les t\u00e2ches de taille les plus d\u00e9taill\u00e9es de votre jardin.<\/p>\n<p>La lame tranchante, fabriqu\u00e9e \u00e0 partir de mat\u00e9riaux de haute qualit\u00e9, offre une coupe nette et pr\u00e9cise, vous permettant de manucurer vos plantes et arbustes en toute simplicit\u00e9. La poign\u00e9e ergonomique assure une prise confortable et antid\u00e9rapante, r\u00e9duisant ainsi la fatigue lors d&rsquo;une utilisation continue.<\/p>\n<p>Notre s\u00e9cateur est con\u00e7u pour \u00eatre polyvalent et pratique dans diff\u00e9rents environnements de jardinage. Que ce soit pour tailler des fleurs, former des buissons ou nettoyer des petites branches, cet outil sera votre parfait alli\u00e9. Avec notre s\u00e9cateur \u00e0 une main, profitez de la facilit\u00e9 et de la pr\u00e9cision dont vous avez besoin pour garder votre jardin bien entretenu et impeccable.<\/p>\n","protected":false},"excerpt":{"rendered":"<p>Notre s\u00e9cateur \u00e0 une main est un outil indispensable pour une taille pr\u00e9cise et efficace. Avec un design compact et l\u00e9ger, cette tondeuse offre un contr\u00f4le optimal pour les t\u00e2ches de taille les plus d\u00e9taill\u00e9es de votre jardin.<\/p>\n","protected":false},"featured_media":11797,"comment_status":"closed","ping_status":"closed","template":"","meta":[],"product_brand":[],"product_cat":[1733,428,433,468],"product_tag":[],"class_list":{"0":"post-6796","1":"product","2":"type-product","3":"status-publish","4":"has-post-thumbnail","6":"product_cat-kamikaze-fr","7":"product_cat-outils","8":"product_cat-secateurs","9":"product_cat-taille","11":"first","12":"instock","13":"taxable","14":"shipping-taxable","15":"purchasable","16":"product-type-simple"},"yoast_head":"<!-- This site is optimized with the Yoast SEO plugin v27.3 - https:\/\/yoast.com\/product\/yoast-seo-wordpress\/ -->\n<title>S\u00e9cateur \u00e0 une main km1l kamikaze | SAIGA<\/title>\n<meta name=\"description\" content=\"Notre s\u00e9cateur \u00e0 une main est un outil indispensable pour une taille pr\u00e9cise et efficace. Avec un design compact et l\u00e9ger, cette tondeuse offre un contr\u00f4le optimal pour les t\u00e2ches de taille les plus d\u00e9taill\u00e9es de votre jardin.\" \/>\n<meta name=\"robots\" content=\"index, follow, max-snippet:-1, max-image-preview:large, max-video-preview:-1\" \/>\n<link rel=\"canonical\" href=\"https:\/\/saiga.es\/fr\/produit\/secateur-a-une-main-km1l-kamikaze\/\" \/>\n<meta property=\"og:locale\" content=\"fr_FR\" \/>\n<meta property=\"og:type\" content=\"article\" \/>\n<meta property=\"og:title\" content=\"S\u00e9cateur \u00e0 une main km1l kamikaze | SAIGA\" \/>\n<meta property=\"og:description\" content=\"Notre s\u00e9cateur \u00e0 une main est un outil indispensable pour une taille pr\u00e9cise et efficace. Avec un design compact et l\u00e9ger, cette tondeuse offre un contr\u00f4le optimal pour les t\u00e2ches de taille les plus d\u00e9taill\u00e9es de votre jardin.\" \/>\n<meta property=\"og:url\" content=\"https:\/\/saiga.es\/fr\/produit\/secateur-a-une-main-km1l-kamikaze\/\" \/>\n<meta property=\"og:site_name\" content=\"SAIGA\" \/>\n<meta property=\"article:modified_time\" content=\"2025-10-27T07:53:36+00:00\" \/>\n<meta property=\"og:image\" content=\"https:\/\/saiga.es\/wp-content\/uploads\/2024\/01\/kamikaze-Km1.jpg\" \/>\n\t<meta property=\"og:image:width\" content=\"1080\" \/>\n\t<meta property=\"og:image:height\" content=\"1080\" \/>\n\t<meta property=\"og:image:type\" content=\"image\/jpeg\" \/>\n<meta name=\"twitter:card\" content=\"summary_large_image\" \/>\n<meta name=\"twitter:site\" content=\"@saiga_agro\" \/>\n<meta name=\"twitter:label1\" content=\"Dur\u00e9e de lecture estim\u00e9e\" \/>\n\t<meta name=\"twitter:data1\" content=\"1 minute\" \/>\n<script type=\"application\/ld+json\" class=\"yoast-schema-graph\">{\"@context\":\"https:\\\/\\\/schema.org\",\"@graph\":[{\"@type\":\"WebPage\",\"@id\":\"https:\\\/\\\/saiga.es\\\/fr\\\/produit\\\/secateur-a-une-main-km1l-kamikaze\\\/\",\"url\":\"https:\\\/\\\/saiga.es\\\/fr\\\/produit\\\/secateur-a-une-main-km1l-kamikaze\\\/\",\"name\":\"S\u00e9cateur \u00e0 une main km1l kamikaze | SAIGA\",\"isPartOf\":{\"@id\":\"https:\\\/\\\/saiga.es\\\/fr\\\/#website\"},\"primaryImageOfPage\":{\"@id\":\"https:\\\/\\\/saiga.es\\\/fr\\\/produit\\\/secateur-a-une-main-km1l-kamikaze\\\/#primaryimage\"},\"image\":{\"@id\":\"https:\\\/\\\/saiga.es\\\/fr\\\/produit\\\/secateur-a-une-main-km1l-kamikaze\\\/#primaryimage\"},\"thumbnailUrl\":\"https:\\\/\\\/saiga.es\\\/wp-content\\\/uploads\\\/2024\\\/01\\\/kamikaze-Km1.jpg\",\"datePublished\":\"2024-01-16T10:08:36+00:00\",\"dateModified\":\"2025-10-27T07:53:36+00:00\",\"description\":\"Notre s\u00e9cateur \u00e0 une main est un outil indispensable pour une taille pr\u00e9cise et efficace. Avec un design compact et l\u00e9ger, cette tondeuse offre un contr\u00f4le optimal pour les t\u00e2ches de taille les plus d\u00e9taill\u00e9es de votre jardin.\",\"breadcrumb\":{\"@id\":\"https:\\\/\\\/saiga.es\\\/fr\\\/produit\\\/secateur-a-une-main-km1l-kamikaze\\\/#breadcrumb\"},\"inLanguage\":\"fr-FR\",\"potentialAction\":[{\"@type\":\"ReadAction\",\"target\":[\"https:\\\/\\\/saiga.es\\\/fr\\\/produit\\\/secateur-a-une-main-km1l-kamikaze\\\/\"]}]},{\"@type\":\"ImageObject\",\"inLanguage\":\"fr-FR\",\"@id\":\"https:\\\/\\\/saiga.es\\\/fr\\\/produit\\\/secateur-a-une-main-km1l-kamikaze\\\/#primaryimage\",\"url\":\"https:\\\/\\\/saiga.es\\\/wp-content\\\/uploads\\\/2024\\\/01\\\/kamikaze-Km1.jpg\",\"contentUrl\":\"https:\\\/\\\/saiga.es\\\/wp-content\\\/uploads\\\/2024\\\/01\\\/kamikaze-Km1.jpg\",\"width\":1080,\"height\":1080,\"caption\":\"Kamikaze Km 1\"},{\"@type\":\"BreadcrumbList\",\"@id\":\"https:\\\/\\\/saiga.es\\\/fr\\\/produit\\\/secateur-a-une-main-km1l-kamikaze\\\/#breadcrumb\",\"itemListElement\":[{\"@type\":\"ListItem\",\"position\":1,\"name\":\"Inici\",\"item\":\"https:\\\/\\\/saiga.es\\\/fr\\\/\"},{\"@type\":\"ListItem\",\"position\":2,\"name\":\"boutique\",\"item\":\"https:\\\/\\\/saiga.es\\\/fr\\\/boutique\\\/\"},{\"@type\":\"ListItem\",\"position\":3,\"name\":\"S\u00e9cateur \u00e0 une main km1l kamikaze\"}]},{\"@type\":\"WebSite\",\"@id\":\"https:\\\/\\\/saiga.es\\\/fr\\\/#website\",\"url\":\"https:\\\/\\\/saiga.es\\\/fr\\\/\",\"name\":\"SAIGA\",\"description\":\"M\u00e9s de 50 anys al servei de la terra i treballant per a un \u00fas eficient de l\u2019aigua!\",\"publisher\":{\"@id\":\"https:\\\/\\\/saiga.es\\\/fr\\\/#organization\"},\"potentialAction\":[{\"@type\":\"SearchAction\",\"target\":{\"@type\":\"EntryPoint\",\"urlTemplate\":\"https:\\\/\\\/saiga.es\\\/fr\\\/?s={search_term_string}\"},\"query-input\":{\"@type\":\"PropertyValueSpecification\",\"valueRequired\":true,\"valueName\":\"search_term_string\"}}],\"inLanguage\":\"fr-FR\"},{\"@type\":\"Organization\",\"@id\":\"https:\\\/\\\/saiga.es\\\/fr\\\/#organization\",\"name\":\"SAIGA\",\"url\":\"https:\\\/\\\/saiga.es\\\/fr\\\/\",\"logo\":{\"@type\":\"ImageObject\",\"inLanguage\":\"fr-FR\",\"@id\":\"https:\\\/\\\/saiga.es\\\/fr\\\/#\\\/schema\\\/logo\\\/image\\\/\",\"url\":\"https:\\\/\\\/saiga.es\\\/wp-content\\\/uploads\\\/2025\\\/07\\\/logo_saiga_baseline_optimitzat.svg\",\"contentUrl\":\"https:\\\/\\\/saiga.es\\\/wp-content\\\/uploads\\\/2025\\\/07\\\/logo_saiga_baseline_optimitzat.svg\",\"caption\":\"SAIGA\"},\"image\":{\"@id\":\"https:\\\/\\\/saiga.es\\\/fr\\\/#\\\/schema\\\/logo\\\/image\\\/\"},\"sameAs\":[\"https:\\\/\\\/x.com\\\/saiga_agro\",\"https:\\\/\\\/www.instagram.com\\\/saiga_agro\\\/\"]}]}<\/script>\n<!-- \/ Yoast SEO plugin. -->","yoast_head_json":{"title":"S\u00e9cateur \u00e0 une main km1l kamikaze | SAIGA","description":"Notre s\u00e9cateur \u00e0 une main est un outil indispensable pour une taille pr\u00e9cise et efficace. Avec un design compact et l\u00e9ger, cette tondeuse offre un contr\u00f4le optimal pour les t\u00e2ches de taille les plus d\u00e9taill\u00e9es de votre jardin.","robots":{"index":"index","follow":"follow","max-snippet":"max-snippet:-1","max-image-preview":"max-image-preview:large","max-video-preview":"max-video-preview:-1"},"canonical":"https:\/\/saiga.es\/fr\/produit\/secateur-a-une-main-km1l-kamikaze\/","og_locale":"fr_FR","og_type":"article","og_title":"S\u00e9cateur \u00e0 une main km1l kamikaze | SAIGA","og_description":"Notre s\u00e9cateur \u00e0 une main est un outil indispensable pour une taille pr\u00e9cise et efficace. Avec un design compact et l\u00e9ger, cette tondeuse offre un contr\u00f4le optimal pour les t\u00e2ches de taille les plus d\u00e9taill\u00e9es de votre jardin.","og_url":"https:\/\/saiga.es\/fr\/produit\/secateur-a-une-main-km1l-kamikaze\/","og_site_name":"SAIGA","article_modified_time":"2025-10-27T07:53:36+00:00","og_image":[{"width":1080,"height":1080,"url":"https:\/\/saiga.es\/wp-content\/uploads\/2024\/01\/kamikaze-Km1.jpg","type":"image\/jpeg"}],"twitter_card":"summary_large_image","twitter_site":"@saiga_agro","twitter_misc":{"Dur\u00e9e de lecture estim\u00e9e":"1 minute"},"schema":{"@context":"https:\/\/schema.org","@graph":[{"@type":"WebPage","@id":"https:\/\/saiga.es\/fr\/produit\/secateur-a-une-main-km1l-kamikaze\/","url":"https:\/\/saiga.es\/fr\/produit\/secateur-a-une-main-km1l-kamikaze\/","name":"S\u00e9cateur \u00e0 une main km1l kamikaze | SAIGA","isPartOf":{"@id":"https:\/\/saiga.es\/fr\/#website"},"primaryImageOfPage":{"@id":"https:\/\/saiga.es\/fr\/produit\/secateur-a-une-main-km1l-kamikaze\/#primaryimage"},"image":{"@id":"https:\/\/saiga.es\/fr\/produit\/secateur-a-une-main-km1l-kamikaze\/#primaryimage"},"thumbnailUrl":"https:\/\/saiga.es\/wp-content\/uploads\/2024\/01\/kamikaze-Km1.jpg","datePublished":"2024-01-16T10:08:36+00:00","dateModified":"2025-10-27T07:53:36+00:00","description":"Notre s\u00e9cateur \u00e0 une main est un outil indispensable pour une taille pr\u00e9cise et efficace. Avec un design compact et l\u00e9ger, cette tondeuse offre un contr\u00f4le optimal pour les t\u00e2ches de taille les plus d\u00e9taill\u00e9es de votre jardin.","breadcrumb":{"@id":"https:\/\/saiga.es\/fr\/produit\/secateur-a-une-main-km1l-kamikaze\/#breadcrumb"},"inLanguage":"fr-FR","potentialAction":[{"@type":"ReadAction","target":["https:\/\/saiga.es\/fr\/produit\/secateur-a-une-main-km1l-kamikaze\/"]}]},{"@type":"ImageObject","inLanguage":"fr-FR","@id":"https:\/\/saiga.es\/fr\/produit\/secateur-a-une-main-km1l-kamikaze\/#primaryimage","url":"https:\/\/saiga.es\/wp-content\/uploads\/2024\/01\/kamikaze-Km1.jpg","contentUrl":"https:\/\/saiga.es\/wp-content\/uploads\/2024\/01\/kamikaze-Km1.jpg","width":1080,"height":1080,"caption":"Kamikaze Km 1"},{"@type":"BreadcrumbList","@id":"https:\/\/saiga.es\/fr\/produit\/secateur-a-une-main-km1l-kamikaze\/#breadcrumb","itemListElement":[{"@type":"ListItem","position":1,"name":"Inici","item":"https:\/\/saiga.es\/fr\/"},{"@type":"ListItem","position":2,"name":"boutique","item":"https:\/\/saiga.es\/fr\/boutique\/"},{"@type":"ListItem","position":3,"name":"S\u00e9cateur \u00e0 une main km1l kamikaze"}]},{"@type":"WebSite","@id":"https:\/\/saiga.es\/fr\/#website","url":"https:\/\/saiga.es\/fr\/","name":"SAIGA","description":"M\u00e9s de 50 anys al servei de la terra i treballant per a un \u00fas eficient de l\u2019aigua!","publisher":{"@id":"https:\/\/saiga.es\/fr\/#organization"},"potentialAction":[{"@type":"SearchAction","target":{"@type":"EntryPoint","urlTemplate":"https:\/\/saiga.es\/fr\/?s={search_term_string}"},"query-input":{"@type":"PropertyValueSpecification","valueRequired":true,"valueName":"search_term_string"}}],"inLanguage":"fr-FR"},{"@type":"Organization","@id":"https:\/\/saiga.es\/fr\/#organization","name":"SAIGA","url":"https:\/\/saiga.es\/fr\/","logo":{"@type":"ImageObject","inLanguage":"fr-FR","@id":"https:\/\/saiga.es\/fr\/#\/schema\/logo\/image\/","url":"https:\/\/saiga.es\/wp-content\/uploads\/2025\/07\/logo_saiga_baseline_optimitzat.svg","contentUrl":"https:\/\/saiga.es\/wp-content\/uploads\/2025\/07\/logo_saiga_baseline_optimitzat.svg","caption":"SAIGA"},"image":{"@id":"https:\/\/saiga.es\/fr\/#\/schema\/logo\/image\/"},"sameAs":["https:\/\/x.com\/saiga_agro","https:\/\/www.instagram.com\/saiga_agro\/"]}]}},"_links":{"self":[{"href":"https:\/\/saiga.es\/fr\/wp-json\/wp\/v2\/product\/6796","targetHints":{"allow":["GET"]}}],"collection":[{"href":"https:\/\/saiga.es\/fr\/wp-json\/wp\/v2\/product"}],"about":[{"href":"https:\/\/saiga.es\/fr\/wp-json\/wp\/v2\/types\/product"}],"replies":[{"embeddable":true,"href":"https:\/\/saiga.es\/fr\/wp-json\/wp\/v2\/comments?post=6796"}],"wp:featuredmedia":[{"embeddable":true,"href":"https:\/\/saiga.es\/fr\/wp-json\/wp\/v2\/media\/11797"}],"wp:attachment":[{"href":"https:\/\/saiga.es\/fr\/wp-json\/wp\/v2\/media?parent=6796"}],"wp:term":[{"taxonomy":"product_brand","embeddable":true,"href":"https:\/\/saiga.es\/fr\/wp-json\/wp\/v2\/product_brand?post=6796"},{"taxonomy":"product_cat","embeddable":true,"href":"https:\/\/saiga.es\/fr\/wp-json\/wp\/v2\/product_cat?post=6796"},{"taxonomy":"product_tag","embeddable":true,"href":"https:\/\/saiga.es\/fr\/wp-json\/wp\/v2\/product_tag?post=6796"}],"curies":[{"name":"wp","href":"https:\/\/api.w.org\/{rel}","templated":true}]}}