{"id":6827,"date":"2023-06-05T14:25:37","date_gmt":"2023-06-05T14:25:37","guid":{"rendered":"https:\/\/botiga.saiga.es\/producte\/debroussailleuse-echo-srm267-u\/"},"modified":"2023-06-05T14:25:37","modified_gmt":"2023-06-05T14:25:37","slug":"debroussailleuse-echo-srm267-u","status":"publish","type":"product","link":"https:\/\/saiga.es\/fr\/produit\/debroussailleuse-echo-srm267-u\/","title":{"rendered":"D\u00e9broussailleuse Echo SRM267 U"},"content":{"rendered":"<p>D\u00e9broussailleuse l\u00e9g\u00e8re ECHO SRM 267 U, \u00e0 double poign\u00e9e, compacte et maniable et \u00e0 faibles vibrations. Il dispose \u00e9galement d&rsquo;un allumage \u00e9lectronique CDI, EUST5.<\/p>\n<p><strong>La d\u00e9broussailleuse la plus l\u00e9g\u00e8re<\/strong><br \/>\nLa d\u00e9broussailleuse ECHO SRM 267 U est l\u00e9g\u00e8re, robuste et compacte. Sa technologie innovante offre une consommation plus faible, plus d&rsquo;acc\u00e9l\u00e9ration et une puissance en augmentation de 13% par rapport \u00e0 son pr\u00e9d\u00e9cesseur, la d\u00e9broussailleuse ECHO SRM 220 ESU.<\/p>\n<p><strong>Le plus comp\u00e9titif<\/strong><br \/>\nCe mod\u00e8le, le premier de la vaste gamme de d\u00e9broussailleuses ECHO, se distingue par sa puissance et son acc\u00e9l\u00e9ration sup\u00e9rieures par rapport aux versions pr\u00e9c\u00e9dentes, ainsi que par son prix ajust\u00e9 qui en fait une machine tr\u00e8s int\u00e9ressante pour l&rsquo;utilisateur priv\u00e9.<\/p>\n<p><strong>Puissance et technologie<\/strong><br \/>\nSon moteur robuste pr\u00e9sente moins d&rsquo;usure, ce qui signifie une dur\u00e9e de vie et une durabilit\u00e9 prolong\u00e9es. Son moteur con\u00e7u et fabriqu\u00e9 au Japon est conforme \u00e0 la deuxi\u00e8me phase de la stricte directive sur les \u00e9missions EUST5, avec une consommation de carburant r\u00e9duite, un faible niveau sonore et des \u00e9missions d&rsquo;\u00e9chappement r\u00e9duites. Le syst\u00e8me d&rsquo;allumage \u00e9lectronique CDI am\u00e9liore le comportement de la machine \u00e0 n&rsquo;importe quel r\u00e9gime moteur et s&rsquo;adapte parfaitement \u00e0 chaque condition de travail.<\/p>\n<p><strong>Facilit\u00e9 d&rsquo;utilisation<\/strong><br \/>\nIl b\u00e9n\u00e9ficie d&rsquo;un faible niveau sonore et d&rsquo;une technologie int\u00e9gr\u00e9e anti-vibrations, ce qui en fait un mod\u00e8le tr\u00e8s confortable pour travailler pendant de longues journ\u00e9es. Il reste dans les niveaux de vibrations \u00e9tablis par la directive 2002\/44\/CE, ce qui en fait un mod\u00e8le tr\u00e8s attractif pour les collectivit\u00e9s locales et les grands entrepreneurs.<\/p>\n<p><strong>Avec le meilleur \u00e9quipement<\/strong><br \/>\nLa d\u00e9broussailleuse \u00e0 double poign\u00e9e ECHO SRM 267 U convient pour travailler aussi bien avec un disque de coupe qu&rsquo;avec un fil en nylon. Il est livr\u00e9 avec un disque \u00e0 3 points, une protection multifonction et un harnais professionnel, pour que vous puissiez profiter du travail confortablement et bien prot\u00e9g\u00e9. Tout est pens\u00e9 pour une s\u00e9curit\u00e9 maximale des utilisateurs.<\/p>\n","protected":false},"excerpt":{"rendered":"<p>D\u00e9broussailleuse l\u00e9g\u00e8re ECHO SRM 267 U, \u00e0 double poign\u00e9e, compacte et maniable et \u00e0 faibles vibrations. Il dispose \u00e9galement d&rsquo;un allumage \u00e9lectronique CDI, EUST5.<\/p>\n","protected":false},"featured_media":6828,"comment_status":"open","ping_status":"closed","template":"","meta":[],"product_brand":[],"product_cat":[1698],"product_tag":[1674],"class_list":{"0":"post-6827","1":"product","2":"type-product","3":"status-publish","4":"has-post-thumbnail","6":"product_cat-debroussailleuse","7":"product_tag-machinerie","9":"first","10":"instock","11":"sale","12":"taxable","13":"shipping-taxable","14":"purchasable","15":"product-type-simple"},"yoast_head":"<!-- This site is optimized with the Yoast SEO plugin v27.4 - https:\/\/yoast.com\/product\/yoast-seo-wordpress\/ -->\n<title>D\u00e9broussailleuse Echo SRM267 U | SAIGA<\/title>\n<meta name=\"description\" content=\"D\u00e9broussailleuse l\u00e9g\u00e8re ECHO SRM 267 U, double guidon, compacte et maniable, faibles vibrations, allumage \u00e9lectronique CDI, EUST5.\" \/>\n<meta name=\"robots\" content=\"index, follow, max-snippet:-1, max-image-preview:large, max-video-preview:-1\" \/>\n<link rel=\"canonical\" href=\"https:\/\/saiga.es\/fr\/produit\/debroussailleuse-echo-srm267-u\/\" \/>\n<meta property=\"og:locale\" content=\"fr_FR\" \/>\n<meta property=\"og:type\" content=\"article\" \/>\n<meta property=\"og:title\" content=\"D\u00e9broussailleuse Echo SRM267 U | SAIGA\" \/>\n<meta property=\"og:description\" content=\"D\u00e9broussailleuse l\u00e9g\u00e8re ECHO SRM 267 U, double guidon, compacte et maniable, faibles vibrations, allumage \u00e9lectronique CDI, EUST5.\" \/>\n<meta property=\"og:url\" content=\"https:\/\/saiga.es\/fr\/produit\/debroussailleuse-echo-srm267-u\/\" \/>\n<meta property=\"og:site_name\" content=\"SAIGA\" \/>\n<meta property=\"og:image\" content=\"https:\/\/saiga.es\/wp-content\/uploads\/2023\/06\/desbrozadora-srm-267-u.png\" \/>\n\t<meta property=\"og:image:width\" content=\"500\" \/>\n\t<meta property=\"og:image:height\" content=\"500\" \/>\n\t<meta property=\"og:image:type\" content=\"image\/png\" \/>\n<meta name=\"twitter:card\" content=\"summary_large_image\" \/>\n<meta name=\"twitter:site\" content=\"@saiga_agro\" \/>\n<meta name=\"twitter:label1\" content=\"Dur\u00e9e de lecture estim\u00e9e\" \/>\n\t<meta name=\"twitter:data1\" content=\"2 minutes\" \/>\n<script type=\"application\/ld+json\" class=\"yoast-schema-graph\">{\"@context\":\"https:\\\/\\\/schema.org\",\"@graph\":[{\"@type\":\"WebPage\",\"@id\":\"https:\\\/\\\/saiga.es\\\/fr\\\/produit\\\/debroussailleuse-echo-srm267-u\\\/\",\"url\":\"https:\\\/\\\/saiga.es\\\/fr\\\/produit\\\/debroussailleuse-echo-srm267-u\\\/\",\"name\":\"D\u00e9broussailleuse Echo SRM267 U | SAIGA\",\"isPartOf\":{\"@id\":\"https:\\\/\\\/saiga.es\\\/fr\\\/#website\"},\"primaryImageOfPage\":{\"@id\":\"https:\\\/\\\/saiga.es\\\/fr\\\/produit\\\/debroussailleuse-echo-srm267-u\\\/#primaryimage\"},\"image\":{\"@id\":\"https:\\\/\\\/saiga.es\\\/fr\\\/produit\\\/debroussailleuse-echo-srm267-u\\\/#primaryimage\"},\"thumbnailUrl\":\"https:\\\/\\\/saiga.es\\\/wp-content\\\/uploads\\\/2023\\\/06\\\/desbrozadora-srm-267-u.png\",\"datePublished\":\"2023-06-05T14:25:37+00:00\",\"description\":\"D\u00e9broussailleuse l\u00e9g\u00e8re ECHO SRM 267 U, double guidon, compacte et maniable, faibles vibrations, allumage \u00e9lectronique CDI, EUST5.\",\"breadcrumb\":{\"@id\":\"https:\\\/\\\/saiga.es\\\/fr\\\/produit\\\/debroussailleuse-echo-srm267-u\\\/#breadcrumb\"},\"inLanguage\":\"fr-FR\",\"potentialAction\":[{\"@type\":\"ReadAction\",\"target\":[\"https:\\\/\\\/saiga.es\\\/fr\\\/produit\\\/debroussailleuse-echo-srm267-u\\\/\"]}]},{\"@type\":\"ImageObject\",\"inLanguage\":\"fr-FR\",\"@id\":\"https:\\\/\\\/saiga.es\\\/fr\\\/produit\\\/debroussailleuse-echo-srm267-u\\\/#primaryimage\",\"url\":\"https:\\\/\\\/saiga.es\\\/wp-content\\\/uploads\\\/2023\\\/06\\\/desbrozadora-srm-267-u.png\",\"contentUrl\":\"https:\\\/\\\/saiga.es\\\/wp-content\\\/uploads\\\/2023\\\/06\\\/desbrozadora-srm-267-u.png\",\"width\":500,\"height\":500},{\"@type\":\"BreadcrumbList\",\"@id\":\"https:\\\/\\\/saiga.es\\\/fr\\\/produit\\\/debroussailleuse-echo-srm267-u\\\/#breadcrumb\",\"itemListElement\":[{\"@type\":\"ListItem\",\"position\":1,\"name\":\"Inici\",\"item\":\"https:\\\/\\\/saiga.es\\\/fr\\\/\"},{\"@type\":\"ListItem\",\"position\":2,\"name\":\"boutique\",\"item\":\"https:\\\/\\\/saiga.es\\\/fr\\\/boutique\\\/\"},{\"@type\":\"ListItem\",\"position\":3,\"name\":\"D\u00e9broussailleuse Echo SRM267 U\"}]},{\"@type\":\"WebSite\",\"@id\":\"https:\\\/\\\/saiga.es\\\/fr\\\/#website\",\"url\":\"https:\\\/\\\/saiga.es\\\/fr\\\/\",\"name\":\"SAIGA\",\"description\":\"M\u00e9s de 50 anys al servei de la terra i treballant per a un \u00fas eficient de l\u2019aigua!\",\"publisher\":{\"@id\":\"https:\\\/\\\/saiga.es\\\/fr\\\/#organization\"},\"potentialAction\":[{\"@type\":\"SearchAction\",\"target\":{\"@type\":\"EntryPoint\",\"urlTemplate\":\"https:\\\/\\\/saiga.es\\\/fr\\\/?s={search_term_string}\"},\"query-input\":{\"@type\":\"PropertyValueSpecification\",\"valueRequired\":true,\"valueName\":\"search_term_string\"}}],\"inLanguage\":\"fr-FR\"},{\"@type\":\"Organization\",\"@id\":\"https:\\\/\\\/saiga.es\\\/fr\\\/#organization\",\"name\":\"SAIGA\",\"url\":\"https:\\\/\\\/saiga.es\\\/fr\\\/\",\"logo\":{\"@type\":\"ImageObject\",\"inLanguage\":\"fr-FR\",\"@id\":\"https:\\\/\\\/saiga.es\\\/fr\\\/#\\\/schema\\\/logo\\\/image\\\/\",\"url\":\"https:\\\/\\\/saiga.es\\\/wp-content\\\/uploads\\\/2025\\\/07\\\/logo_saiga_baseline_optimitzat.svg\",\"contentUrl\":\"https:\\\/\\\/saiga.es\\\/wp-content\\\/uploads\\\/2025\\\/07\\\/logo_saiga_baseline_optimitzat.svg\",\"caption\":\"SAIGA\"},\"image\":{\"@id\":\"https:\\\/\\\/saiga.es\\\/fr\\\/#\\\/schema\\\/logo\\\/image\\\/\"},\"sameAs\":[\"https:\\\/\\\/x.com\\\/saiga_agro\",\"https:\\\/\\\/www.instagram.com\\\/saiga_agro\\\/\"]}]}<\/script>\n<!-- \/ Yoast SEO plugin. -->","yoast_head_json":{"title":"D\u00e9broussailleuse Echo SRM267 U | SAIGA","description":"D\u00e9broussailleuse l\u00e9g\u00e8re ECHO SRM 267 U, double guidon, compacte et maniable, faibles vibrations, allumage \u00e9lectronique CDI, EUST5.","robots":{"index":"index","follow":"follow","max-snippet":"max-snippet:-1","max-image-preview":"max-image-preview:large","max-video-preview":"max-video-preview:-1"},"canonical":"https:\/\/saiga.es\/fr\/produit\/debroussailleuse-echo-srm267-u\/","og_locale":"fr_FR","og_type":"article","og_title":"D\u00e9broussailleuse Echo SRM267 U | SAIGA","og_description":"D\u00e9broussailleuse l\u00e9g\u00e8re ECHO SRM 267 U, double guidon, compacte et maniable, faibles vibrations, allumage \u00e9lectronique CDI, EUST5.","og_url":"https:\/\/saiga.es\/fr\/produit\/debroussailleuse-echo-srm267-u\/","og_site_name":"SAIGA","og_image":[{"width":500,"height":500,"url":"https:\/\/saiga.es\/wp-content\/uploads\/2023\/06\/desbrozadora-srm-267-u.png","type":"image\/png"}],"twitter_card":"summary_large_image","twitter_site":"@saiga_agro","twitter_misc":{"Dur\u00e9e de lecture estim\u00e9e":"2 minutes"},"schema":{"@context":"https:\/\/schema.org","@graph":[{"@type":"WebPage","@id":"https:\/\/saiga.es\/fr\/produit\/debroussailleuse-echo-srm267-u\/","url":"https:\/\/saiga.es\/fr\/produit\/debroussailleuse-echo-srm267-u\/","name":"D\u00e9broussailleuse Echo SRM267 U | SAIGA","isPartOf":{"@id":"https:\/\/saiga.es\/fr\/#website"},"primaryImageOfPage":{"@id":"https:\/\/saiga.es\/fr\/produit\/debroussailleuse-echo-srm267-u\/#primaryimage"},"image":{"@id":"https:\/\/saiga.es\/fr\/produit\/debroussailleuse-echo-srm267-u\/#primaryimage"},"thumbnailUrl":"https:\/\/saiga.es\/wp-content\/uploads\/2023\/06\/desbrozadora-srm-267-u.png","datePublished":"2023-06-05T14:25:37+00:00","description":"D\u00e9broussailleuse l\u00e9g\u00e8re ECHO SRM 267 U, double guidon, compacte et maniable, faibles vibrations, allumage \u00e9lectronique CDI, EUST5.","breadcrumb":{"@id":"https:\/\/saiga.es\/fr\/produit\/debroussailleuse-echo-srm267-u\/#breadcrumb"},"inLanguage":"fr-FR","potentialAction":[{"@type":"ReadAction","target":["https:\/\/saiga.es\/fr\/produit\/debroussailleuse-echo-srm267-u\/"]}]},{"@type":"ImageObject","inLanguage":"fr-FR","@id":"https:\/\/saiga.es\/fr\/produit\/debroussailleuse-echo-srm267-u\/#primaryimage","url":"https:\/\/saiga.es\/wp-content\/uploads\/2023\/06\/desbrozadora-srm-267-u.png","contentUrl":"https:\/\/saiga.es\/wp-content\/uploads\/2023\/06\/desbrozadora-srm-267-u.png","width":500,"height":500},{"@type":"BreadcrumbList","@id":"https:\/\/saiga.es\/fr\/produit\/debroussailleuse-echo-srm267-u\/#breadcrumb","itemListElement":[{"@type":"ListItem","position":1,"name":"Inici","item":"https:\/\/saiga.es\/fr\/"},{"@type":"ListItem","position":2,"name":"boutique","item":"https:\/\/saiga.es\/fr\/boutique\/"},{"@type":"ListItem","position":3,"name":"D\u00e9broussailleuse Echo SRM267 U"}]},{"@type":"WebSite","@id":"https:\/\/saiga.es\/fr\/#website","url":"https:\/\/saiga.es\/fr\/","name":"SAIGA","description":"M\u00e9s de 50 anys al servei de la terra i treballant per a un \u00fas eficient de l\u2019aigua!","publisher":{"@id":"https:\/\/saiga.es\/fr\/#organization"},"potentialAction":[{"@type":"SearchAction","target":{"@type":"EntryPoint","urlTemplate":"https:\/\/saiga.es\/fr\/?s={search_term_string}"},"query-input":{"@type":"PropertyValueSpecification","valueRequired":true,"valueName":"search_term_string"}}],"inLanguage":"fr-FR"},{"@type":"Organization","@id":"https:\/\/saiga.es\/fr\/#organization","name":"SAIGA","url":"https:\/\/saiga.es\/fr\/","logo":{"@type":"ImageObject","inLanguage":"fr-FR","@id":"https:\/\/saiga.es\/fr\/#\/schema\/logo\/image\/","url":"https:\/\/saiga.es\/wp-content\/uploads\/2025\/07\/logo_saiga_baseline_optimitzat.svg","contentUrl":"https:\/\/saiga.es\/wp-content\/uploads\/2025\/07\/logo_saiga_baseline_optimitzat.svg","caption":"SAIGA"},"image":{"@id":"https:\/\/saiga.es\/fr\/#\/schema\/logo\/image\/"},"sameAs":["https:\/\/x.com\/saiga_agro","https:\/\/www.instagram.com\/saiga_agro\/"]}]}},"_links":{"self":[{"href":"https:\/\/saiga.es\/fr\/wp-json\/wp\/v2\/product\/6827","targetHints":{"allow":["GET"]}}],"collection":[{"href":"https:\/\/saiga.es\/fr\/wp-json\/wp\/v2\/product"}],"about":[{"href":"https:\/\/saiga.es\/fr\/wp-json\/wp\/v2\/types\/product"}],"replies":[{"embeddable":true,"href":"https:\/\/saiga.es\/fr\/wp-json\/wp\/v2\/comments?post=6827"}],"wp:featuredmedia":[{"embeddable":true,"href":"https:\/\/saiga.es\/fr\/wp-json\/wp\/v2\/media\/6828"}],"wp:attachment":[{"href":"https:\/\/saiga.es\/fr\/wp-json\/wp\/v2\/media?parent=6827"}],"wp:term":[{"taxonomy":"product_brand","embeddable":true,"href":"https:\/\/saiga.es\/fr\/wp-json\/wp\/v2\/product_brand?post=6827"},{"taxonomy":"product_cat","embeddable":true,"href":"https:\/\/saiga.es\/fr\/wp-json\/wp\/v2\/product_cat?post=6827"},{"taxonomy":"product_tag","embeddable":true,"href":"https:\/\/saiga.es\/fr\/wp-json\/wp\/v2\/product_tag?post=6827"}],"curies":[{"name":"wp","href":"https:\/\/api.w.org\/{rel}","templated":true}]}}