{"id":6830,"date":"2023-12-01T10:05:32","date_gmt":"2023-12-01T10:05:32","guid":{"rendered":"https:\/\/botiga.saiga.es\/producte\/desherbeur-dhx-40\/"},"modified":"2024-10-17T07:08:55","modified_gmt":"2024-10-17T07:08:55","slug":"desherbeur-dhx-40","status":"publish","type":"product","link":"https:\/\/saiga.es\/fr\/produit\/desherbeur-dhx-40\/","title":{"rendered":"D\u00e9sherbeur DHX 40"},"content":{"rendered":"<p>D\u00e9sherbeur XGREENS\u2122 DHX 40 Propuls\u00e9 par Honda, professionnel, automoteur, alternative aux herbicides chimiques pour effectuer les travaux d&rsquo;aplatissement, d&rsquo;arrachage et de pistage en terrain perm\u00e9able.<\/p>\n<p><strong>Le d\u00e9sherbeur XGREENS DHX40 est destin\u00e9 aux professionnels ou aux utilisateurs exigeants pour les espaces publics, cimeti\u00e8res, parcs, ch\u00e2teaux et campings.<\/strong> Il est con\u00e7u pour d\u00e9raciner les mauvaises herbes dans les terrains perm\u00e9ables comme le sable, le gravier, etc. Il est id\u00e9al pour effectuer cette t\u00e2che sur les sentiers, les avenues des parcs, les pistes cyclables, les trottoirs, les cimeti\u00e8res, les terrains de jeux, les pistes d&rsquo;athl\u00e9tisme, les cours priv\u00e9es, etc.<\/p>\n<p>Moteur Honda \u00e0 l&rsquo;int\u00e9rieur<br \/>\nLe c\u0153ur de Honda r\u00e9side dans ses moteurs et toutes les d\u00e9sherbeuses sont \u00e9quip\u00e9es du puissant moteur 4 temps exclusif \u00e0 la marque. Tous les moteurs Honda int\u00e8grent une technologie de pointe qui garantit leur efficacit\u00e9, leur fiabilit\u00e9 et leur longue dur\u00e9e de vie. De plus, en raison de son engagement \u00e9lev\u00e9 en faveur du respect de l&rsquo;environnement, Honda fabrique des moteurs conformes aux r\u00e9glementations les plus strictes au monde.<\/p>\n<p>Alternative aux herbicides chimiques<br \/>\nLe d\u00e9sherbeur XGREENS\u2122 DHX40 offre une alternative aux herbicides chimiques. Il est destin\u00e9 aux surfaces envahies par les mousses et les mauvaises herbes sur des terrains allant jusqu&rsquo;\u00e0 2000 m\u00b2. Il d\u00e9truit les racines des mauvaises herbes et travaille \u00e0 faible profondeur, ce qui perturbe le moins possible la structure du sol. D\u00e9truire la racine est synonyme d&rsquo;un rendement \u00e9lev\u00e9 puisque le temps de r\u00e9apparition des mauvaises herbes est plus long que si on les coupait avec une d\u00e9broussailleuse.<\/p>\n<p>Facilit\u00e9 d&rsquo;utilisation<br \/>\nCette machine est compacte et accessible \u00e0 tous. Il est facile \u00e0 conduire et \u00e0 manipuler. Il dispose d&rsquo;une bo\u00eete de vitesses avec une vitesse avant et une vitesse arri\u00e8re. Son guidon est r\u00e9glable en hauteur et lat\u00e9ralement pour ne pas g\u00eaner le chemin pour un plus grand confort d&rsquo;utilisation, et il dispose \u00e9galement d&rsquo;un contrepoids avant pour garantir la traction des roues pneumatiques.<\/p>\n<p>3 t\u00e2ches dans une seule machine<br \/>\nLe d\u00e9sherbeur XGREENS\u2122 DHX40 se compose de trois \u00e9l\u00e9ments principaux : un rouleau, un couteau aiguis\u00e9 de 40 cm de large en acier haute r\u00e9sistance et un r\u00e2teau. Gr\u00e2ce \u00e0 ces trois \u00e9l\u00e9ments, le travail d&rsquo;aplatissement, de d\u00e9chirement et de ratissage est r\u00e9alis\u00e9.<\/p>\n<p>&nbsp;<\/p>\n<p><strong>SP\u00c9CIFICATIONS DU PRODUIT<\/strong><br \/>\nTipus de motor: Honda GP 160<br \/>\nD\u00e9placement : 163 cm\u00b3<br \/>\nPuissance du moteur : 3,6 kW (4,8 ch)<br \/>\nR\u00e9servoir d&rsquo;essence Euro 95 de 3,1 litres<br \/>\nAutonomie : 2,2 heures<br \/>\nD\u00e9marrage : manuel<br \/>\nDispositif de s\u00e9curit\u00e9 : embrayage \u00e0 courroie<br \/>\nTransmission : Variable avec marche arri\u00e8re<br \/>\nAvancement : automoteur<br \/>\nGuidon : pliable<br \/>\nLargeur de travail : 40 cm<br \/>\nGuidon r\u00e9glable en hauteur : Oui<br \/>\nGuidon r\u00e9glable lat\u00e9ralement : Oui<br \/>\nContrepoids avant : Oui &#8211; 20 Kg<br \/>\nVitesse d&rsquo;avancement : avant 3,2-5,4 km\/h | Retour 1,5-2,5 km\/h<br \/>\nCapacit\u00e9 de travail : 2 000 m\u00b2\/h &#8211; Selon la surface \u00e0 couper<br \/>\nSurface de travail recommand\u00e9e : Sol perm\u00e9able<br \/>\nMat\u00e9riau du ch\u00e2ssis : Acier<br \/>\nHauteur : 110 cm<br \/>\nLongueur : 132 cm<br \/>\nLargeur : 55 cm<br \/>\nPoids (sec) : 95 Kg<br \/>\nMarque XGREENS\u2122 : R\u00e9f\u00e9rence 38004000<\/p>\n","protected":false},"excerpt":{"rendered":"<p>D\u00e9sherbeur XGREENS\u2122 DHX 40 Propuls\u00e9 par Honda, professionnel, automoteur, alternative aux herbicides chimiques pour effectuer les travaux d&rsquo;aplatissement, d&rsquo;arrachage et de pistage en terrain perm\u00e9able.<\/p>\n","protected":false},"featured_media":12275,"comment_status":"closed","ping_status":"closed","template":"","meta":[],"product_brand":[],"product_cat":[1701],"product_tag":[514],"class_list":{"0":"post-6830","1":"product","2":"type-product","3":"status-publish","4":"has-post-thumbnail","6":"product_cat-desherbeurs","7":"product_tag-desherbage","9":"first","10":"instock","11":"taxable","12":"shipping-taxable","13":"purchasable","14":"product-type-simple"},"yoast_head":"<!-- This site is optimized with the Yoast SEO plugin v27.4 - https:\/\/yoast.com\/product\/yoast-seo-wordpress\/ -->\n<title>D\u00e9sherbeur DHX 40 | SAIGA<\/title>\n<meta name=\"description\" content=\"D\u00e9sherbeur XGREENS\u2122 DHX 40 Propuls\u00e9 par Honda, professionnel, automoteur, alternative aux herbicides chimiques pour effectuer les travaux d&#039;aplatissement, d&#039;arrachage et de pistage en terrain perm\u00e9able.\" \/>\n<meta name=\"robots\" content=\"index, follow, max-snippet:-1, max-image-preview:large, max-video-preview:-1\" \/>\n<link rel=\"canonical\" href=\"https:\/\/saiga.es\/fr\/produit\/desherbeur-dhx-40\/\" \/>\n<meta property=\"og:locale\" content=\"fr_FR\" \/>\n<meta property=\"og:type\" content=\"article\" \/>\n<meta property=\"og:title\" content=\"D\u00e9sherbeur DHX 40 | SAIGA\" \/>\n<meta property=\"og:description\" content=\"D\u00e9sherbeur XGREENS\u2122 DHX 40 Propuls\u00e9 par Honda, professionnel, automoteur, alternative aux herbicides chimiques pour effectuer les travaux d&#039;aplatissement, d&#039;arrachage et de pistage en terrain perm\u00e9able.\" \/>\n<meta property=\"og:url\" content=\"https:\/\/saiga.es\/fr\/produit\/desherbeur-dhx-40\/\" \/>\n<meta property=\"og:site_name\" content=\"SAIGA\" \/>\n<meta property=\"article:modified_time\" content=\"2024-10-17T07:08:55+00:00\" \/>\n<meta property=\"og:image\" content=\"https:\/\/saiga.es\/wp-content\/uploads\/2024\/10\/DHX-40.jpg\" \/>\n\t<meta property=\"og:image:width\" content=\"1080\" \/>\n\t<meta property=\"og:image:height\" content=\"1080\" \/>\n\t<meta property=\"og:image:type\" content=\"image\/jpeg\" \/>\n<meta name=\"twitter:card\" content=\"summary_large_image\" \/>\n<meta name=\"twitter:site\" content=\"@saiga_agro\" \/>\n<meta name=\"twitter:label1\" content=\"Dur\u00e9e de lecture estim\u00e9e\" \/>\n\t<meta name=\"twitter:data1\" content=\"3 minutes\" \/>\n<script type=\"application\/ld+json\" class=\"yoast-schema-graph\">{\"@context\":\"https:\\\/\\\/schema.org\",\"@graph\":[{\"@type\":\"WebPage\",\"@id\":\"https:\\\/\\\/saiga.es\\\/fr\\\/produit\\\/desherbeur-dhx-40\\\/\",\"url\":\"https:\\\/\\\/saiga.es\\\/fr\\\/produit\\\/desherbeur-dhx-40\\\/\",\"name\":\"D\u00e9sherbeur DHX 40 | SAIGA\",\"isPartOf\":{\"@id\":\"https:\\\/\\\/saiga.es\\\/fr\\\/#website\"},\"primaryImageOfPage\":{\"@id\":\"https:\\\/\\\/saiga.es\\\/fr\\\/produit\\\/desherbeur-dhx-40\\\/#primaryimage\"},\"image\":{\"@id\":\"https:\\\/\\\/saiga.es\\\/fr\\\/produit\\\/desherbeur-dhx-40\\\/#primaryimage\"},\"thumbnailUrl\":\"https:\\\/\\\/saiga.es\\\/wp-content\\\/uploads\\\/2024\\\/10\\\/DHX-40.jpg\",\"datePublished\":\"2023-12-01T10:05:32+00:00\",\"dateModified\":\"2024-10-17T07:08:55+00:00\",\"description\":\"D\u00e9sherbeur XGREENS\u2122 DHX 40 Propuls\u00e9 par Honda, professionnel, automoteur, alternative aux herbicides chimiques pour effectuer les travaux d'aplatissement, d'arrachage et de pistage en terrain perm\u00e9able.\",\"breadcrumb\":{\"@id\":\"https:\\\/\\\/saiga.es\\\/fr\\\/produit\\\/desherbeur-dhx-40\\\/#breadcrumb\"},\"inLanguage\":\"fr-FR\",\"potentialAction\":[{\"@type\":\"ReadAction\",\"target\":[\"https:\\\/\\\/saiga.es\\\/fr\\\/produit\\\/desherbeur-dhx-40\\\/\"]}]},{\"@type\":\"ImageObject\",\"inLanguage\":\"fr-FR\",\"@id\":\"https:\\\/\\\/saiga.es\\\/fr\\\/produit\\\/desherbeur-dhx-40\\\/#primaryimage\",\"url\":\"https:\\\/\\\/saiga.es\\\/wp-content\\\/uploads\\\/2024\\\/10\\\/DHX-40.jpg\",\"contentUrl\":\"https:\\\/\\\/saiga.es\\\/wp-content\\\/uploads\\\/2024\\\/10\\\/DHX-40.jpg\",\"width\":1080,\"height\":1080,\"caption\":\"Deserbadores DHX40\"},{\"@type\":\"BreadcrumbList\",\"@id\":\"https:\\\/\\\/saiga.es\\\/fr\\\/produit\\\/desherbeur-dhx-40\\\/#breadcrumb\",\"itemListElement\":[{\"@type\":\"ListItem\",\"position\":1,\"name\":\"Inici\",\"item\":\"https:\\\/\\\/saiga.es\\\/fr\\\/\"},{\"@type\":\"ListItem\",\"position\":2,\"name\":\"boutique\",\"item\":\"https:\\\/\\\/saiga.es\\\/fr\\\/boutique\\\/\"},{\"@type\":\"ListItem\",\"position\":3,\"name\":\"D\u00e9sherbeur DHX 40\"}]},{\"@type\":\"WebSite\",\"@id\":\"https:\\\/\\\/saiga.es\\\/fr\\\/#website\",\"url\":\"https:\\\/\\\/saiga.es\\\/fr\\\/\",\"name\":\"SAIGA\",\"description\":\"M\u00e9s de 50 anys al servei de la terra i treballant per a un \u00fas eficient de l\u2019aigua!\",\"publisher\":{\"@id\":\"https:\\\/\\\/saiga.es\\\/fr\\\/#organization\"},\"potentialAction\":[{\"@type\":\"SearchAction\",\"target\":{\"@type\":\"EntryPoint\",\"urlTemplate\":\"https:\\\/\\\/saiga.es\\\/fr\\\/?s={search_term_string}\"},\"query-input\":{\"@type\":\"PropertyValueSpecification\",\"valueRequired\":true,\"valueName\":\"search_term_string\"}}],\"inLanguage\":\"fr-FR\"},{\"@type\":\"Organization\",\"@id\":\"https:\\\/\\\/saiga.es\\\/fr\\\/#organization\",\"name\":\"SAIGA\",\"url\":\"https:\\\/\\\/saiga.es\\\/fr\\\/\",\"logo\":{\"@type\":\"ImageObject\",\"inLanguage\":\"fr-FR\",\"@id\":\"https:\\\/\\\/saiga.es\\\/fr\\\/#\\\/schema\\\/logo\\\/image\\\/\",\"url\":\"https:\\\/\\\/saiga.es\\\/wp-content\\\/uploads\\\/2025\\\/07\\\/logo_saiga_baseline_optimitzat.svg\",\"contentUrl\":\"https:\\\/\\\/saiga.es\\\/wp-content\\\/uploads\\\/2025\\\/07\\\/logo_saiga_baseline_optimitzat.svg\",\"caption\":\"SAIGA\"},\"image\":{\"@id\":\"https:\\\/\\\/saiga.es\\\/fr\\\/#\\\/schema\\\/logo\\\/image\\\/\"},\"sameAs\":[\"https:\\\/\\\/x.com\\\/saiga_agro\",\"https:\\\/\\\/www.instagram.com\\\/saiga_agro\\\/\"]}]}<\/script>\n<!-- \/ Yoast SEO plugin. -->","yoast_head_json":{"title":"D\u00e9sherbeur DHX 40 | SAIGA","description":"D\u00e9sherbeur XGREENS\u2122 DHX 40 Propuls\u00e9 par Honda, professionnel, automoteur, alternative aux herbicides chimiques pour effectuer les travaux d'aplatissement, d'arrachage et de pistage en terrain perm\u00e9able.","robots":{"index":"index","follow":"follow","max-snippet":"max-snippet:-1","max-image-preview":"max-image-preview:large","max-video-preview":"max-video-preview:-1"},"canonical":"https:\/\/saiga.es\/fr\/produit\/desherbeur-dhx-40\/","og_locale":"fr_FR","og_type":"article","og_title":"D\u00e9sherbeur DHX 40 | SAIGA","og_description":"D\u00e9sherbeur XGREENS\u2122 DHX 40 Propuls\u00e9 par Honda, professionnel, automoteur, alternative aux herbicides chimiques pour effectuer les travaux d'aplatissement, d'arrachage et de pistage en terrain perm\u00e9able.","og_url":"https:\/\/saiga.es\/fr\/produit\/desherbeur-dhx-40\/","og_site_name":"SAIGA","article_modified_time":"2024-10-17T07:08:55+00:00","og_image":[{"width":1080,"height":1080,"url":"https:\/\/saiga.es\/wp-content\/uploads\/2024\/10\/DHX-40.jpg","type":"image\/jpeg"}],"twitter_card":"summary_large_image","twitter_site":"@saiga_agro","twitter_misc":{"Dur\u00e9e de lecture estim\u00e9e":"3 minutes"},"schema":{"@context":"https:\/\/schema.org","@graph":[{"@type":"WebPage","@id":"https:\/\/saiga.es\/fr\/produit\/desherbeur-dhx-40\/","url":"https:\/\/saiga.es\/fr\/produit\/desherbeur-dhx-40\/","name":"D\u00e9sherbeur DHX 40 | SAIGA","isPartOf":{"@id":"https:\/\/saiga.es\/fr\/#website"},"primaryImageOfPage":{"@id":"https:\/\/saiga.es\/fr\/produit\/desherbeur-dhx-40\/#primaryimage"},"image":{"@id":"https:\/\/saiga.es\/fr\/produit\/desherbeur-dhx-40\/#primaryimage"},"thumbnailUrl":"https:\/\/saiga.es\/wp-content\/uploads\/2024\/10\/DHX-40.jpg","datePublished":"2023-12-01T10:05:32+00:00","dateModified":"2024-10-17T07:08:55+00:00","description":"D\u00e9sherbeur XGREENS\u2122 DHX 40 Propuls\u00e9 par Honda, professionnel, automoteur, alternative aux herbicides chimiques pour effectuer les travaux d'aplatissement, d'arrachage et de pistage en terrain perm\u00e9able.","breadcrumb":{"@id":"https:\/\/saiga.es\/fr\/produit\/desherbeur-dhx-40\/#breadcrumb"},"inLanguage":"fr-FR","potentialAction":[{"@type":"ReadAction","target":["https:\/\/saiga.es\/fr\/produit\/desherbeur-dhx-40\/"]}]},{"@type":"ImageObject","inLanguage":"fr-FR","@id":"https:\/\/saiga.es\/fr\/produit\/desherbeur-dhx-40\/#primaryimage","url":"https:\/\/saiga.es\/wp-content\/uploads\/2024\/10\/DHX-40.jpg","contentUrl":"https:\/\/saiga.es\/wp-content\/uploads\/2024\/10\/DHX-40.jpg","width":1080,"height":1080,"caption":"Deserbadores DHX40"},{"@type":"BreadcrumbList","@id":"https:\/\/saiga.es\/fr\/produit\/desherbeur-dhx-40\/#breadcrumb","itemListElement":[{"@type":"ListItem","position":1,"name":"Inici","item":"https:\/\/saiga.es\/fr\/"},{"@type":"ListItem","position":2,"name":"boutique","item":"https:\/\/saiga.es\/fr\/boutique\/"},{"@type":"ListItem","position":3,"name":"D\u00e9sherbeur DHX 40"}]},{"@type":"WebSite","@id":"https:\/\/saiga.es\/fr\/#website","url":"https:\/\/saiga.es\/fr\/","name":"SAIGA","description":"M\u00e9s de 50 anys al servei de la terra i treballant per a un \u00fas eficient de l\u2019aigua!","publisher":{"@id":"https:\/\/saiga.es\/fr\/#organization"},"potentialAction":[{"@type":"SearchAction","target":{"@type":"EntryPoint","urlTemplate":"https:\/\/saiga.es\/fr\/?s={search_term_string}"},"query-input":{"@type":"PropertyValueSpecification","valueRequired":true,"valueName":"search_term_string"}}],"inLanguage":"fr-FR"},{"@type":"Organization","@id":"https:\/\/saiga.es\/fr\/#organization","name":"SAIGA","url":"https:\/\/saiga.es\/fr\/","logo":{"@type":"ImageObject","inLanguage":"fr-FR","@id":"https:\/\/saiga.es\/fr\/#\/schema\/logo\/image\/","url":"https:\/\/saiga.es\/wp-content\/uploads\/2025\/07\/logo_saiga_baseline_optimitzat.svg","contentUrl":"https:\/\/saiga.es\/wp-content\/uploads\/2025\/07\/logo_saiga_baseline_optimitzat.svg","caption":"SAIGA"},"image":{"@id":"https:\/\/saiga.es\/fr\/#\/schema\/logo\/image\/"},"sameAs":["https:\/\/x.com\/saiga_agro","https:\/\/www.instagram.com\/saiga_agro\/"]}]}},"_links":{"self":[{"href":"https:\/\/saiga.es\/fr\/wp-json\/wp\/v2\/product\/6830","targetHints":{"allow":["GET"]}}],"collection":[{"href":"https:\/\/saiga.es\/fr\/wp-json\/wp\/v2\/product"}],"about":[{"href":"https:\/\/saiga.es\/fr\/wp-json\/wp\/v2\/types\/product"}],"replies":[{"embeddable":true,"href":"https:\/\/saiga.es\/fr\/wp-json\/wp\/v2\/comments?post=6830"}],"wp:featuredmedia":[{"embeddable":true,"href":"https:\/\/saiga.es\/fr\/wp-json\/wp\/v2\/media\/12275"}],"wp:attachment":[{"href":"https:\/\/saiga.es\/fr\/wp-json\/wp\/v2\/media?parent=6830"}],"wp:term":[{"taxonomy":"product_brand","embeddable":true,"href":"https:\/\/saiga.es\/fr\/wp-json\/wp\/v2\/product_brand?post=6830"},{"taxonomy":"product_cat","embeddable":true,"href":"https:\/\/saiga.es\/fr\/wp-json\/wp\/v2\/product_cat?post=6830"},{"taxonomy":"product_tag","embeddable":true,"href":"https:\/\/saiga.es\/fr\/wp-json\/wp\/v2\/product_tag?post=6830"}],"curies":[{"name":"wp","href":"https:\/\/api.w.org\/{rel}","templated":true}]}}