{"id":6834,"date":"2023-12-01T10:31:20","date_gmt":"2023-12-01T10:31:20","guid":{"rendered":"https:\/\/botiga.saiga.es\/producte\/desherbeur-dhx-60\/"},"modified":"2024-10-17T07:10:09","modified_gmt":"2024-10-17T07:10:09","slug":"desherbeur-dhx-60","status":"publish","type":"product","link":"https:\/\/saiga.es\/fr\/produit\/desherbeur-dhx-60\/","title":{"rendered":"D\u00e9sherbeur DHX 60"},"content":{"rendered":"<p>D\u00e9sherbeur XGREENS\u2122 DHX 60 Propuls\u00e9 par Honda, professionnel, alternative aux herbicides chimiques pour faire le travail de d\u00e9racinement de la mousse et des mauvaises herbes en terrain non perm\u00e9able. Aucune projection.<\/p>\n<p>Le DHX60 est un d\u00e9sherbeur pour surfaces non perm\u00e9ables\/dures. Arrache les mauvaises herbes et \u00e9limine la mousse verte sur tous les sols durs. Cette machine est efficace sur les sols asphalt\u00e9s, les pav\u00e9s, le b\u00e9ton, etc.<\/p>\n<p>Moteur Honda \u00e0 l&rsquo;int\u00e9rieur<br \/>\nLe c\u0153ur de Honda r\u00e9side dans ses moteurs et toutes les d\u00e9sherbeuses sont \u00e9quip\u00e9es du puissant moteur 4 temps exclusif \u00e0 la marque. Tous les moteurs Honda int\u00e8grent une technologie de pointe qui garantit leur efficacit\u00e9, leur fiabilit\u00e9 et leur longue dur\u00e9e de vie. De plus, en raison de son engagement \u00e9lev\u00e9 en faveur du respect de l&rsquo;environnement, Honda fabrique des moteurs conformes aux r\u00e9glementations les plus strictes au monde.<\/p>\n<p>Alternative aux herbicides chimiques<br \/>\nLe d\u00e9sherbeur XGREENS\u2122 DHX60 offre une alternative aux herbicides chimiques. Il est con\u00e7u pour les sols envahis par la mousse et les mauvaises herbes sur des surfaces non perm\u00e9ables. Il d\u00e9truit les racines, c&rsquo;est pourquoi il a un rendement \u00e9lev\u00e9, car le temps de r\u00e9apparition des mauvaises herbes est plus long que si on les coupait avec une d\u00e9broussailleuse.<\/p>\n<p>Facilit\u00e9 d&rsquo;utilisation et s\u00e9curit\u00e9<br \/>\nCette machine est compacte et facile \u00e0 utiliser. Il est \u00e9quip\u00e9 d&rsquo;une nouvelle technologie de brosses, avec 8 brosses m\u00e9talliques r\u00e9glables en hauteur. Ces brosses m\u00e9talliques tr\u00e8s durables sont fabriqu\u00e9es en acier haute r\u00e9sistance et r\u00e9glables en longueur. Ils s&rsquo;ajustent rapidement pour compenser l&rsquo;usure et permettre une faible d\u00e9gradation du sol.<\/p>\n<p>Le guidon est r\u00e9glable aussi bien en hauteur que lat\u00e9ralement, la possibilit\u00e9 d&rsquo;inverser le sens de rotation de la brosse. Le d\u00e9sherbeur XGREENS\u2122 DHX60 s&rsquo;adapte facilement \u00e0 tout utilisateur et t\u00e2che. Gr\u00e2ce au fait que la brosse tourne \u00e0 moins de 200 tr\/min, les projections de cailloux sur l&rsquo;utilisateur ou l&rsquo;environnement sont \u00e9vit\u00e9es. Avec le DHX60, vous pouvez \u00e9liminer les mauvaises herbes en toute s\u00e9curit\u00e9 en \u00e9vitant les dommages aux personnes ou aux v\u00e9hicules.<\/p>\n<p>&nbsp;<\/p>\n<section class=\"product-features\">\n<dl class=\"data-sheet\">\n<dt class=\"name\">Type de moteur : GCVx 200<\/dt>\n<dt class=\"name\">D\u00e9placement : 201 cm\u00b3<\/dt>\n<dt class=\"name\">Puissance du moteur : 4,2 kW (5,6 ch)<\/dt>\n<dt class=\"name\">R\u00e9servoir d&rsquo;essence Euro 95 : 0,91 litre<\/dt>\n<dt class=\"name\">Autonomie : 1,4 heures<\/dt>\n<dt class=\"name\">D\u00e9but : Manuel<\/dt>\n<dt class=\"name\">Dispositif de s\u00e9curit\u00e9 : embrayage \u00e0 courroie<\/dt>\n<dt class=\"name\">Avancement : par mouvement du pinceau<\/dt>\n<dt class=\"name\">Guidon : pliable<\/dt>\n<dt class=\"name\">Largeur de travail : 57 cm<\/dt>\n<dt class=\"name\">Guidon r\u00e9glable en hauteur : Oui<\/dt>\n<dt class=\"name\">Guidon r\u00e9glable lat\u00e9ralement : Oui<\/dt>\n<dt class=\"name\">Capacit\u00e9 de travail : Selon l&rsquo;op\u00e9rateur<\/dt>\n<dt class=\"name\">Surface de travail recommand\u00e9e : Sol non perm\u00e9able<\/dt>\n<dt class=\"name\">Mat\u00e9riau du ch\u00e2ssis : Acier<\/dt>\n<dt class=\"name\">Hauteur : 105 cm<\/dt>\n<dt class=\"name\">Longueur : 182 cm<\/dt>\n<dt class=\"name\">Largeur : 59 cm<\/dt>\n<dt class=\"name\">Poids (sec) : 65 Kg<\/dt>\n<\/dl>\n<\/section>\n<div class=\"product-manufacturer \"><label class=\"label\"><span style=\"font-size: 16px;\">Marque<\/span> <a style=\"font-size: 16px;\" href=\"https:\/\/www.hondaencasa.com\/7_xgreens\">XGREENS\u2122<\/a><\/label><\/div>\n<div class=\"product-reference\"><label class=\"label\">Referencia: <span style=\"font-size: 16px;\"> 38004010<\/span><\/label><\/div>\n","protected":false},"excerpt":{"rendered":"<p>D\u00e9sherbeur XGREENS\u2122 DHX 60 Propuls\u00e9 par Honda, professionnel, alternative aux herbicides chimiques pour faire le travail de d\u00e9racinement de la mousse et des mauvaises herbes en terrain non perm\u00e9able. Aucune projection.<\/p>\n","protected":false},"featured_media":12281,"comment_status":"closed","ping_status":"closed","template":"","meta":[],"product_brand":[],"product_cat":[1701],"product_tag":[514],"class_list":{"0":"post-6834","1":"product","2":"type-product","3":"status-publish","4":"has-post-thumbnail","6":"product_cat-desherbeurs","7":"product_tag-desherbage","9":"first","10":"instock","11":"taxable","12":"shipping-taxable","13":"purchasable","14":"product-type-simple"},"yoast_head":"<!-- This site is optimized with the Yoast SEO plugin v27.4 - https:\/\/yoast.com\/product\/yoast-seo-wordpress\/ -->\n<title>D\u00e9sherbeur DHX 60 | SAIGA<\/title>\n<meta name=\"description\" content=\"D\u00e9sherbeur XGREENS\u2122 DHX 60 Propuls\u00e9 par Honda, professionnel, alternative aux herbicides chimiques pour faire le travail de d\u00e9racinement de la mousse et des mauvaises herbes en terrain non perm\u00e9able. Aucune projection.\" \/>\n<meta name=\"robots\" content=\"index, follow, max-snippet:-1, max-image-preview:large, max-video-preview:-1\" \/>\n<link rel=\"canonical\" href=\"https:\/\/saiga.es\/fr\/produit\/desherbeur-dhx-60\/\" \/>\n<meta property=\"og:locale\" content=\"fr_FR\" \/>\n<meta property=\"og:type\" content=\"article\" \/>\n<meta property=\"og:title\" content=\"D\u00e9sherbeur DHX 60 | SAIGA\" \/>\n<meta property=\"og:description\" content=\"D\u00e9sherbeur XGREENS\u2122 DHX 60 Propuls\u00e9 par Honda, professionnel, alternative aux herbicides chimiques pour faire le travail de d\u00e9racinement de la mousse et des mauvaises herbes en terrain non perm\u00e9able. Aucune projection.\" \/>\n<meta property=\"og:url\" content=\"https:\/\/saiga.es\/fr\/produit\/desherbeur-dhx-60\/\" \/>\n<meta property=\"og:site_name\" content=\"SAIGA\" \/>\n<meta property=\"article:modified_time\" content=\"2024-10-17T07:10:09+00:00\" \/>\n<meta property=\"og:image\" content=\"https:\/\/saiga.es\/wp-content\/uploads\/2023\/12\/Desherbadora-DHX-60.jpg\" \/>\n\t<meta property=\"og:image:width\" content=\"1080\" \/>\n\t<meta property=\"og:image:height\" content=\"1080\" \/>\n\t<meta property=\"og:image:type\" content=\"image\/jpeg\" \/>\n<meta name=\"twitter:card\" content=\"summary_large_image\" \/>\n<meta name=\"twitter:site\" content=\"@saiga_agro\" \/>\n<meta name=\"twitter:label1\" content=\"Dur\u00e9e de lecture estim\u00e9e\" \/>\n\t<meta name=\"twitter:data1\" content=\"3 minutes\" \/>\n<script type=\"application\/ld+json\" class=\"yoast-schema-graph\">{\"@context\":\"https:\\\/\\\/schema.org\",\"@graph\":[{\"@type\":\"WebPage\",\"@id\":\"https:\\\/\\\/saiga.es\\\/fr\\\/produit\\\/desherbeur-dhx-60\\\/\",\"url\":\"https:\\\/\\\/saiga.es\\\/fr\\\/produit\\\/desherbeur-dhx-60\\\/\",\"name\":\"D\u00e9sherbeur DHX 60 | SAIGA\",\"isPartOf\":{\"@id\":\"https:\\\/\\\/saiga.es\\\/fr\\\/#website\"},\"primaryImageOfPage\":{\"@id\":\"https:\\\/\\\/saiga.es\\\/fr\\\/produit\\\/desherbeur-dhx-60\\\/#primaryimage\"},\"image\":{\"@id\":\"https:\\\/\\\/saiga.es\\\/fr\\\/produit\\\/desherbeur-dhx-60\\\/#primaryimage\"},\"thumbnailUrl\":\"https:\\\/\\\/saiga.es\\\/wp-content\\\/uploads\\\/2023\\\/12\\\/Desherbadora-DHX-60.jpg\",\"datePublished\":\"2023-12-01T10:31:20+00:00\",\"dateModified\":\"2024-10-17T07:10:09+00:00\",\"description\":\"D\u00e9sherbeur XGREENS\u2122 DHX 60 Propuls\u00e9 par Honda, professionnel, alternative aux herbicides chimiques pour faire le travail de d\u00e9racinement de la mousse et des mauvaises herbes en terrain non perm\u00e9able. Aucune projection.\",\"breadcrumb\":{\"@id\":\"https:\\\/\\\/saiga.es\\\/fr\\\/produit\\\/desherbeur-dhx-60\\\/#breadcrumb\"},\"inLanguage\":\"fr-FR\",\"potentialAction\":[{\"@type\":\"ReadAction\",\"target\":[\"https:\\\/\\\/saiga.es\\\/fr\\\/produit\\\/desherbeur-dhx-60\\\/\"]}]},{\"@type\":\"ImageObject\",\"inLanguage\":\"fr-FR\",\"@id\":\"https:\\\/\\\/saiga.es\\\/fr\\\/produit\\\/desherbeur-dhx-60\\\/#primaryimage\",\"url\":\"https:\\\/\\\/saiga.es\\\/wp-content\\\/uploads\\\/2023\\\/12\\\/Desherbadora-DHX-60.jpg\",\"contentUrl\":\"https:\\\/\\\/saiga.es\\\/wp-content\\\/uploads\\\/2023\\\/12\\\/Desherbadora-DHX-60.jpg\",\"width\":1080,\"height\":1080,\"caption\":\"Desherbadora DHX 60\"},{\"@type\":\"BreadcrumbList\",\"@id\":\"https:\\\/\\\/saiga.es\\\/fr\\\/produit\\\/desherbeur-dhx-60\\\/#breadcrumb\",\"itemListElement\":[{\"@type\":\"ListItem\",\"position\":1,\"name\":\"Inici\",\"item\":\"https:\\\/\\\/saiga.es\\\/fr\\\/\"},{\"@type\":\"ListItem\",\"position\":2,\"name\":\"boutique\",\"item\":\"https:\\\/\\\/saiga.es\\\/fr\\\/boutique\\\/\"},{\"@type\":\"ListItem\",\"position\":3,\"name\":\"D\u00e9sherbeur DHX 60\"}]},{\"@type\":\"WebSite\",\"@id\":\"https:\\\/\\\/saiga.es\\\/fr\\\/#website\",\"url\":\"https:\\\/\\\/saiga.es\\\/fr\\\/\",\"name\":\"SAIGA\",\"description\":\"M\u00e9s de 50 anys al servei de la terra i treballant per a un \u00fas eficient de l\u2019aigua!\",\"publisher\":{\"@id\":\"https:\\\/\\\/saiga.es\\\/fr\\\/#organization\"},\"potentialAction\":[{\"@type\":\"SearchAction\",\"target\":{\"@type\":\"EntryPoint\",\"urlTemplate\":\"https:\\\/\\\/saiga.es\\\/fr\\\/?s={search_term_string}\"},\"query-input\":{\"@type\":\"PropertyValueSpecification\",\"valueRequired\":true,\"valueName\":\"search_term_string\"}}],\"inLanguage\":\"fr-FR\"},{\"@type\":\"Organization\",\"@id\":\"https:\\\/\\\/saiga.es\\\/fr\\\/#organization\",\"name\":\"SAIGA\",\"url\":\"https:\\\/\\\/saiga.es\\\/fr\\\/\",\"logo\":{\"@type\":\"ImageObject\",\"inLanguage\":\"fr-FR\",\"@id\":\"https:\\\/\\\/saiga.es\\\/fr\\\/#\\\/schema\\\/logo\\\/image\\\/\",\"url\":\"https:\\\/\\\/saiga.es\\\/wp-content\\\/uploads\\\/2025\\\/07\\\/logo_saiga_baseline_optimitzat.svg\",\"contentUrl\":\"https:\\\/\\\/saiga.es\\\/wp-content\\\/uploads\\\/2025\\\/07\\\/logo_saiga_baseline_optimitzat.svg\",\"caption\":\"SAIGA\"},\"image\":{\"@id\":\"https:\\\/\\\/saiga.es\\\/fr\\\/#\\\/schema\\\/logo\\\/image\\\/\"},\"sameAs\":[\"https:\\\/\\\/x.com\\\/saiga_agro\",\"https:\\\/\\\/www.instagram.com\\\/saiga_agro\\\/\"]}]}<\/script>\n<!-- \/ Yoast SEO plugin. -->","yoast_head_json":{"title":"D\u00e9sherbeur DHX 60 | SAIGA","description":"D\u00e9sherbeur XGREENS\u2122 DHX 60 Propuls\u00e9 par Honda, professionnel, alternative aux herbicides chimiques pour faire le travail de d\u00e9racinement de la mousse et des mauvaises herbes en terrain non perm\u00e9able. Aucune projection.","robots":{"index":"index","follow":"follow","max-snippet":"max-snippet:-1","max-image-preview":"max-image-preview:large","max-video-preview":"max-video-preview:-1"},"canonical":"https:\/\/saiga.es\/fr\/produit\/desherbeur-dhx-60\/","og_locale":"fr_FR","og_type":"article","og_title":"D\u00e9sherbeur DHX 60 | SAIGA","og_description":"D\u00e9sherbeur XGREENS\u2122 DHX 60 Propuls\u00e9 par Honda, professionnel, alternative aux herbicides chimiques pour faire le travail de d\u00e9racinement de la mousse et des mauvaises herbes en terrain non perm\u00e9able. Aucune projection.","og_url":"https:\/\/saiga.es\/fr\/produit\/desherbeur-dhx-60\/","og_site_name":"SAIGA","article_modified_time":"2024-10-17T07:10:09+00:00","og_image":[{"width":1080,"height":1080,"url":"https:\/\/saiga.es\/wp-content\/uploads\/2023\/12\/Desherbadora-DHX-60.jpg","type":"image\/jpeg"}],"twitter_card":"summary_large_image","twitter_site":"@saiga_agro","twitter_misc":{"Dur\u00e9e de lecture estim\u00e9e":"3 minutes"},"schema":{"@context":"https:\/\/schema.org","@graph":[{"@type":"WebPage","@id":"https:\/\/saiga.es\/fr\/produit\/desherbeur-dhx-60\/","url":"https:\/\/saiga.es\/fr\/produit\/desherbeur-dhx-60\/","name":"D\u00e9sherbeur DHX 60 | SAIGA","isPartOf":{"@id":"https:\/\/saiga.es\/fr\/#website"},"primaryImageOfPage":{"@id":"https:\/\/saiga.es\/fr\/produit\/desherbeur-dhx-60\/#primaryimage"},"image":{"@id":"https:\/\/saiga.es\/fr\/produit\/desherbeur-dhx-60\/#primaryimage"},"thumbnailUrl":"https:\/\/saiga.es\/wp-content\/uploads\/2023\/12\/Desherbadora-DHX-60.jpg","datePublished":"2023-12-01T10:31:20+00:00","dateModified":"2024-10-17T07:10:09+00:00","description":"D\u00e9sherbeur XGREENS\u2122 DHX 60 Propuls\u00e9 par Honda, professionnel, alternative aux herbicides chimiques pour faire le travail de d\u00e9racinement de la mousse et des mauvaises herbes en terrain non perm\u00e9able. Aucune projection.","breadcrumb":{"@id":"https:\/\/saiga.es\/fr\/produit\/desherbeur-dhx-60\/#breadcrumb"},"inLanguage":"fr-FR","potentialAction":[{"@type":"ReadAction","target":["https:\/\/saiga.es\/fr\/produit\/desherbeur-dhx-60\/"]}]},{"@type":"ImageObject","inLanguage":"fr-FR","@id":"https:\/\/saiga.es\/fr\/produit\/desherbeur-dhx-60\/#primaryimage","url":"https:\/\/saiga.es\/wp-content\/uploads\/2023\/12\/Desherbadora-DHX-60.jpg","contentUrl":"https:\/\/saiga.es\/wp-content\/uploads\/2023\/12\/Desherbadora-DHX-60.jpg","width":1080,"height":1080,"caption":"Desherbadora DHX 60"},{"@type":"BreadcrumbList","@id":"https:\/\/saiga.es\/fr\/produit\/desherbeur-dhx-60\/#breadcrumb","itemListElement":[{"@type":"ListItem","position":1,"name":"Inici","item":"https:\/\/saiga.es\/fr\/"},{"@type":"ListItem","position":2,"name":"boutique","item":"https:\/\/saiga.es\/fr\/boutique\/"},{"@type":"ListItem","position":3,"name":"D\u00e9sherbeur DHX 60"}]},{"@type":"WebSite","@id":"https:\/\/saiga.es\/fr\/#website","url":"https:\/\/saiga.es\/fr\/","name":"SAIGA","description":"M\u00e9s de 50 anys al servei de la terra i treballant per a un \u00fas eficient de l\u2019aigua!","publisher":{"@id":"https:\/\/saiga.es\/fr\/#organization"},"potentialAction":[{"@type":"SearchAction","target":{"@type":"EntryPoint","urlTemplate":"https:\/\/saiga.es\/fr\/?s={search_term_string}"},"query-input":{"@type":"PropertyValueSpecification","valueRequired":true,"valueName":"search_term_string"}}],"inLanguage":"fr-FR"},{"@type":"Organization","@id":"https:\/\/saiga.es\/fr\/#organization","name":"SAIGA","url":"https:\/\/saiga.es\/fr\/","logo":{"@type":"ImageObject","inLanguage":"fr-FR","@id":"https:\/\/saiga.es\/fr\/#\/schema\/logo\/image\/","url":"https:\/\/saiga.es\/wp-content\/uploads\/2025\/07\/logo_saiga_baseline_optimitzat.svg","contentUrl":"https:\/\/saiga.es\/wp-content\/uploads\/2025\/07\/logo_saiga_baseline_optimitzat.svg","caption":"SAIGA"},"image":{"@id":"https:\/\/saiga.es\/fr\/#\/schema\/logo\/image\/"},"sameAs":["https:\/\/x.com\/saiga_agro","https:\/\/www.instagram.com\/saiga_agro\/"]}]}},"_links":{"self":[{"href":"https:\/\/saiga.es\/fr\/wp-json\/wp\/v2\/product\/6834","targetHints":{"allow":["GET"]}}],"collection":[{"href":"https:\/\/saiga.es\/fr\/wp-json\/wp\/v2\/product"}],"about":[{"href":"https:\/\/saiga.es\/fr\/wp-json\/wp\/v2\/types\/product"}],"replies":[{"embeddable":true,"href":"https:\/\/saiga.es\/fr\/wp-json\/wp\/v2\/comments?post=6834"}],"wp:featuredmedia":[{"embeddable":true,"href":"https:\/\/saiga.es\/fr\/wp-json\/wp\/v2\/media\/12281"}],"wp:attachment":[{"href":"https:\/\/saiga.es\/fr\/wp-json\/wp\/v2\/media?parent=6834"}],"wp:term":[{"taxonomy":"product_brand","embeddable":true,"href":"https:\/\/saiga.es\/fr\/wp-json\/wp\/v2\/product_brand?post=6834"},{"taxonomy":"product_cat","embeddable":true,"href":"https:\/\/saiga.es\/fr\/wp-json\/wp\/v2\/product_cat?post=6834"},{"taxonomy":"product_tag","embeddable":true,"href":"https:\/\/saiga.es\/fr\/wp-json\/wp\/v2\/product_tag?post=6834"}],"curies":[{"name":"wp","href":"https:\/\/api.w.org\/{rel}","templated":true}]}}