{"id":6865,"date":"2023-12-11T12:21:23","date_gmt":"2023-12-11T12:21:23","guid":{"rendered":"https:\/\/botiga.saiga.es\/producte\/ciseaux-electriques-arvipo-ps37-evo-2\/"},"modified":"2025-09-29T08:27:00","modified_gmt":"2025-09-29T08:27:00","slug":"ciseaux-electriques-arvipo-ps37-evo-2","status":"publish","type":"product","link":"https:\/\/saiga.es\/fr\/produit\/ciseaux-electriques-arvipo-ps37-evo-2\/","title":{"rendered":"Ciseaux \u00e9lectriques ARVIPO PS37 EVO-2"},"content":{"rendered":"<p data-start=\"225\" data-end=\"583\">Le s\u00e9cateur \u00e9lectrique ARVIPO PS37 EVO-2 est un outil professionnel de taille d&rsquo;une efficacit\u00e9 maximale, id\u00e9al pour une utilisation intensive sur les oliviers, les vignes, les arbres fruitiers, les agrumes, les p\u00e9pini\u00e8res et le jardinage sp\u00e9cialis\u00e9. Il int\u00e8gre un moteur brushless optimis\u00e9, une t\u00eate mieux adapt\u00e9e et une \u00e9lectronique avanc\u00e9e pour offrir un excellent \u00e9quilibre entre puissance et l\u00e9g\u00e8ret\u00e9. Il dispose de :  <\/p>\n<ul data-start=\"585\" data-end=\"1602\">\n<li data-start=\"585\" data-end=\"690\">\n<p data-start=\"587\" data-end=\"690\">Double ouverture de lame et syst\u00e8me de coupe progressif ajustable.<\/p>\n<\/li>\n<li data-start=\"691\" data-end=\"810\">\n<p data-start=\"693\" data-end=\"810\">Ajustement du croisement des lames via logiciel pour contr\u00f4ler la qualit\u00e9 de la coupe.<\/p>\n<\/li>\n<li data-start=\"811\" data-end=\"955\">\n<p data-start=\"813\" data-end=\"955\">Affichage num\u00e9rique int\u00e9gr\u00e9 (\u00e9cran LCD) avec compteur de coupes et contr\u00f4le de charge de la batterie.<\/p>\n<\/li>\n<li data-start=\"956\" data-end=\"1082\">\n<p data-start=\"958\" data-end=\"1082\">Fonctionnement avec batterie amovible ou int\u00e9gr\u00e9e, avec option d&rsquo;utilisation avec c\u00e2ble d&rsquo;extension.<\/p>\n<\/li>\n<li data-start=\"1083\" data-end=\"1269\">\n<p data-start=\"1085\" data-end=\"1269\">Syst\u00e8me de s\u00e9curit\u00e9 \u00ab Cut Prevent \u00bb qui arr\u00eate la lame au contact de la peau et technologie \u00ab Smart Blade \u00bb qui \u00e9vite les coupes de fils ind\u00e9sirables.<\/p>\n<\/li>\n<li data-start=\"1270\" data-end=\"1401\">\n<p data-start=\"1272\" data-end=\"1401\">Poids de 0,87 kg sans batterie et 1,20 kg avec batterie, avec un diam\u00e8tre de coupe jusqu&rsquo;\u00e0 40 mm.<\/p>\n<\/li>\n<li data-start=\"1402\" data-end=\"1521\">\n<p data-start=\"1404\" data-end=\"1521\">Autonomie avec trois batteries de 2,5 Ah : 8-12 heures selon le diam\u00e8tre de coupe.<\/p>\n<\/li>\n<li data-start=\"1522\" data-end=\"1602\">\n<p data-start=\"1524\" data-end=\"1602\">Temps de charge approximatif de 2 heures.<\/p>\n<\/li>\n<\/ul>\n<p data-start=\"1604\" data-end=\"1753\">Cette machine est con\u00e7ue pour minimiser l&rsquo;entretien et maximiser l&rsquo;efficacit\u00e9 lors de longues journ\u00e9es de travail, apportant fiabilit\u00e9 au professionnel.<\/p>\n","protected":false},"excerpt":{"rendered":"<p>Le s\u00e9cateur \u00e9lectrique ARVIPO PS37 EVO-2 est un outil professionnel de taille d&rsquo;une efficacit\u00e9 maximale, id\u00e9al pour une utilisation intensive sur les oliviers, les vignes, les arbres fruitiers, les agrumes, les p\u00e9pini\u00e8res et le jardinage sp\u00e9cialis\u00e9. Il int\u00e8gre un moteur brushless optimis\u00e9, une t\u00eate mieux adapt\u00e9e et une \u00e9lectronique avanc\u00e9e pour offrir un excellent \u00e9quilibre entre puissance et l\u00e9g\u00e8ret\u00e9. <\/p>\n","protected":false},"featured_media":6866,"comment_status":"closed","ping_status":"closed","template":"","meta":[],"product_brand":[],"product_cat":[1692,436,468],"product_tag":[544,2306,543,545,546,548],"class_list":{"0":"post-6865","1":"product","2":"type-product","3":"status-publish","4":"has-post-thumbnail","6":"product_cat-ciseaux-electriques-arvipo","7":"product_cat-secateur","8":"product_cat-taille","9":"product_tag-ciseaux","10":"product_tag-ciseaux-electriques","11":"product_tag-secateur","12":"product_tag-secateur-electrique","13":"product_tag-taille","14":"product_tag-taille-fr","16":"first","17":"instock","18":"taxable","19":"shipping-taxable","20":"purchasable","21":"product-type-variable"},"yoast_head":"<!-- This site is optimized with the Yoast SEO plugin v27.4 - https:\/\/yoast.com\/product\/yoast-seo-wordpress\/ -->\n<title>Ciseaux \u00e9lectriques ARVIPO PS37 EVO-2 | SAIGA<\/title>\n<meta name=\"description\" content=\"Le s\u00e9cateur \u00e9lectrique ARVIPO PS37 EVO-2 est un s\u00e9cateur professionnel am\u00e9lior\u00e9 pour augmenter sa puissance gr\u00e2ce \u00e0 une t\u00eate plus efficace et un moteur am\u00e9lior\u00e9 et optimis\u00e9.\" \/>\n<meta name=\"robots\" content=\"index, follow, max-snippet:-1, max-image-preview:large, max-video-preview:-1\" \/>\n<link rel=\"canonical\" href=\"https:\/\/saiga.es\/fr\/produit\/ciseaux-electriques-arvipo-ps37-evo-2\/\" \/>\n<meta property=\"og:locale\" content=\"fr_FR\" \/>\n<meta property=\"og:type\" content=\"article\" \/>\n<meta property=\"og:title\" content=\"Ciseaux \u00e9lectriques ARVIPO PS37 EVO-2 | SAIGA\" \/>\n<meta property=\"og:description\" content=\"Le s\u00e9cateur \u00e9lectrique ARVIPO PS37 EVO-2 est un s\u00e9cateur professionnel am\u00e9lior\u00e9 pour augmenter sa puissance gr\u00e2ce \u00e0 une t\u00eate plus efficace et un moteur am\u00e9lior\u00e9 et optimis\u00e9.\" \/>\n<meta property=\"og:url\" content=\"https:\/\/saiga.es\/fr\/produit\/ciseaux-electriques-arvipo-ps37-evo-2\/\" \/>\n<meta property=\"og:site_name\" content=\"SAIGA\" \/>\n<meta property=\"article:modified_time\" content=\"2025-09-29T08:27:00+00:00\" \/>\n<meta property=\"og:image\" content=\"https:\/\/saiga.es\/wp-content\/uploads\/2023\/12\/PS37.jpg\" \/>\n\t<meta property=\"og:image:width\" content=\"400\" \/>\n\t<meta property=\"og:image:height\" content=\"400\" \/>\n\t<meta property=\"og:image:type\" content=\"image\/jpeg\" \/>\n<meta name=\"twitter:card\" content=\"summary_large_image\" \/>\n<meta name=\"twitter:site\" content=\"@saiga_agro\" \/>\n<meta name=\"twitter:label1\" content=\"Dur\u00e9e de lecture estim\u00e9e\" \/>\n\t<meta name=\"twitter:data1\" content=\"2 minutes\" \/>\n<script type=\"application\/ld+json\" class=\"yoast-schema-graph\">{\"@context\":\"https:\\\/\\\/schema.org\",\"@graph\":[{\"@type\":\"WebPage\",\"@id\":\"https:\\\/\\\/saiga.es\\\/fr\\\/produit\\\/ciseaux-electriques-arvipo-ps37-evo-2\\\/\",\"url\":\"https:\\\/\\\/saiga.es\\\/fr\\\/produit\\\/ciseaux-electriques-arvipo-ps37-evo-2\\\/\",\"name\":\"Ciseaux \u00e9lectriques ARVIPO PS37 EVO-2 | SAIGA\",\"isPartOf\":{\"@id\":\"https:\\\/\\\/saiga.es\\\/fr\\\/#website\"},\"primaryImageOfPage\":{\"@id\":\"https:\\\/\\\/saiga.es\\\/fr\\\/produit\\\/ciseaux-electriques-arvipo-ps37-evo-2\\\/#primaryimage\"},\"image\":{\"@id\":\"https:\\\/\\\/saiga.es\\\/fr\\\/produit\\\/ciseaux-electriques-arvipo-ps37-evo-2\\\/#primaryimage\"},\"thumbnailUrl\":\"https:\\\/\\\/saiga.es\\\/wp-content\\\/uploads\\\/2023\\\/12\\\/PS37.jpg\",\"datePublished\":\"2023-12-11T12:21:23+00:00\",\"dateModified\":\"2025-09-29T08:27:00+00:00\",\"description\":\"Le s\u00e9cateur \u00e9lectrique ARVIPO PS37 EVO-2 est un s\u00e9cateur professionnel am\u00e9lior\u00e9 pour augmenter sa puissance gr\u00e2ce \u00e0 une t\u00eate plus efficace et un moteur am\u00e9lior\u00e9 et optimis\u00e9.\",\"breadcrumb\":{\"@id\":\"https:\\\/\\\/saiga.es\\\/fr\\\/produit\\\/ciseaux-electriques-arvipo-ps37-evo-2\\\/#breadcrumb\"},\"inLanguage\":\"fr-FR\",\"potentialAction\":[{\"@type\":\"ReadAction\",\"target\":[\"https:\\\/\\\/saiga.es\\\/fr\\\/produit\\\/ciseaux-electriques-arvipo-ps37-evo-2\\\/\"]}]},{\"@type\":\"ImageObject\",\"inLanguage\":\"fr-FR\",\"@id\":\"https:\\\/\\\/saiga.es\\\/fr\\\/produit\\\/ciseaux-electriques-arvipo-ps37-evo-2\\\/#primaryimage\",\"url\":\"https:\\\/\\\/saiga.es\\\/wp-content\\\/uploads\\\/2023\\\/12\\\/PS37.jpg\",\"contentUrl\":\"https:\\\/\\\/saiga.es\\\/wp-content\\\/uploads\\\/2023\\\/12\\\/PS37.jpg\",\"width\":400,\"height\":400,\"caption\":\"Ciseaux \u00e9lectriques ARVIPO PS37\"},{\"@type\":\"BreadcrumbList\",\"@id\":\"https:\\\/\\\/saiga.es\\\/fr\\\/produit\\\/ciseaux-electriques-arvipo-ps37-evo-2\\\/#breadcrumb\",\"itemListElement\":[{\"@type\":\"ListItem\",\"position\":1,\"name\":\"Inici\",\"item\":\"https:\\\/\\\/saiga.es\\\/fr\\\/\"},{\"@type\":\"ListItem\",\"position\":2,\"name\":\"boutique\",\"item\":\"https:\\\/\\\/saiga.es\\\/fr\\\/boutique\\\/\"},{\"@type\":\"ListItem\",\"position\":3,\"name\":\"Ciseaux \u00e9lectriques ARVIPO PS37 EVO-2\"}]},{\"@type\":\"WebSite\",\"@id\":\"https:\\\/\\\/saiga.es\\\/fr\\\/#website\",\"url\":\"https:\\\/\\\/saiga.es\\\/fr\\\/\",\"name\":\"SAIGA\",\"description\":\"M\u00e9s de 50 anys al servei de la terra i treballant per a un \u00fas eficient de l\u2019aigua!\",\"publisher\":{\"@id\":\"https:\\\/\\\/saiga.es\\\/fr\\\/#organization\"},\"potentialAction\":[{\"@type\":\"SearchAction\",\"target\":{\"@type\":\"EntryPoint\",\"urlTemplate\":\"https:\\\/\\\/saiga.es\\\/fr\\\/?s={search_term_string}\"},\"query-input\":{\"@type\":\"PropertyValueSpecification\",\"valueRequired\":true,\"valueName\":\"search_term_string\"}}],\"inLanguage\":\"fr-FR\"},{\"@type\":\"Organization\",\"@id\":\"https:\\\/\\\/saiga.es\\\/fr\\\/#organization\",\"name\":\"SAIGA\",\"url\":\"https:\\\/\\\/saiga.es\\\/fr\\\/\",\"logo\":{\"@type\":\"ImageObject\",\"inLanguage\":\"fr-FR\",\"@id\":\"https:\\\/\\\/saiga.es\\\/fr\\\/#\\\/schema\\\/logo\\\/image\\\/\",\"url\":\"https:\\\/\\\/saiga.es\\\/wp-content\\\/uploads\\\/2025\\\/07\\\/logo_saiga_baseline_optimitzat.svg\",\"contentUrl\":\"https:\\\/\\\/saiga.es\\\/wp-content\\\/uploads\\\/2025\\\/07\\\/logo_saiga_baseline_optimitzat.svg\",\"caption\":\"SAIGA\"},\"image\":{\"@id\":\"https:\\\/\\\/saiga.es\\\/fr\\\/#\\\/schema\\\/logo\\\/image\\\/\"},\"sameAs\":[\"https:\\\/\\\/x.com\\\/saiga_agro\",\"https:\\\/\\\/www.instagram.com\\\/saiga_agro\\\/\"]}]}<\/script>\n<!-- \/ Yoast SEO plugin. -->","yoast_head_json":{"title":"Ciseaux \u00e9lectriques ARVIPO PS37 EVO-2 | SAIGA","description":"Le s\u00e9cateur \u00e9lectrique ARVIPO PS37 EVO-2 est un s\u00e9cateur professionnel am\u00e9lior\u00e9 pour augmenter sa puissance gr\u00e2ce \u00e0 une t\u00eate plus efficace et un moteur am\u00e9lior\u00e9 et optimis\u00e9.","robots":{"index":"index","follow":"follow","max-snippet":"max-snippet:-1","max-image-preview":"max-image-preview:large","max-video-preview":"max-video-preview:-1"},"canonical":"https:\/\/saiga.es\/fr\/produit\/ciseaux-electriques-arvipo-ps37-evo-2\/","og_locale":"fr_FR","og_type":"article","og_title":"Ciseaux \u00e9lectriques ARVIPO PS37 EVO-2 | SAIGA","og_description":"Le s\u00e9cateur \u00e9lectrique ARVIPO PS37 EVO-2 est un s\u00e9cateur professionnel am\u00e9lior\u00e9 pour augmenter sa puissance gr\u00e2ce \u00e0 une t\u00eate plus efficace et un moteur am\u00e9lior\u00e9 et optimis\u00e9.","og_url":"https:\/\/saiga.es\/fr\/produit\/ciseaux-electriques-arvipo-ps37-evo-2\/","og_site_name":"SAIGA","article_modified_time":"2025-09-29T08:27:00+00:00","og_image":[{"width":400,"height":400,"url":"https:\/\/saiga.es\/wp-content\/uploads\/2023\/12\/PS37.jpg","type":"image\/jpeg"}],"twitter_card":"summary_large_image","twitter_site":"@saiga_agro","twitter_misc":{"Dur\u00e9e de lecture estim\u00e9e":"2 minutes"},"schema":{"@context":"https:\/\/schema.org","@graph":[{"@type":"WebPage","@id":"https:\/\/saiga.es\/fr\/produit\/ciseaux-electriques-arvipo-ps37-evo-2\/","url":"https:\/\/saiga.es\/fr\/produit\/ciseaux-electriques-arvipo-ps37-evo-2\/","name":"Ciseaux \u00e9lectriques ARVIPO PS37 EVO-2 | SAIGA","isPartOf":{"@id":"https:\/\/saiga.es\/fr\/#website"},"primaryImageOfPage":{"@id":"https:\/\/saiga.es\/fr\/produit\/ciseaux-electriques-arvipo-ps37-evo-2\/#primaryimage"},"image":{"@id":"https:\/\/saiga.es\/fr\/produit\/ciseaux-electriques-arvipo-ps37-evo-2\/#primaryimage"},"thumbnailUrl":"https:\/\/saiga.es\/wp-content\/uploads\/2023\/12\/PS37.jpg","datePublished":"2023-12-11T12:21:23+00:00","dateModified":"2025-09-29T08:27:00+00:00","description":"Le s\u00e9cateur \u00e9lectrique ARVIPO PS37 EVO-2 est un s\u00e9cateur professionnel am\u00e9lior\u00e9 pour augmenter sa puissance gr\u00e2ce \u00e0 une t\u00eate plus efficace et un moteur am\u00e9lior\u00e9 et optimis\u00e9.","breadcrumb":{"@id":"https:\/\/saiga.es\/fr\/produit\/ciseaux-electriques-arvipo-ps37-evo-2\/#breadcrumb"},"inLanguage":"fr-FR","potentialAction":[{"@type":"ReadAction","target":["https:\/\/saiga.es\/fr\/produit\/ciseaux-electriques-arvipo-ps37-evo-2\/"]}]},{"@type":"ImageObject","inLanguage":"fr-FR","@id":"https:\/\/saiga.es\/fr\/produit\/ciseaux-electriques-arvipo-ps37-evo-2\/#primaryimage","url":"https:\/\/saiga.es\/wp-content\/uploads\/2023\/12\/PS37.jpg","contentUrl":"https:\/\/saiga.es\/wp-content\/uploads\/2023\/12\/PS37.jpg","width":400,"height":400,"caption":"Ciseaux \u00e9lectriques ARVIPO PS37"},{"@type":"BreadcrumbList","@id":"https:\/\/saiga.es\/fr\/produit\/ciseaux-electriques-arvipo-ps37-evo-2\/#breadcrumb","itemListElement":[{"@type":"ListItem","position":1,"name":"Inici","item":"https:\/\/saiga.es\/fr\/"},{"@type":"ListItem","position":2,"name":"boutique","item":"https:\/\/saiga.es\/fr\/boutique\/"},{"@type":"ListItem","position":3,"name":"Ciseaux \u00e9lectriques ARVIPO PS37 EVO-2"}]},{"@type":"WebSite","@id":"https:\/\/saiga.es\/fr\/#website","url":"https:\/\/saiga.es\/fr\/","name":"SAIGA","description":"M\u00e9s de 50 anys al servei de la terra i treballant per a un \u00fas eficient de l\u2019aigua!","publisher":{"@id":"https:\/\/saiga.es\/fr\/#organization"},"potentialAction":[{"@type":"SearchAction","target":{"@type":"EntryPoint","urlTemplate":"https:\/\/saiga.es\/fr\/?s={search_term_string}"},"query-input":{"@type":"PropertyValueSpecification","valueRequired":true,"valueName":"search_term_string"}}],"inLanguage":"fr-FR"},{"@type":"Organization","@id":"https:\/\/saiga.es\/fr\/#organization","name":"SAIGA","url":"https:\/\/saiga.es\/fr\/","logo":{"@type":"ImageObject","inLanguage":"fr-FR","@id":"https:\/\/saiga.es\/fr\/#\/schema\/logo\/image\/","url":"https:\/\/saiga.es\/wp-content\/uploads\/2025\/07\/logo_saiga_baseline_optimitzat.svg","contentUrl":"https:\/\/saiga.es\/wp-content\/uploads\/2025\/07\/logo_saiga_baseline_optimitzat.svg","caption":"SAIGA"},"image":{"@id":"https:\/\/saiga.es\/fr\/#\/schema\/logo\/image\/"},"sameAs":["https:\/\/x.com\/saiga_agro","https:\/\/www.instagram.com\/saiga_agro\/"]}]}},"_links":{"self":[{"href":"https:\/\/saiga.es\/fr\/wp-json\/wp\/v2\/product\/6865","targetHints":{"allow":["GET"]}}],"collection":[{"href":"https:\/\/saiga.es\/fr\/wp-json\/wp\/v2\/product"}],"about":[{"href":"https:\/\/saiga.es\/fr\/wp-json\/wp\/v2\/types\/product"}],"replies":[{"embeddable":true,"href":"https:\/\/saiga.es\/fr\/wp-json\/wp\/v2\/comments?post=6865"}],"wp:featuredmedia":[{"embeddable":true,"href":"https:\/\/saiga.es\/fr\/wp-json\/wp\/v2\/media\/6866"}],"wp:attachment":[{"href":"https:\/\/saiga.es\/fr\/wp-json\/wp\/v2\/media?parent=6865"}],"wp:term":[{"taxonomy":"product_brand","embeddable":true,"href":"https:\/\/saiga.es\/fr\/wp-json\/wp\/v2\/product_brand?post=6865"},{"taxonomy":"product_cat","embeddable":true,"href":"https:\/\/saiga.es\/fr\/wp-json\/wp\/v2\/product_cat?post=6865"},{"taxonomy":"product_tag","embeddable":true,"href":"https:\/\/saiga.es\/fr\/wp-json\/wp\/v2\/product_tag?post=6865"}],"curies":[{"name":"wp","href":"https:\/\/api.w.org\/{rel}","templated":true}]}}