{"id":6879,"date":"2024-01-02T10:29:48","date_gmt":"2024-01-02T10:29:48","guid":{"rendered":"https:\/\/botiga.saiga.es\/producte\/arbokol-resine-cicatrisante\/"},"modified":"2025-08-21T08:26:00","modified_gmt":"2025-08-21T08:26:00","slug":"arbokol-resine-cicatrisante","status":"publish","type":"product","link":"https:\/\/saiga.es\/fr\/produit\/arbokol-resine-cicatrisante\/","title":{"rendered":"Arbokol, r\u00e9sine cicatrisante"},"content":{"rendered":"<p>Arbokol est une r\u00e9sine cicatrisante de haute qualit\u00e9, formul\u00e9e pour prot\u00e9ger les arbres et les plantes apr\u00e8s une taille ou une blessure accidentelle. Gr\u00e2ce \u00e0 sa composition, elle cr\u00e9e un film protecteur qui favorise la cicatrisation et pr\u00e9vient l&rsquo;introduction de maladies et de parasites. <\/p>\n<p data-start=\"956\" data-end=\"983\">Principaux avantages<\/p>\n<ul data-start=\"984\" data-end=\"1302\">\n<li data-start=\"984\" data-end=\"1075\">\n<p data-start=\"986\" data-end=\"1075\">Il forme un film \u00e9lastique et poreux qui s&rsquo;adapte parfaitement aux tissus v\u00e9g\u00e9taux.<\/p>\n<\/li>\n<li data-start=\"1076\" data-end=\"1128\">\n<p data-start=\"1078\" data-end=\"1128\">Il permet la transpiration naturelle de la plante.<\/p>\n<\/li>\n<li data-start=\"1129\" data-end=\"1179\">\n<p data-start=\"1131\" data-end=\"1179\">Il ne coule pas et a une application facile et propre.<\/p>\n<\/li>\n<li data-start=\"1180\" data-end=\"1240\">\n<p data-start=\"1182\" data-end=\"1240\">Prot\u00e8ge contre les champignons, les bact\u00e9ries et autres agents nocifs.<\/p>\n<\/li>\n<li data-start=\"1241\" data-end=\"1302\">\n<p data-start=\"1243\" data-end=\"1302\">Convient pour une utilisation dans la taille, la greffe et les plaies accidentelles.<\/p>\n<\/li>\n<\/ul>\n<p data-start=\"1309\" data-end=\"1331\">Comment appliquer Arbokol, r\u00e9sine cicatrisante :<\/p>\n<p data-start=\"1309\" data-end=\"1331\">Nettoyez la plaie ou la coupure pour \u00e9liminer les d\u00e9bris et les impuret\u00e9s.<\/p>\n<ol data-start=\"1332\" data-end=\"1612\">\n<li data-start=\"1401\" data-end=\"1479\">\n<p data-start=\"1404\" data-end=\"1479\">Appliquer Arbokol au pinceau ou \u00e0 la spatule en couvrant toute la surface.<\/p>\n<\/li>\n<li data-start=\"1480\" data-end=\"1530\">\n<p data-start=\"1483\" data-end=\"1530\">Appliquer une couche uniforme de 2 \u00e0 3 mm d\u2019\u00e9paisseur.<\/p>\n<\/li>\n<li data-start=\"1531\" data-end=\"1612\">\n<p data-start=\"1534\" data-end=\"1612\">\u00c9viter d&rsquo;appliquer sous la pluie ou en cas de forte humidit\u00e9 pour assurer une bonne adh\u00e9rence.<\/p>\n<\/li>\n<\/ol>\n","protected":false},"excerpt":{"rendered":"<p>L&rsquo;Arbokol, r\u00e9sine cicatrisante pour la taille, est utilis\u00e9e pour le traitement des plaies, la taille et le greffage de tous types de plantes, arbres ou arbustes. La r\u00e9sine Arbokol, forme un film \u00e9lastique et poreux qui gu\u00e9rit et pr\u00e9vient les maladies en favorisant la croissance v\u00e9g\u00e9tative en permettant la transpiration. Il ne coule pas et conserve longtemps ses propri\u00e9t\u00e9s protectrices.<\/p>\n","protected":false},"featured_media":7691,"comment_status":"closed","ping_status":"closed","template":"","meta":[],"product_brand":[],"product_cat":[468],"product_tag":[2287,2072,548],"class_list":{"0":"post-6879","1":"product","2":"type-product","3":"status-publish","4":"has-post-thumbnail","6":"product_cat-taille","7":"product_tag-arbokol-fr","8":"product_tag-guerison","9":"product_tag-taille-fr","11":"first","12":"instock","13":"taxable","14":"shipping-taxable","15":"purchasable","16":"product-type-variable"},"yoast_head":"<!-- This site is optimized with the Yoast SEO plugin v27.3 - https:\/\/yoast.com\/product\/yoast-seo-wordpress\/ -->\n<title>Arbokol, r\u00e9sine cicatrisante | SAIGA<\/title>\n<meta name=\"description\" content=\"L&#039;Arbokol, r\u00e9sine cicatrisante pour la taille, est utilis\u00e9e pour le traitement des plaies, la taille et le greffage de tous types de plantes, arbres ou arbustes.\" \/>\n<meta name=\"robots\" content=\"index, follow, max-snippet:-1, max-image-preview:large, max-video-preview:-1\" \/>\n<link rel=\"canonical\" href=\"https:\/\/saiga.es\/fr\/produit\/arbokol-resine-cicatrisante\/\" \/>\n<meta property=\"og:locale\" content=\"fr_FR\" \/>\n<meta property=\"og:type\" content=\"article\" \/>\n<meta property=\"og:title\" content=\"Arbokol, r\u00e9sine cicatrisante | SAIGA\" \/>\n<meta property=\"og:description\" content=\"L&#039;Arbokol, r\u00e9sine cicatrisante pour la taille, est utilis\u00e9e pour le traitement des plaies, la taille et le greffage de tous types de plantes, arbres ou arbustes.\" \/>\n<meta property=\"og:url\" content=\"https:\/\/saiga.es\/fr\/produit\/arbokol-resine-cicatrisante\/\" \/>\n<meta property=\"og:site_name\" content=\"SAIGA\" \/>\n<meta property=\"article:modified_time\" content=\"2025-08-21T08:26:00+00:00\" \/>\n<meta property=\"og:image\" content=\"https:\/\/saiga.es\/wp-content\/uploads\/2024\/02\/Arbol-500-g.jpg\" \/>\n\t<meta property=\"og:image:width\" content=\"400\" \/>\n\t<meta property=\"og:image:height\" content=\"400\" \/>\n\t<meta property=\"og:image:type\" content=\"image\/jpeg\" \/>\n<meta name=\"twitter:card\" content=\"summary_large_image\" \/>\n<meta name=\"twitter:site\" content=\"@saiga_agro\" \/>\n<meta name=\"twitter:label1\" content=\"Dur\u00e9e de lecture estim\u00e9e\" \/>\n\t<meta name=\"twitter:data1\" content=\"1 minute\" \/>\n<script type=\"application\/ld+json\" class=\"yoast-schema-graph\">{\"@context\":\"https:\\\/\\\/schema.org\",\"@graph\":[{\"@type\":\"WebPage\",\"@id\":\"https:\\\/\\\/saiga.es\\\/fr\\\/produit\\\/arbokol-resine-cicatrisante\\\/\",\"url\":\"https:\\\/\\\/saiga.es\\\/fr\\\/produit\\\/arbokol-resine-cicatrisante\\\/\",\"name\":\"Arbokol, r\u00e9sine cicatrisante | SAIGA\",\"isPartOf\":{\"@id\":\"https:\\\/\\\/saiga.es\\\/fr\\\/#website\"},\"primaryImageOfPage\":{\"@id\":\"https:\\\/\\\/saiga.es\\\/fr\\\/produit\\\/arbokol-resine-cicatrisante\\\/#primaryimage\"},\"image\":{\"@id\":\"https:\\\/\\\/saiga.es\\\/fr\\\/produit\\\/arbokol-resine-cicatrisante\\\/#primaryimage\"},\"thumbnailUrl\":\"https:\\\/\\\/saiga.es\\\/wp-content\\\/uploads\\\/2024\\\/02\\\/Arbol-500-g.jpg\",\"datePublished\":\"2024-01-02T10:29:48+00:00\",\"dateModified\":\"2025-08-21T08:26:00+00:00\",\"description\":\"L'Arbokol, r\u00e9sine cicatrisante pour la taille, est utilis\u00e9e pour le traitement des plaies, la taille et le greffage de tous types de plantes, arbres ou arbustes.\",\"breadcrumb\":{\"@id\":\"https:\\\/\\\/saiga.es\\\/fr\\\/produit\\\/arbokol-resine-cicatrisante\\\/#breadcrumb\"},\"inLanguage\":\"fr-FR\",\"potentialAction\":[{\"@type\":\"ReadAction\",\"target\":[\"https:\\\/\\\/saiga.es\\\/fr\\\/produit\\\/arbokol-resine-cicatrisante\\\/\"]}]},{\"@type\":\"ImageObject\",\"inLanguage\":\"fr-FR\",\"@id\":\"https:\\\/\\\/saiga.es\\\/fr\\\/produit\\\/arbokol-resine-cicatrisante\\\/#primaryimage\",\"url\":\"https:\\\/\\\/saiga.es\\\/wp-content\\\/uploads\\\/2024\\\/02\\\/Arbol-500-g.jpg\",\"contentUrl\":\"https:\\\/\\\/saiga.es\\\/wp-content\\\/uploads\\\/2024\\\/02\\\/Arbol-500-g.jpg\",\"width\":400,\"height\":400,\"caption\":\"Arbokol 500 g\"},{\"@type\":\"BreadcrumbList\",\"@id\":\"https:\\\/\\\/saiga.es\\\/fr\\\/produit\\\/arbokol-resine-cicatrisante\\\/#breadcrumb\",\"itemListElement\":[{\"@type\":\"ListItem\",\"position\":1,\"name\":\"Inici\",\"item\":\"https:\\\/\\\/saiga.es\\\/fr\\\/\"},{\"@type\":\"ListItem\",\"position\":2,\"name\":\"boutique\",\"item\":\"https:\\\/\\\/saiga.es\\\/fr\\\/boutique\\\/\"},{\"@type\":\"ListItem\",\"position\":3,\"name\":\"Arbokol, r\u00e9sine cicatrisante\"}]},{\"@type\":\"WebSite\",\"@id\":\"https:\\\/\\\/saiga.es\\\/fr\\\/#website\",\"url\":\"https:\\\/\\\/saiga.es\\\/fr\\\/\",\"name\":\"SAIGA\",\"description\":\"M\u00e9s de 50 anys al servei de la terra i treballant per a un \u00fas eficient de l\u2019aigua!\",\"publisher\":{\"@id\":\"https:\\\/\\\/saiga.es\\\/fr\\\/#organization\"},\"potentialAction\":[{\"@type\":\"SearchAction\",\"target\":{\"@type\":\"EntryPoint\",\"urlTemplate\":\"https:\\\/\\\/saiga.es\\\/fr\\\/?s={search_term_string}\"},\"query-input\":{\"@type\":\"PropertyValueSpecification\",\"valueRequired\":true,\"valueName\":\"search_term_string\"}}],\"inLanguage\":\"fr-FR\"},{\"@type\":\"Organization\",\"@id\":\"https:\\\/\\\/saiga.es\\\/fr\\\/#organization\",\"name\":\"SAIGA\",\"url\":\"https:\\\/\\\/saiga.es\\\/fr\\\/\",\"logo\":{\"@type\":\"ImageObject\",\"inLanguage\":\"fr-FR\",\"@id\":\"https:\\\/\\\/saiga.es\\\/fr\\\/#\\\/schema\\\/logo\\\/image\\\/\",\"url\":\"https:\\\/\\\/saiga.es\\\/wp-content\\\/uploads\\\/2025\\\/07\\\/logo_saiga_baseline_optimitzat.svg\",\"contentUrl\":\"https:\\\/\\\/saiga.es\\\/wp-content\\\/uploads\\\/2025\\\/07\\\/logo_saiga_baseline_optimitzat.svg\",\"caption\":\"SAIGA\"},\"image\":{\"@id\":\"https:\\\/\\\/saiga.es\\\/fr\\\/#\\\/schema\\\/logo\\\/image\\\/\"},\"sameAs\":[\"https:\\\/\\\/x.com\\\/saiga_agro\",\"https:\\\/\\\/www.instagram.com\\\/saiga_agro\\\/\"]}]}<\/script>\n<!-- \/ Yoast SEO plugin. -->","yoast_head_json":{"title":"Arbokol, r\u00e9sine cicatrisante | SAIGA","description":"L'Arbokol, r\u00e9sine cicatrisante pour la taille, est utilis\u00e9e pour le traitement des plaies, la taille et le greffage de tous types de plantes, arbres ou arbustes.","robots":{"index":"index","follow":"follow","max-snippet":"max-snippet:-1","max-image-preview":"max-image-preview:large","max-video-preview":"max-video-preview:-1"},"canonical":"https:\/\/saiga.es\/fr\/produit\/arbokol-resine-cicatrisante\/","og_locale":"fr_FR","og_type":"article","og_title":"Arbokol, r\u00e9sine cicatrisante | SAIGA","og_description":"L'Arbokol, r\u00e9sine cicatrisante pour la taille, est utilis\u00e9e pour le traitement des plaies, la taille et le greffage de tous types de plantes, arbres ou arbustes.","og_url":"https:\/\/saiga.es\/fr\/produit\/arbokol-resine-cicatrisante\/","og_site_name":"SAIGA","article_modified_time":"2025-08-21T08:26:00+00:00","og_image":[{"width":400,"height":400,"url":"https:\/\/saiga.es\/wp-content\/uploads\/2024\/02\/Arbol-500-g.jpg","type":"image\/jpeg"}],"twitter_card":"summary_large_image","twitter_site":"@saiga_agro","twitter_misc":{"Dur\u00e9e de lecture estim\u00e9e":"1 minute"},"schema":{"@context":"https:\/\/schema.org","@graph":[{"@type":"WebPage","@id":"https:\/\/saiga.es\/fr\/produit\/arbokol-resine-cicatrisante\/","url":"https:\/\/saiga.es\/fr\/produit\/arbokol-resine-cicatrisante\/","name":"Arbokol, r\u00e9sine cicatrisante | SAIGA","isPartOf":{"@id":"https:\/\/saiga.es\/fr\/#website"},"primaryImageOfPage":{"@id":"https:\/\/saiga.es\/fr\/produit\/arbokol-resine-cicatrisante\/#primaryimage"},"image":{"@id":"https:\/\/saiga.es\/fr\/produit\/arbokol-resine-cicatrisante\/#primaryimage"},"thumbnailUrl":"https:\/\/saiga.es\/wp-content\/uploads\/2024\/02\/Arbol-500-g.jpg","datePublished":"2024-01-02T10:29:48+00:00","dateModified":"2025-08-21T08:26:00+00:00","description":"L'Arbokol, r\u00e9sine cicatrisante pour la taille, est utilis\u00e9e pour le traitement des plaies, la taille et le greffage de tous types de plantes, arbres ou arbustes.","breadcrumb":{"@id":"https:\/\/saiga.es\/fr\/produit\/arbokol-resine-cicatrisante\/#breadcrumb"},"inLanguage":"fr-FR","potentialAction":[{"@type":"ReadAction","target":["https:\/\/saiga.es\/fr\/produit\/arbokol-resine-cicatrisante\/"]}]},{"@type":"ImageObject","inLanguage":"fr-FR","@id":"https:\/\/saiga.es\/fr\/produit\/arbokol-resine-cicatrisante\/#primaryimage","url":"https:\/\/saiga.es\/wp-content\/uploads\/2024\/02\/Arbol-500-g.jpg","contentUrl":"https:\/\/saiga.es\/wp-content\/uploads\/2024\/02\/Arbol-500-g.jpg","width":400,"height":400,"caption":"Arbokol 500 g"},{"@type":"BreadcrumbList","@id":"https:\/\/saiga.es\/fr\/produit\/arbokol-resine-cicatrisante\/#breadcrumb","itemListElement":[{"@type":"ListItem","position":1,"name":"Inici","item":"https:\/\/saiga.es\/fr\/"},{"@type":"ListItem","position":2,"name":"boutique","item":"https:\/\/saiga.es\/fr\/boutique\/"},{"@type":"ListItem","position":3,"name":"Arbokol, r\u00e9sine cicatrisante"}]},{"@type":"WebSite","@id":"https:\/\/saiga.es\/fr\/#website","url":"https:\/\/saiga.es\/fr\/","name":"SAIGA","description":"M\u00e9s de 50 anys al servei de la terra i treballant per a un \u00fas eficient de l\u2019aigua!","publisher":{"@id":"https:\/\/saiga.es\/fr\/#organization"},"potentialAction":[{"@type":"SearchAction","target":{"@type":"EntryPoint","urlTemplate":"https:\/\/saiga.es\/fr\/?s={search_term_string}"},"query-input":{"@type":"PropertyValueSpecification","valueRequired":true,"valueName":"search_term_string"}}],"inLanguage":"fr-FR"},{"@type":"Organization","@id":"https:\/\/saiga.es\/fr\/#organization","name":"SAIGA","url":"https:\/\/saiga.es\/fr\/","logo":{"@type":"ImageObject","inLanguage":"fr-FR","@id":"https:\/\/saiga.es\/fr\/#\/schema\/logo\/image\/","url":"https:\/\/saiga.es\/wp-content\/uploads\/2025\/07\/logo_saiga_baseline_optimitzat.svg","contentUrl":"https:\/\/saiga.es\/wp-content\/uploads\/2025\/07\/logo_saiga_baseline_optimitzat.svg","caption":"SAIGA"},"image":{"@id":"https:\/\/saiga.es\/fr\/#\/schema\/logo\/image\/"},"sameAs":["https:\/\/x.com\/saiga_agro","https:\/\/www.instagram.com\/saiga_agro\/"]}]}},"_links":{"self":[{"href":"https:\/\/saiga.es\/fr\/wp-json\/wp\/v2\/product\/6879","targetHints":{"allow":["GET"]}}],"collection":[{"href":"https:\/\/saiga.es\/fr\/wp-json\/wp\/v2\/product"}],"about":[{"href":"https:\/\/saiga.es\/fr\/wp-json\/wp\/v2\/types\/product"}],"replies":[{"embeddable":true,"href":"https:\/\/saiga.es\/fr\/wp-json\/wp\/v2\/comments?post=6879"}],"wp:featuredmedia":[{"embeddable":true,"href":"https:\/\/saiga.es\/fr\/wp-json\/wp\/v2\/media\/7691"}],"wp:attachment":[{"href":"https:\/\/saiga.es\/fr\/wp-json\/wp\/v2\/media?parent=6879"}],"wp:term":[{"taxonomy":"product_brand","embeddable":true,"href":"https:\/\/saiga.es\/fr\/wp-json\/wp\/v2\/product_brand?post=6879"},{"taxonomy":"product_cat","embeddable":true,"href":"https:\/\/saiga.es\/fr\/wp-json\/wp\/v2\/product_cat?post=6879"},{"taxonomy":"product_tag","embeddable":true,"href":"https:\/\/saiga.es\/fr\/wp-json\/wp\/v2\/product_tag?post=6879"}],"curies":[{"name":"wp","href":"https:\/\/api.w.org\/{rel}","templated":true}]}}