{"id":6884,"date":"2024-01-16T09:52:59","date_gmt":"2024-01-16T09:52:59","guid":{"rendered":"https:\/\/botiga.saiga.es\/producte\/secateur-kamikaze-ch-81-a-deux-mains\/"},"modified":"2025-10-27T07:53:35","modified_gmt":"2025-10-27T07:53:35","slug":"secateur-kamikaze-ch-81-a-deux-mains","status":"publish","type":"product","link":"https:\/\/saiga.es\/fr\/produit\/secateur-kamikaze-ch-81-a-deux-mains\/","title":{"rendered":"S\u00e9cateur kamikaze ch-81 \u00e0 deux mains"},"content":{"rendered":"<p>S\u00e9cateur Kamikaze extensible \u00e0 deux mains.<\/p>\n<p>Notre s\u00e9cateur extensible \u00e0 deux mains est l&rsquo;outil id\u00e9al pour effectuer des t\u00e2ches d&rsquo;\u00e9lagage dans les zones sur\u00e9lev\u00e9es ou difficiles d&rsquo;acc\u00e8s. De conception polyvalente, ce s\u00e9cateur offre une combinaison de puissance et de port\u00e9e pour r\u00e9pondre aux besoins des jardiniers les plus exigeants.<\/p>\n<p>L&rsquo;ergonomie du manche, ainsi que le syst\u00e8me d&rsquo;extension facile \u00e0 utiliser, font de ce s\u00e9cateur un outil confortable et efficace. Que vous coupiez des arbres fruitiers, des arbustes ou d&rsquo;autres v\u00e9g\u00e9taux hauts, notre tondeuse extensible \u00e0 deux mains vous offrira la puissance et la polyvalence dont vous avez besoin pour garder votre jardin en bon \u00e9tat.<\/p>\n","protected":false},"excerpt":{"rendered":"<p>Notre s\u00e9cateur extensible \u00e0 deux mains est l&rsquo;outil id\u00e9al pour effectuer des t\u00e2ches d&rsquo;\u00e9lagage dans les zones sur\u00e9lev\u00e9es ou difficiles d&rsquo;acc\u00e8s. De conception polyvalente, ce s\u00e9cateur offre une combinaison de puissance et de port\u00e9e pour r\u00e9pondre aux besoins des jardiniers les plus exigeants.<\/p>\n","protected":false},"featured_media":6768,"comment_status":"open","ping_status":"closed","template":"","meta":[],"product_brand":[],"product_cat":[1733,433],"product_tag":[],"class_list":{"0":"post-6884","1":"product","2":"type-product","3":"status-publish","4":"has-post-thumbnail","6":"product_cat-kamikaze-fr","7":"product_cat-secateurs","9":"first","10":"instock","11":"taxable","12":"shipping-taxable","13":"purchasable","14":"product-type-simple"},"yoast_head":"<!-- This site is optimized with the Yoast SEO plugin v27.4 - https:\/\/yoast.com\/product\/yoast-seo-wordpress\/ -->\n<title>S\u00e9cateur kamikaze ch-81 \u00e0 deux mains | SAIGA<\/title>\n<meta name=\"description\" content=\"Notre s\u00e9cateur extensible \u00e0 deux mains est l&#039;outil id\u00e9al pour effectuer des t\u00e2ches d&#039;\u00e9lagage dans les zones sur\u00e9lev\u00e9es ou difficiles d&#039;acc\u00e8s.\" \/>\n<meta name=\"robots\" content=\"index, follow, max-snippet:-1, max-image-preview:large, max-video-preview:-1\" \/>\n<link rel=\"canonical\" href=\"https:\/\/saiga.es\/fr\/produit\/secateur-kamikaze-ch-81-a-deux-mains\/\" \/>\n<meta property=\"og:locale\" content=\"fr_FR\" \/>\n<meta property=\"og:type\" content=\"article\" \/>\n<meta property=\"og:title\" content=\"S\u00e9cateur kamikaze ch-81 \u00e0 deux mains | SAIGA\" \/>\n<meta property=\"og:description\" content=\"Notre s\u00e9cateur extensible \u00e0 deux mains est l&#039;outil id\u00e9al pour effectuer des t\u00e2ches d&#039;\u00e9lagage dans les zones sur\u00e9lev\u00e9es ou difficiles d&#039;acc\u00e8s.\" \/>\n<meta property=\"og:url\" content=\"https:\/\/saiga.es\/fr\/produit\/secateur-kamikaze-ch-81-a-deux-mains\/\" \/>\n<meta property=\"og:site_name\" content=\"SAIGA\" \/>\n<meta property=\"article:modified_time\" content=\"2025-10-27T07:53:35+00:00\" \/>\n<meta property=\"og:image\" content=\"https:\/\/saiga.es\/wp-content\/uploads\/2024\/01\/8004610-ch81-kamikaze.jpg\" \/>\n\t<meta property=\"og:image:width\" content=\"800\" \/>\n\t<meta property=\"og:image:height\" content=\"800\" \/>\n\t<meta property=\"og:image:type\" content=\"image\/jpeg\" \/>\n<meta name=\"twitter:card\" content=\"summary_large_image\" \/>\n<meta name=\"twitter:site\" content=\"@saiga_agro\" \/>\n<meta name=\"twitter:label1\" content=\"Dur\u00e9e de lecture estim\u00e9e\" \/>\n\t<meta name=\"twitter:data1\" content=\"1 minute\" \/>\n<script type=\"application\/ld+json\" class=\"yoast-schema-graph\">{\"@context\":\"https:\\\/\\\/schema.org\",\"@graph\":[{\"@type\":\"WebPage\",\"@id\":\"https:\\\/\\\/saiga.es\\\/fr\\\/produit\\\/secateur-kamikaze-ch-81-a-deux-mains\\\/\",\"url\":\"https:\\\/\\\/saiga.es\\\/fr\\\/produit\\\/secateur-kamikaze-ch-81-a-deux-mains\\\/\",\"name\":\"S\u00e9cateur kamikaze ch-81 \u00e0 deux mains | SAIGA\",\"isPartOf\":{\"@id\":\"https:\\\/\\\/saiga.es\\\/fr\\\/#website\"},\"primaryImageOfPage\":{\"@id\":\"https:\\\/\\\/saiga.es\\\/fr\\\/produit\\\/secateur-kamikaze-ch-81-a-deux-mains\\\/#primaryimage\"},\"image\":{\"@id\":\"https:\\\/\\\/saiga.es\\\/fr\\\/produit\\\/secateur-kamikaze-ch-81-a-deux-mains\\\/#primaryimage\"},\"thumbnailUrl\":\"https:\\\/\\\/saiga.es\\\/wp-content\\\/uploads\\\/2024\\\/01\\\/8004610-ch81-kamikaze.jpg\",\"datePublished\":\"2024-01-16T09:52:59+00:00\",\"dateModified\":\"2025-10-27T07:53:35+00:00\",\"description\":\"Notre s\u00e9cateur extensible \u00e0 deux mains est l'outil id\u00e9al pour effectuer des t\u00e2ches d'\u00e9lagage dans les zones sur\u00e9lev\u00e9es ou difficiles d'acc\u00e8s.\",\"breadcrumb\":{\"@id\":\"https:\\\/\\\/saiga.es\\\/fr\\\/produit\\\/secateur-kamikaze-ch-81-a-deux-mains\\\/#breadcrumb\"},\"inLanguage\":\"fr-FR\",\"potentialAction\":[{\"@type\":\"ReadAction\",\"target\":[\"https:\\\/\\\/saiga.es\\\/fr\\\/produit\\\/secateur-kamikaze-ch-81-a-deux-mains\\\/\"]}]},{\"@type\":\"ImageObject\",\"inLanguage\":\"fr-FR\",\"@id\":\"https:\\\/\\\/saiga.es\\\/fr\\\/produit\\\/secateur-kamikaze-ch-81-a-deux-mains\\\/#primaryimage\",\"url\":\"https:\\\/\\\/saiga.es\\\/wp-content\\\/uploads\\\/2024\\\/01\\\/8004610-ch81-kamikaze.jpg\",\"contentUrl\":\"https:\\\/\\\/saiga.es\\\/wp-content\\\/uploads\\\/2024\\\/01\\\/8004610-ch81-kamikaze.jpg\",\"width\":800,\"height\":800},{\"@type\":\"BreadcrumbList\",\"@id\":\"https:\\\/\\\/saiga.es\\\/fr\\\/produit\\\/secateur-kamikaze-ch-81-a-deux-mains\\\/#breadcrumb\",\"itemListElement\":[{\"@type\":\"ListItem\",\"position\":1,\"name\":\"Inici\",\"item\":\"https:\\\/\\\/saiga.es\\\/fr\\\/\"},{\"@type\":\"ListItem\",\"position\":2,\"name\":\"boutique\",\"item\":\"https:\\\/\\\/saiga.es\\\/fr\\\/boutique\\\/\"},{\"@type\":\"ListItem\",\"position\":3,\"name\":\"S\u00e9cateur kamikaze ch-81 \u00e0 deux mains\"}]},{\"@type\":\"WebSite\",\"@id\":\"https:\\\/\\\/saiga.es\\\/fr\\\/#website\",\"url\":\"https:\\\/\\\/saiga.es\\\/fr\\\/\",\"name\":\"SAIGA\",\"description\":\"M\u00e9s de 50 anys al servei de la terra i treballant per a un \u00fas eficient de l\u2019aigua!\",\"publisher\":{\"@id\":\"https:\\\/\\\/saiga.es\\\/fr\\\/#organization\"},\"potentialAction\":[{\"@type\":\"SearchAction\",\"target\":{\"@type\":\"EntryPoint\",\"urlTemplate\":\"https:\\\/\\\/saiga.es\\\/fr\\\/?s={search_term_string}\"},\"query-input\":{\"@type\":\"PropertyValueSpecification\",\"valueRequired\":true,\"valueName\":\"search_term_string\"}}],\"inLanguage\":\"fr-FR\"},{\"@type\":\"Organization\",\"@id\":\"https:\\\/\\\/saiga.es\\\/fr\\\/#organization\",\"name\":\"SAIGA\",\"url\":\"https:\\\/\\\/saiga.es\\\/fr\\\/\",\"logo\":{\"@type\":\"ImageObject\",\"inLanguage\":\"fr-FR\",\"@id\":\"https:\\\/\\\/saiga.es\\\/fr\\\/#\\\/schema\\\/logo\\\/image\\\/\",\"url\":\"https:\\\/\\\/saiga.es\\\/wp-content\\\/uploads\\\/2025\\\/07\\\/logo_saiga_baseline_optimitzat.svg\",\"contentUrl\":\"https:\\\/\\\/saiga.es\\\/wp-content\\\/uploads\\\/2025\\\/07\\\/logo_saiga_baseline_optimitzat.svg\",\"caption\":\"SAIGA\"},\"image\":{\"@id\":\"https:\\\/\\\/saiga.es\\\/fr\\\/#\\\/schema\\\/logo\\\/image\\\/\"},\"sameAs\":[\"https:\\\/\\\/x.com\\\/saiga_agro\",\"https:\\\/\\\/www.instagram.com\\\/saiga_agro\\\/\"]}]}<\/script>\n<!-- \/ Yoast SEO plugin. -->","yoast_head_json":{"title":"S\u00e9cateur kamikaze ch-81 \u00e0 deux mains | SAIGA","description":"Notre s\u00e9cateur extensible \u00e0 deux mains est l'outil id\u00e9al pour effectuer des t\u00e2ches d'\u00e9lagage dans les zones sur\u00e9lev\u00e9es ou difficiles d'acc\u00e8s.","robots":{"index":"index","follow":"follow","max-snippet":"max-snippet:-1","max-image-preview":"max-image-preview:large","max-video-preview":"max-video-preview:-1"},"canonical":"https:\/\/saiga.es\/fr\/produit\/secateur-kamikaze-ch-81-a-deux-mains\/","og_locale":"fr_FR","og_type":"article","og_title":"S\u00e9cateur kamikaze ch-81 \u00e0 deux mains | SAIGA","og_description":"Notre s\u00e9cateur extensible \u00e0 deux mains est l'outil id\u00e9al pour effectuer des t\u00e2ches d'\u00e9lagage dans les zones sur\u00e9lev\u00e9es ou difficiles d'acc\u00e8s.","og_url":"https:\/\/saiga.es\/fr\/produit\/secateur-kamikaze-ch-81-a-deux-mains\/","og_site_name":"SAIGA","article_modified_time":"2025-10-27T07:53:35+00:00","og_image":[{"width":800,"height":800,"url":"https:\/\/saiga.es\/wp-content\/uploads\/2024\/01\/8004610-ch81-kamikaze.jpg","type":"image\/jpeg"}],"twitter_card":"summary_large_image","twitter_site":"@saiga_agro","twitter_misc":{"Dur\u00e9e de lecture estim\u00e9e":"1 minute"},"schema":{"@context":"https:\/\/schema.org","@graph":[{"@type":"WebPage","@id":"https:\/\/saiga.es\/fr\/produit\/secateur-kamikaze-ch-81-a-deux-mains\/","url":"https:\/\/saiga.es\/fr\/produit\/secateur-kamikaze-ch-81-a-deux-mains\/","name":"S\u00e9cateur kamikaze ch-81 \u00e0 deux mains | SAIGA","isPartOf":{"@id":"https:\/\/saiga.es\/fr\/#website"},"primaryImageOfPage":{"@id":"https:\/\/saiga.es\/fr\/produit\/secateur-kamikaze-ch-81-a-deux-mains\/#primaryimage"},"image":{"@id":"https:\/\/saiga.es\/fr\/produit\/secateur-kamikaze-ch-81-a-deux-mains\/#primaryimage"},"thumbnailUrl":"https:\/\/saiga.es\/wp-content\/uploads\/2024\/01\/8004610-ch81-kamikaze.jpg","datePublished":"2024-01-16T09:52:59+00:00","dateModified":"2025-10-27T07:53:35+00:00","description":"Notre s\u00e9cateur extensible \u00e0 deux mains est l'outil id\u00e9al pour effectuer des t\u00e2ches d'\u00e9lagage dans les zones sur\u00e9lev\u00e9es ou difficiles d'acc\u00e8s.","breadcrumb":{"@id":"https:\/\/saiga.es\/fr\/produit\/secateur-kamikaze-ch-81-a-deux-mains\/#breadcrumb"},"inLanguage":"fr-FR","potentialAction":[{"@type":"ReadAction","target":["https:\/\/saiga.es\/fr\/produit\/secateur-kamikaze-ch-81-a-deux-mains\/"]}]},{"@type":"ImageObject","inLanguage":"fr-FR","@id":"https:\/\/saiga.es\/fr\/produit\/secateur-kamikaze-ch-81-a-deux-mains\/#primaryimage","url":"https:\/\/saiga.es\/wp-content\/uploads\/2024\/01\/8004610-ch81-kamikaze.jpg","contentUrl":"https:\/\/saiga.es\/wp-content\/uploads\/2024\/01\/8004610-ch81-kamikaze.jpg","width":800,"height":800},{"@type":"BreadcrumbList","@id":"https:\/\/saiga.es\/fr\/produit\/secateur-kamikaze-ch-81-a-deux-mains\/#breadcrumb","itemListElement":[{"@type":"ListItem","position":1,"name":"Inici","item":"https:\/\/saiga.es\/fr\/"},{"@type":"ListItem","position":2,"name":"boutique","item":"https:\/\/saiga.es\/fr\/boutique\/"},{"@type":"ListItem","position":3,"name":"S\u00e9cateur kamikaze ch-81 \u00e0 deux mains"}]},{"@type":"WebSite","@id":"https:\/\/saiga.es\/fr\/#website","url":"https:\/\/saiga.es\/fr\/","name":"SAIGA","description":"M\u00e9s de 50 anys al servei de la terra i treballant per a un \u00fas eficient de l\u2019aigua!","publisher":{"@id":"https:\/\/saiga.es\/fr\/#organization"},"potentialAction":[{"@type":"SearchAction","target":{"@type":"EntryPoint","urlTemplate":"https:\/\/saiga.es\/fr\/?s={search_term_string}"},"query-input":{"@type":"PropertyValueSpecification","valueRequired":true,"valueName":"search_term_string"}}],"inLanguage":"fr-FR"},{"@type":"Organization","@id":"https:\/\/saiga.es\/fr\/#organization","name":"SAIGA","url":"https:\/\/saiga.es\/fr\/","logo":{"@type":"ImageObject","inLanguage":"fr-FR","@id":"https:\/\/saiga.es\/fr\/#\/schema\/logo\/image\/","url":"https:\/\/saiga.es\/wp-content\/uploads\/2025\/07\/logo_saiga_baseline_optimitzat.svg","contentUrl":"https:\/\/saiga.es\/wp-content\/uploads\/2025\/07\/logo_saiga_baseline_optimitzat.svg","caption":"SAIGA"},"image":{"@id":"https:\/\/saiga.es\/fr\/#\/schema\/logo\/image\/"},"sameAs":["https:\/\/x.com\/saiga_agro","https:\/\/www.instagram.com\/saiga_agro\/"]}]}},"_links":{"self":[{"href":"https:\/\/saiga.es\/fr\/wp-json\/wp\/v2\/product\/6884","targetHints":{"allow":["GET"]}}],"collection":[{"href":"https:\/\/saiga.es\/fr\/wp-json\/wp\/v2\/product"}],"about":[{"href":"https:\/\/saiga.es\/fr\/wp-json\/wp\/v2\/types\/product"}],"replies":[{"embeddable":true,"href":"https:\/\/saiga.es\/fr\/wp-json\/wp\/v2\/comments?post=6884"}],"wp:featuredmedia":[{"embeddable":true,"href":"https:\/\/saiga.es\/fr\/wp-json\/wp\/v2\/media\/6768"}],"wp:attachment":[{"href":"https:\/\/saiga.es\/fr\/wp-json\/wp\/v2\/media?parent=6884"}],"wp:term":[{"taxonomy":"product_brand","embeddable":true,"href":"https:\/\/saiga.es\/fr\/wp-json\/wp\/v2\/product_brand?post=6884"},{"taxonomy":"product_cat","embeddable":true,"href":"https:\/\/saiga.es\/fr\/wp-json\/wp\/v2\/product_cat?post=6884"},{"taxonomy":"product_tag","embeddable":true,"href":"https:\/\/saiga.es\/fr\/wp-json\/wp\/v2\/product_tag?post=6884"}],"curies":[{"name":"wp","href":"https:\/\/api.w.org\/{rel}","templated":true}]}}