{"id":6888,"date":"2024-01-18T08:16:36","date_gmt":"2024-01-18T08:16:36","guid":{"rendered":"https:\/\/botiga.saiga.es\/producte\/tondeuse-a-deux-mains-km660-kamikaze\/"},"modified":"2025-10-27T07:53:36","modified_gmt":"2025-10-27T07:53:36","slug":"tondeuse-a-deux-mains-km660-kamikaze","status":"publish","type":"product","link":"https:\/\/saiga.es\/fr\/produit\/tondeuse-a-deux-mains-km660-kamikaze\/","title":{"rendered":"Tondeuse \u00e0 deux mains Km660 kamikaze"},"content":{"rendered":"<p>Tondeuse \u00e0 deux mains Km660 kamikaze<\/p>\n<p>Notre s\u00e9cateur \u00e0 deux mains est un outil robuste et efficace con\u00e7u pour accomplir facilement des t\u00e2ches de taille plus importantes et plus exigeantes. Avec un design ergonomique et une poign\u00e9e allong\u00e9e, cette tondeuse offre une combinaison de puissance et de port\u00e9e pour r\u00e9pondre aux besoins des jardiniers les plus exigeants.<\/p>\n<p>Les lames tranchantes, fabriqu\u00e9es avec des mat\u00e9riaux de haute qualit\u00e9, assurent une coupe nette et pr\u00e9cise, vous permettant de vous attaquer facilement aux branches plus \u00e9paisses. La poign\u00e9e large offre une prise confortable et stable, tandis que la longueur suppl\u00e9mentaire vous permet d&rsquo;atteindre les zones difficiles d&rsquo;acc\u00e8s.<\/p>\n<p>Optimisez votre temps de taille avec notre s\u00e9cateur \u00e0 deux mains, un outil fiable et efficace pour tous vos projets de jardinage.<\/p>\n","protected":false},"excerpt":{"rendered":"<p>Notre s\u00e9cateur \u00e0 deux mains est un outil robuste et efficace con\u00e7u pour accomplir facilement des t\u00e2ches de taille plus importantes et plus exigeantes.<\/p>\n","protected":false},"featured_media":6814,"comment_status":"open","ping_status":"closed","template":"","meta":[],"product_brand":[],"product_cat":[1733,468],"product_tag":[],"class_list":{"0":"post-6888","1":"product","2":"type-product","3":"status-publish","4":"has-post-thumbnail","6":"product_cat-kamikaze-fr","7":"product_cat-taille","9":"first","10":"instock","11":"taxable","12":"shipping-taxable","13":"purchasable","14":"product-type-simple"},"yoast_head":"<!-- This site is optimized with the Yoast SEO plugin v27.3 - https:\/\/yoast.com\/product\/yoast-seo-wordpress\/ -->\n<title>Tondeuse \u00e0 deux mains Km660 kamikaze | SAIGA<\/title>\n<meta name=\"description\" content=\"Notre s\u00e9cateur \u00e0 deux mains est un outil robuste et efficace con\u00e7u pour accomplir facilement des t\u00e2ches de taille plus importantes et plus exigeantes.\" \/>\n<meta name=\"robots\" content=\"index, follow, max-snippet:-1, max-image-preview:large, max-video-preview:-1\" \/>\n<link rel=\"canonical\" href=\"https:\/\/saiga.es\/fr\/produit\/tondeuse-a-deux-mains-km660-kamikaze\/\" \/>\n<meta property=\"og:locale\" content=\"fr_FR\" \/>\n<meta property=\"og:type\" content=\"article\" \/>\n<meta property=\"og:title\" content=\"Tondeuse \u00e0 deux mains Km660 kamikaze | SAIGA\" \/>\n<meta property=\"og:description\" content=\"Notre s\u00e9cateur \u00e0 deux mains est un outil robuste et efficace con\u00e7u pour accomplir facilement des t\u00e2ches de taille plus importantes et plus exigeantes.\" \/>\n<meta property=\"og:url\" content=\"https:\/\/saiga.es\/fr\/produit\/tondeuse-a-deux-mains-km660-kamikaze\/\" \/>\n<meta property=\"og:site_name\" content=\"SAIGA\" \/>\n<meta property=\"article:modified_time\" content=\"2025-10-27T07:53:36+00:00\" \/>\n<meta property=\"og:image\" content=\"https:\/\/saiga.es\/wp-content\/uploads\/2024\/01\/thumbnail_IMG_1181-2.jpg\" \/>\n\t<meta property=\"og:image:width\" content=\"700\" \/>\n\t<meta property=\"og:image:height\" content=\"767\" \/>\n\t<meta property=\"og:image:type\" content=\"image\/jpeg\" \/>\n<meta name=\"twitter:card\" content=\"summary_large_image\" \/>\n<meta name=\"twitter:site\" content=\"@saiga_agro\" \/>\n<meta name=\"twitter:label1\" content=\"Dur\u00e9e de lecture estim\u00e9e\" \/>\n\t<meta name=\"twitter:data1\" content=\"1 minute\" \/>\n<script type=\"application\/ld+json\" class=\"yoast-schema-graph\">{\"@context\":\"https:\\\/\\\/schema.org\",\"@graph\":[{\"@type\":\"WebPage\",\"@id\":\"https:\\\/\\\/saiga.es\\\/fr\\\/produit\\\/tondeuse-a-deux-mains-km660-kamikaze\\\/\",\"url\":\"https:\\\/\\\/saiga.es\\\/fr\\\/produit\\\/tondeuse-a-deux-mains-km660-kamikaze\\\/\",\"name\":\"Tondeuse \u00e0 deux mains Km660 kamikaze | SAIGA\",\"isPartOf\":{\"@id\":\"https:\\\/\\\/saiga.es\\\/fr\\\/#website\"},\"primaryImageOfPage\":{\"@id\":\"https:\\\/\\\/saiga.es\\\/fr\\\/produit\\\/tondeuse-a-deux-mains-km660-kamikaze\\\/#primaryimage\"},\"image\":{\"@id\":\"https:\\\/\\\/saiga.es\\\/fr\\\/produit\\\/tondeuse-a-deux-mains-km660-kamikaze\\\/#primaryimage\"},\"thumbnailUrl\":\"https:\\\/\\\/saiga.es\\\/wp-content\\\/uploads\\\/2024\\\/01\\\/thumbnail_IMG_1181-2.jpg\",\"datePublished\":\"2024-01-18T08:16:36+00:00\",\"dateModified\":\"2025-10-27T07:53:36+00:00\",\"description\":\"Notre s\u00e9cateur \u00e0 deux mains est un outil robuste et efficace con\u00e7u pour accomplir facilement des t\u00e2ches de taille plus importantes et plus exigeantes.\",\"breadcrumb\":{\"@id\":\"https:\\\/\\\/saiga.es\\\/fr\\\/produit\\\/tondeuse-a-deux-mains-km660-kamikaze\\\/#breadcrumb\"},\"inLanguage\":\"fr-FR\",\"potentialAction\":[{\"@type\":\"ReadAction\",\"target\":[\"https:\\\/\\\/saiga.es\\\/fr\\\/produit\\\/tondeuse-a-deux-mains-km660-kamikaze\\\/\"]}]},{\"@type\":\"ImageObject\",\"inLanguage\":\"fr-FR\",\"@id\":\"https:\\\/\\\/saiga.es\\\/fr\\\/produit\\\/tondeuse-a-deux-mains-km660-kamikaze\\\/#primaryimage\",\"url\":\"https:\\\/\\\/saiga.es\\\/wp-content\\\/uploads\\\/2024\\\/01\\\/thumbnail_IMG_1181-2.jpg\",\"contentUrl\":\"https:\\\/\\\/saiga.es\\\/wp-content\\\/uploads\\\/2024\\\/01\\\/thumbnail_IMG_1181-2.jpg\",\"width\":700,\"height\":767},{\"@type\":\"BreadcrumbList\",\"@id\":\"https:\\\/\\\/saiga.es\\\/fr\\\/produit\\\/tondeuse-a-deux-mains-km660-kamikaze\\\/#breadcrumb\",\"itemListElement\":[{\"@type\":\"ListItem\",\"position\":1,\"name\":\"Inici\",\"item\":\"https:\\\/\\\/saiga.es\\\/fr\\\/\"},{\"@type\":\"ListItem\",\"position\":2,\"name\":\"boutique\",\"item\":\"https:\\\/\\\/saiga.es\\\/fr\\\/boutique\\\/\"},{\"@type\":\"ListItem\",\"position\":3,\"name\":\"Tondeuse \u00e0 deux mains Km660 kamikaze\"}]},{\"@type\":\"WebSite\",\"@id\":\"https:\\\/\\\/saiga.es\\\/fr\\\/#website\",\"url\":\"https:\\\/\\\/saiga.es\\\/fr\\\/\",\"name\":\"SAIGA\",\"description\":\"M\u00e9s de 50 anys al servei de la terra i treballant per a un \u00fas eficient de l\u2019aigua!\",\"publisher\":{\"@id\":\"https:\\\/\\\/saiga.es\\\/fr\\\/#organization\"},\"potentialAction\":[{\"@type\":\"SearchAction\",\"target\":{\"@type\":\"EntryPoint\",\"urlTemplate\":\"https:\\\/\\\/saiga.es\\\/fr\\\/?s={search_term_string}\"},\"query-input\":{\"@type\":\"PropertyValueSpecification\",\"valueRequired\":true,\"valueName\":\"search_term_string\"}}],\"inLanguage\":\"fr-FR\"},{\"@type\":\"Organization\",\"@id\":\"https:\\\/\\\/saiga.es\\\/fr\\\/#organization\",\"name\":\"SAIGA\",\"url\":\"https:\\\/\\\/saiga.es\\\/fr\\\/\",\"logo\":{\"@type\":\"ImageObject\",\"inLanguage\":\"fr-FR\",\"@id\":\"https:\\\/\\\/saiga.es\\\/fr\\\/#\\\/schema\\\/logo\\\/image\\\/\",\"url\":\"https:\\\/\\\/saiga.es\\\/wp-content\\\/uploads\\\/2025\\\/07\\\/logo_saiga_baseline_optimitzat.svg\",\"contentUrl\":\"https:\\\/\\\/saiga.es\\\/wp-content\\\/uploads\\\/2025\\\/07\\\/logo_saiga_baseline_optimitzat.svg\",\"caption\":\"SAIGA\"},\"image\":{\"@id\":\"https:\\\/\\\/saiga.es\\\/fr\\\/#\\\/schema\\\/logo\\\/image\\\/\"},\"sameAs\":[\"https:\\\/\\\/x.com\\\/saiga_agro\",\"https:\\\/\\\/www.instagram.com\\\/saiga_agro\\\/\"]}]}<\/script>\n<!-- \/ Yoast SEO plugin. -->","yoast_head_json":{"title":"Tondeuse \u00e0 deux mains Km660 kamikaze | SAIGA","description":"Notre s\u00e9cateur \u00e0 deux mains est un outil robuste et efficace con\u00e7u pour accomplir facilement des t\u00e2ches de taille plus importantes et plus exigeantes.","robots":{"index":"index","follow":"follow","max-snippet":"max-snippet:-1","max-image-preview":"max-image-preview:large","max-video-preview":"max-video-preview:-1"},"canonical":"https:\/\/saiga.es\/fr\/produit\/tondeuse-a-deux-mains-km660-kamikaze\/","og_locale":"fr_FR","og_type":"article","og_title":"Tondeuse \u00e0 deux mains Km660 kamikaze | SAIGA","og_description":"Notre s\u00e9cateur \u00e0 deux mains est un outil robuste et efficace con\u00e7u pour accomplir facilement des t\u00e2ches de taille plus importantes et plus exigeantes.","og_url":"https:\/\/saiga.es\/fr\/produit\/tondeuse-a-deux-mains-km660-kamikaze\/","og_site_name":"SAIGA","article_modified_time":"2025-10-27T07:53:36+00:00","og_image":[{"width":700,"height":767,"url":"https:\/\/saiga.es\/wp-content\/uploads\/2024\/01\/thumbnail_IMG_1181-2.jpg","type":"image\/jpeg"}],"twitter_card":"summary_large_image","twitter_site":"@saiga_agro","twitter_misc":{"Dur\u00e9e de lecture estim\u00e9e":"1 minute"},"schema":{"@context":"https:\/\/schema.org","@graph":[{"@type":"WebPage","@id":"https:\/\/saiga.es\/fr\/produit\/tondeuse-a-deux-mains-km660-kamikaze\/","url":"https:\/\/saiga.es\/fr\/produit\/tondeuse-a-deux-mains-km660-kamikaze\/","name":"Tondeuse \u00e0 deux mains Km660 kamikaze | SAIGA","isPartOf":{"@id":"https:\/\/saiga.es\/fr\/#website"},"primaryImageOfPage":{"@id":"https:\/\/saiga.es\/fr\/produit\/tondeuse-a-deux-mains-km660-kamikaze\/#primaryimage"},"image":{"@id":"https:\/\/saiga.es\/fr\/produit\/tondeuse-a-deux-mains-km660-kamikaze\/#primaryimage"},"thumbnailUrl":"https:\/\/saiga.es\/wp-content\/uploads\/2024\/01\/thumbnail_IMG_1181-2.jpg","datePublished":"2024-01-18T08:16:36+00:00","dateModified":"2025-10-27T07:53:36+00:00","description":"Notre s\u00e9cateur \u00e0 deux mains est un outil robuste et efficace con\u00e7u pour accomplir facilement des t\u00e2ches de taille plus importantes et plus exigeantes.","breadcrumb":{"@id":"https:\/\/saiga.es\/fr\/produit\/tondeuse-a-deux-mains-km660-kamikaze\/#breadcrumb"},"inLanguage":"fr-FR","potentialAction":[{"@type":"ReadAction","target":["https:\/\/saiga.es\/fr\/produit\/tondeuse-a-deux-mains-km660-kamikaze\/"]}]},{"@type":"ImageObject","inLanguage":"fr-FR","@id":"https:\/\/saiga.es\/fr\/produit\/tondeuse-a-deux-mains-km660-kamikaze\/#primaryimage","url":"https:\/\/saiga.es\/wp-content\/uploads\/2024\/01\/thumbnail_IMG_1181-2.jpg","contentUrl":"https:\/\/saiga.es\/wp-content\/uploads\/2024\/01\/thumbnail_IMG_1181-2.jpg","width":700,"height":767},{"@type":"BreadcrumbList","@id":"https:\/\/saiga.es\/fr\/produit\/tondeuse-a-deux-mains-km660-kamikaze\/#breadcrumb","itemListElement":[{"@type":"ListItem","position":1,"name":"Inici","item":"https:\/\/saiga.es\/fr\/"},{"@type":"ListItem","position":2,"name":"boutique","item":"https:\/\/saiga.es\/fr\/boutique\/"},{"@type":"ListItem","position":3,"name":"Tondeuse \u00e0 deux mains Km660 kamikaze"}]},{"@type":"WebSite","@id":"https:\/\/saiga.es\/fr\/#website","url":"https:\/\/saiga.es\/fr\/","name":"SAIGA","description":"M\u00e9s de 50 anys al servei de la terra i treballant per a un \u00fas eficient de l\u2019aigua!","publisher":{"@id":"https:\/\/saiga.es\/fr\/#organization"},"potentialAction":[{"@type":"SearchAction","target":{"@type":"EntryPoint","urlTemplate":"https:\/\/saiga.es\/fr\/?s={search_term_string}"},"query-input":{"@type":"PropertyValueSpecification","valueRequired":true,"valueName":"search_term_string"}}],"inLanguage":"fr-FR"},{"@type":"Organization","@id":"https:\/\/saiga.es\/fr\/#organization","name":"SAIGA","url":"https:\/\/saiga.es\/fr\/","logo":{"@type":"ImageObject","inLanguage":"fr-FR","@id":"https:\/\/saiga.es\/fr\/#\/schema\/logo\/image\/","url":"https:\/\/saiga.es\/wp-content\/uploads\/2025\/07\/logo_saiga_baseline_optimitzat.svg","contentUrl":"https:\/\/saiga.es\/wp-content\/uploads\/2025\/07\/logo_saiga_baseline_optimitzat.svg","caption":"SAIGA"},"image":{"@id":"https:\/\/saiga.es\/fr\/#\/schema\/logo\/image\/"},"sameAs":["https:\/\/x.com\/saiga_agro","https:\/\/www.instagram.com\/saiga_agro\/"]}]}},"_links":{"self":[{"href":"https:\/\/saiga.es\/fr\/wp-json\/wp\/v2\/product\/6888","targetHints":{"allow":["GET"]}}],"collection":[{"href":"https:\/\/saiga.es\/fr\/wp-json\/wp\/v2\/product"}],"about":[{"href":"https:\/\/saiga.es\/fr\/wp-json\/wp\/v2\/types\/product"}],"replies":[{"embeddable":true,"href":"https:\/\/saiga.es\/fr\/wp-json\/wp\/v2\/comments?post=6888"}],"wp:featuredmedia":[{"embeddable":true,"href":"https:\/\/saiga.es\/fr\/wp-json\/wp\/v2\/media\/6814"}],"wp:attachment":[{"href":"https:\/\/saiga.es\/fr\/wp-json\/wp\/v2\/media?parent=6888"}],"wp:term":[{"taxonomy":"product_brand","embeddable":true,"href":"https:\/\/saiga.es\/fr\/wp-json\/wp\/v2\/product_brand?post=6888"},{"taxonomy":"product_cat","embeddable":true,"href":"https:\/\/saiga.es\/fr\/wp-json\/wp\/v2\/product_cat?post=6888"},{"taxonomy":"product_tag","embeddable":true,"href":"https:\/\/saiga.es\/fr\/wp-json\/wp\/v2\/product_tag?post=6888"}],"curies":[{"name":"wp","href":"https:\/\/api.w.org\/{rel}","templated":true}]}}