{"id":6894,"date":"2023-11-10T12:07:47","date_gmt":"2023-11-10T12:07:47","guid":{"rendered":"https:\/\/botiga.saiga.es\/producte\/doseur-qp-invernaje\/"},"modified":"2023-11-10T12:07:47","modified_gmt":"2023-11-10T12:07:47","slug":"doseur-qp-invernaje","status":"publish","type":"product","link":"https:\/\/saiga.es\/fr\/produit\/doseur-qp-invernaje\/","title":{"rendered":"Doseur QP Invernaje"},"content":{"rendered":"<p>Distributeur automatique QP hivernage, pour le traitement d&rsquo;hivernage complet de l&rsquo;eau de piscine. Ne contient qu&rsquo;un seul produit, la chloration de l&rsquo;eau. Sa fonction est de pr\u00e9venir les algues et les bact\u00e9ries. De plus, il a une fonction floculante et clarifiante pour l\u2019eau. C&rsquo;est un produit durable, tr\u00e8s facile et confortable \u00e0 utiliser.<br \/>\nAvant d&rsquo;utiliser le produit, il est n\u00e9cessaire d&rsquo;ajuster le pH entre 7,2 et 7,6. Vous n&rsquo;aurez qu&rsquo;\u00e0 couper la rang\u00e9e de sorties des deux c\u00f4t\u00e9s du distributeur et \u00e0 l&rsquo;ins\u00e9rer dans votre piscine.<br \/>\nIl ne peut pas \u00eatre rempli. Trouvez plus de produits pour entretenir votre piscine en hiver en visitant notre magasin physique et notre site Internet.<\/p>\n","protected":false},"excerpt":{"rendered":"<p>Distributeur automatique QP hivernage, pour le traitement d&rsquo;hivernage complet de l&rsquo;eau de piscine. Ne contient qu&rsquo;un seul produit, la chloration de l&rsquo;eau. Sa fonction est de pr\u00e9venir les algues et les bact\u00e9ries. De plus, il a une fonction floculante et clarifiante pour l\u2019eau. C&rsquo;est un produit durable, tr\u00e8s facile et confortable \u00e0 utiliser. Avant d&rsquo;utiliser&#8230;<\/p>\n","protected":false},"featured_media":14740,"comment_status":"closed","ping_status":"closed","template":"","meta":[],"product_brand":[],"product_cat":[453],"product_tag":[2137,1271,1242],"class_list":{"0":"post-6894","1":"product","2":"type-product","3":"status-publish","4":"has-post-thumbnail","6":"product_cat-produits-pour-piscines","7":"product_tag-entretien-de-piscine","8":"product_tag-piscine","9":"product_tag-piscines-fr","11":"first","12":"instock","13":"sale","14":"taxable","15":"shipping-taxable","16":"purchasable","17":"product-type-simple"},"yoast_head":"<!-- This site is optimized with the Yoast SEO plugin v27.4 - https:\/\/yoast.com\/product\/yoast-seo-wordpress\/ -->\n<title>Doseur QP Invernaje | SAIGA<\/title>\n<meta name=\"description\" content=\"Distributeur automatique QP hivernage, pour le traitement d&#039;hivernage complet de l&#039;eau de piscine. Ne contient qu&#039;un seul produit, la chloration de l&#039;eau.\" \/>\n<meta name=\"robots\" content=\"index, follow, max-snippet:-1, max-image-preview:large, max-video-preview:-1\" \/>\n<link rel=\"canonical\" href=\"https:\/\/saiga.es\/fr\/produit\/doseur-qp-invernaje\/\" \/>\n<meta property=\"og:locale\" content=\"fr_FR\" \/>\n<meta property=\"og:type\" content=\"article\" \/>\n<meta property=\"og:title\" content=\"Doseur QP Invernaje | SAIGA\" \/>\n<meta property=\"og:description\" content=\"Distributeur automatique QP hivernage, pour le traitement d&#039;hivernage complet de l&#039;eau de piscine. Ne contient qu&#039;un seul produit, la chloration de l&#039;eau.\" \/>\n<meta property=\"og:url\" content=\"https:\/\/saiga.es\/fr\/produit\/doseur-qp-invernaje\/\" \/>\n<meta property=\"og:site_name\" content=\"SAIGA\" \/>\n<meta property=\"og:image\" content=\"https:\/\/saiga.es\/wp-content\/uploads\/2023\/11\/Invernaje.jpg\" \/>\n\t<meta property=\"og:image:width\" content=\"1080\" \/>\n\t<meta property=\"og:image:height\" content=\"1080\" \/>\n\t<meta property=\"og:image:type\" content=\"image\/jpeg\" \/>\n<meta name=\"twitter:card\" content=\"summary_large_image\" \/>\n<meta name=\"twitter:site\" content=\"@saiga_agro\" \/>\n<meta name=\"twitter:label1\" content=\"Dur\u00e9e de lecture estim\u00e9e\" \/>\n\t<meta name=\"twitter:data1\" content=\"1 minute\" \/>\n<script type=\"application\/ld+json\" class=\"yoast-schema-graph\">{\"@context\":\"https:\\\/\\\/schema.org\",\"@graph\":[{\"@type\":\"WebPage\",\"@id\":\"https:\\\/\\\/saiga.es\\\/fr\\\/produit\\\/doseur-qp-invernaje\\\/\",\"url\":\"https:\\\/\\\/saiga.es\\\/fr\\\/produit\\\/doseur-qp-invernaje\\\/\",\"name\":\"Doseur QP Invernaje | SAIGA\",\"isPartOf\":{\"@id\":\"https:\\\/\\\/saiga.es\\\/fr\\\/#website\"},\"primaryImageOfPage\":{\"@id\":\"https:\\\/\\\/saiga.es\\\/fr\\\/produit\\\/doseur-qp-invernaje\\\/#primaryimage\"},\"image\":{\"@id\":\"https:\\\/\\\/saiga.es\\\/fr\\\/produit\\\/doseur-qp-invernaje\\\/#primaryimage\"},\"thumbnailUrl\":\"https:\\\/\\\/saiga.es\\\/wp-content\\\/uploads\\\/2023\\\/11\\\/Invernaje.jpg\",\"datePublished\":\"2023-11-10T12:07:47+00:00\",\"description\":\"Distributeur automatique QP hivernage, pour le traitement d'hivernage complet de l'eau de piscine. Ne contient qu'un seul produit, la chloration de l'eau.\",\"breadcrumb\":{\"@id\":\"https:\\\/\\\/saiga.es\\\/fr\\\/produit\\\/doseur-qp-invernaje\\\/#breadcrumb\"},\"inLanguage\":\"fr-FR\",\"potentialAction\":[{\"@type\":\"ReadAction\",\"target\":[\"https:\\\/\\\/saiga.es\\\/fr\\\/produit\\\/doseur-qp-invernaje\\\/\"]}]},{\"@type\":\"ImageObject\",\"inLanguage\":\"fr-FR\",\"@id\":\"https:\\\/\\\/saiga.es\\\/fr\\\/produit\\\/doseur-qp-invernaje\\\/#primaryimage\",\"url\":\"https:\\\/\\\/saiga.es\\\/wp-content\\\/uploads\\\/2023\\\/11\\\/Invernaje.jpg\",\"contentUrl\":\"https:\\\/\\\/saiga.es\\\/wp-content\\\/uploads\\\/2023\\\/11\\\/Invernaje.jpg\",\"width\":1080,\"height\":1080,\"caption\":\"Invernaje\"},{\"@type\":\"BreadcrumbList\",\"@id\":\"https:\\\/\\\/saiga.es\\\/fr\\\/produit\\\/doseur-qp-invernaje\\\/#breadcrumb\",\"itemListElement\":[{\"@type\":\"ListItem\",\"position\":1,\"name\":\"Inici\",\"item\":\"https:\\\/\\\/saiga.es\\\/fr\\\/\"},{\"@type\":\"ListItem\",\"position\":2,\"name\":\"boutique\",\"item\":\"https:\\\/\\\/saiga.es\\\/fr\\\/boutique\\\/\"},{\"@type\":\"ListItem\",\"position\":3,\"name\":\"Doseur QP Invernaje\"}]},{\"@type\":\"WebSite\",\"@id\":\"https:\\\/\\\/saiga.es\\\/fr\\\/#website\",\"url\":\"https:\\\/\\\/saiga.es\\\/fr\\\/\",\"name\":\"SAIGA\",\"description\":\"M\u00e9s de 50 anys al servei de la terra i treballant per a un \u00fas eficient de l\u2019aigua!\",\"publisher\":{\"@id\":\"https:\\\/\\\/saiga.es\\\/fr\\\/#organization\"},\"potentialAction\":[{\"@type\":\"SearchAction\",\"target\":{\"@type\":\"EntryPoint\",\"urlTemplate\":\"https:\\\/\\\/saiga.es\\\/fr\\\/?s={search_term_string}\"},\"query-input\":{\"@type\":\"PropertyValueSpecification\",\"valueRequired\":true,\"valueName\":\"search_term_string\"}}],\"inLanguage\":\"fr-FR\"},{\"@type\":\"Organization\",\"@id\":\"https:\\\/\\\/saiga.es\\\/fr\\\/#organization\",\"name\":\"SAIGA\",\"url\":\"https:\\\/\\\/saiga.es\\\/fr\\\/\",\"logo\":{\"@type\":\"ImageObject\",\"inLanguage\":\"fr-FR\",\"@id\":\"https:\\\/\\\/saiga.es\\\/fr\\\/#\\\/schema\\\/logo\\\/image\\\/\",\"url\":\"https:\\\/\\\/saiga.es\\\/wp-content\\\/uploads\\\/2025\\\/07\\\/logo_saiga_baseline_optimitzat.svg\",\"contentUrl\":\"https:\\\/\\\/saiga.es\\\/wp-content\\\/uploads\\\/2025\\\/07\\\/logo_saiga_baseline_optimitzat.svg\",\"caption\":\"SAIGA\"},\"image\":{\"@id\":\"https:\\\/\\\/saiga.es\\\/fr\\\/#\\\/schema\\\/logo\\\/image\\\/\"},\"sameAs\":[\"https:\\\/\\\/x.com\\\/saiga_agro\",\"https:\\\/\\\/www.instagram.com\\\/saiga_agro\\\/\"]}]}<\/script>\n<!-- \/ Yoast SEO plugin. -->","yoast_head_json":{"title":"Doseur QP Invernaje | SAIGA","description":"Distributeur automatique QP hivernage, pour le traitement d'hivernage complet de l'eau de piscine. Ne contient qu'un seul produit, la chloration de l'eau.","robots":{"index":"index","follow":"follow","max-snippet":"max-snippet:-1","max-image-preview":"max-image-preview:large","max-video-preview":"max-video-preview:-1"},"canonical":"https:\/\/saiga.es\/fr\/produit\/doseur-qp-invernaje\/","og_locale":"fr_FR","og_type":"article","og_title":"Doseur QP Invernaje | SAIGA","og_description":"Distributeur automatique QP hivernage, pour le traitement d'hivernage complet de l'eau de piscine. Ne contient qu'un seul produit, la chloration de l'eau.","og_url":"https:\/\/saiga.es\/fr\/produit\/doseur-qp-invernaje\/","og_site_name":"SAIGA","og_image":[{"width":1080,"height":1080,"url":"https:\/\/saiga.es\/wp-content\/uploads\/2023\/11\/Invernaje.jpg","type":"image\/jpeg"}],"twitter_card":"summary_large_image","twitter_site":"@saiga_agro","twitter_misc":{"Dur\u00e9e de lecture estim\u00e9e":"1 minute"},"schema":{"@context":"https:\/\/schema.org","@graph":[{"@type":"WebPage","@id":"https:\/\/saiga.es\/fr\/produit\/doseur-qp-invernaje\/","url":"https:\/\/saiga.es\/fr\/produit\/doseur-qp-invernaje\/","name":"Doseur QP Invernaje | SAIGA","isPartOf":{"@id":"https:\/\/saiga.es\/fr\/#website"},"primaryImageOfPage":{"@id":"https:\/\/saiga.es\/fr\/produit\/doseur-qp-invernaje\/#primaryimage"},"image":{"@id":"https:\/\/saiga.es\/fr\/produit\/doseur-qp-invernaje\/#primaryimage"},"thumbnailUrl":"https:\/\/saiga.es\/wp-content\/uploads\/2023\/11\/Invernaje.jpg","datePublished":"2023-11-10T12:07:47+00:00","description":"Distributeur automatique QP hivernage, pour le traitement d'hivernage complet de l'eau de piscine. Ne contient qu'un seul produit, la chloration de l'eau.","breadcrumb":{"@id":"https:\/\/saiga.es\/fr\/produit\/doseur-qp-invernaje\/#breadcrumb"},"inLanguage":"fr-FR","potentialAction":[{"@type":"ReadAction","target":["https:\/\/saiga.es\/fr\/produit\/doseur-qp-invernaje\/"]}]},{"@type":"ImageObject","inLanguage":"fr-FR","@id":"https:\/\/saiga.es\/fr\/produit\/doseur-qp-invernaje\/#primaryimage","url":"https:\/\/saiga.es\/wp-content\/uploads\/2023\/11\/Invernaje.jpg","contentUrl":"https:\/\/saiga.es\/wp-content\/uploads\/2023\/11\/Invernaje.jpg","width":1080,"height":1080,"caption":"Invernaje"},{"@type":"BreadcrumbList","@id":"https:\/\/saiga.es\/fr\/produit\/doseur-qp-invernaje\/#breadcrumb","itemListElement":[{"@type":"ListItem","position":1,"name":"Inici","item":"https:\/\/saiga.es\/fr\/"},{"@type":"ListItem","position":2,"name":"boutique","item":"https:\/\/saiga.es\/fr\/boutique\/"},{"@type":"ListItem","position":3,"name":"Doseur QP Invernaje"}]},{"@type":"WebSite","@id":"https:\/\/saiga.es\/fr\/#website","url":"https:\/\/saiga.es\/fr\/","name":"SAIGA","description":"M\u00e9s de 50 anys al servei de la terra i treballant per a un \u00fas eficient de l\u2019aigua!","publisher":{"@id":"https:\/\/saiga.es\/fr\/#organization"},"potentialAction":[{"@type":"SearchAction","target":{"@type":"EntryPoint","urlTemplate":"https:\/\/saiga.es\/fr\/?s={search_term_string}"},"query-input":{"@type":"PropertyValueSpecification","valueRequired":true,"valueName":"search_term_string"}}],"inLanguage":"fr-FR"},{"@type":"Organization","@id":"https:\/\/saiga.es\/fr\/#organization","name":"SAIGA","url":"https:\/\/saiga.es\/fr\/","logo":{"@type":"ImageObject","inLanguage":"fr-FR","@id":"https:\/\/saiga.es\/fr\/#\/schema\/logo\/image\/","url":"https:\/\/saiga.es\/wp-content\/uploads\/2025\/07\/logo_saiga_baseline_optimitzat.svg","contentUrl":"https:\/\/saiga.es\/wp-content\/uploads\/2025\/07\/logo_saiga_baseline_optimitzat.svg","caption":"SAIGA"},"image":{"@id":"https:\/\/saiga.es\/fr\/#\/schema\/logo\/image\/"},"sameAs":["https:\/\/x.com\/saiga_agro","https:\/\/www.instagram.com\/saiga_agro\/"]}]}},"_links":{"self":[{"href":"https:\/\/saiga.es\/fr\/wp-json\/wp\/v2\/product\/6894","targetHints":{"allow":["GET"]}}],"collection":[{"href":"https:\/\/saiga.es\/fr\/wp-json\/wp\/v2\/product"}],"about":[{"href":"https:\/\/saiga.es\/fr\/wp-json\/wp\/v2\/types\/product"}],"replies":[{"embeddable":true,"href":"https:\/\/saiga.es\/fr\/wp-json\/wp\/v2\/comments?post=6894"}],"wp:featuredmedia":[{"embeddable":true,"href":"https:\/\/saiga.es\/fr\/wp-json\/wp\/v2\/media\/14740"}],"wp:attachment":[{"href":"https:\/\/saiga.es\/fr\/wp-json\/wp\/v2\/media?parent=6894"}],"wp:term":[{"taxonomy":"product_brand","embeddable":true,"href":"https:\/\/saiga.es\/fr\/wp-json\/wp\/v2\/product_brand?post=6894"},{"taxonomy":"product_cat","embeddable":true,"href":"https:\/\/saiga.es\/fr\/wp-json\/wp\/v2\/product_cat?post=6894"},{"taxonomy":"product_tag","embeddable":true,"href":"https:\/\/saiga.es\/fr\/wp-json\/wp\/v2\/product_tag?post=6894"}],"curies":[{"name":"wp","href":"https:\/\/api.w.org\/{rel}","templated":true}]}}