{"id":6929,"date":"2024-01-23T08:49:02","date_gmt":"2024-01-23T08:49:02","guid":{"rendered":"https:\/\/botiga.saiga.es\/producte\/rouleau-de-grillage-a-envelopper-2-x-100-m\/"},"modified":"2025-09-15T10:15:48","modified_gmt":"2025-09-15T10:15:48","slug":"rouleau-de-grillage-a-envelopper-2-x-100-m","status":"publish","type":"product","link":"https:\/\/saiga.es\/fr\/produit\/rouleau-de-grillage-a-envelopper-2-x-100-m\/","title":{"rendered":"Rouleau de maille pour le soutien"},"content":{"rendered":"<p>&nbsp;<\/p>\n<p>Le filet de treillage Trellinet Nortene 2 \u00d7 100 m est la solution id\u00e9ale pour guider et tuteurer les plantes grimpantes et les l\u00e9gumes, comme les haricots, les tomates, les poivrons, les pois ou les fraisiers. Gr\u00e2ce \u00e0 sa conception, il permet de maintenir l&rsquo;ordre de la culture et d&rsquo;assurer un soutien stable tout au long de la croissance. De plus, il est fabriqu\u00e9 en polypropyl\u00e8ne extrud\u00e9 haute r\u00e9sistance et b\u00e9n\u00e9ficie d&rsquo;un traitement anti-UV, garantissant une longue dur\u00e9e de vie et des performances optimales en ext\u00e9rieur.  <\/p>\n<h4>Avantages cl\u00e9s :<\/h4>\n<ul>\n<li>Premi\u00e8rement, il facilite la croissance verticale, r\u00e9duisant le travail et am\u00e9liorant l\u2019a\u00e9ration.<\/li>\n<li>De plus, il poss\u00e8de une structure robuste et l\u00e9g\u00e8re, avec un poids approximatif de 2 kg pour le rouleau de 2 \u00d7 100 m.<\/li>\n<li>Il comprend \u00e9galement des carr\u00e9s de 20 \u00d7 20 cm, qui offrent des points d&rsquo;attache naturels pour les plantes.<\/li>\n<li>En revanche, son installation est simple, que ce soit sur piquets ou sur tiges, en disposition verticale ou horizontale.<\/li>\n<li>Enfin, il offre une grande polyvalence d&rsquo;applications, car il convient aussi bien \u00e0 la culture domestique qu&rsquo;aux exploitations professionnelles.<\/li>\n<\/ul>\n<h4>Sp\u00e9cifications techniques :<\/h4>\n<p>En ce qui concerne les tailles, le rouleau a des dimensions de 2 \u00d7 100 m, bien qu&rsquo;il puisse \u00e9galement \u00eatre trouv\u00e9 dans d&rsquo;autres formats : 1 \u00d7 5 m, 2 \u00d7 10 m, 2 \u00d7 25 m et 2 \u00d7 500 m.<br \/>\nQuant au mat\u00e9riau, il est compos\u00e9 de polypropyl\u00e8ne extrud\u00e9 avec stabilisateur UV.<br \/>\nQuant aux ouvertures, elles sont principalement de 20 \u00d7 20 cm, bien qu&rsquo;il existe l&rsquo;option de 12,5 \u00d7 12,5 cm.<br \/>\nLe poids du rouleau de 2 \u00d7 100 m est d&rsquo;environ 2 kg.<\/p>\n<h4>Applications recommand\u00e9es :<\/h4>\n<p>Dans le domaine horticole, il est id\u00e9al pour tuteurer les tomates, les pois, les haricots, les poivrons, les fraises et bien d&rsquo;autres l\u00e9gumes.<br \/>\nDe plus, il est parfaitement adapt\u00e9 \u00e0 la culture dans des espaces verticaux, des serres ou des vergers qui n\u00e9cessitent une meilleure organisation.<br \/>\nC&rsquo;est donc une option tr\u00e8s int\u00e9ressante aussi bien pour les cultivateurs professionnels que pour les jardins familiaux qui n\u00e9cessitent un support de croissance fiable.<\/p>\n","protected":false},"excerpt":{"rendered":"<p>Filet de treillage Trellinet Nortene 2 \u00d7 100 m : id\u00e9al pour guider les tomates, les petits pois et les l\u00e9gumes. R\u00e9sistant aux UV, facile \u00e0 installer et tr\u00e8s durable. <\/p>\n","protected":false},"featured_media":10135,"comment_status":"closed","ping_status":"closed","template":"","meta":[],"product_brand":[2224],"product_cat":[487],"product_tag":[643,915,2292],"class_list":{"0":"post-6929","1":"product","2":"type-product","3":"status-publish","4":"has-post-thumbnail","6":"product_brand-nortene-fr-2","7":"product_cat-semelle-interieure-en-maille","8":"product_tag-il-beneficie-dun-traitement-anti-uv","9":"product_tag-maille","10":"product_tag-maille-de-treillis","12":"first","13":"instock","14":"taxable","15":"shipping-taxable","16":"purchasable","17":"product-type-variable"},"yoast_head":"<!-- This site is optimized with the Yoast SEO plugin v27.3 - https:\/\/yoast.com\/product\/yoast-seo-wordpress\/ -->\n<title>Rouleau de maille pour le soutien | SAIGA<\/title>\n<meta name=\"description\" content=\"Le rouleau de filet treillis est con\u00e7u en polypropyl\u00e8ne extrud\u00e9 et doit \u00eatre fix\u00e9 avec des piquets plac\u00e9s dans les plantations.\" \/>\n<meta name=\"robots\" content=\"index, follow, max-snippet:-1, max-image-preview:large, max-video-preview:-1\" \/>\n<link rel=\"canonical\" href=\"https:\/\/saiga.es\/fr\/produit\/rouleau-de-grillage-a-envelopper-2-x-100-m\/\" \/>\n<meta property=\"og:locale\" content=\"fr_FR\" \/>\n<meta property=\"og:type\" content=\"article\" \/>\n<meta property=\"og:title\" content=\"Rouleau de maille pour le soutien | SAIGA\" \/>\n<meta property=\"og:description\" content=\"Le rouleau de filet treillis est con\u00e7u en polypropyl\u00e8ne extrud\u00e9 et doit \u00eatre fix\u00e9 avec des piquets plac\u00e9s dans les plantations.\" \/>\n<meta property=\"og:url\" content=\"https:\/\/saiga.es\/fr\/produit\/rouleau-de-grillage-a-envelopper-2-x-100-m\/\" \/>\n<meta property=\"og:site_name\" content=\"SAIGA\" \/>\n<meta property=\"article:modified_time\" content=\"2025-09-15T10:15:48+00:00\" \/>\n<meta property=\"og:image\" content=\"https:\/\/saiga.es\/wp-content\/uploads\/2024\/05\/Malla-dentutorar-aut.jpg\" \/>\n\t<meta property=\"og:image:width\" content=\"800\" \/>\n\t<meta property=\"og:image:height\" content=\"800\" \/>\n\t<meta property=\"og:image:type\" content=\"image\/jpeg\" \/>\n<meta name=\"twitter:card\" content=\"summary_large_image\" \/>\n<meta name=\"twitter:site\" content=\"@saiga_agro\" \/>\n<meta name=\"twitter:label1\" content=\"Dur\u00e9e de lecture estim\u00e9e\" \/>\n\t<meta name=\"twitter:data1\" content=\"2 minutes\" \/>\n<script type=\"application\/ld+json\" class=\"yoast-schema-graph\">{\"@context\":\"https:\\\/\\\/schema.org\",\"@graph\":[{\"@type\":\"WebPage\",\"@id\":\"https:\\\/\\\/saiga.es\\\/fr\\\/produit\\\/rouleau-de-grillage-a-envelopper-2-x-100-m\\\/\",\"url\":\"https:\\\/\\\/saiga.es\\\/fr\\\/produit\\\/rouleau-de-grillage-a-envelopper-2-x-100-m\\\/\",\"name\":\"Rouleau de maille pour le soutien | SAIGA\",\"isPartOf\":{\"@id\":\"https:\\\/\\\/saiga.es\\\/fr\\\/#website\"},\"primaryImageOfPage\":{\"@id\":\"https:\\\/\\\/saiga.es\\\/fr\\\/produit\\\/rouleau-de-grillage-a-envelopper-2-x-100-m\\\/#primaryimage\"},\"image\":{\"@id\":\"https:\\\/\\\/saiga.es\\\/fr\\\/produit\\\/rouleau-de-grillage-a-envelopper-2-x-100-m\\\/#primaryimage\"},\"thumbnailUrl\":\"https:\\\/\\\/saiga.es\\\/wp-content\\\/uploads\\\/2024\\\/05\\\/Malla-dentutorar-aut.jpg\",\"datePublished\":\"2024-01-23T08:49:02+00:00\",\"dateModified\":\"2025-09-15T10:15:48+00:00\",\"description\":\"Le rouleau de filet treillis est con\u00e7u en polypropyl\u00e8ne extrud\u00e9 et doit \u00eatre fix\u00e9 avec des piquets plac\u00e9s dans les plantations.\",\"breadcrumb\":{\"@id\":\"https:\\\/\\\/saiga.es\\\/fr\\\/produit\\\/rouleau-de-grillage-a-envelopper-2-x-100-m\\\/#breadcrumb\"},\"inLanguage\":\"fr-FR\",\"potentialAction\":[{\"@type\":\"ReadAction\",\"target\":[\"https:\\\/\\\/saiga.es\\\/fr\\\/produit\\\/rouleau-de-grillage-a-envelopper-2-x-100-m\\\/\"]}]},{\"@type\":\"ImageObject\",\"inLanguage\":\"fr-FR\",\"@id\":\"https:\\\/\\\/saiga.es\\\/fr\\\/produit\\\/rouleau-de-grillage-a-envelopper-2-x-100-m\\\/#primaryimage\",\"url\":\"https:\\\/\\\/saiga.es\\\/wp-content\\\/uploads\\\/2024\\\/05\\\/Malla-dentutorar-aut.jpg\",\"contentUrl\":\"https:\\\/\\\/saiga.es\\\/wp-content\\\/uploads\\\/2024\\\/05\\\/Malla-dentutorar-aut.jpg\",\"width\":800,\"height\":800,\"caption\":\"Maille pour doublage\"},{\"@type\":\"BreadcrumbList\",\"@id\":\"https:\\\/\\\/saiga.es\\\/fr\\\/produit\\\/rouleau-de-grillage-a-envelopper-2-x-100-m\\\/#breadcrumb\",\"itemListElement\":[{\"@type\":\"ListItem\",\"position\":1,\"name\":\"Inici\",\"item\":\"https:\\\/\\\/saiga.es\\\/fr\\\/\"},{\"@type\":\"ListItem\",\"position\":2,\"name\":\"boutique\",\"item\":\"https:\\\/\\\/saiga.es\\\/fr\\\/boutique\\\/\"},{\"@type\":\"ListItem\",\"position\":3,\"name\":\"Rouleau de maille pour le soutien\"}]},{\"@type\":\"WebSite\",\"@id\":\"https:\\\/\\\/saiga.es\\\/fr\\\/#website\",\"url\":\"https:\\\/\\\/saiga.es\\\/fr\\\/\",\"name\":\"SAIGA\",\"description\":\"M\u00e9s de 50 anys al servei de la terra i treballant per a un \u00fas eficient de l\u2019aigua!\",\"publisher\":{\"@id\":\"https:\\\/\\\/saiga.es\\\/fr\\\/#organization\"},\"potentialAction\":[{\"@type\":\"SearchAction\",\"target\":{\"@type\":\"EntryPoint\",\"urlTemplate\":\"https:\\\/\\\/saiga.es\\\/fr\\\/?s={search_term_string}\"},\"query-input\":{\"@type\":\"PropertyValueSpecification\",\"valueRequired\":true,\"valueName\":\"search_term_string\"}}],\"inLanguage\":\"fr-FR\"},{\"@type\":\"Organization\",\"@id\":\"https:\\\/\\\/saiga.es\\\/fr\\\/#organization\",\"name\":\"SAIGA\",\"url\":\"https:\\\/\\\/saiga.es\\\/fr\\\/\",\"logo\":{\"@type\":\"ImageObject\",\"inLanguage\":\"fr-FR\",\"@id\":\"https:\\\/\\\/saiga.es\\\/fr\\\/#\\\/schema\\\/logo\\\/image\\\/\",\"url\":\"https:\\\/\\\/saiga.es\\\/wp-content\\\/uploads\\\/2025\\\/07\\\/logo_saiga_baseline_optimitzat.svg\",\"contentUrl\":\"https:\\\/\\\/saiga.es\\\/wp-content\\\/uploads\\\/2025\\\/07\\\/logo_saiga_baseline_optimitzat.svg\",\"caption\":\"SAIGA\"},\"image\":{\"@id\":\"https:\\\/\\\/saiga.es\\\/fr\\\/#\\\/schema\\\/logo\\\/image\\\/\"},\"sameAs\":[\"https:\\\/\\\/x.com\\\/saiga_agro\",\"https:\\\/\\\/www.instagram.com\\\/saiga_agro\\\/\"]}]}<\/script>\n<!-- \/ Yoast SEO plugin. -->","yoast_head_json":{"title":"Rouleau de maille pour le soutien | SAIGA","description":"Le rouleau de filet treillis est con\u00e7u en polypropyl\u00e8ne extrud\u00e9 et doit \u00eatre fix\u00e9 avec des piquets plac\u00e9s dans les plantations.","robots":{"index":"index","follow":"follow","max-snippet":"max-snippet:-1","max-image-preview":"max-image-preview:large","max-video-preview":"max-video-preview:-1"},"canonical":"https:\/\/saiga.es\/fr\/produit\/rouleau-de-grillage-a-envelopper-2-x-100-m\/","og_locale":"fr_FR","og_type":"article","og_title":"Rouleau de maille pour le soutien | SAIGA","og_description":"Le rouleau de filet treillis est con\u00e7u en polypropyl\u00e8ne extrud\u00e9 et doit \u00eatre fix\u00e9 avec des piquets plac\u00e9s dans les plantations.","og_url":"https:\/\/saiga.es\/fr\/produit\/rouleau-de-grillage-a-envelopper-2-x-100-m\/","og_site_name":"SAIGA","article_modified_time":"2025-09-15T10:15:48+00:00","og_image":[{"width":800,"height":800,"url":"https:\/\/saiga.es\/wp-content\/uploads\/2024\/05\/Malla-dentutorar-aut.jpg","type":"image\/jpeg"}],"twitter_card":"summary_large_image","twitter_site":"@saiga_agro","twitter_misc":{"Dur\u00e9e de lecture estim\u00e9e":"2 minutes"},"schema":{"@context":"https:\/\/schema.org","@graph":[{"@type":"WebPage","@id":"https:\/\/saiga.es\/fr\/produit\/rouleau-de-grillage-a-envelopper-2-x-100-m\/","url":"https:\/\/saiga.es\/fr\/produit\/rouleau-de-grillage-a-envelopper-2-x-100-m\/","name":"Rouleau de maille pour le soutien | SAIGA","isPartOf":{"@id":"https:\/\/saiga.es\/fr\/#website"},"primaryImageOfPage":{"@id":"https:\/\/saiga.es\/fr\/produit\/rouleau-de-grillage-a-envelopper-2-x-100-m\/#primaryimage"},"image":{"@id":"https:\/\/saiga.es\/fr\/produit\/rouleau-de-grillage-a-envelopper-2-x-100-m\/#primaryimage"},"thumbnailUrl":"https:\/\/saiga.es\/wp-content\/uploads\/2024\/05\/Malla-dentutorar-aut.jpg","datePublished":"2024-01-23T08:49:02+00:00","dateModified":"2025-09-15T10:15:48+00:00","description":"Le rouleau de filet treillis est con\u00e7u en polypropyl\u00e8ne extrud\u00e9 et doit \u00eatre fix\u00e9 avec des piquets plac\u00e9s dans les plantations.","breadcrumb":{"@id":"https:\/\/saiga.es\/fr\/produit\/rouleau-de-grillage-a-envelopper-2-x-100-m\/#breadcrumb"},"inLanguage":"fr-FR","potentialAction":[{"@type":"ReadAction","target":["https:\/\/saiga.es\/fr\/produit\/rouleau-de-grillage-a-envelopper-2-x-100-m\/"]}]},{"@type":"ImageObject","inLanguage":"fr-FR","@id":"https:\/\/saiga.es\/fr\/produit\/rouleau-de-grillage-a-envelopper-2-x-100-m\/#primaryimage","url":"https:\/\/saiga.es\/wp-content\/uploads\/2024\/05\/Malla-dentutorar-aut.jpg","contentUrl":"https:\/\/saiga.es\/wp-content\/uploads\/2024\/05\/Malla-dentutorar-aut.jpg","width":800,"height":800,"caption":"Maille pour doublage"},{"@type":"BreadcrumbList","@id":"https:\/\/saiga.es\/fr\/produit\/rouleau-de-grillage-a-envelopper-2-x-100-m\/#breadcrumb","itemListElement":[{"@type":"ListItem","position":1,"name":"Inici","item":"https:\/\/saiga.es\/fr\/"},{"@type":"ListItem","position":2,"name":"boutique","item":"https:\/\/saiga.es\/fr\/boutique\/"},{"@type":"ListItem","position":3,"name":"Rouleau de maille pour le soutien"}]},{"@type":"WebSite","@id":"https:\/\/saiga.es\/fr\/#website","url":"https:\/\/saiga.es\/fr\/","name":"SAIGA","description":"M\u00e9s de 50 anys al servei de la terra i treballant per a un \u00fas eficient de l\u2019aigua!","publisher":{"@id":"https:\/\/saiga.es\/fr\/#organization"},"potentialAction":[{"@type":"SearchAction","target":{"@type":"EntryPoint","urlTemplate":"https:\/\/saiga.es\/fr\/?s={search_term_string}"},"query-input":{"@type":"PropertyValueSpecification","valueRequired":true,"valueName":"search_term_string"}}],"inLanguage":"fr-FR"},{"@type":"Organization","@id":"https:\/\/saiga.es\/fr\/#organization","name":"SAIGA","url":"https:\/\/saiga.es\/fr\/","logo":{"@type":"ImageObject","inLanguage":"fr-FR","@id":"https:\/\/saiga.es\/fr\/#\/schema\/logo\/image\/","url":"https:\/\/saiga.es\/wp-content\/uploads\/2025\/07\/logo_saiga_baseline_optimitzat.svg","contentUrl":"https:\/\/saiga.es\/wp-content\/uploads\/2025\/07\/logo_saiga_baseline_optimitzat.svg","caption":"SAIGA"},"image":{"@id":"https:\/\/saiga.es\/fr\/#\/schema\/logo\/image\/"},"sameAs":["https:\/\/x.com\/saiga_agro","https:\/\/www.instagram.com\/saiga_agro\/"]}]}},"_links":{"self":[{"href":"https:\/\/saiga.es\/fr\/wp-json\/wp\/v2\/product\/6929","targetHints":{"allow":["GET"]}}],"collection":[{"href":"https:\/\/saiga.es\/fr\/wp-json\/wp\/v2\/product"}],"about":[{"href":"https:\/\/saiga.es\/fr\/wp-json\/wp\/v2\/types\/product"}],"replies":[{"embeddable":true,"href":"https:\/\/saiga.es\/fr\/wp-json\/wp\/v2\/comments?post=6929"}],"wp:featuredmedia":[{"embeddable":true,"href":"https:\/\/saiga.es\/fr\/wp-json\/wp\/v2\/media\/10135"}],"wp:attachment":[{"href":"https:\/\/saiga.es\/fr\/wp-json\/wp\/v2\/media?parent=6929"}],"wp:term":[{"taxonomy":"product_brand","embeddable":true,"href":"https:\/\/saiga.es\/fr\/wp-json\/wp\/v2\/product_brand?post=6929"},{"taxonomy":"product_cat","embeddable":true,"href":"https:\/\/saiga.es\/fr\/wp-json\/wp\/v2\/product_cat?post=6929"},{"taxonomy":"product_tag","embeddable":true,"href":"https:\/\/saiga.es\/fr\/wp-json\/wp\/v2\/product_tag?post=6929"}],"curies":[{"name":"wp","href":"https:\/\/api.w.org\/{rel}","templated":true}]}}