{"id":6934,"date":"2023-08-22T07:50:52","date_gmt":"2023-08-22T07:50:52","guid":{"rendered":"https:\/\/botiga.saiga.es\/producte\/maille-anti-herbe-marron-130-gr\/"},"modified":"2023-08-22T07:50:52","modified_gmt":"2023-08-22T07:50:52","slug":"maille-anti-herbe-marron-130-gr","status":"publish","type":"product","link":"https:\/\/saiga.es\/fr\/produit\/maille-anti-herbe-marron-130-gr\/","title":{"rendered":"Maille anti-herbe marron 130 gr."},"content":{"rendered":"<p>Le maille anti-mauvaises herbes est con\u00e7u pour emp\u00eacher les mauvaises herbes de p\u00e9n\u00e9trer dans la surface o\u00f9 il est plac\u00e9, ce qui contribue \u00e0 r\u00e9duire la concurrence des mauvaises herbes pour les nutriments, l&rsquo;eau et la lumi\u00e8re du soleil, ce qui profite \u00e0 son tour aux plantes d\u00e9sirables.<\/p>\n","protected":false},"excerpt":{"rendered":"<p>Le maille anti-mauvaises herbes est con\u00e7u pour emp\u00eacher les mauvaises herbes de p\u00e9n\u00e9trer dans la surface o\u00f9 il est plac\u00e9, ce qui contribue \u00e0 r\u00e9duire la concurrence des mauvaises herbes pour les nutriments, l&rsquo;eau et la lumi\u00e8re du soleil, ce qui profite \u00e0 son tour aux plantes d\u00e9sirables.<\/p>\n","protected":false},"featured_media":6935,"comment_status":"closed","ping_status":"closed","template":"","meta":[],"product_brand":[],"product_cat":[487],"product_tag":[],"class_list":{"0":"post-6934","1":"product","2":"type-product","3":"status-publish","4":"has-post-thumbnail","6":"product_cat-semelle-interieure-en-maille","8":"first","9":"instock","10":"taxable","11":"shipping-taxable","12":"purchasable","13":"product-type-simple"},"yoast_head":"<!-- This site is optimized with the Yoast SEO plugin v27.3 - https:\/\/yoast.com\/product\/yoast-seo-wordpress\/ -->\n<title>Maille anti-herbe marron 130 gr. | SAIGA<\/title>\n<meta name=\"description\" content=\"Le maillage anti-mauvaises herbes est con\u00e7u pour emp\u00eacher les mauvaises herbes de p\u00e9n\u00e9trer dans la surface et r\u00e9duire la comp\u00e9tition pour les nutriments, l&#039;eau et la lumi\u00e8re.\" \/>\n<meta name=\"robots\" content=\"index, follow, max-snippet:-1, max-image-preview:large, max-video-preview:-1\" \/>\n<link rel=\"canonical\" href=\"https:\/\/saiga.es\/fr\/produit\/maille-anti-herbe-marron-130-gr\/\" \/>\n<meta property=\"og:locale\" content=\"fr_FR\" \/>\n<meta property=\"og:type\" content=\"article\" \/>\n<meta property=\"og:title\" content=\"Maille anti-herbe marron 130 gr. | SAIGA\" \/>\n<meta property=\"og:description\" content=\"Le maillage anti-mauvaises herbes est con\u00e7u pour emp\u00eacher les mauvaises herbes de p\u00e9n\u00e9trer dans la surface et r\u00e9duire la comp\u00e9tition pour les nutriments, l&#039;eau et la lumi\u00e8re.\" \/>\n<meta property=\"og:url\" content=\"https:\/\/saiga.es\/fr\/produit\/maille-anti-herbe-marron-130-gr\/\" \/>\n<meta property=\"og:site_name\" content=\"SAIGA\" \/>\n<meta property=\"og:image\" content=\"https:\/\/saiga.es\/wp-content\/uploads\/2023\/08\/Malla-antiherna-marro.jpg\" \/>\n\t<meta property=\"og:image:width\" content=\"874\" \/>\n\t<meta property=\"og:image:height\" content=\"620\" \/>\n\t<meta property=\"og:image:type\" content=\"image\/jpeg\" \/>\n<meta name=\"twitter:card\" content=\"summary_large_image\" \/>\n<meta name=\"twitter:site\" content=\"@saiga_agro\" \/>\n<script type=\"application\/ld+json\" class=\"yoast-schema-graph\">{\"@context\":\"https:\\\/\\\/schema.org\",\"@graph\":[{\"@type\":\"WebPage\",\"@id\":\"https:\\\/\\\/saiga.es\\\/fr\\\/produit\\\/maille-anti-herbe-marron-130-gr\\\/\",\"url\":\"https:\\\/\\\/saiga.es\\\/fr\\\/produit\\\/maille-anti-herbe-marron-130-gr\\\/\",\"name\":\"Maille anti-herbe marron 130 gr. | SAIGA\",\"isPartOf\":{\"@id\":\"https:\\\/\\\/saiga.es\\\/fr\\\/#website\"},\"primaryImageOfPage\":{\"@id\":\"https:\\\/\\\/saiga.es\\\/fr\\\/produit\\\/maille-anti-herbe-marron-130-gr\\\/#primaryimage\"},\"image\":{\"@id\":\"https:\\\/\\\/saiga.es\\\/fr\\\/produit\\\/maille-anti-herbe-marron-130-gr\\\/#primaryimage\"},\"thumbnailUrl\":\"https:\\\/\\\/saiga.es\\\/wp-content\\\/uploads\\\/2023\\\/08\\\/Malla-antiherna-marro.jpg\",\"datePublished\":\"2023-08-22T07:50:52+00:00\",\"description\":\"Le maillage anti-mauvaises herbes est con\u00e7u pour emp\u00eacher les mauvaises herbes de p\u00e9n\u00e9trer dans la surface et r\u00e9duire la comp\u00e9tition pour les nutriments, l'eau et la lumi\u00e8re.\",\"breadcrumb\":{\"@id\":\"https:\\\/\\\/saiga.es\\\/fr\\\/produit\\\/maille-anti-herbe-marron-130-gr\\\/#breadcrumb\"},\"inLanguage\":\"fr-FR\",\"potentialAction\":[{\"@type\":\"ReadAction\",\"target\":[\"https:\\\/\\\/saiga.es\\\/fr\\\/produit\\\/maille-anti-herbe-marron-130-gr\\\/\"]}]},{\"@type\":\"ImageObject\",\"inLanguage\":\"fr-FR\",\"@id\":\"https:\\\/\\\/saiga.es\\\/fr\\\/produit\\\/maille-anti-herbe-marron-130-gr\\\/#primaryimage\",\"url\":\"https:\\\/\\\/saiga.es\\\/wp-content\\\/uploads\\\/2023\\\/08\\\/Malla-antiherna-marro.jpg\",\"contentUrl\":\"https:\\\/\\\/saiga.es\\\/wp-content\\\/uploads\\\/2023\\\/08\\\/Malla-antiherna-marro.jpg\",\"width\":874,\"height\":620},{\"@type\":\"BreadcrumbList\",\"@id\":\"https:\\\/\\\/saiga.es\\\/fr\\\/produit\\\/maille-anti-herbe-marron-130-gr\\\/#breadcrumb\",\"itemListElement\":[{\"@type\":\"ListItem\",\"position\":1,\"name\":\"Inici\",\"item\":\"https:\\\/\\\/saiga.es\\\/fr\\\/\"},{\"@type\":\"ListItem\",\"position\":2,\"name\":\"boutique\",\"item\":\"https:\\\/\\\/saiga.es\\\/fr\\\/boutique\\\/\"},{\"@type\":\"ListItem\",\"position\":3,\"name\":\"Maille anti-herbe marron 130 gr.\"}]},{\"@type\":\"WebSite\",\"@id\":\"https:\\\/\\\/saiga.es\\\/fr\\\/#website\",\"url\":\"https:\\\/\\\/saiga.es\\\/fr\\\/\",\"name\":\"SAIGA\",\"description\":\"M\u00e9s de 50 anys al servei de la terra i treballant per a un \u00fas eficient de l\u2019aigua!\",\"publisher\":{\"@id\":\"https:\\\/\\\/saiga.es\\\/fr\\\/#organization\"},\"potentialAction\":[{\"@type\":\"SearchAction\",\"target\":{\"@type\":\"EntryPoint\",\"urlTemplate\":\"https:\\\/\\\/saiga.es\\\/fr\\\/?s={search_term_string}\"},\"query-input\":{\"@type\":\"PropertyValueSpecification\",\"valueRequired\":true,\"valueName\":\"search_term_string\"}}],\"inLanguage\":\"fr-FR\"},{\"@type\":\"Organization\",\"@id\":\"https:\\\/\\\/saiga.es\\\/fr\\\/#organization\",\"name\":\"SAIGA\",\"url\":\"https:\\\/\\\/saiga.es\\\/fr\\\/\",\"logo\":{\"@type\":\"ImageObject\",\"inLanguage\":\"fr-FR\",\"@id\":\"https:\\\/\\\/saiga.es\\\/fr\\\/#\\\/schema\\\/logo\\\/image\\\/\",\"url\":\"https:\\\/\\\/saiga.es\\\/wp-content\\\/uploads\\\/2025\\\/07\\\/logo_saiga_baseline_optimitzat.svg\",\"contentUrl\":\"https:\\\/\\\/saiga.es\\\/wp-content\\\/uploads\\\/2025\\\/07\\\/logo_saiga_baseline_optimitzat.svg\",\"caption\":\"SAIGA\"},\"image\":{\"@id\":\"https:\\\/\\\/saiga.es\\\/fr\\\/#\\\/schema\\\/logo\\\/image\\\/\"},\"sameAs\":[\"https:\\\/\\\/x.com\\\/saiga_agro\",\"https:\\\/\\\/www.instagram.com\\\/saiga_agro\\\/\"]}]}<\/script>\n<!-- \/ Yoast SEO plugin. -->","yoast_head_json":{"title":"Maille anti-herbe marron 130 gr. | SAIGA","description":"Le maillage anti-mauvaises herbes est con\u00e7u pour emp\u00eacher les mauvaises herbes de p\u00e9n\u00e9trer dans la surface et r\u00e9duire la comp\u00e9tition pour les nutriments, l'eau et la lumi\u00e8re.","robots":{"index":"index","follow":"follow","max-snippet":"max-snippet:-1","max-image-preview":"max-image-preview:large","max-video-preview":"max-video-preview:-1"},"canonical":"https:\/\/saiga.es\/fr\/produit\/maille-anti-herbe-marron-130-gr\/","og_locale":"fr_FR","og_type":"article","og_title":"Maille anti-herbe marron 130 gr. | SAIGA","og_description":"Le maillage anti-mauvaises herbes est con\u00e7u pour emp\u00eacher les mauvaises herbes de p\u00e9n\u00e9trer dans la surface et r\u00e9duire la comp\u00e9tition pour les nutriments, l'eau et la lumi\u00e8re.","og_url":"https:\/\/saiga.es\/fr\/produit\/maille-anti-herbe-marron-130-gr\/","og_site_name":"SAIGA","og_image":[{"width":874,"height":620,"url":"https:\/\/saiga.es\/wp-content\/uploads\/2023\/08\/Malla-antiherna-marro.jpg","type":"image\/jpeg"}],"twitter_card":"summary_large_image","twitter_site":"@saiga_agro","schema":{"@context":"https:\/\/schema.org","@graph":[{"@type":"WebPage","@id":"https:\/\/saiga.es\/fr\/produit\/maille-anti-herbe-marron-130-gr\/","url":"https:\/\/saiga.es\/fr\/produit\/maille-anti-herbe-marron-130-gr\/","name":"Maille anti-herbe marron 130 gr. | SAIGA","isPartOf":{"@id":"https:\/\/saiga.es\/fr\/#website"},"primaryImageOfPage":{"@id":"https:\/\/saiga.es\/fr\/produit\/maille-anti-herbe-marron-130-gr\/#primaryimage"},"image":{"@id":"https:\/\/saiga.es\/fr\/produit\/maille-anti-herbe-marron-130-gr\/#primaryimage"},"thumbnailUrl":"https:\/\/saiga.es\/wp-content\/uploads\/2023\/08\/Malla-antiherna-marro.jpg","datePublished":"2023-08-22T07:50:52+00:00","description":"Le maillage anti-mauvaises herbes est con\u00e7u pour emp\u00eacher les mauvaises herbes de p\u00e9n\u00e9trer dans la surface et r\u00e9duire la comp\u00e9tition pour les nutriments, l'eau et la lumi\u00e8re.","breadcrumb":{"@id":"https:\/\/saiga.es\/fr\/produit\/maille-anti-herbe-marron-130-gr\/#breadcrumb"},"inLanguage":"fr-FR","potentialAction":[{"@type":"ReadAction","target":["https:\/\/saiga.es\/fr\/produit\/maille-anti-herbe-marron-130-gr\/"]}]},{"@type":"ImageObject","inLanguage":"fr-FR","@id":"https:\/\/saiga.es\/fr\/produit\/maille-anti-herbe-marron-130-gr\/#primaryimage","url":"https:\/\/saiga.es\/wp-content\/uploads\/2023\/08\/Malla-antiherna-marro.jpg","contentUrl":"https:\/\/saiga.es\/wp-content\/uploads\/2023\/08\/Malla-antiherna-marro.jpg","width":874,"height":620},{"@type":"BreadcrumbList","@id":"https:\/\/saiga.es\/fr\/produit\/maille-anti-herbe-marron-130-gr\/#breadcrumb","itemListElement":[{"@type":"ListItem","position":1,"name":"Inici","item":"https:\/\/saiga.es\/fr\/"},{"@type":"ListItem","position":2,"name":"boutique","item":"https:\/\/saiga.es\/fr\/boutique\/"},{"@type":"ListItem","position":3,"name":"Maille anti-herbe marron 130 gr."}]},{"@type":"WebSite","@id":"https:\/\/saiga.es\/fr\/#website","url":"https:\/\/saiga.es\/fr\/","name":"SAIGA","description":"M\u00e9s de 50 anys al servei de la terra i treballant per a un \u00fas eficient de l\u2019aigua!","publisher":{"@id":"https:\/\/saiga.es\/fr\/#organization"},"potentialAction":[{"@type":"SearchAction","target":{"@type":"EntryPoint","urlTemplate":"https:\/\/saiga.es\/fr\/?s={search_term_string}"},"query-input":{"@type":"PropertyValueSpecification","valueRequired":true,"valueName":"search_term_string"}}],"inLanguage":"fr-FR"},{"@type":"Organization","@id":"https:\/\/saiga.es\/fr\/#organization","name":"SAIGA","url":"https:\/\/saiga.es\/fr\/","logo":{"@type":"ImageObject","inLanguage":"fr-FR","@id":"https:\/\/saiga.es\/fr\/#\/schema\/logo\/image\/","url":"https:\/\/saiga.es\/wp-content\/uploads\/2025\/07\/logo_saiga_baseline_optimitzat.svg","contentUrl":"https:\/\/saiga.es\/wp-content\/uploads\/2025\/07\/logo_saiga_baseline_optimitzat.svg","caption":"SAIGA"},"image":{"@id":"https:\/\/saiga.es\/fr\/#\/schema\/logo\/image\/"},"sameAs":["https:\/\/x.com\/saiga_agro","https:\/\/www.instagram.com\/saiga_agro\/"]}]}},"_links":{"self":[{"href":"https:\/\/saiga.es\/fr\/wp-json\/wp\/v2\/product\/6934","targetHints":{"allow":["GET"]}}],"collection":[{"href":"https:\/\/saiga.es\/fr\/wp-json\/wp\/v2\/product"}],"about":[{"href":"https:\/\/saiga.es\/fr\/wp-json\/wp\/v2\/types\/product"}],"replies":[{"embeddable":true,"href":"https:\/\/saiga.es\/fr\/wp-json\/wp\/v2\/comments?post=6934"}],"wp:featuredmedia":[{"embeddable":true,"href":"https:\/\/saiga.es\/fr\/wp-json\/wp\/v2\/media\/6935"}],"wp:attachment":[{"href":"https:\/\/saiga.es\/fr\/wp-json\/wp\/v2\/media?parent=6934"}],"wp:term":[{"taxonomy":"product_brand","embeddable":true,"href":"https:\/\/saiga.es\/fr\/wp-json\/wp\/v2\/product_brand?post=6934"},{"taxonomy":"product_cat","embeddable":true,"href":"https:\/\/saiga.es\/fr\/wp-json\/wp\/v2\/product_cat?post=6934"},{"taxonomy":"product_tag","embeddable":true,"href":"https:\/\/saiga.es\/fr\/wp-json\/wp\/v2\/product_tag?post=6934"}],"curies":[{"name":"wp","href":"https:\/\/api.w.org\/{rel}","templated":true}]}}