{"id":7106,"date":"2024-02-09T07:46:02","date_gmt":"2024-02-09T07:46:02","guid":{"rendered":"https:\/\/botiga.saiga.es\/?post_type=product&#038;p=7106"},"modified":"2025-07-08T13:06:56","modified_gmt":"2025-07-08T13:06:56","slug":"ratribrom-blau-100gr-domestic-brodifacoum","status":"publish","type":"product","link":"https:\/\/saiga.es\/fr\/produit\/ratribrom-blau-100gr-domestic-brodifacoum\/","title":{"rendered":"Ratibrom blau (Brodifacoum)"},"content":{"rendered":"<p>Ratribrom blau dom\u00e8stic (Brodifacoum)<\/p>\n<p>Ratibrom, dissenyat espec\u00edficament com a raticida, ofereix una soluci\u00f3 efectiva per a l&rsquo;eliminaci\u00f3 de rosegadors com la rata de camp, ratolins, talps, la rata negra o la de claveguera.<\/p>\n<p>La diversitat de formats de raticida \u00e9s essencial per adaptar-se amb \u00e8xit a diversos entorns, incloent aquells amb pres\u00e8ncia d&rsquo;aigua i humitat, com a clavegueres i desguassos.<\/p>\n<p>Els nostres productes raticides s\u00f3n idonis per a instal\u00b7lacions ramaderes, industrials, aliment\u00e0ries i entorns dom\u00e8stics, proporcionant una soluci\u00f3 vers\u00e0til.<\/p>\n<p>Garantim una major seguretat amb la incorporaci\u00f3 d&rsquo;una subst\u00e0ncia amarga als nostres productes, evitant la ingesta per part d&rsquo;animals dom\u00e8stics o persones.<\/p>\n","protected":false},"excerpt":{"rendered":"<div class=\"flex flex-grow flex-col max-w-full\">\n<div class=\"min-h-[20px] text-message flex flex-col items-start gap-3 whitespace-pre-wrap break-words [.text-message+&amp;]:mt-5 overflow-x-auto\" data-message-author-role=\"assistant\" data-message-id=\"47b5baf9-afd9-45f5-b0b5-676de4b7cc79\">\n<div class=\"markdown prose w-full break-words dark:prose-invert light\">\n<p>Ratibrom \u00e9s un raticida efica\u00e7 per a l&rsquo;eliminaci\u00f3 de rosegadors en entorns diversos. Apte per a instal\u00b7lacions ramaderes, industrials, aliment\u00e0ries i dom\u00e8stiques, ofereix una soluci\u00f3 vers\u00e0til.<\/p>\n<\/div>\n<\/div>\n<\/div>\n<div class=\"mt-1 flex justify-start gap-3 empty:hidden\">\n<div class=\"text-gray-400 flex self-end lg:self-center justify-center lg:justify-start mt-0 -ml-1 visible\">\n<p>&nbsp;<\/p>\n<\/div>\n<\/div>\n","protected":false},"featured_media":11945,"comment_status":"open","ping_status":"closed","template":"","meta":[],"product_brand":[],"product_cat":[56],"product_tag":[745,746,758,759],"class_list":{"0":"post-7106","1":"product","2":"type-product","3":"status-publish","4":"has-post-thumbnail","6":"product_cat-sense-categoria","7":"product_tag-biocida","8":"product_tag-esquer","9":"product_tag-esquer-fresc","10":"product_tag-raticida-2","12":"first","13":"instock","14":"taxable","15":"shipping-taxable","16":"purchasable","17":"product-type-simple"},"yoast_head":"<!-- This site is optimized with the Yoast SEO plugin v27.4 - https:\/\/yoast.com\/product\/yoast-seo-wordpress\/ -->\n<title>Ratibrom blau (Brodifacoum) | SAIGA<\/title>\n<meta name=\"description\" content=\"Ratibrom \u00e9s un raticida efica\u00e7 per a l&#039;eliminaci\u00f3 de rosegadors en entorns diversos. Apte per a instal\u00b7lacions dom\u00e8stiques, ofereix una soluci\u00f3 vers\u00e0til.\u00a0\" \/>\n<meta name=\"robots\" content=\"index, follow, max-snippet:-1, max-image-preview:large, max-video-preview:-1\" \/>\n<link rel=\"canonical\" href=\"https:\/\/saiga.es\/fr\/produit\/ratribrom-blau-100gr-domestic-brodifacoum\/\" \/>\n<meta property=\"og:locale\" content=\"fr_FR\" \/>\n<meta property=\"og:type\" content=\"article\" \/>\n<meta property=\"og:title\" content=\"Ratibrom blau (Brodifacoum) | SAIGA\" \/>\n<meta property=\"og:description\" content=\"Ratibrom \u00e9s un raticida efica\u00e7 per a l&#039;eliminaci\u00f3 de rosegadors en entorns diversos. Apte per a instal\u00b7lacions dom\u00e8stiques, ofereix una soluci\u00f3 vers\u00e0til.\u00a0\" \/>\n<meta property=\"og:url\" content=\"https:\/\/saiga.es\/fr\/produit\/ratribrom-blau-100gr-domestic-brodifacoum\/\" \/>\n<meta property=\"og:site_name\" content=\"SAIGA\" \/>\n<meta property=\"article:modified_time\" content=\"2025-07-08T13:06:56+00:00\" \/>\n<meta property=\"og:image\" content=\"https:\/\/saiga.es\/wp-content\/uploads\/2024\/02\/Ratibrom-Azul.jpg\" \/>\n\t<meta property=\"og:image:width\" content=\"1080\" \/>\n\t<meta property=\"og:image:height\" content=\"1080\" \/>\n\t<meta property=\"og:image:type\" content=\"image\/jpeg\" \/>\n<meta name=\"twitter:card\" content=\"summary_large_image\" \/>\n<meta name=\"twitter:site\" content=\"@saiga_agro\" \/>\n<meta name=\"twitter:label1\" content=\"Dur\u00e9e de lecture estim\u00e9e\" \/>\n\t<meta name=\"twitter:data1\" content=\"1 minute\" \/>\n<script type=\"application\/ld+json\" class=\"yoast-schema-graph\">{\"@context\":\"https:\\\/\\\/schema.org\",\"@graph\":[{\"@type\":\"WebPage\",\"@id\":\"https:\\\/\\\/saiga.es\\\/fr\\\/produit\\\/ratribrom-blau-100gr-domestic-brodifacoum\\\/\",\"url\":\"https:\\\/\\\/saiga.es\\\/fr\\\/produit\\\/ratribrom-blau-100gr-domestic-brodifacoum\\\/\",\"name\":\"Ratibrom blau (Brodifacoum) | SAIGA\",\"isPartOf\":{\"@id\":\"https:\\\/\\\/saiga.es\\\/fr\\\/#website\"},\"primaryImageOfPage\":{\"@id\":\"https:\\\/\\\/saiga.es\\\/fr\\\/produit\\\/ratribrom-blau-100gr-domestic-brodifacoum\\\/#primaryimage\"},\"image\":{\"@id\":\"https:\\\/\\\/saiga.es\\\/fr\\\/produit\\\/ratribrom-blau-100gr-domestic-brodifacoum\\\/#primaryimage\"},\"thumbnailUrl\":\"https:\\\/\\\/saiga.es\\\/wp-content\\\/uploads\\\/2024\\\/02\\\/Ratibrom-Azul.jpg\",\"datePublished\":\"2024-02-09T07:46:02+00:00\",\"dateModified\":\"2025-07-08T13:06:56+00:00\",\"description\":\"Ratibrom \u00e9s un raticida efica\u00e7 per a l'eliminaci\u00f3 de rosegadors en entorns diversos. Apte per a instal\u00b7lacions dom\u00e8stiques, ofereix una soluci\u00f3 vers\u00e0til.\u00a0\",\"breadcrumb\":{\"@id\":\"https:\\\/\\\/saiga.es\\\/fr\\\/produit\\\/ratribrom-blau-100gr-domestic-brodifacoum\\\/#breadcrumb\"},\"inLanguage\":\"fr-FR\",\"potentialAction\":[{\"@type\":\"ReadAction\",\"target\":[\"https:\\\/\\\/saiga.es\\\/fr\\\/produit\\\/ratribrom-blau-100gr-domestic-brodifacoum\\\/\"]}]},{\"@type\":\"ImageObject\",\"inLanguage\":\"fr-FR\",\"@id\":\"https:\\\/\\\/saiga.es\\\/fr\\\/produit\\\/ratribrom-blau-100gr-domestic-brodifacoum\\\/#primaryimage\",\"url\":\"https:\\\/\\\/saiga.es\\\/wp-content\\\/uploads\\\/2024\\\/02\\\/Ratibrom-Azul.jpg\",\"contentUrl\":\"https:\\\/\\\/saiga.es\\\/wp-content\\\/uploads\\\/2024\\\/02\\\/Ratibrom-Azul.jpg\",\"width\":1080,\"height\":1080,\"caption\":\"Ratibrom Azul\"},{\"@type\":\"BreadcrumbList\",\"@id\":\"https:\\\/\\\/saiga.es\\\/fr\\\/produit\\\/ratribrom-blau-100gr-domestic-brodifacoum\\\/#breadcrumb\",\"itemListElement\":[{\"@type\":\"ListItem\",\"position\":1,\"name\":\"Inici\",\"item\":\"https:\\\/\\\/saiga.es\\\/fr\\\/\"},{\"@type\":\"ListItem\",\"position\":2,\"name\":\"boutique\",\"item\":\"https:\\\/\\\/saiga.es\\\/fr\\\/boutique\\\/\"},{\"@type\":\"ListItem\",\"position\":3,\"name\":\"Ratibrom blau (Brodifacoum)\"}]},{\"@type\":\"WebSite\",\"@id\":\"https:\\\/\\\/saiga.es\\\/fr\\\/#website\",\"url\":\"https:\\\/\\\/saiga.es\\\/fr\\\/\",\"name\":\"SAIGA\",\"description\":\"M\u00e9s de 50 anys al servei de la terra i treballant per a un \u00fas eficient de l\u2019aigua!\",\"publisher\":{\"@id\":\"https:\\\/\\\/saiga.es\\\/fr\\\/#organization\"},\"potentialAction\":[{\"@type\":\"SearchAction\",\"target\":{\"@type\":\"EntryPoint\",\"urlTemplate\":\"https:\\\/\\\/saiga.es\\\/fr\\\/?s={search_term_string}\"},\"query-input\":{\"@type\":\"PropertyValueSpecification\",\"valueRequired\":true,\"valueName\":\"search_term_string\"}}],\"inLanguage\":\"fr-FR\"},{\"@type\":\"Organization\",\"@id\":\"https:\\\/\\\/saiga.es\\\/fr\\\/#organization\",\"name\":\"SAIGA\",\"url\":\"https:\\\/\\\/saiga.es\\\/fr\\\/\",\"logo\":{\"@type\":\"ImageObject\",\"inLanguage\":\"fr-FR\",\"@id\":\"https:\\\/\\\/saiga.es\\\/fr\\\/#\\\/schema\\\/logo\\\/image\\\/\",\"url\":\"https:\\\/\\\/saiga.es\\\/wp-content\\\/uploads\\\/2025\\\/07\\\/logo_saiga_baseline_optimitzat.svg\",\"contentUrl\":\"https:\\\/\\\/saiga.es\\\/wp-content\\\/uploads\\\/2025\\\/07\\\/logo_saiga_baseline_optimitzat.svg\",\"caption\":\"SAIGA\"},\"image\":{\"@id\":\"https:\\\/\\\/saiga.es\\\/fr\\\/#\\\/schema\\\/logo\\\/image\\\/\"},\"sameAs\":[\"https:\\\/\\\/x.com\\\/saiga_agro\",\"https:\\\/\\\/www.instagram.com\\\/saiga_agro\\\/\"]}]}<\/script>\n<!-- \/ Yoast SEO plugin. -->","yoast_head_json":{"title":"Ratibrom blau (Brodifacoum) | SAIGA","description":"Ratibrom \u00e9s un raticida efica\u00e7 per a l'eliminaci\u00f3 de rosegadors en entorns diversos. Apte per a instal\u00b7lacions dom\u00e8stiques, ofereix una soluci\u00f3 vers\u00e0til.\u00a0","robots":{"index":"index","follow":"follow","max-snippet":"max-snippet:-1","max-image-preview":"max-image-preview:large","max-video-preview":"max-video-preview:-1"},"canonical":"https:\/\/saiga.es\/fr\/produit\/ratribrom-blau-100gr-domestic-brodifacoum\/","og_locale":"fr_FR","og_type":"article","og_title":"Ratibrom blau (Brodifacoum) | SAIGA","og_description":"Ratibrom \u00e9s un raticida efica\u00e7 per a l'eliminaci\u00f3 de rosegadors en entorns diversos. Apte per a instal\u00b7lacions dom\u00e8stiques, ofereix una soluci\u00f3 vers\u00e0til.\u00a0","og_url":"https:\/\/saiga.es\/fr\/produit\/ratribrom-blau-100gr-domestic-brodifacoum\/","og_site_name":"SAIGA","article_modified_time":"2025-07-08T13:06:56+00:00","og_image":[{"width":1080,"height":1080,"url":"https:\/\/saiga.es\/wp-content\/uploads\/2024\/02\/Ratibrom-Azul.jpg","type":"image\/jpeg"}],"twitter_card":"summary_large_image","twitter_site":"@saiga_agro","twitter_misc":{"Dur\u00e9e de lecture estim\u00e9e":"1 minute"},"schema":{"@context":"https:\/\/schema.org","@graph":[{"@type":"WebPage","@id":"https:\/\/saiga.es\/fr\/produit\/ratribrom-blau-100gr-domestic-brodifacoum\/","url":"https:\/\/saiga.es\/fr\/produit\/ratribrom-blau-100gr-domestic-brodifacoum\/","name":"Ratibrom blau (Brodifacoum) | SAIGA","isPartOf":{"@id":"https:\/\/saiga.es\/fr\/#website"},"primaryImageOfPage":{"@id":"https:\/\/saiga.es\/fr\/produit\/ratribrom-blau-100gr-domestic-brodifacoum\/#primaryimage"},"image":{"@id":"https:\/\/saiga.es\/fr\/produit\/ratribrom-blau-100gr-domestic-brodifacoum\/#primaryimage"},"thumbnailUrl":"https:\/\/saiga.es\/wp-content\/uploads\/2024\/02\/Ratibrom-Azul.jpg","datePublished":"2024-02-09T07:46:02+00:00","dateModified":"2025-07-08T13:06:56+00:00","description":"Ratibrom \u00e9s un raticida efica\u00e7 per a l'eliminaci\u00f3 de rosegadors en entorns diversos. Apte per a instal\u00b7lacions dom\u00e8stiques, ofereix una soluci\u00f3 vers\u00e0til.\u00a0","breadcrumb":{"@id":"https:\/\/saiga.es\/fr\/produit\/ratribrom-blau-100gr-domestic-brodifacoum\/#breadcrumb"},"inLanguage":"fr-FR","potentialAction":[{"@type":"ReadAction","target":["https:\/\/saiga.es\/fr\/produit\/ratribrom-blau-100gr-domestic-brodifacoum\/"]}]},{"@type":"ImageObject","inLanguage":"fr-FR","@id":"https:\/\/saiga.es\/fr\/produit\/ratribrom-blau-100gr-domestic-brodifacoum\/#primaryimage","url":"https:\/\/saiga.es\/wp-content\/uploads\/2024\/02\/Ratibrom-Azul.jpg","contentUrl":"https:\/\/saiga.es\/wp-content\/uploads\/2024\/02\/Ratibrom-Azul.jpg","width":1080,"height":1080,"caption":"Ratibrom Azul"},{"@type":"BreadcrumbList","@id":"https:\/\/saiga.es\/fr\/produit\/ratribrom-blau-100gr-domestic-brodifacoum\/#breadcrumb","itemListElement":[{"@type":"ListItem","position":1,"name":"Inici","item":"https:\/\/saiga.es\/fr\/"},{"@type":"ListItem","position":2,"name":"boutique","item":"https:\/\/saiga.es\/fr\/boutique\/"},{"@type":"ListItem","position":3,"name":"Ratibrom blau (Brodifacoum)"}]},{"@type":"WebSite","@id":"https:\/\/saiga.es\/fr\/#website","url":"https:\/\/saiga.es\/fr\/","name":"SAIGA","description":"M\u00e9s de 50 anys al servei de la terra i treballant per a un \u00fas eficient de l\u2019aigua!","publisher":{"@id":"https:\/\/saiga.es\/fr\/#organization"},"potentialAction":[{"@type":"SearchAction","target":{"@type":"EntryPoint","urlTemplate":"https:\/\/saiga.es\/fr\/?s={search_term_string}"},"query-input":{"@type":"PropertyValueSpecification","valueRequired":true,"valueName":"search_term_string"}}],"inLanguage":"fr-FR"},{"@type":"Organization","@id":"https:\/\/saiga.es\/fr\/#organization","name":"SAIGA","url":"https:\/\/saiga.es\/fr\/","logo":{"@type":"ImageObject","inLanguage":"fr-FR","@id":"https:\/\/saiga.es\/fr\/#\/schema\/logo\/image\/","url":"https:\/\/saiga.es\/wp-content\/uploads\/2025\/07\/logo_saiga_baseline_optimitzat.svg","contentUrl":"https:\/\/saiga.es\/wp-content\/uploads\/2025\/07\/logo_saiga_baseline_optimitzat.svg","caption":"SAIGA"},"image":{"@id":"https:\/\/saiga.es\/fr\/#\/schema\/logo\/image\/"},"sameAs":["https:\/\/x.com\/saiga_agro","https:\/\/www.instagram.com\/saiga_agro\/"]}]}},"_links":{"self":[{"href":"https:\/\/saiga.es\/fr\/wp-json\/wp\/v2\/product\/7106","targetHints":{"allow":["GET"]}}],"collection":[{"href":"https:\/\/saiga.es\/fr\/wp-json\/wp\/v2\/product"}],"about":[{"href":"https:\/\/saiga.es\/fr\/wp-json\/wp\/v2\/types\/product"}],"replies":[{"embeddable":true,"href":"https:\/\/saiga.es\/fr\/wp-json\/wp\/v2\/comments?post=7106"}],"wp:featuredmedia":[{"embeddable":true,"href":"https:\/\/saiga.es\/fr\/wp-json\/wp\/v2\/media\/11945"}],"wp:attachment":[{"href":"https:\/\/saiga.es\/fr\/wp-json\/wp\/v2\/media?parent=7106"}],"wp:term":[{"taxonomy":"product_brand","embeddable":true,"href":"https:\/\/saiga.es\/fr\/wp-json\/wp\/v2\/product_brand?post=7106"},{"taxonomy":"product_cat","embeddable":true,"href":"https:\/\/saiga.es\/fr\/wp-json\/wp\/v2\/product_cat?post=7106"},{"taxonomy":"product_tag","embeddable":true,"href":"https:\/\/saiga.es\/fr\/wp-json\/wp\/v2\/product_tag?post=7106"}],"curies":[{"name":"wp","href":"https:\/\/api.w.org\/{rel}","templated":true}]}}