{"id":7247,"date":"2024-02-12T14:31:54","date_gmt":"2024-02-12T14:31:54","guid":{"rendered":"https:\/\/botiga.saiga.es\/producte\/bouee-pour-chien-en-abreuvoir-b-50\/"},"modified":"2025-10-27T07:53:38","modified_gmt":"2025-10-27T07:53:38","slug":"bouee-pour-chien-en-abreuvoir-b-50","status":"publish","type":"product","link":"https:\/\/saiga.es\/fr\/produit\/bouee-pour-chien-en-abreuvoir-b-50\/","title":{"rendered":"Bou\u00e9e pour chien B-50 PVC"},"content":{"rendered":"<p>&nbsp;<\/p>\n<p>L&rsquo;abreuvoir pour chiens B-50 en PVC est un syst\u00e8me automatique en plastique<span style=\"\"> Hidroc\u00e1n<\/span> r\u00e9sistant. Il assure un approvisionnement constant en eau gr\u00e2ce \u00e0 une prise basse et un flotteur \u00e0 haut d\u00e9bit, garantissant ainsi un niveau d&rsquo;eau constant. Avec ses dimensions compactes de 230 \u00d7 225 \u00d7 100 mm, il est id\u00e9al pour les chiens, les moutons, les ch\u00e8vres et autres animaux de petite et moyenne taille. <\/p>\n<p>Principales caract\u00e9ristiques<\/p>\n<ul>\n<li>Mat\u00e9riau Hidroc\u00e1n durable, r\u00e9sistant aux chocs et aux intemp\u00e9ries.<\/li>\n<li>Flotteur grand d\u00e9bit \u00bd\u00a0\u00bb avec entr\u00e9e inf\u00e9rieure, qui garantit une alimentation continue et \u00e9conomise l&rsquo;entretien.<\/li>\n<li>Syst\u00e8me de niveau constant, id\u00e9al pour \u00e9viter les coupures d&rsquo;eau.<\/li>\n<li>Bouchon de vidange int\u00e9gr\u00e9, qui facilite le nettoyage int\u00e9rieur et r\u00e9duit les bact\u00e9ries.<\/li>\n<li>Installation simple, avec points d&rsquo;ancrage muraux pour une fixation s\u00e9curis\u00e9e.<\/li>\n<\/ul>\n<p>Dimensions et capacit\u00e9<\/p>\n<ul>\n<li>Dimensions compactes : 230 mm (largeur) \u00d7 225 mm (profondeur) \u00d7 100 mm (hauteur).<\/li>\n<li>Capacit\u00e9 approximative : 1,15 litre d&rsquo;eau, suffisante pour garder les animaux de petite ou moyenne taille hydrat\u00e9s entre deux repas fr\u00e9quents.<\/li>\n<\/ul>\n<p>Pourquoi choisir le mod\u00e8le B-50 ?<\/p>\n<p>Si vous recherchez un abreuvoir fiable offrant un approvisionnement constant en eau fra\u00eeche sans avoir \u00e0 le remplir quotidiennement, le B-50 est un excellent choix. Son syst\u00e8me d&rsquo;alimentation par le bas et son flotteur \u00e0 haut d\u00e9bit assurent un d\u00e9bit stable, m\u00eame lors des longues journ\u00e9es. De plus, le nettoyage est simplifi\u00e9 gr\u00e2ce au bouchon de vidange int\u00e9gr\u00e9.  <\/p>\n<p>R\u00e9sum\u00e9 final<\/p>\n<p>En conclusion, l&rsquo;abreuvoir pour chiens en PVC B-50 se distingue par sa structure compacte et robuste, son syst\u00e8me automatique de niveau constant et sa capacit\u00e9 adapt\u00e9e aux animaux de petite et moyenne taille. C&rsquo;est une solution pratique qui fournit de l&rsquo;eau propre et fra\u00eeche en permanence, avec un entretien minimal. <\/p>\n<p>&nbsp;<\/p>\n","protected":false},"excerpt":{"rendered":"<p>L&rsquo;abreuvoir B-50 Pl\u00e0sico Hidroc\u00e1n est un syst\u00e8me automatique en plastique Hidroc\u00e1n r\u00e9sistant. Il assure un approvisionnement constant en eau gr\u00e2ce \u00e0 une prise d&rsquo;eau basse et un flotteur \u00e0 haut d\u00e9bit, garantissant ainsi un niveau d&rsquo;eau constant. Avec ses dimensions compactes de 230 \u00d7 225 \u00d7 100 mm, il est id\u00e9al pour les chiens, les moutons, les ch\u00e8vres et autres animaux de petite et moyenne taille. <\/p>\n","protected":false},"featured_media":11865,"comment_status":"closed","ping_status":"closed","template":"","meta":[],"product_brand":[2229],"product_cat":[1421],"product_tag":[682,683,692],"class_list":{"0":"post-7247","1":"product","2":"type-product","3":"status-publish","4":"has-post-thumbnail","6":"product_brand-zarcudeyo-fr","7":"product_cat-animaux-domestiques","8":"product_tag-auges","9":"product_tag-benestar-animal-fr","10":"product_tag-gossos-fr","12":"first","13":"instock","14":"taxable","15":"shipping-taxable","16":"purchasable","17":"product-type-simple"},"yoast_head":"<!-- This site is optimized with the Yoast SEO plugin v27.4 - https:\/\/yoast.com\/product\/yoast-seo-wordpress\/ -->\n<title>Bou\u00e9e pour chien B-50 PVC | SAIGA<\/title>\n<meta name=\"description\" content=\"Abreuvoir en plastique Hidroc\u00e1n B-50 : automatique avec sortie inf\u00e9rieure et niveau constant. Capacit\u00e9 de 1,15 l pour chiens, moutons et b\u00e9tail l\u00e9ger.\" \/>\n<meta name=\"robots\" content=\"index, follow, max-snippet:-1, max-image-preview:large, max-video-preview:-1\" \/>\n<link rel=\"canonical\" href=\"https:\/\/saiga.es\/fr\/produit\/bouee-pour-chien-en-abreuvoir-b-50\/\" \/>\n<meta property=\"og:locale\" content=\"fr_FR\" \/>\n<meta property=\"og:type\" content=\"article\" \/>\n<meta property=\"og:title\" content=\"Bou\u00e9e pour chien B-50 PVC | SAIGA\" \/>\n<meta property=\"og:description\" content=\"Abreuvoir en plastique Hidroc\u00e1n B-50 : automatique avec sortie inf\u00e9rieure et niveau constant. Capacit\u00e9 de 1,15 l pour chiens, moutons et b\u00e9tail l\u00e9ger.\" \/>\n<meta property=\"og:url\" content=\"https:\/\/saiga.es\/fr\/produit\/bouee-pour-chien-en-abreuvoir-b-50\/\" \/>\n<meta property=\"og:site_name\" content=\"SAIGA\" \/>\n<meta property=\"article:modified_time\" content=\"2025-10-27T07:53:38+00:00\" \/>\n<meta property=\"og:image\" content=\"https:\/\/saiga.es\/wp-content\/uploads\/2024\/02\/Abeurador-gossos-boia-B-50.jpg\" \/>\n\t<meta property=\"og:image:width\" content=\"1080\" \/>\n\t<meta property=\"og:image:height\" content=\"1080\" \/>\n\t<meta property=\"og:image:type\" content=\"image\/jpeg\" \/>\n<meta name=\"twitter:card\" content=\"summary_large_image\" \/>\n<meta name=\"twitter:site\" content=\"@saiga_agro\" \/>\n<meta name=\"twitter:label1\" content=\"Dur\u00e9e de lecture estim\u00e9e\" \/>\n\t<meta name=\"twitter:data1\" content=\"2 minutes\" \/>\n<script type=\"application\/ld+json\" class=\"yoast-schema-graph\">{\"@context\":\"https:\\\/\\\/schema.org\",\"@graph\":[{\"@type\":\"WebPage\",\"@id\":\"https:\\\/\\\/saiga.es\\\/fr\\\/produit\\\/bouee-pour-chien-en-abreuvoir-b-50\\\/\",\"url\":\"https:\\\/\\\/saiga.es\\\/fr\\\/produit\\\/bouee-pour-chien-en-abreuvoir-b-50\\\/\",\"name\":\"Bou\u00e9e pour chien B-50 PVC | SAIGA\",\"isPartOf\":{\"@id\":\"https:\\\/\\\/saiga.es\\\/fr\\\/#website\"},\"primaryImageOfPage\":{\"@id\":\"https:\\\/\\\/saiga.es\\\/fr\\\/produit\\\/bouee-pour-chien-en-abreuvoir-b-50\\\/#primaryimage\"},\"image\":{\"@id\":\"https:\\\/\\\/saiga.es\\\/fr\\\/produit\\\/bouee-pour-chien-en-abreuvoir-b-50\\\/#primaryimage\"},\"thumbnailUrl\":\"https:\\\/\\\/saiga.es\\\/wp-content\\\/uploads\\\/2024\\\/02\\\/Abeurador-gossos-boia-B-50.jpg\",\"datePublished\":\"2024-02-12T14:31:54+00:00\",\"dateModified\":\"2025-10-27T07:53:38+00:00\",\"description\":\"Abreuvoir en plastique Hidroc\u00e1n B-50 : automatique avec sortie inf\u00e9rieure et niveau constant. Capacit\u00e9 de 1,15 l pour chiens, moutons et b\u00e9tail l\u00e9ger.\",\"breadcrumb\":{\"@id\":\"https:\\\/\\\/saiga.es\\\/fr\\\/produit\\\/bouee-pour-chien-en-abreuvoir-b-50\\\/#breadcrumb\"},\"inLanguage\":\"fr-FR\",\"potentialAction\":[{\"@type\":\"ReadAction\",\"target\":[\"https:\\\/\\\/saiga.es\\\/fr\\\/produit\\\/bouee-pour-chien-en-abreuvoir-b-50\\\/\"]}]},{\"@type\":\"ImageObject\",\"inLanguage\":\"fr-FR\",\"@id\":\"https:\\\/\\\/saiga.es\\\/fr\\\/produit\\\/bouee-pour-chien-en-abreuvoir-b-50\\\/#primaryimage\",\"url\":\"https:\\\/\\\/saiga.es\\\/wp-content\\\/uploads\\\/2024\\\/02\\\/Abeurador-gossos-boia-B-50.jpg\",\"contentUrl\":\"https:\\\/\\\/saiga.es\\\/wp-content\\\/uploads\\\/2024\\\/02\\\/Abeurador-gossos-boia-B-50.jpg\",\"width\":1080,\"height\":1080,\"caption\":\"Bou\u00e9e d'abreuvement pour chien\"},{\"@type\":\"BreadcrumbList\",\"@id\":\"https:\\\/\\\/saiga.es\\\/fr\\\/produit\\\/bouee-pour-chien-en-abreuvoir-b-50\\\/#breadcrumb\",\"itemListElement\":[{\"@type\":\"ListItem\",\"position\":1,\"name\":\"Inici\",\"item\":\"https:\\\/\\\/saiga.es\\\/fr\\\/\"},{\"@type\":\"ListItem\",\"position\":2,\"name\":\"boutique\",\"item\":\"https:\\\/\\\/saiga.es\\\/fr\\\/boutique\\\/\"},{\"@type\":\"ListItem\",\"position\":3,\"name\":\"Bou\u00e9e pour chien B-50 PVC\"}]},{\"@type\":\"WebSite\",\"@id\":\"https:\\\/\\\/saiga.es\\\/fr\\\/#website\",\"url\":\"https:\\\/\\\/saiga.es\\\/fr\\\/\",\"name\":\"SAIGA\",\"description\":\"M\u00e9s de 50 anys al servei de la terra i treballant per a un \u00fas eficient de l\u2019aigua!\",\"publisher\":{\"@id\":\"https:\\\/\\\/saiga.es\\\/fr\\\/#organization\"},\"potentialAction\":[{\"@type\":\"SearchAction\",\"target\":{\"@type\":\"EntryPoint\",\"urlTemplate\":\"https:\\\/\\\/saiga.es\\\/fr\\\/?s={search_term_string}\"},\"query-input\":{\"@type\":\"PropertyValueSpecification\",\"valueRequired\":true,\"valueName\":\"search_term_string\"}}],\"inLanguage\":\"fr-FR\"},{\"@type\":\"Organization\",\"@id\":\"https:\\\/\\\/saiga.es\\\/fr\\\/#organization\",\"name\":\"SAIGA\",\"url\":\"https:\\\/\\\/saiga.es\\\/fr\\\/\",\"logo\":{\"@type\":\"ImageObject\",\"inLanguage\":\"fr-FR\",\"@id\":\"https:\\\/\\\/saiga.es\\\/fr\\\/#\\\/schema\\\/logo\\\/image\\\/\",\"url\":\"https:\\\/\\\/saiga.es\\\/wp-content\\\/uploads\\\/2025\\\/07\\\/logo_saiga_baseline_optimitzat.svg\",\"contentUrl\":\"https:\\\/\\\/saiga.es\\\/wp-content\\\/uploads\\\/2025\\\/07\\\/logo_saiga_baseline_optimitzat.svg\",\"caption\":\"SAIGA\"},\"image\":{\"@id\":\"https:\\\/\\\/saiga.es\\\/fr\\\/#\\\/schema\\\/logo\\\/image\\\/\"},\"sameAs\":[\"https:\\\/\\\/x.com\\\/saiga_agro\",\"https:\\\/\\\/www.instagram.com\\\/saiga_agro\\\/\"]}]}<\/script>\n<!-- \/ Yoast SEO plugin. -->","yoast_head_json":{"title":"Bou\u00e9e pour chien B-50 PVC | SAIGA","description":"Abreuvoir en plastique Hidroc\u00e1n B-50 : automatique avec sortie inf\u00e9rieure et niveau constant. Capacit\u00e9 de 1,15 l pour chiens, moutons et b\u00e9tail l\u00e9ger.","robots":{"index":"index","follow":"follow","max-snippet":"max-snippet:-1","max-image-preview":"max-image-preview:large","max-video-preview":"max-video-preview:-1"},"canonical":"https:\/\/saiga.es\/fr\/produit\/bouee-pour-chien-en-abreuvoir-b-50\/","og_locale":"fr_FR","og_type":"article","og_title":"Bou\u00e9e pour chien B-50 PVC | SAIGA","og_description":"Abreuvoir en plastique Hidroc\u00e1n B-50 : automatique avec sortie inf\u00e9rieure et niveau constant. Capacit\u00e9 de 1,15 l pour chiens, moutons et b\u00e9tail l\u00e9ger.","og_url":"https:\/\/saiga.es\/fr\/produit\/bouee-pour-chien-en-abreuvoir-b-50\/","og_site_name":"SAIGA","article_modified_time":"2025-10-27T07:53:38+00:00","og_image":[{"width":1080,"height":1080,"url":"https:\/\/saiga.es\/wp-content\/uploads\/2024\/02\/Abeurador-gossos-boia-B-50.jpg","type":"image\/jpeg"}],"twitter_card":"summary_large_image","twitter_site":"@saiga_agro","twitter_misc":{"Dur\u00e9e de lecture estim\u00e9e":"2 minutes"},"schema":{"@context":"https:\/\/schema.org","@graph":[{"@type":"WebPage","@id":"https:\/\/saiga.es\/fr\/produit\/bouee-pour-chien-en-abreuvoir-b-50\/","url":"https:\/\/saiga.es\/fr\/produit\/bouee-pour-chien-en-abreuvoir-b-50\/","name":"Bou\u00e9e pour chien B-50 PVC | SAIGA","isPartOf":{"@id":"https:\/\/saiga.es\/fr\/#website"},"primaryImageOfPage":{"@id":"https:\/\/saiga.es\/fr\/produit\/bouee-pour-chien-en-abreuvoir-b-50\/#primaryimage"},"image":{"@id":"https:\/\/saiga.es\/fr\/produit\/bouee-pour-chien-en-abreuvoir-b-50\/#primaryimage"},"thumbnailUrl":"https:\/\/saiga.es\/wp-content\/uploads\/2024\/02\/Abeurador-gossos-boia-B-50.jpg","datePublished":"2024-02-12T14:31:54+00:00","dateModified":"2025-10-27T07:53:38+00:00","description":"Abreuvoir en plastique Hidroc\u00e1n B-50 : automatique avec sortie inf\u00e9rieure et niveau constant. Capacit\u00e9 de 1,15 l pour chiens, moutons et b\u00e9tail l\u00e9ger.","breadcrumb":{"@id":"https:\/\/saiga.es\/fr\/produit\/bouee-pour-chien-en-abreuvoir-b-50\/#breadcrumb"},"inLanguage":"fr-FR","potentialAction":[{"@type":"ReadAction","target":["https:\/\/saiga.es\/fr\/produit\/bouee-pour-chien-en-abreuvoir-b-50\/"]}]},{"@type":"ImageObject","inLanguage":"fr-FR","@id":"https:\/\/saiga.es\/fr\/produit\/bouee-pour-chien-en-abreuvoir-b-50\/#primaryimage","url":"https:\/\/saiga.es\/wp-content\/uploads\/2024\/02\/Abeurador-gossos-boia-B-50.jpg","contentUrl":"https:\/\/saiga.es\/wp-content\/uploads\/2024\/02\/Abeurador-gossos-boia-B-50.jpg","width":1080,"height":1080,"caption":"Bou\u00e9e d'abreuvement pour chien"},{"@type":"BreadcrumbList","@id":"https:\/\/saiga.es\/fr\/produit\/bouee-pour-chien-en-abreuvoir-b-50\/#breadcrumb","itemListElement":[{"@type":"ListItem","position":1,"name":"Inici","item":"https:\/\/saiga.es\/fr\/"},{"@type":"ListItem","position":2,"name":"boutique","item":"https:\/\/saiga.es\/fr\/boutique\/"},{"@type":"ListItem","position":3,"name":"Bou\u00e9e pour chien B-50 PVC"}]},{"@type":"WebSite","@id":"https:\/\/saiga.es\/fr\/#website","url":"https:\/\/saiga.es\/fr\/","name":"SAIGA","description":"M\u00e9s de 50 anys al servei de la terra i treballant per a un \u00fas eficient de l\u2019aigua!","publisher":{"@id":"https:\/\/saiga.es\/fr\/#organization"},"potentialAction":[{"@type":"SearchAction","target":{"@type":"EntryPoint","urlTemplate":"https:\/\/saiga.es\/fr\/?s={search_term_string}"},"query-input":{"@type":"PropertyValueSpecification","valueRequired":true,"valueName":"search_term_string"}}],"inLanguage":"fr-FR"},{"@type":"Organization","@id":"https:\/\/saiga.es\/fr\/#organization","name":"SAIGA","url":"https:\/\/saiga.es\/fr\/","logo":{"@type":"ImageObject","inLanguage":"fr-FR","@id":"https:\/\/saiga.es\/fr\/#\/schema\/logo\/image\/","url":"https:\/\/saiga.es\/wp-content\/uploads\/2025\/07\/logo_saiga_baseline_optimitzat.svg","contentUrl":"https:\/\/saiga.es\/wp-content\/uploads\/2025\/07\/logo_saiga_baseline_optimitzat.svg","caption":"SAIGA"},"image":{"@id":"https:\/\/saiga.es\/fr\/#\/schema\/logo\/image\/"},"sameAs":["https:\/\/x.com\/saiga_agro","https:\/\/www.instagram.com\/saiga_agro\/"]}]}},"_links":{"self":[{"href":"https:\/\/saiga.es\/fr\/wp-json\/wp\/v2\/product\/7247","targetHints":{"allow":["GET"]}}],"collection":[{"href":"https:\/\/saiga.es\/fr\/wp-json\/wp\/v2\/product"}],"about":[{"href":"https:\/\/saiga.es\/fr\/wp-json\/wp\/v2\/types\/product"}],"replies":[{"embeddable":true,"href":"https:\/\/saiga.es\/fr\/wp-json\/wp\/v2\/comments?post=7247"}],"wp:featuredmedia":[{"embeddable":true,"href":"https:\/\/saiga.es\/fr\/wp-json\/wp\/v2\/media\/11865"}],"wp:attachment":[{"href":"https:\/\/saiga.es\/fr\/wp-json\/wp\/v2\/media?parent=7247"}],"wp:term":[{"taxonomy":"product_brand","embeddable":true,"href":"https:\/\/saiga.es\/fr\/wp-json\/wp\/v2\/product_brand?post=7247"},{"taxonomy":"product_cat","embeddable":true,"href":"https:\/\/saiga.es\/fr\/wp-json\/wp\/v2\/product_cat?post=7247"},{"taxonomy":"product_tag","embeddable":true,"href":"https:\/\/saiga.es\/fr\/wp-json\/wp\/v2\/product_tag?post=7247"}],"curies":[{"name":"wp","href":"https:\/\/api.w.org\/{rel}","templated":true}]}}