{"id":7257,"date":"2024-02-13T08:47:08","date_gmt":"2024-02-13T08:47:08","guid":{"rendered":"https:\/\/botiga.saiga.es\/producte\/auge-a-levier-pour-vaches-emaillee\/"},"modified":"2025-10-27T07:53:39","modified_gmt":"2025-10-27T07:53:39","slug":"auge-a-levier-pour-vaches-emaillee","status":"publish","type":"product","link":"https:\/\/saiga.es\/fr\/produit\/auge-a-levier-pour-vaches-emaillee\/","title":{"rendered":"Auge \u00e0 levier pour vaches \u00e9maill\u00e9e"},"content":{"rendered":"<p data-start=\"189\" data-end=\"647\">Cet abreuvoir \u00e0 levier pour vaches est fabriqu\u00e9 en fonte \u00e9maill\u00e9e haute r\u00e9sistance, avec des prises d&rsquo;eau sup\u00e9rieures et inf\u00e9rieures pour s&rsquo;adapter \u00e0 diff\u00e9rents syst\u00e8mes d&rsquo;approvisionnement. La fixation \u00e0 4 vis assure une fixation solide et s\u00fbre. Avec ses dimensions de 270 \u00d7 220 \u00d7 100 mm, il offre un abreuvement ergonomique et efficace pour les bovins. Sa conception limite les perturbations et permet un acc\u00e8s rapide et confortable \u00e0 l&rsquo;eau.   <\/p>\n<ul data-start=\"649\" data-end=\"855\">\n<li data-start=\"649\" data-end=\"677\">\n<p data-start=\"651\" data-end=\"677\">Mat\u00e9riau : fer \u00e9maill\u00e9<\/p>\n<\/li>\n<li data-start=\"678\" data-end=\"727\">\n<p data-start=\"680\" data-end=\"727\">Raccordements : prise d&rsquo;eau sup\u00e9rieure et inf\u00e9rieure<\/p>\n<\/li>\n<li data-start=\"728\" data-end=\"750\">\n<p data-start=\"730\" data-end=\"750\">Fixation : 4 vis<\/p>\n<\/li>\n<li data-start=\"751\" data-end=\"795\">\n<p data-start=\"753\" data-end=\"795\">Dimensions compactes : 270 \u00d7 220 \u00d7 100 mm<\/p>\n<\/li>\n<li data-start=\"796\" data-end=\"855\">\n<p data-start=\"798\" data-end=\"855\">Poids approximatif : 3 kg<\/p>\n<\/li>\n<\/ul>\n<p data-start=\"857\" data-end=\"991\">Id\u00e9al pour les \u00e9levages qui recherchent qualit\u00e9, durabilit\u00e9 et facilit\u00e9 d&rsquo;entretien dans leurs syst\u00e8mes d&rsquo;approvisionnement en eau.<\/p>\n","protected":false},"excerpt":{"rendered":"<p>Cet abreuvoir \u00e0 levier pour vaches est fabriqu\u00e9 en fer \u00e9maill\u00e9 haute r\u00e9sistance, avec prise d&rsquo;eau sup\u00e9rieure et inf\u00e9rieure pour s&rsquo;adapter aux diff\u00e9rents syst\u00e8mes d&rsquo;alimentation.<\/p>\n","protected":false},"featured_media":11880,"comment_status":"closed","ping_status":"closed","template":"","meta":[],"product_brand":[],"product_cat":[1921],"product_tag":[],"class_list":{"0":"post-7257","1":"product","2":"type-product","3":"status-publish","4":"has-post-thumbnail","6":"product_cat-auges-fr","8":"first","9":"instock","10":"taxable","11":"shipping-taxable","12":"purchasable","13":"product-type-simple"},"yoast_head":"<!-- This site is optimized with the Yoast SEO plugin v27.4 - https:\/\/yoast.com\/product\/yoast-seo-wordpress\/ -->\n<title>Auge \u00e0 levier pour vaches \u00e9maill\u00e9e | SAIGA<\/title>\n<meta name=\"description\" content=\"Abreuvoir \u00e0 vache \u00e9maill\u00e9. Auge en fer \u00e9maill\u00e9. Prise d&#039;eau sup\u00e9rieure et inf\u00e9rieure. Fixation par 4 visDimensions : 270 x 220 x 100 mm.\" \/>\n<meta name=\"robots\" content=\"index, follow, max-snippet:-1, max-image-preview:large, max-video-preview:-1\" \/>\n<link rel=\"canonical\" href=\"https:\/\/saiga.es\/fr\/produit\/auge-a-levier-pour-vaches-emaillee\/\" \/>\n<meta property=\"og:locale\" content=\"fr_FR\" \/>\n<meta property=\"og:type\" content=\"article\" \/>\n<meta property=\"og:title\" content=\"Auge \u00e0 levier pour vaches \u00e9maill\u00e9e | SAIGA\" \/>\n<meta property=\"og:description\" content=\"Abreuvoir \u00e0 vache \u00e9maill\u00e9. Auge en fer \u00e9maill\u00e9. Prise d&#039;eau sup\u00e9rieure et inf\u00e9rieure. Fixation par 4 visDimensions : 270 x 220 x 100 mm.\" \/>\n<meta property=\"og:url\" content=\"https:\/\/saiga.es\/fr\/produit\/auge-a-levier-pour-vaches-emaillee\/\" \/>\n<meta property=\"og:site_name\" content=\"SAIGA\" \/>\n<meta property=\"article:modified_time\" content=\"2025-10-27T07:53:39+00:00\" \/>\n<meta property=\"og:image\" content=\"https:\/\/saiga.es\/wp-content\/uploads\/2024\/02\/Abeurador-palanca-vaca-esmaltat.jpg\" \/>\n\t<meta property=\"og:image:width\" content=\"1080\" \/>\n\t<meta property=\"og:image:height\" content=\"1080\" \/>\n\t<meta property=\"og:image:type\" content=\"image\/jpeg\" \/>\n<meta name=\"twitter:card\" content=\"summary_large_image\" \/>\n<meta name=\"twitter:site\" content=\"@saiga_agro\" \/>\n<meta name=\"twitter:label1\" content=\"Dur\u00e9e de lecture estim\u00e9e\" \/>\n\t<meta name=\"twitter:data1\" content=\"1 minute\" \/>\n<script type=\"application\/ld+json\" class=\"yoast-schema-graph\">{\"@context\":\"https:\\\/\\\/schema.org\",\"@graph\":[{\"@type\":\"WebPage\",\"@id\":\"https:\\\/\\\/saiga.es\\\/fr\\\/produit\\\/auge-a-levier-pour-vaches-emaillee\\\/\",\"url\":\"https:\\\/\\\/saiga.es\\\/fr\\\/produit\\\/auge-a-levier-pour-vaches-emaillee\\\/\",\"name\":\"Auge \u00e0 levier pour vaches \u00e9maill\u00e9e | SAIGA\",\"isPartOf\":{\"@id\":\"https:\\\/\\\/saiga.es\\\/fr\\\/#website\"},\"primaryImageOfPage\":{\"@id\":\"https:\\\/\\\/saiga.es\\\/fr\\\/produit\\\/auge-a-levier-pour-vaches-emaillee\\\/#primaryimage\"},\"image\":{\"@id\":\"https:\\\/\\\/saiga.es\\\/fr\\\/produit\\\/auge-a-levier-pour-vaches-emaillee\\\/#primaryimage\"},\"thumbnailUrl\":\"https:\\\/\\\/saiga.es\\\/wp-content\\\/uploads\\\/2024\\\/02\\\/Abeurador-palanca-vaca-esmaltat.jpg\",\"datePublished\":\"2024-02-13T08:47:08+00:00\",\"dateModified\":\"2025-10-27T07:53:39+00:00\",\"description\":\"Abreuvoir \u00e0 vache \u00e9maill\u00e9. Auge en fer \u00e9maill\u00e9. Prise d'eau sup\u00e9rieure et inf\u00e9rieure. Fixation par 4 visDimensions : 270 x 220 x 100 mm.\",\"breadcrumb\":{\"@id\":\"https:\\\/\\\/saiga.es\\\/fr\\\/produit\\\/auge-a-levier-pour-vaches-emaillee\\\/#breadcrumb\"},\"inLanguage\":\"fr-FR\",\"potentialAction\":[{\"@type\":\"ReadAction\",\"target\":[\"https:\\\/\\\/saiga.es\\\/fr\\\/produit\\\/auge-a-levier-pour-vaches-emaillee\\\/\"]}]},{\"@type\":\"ImageObject\",\"inLanguage\":\"fr-FR\",\"@id\":\"https:\\\/\\\/saiga.es\\\/fr\\\/produit\\\/auge-a-levier-pour-vaches-emaillee\\\/#primaryimage\",\"url\":\"https:\\\/\\\/saiga.es\\\/wp-content\\\/uploads\\\/2024\\\/02\\\/Abeurador-palanca-vaca-esmaltat.jpg\",\"contentUrl\":\"https:\\\/\\\/saiga.es\\\/wp-content\\\/uploads\\\/2024\\\/02\\\/Abeurador-palanca-vaca-esmaltat.jpg\",\"width\":1080,\"height\":1080,\"caption\":\"Auge \u00e0 levier pour vaches \u00e9maill\u00e9e\"},{\"@type\":\"BreadcrumbList\",\"@id\":\"https:\\\/\\\/saiga.es\\\/fr\\\/produit\\\/auge-a-levier-pour-vaches-emaillee\\\/#breadcrumb\",\"itemListElement\":[{\"@type\":\"ListItem\",\"position\":1,\"name\":\"Inici\",\"item\":\"https:\\\/\\\/saiga.es\\\/fr\\\/\"},{\"@type\":\"ListItem\",\"position\":2,\"name\":\"boutique\",\"item\":\"https:\\\/\\\/saiga.es\\\/fr\\\/boutique\\\/\"},{\"@type\":\"ListItem\",\"position\":3,\"name\":\"Auge \u00e0 levier pour vaches \u00e9maill\u00e9e\"}]},{\"@type\":\"WebSite\",\"@id\":\"https:\\\/\\\/saiga.es\\\/fr\\\/#website\",\"url\":\"https:\\\/\\\/saiga.es\\\/fr\\\/\",\"name\":\"SAIGA\",\"description\":\"M\u00e9s de 50 anys al servei de la terra i treballant per a un \u00fas eficient de l\u2019aigua!\",\"publisher\":{\"@id\":\"https:\\\/\\\/saiga.es\\\/fr\\\/#organization\"},\"potentialAction\":[{\"@type\":\"SearchAction\",\"target\":{\"@type\":\"EntryPoint\",\"urlTemplate\":\"https:\\\/\\\/saiga.es\\\/fr\\\/?s={search_term_string}\"},\"query-input\":{\"@type\":\"PropertyValueSpecification\",\"valueRequired\":true,\"valueName\":\"search_term_string\"}}],\"inLanguage\":\"fr-FR\"},{\"@type\":\"Organization\",\"@id\":\"https:\\\/\\\/saiga.es\\\/fr\\\/#organization\",\"name\":\"SAIGA\",\"url\":\"https:\\\/\\\/saiga.es\\\/fr\\\/\",\"logo\":{\"@type\":\"ImageObject\",\"inLanguage\":\"fr-FR\",\"@id\":\"https:\\\/\\\/saiga.es\\\/fr\\\/#\\\/schema\\\/logo\\\/image\\\/\",\"url\":\"https:\\\/\\\/saiga.es\\\/wp-content\\\/uploads\\\/2025\\\/07\\\/logo_saiga_baseline_optimitzat.svg\",\"contentUrl\":\"https:\\\/\\\/saiga.es\\\/wp-content\\\/uploads\\\/2025\\\/07\\\/logo_saiga_baseline_optimitzat.svg\",\"caption\":\"SAIGA\"},\"image\":{\"@id\":\"https:\\\/\\\/saiga.es\\\/fr\\\/#\\\/schema\\\/logo\\\/image\\\/\"},\"sameAs\":[\"https:\\\/\\\/x.com\\\/saiga_agro\",\"https:\\\/\\\/www.instagram.com\\\/saiga_agro\\\/\"]}]}<\/script>\n<!-- \/ Yoast SEO plugin. -->","yoast_head_json":{"title":"Auge \u00e0 levier pour vaches \u00e9maill\u00e9e | SAIGA","description":"Abreuvoir \u00e0 vache \u00e9maill\u00e9. Auge en fer \u00e9maill\u00e9. Prise d'eau sup\u00e9rieure et inf\u00e9rieure. Fixation par 4 visDimensions : 270 x 220 x 100 mm.","robots":{"index":"index","follow":"follow","max-snippet":"max-snippet:-1","max-image-preview":"max-image-preview:large","max-video-preview":"max-video-preview:-1"},"canonical":"https:\/\/saiga.es\/fr\/produit\/auge-a-levier-pour-vaches-emaillee\/","og_locale":"fr_FR","og_type":"article","og_title":"Auge \u00e0 levier pour vaches \u00e9maill\u00e9e | SAIGA","og_description":"Abreuvoir \u00e0 vache \u00e9maill\u00e9. Auge en fer \u00e9maill\u00e9. Prise d'eau sup\u00e9rieure et inf\u00e9rieure. Fixation par 4 visDimensions : 270 x 220 x 100 mm.","og_url":"https:\/\/saiga.es\/fr\/produit\/auge-a-levier-pour-vaches-emaillee\/","og_site_name":"SAIGA","article_modified_time":"2025-10-27T07:53:39+00:00","og_image":[{"width":1080,"height":1080,"url":"https:\/\/saiga.es\/wp-content\/uploads\/2024\/02\/Abeurador-palanca-vaca-esmaltat.jpg","type":"image\/jpeg"}],"twitter_card":"summary_large_image","twitter_site":"@saiga_agro","twitter_misc":{"Dur\u00e9e de lecture estim\u00e9e":"1 minute"},"schema":{"@context":"https:\/\/schema.org","@graph":[{"@type":"WebPage","@id":"https:\/\/saiga.es\/fr\/produit\/auge-a-levier-pour-vaches-emaillee\/","url":"https:\/\/saiga.es\/fr\/produit\/auge-a-levier-pour-vaches-emaillee\/","name":"Auge \u00e0 levier pour vaches \u00e9maill\u00e9e | SAIGA","isPartOf":{"@id":"https:\/\/saiga.es\/fr\/#website"},"primaryImageOfPage":{"@id":"https:\/\/saiga.es\/fr\/produit\/auge-a-levier-pour-vaches-emaillee\/#primaryimage"},"image":{"@id":"https:\/\/saiga.es\/fr\/produit\/auge-a-levier-pour-vaches-emaillee\/#primaryimage"},"thumbnailUrl":"https:\/\/saiga.es\/wp-content\/uploads\/2024\/02\/Abeurador-palanca-vaca-esmaltat.jpg","datePublished":"2024-02-13T08:47:08+00:00","dateModified":"2025-10-27T07:53:39+00:00","description":"Abreuvoir \u00e0 vache \u00e9maill\u00e9. Auge en fer \u00e9maill\u00e9. Prise d'eau sup\u00e9rieure et inf\u00e9rieure. Fixation par 4 visDimensions : 270 x 220 x 100 mm.","breadcrumb":{"@id":"https:\/\/saiga.es\/fr\/produit\/auge-a-levier-pour-vaches-emaillee\/#breadcrumb"},"inLanguage":"fr-FR","potentialAction":[{"@type":"ReadAction","target":["https:\/\/saiga.es\/fr\/produit\/auge-a-levier-pour-vaches-emaillee\/"]}]},{"@type":"ImageObject","inLanguage":"fr-FR","@id":"https:\/\/saiga.es\/fr\/produit\/auge-a-levier-pour-vaches-emaillee\/#primaryimage","url":"https:\/\/saiga.es\/wp-content\/uploads\/2024\/02\/Abeurador-palanca-vaca-esmaltat.jpg","contentUrl":"https:\/\/saiga.es\/wp-content\/uploads\/2024\/02\/Abeurador-palanca-vaca-esmaltat.jpg","width":1080,"height":1080,"caption":"Auge \u00e0 levier pour vaches \u00e9maill\u00e9e"},{"@type":"BreadcrumbList","@id":"https:\/\/saiga.es\/fr\/produit\/auge-a-levier-pour-vaches-emaillee\/#breadcrumb","itemListElement":[{"@type":"ListItem","position":1,"name":"Inici","item":"https:\/\/saiga.es\/fr\/"},{"@type":"ListItem","position":2,"name":"boutique","item":"https:\/\/saiga.es\/fr\/boutique\/"},{"@type":"ListItem","position":3,"name":"Auge \u00e0 levier pour vaches \u00e9maill\u00e9e"}]},{"@type":"WebSite","@id":"https:\/\/saiga.es\/fr\/#website","url":"https:\/\/saiga.es\/fr\/","name":"SAIGA","description":"M\u00e9s de 50 anys al servei de la terra i treballant per a un \u00fas eficient de l\u2019aigua!","publisher":{"@id":"https:\/\/saiga.es\/fr\/#organization"},"potentialAction":[{"@type":"SearchAction","target":{"@type":"EntryPoint","urlTemplate":"https:\/\/saiga.es\/fr\/?s={search_term_string}"},"query-input":{"@type":"PropertyValueSpecification","valueRequired":true,"valueName":"search_term_string"}}],"inLanguage":"fr-FR"},{"@type":"Organization","@id":"https:\/\/saiga.es\/fr\/#organization","name":"SAIGA","url":"https:\/\/saiga.es\/fr\/","logo":{"@type":"ImageObject","inLanguage":"fr-FR","@id":"https:\/\/saiga.es\/fr\/#\/schema\/logo\/image\/","url":"https:\/\/saiga.es\/wp-content\/uploads\/2025\/07\/logo_saiga_baseline_optimitzat.svg","contentUrl":"https:\/\/saiga.es\/wp-content\/uploads\/2025\/07\/logo_saiga_baseline_optimitzat.svg","caption":"SAIGA"},"image":{"@id":"https:\/\/saiga.es\/fr\/#\/schema\/logo\/image\/"},"sameAs":["https:\/\/x.com\/saiga_agro","https:\/\/www.instagram.com\/saiga_agro\/"]}]}},"_links":{"self":[{"href":"https:\/\/saiga.es\/fr\/wp-json\/wp\/v2\/product\/7257","targetHints":{"allow":["GET"]}}],"collection":[{"href":"https:\/\/saiga.es\/fr\/wp-json\/wp\/v2\/product"}],"about":[{"href":"https:\/\/saiga.es\/fr\/wp-json\/wp\/v2\/types\/product"}],"replies":[{"embeddable":true,"href":"https:\/\/saiga.es\/fr\/wp-json\/wp\/v2\/comments?post=7257"}],"wp:featuredmedia":[{"embeddable":true,"href":"https:\/\/saiga.es\/fr\/wp-json\/wp\/v2\/media\/11880"}],"wp:attachment":[{"href":"https:\/\/saiga.es\/fr\/wp-json\/wp\/v2\/media?parent=7257"}],"wp:term":[{"taxonomy":"product_brand","embeddable":true,"href":"https:\/\/saiga.es\/fr\/wp-json\/wp\/v2\/product_brand?post=7257"},{"taxonomy":"product_cat","embeddable":true,"href":"https:\/\/saiga.es\/fr\/wp-json\/wp\/v2\/product_cat?post=7257"},{"taxonomy":"product_tag","embeddable":true,"href":"https:\/\/saiga.es\/fr\/wp-json\/wp\/v2\/product_tag?post=7257"}],"curies":[{"name":"wp","href":"https:\/\/api.w.org\/{rel}","templated":true}]}}