{"id":7298,"date":"2024-02-14T09:15:30","date_gmt":"2024-02-14T09:15:30","guid":{"rendered":"https:\/\/botiga.saiga.es\/producte\/substrat-fertiberia-70-l\/"},"modified":"2024-02-14T09:15:30","modified_gmt":"2024-02-14T09:15:30","slug":"substrat-fertiberia-70-l","status":"publish","type":"product","link":"https:\/\/saiga.es\/fr\/produit\/substrat-fertiberia-70-l\/","title":{"rendered":"Substrat Fertiberia 70 L"},"content":{"rendered":"<p>Substrat Fertiberia 70 L. Sac de substrat professionnel adapt\u00e9 \u00e0 tous types de plantes ornementales et horticoles, aussi bien en int\u00e9rieur qu&rsquo;en ext\u00e9rieur. Il poss\u00e8de une structure physique \u00e9quilibr\u00e9e entre ventilation et r\u00e9tention d\u2019eau. Le pH est adapt\u00e9 aux besoins des plantes pour une correcte absorption et utilisation des nutriments.<\/p>\n<p>Il incorpore de l&rsquo;engrais NPK qui apporte les nutriments dont les plantes ont besoin pendant les premi\u00e8res semaines, il est ensuite conseill\u00e9 d&rsquo;apporter des apports suppl\u00e9mentaires d&rsquo;engrais.<\/p>\n","protected":false},"excerpt":{"rendered":"<p>Substrat Fertiberia 70 L. Sac de substrat professionnel adapt\u00e9 \u00e0 tous types de plantes ornementales et horticoles, aussi bien en int\u00e9rieur qu&rsquo;en ext\u00e9rieur. Il poss\u00e8de une structure physique \u00e9quilibr\u00e9e entre ventilation et r\u00e9tention d\u2019eau. Le pH est adapt\u00e9 aux besoins des plantes pour une correcte absorption et utilisation des nutriments.<\/p>\n","protected":false},"featured_media":7296,"comment_status":"open","ping_status":"closed","template":"","meta":[],"product_brand":[],"product_cat":[447],"product_tag":[731,723,730,720],"class_list":{"0":"post-7298","1":"product","2":"type-product","3":"status-publish","4":"has-post-thumbnail","6":"product_cat-terres-potageres","7":"product_tag-fertiberia-fr","8":"product_tag-substrat-fr","9":"product_tag-terra-fr","10":"product_tag-terres-potageres","12":"first","13":"instock","14":"taxable","15":"shipping-taxable","16":"purchasable","17":"product-type-simple"},"yoast_head":"<!-- This site is optimized with the Yoast SEO plugin v27.3 - https:\/\/yoast.com\/product\/yoast-seo-wordpress\/ -->\n<title>Substrat Fertiberia 70 L | SAIGA<\/title>\n<meta name=\"description\" content=\"Substrat Fertiberia 70 L. Sac de substrat professionnel adapt\u00e9 \u00e0 tous types de plantes ornementales et horticoles, aussi bien en int\u00e9rieur qu&#039;en ext\u00e9rieur. Il poss\u00e8de une structure physique \u00e9quilibr\u00e9e entre ventilation et r\u00e9tention d\u2019eau. Le pH est adapt\u00e9 aux besoins des plantes pour une correcte absorption et utilisation des nutriments.\" \/>\n<meta name=\"robots\" content=\"index, follow, max-snippet:-1, max-image-preview:large, max-video-preview:-1\" \/>\n<link rel=\"canonical\" href=\"https:\/\/saiga.es\/fr\/produit\/substrat-fertiberia-70-l\/\" \/>\n<meta property=\"og:locale\" content=\"fr_FR\" \/>\n<meta property=\"og:type\" content=\"article\" \/>\n<meta property=\"og:title\" content=\"Substrat Fertiberia 70 L | SAIGA\" \/>\n<meta property=\"og:description\" content=\"Substrat Fertiberia 70 L. Sac de substrat professionnel adapt\u00e9 \u00e0 tous types de plantes ornementales et horticoles, aussi bien en int\u00e9rieur qu&#039;en ext\u00e9rieur. Il poss\u00e8de une structure physique \u00e9quilibr\u00e9e entre ventilation et r\u00e9tention d\u2019eau. Le pH est adapt\u00e9 aux besoins des plantes pour une correcte absorption et utilisation des nutriments.\" \/>\n<meta property=\"og:url\" content=\"https:\/\/saiga.es\/fr\/produit\/substrat-fertiberia-70-l\/\" \/>\n<meta property=\"og:site_name\" content=\"SAIGA\" \/>\n<meta property=\"og:image\" content=\"https:\/\/saiga.es\/wp-content\/uploads\/2024\/02\/Fertiberia-2.jpg\" \/>\n\t<meta property=\"og:image:width\" content=\"1000\" \/>\n\t<meta property=\"og:image:height\" content=\"1000\" \/>\n\t<meta property=\"og:image:type\" content=\"image\/jpeg\" \/>\n<meta name=\"twitter:card\" content=\"summary_large_image\" \/>\n<meta name=\"twitter:site\" content=\"@saiga_agro\" \/>\n<script type=\"application\/ld+json\" class=\"yoast-schema-graph\">{\"@context\":\"https:\\\/\\\/schema.org\",\"@graph\":[{\"@type\":\"WebPage\",\"@id\":\"https:\\\/\\\/saiga.es\\\/fr\\\/produit\\\/substrat-fertiberia-70-l\\\/\",\"url\":\"https:\\\/\\\/saiga.es\\\/fr\\\/produit\\\/substrat-fertiberia-70-l\\\/\",\"name\":\"Substrat Fertiberia 70 L | SAIGA\",\"isPartOf\":{\"@id\":\"https:\\\/\\\/saiga.es\\\/fr\\\/#website\"},\"primaryImageOfPage\":{\"@id\":\"https:\\\/\\\/saiga.es\\\/fr\\\/produit\\\/substrat-fertiberia-70-l\\\/#primaryimage\"},\"image\":{\"@id\":\"https:\\\/\\\/saiga.es\\\/fr\\\/produit\\\/substrat-fertiberia-70-l\\\/#primaryimage\"},\"thumbnailUrl\":\"https:\\\/\\\/saiga.es\\\/wp-content\\\/uploads\\\/2024\\\/02\\\/Fertiberia-2.jpg\",\"datePublished\":\"2024-02-14T09:15:30+00:00\",\"description\":\"Substrat Fertiberia 70 L. Sac de substrat professionnel adapt\u00e9 \u00e0 tous types de plantes ornementales et horticoles, aussi bien en int\u00e9rieur qu'en ext\u00e9rieur. Il poss\u00e8de une structure physique \u00e9quilibr\u00e9e entre ventilation et r\u00e9tention d\u2019eau. Le pH est adapt\u00e9 aux besoins des plantes pour une correcte absorption et utilisation des nutriments.\",\"breadcrumb\":{\"@id\":\"https:\\\/\\\/saiga.es\\\/fr\\\/produit\\\/substrat-fertiberia-70-l\\\/#breadcrumb\"},\"inLanguage\":\"fr-FR\",\"potentialAction\":[{\"@type\":\"ReadAction\",\"target\":[\"https:\\\/\\\/saiga.es\\\/fr\\\/produit\\\/substrat-fertiberia-70-l\\\/\"]}]},{\"@type\":\"ImageObject\",\"inLanguage\":\"fr-FR\",\"@id\":\"https:\\\/\\\/saiga.es\\\/fr\\\/produit\\\/substrat-fertiberia-70-l\\\/#primaryimage\",\"url\":\"https:\\\/\\\/saiga.es\\\/wp-content\\\/uploads\\\/2024\\\/02\\\/Fertiberia-2.jpg\",\"contentUrl\":\"https:\\\/\\\/saiga.es\\\/wp-content\\\/uploads\\\/2024\\\/02\\\/Fertiberia-2.jpg\",\"width\":1000,\"height\":1000,\"caption\":\"Substrat Fertiberia\"},{\"@type\":\"BreadcrumbList\",\"@id\":\"https:\\\/\\\/saiga.es\\\/fr\\\/produit\\\/substrat-fertiberia-70-l\\\/#breadcrumb\",\"itemListElement\":[{\"@type\":\"ListItem\",\"position\":1,\"name\":\"Inici\",\"item\":\"https:\\\/\\\/saiga.es\\\/fr\\\/\"},{\"@type\":\"ListItem\",\"position\":2,\"name\":\"boutique\",\"item\":\"https:\\\/\\\/saiga.es\\\/fr\\\/boutique\\\/\"},{\"@type\":\"ListItem\",\"position\":3,\"name\":\"Substrat Fertiberia 70 L\"}]},{\"@type\":\"WebSite\",\"@id\":\"https:\\\/\\\/saiga.es\\\/fr\\\/#website\",\"url\":\"https:\\\/\\\/saiga.es\\\/fr\\\/\",\"name\":\"SAIGA\",\"description\":\"M\u00e9s de 50 anys al servei de la terra i treballant per a un \u00fas eficient de l\u2019aigua!\",\"publisher\":{\"@id\":\"https:\\\/\\\/saiga.es\\\/fr\\\/#organization\"},\"potentialAction\":[{\"@type\":\"SearchAction\",\"target\":{\"@type\":\"EntryPoint\",\"urlTemplate\":\"https:\\\/\\\/saiga.es\\\/fr\\\/?s={search_term_string}\"},\"query-input\":{\"@type\":\"PropertyValueSpecification\",\"valueRequired\":true,\"valueName\":\"search_term_string\"}}],\"inLanguage\":\"fr-FR\"},{\"@type\":\"Organization\",\"@id\":\"https:\\\/\\\/saiga.es\\\/fr\\\/#organization\",\"name\":\"SAIGA\",\"url\":\"https:\\\/\\\/saiga.es\\\/fr\\\/\",\"logo\":{\"@type\":\"ImageObject\",\"inLanguage\":\"fr-FR\",\"@id\":\"https:\\\/\\\/saiga.es\\\/fr\\\/#\\\/schema\\\/logo\\\/image\\\/\",\"url\":\"https:\\\/\\\/saiga.es\\\/wp-content\\\/uploads\\\/2025\\\/07\\\/logo_saiga_baseline_optimitzat.svg\",\"contentUrl\":\"https:\\\/\\\/saiga.es\\\/wp-content\\\/uploads\\\/2025\\\/07\\\/logo_saiga_baseline_optimitzat.svg\",\"caption\":\"SAIGA\"},\"image\":{\"@id\":\"https:\\\/\\\/saiga.es\\\/fr\\\/#\\\/schema\\\/logo\\\/image\\\/\"},\"sameAs\":[\"https:\\\/\\\/x.com\\\/saiga_agro\",\"https:\\\/\\\/www.instagram.com\\\/saiga_agro\\\/\"]}]}<\/script>\n<!-- \/ Yoast SEO plugin. -->","yoast_head_json":{"title":"Substrat Fertiberia 70 L | SAIGA","description":"Substrat Fertiberia 70 L. Sac de substrat professionnel adapt\u00e9 \u00e0 tous types de plantes ornementales et horticoles, aussi bien en int\u00e9rieur qu'en ext\u00e9rieur. Il poss\u00e8de une structure physique \u00e9quilibr\u00e9e entre ventilation et r\u00e9tention d\u2019eau. Le pH est adapt\u00e9 aux besoins des plantes pour une correcte absorption et utilisation des nutriments.","robots":{"index":"index","follow":"follow","max-snippet":"max-snippet:-1","max-image-preview":"max-image-preview:large","max-video-preview":"max-video-preview:-1"},"canonical":"https:\/\/saiga.es\/fr\/produit\/substrat-fertiberia-70-l\/","og_locale":"fr_FR","og_type":"article","og_title":"Substrat Fertiberia 70 L | SAIGA","og_description":"Substrat Fertiberia 70 L. Sac de substrat professionnel adapt\u00e9 \u00e0 tous types de plantes ornementales et horticoles, aussi bien en int\u00e9rieur qu'en ext\u00e9rieur. Il poss\u00e8de une structure physique \u00e9quilibr\u00e9e entre ventilation et r\u00e9tention d\u2019eau. Le pH est adapt\u00e9 aux besoins des plantes pour une correcte absorption et utilisation des nutriments.","og_url":"https:\/\/saiga.es\/fr\/produit\/substrat-fertiberia-70-l\/","og_site_name":"SAIGA","og_image":[{"width":1000,"height":1000,"url":"https:\/\/saiga.es\/wp-content\/uploads\/2024\/02\/Fertiberia-2.jpg","type":"image\/jpeg"}],"twitter_card":"summary_large_image","twitter_site":"@saiga_agro","schema":{"@context":"https:\/\/schema.org","@graph":[{"@type":"WebPage","@id":"https:\/\/saiga.es\/fr\/produit\/substrat-fertiberia-70-l\/","url":"https:\/\/saiga.es\/fr\/produit\/substrat-fertiberia-70-l\/","name":"Substrat Fertiberia 70 L | SAIGA","isPartOf":{"@id":"https:\/\/saiga.es\/fr\/#website"},"primaryImageOfPage":{"@id":"https:\/\/saiga.es\/fr\/produit\/substrat-fertiberia-70-l\/#primaryimage"},"image":{"@id":"https:\/\/saiga.es\/fr\/produit\/substrat-fertiberia-70-l\/#primaryimage"},"thumbnailUrl":"https:\/\/saiga.es\/wp-content\/uploads\/2024\/02\/Fertiberia-2.jpg","datePublished":"2024-02-14T09:15:30+00:00","description":"Substrat Fertiberia 70 L. Sac de substrat professionnel adapt\u00e9 \u00e0 tous types de plantes ornementales et horticoles, aussi bien en int\u00e9rieur qu'en ext\u00e9rieur. Il poss\u00e8de une structure physique \u00e9quilibr\u00e9e entre ventilation et r\u00e9tention d\u2019eau. Le pH est adapt\u00e9 aux besoins des plantes pour une correcte absorption et utilisation des nutriments.","breadcrumb":{"@id":"https:\/\/saiga.es\/fr\/produit\/substrat-fertiberia-70-l\/#breadcrumb"},"inLanguage":"fr-FR","potentialAction":[{"@type":"ReadAction","target":["https:\/\/saiga.es\/fr\/produit\/substrat-fertiberia-70-l\/"]}]},{"@type":"ImageObject","inLanguage":"fr-FR","@id":"https:\/\/saiga.es\/fr\/produit\/substrat-fertiberia-70-l\/#primaryimage","url":"https:\/\/saiga.es\/wp-content\/uploads\/2024\/02\/Fertiberia-2.jpg","contentUrl":"https:\/\/saiga.es\/wp-content\/uploads\/2024\/02\/Fertiberia-2.jpg","width":1000,"height":1000,"caption":"Substrat Fertiberia"},{"@type":"BreadcrumbList","@id":"https:\/\/saiga.es\/fr\/produit\/substrat-fertiberia-70-l\/#breadcrumb","itemListElement":[{"@type":"ListItem","position":1,"name":"Inici","item":"https:\/\/saiga.es\/fr\/"},{"@type":"ListItem","position":2,"name":"boutique","item":"https:\/\/saiga.es\/fr\/boutique\/"},{"@type":"ListItem","position":3,"name":"Substrat Fertiberia 70 L"}]},{"@type":"WebSite","@id":"https:\/\/saiga.es\/fr\/#website","url":"https:\/\/saiga.es\/fr\/","name":"SAIGA","description":"M\u00e9s de 50 anys al servei de la terra i treballant per a un \u00fas eficient de l\u2019aigua!","publisher":{"@id":"https:\/\/saiga.es\/fr\/#organization"},"potentialAction":[{"@type":"SearchAction","target":{"@type":"EntryPoint","urlTemplate":"https:\/\/saiga.es\/fr\/?s={search_term_string}"},"query-input":{"@type":"PropertyValueSpecification","valueRequired":true,"valueName":"search_term_string"}}],"inLanguage":"fr-FR"},{"@type":"Organization","@id":"https:\/\/saiga.es\/fr\/#organization","name":"SAIGA","url":"https:\/\/saiga.es\/fr\/","logo":{"@type":"ImageObject","inLanguage":"fr-FR","@id":"https:\/\/saiga.es\/fr\/#\/schema\/logo\/image\/","url":"https:\/\/saiga.es\/wp-content\/uploads\/2025\/07\/logo_saiga_baseline_optimitzat.svg","contentUrl":"https:\/\/saiga.es\/wp-content\/uploads\/2025\/07\/logo_saiga_baseline_optimitzat.svg","caption":"SAIGA"},"image":{"@id":"https:\/\/saiga.es\/fr\/#\/schema\/logo\/image\/"},"sameAs":["https:\/\/x.com\/saiga_agro","https:\/\/www.instagram.com\/saiga_agro\/"]}]}},"_links":{"self":[{"href":"https:\/\/saiga.es\/fr\/wp-json\/wp\/v2\/product\/7298","targetHints":{"allow":["GET"]}}],"collection":[{"href":"https:\/\/saiga.es\/fr\/wp-json\/wp\/v2\/product"}],"about":[{"href":"https:\/\/saiga.es\/fr\/wp-json\/wp\/v2\/types\/product"}],"replies":[{"embeddable":true,"href":"https:\/\/saiga.es\/fr\/wp-json\/wp\/v2\/comments?post=7298"}],"wp:featuredmedia":[{"embeddable":true,"href":"https:\/\/saiga.es\/fr\/wp-json\/wp\/v2\/media\/7296"}],"wp:attachment":[{"href":"https:\/\/saiga.es\/fr\/wp-json\/wp\/v2\/media?parent=7298"}],"wp:term":[{"taxonomy":"product_brand","embeddable":true,"href":"https:\/\/saiga.es\/fr\/wp-json\/wp\/v2\/product_brand?post=7298"},{"taxonomy":"product_cat","embeddable":true,"href":"https:\/\/saiga.es\/fr\/wp-json\/wp\/v2\/product_cat?post=7298"},{"taxonomy":"product_tag","embeddable":true,"href":"https:\/\/saiga.es\/fr\/wp-json\/wp\/v2\/product_tag?post=7298"}],"curies":[{"name":"wp","href":"https:\/\/api.w.org\/{rel}","templated":true}]}}