{"id":7304,"date":"2024-02-14T09:40:40","date_gmt":"2024-02-14T09:40:40","guid":{"rendered":"https:\/\/botiga.saiga.es\/producte\/substrat-universel-vithal-garden-40-l\/"},"modified":"2024-02-14T09:40:40","modified_gmt":"2024-02-14T09:40:40","slug":"substrat-universel-vithal-garden-40-l","status":"publish","type":"product","link":"https:\/\/saiga.es\/fr\/produit\/substrat-universel-vithal-garden-40-l\/","title":{"rendered":"Substrat universel Vithal Garden 40 L"},"content":{"rendered":"<p>Substrat universel Vithal Garden 40 L. Substrat universel sp\u00e9cialement con\u00e7u avec une faible densit\u00e9, parfait pour la manipulation du consommateur.<\/p>\n","protected":false},"excerpt":{"rendered":"<p>Substrat universel Vithal Garden 40 L. Substrat universel sp\u00e9cialement con\u00e7u avec une faible densit\u00e9, parfait pour la manipulation du consommateur.<\/p>\n","protected":false},"featured_media":7302,"comment_status":"closed","ping_status":"closed","template":"","meta":[],"product_brand":[],"product_cat":[447],"product_tag":[738,737,723,730,739,720],"class_list":{"0":"post-7304","1":"product","2":"type-product","3":"status-publish","4":"has-post-thumbnail","6":"product_cat-terres-potageres","7":"product_tag-jardin","8":"product_tag-potager-fr","9":"product_tag-substrat-fr","10":"product_tag-terra-fr","11":"product_tag-terreau-pour-jardin","12":"product_tag-terres-potageres","14":"first","15":"instock","16":"taxable","17":"shipping-taxable","18":"purchasable","19":"product-type-simple"},"yoast_head":"<!-- This site is optimized with the Yoast SEO plugin v27.3 - https:\/\/yoast.com\/product\/yoast-seo-wordpress\/ -->\n<title>Substrat universel Vithal Garden 40 L | SAIGA<\/title>\n<meta name=\"description\" content=\"Substrat universel Vithal Garden 40 L. Substrat universel sp\u00e9cialement con\u00e7u avec une faible densit\u00e9, parfait pour la manipulation du consommateur.\" \/>\n<meta name=\"robots\" content=\"index, follow, max-snippet:-1, max-image-preview:large, max-video-preview:-1\" \/>\n<link rel=\"canonical\" href=\"https:\/\/saiga.es\/fr\/produit\/substrat-universel-vithal-garden-40-l\/\" \/>\n<meta property=\"og:locale\" content=\"fr_FR\" \/>\n<meta property=\"og:type\" content=\"article\" \/>\n<meta property=\"og:title\" content=\"Substrat universel Vithal Garden 40 L | SAIGA\" \/>\n<meta property=\"og:description\" content=\"Substrat universel Vithal Garden 40 L. Substrat universel sp\u00e9cialement con\u00e7u avec une faible densit\u00e9, parfait pour la manipulation du consommateur.\" \/>\n<meta property=\"og:url\" content=\"https:\/\/saiga.es\/fr\/produit\/substrat-universel-vithal-garden-40-l\/\" \/>\n<meta property=\"og:site_name\" content=\"SAIGA\" \/>\n<meta property=\"og:image\" content=\"https:\/\/saiga.es\/wp-content\/uploads\/2024\/02\/Substrat-universal-Vithal.jpg\" \/>\n\t<meta property=\"og:image:width\" content=\"1000\" \/>\n\t<meta property=\"og:image:height\" content=\"1000\" \/>\n\t<meta property=\"og:image:type\" content=\"image\/jpeg\" \/>\n<meta name=\"twitter:card\" content=\"summary_large_image\" \/>\n<meta name=\"twitter:site\" content=\"@saiga_agro\" \/>\n<script type=\"application\/ld+json\" class=\"yoast-schema-graph\">{\"@context\":\"https:\\\/\\\/schema.org\",\"@graph\":[{\"@type\":\"WebPage\",\"@id\":\"https:\\\/\\\/saiga.es\\\/fr\\\/produit\\\/substrat-universel-vithal-garden-40-l\\\/\",\"url\":\"https:\\\/\\\/saiga.es\\\/fr\\\/produit\\\/substrat-universel-vithal-garden-40-l\\\/\",\"name\":\"Substrat universel Vithal Garden 40 L | SAIGA\",\"isPartOf\":{\"@id\":\"https:\\\/\\\/saiga.es\\\/fr\\\/#website\"},\"primaryImageOfPage\":{\"@id\":\"https:\\\/\\\/saiga.es\\\/fr\\\/produit\\\/substrat-universel-vithal-garden-40-l\\\/#primaryimage\"},\"image\":{\"@id\":\"https:\\\/\\\/saiga.es\\\/fr\\\/produit\\\/substrat-universel-vithal-garden-40-l\\\/#primaryimage\"},\"thumbnailUrl\":\"https:\\\/\\\/saiga.es\\\/wp-content\\\/uploads\\\/2024\\\/02\\\/Substrat-universal-Vithal.jpg\",\"datePublished\":\"2024-02-14T09:40:40+00:00\",\"description\":\"Substrat universel Vithal Garden 40 L. Substrat universel sp\u00e9cialement con\u00e7u avec une faible densit\u00e9, parfait pour la manipulation du consommateur.\",\"breadcrumb\":{\"@id\":\"https:\\\/\\\/saiga.es\\\/fr\\\/produit\\\/substrat-universel-vithal-garden-40-l\\\/#breadcrumb\"},\"inLanguage\":\"fr-FR\",\"potentialAction\":[{\"@type\":\"ReadAction\",\"target\":[\"https:\\\/\\\/saiga.es\\\/fr\\\/produit\\\/substrat-universel-vithal-garden-40-l\\\/\"]}]},{\"@type\":\"ImageObject\",\"inLanguage\":\"fr-FR\",\"@id\":\"https:\\\/\\\/saiga.es\\\/fr\\\/produit\\\/substrat-universel-vithal-garden-40-l\\\/#primaryimage\",\"url\":\"https:\\\/\\\/saiga.es\\\/wp-content\\\/uploads\\\/2024\\\/02\\\/Substrat-universal-Vithal.jpg\",\"contentUrl\":\"https:\\\/\\\/saiga.es\\\/wp-content\\\/uploads\\\/2024\\\/02\\\/Substrat-universal-Vithal.jpg\",\"width\":1000,\"height\":1000,\"caption\":\"Substrat universal Vithal\"},{\"@type\":\"BreadcrumbList\",\"@id\":\"https:\\\/\\\/saiga.es\\\/fr\\\/produit\\\/substrat-universel-vithal-garden-40-l\\\/#breadcrumb\",\"itemListElement\":[{\"@type\":\"ListItem\",\"position\":1,\"name\":\"Inici\",\"item\":\"https:\\\/\\\/saiga.es\\\/fr\\\/\"},{\"@type\":\"ListItem\",\"position\":2,\"name\":\"boutique\",\"item\":\"https:\\\/\\\/saiga.es\\\/fr\\\/boutique\\\/\"},{\"@type\":\"ListItem\",\"position\":3,\"name\":\"Substrat universel Vithal Garden 40 L\"}]},{\"@type\":\"WebSite\",\"@id\":\"https:\\\/\\\/saiga.es\\\/fr\\\/#website\",\"url\":\"https:\\\/\\\/saiga.es\\\/fr\\\/\",\"name\":\"SAIGA\",\"description\":\"M\u00e9s de 50 anys al servei de la terra i treballant per a un \u00fas eficient de l\u2019aigua!\",\"publisher\":{\"@id\":\"https:\\\/\\\/saiga.es\\\/fr\\\/#organization\"},\"potentialAction\":[{\"@type\":\"SearchAction\",\"target\":{\"@type\":\"EntryPoint\",\"urlTemplate\":\"https:\\\/\\\/saiga.es\\\/fr\\\/?s={search_term_string}\"},\"query-input\":{\"@type\":\"PropertyValueSpecification\",\"valueRequired\":true,\"valueName\":\"search_term_string\"}}],\"inLanguage\":\"fr-FR\"},{\"@type\":\"Organization\",\"@id\":\"https:\\\/\\\/saiga.es\\\/fr\\\/#organization\",\"name\":\"SAIGA\",\"url\":\"https:\\\/\\\/saiga.es\\\/fr\\\/\",\"logo\":{\"@type\":\"ImageObject\",\"inLanguage\":\"fr-FR\",\"@id\":\"https:\\\/\\\/saiga.es\\\/fr\\\/#\\\/schema\\\/logo\\\/image\\\/\",\"url\":\"https:\\\/\\\/saiga.es\\\/wp-content\\\/uploads\\\/2025\\\/07\\\/logo_saiga_baseline_optimitzat.svg\",\"contentUrl\":\"https:\\\/\\\/saiga.es\\\/wp-content\\\/uploads\\\/2025\\\/07\\\/logo_saiga_baseline_optimitzat.svg\",\"caption\":\"SAIGA\"},\"image\":{\"@id\":\"https:\\\/\\\/saiga.es\\\/fr\\\/#\\\/schema\\\/logo\\\/image\\\/\"},\"sameAs\":[\"https:\\\/\\\/x.com\\\/saiga_agro\",\"https:\\\/\\\/www.instagram.com\\\/saiga_agro\\\/\"]}]}<\/script>\n<!-- \/ Yoast SEO plugin. -->","yoast_head_json":{"title":"Substrat universel Vithal Garden 40 L | SAIGA","description":"Substrat universel Vithal Garden 40 L. Substrat universel sp\u00e9cialement con\u00e7u avec une faible densit\u00e9, parfait pour la manipulation du consommateur.","robots":{"index":"index","follow":"follow","max-snippet":"max-snippet:-1","max-image-preview":"max-image-preview:large","max-video-preview":"max-video-preview:-1"},"canonical":"https:\/\/saiga.es\/fr\/produit\/substrat-universel-vithal-garden-40-l\/","og_locale":"fr_FR","og_type":"article","og_title":"Substrat universel Vithal Garden 40 L | SAIGA","og_description":"Substrat universel Vithal Garden 40 L. Substrat universel sp\u00e9cialement con\u00e7u avec une faible densit\u00e9, parfait pour la manipulation du consommateur.","og_url":"https:\/\/saiga.es\/fr\/produit\/substrat-universel-vithal-garden-40-l\/","og_site_name":"SAIGA","og_image":[{"width":1000,"height":1000,"url":"https:\/\/saiga.es\/wp-content\/uploads\/2024\/02\/Substrat-universal-Vithal.jpg","type":"image\/jpeg"}],"twitter_card":"summary_large_image","twitter_site":"@saiga_agro","schema":{"@context":"https:\/\/schema.org","@graph":[{"@type":"WebPage","@id":"https:\/\/saiga.es\/fr\/produit\/substrat-universel-vithal-garden-40-l\/","url":"https:\/\/saiga.es\/fr\/produit\/substrat-universel-vithal-garden-40-l\/","name":"Substrat universel Vithal Garden 40 L | SAIGA","isPartOf":{"@id":"https:\/\/saiga.es\/fr\/#website"},"primaryImageOfPage":{"@id":"https:\/\/saiga.es\/fr\/produit\/substrat-universel-vithal-garden-40-l\/#primaryimage"},"image":{"@id":"https:\/\/saiga.es\/fr\/produit\/substrat-universel-vithal-garden-40-l\/#primaryimage"},"thumbnailUrl":"https:\/\/saiga.es\/wp-content\/uploads\/2024\/02\/Substrat-universal-Vithal.jpg","datePublished":"2024-02-14T09:40:40+00:00","description":"Substrat universel Vithal Garden 40 L. Substrat universel sp\u00e9cialement con\u00e7u avec une faible densit\u00e9, parfait pour la manipulation du consommateur.","breadcrumb":{"@id":"https:\/\/saiga.es\/fr\/produit\/substrat-universel-vithal-garden-40-l\/#breadcrumb"},"inLanguage":"fr-FR","potentialAction":[{"@type":"ReadAction","target":["https:\/\/saiga.es\/fr\/produit\/substrat-universel-vithal-garden-40-l\/"]}]},{"@type":"ImageObject","inLanguage":"fr-FR","@id":"https:\/\/saiga.es\/fr\/produit\/substrat-universel-vithal-garden-40-l\/#primaryimage","url":"https:\/\/saiga.es\/wp-content\/uploads\/2024\/02\/Substrat-universal-Vithal.jpg","contentUrl":"https:\/\/saiga.es\/wp-content\/uploads\/2024\/02\/Substrat-universal-Vithal.jpg","width":1000,"height":1000,"caption":"Substrat universal Vithal"},{"@type":"BreadcrumbList","@id":"https:\/\/saiga.es\/fr\/produit\/substrat-universel-vithal-garden-40-l\/#breadcrumb","itemListElement":[{"@type":"ListItem","position":1,"name":"Inici","item":"https:\/\/saiga.es\/fr\/"},{"@type":"ListItem","position":2,"name":"boutique","item":"https:\/\/saiga.es\/fr\/boutique\/"},{"@type":"ListItem","position":3,"name":"Substrat universel Vithal Garden 40 L"}]},{"@type":"WebSite","@id":"https:\/\/saiga.es\/fr\/#website","url":"https:\/\/saiga.es\/fr\/","name":"SAIGA","description":"M\u00e9s de 50 anys al servei de la terra i treballant per a un \u00fas eficient de l\u2019aigua!","publisher":{"@id":"https:\/\/saiga.es\/fr\/#organization"},"potentialAction":[{"@type":"SearchAction","target":{"@type":"EntryPoint","urlTemplate":"https:\/\/saiga.es\/fr\/?s={search_term_string}"},"query-input":{"@type":"PropertyValueSpecification","valueRequired":true,"valueName":"search_term_string"}}],"inLanguage":"fr-FR"},{"@type":"Organization","@id":"https:\/\/saiga.es\/fr\/#organization","name":"SAIGA","url":"https:\/\/saiga.es\/fr\/","logo":{"@type":"ImageObject","inLanguage":"fr-FR","@id":"https:\/\/saiga.es\/fr\/#\/schema\/logo\/image\/","url":"https:\/\/saiga.es\/wp-content\/uploads\/2025\/07\/logo_saiga_baseline_optimitzat.svg","contentUrl":"https:\/\/saiga.es\/wp-content\/uploads\/2025\/07\/logo_saiga_baseline_optimitzat.svg","caption":"SAIGA"},"image":{"@id":"https:\/\/saiga.es\/fr\/#\/schema\/logo\/image\/"},"sameAs":["https:\/\/x.com\/saiga_agro","https:\/\/www.instagram.com\/saiga_agro\/"]}]}},"_links":{"self":[{"href":"https:\/\/saiga.es\/fr\/wp-json\/wp\/v2\/product\/7304","targetHints":{"allow":["GET"]}}],"collection":[{"href":"https:\/\/saiga.es\/fr\/wp-json\/wp\/v2\/product"}],"about":[{"href":"https:\/\/saiga.es\/fr\/wp-json\/wp\/v2\/types\/product"}],"replies":[{"embeddable":true,"href":"https:\/\/saiga.es\/fr\/wp-json\/wp\/v2\/comments?post=7304"}],"wp:featuredmedia":[{"embeddable":true,"href":"https:\/\/saiga.es\/fr\/wp-json\/wp\/v2\/media\/7302"}],"wp:attachment":[{"href":"https:\/\/saiga.es\/fr\/wp-json\/wp\/v2\/media?parent=7304"}],"wp:term":[{"taxonomy":"product_brand","embeddable":true,"href":"https:\/\/saiga.es\/fr\/wp-json\/wp\/v2\/product_brand?post=7304"},{"taxonomy":"product_cat","embeddable":true,"href":"https:\/\/saiga.es\/fr\/wp-json\/wp\/v2\/product_cat?post=7304"},{"taxonomy":"product_tag","embeddable":true,"href":"https:\/\/saiga.es\/fr\/wp-json\/wp\/v2\/product_tag?post=7304"}],"curies":[{"name":"wp","href":"https:\/\/api.w.org\/{rel}","templated":true}]}}