{"id":7318,"date":"2024-02-09T07:57:26","date_gmt":"2024-02-09T07:57:26","guid":{"rendered":"https:\/\/botiga.saiga.es\/producte\/adhesif-entomologique-temobi-750ml-impex\/"},"modified":"2024-02-09T07:57:26","modified_gmt":"2024-02-09T07:57:26","slug":"adhesif-entomologique-temobi-750ml-impex","status":"publish","type":"product","link":"https:\/\/saiga.es\/fr\/produit\/adhesif-entomologique-temobi-750ml-impex\/","title":{"rendered":"Adh\u00e9sif entomologique Temobi 750ml. impex"},"content":{"rendered":"<div class=\"flex-1 overflow-hidden\">\n<div class=\"react-scroll-to-bottom--css-gfmeq-79elbk h-full\">\n<div class=\"react-scroll-to-bottom--css-gfmeq-1n7m0yu\">\n<div class=\"flex flex-col pb-9 text-sm\">\n<div class=\"w-full text-token-text-primary\" data-testid=\"conversation-turn-97\">\n<div class=\"px-4 py-2 justify-center text-base md:gap-6 m-auto\">\n<div class=\"flex flex-1 text-base mx-auto gap-3 md:px-5 lg:px-1 xl:px-5 md:max-w-3xl lg:max-w-[40rem] xl:max-w-[48rem] group final-completion\">\n<div class=\"relative flex w-full flex-col lg:w-[calc(100%-115px)] agent-turn\">\n<div class=\"flex-col gap-1 md:gap-3\">\n<div class=\"flex flex-grow flex-col max-w-full\">\n<div class=\"min-h-[20px] text-message flex flex-col items-start gap-3 whitespace-pre-wrap break-words [.text-message+&amp;]:mt-5 overflow-x-auto\" data-message-author-role=\"assistant\" data-message-id=\"6f3b58b8-89fb-412b-9d3c-aca909493218\">\n<div class=\"markdown prose w-full break-words dark:prose-invert light\">\n<p>Adh\u00e9sif entomologique Temobi 750ml. impex<\/p>\n<p>Adh\u00e9sif entomologique Cet adh\u00e9sif de qualit\u00e9 sup\u00e9rieure peut \u00eatre appliqu\u00e9 avec pr\u00e9cision au pinceau ou au pinceau, offrant une solution efficace pour capturer les insectes volants et rampants. Apr\u00e8s application, la vaporisation du produit ne pr\u00e9sente aucun risque toxique, garantissant une interaction s\u00fbre avec l&rsquo;environnement. Sa formule innovante \u00e9vite le dess\u00e8chement et pr\u00e9serve ses caract\u00e9ristiques, m\u00eame lorsqu&rsquo;elle est expos\u00e9e \u00e0 divers agents atmosph\u00e9riques, garantissant une efficacit\u00e9 durable dans la lutte contre les insectes.<\/p>\n<\/div>\n<\/div>\n<\/div>\n<div class=\"mt-1 flex justify-start gap-3 empty:hidden\">\n<div class=\"text-gray-400 flex self-end lg:self-center justify-center lg:justify-start mt-0 -ml-1 visible\">\n<p>&nbsp;<\/p>\n<div class=\"flex items-center gap-1.5 text-xs\"><\/div>\n<div class=\"flex\"><\/div>\n<\/div>\n<\/div>\n<\/div>\n<div class=\"absolute\">\n<div class=\"flex w-full gap-2 items-center justify-center\"><\/div>\n<\/div>\n<\/div>\n<\/div>\n<\/div>\n<\/div>\n<\/div>\n<\/div>\n<\/div>\n<\/div>\n<div class=\"w-full pt-2 md:pt-0 dark:border-white\/20 md:border-transparent md:dark:border-transparent md:w-[calc(100%-.5rem)]\">\n<form class=\"stretch mx-2 flex flex-row gap-3 last:mb-2 md:mx-4 md:last:mb-6 lg:mx-auto lg:max-w-2xl xl:max-w-3xl\">\n<div class=\"relative flex h-full flex-1 items-stretch md:flex-col\">\n<div class=\"flex w-full items-center\"><\/div>\n<\/div>\n<\/form>\n<\/div>\n","protected":false},"excerpt":{"rendered":"<div class=\"flex flex-grow flex-col max-w-full\">\n<div class=\"min-h-[20px] text-message flex flex-col items-start gap-3 whitespace-pre-wrap break-words [.text-message+&amp;]:mt-5 overflow-x-auto\" data-message-author-role=\"assistant\" data-message-id=\"6f3b58b8-89fb-412b-9d3c-aca909493218\">\n<div class=\"markdown prose w-full break-words dark:prose-invert light\">\n<p>Adh\u00e9sif entomologique Temobi 750ml. impex<\/p>\n<p>Adh\u00e9sif entomologique Cet adh\u00e9sif de qualit\u00e9 sup\u00e9rieure peut \u00eatre appliqu\u00e9 avec pr\u00e9cision au pinceau ou au pinceau, offrant une solution efficace pour capturer les insectes volants et rampants. Apr\u00e8s application, la vaporisation du produit ne pr\u00e9sente aucun risque toxique, garantissant une interaction s\u00fbre avec l&rsquo;environnement. Sa formule innovante \u00e9vite le dess\u00e8chement et pr\u00e9serve ses caract\u00e9ristiques, m\u00eame lorsqu&rsquo;elle est expos\u00e9e \u00e0 divers agents atmosph\u00e9riques, garantissant une efficacit\u00e9 durable dans la lutte contre les insectes.<\/p>\n<\/div>\n<\/div>\n<\/div>\n<div class=\"mt-1 flex justify-start gap-3 empty:hidden\">\n<div class=\"text-gray-400 flex self-end lg:self-center justify-center lg:justify-start mt-0 -ml-1 visible\"><\/div>\n<\/div>\n","protected":false},"featured_media":11940,"comment_status":"open","ping_status":"closed","template":"","meta":[],"product_brand":[],"product_cat":[442],"product_tag":[],"class_list":{"0":"post-7318","1":"product","2":"type-product","3":"status-publish","4":"has-post-thumbnail","6":"product_cat-non-classe","8":"first","9":"instock","10":"sale","11":"taxable","12":"shipping-taxable","13":"purchasable","14":"product-type-simple"},"yoast_head":"<!-- This site is optimized with the Yoast SEO plugin v27.4 - https:\/\/yoast.com\/product\/yoast-seo-wordpress\/ -->\n<title>Adh\u00e9sif entomologique Temobi 750ml. impex | SAIGA<\/title>\n<meta name=\"description\" content=\"L&#039;autocollant entomologique temobi offre une solution efficace pour capturer les insectes volants et rampants, garantissant une interaction s\u00fbre avec l&#039;environnement.\" \/>\n<meta name=\"robots\" content=\"index, follow, max-snippet:-1, max-image-preview:large, max-video-preview:-1\" \/>\n<link rel=\"canonical\" href=\"https:\/\/saiga.es\/fr\/produit\/adhesif-entomologique-temobi-750ml-impex\/\" \/>\n<meta property=\"og:locale\" content=\"fr_FR\" \/>\n<meta property=\"og:type\" content=\"article\" \/>\n<meta property=\"og:title\" content=\"Adh\u00e9sif entomologique Temobi 750ml. impex | SAIGA\" \/>\n<meta property=\"og:description\" content=\"L&#039;autocollant entomologique temobi offre une solution efficace pour capturer les insectes volants et rampants, garantissant une interaction s\u00fbre avec l&#039;environnement.\" \/>\n<meta property=\"og:url\" content=\"https:\/\/saiga.es\/fr\/produit\/adhesif-entomologique-temobi-750ml-impex\/\" \/>\n<meta property=\"og:site_name\" content=\"SAIGA\" \/>\n<meta property=\"og:image\" content=\"https:\/\/saiga.es\/wp-content\/uploads\/2024\/02\/Temobi-insect.jpg\" \/>\n\t<meta property=\"og:image:width\" content=\"1080\" \/>\n\t<meta property=\"og:image:height\" content=\"1080\" \/>\n\t<meta property=\"og:image:type\" content=\"image\/jpeg\" \/>\n<meta name=\"twitter:card\" content=\"summary_large_image\" \/>\n<meta name=\"twitter:site\" content=\"@saiga_agro\" \/>\n<script type=\"application\/ld+json\" class=\"yoast-schema-graph\">{\"@context\":\"https:\\\/\\\/schema.org\",\"@graph\":[{\"@type\":\"WebPage\",\"@id\":\"https:\\\/\\\/saiga.es\\\/fr\\\/produit\\\/adhesif-entomologique-temobi-750ml-impex\\\/\",\"url\":\"https:\\\/\\\/saiga.es\\\/fr\\\/produit\\\/adhesif-entomologique-temobi-750ml-impex\\\/\",\"name\":\"Adh\u00e9sif entomologique Temobi 750ml. impex | SAIGA\",\"isPartOf\":{\"@id\":\"https:\\\/\\\/saiga.es\\\/fr\\\/#website\"},\"primaryImageOfPage\":{\"@id\":\"https:\\\/\\\/saiga.es\\\/fr\\\/produit\\\/adhesif-entomologique-temobi-750ml-impex\\\/#primaryimage\"},\"image\":{\"@id\":\"https:\\\/\\\/saiga.es\\\/fr\\\/produit\\\/adhesif-entomologique-temobi-750ml-impex\\\/#primaryimage\"},\"thumbnailUrl\":\"https:\\\/\\\/saiga.es\\\/wp-content\\\/uploads\\\/2024\\\/02\\\/Temobi-insect.jpg\",\"datePublished\":\"2024-02-09T07:57:26+00:00\",\"description\":\"L'autocollant entomologique temobi offre une solution efficace pour capturer les insectes volants et rampants, garantissant une interaction s\u00fbre avec l'environnement.\",\"breadcrumb\":{\"@id\":\"https:\\\/\\\/saiga.es\\\/fr\\\/produit\\\/adhesif-entomologique-temobi-750ml-impex\\\/#breadcrumb\"},\"inLanguage\":\"fr-FR\",\"potentialAction\":[{\"@type\":\"ReadAction\",\"target\":[\"https:\\\/\\\/saiga.es\\\/fr\\\/produit\\\/adhesif-entomologique-temobi-750ml-impex\\\/\"]}]},{\"@type\":\"ImageObject\",\"inLanguage\":\"fr-FR\",\"@id\":\"https:\\\/\\\/saiga.es\\\/fr\\\/produit\\\/adhesif-entomologique-temobi-750ml-impex\\\/#primaryimage\",\"url\":\"https:\\\/\\\/saiga.es\\\/wp-content\\\/uploads\\\/2024\\\/02\\\/Temobi-insect.jpg\",\"contentUrl\":\"https:\\\/\\\/saiga.es\\\/wp-content\\\/uploads\\\/2024\\\/02\\\/Temobi-insect.jpg\",\"width\":1080,\"height\":1080,\"caption\":\"Temobi insect\"},{\"@type\":\"BreadcrumbList\",\"@id\":\"https:\\\/\\\/saiga.es\\\/fr\\\/produit\\\/adhesif-entomologique-temobi-750ml-impex\\\/#breadcrumb\",\"itemListElement\":[{\"@type\":\"ListItem\",\"position\":1,\"name\":\"Inici\",\"item\":\"https:\\\/\\\/saiga.es\\\/fr\\\/\"},{\"@type\":\"ListItem\",\"position\":2,\"name\":\"boutique\",\"item\":\"https:\\\/\\\/saiga.es\\\/fr\\\/boutique\\\/\"},{\"@type\":\"ListItem\",\"position\":3,\"name\":\"Adh\u00e9sif entomologique Temobi 750ml. impex\"}]},{\"@type\":\"WebSite\",\"@id\":\"https:\\\/\\\/saiga.es\\\/fr\\\/#website\",\"url\":\"https:\\\/\\\/saiga.es\\\/fr\\\/\",\"name\":\"SAIGA\",\"description\":\"M\u00e9s de 50 anys al servei de la terra i treballant per a un \u00fas eficient de l\u2019aigua!\",\"publisher\":{\"@id\":\"https:\\\/\\\/saiga.es\\\/fr\\\/#organization\"},\"potentialAction\":[{\"@type\":\"SearchAction\",\"target\":{\"@type\":\"EntryPoint\",\"urlTemplate\":\"https:\\\/\\\/saiga.es\\\/fr\\\/?s={search_term_string}\"},\"query-input\":{\"@type\":\"PropertyValueSpecification\",\"valueRequired\":true,\"valueName\":\"search_term_string\"}}],\"inLanguage\":\"fr-FR\"},{\"@type\":\"Organization\",\"@id\":\"https:\\\/\\\/saiga.es\\\/fr\\\/#organization\",\"name\":\"SAIGA\",\"url\":\"https:\\\/\\\/saiga.es\\\/fr\\\/\",\"logo\":{\"@type\":\"ImageObject\",\"inLanguage\":\"fr-FR\",\"@id\":\"https:\\\/\\\/saiga.es\\\/fr\\\/#\\\/schema\\\/logo\\\/image\\\/\",\"url\":\"https:\\\/\\\/saiga.es\\\/wp-content\\\/uploads\\\/2025\\\/07\\\/logo_saiga_baseline_optimitzat.svg\",\"contentUrl\":\"https:\\\/\\\/saiga.es\\\/wp-content\\\/uploads\\\/2025\\\/07\\\/logo_saiga_baseline_optimitzat.svg\",\"caption\":\"SAIGA\"},\"image\":{\"@id\":\"https:\\\/\\\/saiga.es\\\/fr\\\/#\\\/schema\\\/logo\\\/image\\\/\"},\"sameAs\":[\"https:\\\/\\\/x.com\\\/saiga_agro\",\"https:\\\/\\\/www.instagram.com\\\/saiga_agro\\\/\"]}]}<\/script>\n<!-- \/ Yoast SEO plugin. -->","yoast_head_json":{"title":"Adh\u00e9sif entomologique Temobi 750ml. impex | SAIGA","description":"L'autocollant entomologique temobi offre une solution efficace pour capturer les insectes volants et rampants, garantissant une interaction s\u00fbre avec l'environnement.","robots":{"index":"index","follow":"follow","max-snippet":"max-snippet:-1","max-image-preview":"max-image-preview:large","max-video-preview":"max-video-preview:-1"},"canonical":"https:\/\/saiga.es\/fr\/produit\/adhesif-entomologique-temobi-750ml-impex\/","og_locale":"fr_FR","og_type":"article","og_title":"Adh\u00e9sif entomologique Temobi 750ml. impex | SAIGA","og_description":"L'autocollant entomologique temobi offre une solution efficace pour capturer les insectes volants et rampants, garantissant une interaction s\u00fbre avec l'environnement.","og_url":"https:\/\/saiga.es\/fr\/produit\/adhesif-entomologique-temobi-750ml-impex\/","og_site_name":"SAIGA","og_image":[{"width":1080,"height":1080,"url":"https:\/\/saiga.es\/wp-content\/uploads\/2024\/02\/Temobi-insect.jpg","type":"image\/jpeg"}],"twitter_card":"summary_large_image","twitter_site":"@saiga_agro","schema":{"@context":"https:\/\/schema.org","@graph":[{"@type":"WebPage","@id":"https:\/\/saiga.es\/fr\/produit\/adhesif-entomologique-temobi-750ml-impex\/","url":"https:\/\/saiga.es\/fr\/produit\/adhesif-entomologique-temobi-750ml-impex\/","name":"Adh\u00e9sif entomologique Temobi 750ml. impex | SAIGA","isPartOf":{"@id":"https:\/\/saiga.es\/fr\/#website"},"primaryImageOfPage":{"@id":"https:\/\/saiga.es\/fr\/produit\/adhesif-entomologique-temobi-750ml-impex\/#primaryimage"},"image":{"@id":"https:\/\/saiga.es\/fr\/produit\/adhesif-entomologique-temobi-750ml-impex\/#primaryimage"},"thumbnailUrl":"https:\/\/saiga.es\/wp-content\/uploads\/2024\/02\/Temobi-insect.jpg","datePublished":"2024-02-09T07:57:26+00:00","description":"L'autocollant entomologique temobi offre une solution efficace pour capturer les insectes volants et rampants, garantissant une interaction s\u00fbre avec l'environnement.","breadcrumb":{"@id":"https:\/\/saiga.es\/fr\/produit\/adhesif-entomologique-temobi-750ml-impex\/#breadcrumb"},"inLanguage":"fr-FR","potentialAction":[{"@type":"ReadAction","target":["https:\/\/saiga.es\/fr\/produit\/adhesif-entomologique-temobi-750ml-impex\/"]}]},{"@type":"ImageObject","inLanguage":"fr-FR","@id":"https:\/\/saiga.es\/fr\/produit\/adhesif-entomologique-temobi-750ml-impex\/#primaryimage","url":"https:\/\/saiga.es\/wp-content\/uploads\/2024\/02\/Temobi-insect.jpg","contentUrl":"https:\/\/saiga.es\/wp-content\/uploads\/2024\/02\/Temobi-insect.jpg","width":1080,"height":1080,"caption":"Temobi insect"},{"@type":"BreadcrumbList","@id":"https:\/\/saiga.es\/fr\/produit\/adhesif-entomologique-temobi-750ml-impex\/#breadcrumb","itemListElement":[{"@type":"ListItem","position":1,"name":"Inici","item":"https:\/\/saiga.es\/fr\/"},{"@type":"ListItem","position":2,"name":"boutique","item":"https:\/\/saiga.es\/fr\/boutique\/"},{"@type":"ListItem","position":3,"name":"Adh\u00e9sif entomologique Temobi 750ml. impex"}]},{"@type":"WebSite","@id":"https:\/\/saiga.es\/fr\/#website","url":"https:\/\/saiga.es\/fr\/","name":"SAIGA","description":"M\u00e9s de 50 anys al servei de la terra i treballant per a un \u00fas eficient de l\u2019aigua!","publisher":{"@id":"https:\/\/saiga.es\/fr\/#organization"},"potentialAction":[{"@type":"SearchAction","target":{"@type":"EntryPoint","urlTemplate":"https:\/\/saiga.es\/fr\/?s={search_term_string}"},"query-input":{"@type":"PropertyValueSpecification","valueRequired":true,"valueName":"search_term_string"}}],"inLanguage":"fr-FR"},{"@type":"Organization","@id":"https:\/\/saiga.es\/fr\/#organization","name":"SAIGA","url":"https:\/\/saiga.es\/fr\/","logo":{"@type":"ImageObject","inLanguage":"fr-FR","@id":"https:\/\/saiga.es\/fr\/#\/schema\/logo\/image\/","url":"https:\/\/saiga.es\/wp-content\/uploads\/2025\/07\/logo_saiga_baseline_optimitzat.svg","contentUrl":"https:\/\/saiga.es\/wp-content\/uploads\/2025\/07\/logo_saiga_baseline_optimitzat.svg","caption":"SAIGA"},"image":{"@id":"https:\/\/saiga.es\/fr\/#\/schema\/logo\/image\/"},"sameAs":["https:\/\/x.com\/saiga_agro","https:\/\/www.instagram.com\/saiga_agro\/"]}]}},"_links":{"self":[{"href":"https:\/\/saiga.es\/fr\/wp-json\/wp\/v2\/product\/7318","targetHints":{"allow":["GET"]}}],"collection":[{"href":"https:\/\/saiga.es\/fr\/wp-json\/wp\/v2\/product"}],"about":[{"href":"https:\/\/saiga.es\/fr\/wp-json\/wp\/v2\/types\/product"}],"replies":[{"embeddable":true,"href":"https:\/\/saiga.es\/fr\/wp-json\/wp\/v2\/comments?post=7318"}],"wp:featuredmedia":[{"embeddable":true,"href":"https:\/\/saiga.es\/fr\/wp-json\/wp\/v2\/media\/11940"}],"wp:attachment":[{"href":"https:\/\/saiga.es\/fr\/wp-json\/wp\/v2\/media?parent=7318"}],"wp:term":[{"taxonomy":"product_brand","embeddable":true,"href":"https:\/\/saiga.es\/fr\/wp-json\/wp\/v2\/product_brand?post=7318"},{"taxonomy":"product_cat","embeddable":true,"href":"https:\/\/saiga.es\/fr\/wp-json\/wp\/v2\/product_cat?post=7318"},{"taxonomy":"product_tag","embeddable":true,"href":"https:\/\/saiga.es\/fr\/wp-json\/wp\/v2\/product_tag?post=7318"}],"curies":[{"name":"wp","href":"https:\/\/api.w.org\/{rel}","templated":true}]}}