{"id":7320,"date":"2024-02-09T09:30:03","date_gmt":"2024-02-09T09:30:03","guid":{"rendered":"https:\/\/botiga.saiga.es\/producte\/killer-trap-piege-a-guepes\/"},"modified":"2025-10-27T07:53:37","modified_gmt":"2025-10-27T07:53:37","slug":"killer-trap-piege-a-guepes","status":"publish","type":"product","link":"https:\/\/saiga.es\/fr\/produit\/killer-trap-piege-a-guepes\/","title":{"rendered":"Killer trap pi\u00e8ge \u00e0 gu\u00eapes"},"content":{"rendered":"<p>Killer trap pi\u00e8ge \u00e0 gu\u00eapes<\/p>\n<p>R\u00e9cipient pour attractifs pour attraper les insectes volants, l&rsquo;app\u00e2t constitue un moyen efficace et rapide d&rsquo;\u00e9liminer les gu\u00eapes. L&rsquo;app\u00e2t est plac\u00e9 \u00e0 l&rsquo;int\u00e9rieur du pi\u00e8ge et m\u00e9lang\u00e9 \u00e0 de l&rsquo;eau pour provoquer la noyade et la mort des insectes. Son application est simple : remplissez le pi\u00e8ge jusqu&rsquo;\u00e0 la ligne d&rsquo;eau, versez le contenu de l&rsquo;app\u00e2t \u00e0 l&rsquo;int\u00e9rieur et remuez jusqu&rsquo;\u00e0 obtenir un m\u00e9lange homog\u00e8ne. Dans deux semaines, le pi\u00e8ge sera rempli de gu\u00eapes. Placez le pi\u00e8ge et l&rsquo;app\u00e2t pr\u00e8s de la zone souhait\u00e9e, suspendus \u00e0 un arbre ou \u00e0 un poteau. Pour nettoyer le pi\u00e8ge, videz le contenu, nettoyez-le et il sera \u00e0 nouveau pr\u00eat \u00e0 l&#8217;emploi.<\/p>\n","protected":false},"excerpt":{"rendered":"<p>Killer trap pi\u00e8ge \u00e0 gu\u00eapes<\/p>\n<p>R\u00e9cipient pour attractifs pour attraper les insectes volants, l&rsquo;app\u00e2t constitue un moyen efficace et rapide d&rsquo;\u00e9liminer les gu\u00eapes. L&rsquo;app\u00e2t est plac\u00e9 \u00e0 l&rsquo;int\u00e9rieur du pi\u00e8ge et m\u00e9lang\u00e9 \u00e0 de l&rsquo;eau pour provoquer la noyade et la mort des insectes. Son application est simple : remplissez le pi\u00e8ge jusqu&rsquo;\u00e0 la ligne d&rsquo;eau, versez le contenu de l&rsquo;app\u00e2t \u00e0 l&rsquo;int\u00e9rieur et remuez jusqu&rsquo;\u00e0 obtenir un m\u00e9lange homog\u00e8ne. Dans deux semaines, le pi\u00e8ge sera rempli de gu\u00eapes. Placez le pi\u00e8ge et l&rsquo;app\u00e2t pr\u00e8s de la zone souhait\u00e9e, suspendus \u00e0 un arbre ou \u00e0 un poteau. Pour nettoyer le pi\u00e8ge, videz le contenu, nettoyez-le et il sera \u00e0 nouveau pr\u00eat \u00e0 l&#8217;emploi.<\/p>\n","protected":false},"featured_media":11931,"comment_status":"open","ping_status":"closed","template":"","meta":[],"product_brand":[],"product_cat":[442],"product_tag":[],"class_list":{"0":"post-7320","1":"product","2":"type-product","3":"status-publish","4":"has-post-thumbnail","6":"product_cat-non-classe","8":"first","9":"instock","10":"taxable","11":"shipping-taxable","12":"purchasable","13":"product-type-simple"},"yoast_head":"<!-- This site is optimized with the Yoast SEO plugin v27.4 - https:\/\/yoast.com\/product\/yoast-seo-wordpress\/ -->\n<title>Killer trap pi\u00e8ge \u00e0 gu\u00eapes | SAIGA<\/title>\n<meta name=\"description\" content=\"Killer trap pi\u00e8ge \u00e0 gu\u00eapes, r\u00e9cipient attractif pour attraper les insectes volants, l&#039;app\u00e2t constitue un moyen efficace pour \u00e9liminer les gu\u00eapes.\" \/>\n<meta name=\"robots\" content=\"index, follow, max-snippet:-1, max-image-preview:large, max-video-preview:-1\" \/>\n<link rel=\"canonical\" href=\"https:\/\/saiga.es\/fr\/produit\/killer-trap-piege-a-guepes\/\" \/>\n<meta property=\"og:locale\" content=\"fr_FR\" \/>\n<meta property=\"og:type\" content=\"article\" \/>\n<meta property=\"og:title\" content=\"Killer trap pi\u00e8ge \u00e0 gu\u00eapes | SAIGA\" \/>\n<meta property=\"og:description\" content=\"Killer trap pi\u00e8ge \u00e0 gu\u00eapes, r\u00e9cipient attractif pour attraper les insectes volants, l&#039;app\u00e2t constitue un moyen efficace pour \u00e9liminer les gu\u00eapes.\" \/>\n<meta property=\"og:url\" content=\"https:\/\/saiga.es\/fr\/produit\/killer-trap-piege-a-guepes\/\" \/>\n<meta property=\"og:site_name\" content=\"SAIGA\" \/>\n<meta property=\"article:modified_time\" content=\"2025-10-27T07:53:37+00:00\" \/>\n<meta property=\"og:image\" content=\"https:\/\/saiga.es\/wp-content\/uploads\/2024\/02\/Killer-trampa-de-vespes.jpg\" \/>\n\t<meta property=\"og:image:width\" content=\"1080\" \/>\n\t<meta property=\"og:image:height\" content=\"1080\" \/>\n\t<meta property=\"og:image:type\" content=\"image\/jpeg\" \/>\n<meta name=\"twitter:card\" content=\"summary_large_image\" \/>\n<meta name=\"twitter:site\" content=\"@saiga_agro\" \/>\n<meta name=\"twitter:label1\" content=\"Dur\u00e9e de lecture estim\u00e9e\" \/>\n\t<meta name=\"twitter:data1\" content=\"1 minute\" \/>\n<script type=\"application\/ld+json\" class=\"yoast-schema-graph\">{\"@context\":\"https:\\\/\\\/schema.org\",\"@graph\":[{\"@type\":\"WebPage\",\"@id\":\"https:\\\/\\\/saiga.es\\\/fr\\\/produit\\\/killer-trap-piege-a-guepes\\\/\",\"url\":\"https:\\\/\\\/saiga.es\\\/fr\\\/produit\\\/killer-trap-piege-a-guepes\\\/\",\"name\":\"Killer trap pi\u00e8ge \u00e0 gu\u00eapes | SAIGA\",\"isPartOf\":{\"@id\":\"https:\\\/\\\/saiga.es\\\/fr\\\/#website\"},\"primaryImageOfPage\":{\"@id\":\"https:\\\/\\\/saiga.es\\\/fr\\\/produit\\\/killer-trap-piege-a-guepes\\\/#primaryimage\"},\"image\":{\"@id\":\"https:\\\/\\\/saiga.es\\\/fr\\\/produit\\\/killer-trap-piege-a-guepes\\\/#primaryimage\"},\"thumbnailUrl\":\"https:\\\/\\\/saiga.es\\\/wp-content\\\/uploads\\\/2024\\\/02\\\/Killer-trampa-de-vespes.jpg\",\"datePublished\":\"2024-02-09T09:30:03+00:00\",\"dateModified\":\"2025-10-27T07:53:37+00:00\",\"description\":\"Killer trap pi\u00e8ge \u00e0 gu\u00eapes, r\u00e9cipient attractif pour attraper les insectes volants, l'app\u00e2t constitue un moyen efficace pour \u00e9liminer les gu\u00eapes.\",\"breadcrumb\":{\"@id\":\"https:\\\/\\\/saiga.es\\\/fr\\\/produit\\\/killer-trap-piege-a-guepes\\\/#breadcrumb\"},\"inLanguage\":\"fr-FR\",\"potentialAction\":[{\"@type\":\"ReadAction\",\"target\":[\"https:\\\/\\\/saiga.es\\\/fr\\\/produit\\\/killer-trap-piege-a-guepes\\\/\"]}]},{\"@type\":\"ImageObject\",\"inLanguage\":\"fr-FR\",\"@id\":\"https:\\\/\\\/saiga.es\\\/fr\\\/produit\\\/killer-trap-piege-a-guepes\\\/#primaryimage\",\"url\":\"https:\\\/\\\/saiga.es\\\/wp-content\\\/uploads\\\/2024\\\/02\\\/Killer-trampa-de-vespes.jpg\",\"contentUrl\":\"https:\\\/\\\/saiga.es\\\/wp-content\\\/uploads\\\/2024\\\/02\\\/Killer-trampa-de-vespes.jpg\",\"width\":1080,\"height\":1080,\"caption\":\"Trampa vespes\"},{\"@type\":\"BreadcrumbList\",\"@id\":\"https:\\\/\\\/saiga.es\\\/fr\\\/produit\\\/killer-trap-piege-a-guepes\\\/#breadcrumb\",\"itemListElement\":[{\"@type\":\"ListItem\",\"position\":1,\"name\":\"Inici\",\"item\":\"https:\\\/\\\/saiga.es\\\/fr\\\/\"},{\"@type\":\"ListItem\",\"position\":2,\"name\":\"boutique\",\"item\":\"https:\\\/\\\/saiga.es\\\/fr\\\/boutique\\\/\"},{\"@type\":\"ListItem\",\"position\":3,\"name\":\"Killer trap pi\u00e8ge \u00e0 gu\u00eapes\"}]},{\"@type\":\"WebSite\",\"@id\":\"https:\\\/\\\/saiga.es\\\/fr\\\/#website\",\"url\":\"https:\\\/\\\/saiga.es\\\/fr\\\/\",\"name\":\"SAIGA\",\"description\":\"M\u00e9s de 50 anys al servei de la terra i treballant per a un \u00fas eficient de l\u2019aigua!\",\"publisher\":{\"@id\":\"https:\\\/\\\/saiga.es\\\/fr\\\/#organization\"},\"potentialAction\":[{\"@type\":\"SearchAction\",\"target\":{\"@type\":\"EntryPoint\",\"urlTemplate\":\"https:\\\/\\\/saiga.es\\\/fr\\\/?s={search_term_string}\"},\"query-input\":{\"@type\":\"PropertyValueSpecification\",\"valueRequired\":true,\"valueName\":\"search_term_string\"}}],\"inLanguage\":\"fr-FR\"},{\"@type\":\"Organization\",\"@id\":\"https:\\\/\\\/saiga.es\\\/fr\\\/#organization\",\"name\":\"SAIGA\",\"url\":\"https:\\\/\\\/saiga.es\\\/fr\\\/\",\"logo\":{\"@type\":\"ImageObject\",\"inLanguage\":\"fr-FR\",\"@id\":\"https:\\\/\\\/saiga.es\\\/fr\\\/#\\\/schema\\\/logo\\\/image\\\/\",\"url\":\"https:\\\/\\\/saiga.es\\\/wp-content\\\/uploads\\\/2025\\\/07\\\/logo_saiga_baseline_optimitzat.svg\",\"contentUrl\":\"https:\\\/\\\/saiga.es\\\/wp-content\\\/uploads\\\/2025\\\/07\\\/logo_saiga_baseline_optimitzat.svg\",\"caption\":\"SAIGA\"},\"image\":{\"@id\":\"https:\\\/\\\/saiga.es\\\/fr\\\/#\\\/schema\\\/logo\\\/image\\\/\"},\"sameAs\":[\"https:\\\/\\\/x.com\\\/saiga_agro\",\"https:\\\/\\\/www.instagram.com\\\/saiga_agro\\\/\"]}]}<\/script>\n<!-- \/ Yoast SEO plugin. -->","yoast_head_json":{"title":"Killer trap pi\u00e8ge \u00e0 gu\u00eapes | SAIGA","description":"Killer trap pi\u00e8ge \u00e0 gu\u00eapes, r\u00e9cipient attractif pour attraper les insectes volants, l'app\u00e2t constitue un moyen efficace pour \u00e9liminer les gu\u00eapes.","robots":{"index":"index","follow":"follow","max-snippet":"max-snippet:-1","max-image-preview":"max-image-preview:large","max-video-preview":"max-video-preview:-1"},"canonical":"https:\/\/saiga.es\/fr\/produit\/killer-trap-piege-a-guepes\/","og_locale":"fr_FR","og_type":"article","og_title":"Killer trap pi\u00e8ge \u00e0 gu\u00eapes | SAIGA","og_description":"Killer trap pi\u00e8ge \u00e0 gu\u00eapes, r\u00e9cipient attractif pour attraper les insectes volants, l'app\u00e2t constitue un moyen efficace pour \u00e9liminer les gu\u00eapes.","og_url":"https:\/\/saiga.es\/fr\/produit\/killer-trap-piege-a-guepes\/","og_site_name":"SAIGA","article_modified_time":"2025-10-27T07:53:37+00:00","og_image":[{"width":1080,"height":1080,"url":"https:\/\/saiga.es\/wp-content\/uploads\/2024\/02\/Killer-trampa-de-vespes.jpg","type":"image\/jpeg"}],"twitter_card":"summary_large_image","twitter_site":"@saiga_agro","twitter_misc":{"Dur\u00e9e de lecture estim\u00e9e":"1 minute"},"schema":{"@context":"https:\/\/schema.org","@graph":[{"@type":"WebPage","@id":"https:\/\/saiga.es\/fr\/produit\/killer-trap-piege-a-guepes\/","url":"https:\/\/saiga.es\/fr\/produit\/killer-trap-piege-a-guepes\/","name":"Killer trap pi\u00e8ge \u00e0 gu\u00eapes | SAIGA","isPartOf":{"@id":"https:\/\/saiga.es\/fr\/#website"},"primaryImageOfPage":{"@id":"https:\/\/saiga.es\/fr\/produit\/killer-trap-piege-a-guepes\/#primaryimage"},"image":{"@id":"https:\/\/saiga.es\/fr\/produit\/killer-trap-piege-a-guepes\/#primaryimage"},"thumbnailUrl":"https:\/\/saiga.es\/wp-content\/uploads\/2024\/02\/Killer-trampa-de-vespes.jpg","datePublished":"2024-02-09T09:30:03+00:00","dateModified":"2025-10-27T07:53:37+00:00","description":"Killer trap pi\u00e8ge \u00e0 gu\u00eapes, r\u00e9cipient attractif pour attraper les insectes volants, l'app\u00e2t constitue un moyen efficace pour \u00e9liminer les gu\u00eapes.","breadcrumb":{"@id":"https:\/\/saiga.es\/fr\/produit\/killer-trap-piege-a-guepes\/#breadcrumb"},"inLanguage":"fr-FR","potentialAction":[{"@type":"ReadAction","target":["https:\/\/saiga.es\/fr\/produit\/killer-trap-piege-a-guepes\/"]}]},{"@type":"ImageObject","inLanguage":"fr-FR","@id":"https:\/\/saiga.es\/fr\/produit\/killer-trap-piege-a-guepes\/#primaryimage","url":"https:\/\/saiga.es\/wp-content\/uploads\/2024\/02\/Killer-trampa-de-vespes.jpg","contentUrl":"https:\/\/saiga.es\/wp-content\/uploads\/2024\/02\/Killer-trampa-de-vespes.jpg","width":1080,"height":1080,"caption":"Trampa vespes"},{"@type":"BreadcrumbList","@id":"https:\/\/saiga.es\/fr\/produit\/killer-trap-piege-a-guepes\/#breadcrumb","itemListElement":[{"@type":"ListItem","position":1,"name":"Inici","item":"https:\/\/saiga.es\/fr\/"},{"@type":"ListItem","position":2,"name":"boutique","item":"https:\/\/saiga.es\/fr\/boutique\/"},{"@type":"ListItem","position":3,"name":"Killer trap pi\u00e8ge \u00e0 gu\u00eapes"}]},{"@type":"WebSite","@id":"https:\/\/saiga.es\/fr\/#website","url":"https:\/\/saiga.es\/fr\/","name":"SAIGA","description":"M\u00e9s de 50 anys al servei de la terra i treballant per a un \u00fas eficient de l\u2019aigua!","publisher":{"@id":"https:\/\/saiga.es\/fr\/#organization"},"potentialAction":[{"@type":"SearchAction","target":{"@type":"EntryPoint","urlTemplate":"https:\/\/saiga.es\/fr\/?s={search_term_string}"},"query-input":{"@type":"PropertyValueSpecification","valueRequired":true,"valueName":"search_term_string"}}],"inLanguage":"fr-FR"},{"@type":"Organization","@id":"https:\/\/saiga.es\/fr\/#organization","name":"SAIGA","url":"https:\/\/saiga.es\/fr\/","logo":{"@type":"ImageObject","inLanguage":"fr-FR","@id":"https:\/\/saiga.es\/fr\/#\/schema\/logo\/image\/","url":"https:\/\/saiga.es\/wp-content\/uploads\/2025\/07\/logo_saiga_baseline_optimitzat.svg","contentUrl":"https:\/\/saiga.es\/wp-content\/uploads\/2025\/07\/logo_saiga_baseline_optimitzat.svg","caption":"SAIGA"},"image":{"@id":"https:\/\/saiga.es\/fr\/#\/schema\/logo\/image\/"},"sameAs":["https:\/\/x.com\/saiga_agro","https:\/\/www.instagram.com\/saiga_agro\/"]}]}},"_links":{"self":[{"href":"https:\/\/saiga.es\/fr\/wp-json\/wp\/v2\/product\/7320","targetHints":{"allow":["GET"]}}],"collection":[{"href":"https:\/\/saiga.es\/fr\/wp-json\/wp\/v2\/product"}],"about":[{"href":"https:\/\/saiga.es\/fr\/wp-json\/wp\/v2\/types\/product"}],"replies":[{"embeddable":true,"href":"https:\/\/saiga.es\/fr\/wp-json\/wp\/v2\/comments?post=7320"}],"wp:featuredmedia":[{"embeddable":true,"href":"https:\/\/saiga.es\/fr\/wp-json\/wp\/v2\/media\/11931"}],"wp:attachment":[{"href":"https:\/\/saiga.es\/fr\/wp-json\/wp\/v2\/media?parent=7320"}],"wp:term":[{"taxonomy":"product_brand","embeddable":true,"href":"https:\/\/saiga.es\/fr\/wp-json\/wp\/v2\/product_brand?post=7320"},{"taxonomy":"product_cat","embeddable":true,"href":"https:\/\/saiga.es\/fr\/wp-json\/wp\/v2\/product_cat?post=7320"},{"taxonomy":"product_tag","embeddable":true,"href":"https:\/\/saiga.es\/fr\/wp-json\/wp\/v2\/product_tag?post=7320"}],"curies":[{"name":"wp","href":"https:\/\/api.w.org\/{rel}","templated":true}]}}