{"id":7330,"date":"2024-02-14T12:48:29","date_gmt":"2024-02-14T12:48:29","guid":{"rendered":"https:\/\/botiga.saiga.es\/producte\/colle-temobi-135-gr\/"},"modified":"2024-02-14T12:48:29","modified_gmt":"2024-02-14T12:48:29","slug":"colle-temobi-135-gr","status":"publish","type":"product","link":"https:\/\/saiga.es\/fr\/produit\/colle-temobi-135-gr\/","title":{"rendered":"Colle Temobi 135 gr"},"content":{"rendered":"<p>Colle Temobi 135 gr Impex. Temobi Cola Raticide 135g est un produit con\u00e7u pour contr\u00f4ler et \u00e9liminer efficacement les rats et souris nuisibles dans les maisons, entrep\u00f4ts, fermes et autres espaces. Sa formule sp\u00e9cialis\u00e9e garantit une action rapide et efficace, offrant aux utilisateurs tranquillit\u00e9 d&rsquo;esprit et s\u00e9curit\u00e9.<\/p>\n","protected":false},"excerpt":{"rendered":"<p>Colle Temobi 135 gr Impex. Temobi Cola Raticide 135g est un produit con\u00e7u pour contr\u00f4ler et \u00e9liminer efficacement les rats et souris nuisibles dans les maisons, entrep\u00f4ts, fermes et autres espaces. Sa formule sp\u00e9cialis\u00e9e garantit une action rapide et efficace, offrant aux utilisateurs tranquillit\u00e9 d&rsquo;esprit et s\u00e9curit\u00e9.<\/p>\n","protected":false},"featured_media":7328,"comment_status":"closed","ping_status":"closed","template":"","meta":[],"product_brand":[],"product_cat":[442],"product_tag":[750,766,761,767],"class_list":{"0":"post-7330","1":"product","2":"type-product","3":"status-publish","4":"has-post-thumbnail","6":"product_cat-non-classe","7":"product_tag-biocide","8":"product_tag-colle","9":"product_tag-rodenticide-fr","10":"product_tag-temobi-fr","12":"first","13":"instock","14":"taxable","15":"shipping-taxable","16":"purchasable","17":"product-type-simple"},"yoast_head":"<!-- This site is optimized with the Yoast SEO plugin v27.3 - https:\/\/yoast.com\/product\/yoast-seo-wordpress\/ -->\n<title>Colle Temobi 135 gr | SAIGA<\/title>\n<meta name=\"description\" content=\"Colle Temobi 135 gr Impex. Temobi Cola Raticida 135g est un produit con\u00e7u pour contr\u00f4ler et \u00e9liminer efficacement les rats et les souris nuisibles dans les maisons, les entrep\u00f4ts, les fermes et autres espaces. Sa formule sp\u00e9cialis\u00e9e garantit une action rapide et efficace, offrant aux utilisateurs tranquillit\u00e9 d&#039;esprit et s\u00e9curit\u00e9.\" \/>\n<meta name=\"robots\" content=\"index, follow, max-snippet:-1, max-image-preview:large, max-video-preview:-1\" \/>\n<link rel=\"canonical\" href=\"https:\/\/saiga.es\/fr\/produit\/colle-temobi-135-gr\/\" \/>\n<meta property=\"og:locale\" content=\"fr_FR\" \/>\n<meta property=\"og:type\" content=\"article\" \/>\n<meta property=\"og:title\" content=\"Colle Temobi 135 gr | SAIGA\" \/>\n<meta property=\"og:description\" content=\"Colle Temobi 135 gr Impex. Temobi Cola Raticida 135g est un produit con\u00e7u pour contr\u00f4ler et \u00e9liminer efficacement les rats et les souris nuisibles dans les maisons, les entrep\u00f4ts, les fermes et autres espaces. Sa formule sp\u00e9cialis\u00e9e garantit une action rapide et efficace, offrant aux utilisateurs tranquillit\u00e9 d&#039;esprit et s\u00e9curit\u00e9.\" \/>\n<meta property=\"og:url\" content=\"https:\/\/saiga.es\/fr\/produit\/colle-temobi-135-gr\/\" \/>\n<meta property=\"og:site_name\" content=\"SAIGA\" \/>\n<meta property=\"og:image\" content=\"https:\/\/saiga.es\/wp-content\/uploads\/2024\/02\/Temobi-Cola.jpg\" \/>\n\t<meta property=\"og:image:width\" content=\"1000\" \/>\n\t<meta property=\"og:image:height\" content=\"1000\" \/>\n\t<meta property=\"og:image:type\" content=\"image\/jpeg\" \/>\n<meta name=\"twitter:card\" content=\"summary_large_image\" \/>\n<meta name=\"twitter:site\" content=\"@saiga_agro\" \/>\n<script type=\"application\/ld+json\" class=\"yoast-schema-graph\">{\"@context\":\"https:\\\/\\\/schema.org\",\"@graph\":[{\"@type\":\"WebPage\",\"@id\":\"https:\\\/\\\/saiga.es\\\/fr\\\/produit\\\/colle-temobi-135-gr\\\/\",\"url\":\"https:\\\/\\\/saiga.es\\\/fr\\\/produit\\\/colle-temobi-135-gr\\\/\",\"name\":\"Colle Temobi 135 gr | SAIGA\",\"isPartOf\":{\"@id\":\"https:\\\/\\\/saiga.es\\\/fr\\\/#website\"},\"primaryImageOfPage\":{\"@id\":\"https:\\\/\\\/saiga.es\\\/fr\\\/produit\\\/colle-temobi-135-gr\\\/#primaryimage\"},\"image\":{\"@id\":\"https:\\\/\\\/saiga.es\\\/fr\\\/produit\\\/colle-temobi-135-gr\\\/#primaryimage\"},\"thumbnailUrl\":\"https:\\\/\\\/saiga.es\\\/wp-content\\\/uploads\\\/2024\\\/02\\\/Temobi-Cola.jpg\",\"datePublished\":\"2024-02-14T12:48:29+00:00\",\"description\":\"Colle Temobi 135 gr Impex. Temobi Cola Raticida 135g est un produit con\u00e7u pour contr\u00f4ler et \u00e9liminer efficacement les rats et les souris nuisibles dans les maisons, les entrep\u00f4ts, les fermes et autres espaces. Sa formule sp\u00e9cialis\u00e9e garantit une action rapide et efficace, offrant aux utilisateurs tranquillit\u00e9 d'esprit et s\u00e9curit\u00e9.\",\"breadcrumb\":{\"@id\":\"https:\\\/\\\/saiga.es\\\/fr\\\/produit\\\/colle-temobi-135-gr\\\/#breadcrumb\"},\"inLanguage\":\"fr-FR\",\"potentialAction\":[{\"@type\":\"ReadAction\",\"target\":[\"https:\\\/\\\/saiga.es\\\/fr\\\/produit\\\/colle-temobi-135-gr\\\/\"]}]},{\"@type\":\"ImageObject\",\"inLanguage\":\"fr-FR\",\"@id\":\"https:\\\/\\\/saiga.es\\\/fr\\\/produit\\\/colle-temobi-135-gr\\\/#primaryimage\",\"url\":\"https:\\\/\\\/saiga.es\\\/wp-content\\\/uploads\\\/2024\\\/02\\\/Temobi-Cola.jpg\",\"contentUrl\":\"https:\\\/\\\/saiga.es\\\/wp-content\\\/uploads\\\/2024\\\/02\\\/Temobi-Cola.jpg\",\"width\":1000,\"height\":1000,\"caption\":\"Raticide temobi\"},{\"@type\":\"BreadcrumbList\",\"@id\":\"https:\\\/\\\/saiga.es\\\/fr\\\/produit\\\/colle-temobi-135-gr\\\/#breadcrumb\",\"itemListElement\":[{\"@type\":\"ListItem\",\"position\":1,\"name\":\"Inici\",\"item\":\"https:\\\/\\\/saiga.es\\\/fr\\\/\"},{\"@type\":\"ListItem\",\"position\":2,\"name\":\"boutique\",\"item\":\"https:\\\/\\\/saiga.es\\\/fr\\\/boutique\\\/\"},{\"@type\":\"ListItem\",\"position\":3,\"name\":\"Colle Temobi 135 gr\"}]},{\"@type\":\"WebSite\",\"@id\":\"https:\\\/\\\/saiga.es\\\/fr\\\/#website\",\"url\":\"https:\\\/\\\/saiga.es\\\/fr\\\/\",\"name\":\"SAIGA\",\"description\":\"M\u00e9s de 50 anys al servei de la terra i treballant per a un \u00fas eficient de l\u2019aigua!\",\"publisher\":{\"@id\":\"https:\\\/\\\/saiga.es\\\/fr\\\/#organization\"},\"potentialAction\":[{\"@type\":\"SearchAction\",\"target\":{\"@type\":\"EntryPoint\",\"urlTemplate\":\"https:\\\/\\\/saiga.es\\\/fr\\\/?s={search_term_string}\"},\"query-input\":{\"@type\":\"PropertyValueSpecification\",\"valueRequired\":true,\"valueName\":\"search_term_string\"}}],\"inLanguage\":\"fr-FR\"},{\"@type\":\"Organization\",\"@id\":\"https:\\\/\\\/saiga.es\\\/fr\\\/#organization\",\"name\":\"SAIGA\",\"url\":\"https:\\\/\\\/saiga.es\\\/fr\\\/\",\"logo\":{\"@type\":\"ImageObject\",\"inLanguage\":\"fr-FR\",\"@id\":\"https:\\\/\\\/saiga.es\\\/fr\\\/#\\\/schema\\\/logo\\\/image\\\/\",\"url\":\"https:\\\/\\\/saiga.es\\\/wp-content\\\/uploads\\\/2025\\\/07\\\/logo_saiga_baseline_optimitzat.svg\",\"contentUrl\":\"https:\\\/\\\/saiga.es\\\/wp-content\\\/uploads\\\/2025\\\/07\\\/logo_saiga_baseline_optimitzat.svg\",\"caption\":\"SAIGA\"},\"image\":{\"@id\":\"https:\\\/\\\/saiga.es\\\/fr\\\/#\\\/schema\\\/logo\\\/image\\\/\"},\"sameAs\":[\"https:\\\/\\\/x.com\\\/saiga_agro\",\"https:\\\/\\\/www.instagram.com\\\/saiga_agro\\\/\"]}]}<\/script>\n<!-- \/ Yoast SEO plugin. -->","yoast_head_json":{"title":"Colle Temobi 135 gr | SAIGA","description":"Colle Temobi 135 gr Impex. Temobi Cola Raticida 135g est un produit con\u00e7u pour contr\u00f4ler et \u00e9liminer efficacement les rats et les souris nuisibles dans les maisons, les entrep\u00f4ts, les fermes et autres espaces. Sa formule sp\u00e9cialis\u00e9e garantit une action rapide et efficace, offrant aux utilisateurs tranquillit\u00e9 d'esprit et s\u00e9curit\u00e9.","robots":{"index":"index","follow":"follow","max-snippet":"max-snippet:-1","max-image-preview":"max-image-preview:large","max-video-preview":"max-video-preview:-1"},"canonical":"https:\/\/saiga.es\/fr\/produit\/colle-temobi-135-gr\/","og_locale":"fr_FR","og_type":"article","og_title":"Colle Temobi 135 gr | SAIGA","og_description":"Colle Temobi 135 gr Impex. Temobi Cola Raticida 135g est un produit con\u00e7u pour contr\u00f4ler et \u00e9liminer efficacement les rats et les souris nuisibles dans les maisons, les entrep\u00f4ts, les fermes et autres espaces. Sa formule sp\u00e9cialis\u00e9e garantit une action rapide et efficace, offrant aux utilisateurs tranquillit\u00e9 d'esprit et s\u00e9curit\u00e9.","og_url":"https:\/\/saiga.es\/fr\/produit\/colle-temobi-135-gr\/","og_site_name":"SAIGA","og_image":[{"width":1000,"height":1000,"url":"https:\/\/saiga.es\/wp-content\/uploads\/2024\/02\/Temobi-Cola.jpg","type":"image\/jpeg"}],"twitter_card":"summary_large_image","twitter_site":"@saiga_agro","schema":{"@context":"https:\/\/schema.org","@graph":[{"@type":"WebPage","@id":"https:\/\/saiga.es\/fr\/produit\/colle-temobi-135-gr\/","url":"https:\/\/saiga.es\/fr\/produit\/colle-temobi-135-gr\/","name":"Colle Temobi 135 gr | SAIGA","isPartOf":{"@id":"https:\/\/saiga.es\/fr\/#website"},"primaryImageOfPage":{"@id":"https:\/\/saiga.es\/fr\/produit\/colle-temobi-135-gr\/#primaryimage"},"image":{"@id":"https:\/\/saiga.es\/fr\/produit\/colle-temobi-135-gr\/#primaryimage"},"thumbnailUrl":"https:\/\/saiga.es\/wp-content\/uploads\/2024\/02\/Temobi-Cola.jpg","datePublished":"2024-02-14T12:48:29+00:00","description":"Colle Temobi 135 gr Impex. Temobi Cola Raticida 135g est un produit con\u00e7u pour contr\u00f4ler et \u00e9liminer efficacement les rats et les souris nuisibles dans les maisons, les entrep\u00f4ts, les fermes et autres espaces. Sa formule sp\u00e9cialis\u00e9e garantit une action rapide et efficace, offrant aux utilisateurs tranquillit\u00e9 d'esprit et s\u00e9curit\u00e9.","breadcrumb":{"@id":"https:\/\/saiga.es\/fr\/produit\/colle-temobi-135-gr\/#breadcrumb"},"inLanguage":"fr-FR","potentialAction":[{"@type":"ReadAction","target":["https:\/\/saiga.es\/fr\/produit\/colle-temobi-135-gr\/"]}]},{"@type":"ImageObject","inLanguage":"fr-FR","@id":"https:\/\/saiga.es\/fr\/produit\/colle-temobi-135-gr\/#primaryimage","url":"https:\/\/saiga.es\/wp-content\/uploads\/2024\/02\/Temobi-Cola.jpg","contentUrl":"https:\/\/saiga.es\/wp-content\/uploads\/2024\/02\/Temobi-Cola.jpg","width":1000,"height":1000,"caption":"Raticide temobi"},{"@type":"BreadcrumbList","@id":"https:\/\/saiga.es\/fr\/produit\/colle-temobi-135-gr\/#breadcrumb","itemListElement":[{"@type":"ListItem","position":1,"name":"Inici","item":"https:\/\/saiga.es\/fr\/"},{"@type":"ListItem","position":2,"name":"boutique","item":"https:\/\/saiga.es\/fr\/boutique\/"},{"@type":"ListItem","position":3,"name":"Colle Temobi 135 gr"}]},{"@type":"WebSite","@id":"https:\/\/saiga.es\/fr\/#website","url":"https:\/\/saiga.es\/fr\/","name":"SAIGA","description":"M\u00e9s de 50 anys al servei de la terra i treballant per a un \u00fas eficient de l\u2019aigua!","publisher":{"@id":"https:\/\/saiga.es\/fr\/#organization"},"potentialAction":[{"@type":"SearchAction","target":{"@type":"EntryPoint","urlTemplate":"https:\/\/saiga.es\/fr\/?s={search_term_string}"},"query-input":{"@type":"PropertyValueSpecification","valueRequired":true,"valueName":"search_term_string"}}],"inLanguage":"fr-FR"},{"@type":"Organization","@id":"https:\/\/saiga.es\/fr\/#organization","name":"SAIGA","url":"https:\/\/saiga.es\/fr\/","logo":{"@type":"ImageObject","inLanguage":"fr-FR","@id":"https:\/\/saiga.es\/fr\/#\/schema\/logo\/image\/","url":"https:\/\/saiga.es\/wp-content\/uploads\/2025\/07\/logo_saiga_baseline_optimitzat.svg","contentUrl":"https:\/\/saiga.es\/wp-content\/uploads\/2025\/07\/logo_saiga_baseline_optimitzat.svg","caption":"SAIGA"},"image":{"@id":"https:\/\/saiga.es\/fr\/#\/schema\/logo\/image\/"},"sameAs":["https:\/\/x.com\/saiga_agro","https:\/\/www.instagram.com\/saiga_agro\/"]}]}},"_links":{"self":[{"href":"https:\/\/saiga.es\/fr\/wp-json\/wp\/v2\/product\/7330","targetHints":{"allow":["GET"]}}],"collection":[{"href":"https:\/\/saiga.es\/fr\/wp-json\/wp\/v2\/product"}],"about":[{"href":"https:\/\/saiga.es\/fr\/wp-json\/wp\/v2\/types\/product"}],"replies":[{"embeddable":true,"href":"https:\/\/saiga.es\/fr\/wp-json\/wp\/v2\/comments?post=7330"}],"wp:featuredmedia":[{"embeddable":true,"href":"https:\/\/saiga.es\/fr\/wp-json\/wp\/v2\/media\/7328"}],"wp:attachment":[{"href":"https:\/\/saiga.es\/fr\/wp-json\/wp\/v2\/media?parent=7330"}],"wp:term":[{"taxonomy":"product_brand","embeddable":true,"href":"https:\/\/saiga.es\/fr\/wp-json\/wp\/v2\/product_brand?post=7330"},{"taxonomy":"product_cat","embeddable":true,"href":"https:\/\/saiga.es\/fr\/wp-json\/wp\/v2\/product_cat?post=7330"},{"taxonomy":"product_tag","embeddable":true,"href":"https:\/\/saiga.es\/fr\/wp-json\/wp\/v2\/product_tag?post=7330"}],"curies":[{"name":"wp","href":"https:\/\/api.w.org\/{rel}","templated":true}]}}