{"id":7341,"date":"2023-08-25T08:03:55","date_gmt":"2023-08-25T08:03:55","guid":{"rendered":"https:\/\/botiga.saiga.es\/producte\/fosetil-al-80-wp-500-gr\/"},"modified":"2026-03-18T12:44:18","modified_gmt":"2026-03-18T12:44:18","slug":"fosetil-al-80-wp-500-gr","status":"publish","type":"product","link":"https:\/\/saiga.es\/fr\/produit\/fosetil-al-80-wp-500-gr\/","title":{"rendered":"Fongicide syst\u00e9mique Leicitor Fosetil-Al contre le mildiou | Protection des arbres fruitiers, des vignes et des vergers"},"content":{"rendered":"<p data-start=\"350\" data-end=\"505\">Leicitor Fosetil-Al est un fongicide syst\u00e9mique qui pr\u00e9vient et combat le mildiou sur les arbres fruitiers, les vignes, les vergers et les plantes ornementales. Il agit de l&rsquo;int\u00e9rieur, prot\u00e9geant durablement la plante et renfor\u00e7ant ses d\u00e9fenses naturelles. Il est id\u00e9al pour un usage professionnel et domestique, notamment en p\u00e9riode d&rsquo;humidit\u00e9 \u00e9lev\u00e9e.  <\/p>\n<p data-start=\"720\" data-end=\"806\">En cas de probl\u00e8mes fongiques, il s&rsquo;agit de l&rsquo;un des traitements les plus fiables et les plus utilis\u00e9s.<\/p>\n<p data-start=\"720\" data-end=\"806\">Avantages:<\/p>\n<ul>\n<li data-section-id=\"1th87f\" data-start=\"849\" data-end=\"893\">\n<p data-start=\"851\" data-end=\"893\">Action syst\u00e9mique (prot\u00e8ge la plante enti\u00e8re)<\/p>\n<\/li>\n<li data-section-id=\"1iy5b8q\" data-start=\"894\" data-end=\"926\">\n<p data-start=\"896\" data-end=\"926\">Haute efficacit\u00e9 contre la moisissure<\/p>\n<\/li>\n<li data-section-id=\"s4yhpd\" data-start=\"927\" data-end=\"951\">\n<p data-start=\"929\" data-end=\"951\">Pr\u00e9vention et traitement<\/p>\n<\/li>\n<li data-section-id=\"zuvfk5\" data-start=\"952\" data-end=\"985\">\n<p data-start=\"954\" data-end=\"985\">R\u00e9sultats visibles en quelques jours<\/p>\n<\/li>\n<li data-section-id=\"102sby7\" data-start=\"986\" data-end=\"1020\">\n<p data-start=\"988\" data-end=\"1020\">Id\u00e9al pour les arbres fruitiers, les vignobles et les vergers<\/p>\n<\/li>\n<\/ul>\n<p data-start=\"1104\" data-end=\"1123\"><strong data-start=\"1104\" data-end=\"1123\">Quand l\u2019appliquer<\/strong><\/p>\n<ul data-start=\"1124\" data-end=\"1198\">\n<li data-section-id=\"a0k0r8\" data-start=\"1124\" data-end=\"1161\">\n<p data-start=\"1126\" data-end=\"1161\">Tous les 10 \u00e0 15 jours pendant les p\u00e9riodes \u00e0 risque<\/p>\n<\/li>\n<li data-section-id=\"1k2unr9\" data-start=\"1162\" data-end=\"1198\">\n<p data-start=\"1164\" data-end=\"1198\">Surtout au printemps et en automne<\/p>\n<\/li>\n<\/ul>\n<p data-start=\"1200\" data-end=\"1225\"><strong data-start=\"1200\" data-end=\"1225\">Dur\u00e9e du traitement<\/strong><\/p>\n<ul data-start=\"1226\" data-end=\"1262\">\n<li data-section-id=\"514yo9\" data-start=\"1226\" data-end=\"1262\">\n<p data-start=\"1228\" data-end=\"1262\">Environ 10 \u00e0 14 jours de protection<\/p>\n<\/li>\n<\/ul>\n<p><strong>applications<\/strong><\/p>\n<ul>\n<li data-section-id=\"1jmgba9\" data-start=\"1343\" data-end=\"1386\">\n<p data-start=\"1345\" data-end=\"1386\">Arbres fruitiers (agrumes, pommiers, p\u00eachers, etc.)<\/p>\n<\/li>\n<li data-section-id=\"17c1mu9\" data-start=\"1387\" data-end=\"1394\">\n<p data-start=\"1389\" data-end=\"1394\">vin<\/p>\n<\/li>\n<li data-section-id=\"16oitfs\" data-start=\"1395\" data-end=\"1402\">\n<p data-start=\"1397\" data-end=\"1402\">potager<\/p>\n<\/li>\n<li data-section-id=\"ndgxaf\" data-start=\"1403\" data-end=\"1424\">\n<p data-start=\"1405\" data-end=\"1424\">Plantes ornementales<\/p>\n<\/li>\n<\/ul>\n<p><strong>FAQ<\/strong><\/p>\n<p data-start=\"1468\" data-end=\"1554\"><strong data-start=\"1468\" data-end=\"1493\">Qu&rsquo;est-ce que le Fosetyl-Al ?<\/strong><br data-start=\"1493\" data-end=\"1496\">Il s&rsquo;agit d&rsquo;un fongicide syst\u00e9mique utilis\u00e9 pour lutter contre le mildiou.<\/p>\n<p data-start=\"1556\" data-end=\"1638\"><strong data-start=\"1556\" data-end=\"1586\">\u00c0 quelle fr\u00e9quence faut-il l&rsquo;appliquer ?<\/strong><br data-start=\"1586\" data-end=\"1589\">Cada 10\u201315 dies en condicions favorables al fong.<\/p>\n<p data-start=\"1640\" data-end=\"1728\"><strong data-start=\"1640\" data-end=\"1665\">Est-ce que cela sert aux arbres fruitiers ?<\/strong><br data-start=\"1665\" data-end=\"1668\">Oui, il est particuli\u00e8rement recommand\u00e9 pour les agrumes et autres arbres fruitiers.<\/p>\n<p data-start=\"1730\" data-end=\"1821\"><strong data-start=\"1730\" data-end=\"1771\">Peut-on l&rsquo;utiliser \u00e0 titre pr\u00e9ventif ?<\/strong><br data-start=\"1771\" data-end=\"1774\">Oui, c&rsquo;est un traitement pr\u00e9ventif tr\u00e8s efficace.<\/p>\n","protected":false},"excerpt":{"rendered":"<p>Leicitor Fosetil-Al est un fongicide syst\u00e9mique contre le mildiou con\u00e7u pour lutter contre le mildiou des arbres fruitiers, des vignes, des vergers et des plantes ornementales.<\/p>\n","protected":false},"featured_media":9833,"comment_status":"closed","ping_status":"closed","template":"","meta":[],"product_brand":[],"product_cat":[444],"product_tag":[773,772,775,774,1385],"class_list":{"0":"post-7341","1":"product","2":"type-product","3":"status-publish","4":"has-post-thumbnail","6":"product_cat-fongicides","7":"product_tag-jed-fr","8":"product_tag-fongicide","9":"product_tag-fosetil-fr","10":"product_tag-jardinage-domestique","11":"product_tag-sipcam-fr","13":"first","14":"instock","15":"taxable","16":"shipping-taxable","17":"purchasable","18":"product-type-variable"},"yoast_head":"<!-- This site is optimized with the Yoast SEO plugin v27.3 - https:\/\/yoast.com\/product\/yoast-seo-wordpress\/ -->\n<title>Leicitor Fosetil-Al fungicida contra m\u00edldiu<\/title>\n<meta name=\"description\" content=\"Achetez Leicitor Fosetil-Al, fongicide syst\u00e9mique contre le mildiou des arbres fruitiers, vignes et vergers. Protection efficace et livraison rapide.\" \/>\n<meta name=\"robots\" content=\"index, follow, max-snippet:-1, max-image-preview:large, max-video-preview:-1\" \/>\n<link rel=\"canonical\" href=\"https:\/\/saiga.es\/fr\/produit\/fosetil-al-80-wp-500-gr\/\" \/>\n<meta property=\"og:locale\" content=\"fr_FR\" \/>\n<meta property=\"og:type\" content=\"article\" \/>\n<meta property=\"og:title\" content=\"Leicitor Fosetil-Al fungicida contra m\u00edldiu\" \/>\n<meta property=\"og:description\" content=\"Achetez Leicitor Fosetil-Al, fongicide syst\u00e9mique contre le mildiou des arbres fruitiers, vignes et vergers. Protection efficace et livraison rapide.\" \/>\n<meta property=\"og:url\" content=\"https:\/\/saiga.es\/fr\/produit\/fosetil-al-80-wp-500-gr\/\" \/>\n<meta property=\"og:site_name\" content=\"SAIGA\" \/>\n<meta property=\"article:modified_time\" content=\"2026-03-18T12:44:18+00:00\" \/>\n<meta property=\"og:image\" content=\"https:\/\/saiga.es\/wp-content\/uploads\/2023\/08\/Lecitor-Fosetil.jpg\" \/>\n\t<meta property=\"og:image:width\" content=\"800\" \/>\n\t<meta property=\"og:image:height\" content=\"800\" \/>\n\t<meta property=\"og:image:type\" content=\"image\/jpeg\" \/>\n<meta name=\"twitter:card\" content=\"summary_large_image\" \/>\n<meta name=\"twitter:site\" content=\"@saiga_agro\" \/>\n<meta name=\"twitter:label1\" content=\"Dur\u00e9e de lecture estim\u00e9e\" \/>\n\t<meta name=\"twitter:data1\" content=\"1 minute\" \/>\n<script type=\"application\/ld+json\" class=\"yoast-schema-graph\">{\"@context\":\"https:\\\/\\\/schema.org\",\"@graph\":[{\"@type\":\"WebPage\",\"@id\":\"https:\\\/\\\/saiga.es\\\/fr\\\/produit\\\/fosetil-al-80-wp-500-gr\\\/\",\"url\":\"https:\\\/\\\/saiga.es\\\/fr\\\/produit\\\/fosetil-al-80-wp-500-gr\\\/\",\"name\":\"Leicitor Fosetil-Al fungicida contra m\u00edldiu\",\"isPartOf\":{\"@id\":\"https:\\\/\\\/saiga.es\\\/fr\\\/#website\"},\"primaryImageOfPage\":{\"@id\":\"https:\\\/\\\/saiga.es\\\/fr\\\/produit\\\/fosetil-al-80-wp-500-gr\\\/#primaryimage\"},\"image\":{\"@id\":\"https:\\\/\\\/saiga.es\\\/fr\\\/produit\\\/fosetil-al-80-wp-500-gr\\\/#primaryimage\"},\"thumbnailUrl\":\"https:\\\/\\\/saiga.es\\\/wp-content\\\/uploads\\\/2023\\\/08\\\/Lecitor-Fosetil.jpg\",\"datePublished\":\"2023-08-25T08:03:55+00:00\",\"dateModified\":\"2026-03-18T12:44:18+00:00\",\"description\":\"Achetez Leicitor Fosetil-Al, fongicide syst\u00e9mique contre le mildiou des arbres fruitiers, vignes et vergers. Protection efficace et livraison rapide.\",\"breadcrumb\":{\"@id\":\"https:\\\/\\\/saiga.es\\\/fr\\\/produit\\\/fosetil-al-80-wp-500-gr\\\/#breadcrumb\"},\"inLanguage\":\"fr-FR\",\"potentialAction\":[{\"@type\":\"ReadAction\",\"target\":[\"https:\\\/\\\/saiga.es\\\/fr\\\/produit\\\/fosetil-al-80-wp-500-gr\\\/\"]}]},{\"@type\":\"ImageObject\",\"inLanguage\":\"fr-FR\",\"@id\":\"https:\\\/\\\/saiga.es\\\/fr\\\/produit\\\/fosetil-al-80-wp-500-gr\\\/#primaryimage\",\"url\":\"https:\\\/\\\/saiga.es\\\/wp-content\\\/uploads\\\/2023\\\/08\\\/Lecitor-Fosetil.jpg\",\"contentUrl\":\"https:\\\/\\\/saiga.es\\\/wp-content\\\/uploads\\\/2023\\\/08\\\/Lecitor-Fosetil.jpg\",\"width\":800,\"height\":800,\"caption\":\"Fosetil-Al fungicida contra m\u00edldiu | Compra online\"},{\"@type\":\"BreadcrumbList\",\"@id\":\"https:\\\/\\\/saiga.es\\\/fr\\\/produit\\\/fosetil-al-80-wp-500-gr\\\/#breadcrumb\",\"itemListElement\":[{\"@type\":\"ListItem\",\"position\":1,\"name\":\"Inici\",\"item\":\"https:\\\/\\\/saiga.es\\\/fr\\\/\"},{\"@type\":\"ListItem\",\"position\":2,\"name\":\"boutique\",\"item\":\"https:\\\/\\\/saiga.es\\\/fr\\\/boutique\\\/\"},{\"@type\":\"ListItem\",\"position\":3,\"name\":\"Fongicide syst\u00e9mique Leicitor Fosetil-Al contre le mildiou | Protection des arbres fruitiers, des vignes et des vergers\"}]},{\"@type\":\"WebSite\",\"@id\":\"https:\\\/\\\/saiga.es\\\/fr\\\/#website\",\"url\":\"https:\\\/\\\/saiga.es\\\/fr\\\/\",\"name\":\"SAIGA\",\"description\":\"M\u00e9s de 50 anys al servei de la terra i treballant per a un \u00fas eficient de l\u2019aigua!\",\"publisher\":{\"@id\":\"https:\\\/\\\/saiga.es\\\/fr\\\/#organization\"},\"potentialAction\":[{\"@type\":\"SearchAction\",\"target\":{\"@type\":\"EntryPoint\",\"urlTemplate\":\"https:\\\/\\\/saiga.es\\\/fr\\\/?s={search_term_string}\"},\"query-input\":{\"@type\":\"PropertyValueSpecification\",\"valueRequired\":true,\"valueName\":\"search_term_string\"}}],\"inLanguage\":\"fr-FR\"},{\"@type\":\"Organization\",\"@id\":\"https:\\\/\\\/saiga.es\\\/fr\\\/#organization\",\"name\":\"SAIGA\",\"url\":\"https:\\\/\\\/saiga.es\\\/fr\\\/\",\"logo\":{\"@type\":\"ImageObject\",\"inLanguage\":\"fr-FR\",\"@id\":\"https:\\\/\\\/saiga.es\\\/fr\\\/#\\\/schema\\\/logo\\\/image\\\/\",\"url\":\"https:\\\/\\\/saiga.es\\\/wp-content\\\/uploads\\\/2025\\\/07\\\/logo_saiga_baseline_optimitzat.svg\",\"contentUrl\":\"https:\\\/\\\/saiga.es\\\/wp-content\\\/uploads\\\/2025\\\/07\\\/logo_saiga_baseline_optimitzat.svg\",\"caption\":\"SAIGA\"},\"image\":{\"@id\":\"https:\\\/\\\/saiga.es\\\/fr\\\/#\\\/schema\\\/logo\\\/image\\\/\"},\"sameAs\":[\"https:\\\/\\\/x.com\\\/saiga_agro\",\"https:\\\/\\\/www.instagram.com\\\/saiga_agro\\\/\"]}]}<\/script>\n<!-- \/ Yoast SEO plugin. -->","yoast_head_json":{"title":"Leicitor Fosetil-Al fungicida contra m\u00edldiu","description":"Achetez Leicitor Fosetil-Al, fongicide syst\u00e9mique contre le mildiou des arbres fruitiers, vignes et vergers. Protection efficace et livraison rapide.","robots":{"index":"index","follow":"follow","max-snippet":"max-snippet:-1","max-image-preview":"max-image-preview:large","max-video-preview":"max-video-preview:-1"},"canonical":"https:\/\/saiga.es\/fr\/produit\/fosetil-al-80-wp-500-gr\/","og_locale":"fr_FR","og_type":"article","og_title":"Leicitor Fosetil-Al fungicida contra m\u00edldiu","og_description":"Achetez Leicitor Fosetil-Al, fongicide syst\u00e9mique contre le mildiou des arbres fruitiers, vignes et vergers. Protection efficace et livraison rapide.","og_url":"https:\/\/saiga.es\/fr\/produit\/fosetil-al-80-wp-500-gr\/","og_site_name":"SAIGA","article_modified_time":"2026-03-18T12:44:18+00:00","og_image":[{"width":800,"height":800,"url":"https:\/\/saiga.es\/wp-content\/uploads\/2023\/08\/Lecitor-Fosetil.jpg","type":"image\/jpeg"}],"twitter_card":"summary_large_image","twitter_site":"@saiga_agro","twitter_misc":{"Dur\u00e9e de lecture estim\u00e9e":"1 minute"},"schema":{"@context":"https:\/\/schema.org","@graph":[{"@type":"WebPage","@id":"https:\/\/saiga.es\/fr\/produit\/fosetil-al-80-wp-500-gr\/","url":"https:\/\/saiga.es\/fr\/produit\/fosetil-al-80-wp-500-gr\/","name":"Leicitor Fosetil-Al fungicida contra m\u00edldiu","isPartOf":{"@id":"https:\/\/saiga.es\/fr\/#website"},"primaryImageOfPage":{"@id":"https:\/\/saiga.es\/fr\/produit\/fosetil-al-80-wp-500-gr\/#primaryimage"},"image":{"@id":"https:\/\/saiga.es\/fr\/produit\/fosetil-al-80-wp-500-gr\/#primaryimage"},"thumbnailUrl":"https:\/\/saiga.es\/wp-content\/uploads\/2023\/08\/Lecitor-Fosetil.jpg","datePublished":"2023-08-25T08:03:55+00:00","dateModified":"2026-03-18T12:44:18+00:00","description":"Achetez Leicitor Fosetil-Al, fongicide syst\u00e9mique contre le mildiou des arbres fruitiers, vignes et vergers. Protection efficace et livraison rapide.","breadcrumb":{"@id":"https:\/\/saiga.es\/fr\/produit\/fosetil-al-80-wp-500-gr\/#breadcrumb"},"inLanguage":"fr-FR","potentialAction":[{"@type":"ReadAction","target":["https:\/\/saiga.es\/fr\/produit\/fosetil-al-80-wp-500-gr\/"]}]},{"@type":"ImageObject","inLanguage":"fr-FR","@id":"https:\/\/saiga.es\/fr\/produit\/fosetil-al-80-wp-500-gr\/#primaryimage","url":"https:\/\/saiga.es\/wp-content\/uploads\/2023\/08\/Lecitor-Fosetil.jpg","contentUrl":"https:\/\/saiga.es\/wp-content\/uploads\/2023\/08\/Lecitor-Fosetil.jpg","width":800,"height":800,"caption":"Fosetil-Al fungicida contra m\u00edldiu | Compra online"},{"@type":"BreadcrumbList","@id":"https:\/\/saiga.es\/fr\/produit\/fosetil-al-80-wp-500-gr\/#breadcrumb","itemListElement":[{"@type":"ListItem","position":1,"name":"Inici","item":"https:\/\/saiga.es\/fr\/"},{"@type":"ListItem","position":2,"name":"boutique","item":"https:\/\/saiga.es\/fr\/boutique\/"},{"@type":"ListItem","position":3,"name":"Fongicide syst\u00e9mique Leicitor Fosetil-Al contre le mildiou | Protection des arbres fruitiers, des vignes et des vergers"}]},{"@type":"WebSite","@id":"https:\/\/saiga.es\/fr\/#website","url":"https:\/\/saiga.es\/fr\/","name":"SAIGA","description":"M\u00e9s de 50 anys al servei de la terra i treballant per a un \u00fas eficient de l\u2019aigua!","publisher":{"@id":"https:\/\/saiga.es\/fr\/#organization"},"potentialAction":[{"@type":"SearchAction","target":{"@type":"EntryPoint","urlTemplate":"https:\/\/saiga.es\/fr\/?s={search_term_string}"},"query-input":{"@type":"PropertyValueSpecification","valueRequired":true,"valueName":"search_term_string"}}],"inLanguage":"fr-FR"},{"@type":"Organization","@id":"https:\/\/saiga.es\/fr\/#organization","name":"SAIGA","url":"https:\/\/saiga.es\/fr\/","logo":{"@type":"ImageObject","inLanguage":"fr-FR","@id":"https:\/\/saiga.es\/fr\/#\/schema\/logo\/image\/","url":"https:\/\/saiga.es\/wp-content\/uploads\/2025\/07\/logo_saiga_baseline_optimitzat.svg","contentUrl":"https:\/\/saiga.es\/wp-content\/uploads\/2025\/07\/logo_saiga_baseline_optimitzat.svg","caption":"SAIGA"},"image":{"@id":"https:\/\/saiga.es\/fr\/#\/schema\/logo\/image\/"},"sameAs":["https:\/\/x.com\/saiga_agro","https:\/\/www.instagram.com\/saiga_agro\/"]}]}},"_links":{"self":[{"href":"https:\/\/saiga.es\/fr\/wp-json\/wp\/v2\/product\/7341","targetHints":{"allow":["GET"]}}],"collection":[{"href":"https:\/\/saiga.es\/fr\/wp-json\/wp\/v2\/product"}],"about":[{"href":"https:\/\/saiga.es\/fr\/wp-json\/wp\/v2\/types\/product"}],"replies":[{"embeddable":true,"href":"https:\/\/saiga.es\/fr\/wp-json\/wp\/v2\/comments?post=7341"}],"wp:featuredmedia":[{"embeddable":true,"href":"https:\/\/saiga.es\/fr\/wp-json\/wp\/v2\/media\/9833"}],"wp:attachment":[{"href":"https:\/\/saiga.es\/fr\/wp-json\/wp\/v2\/media?parent=7341"}],"wp:term":[{"taxonomy":"product_brand","embeddable":true,"href":"https:\/\/saiga.es\/fr\/wp-json\/wp\/v2\/product_brand?post=7341"},{"taxonomy":"product_cat","embeddable":true,"href":"https:\/\/saiga.es\/fr\/wp-json\/wp\/v2\/product_cat?post=7341"},{"taxonomy":"product_tag","embeddable":true,"href":"https:\/\/saiga.es\/fr\/wp-json\/wp\/v2\/product_tag?post=7341"}],"curies":[{"name":"wp","href":"https:\/\/api.w.org\/{rel}","templated":true}]}}